{"id":989,"date":"2023-01-12T11:30:19","date_gmt":"2023-01-12T11:30:19","guid":{"rendered":"https:\/\/livinghome.vn\/thiet-bi\/?post_type=product&#038;p=989"},"modified":"2024-11-29T14:20:49","modified_gmt":"2024-11-29T07:20:49","slug":"may-hut-mui-kaff-kf-703b-am-tu-thiet-ke-mau-den-co-led-hien-dai-cao-cap","status":"publish","type":"product","link":"https:\/\/livinghome.vn\/thiet-bi\/may-hut-mui-kaff-kf-703b-am-tu-thiet-ke-mau-den-co-led-hien-dai-cao-cap\/","title":{"rendered":"M\u00e1y h\u00fat m\u00f9i Kaff KF-703B \u00e2m t\u1ee7 thi\u1ebft k\u1ebf m\u00e0u \u0111en c\u00f3 led hi\u1ec7n \u0111\u1ea1i cao c\u1ea5p"},"content":{"rendered":"<h2>M\u00e1y h\u00fat m\u00f9i Kaff KF-703B c\u1ed5 \u0111i\u1ec3n c\u00f3 th\u00e2n b\u1eb1ng s\u01a1n t\u0129nh \u0111i\u1ec7n ph\u1ed1i inox c\u1ef1c b\u1ec1n<\/h2>\n<figure id=\"attachment_52897\" aria-describedby=\"caption-attachment-52897\" style=\"width: 800px\" class=\"wp-caption alignnone\"><img loading=\"lazy\" decoding=\"async\" class=\"size-large wp-image-52897\" src=\"https:\/\/livinghome.vn\/thiet-bi\/wp-content\/uploads\/nha-bep\/kaff\/may-hut-mui\/may-hut-mui-am-tu\/may-hut-mui-am-tu-kaff-kf-703b\/may-hut-mui-am-tu-kaff-kf-703b-800x800.jpg\" alt=\"M\u00e1y h\u00fat m\u00f9i Kaff KF-703B\" width=\"800\" height=\"800\" title=\"\"><figcaption id=\"caption-attachment-52897\" class=\"wp-caption-text\">M\u00e1y h\u00fat m\u00f9i Kaff KF-703B<\/figcaption><\/figure>\n<h3><a href=\"https:\/\/livinghome.vn\/thiet-bi\/may-hut-mui\/\">M\u00e1y h\u00fat m\u00f9i c\u1ed5 \u0111i\u1ec3n<\/a> KF-703B<\/h3>\n<ul>\n<li>Th\u00e2n m\u00e1y b\u1eb1ng s\u01a1n t\u0129nh \u0111i\u1ec7n m\u00e0u \u0111en ph\u1ed1i inox<\/li>\n<li>H\u1ec7 th\u1ed1ng \u0111i\u1ec1u khi\u1ec3n c\u01a1 3 t\u1ed1c \u0111\u1ed9<\/li>\n<li>\u0110\u1ed9ng c\u01a1 Turbin \u0111\u00f4i 2x80W<\/li>\n<li>B\u00f3ng \u0111\u00e8n Led 2x15W<\/li>\n<li>C\u00f4ng su\u1ea5t h\u00fat t\u1ed1i \u0111a l\u00ean \u0111\u1ebfn 700m3\/h<\/li>\n<li>B\u1ed9 l\u1ecdc: l\u01b0\u1edbi l\u1ecdc inox 03 l\u1edbp v\u1edbi 02 l\u1edbp l\u1ecdc than ho\u1ea1 t t\u00ednh<\/li>\n<li>\u0110\u1ed9 \u1ed3n t\u1ed1i \u0111a 48 dB<\/li>\n<li>Ngu\u1ed3n \u0111i\u1ec7n: 220V\/50Hz<\/li>\n<li>\u1ed0ng tho\u00e1t \u0111\u01b0\u1eddng k\u00ednh 110mm<\/li>\n<li>K\u00edch th\u01b0\u1edbc (mm): 140x550x700<\/li>\n<\/ul>\n","protected":false},"excerpt":{"rendered":"<p>M\u00e1y h\u00fat m\u00f9i Kaff KF-703B c\u1ed5 \u0111i\u1ec3n c\u00f3 th\u00e2n b\u1eb1ng s\u01a1n t\u0129nh \u0111i\u1ec7n ph\u1ed1i inox c\u1ef1c b\u1ec1n M\u00e1y h\u00fat m\u00f9i c\u1ed5 \u0111i\u1ec3n KF-703B Th\u00e2n m\u00e1y b\u1eb1ng s\u01a1n t\u0129nh \u0111i\u1ec7n m\u00e0u \u0111en ph\u1ed1i inox H\u1ec7 th\u1ed1ng \u0111i\u1ec1u khi\u1ec3n c\u01a1 3 t\u1ed1c \u0111\u1ed9 \u0110\u1ed9ng c\u01a1 Turbin \u0111\u00f4i 2x80W B\u00f3ng \u0111\u00e8n Led 2x15W C\u00f4ng su\u1ea5t h\u00fat t\u1ed1i \u0111a [&#8230;]\n","protected":false},"featured_media":1063,"comment_status":"open","ping_status":"closed","template":"","meta":[],"product_brand":[],"product_cat":[600,84,164],"product_tag":[167,86,133,178],"class_list":{"0":"post-989","1":"product","2":"type-product","3":"status-publish","4":"has-post-thumbnail","6":"product_cat-may-hut-mui-kaff","7":"product_cat-may-hut-mui","8":"product_cat-thuong-hieu-kaff","9":"product_tag-kaff","10":"product_tag-may-hut-mui","11":"product_tag-may-hut-mui-co-dien","12":"product_tag-may-hut-mui-kaff","14":"first","15":"instock","16":"sale","17":"shipping-taxable","18":"purchasable","19":"product-type-simple"},"_links":{"self":[{"href":"https:\/\/livinghome.vn\/thiet-bi\/wp-json\/wp\/v2\/product\/989","targetHints":{"allow":["GET"]}}],"collection":[{"href":"https:\/\/livinghome.vn\/thiet-bi\/wp-json\/wp\/v2\/product"}],"about":[{"href":"https:\/\/livinghome.vn\/thiet-bi\/wp-json\/wp\/v2\/types\/product"}],"replies":[{"embeddable":true,"href":"https:\/\/livinghome.vn\/thiet-bi\/wp-json\/wp\/v2\/comments?post=989"}],"wp:featuredmedia":[{"embeddable":true,"href":"https:\/\/livinghome.vn\/thiet-bi\/wp-json\/wp\/v2\/media\/1063"}],"wp:attachment":[{"href":"https:\/\/livinghome.vn\/thiet-bi\/wp-json\/wp\/v2\/media?parent=989"}],"wp:term":[{"taxonomy":"product_brand","embeddable":true,"href":"https:\/\/livinghome.vn\/thiet-bi\/wp-json\/wp\/v2\/product_brand?post=989"},{"taxonomy":"product_cat","embeddable":true,"href":"https:\/\/livinghome.vn\/thiet-bi\/wp-json\/wp\/v2\/product_cat?post=989"},{"taxonomy":"product_tag","embeddable":true,"href":"https:\/\/livinghome.vn\/thiet-bi\/wp-json\/wp\/v2\/product_tag?post=989"}],"curies":[{"name":"wp","href":"https:\/\/api.w.org\/{rel}","templated":true}]}}