{"id":987,"date":"2023-01-12T11:30:19","date_gmt":"2023-01-12T11:30:19","guid":{"rendered":"https:\/\/livinghome.vn\/thiet-bi\/?post_type=product&#038;p=987"},"modified":"2024-11-29T14:20:49","modified_gmt":"2024-11-29T07:20:49","slug":"may-hut-mui-kaff-kf-70i","status":"publish","type":"product","link":"https:\/\/livinghome.vn\/thiet-bi\/may-hut-mui-kaff-kf-70i\/","title":{"rendered":"M\u00e1y h\u00fat m\u00f9i Kaff KF-70I thi\u1ebft k\u1ebf th\u00e2n th\u00e9p kh\u00f4ng g\u1ec9 si\u00ean b\u1ec1n"},"content":{"rendered":"<h2>M\u00e1y h\u00fat m\u00f9i Kaff KF-70I \u00e2m t\u1ee7 v\u1edbi h\u1ec7 th\u1ed1ng \u0111i\u1ec1u khi\u1ec3n 3 t\u1ed1c \u0111\u1ed9 h\u00fat m\u00f9i c\u1ef1c t\u1ed1t<\/h2>\n<figure id=\"attachment_52898\" aria-describedby=\"caption-attachment-52898\" style=\"width: 800px\" class=\"wp-caption alignnone\"><img loading=\"lazy\" decoding=\"async\" class=\"size-large wp-image-52898\" src=\"https:\/\/livinghome.vn\/thiet-bi\/wp-content\/uploads\/nha-bep\/kaff\/may-hut-mui\/may-hut-mui-am-tu\/may-hut-mui-am-tu-kaff-kf-70i\/may-hut-mui-am-tu-kaff-kf-70i-800x800.jpg\" alt=\"M\u00e1y h\u00fat m\u00f9i Kaff KF-70I \" width=\"800\" height=\"800\" title=\"\"><figcaption id=\"caption-attachment-52898\" class=\"wp-caption-text\">M\u00e1y h\u00fat m\u00f9i Kaff KF-70I<\/figcaption><\/figure>\n<h3><a href=\"https:\/\/livinghome.vn\/thiet-bi\/may-hut-mui\/\">M\u00e1y h\u00fat m\u00f9i c\u1ed5 \u0111i\u1ec3n<\/a> KF-70I<\/h3>\n<ul>\n<li>Th\u00e2n m\u00e1y b\u1eb1ng th\u00e9p kh\u00f4ng r\u1ec9<\/li>\n<li>H\u1ec7 th\u1ed1ng \u0111i\u1ec1u khi\u1ec3n c\u01a1 3 t\u1ed1c \u0111\u1ed9<\/li>\n<li>\u0110\u1ed9ng c\u01a1 Turbin \u0111\u00f4i 2x80W<\/li>\n<li>B\u00f3ng \u0111\u00e8n Halogen 2x40W<\/li>\n<li>C\u00f4ng su\u1ea5t h\u00fat t\u1ed1i \u0111a l\u00ean \u0111\u1ebfn 700m3\/h<\/li>\n<li>B\u1ed9 l\u1ecdc: l\u01b0\u1edbi l\u1ecdc inox 03 l\u1edbp v\u1edbi 02 l\u1edbp l\u1ecdc than ho\u1ea1t t\u00ednh<\/li>\n<li>\u0110\u1ed9 \u1ed3n t\u1ed1i \u0111a 48 dB<\/li>\n<li>Ngu\u1ed3n \u0111i\u1ec7n: 220V\/50Hz<\/li>\n<li>\u1ed0ng tho\u00e1t \u0111\u01b0\u1eddng k\u00ednh 110mm<\/li>\n<li>K\u00edch th\u01b0\u1edbc (mm): 140x550x700<\/li>\n<\/ul>\n","protected":false},"excerpt":{"rendered":"<p>M\u00e1y h\u00fat m\u00f9i Kaff KF-70I \u00e2m t\u1ee7 v\u1edbi h\u1ec7 th\u1ed1ng \u0111i\u1ec1u khi\u1ec3n 3 t\u1ed1c \u0111\u1ed9 h\u00fat m\u00f9i c\u1ef1c t\u1ed1t M\u00e1y h\u00fat m\u00f9i c\u1ed5 \u0111i\u1ec3n KF-70I Th\u00e2n m\u00e1y b\u1eb1ng th\u00e9p kh\u00f4ng r\u1ec9 H\u1ec7 th\u1ed1ng \u0111i\u1ec1u khi\u1ec3n c\u01a1 3 t\u1ed1c \u0111\u1ed9 \u0110\u1ed9ng c\u01a1 Turbin \u0111\u00f4i 2x80W B\u00f3ng \u0111\u00e8n Halogen 2x40W C\u00f4ng su\u1ea5t h\u00fat t\u1ed1i \u0111a l\u00ean \u0111\u1ebfn [&#8230;]\n","protected":false},"featured_media":1061,"comment_status":"open","ping_status":"closed","template":"","meta":[],"product_brand":[],"product_cat":[600,84,164],"product_tag":[167,86,133,178],"class_list":{"0":"post-987","1":"product","2":"type-product","3":"status-publish","4":"has-post-thumbnail","6":"product_cat-may-hut-mui-kaff","7":"product_cat-may-hut-mui","8":"product_cat-thuong-hieu-kaff","9":"product_tag-kaff","10":"product_tag-may-hut-mui","11":"product_tag-may-hut-mui-co-dien","12":"product_tag-may-hut-mui-kaff","14":"first","15":"instock","16":"sale","17":"shipping-taxable","18":"purchasable","19":"product-type-simple"},"_links":{"self":[{"href":"https:\/\/livinghome.vn\/thiet-bi\/wp-json\/wp\/v2\/product\/987","targetHints":{"allow":["GET"]}}],"collection":[{"href":"https:\/\/livinghome.vn\/thiet-bi\/wp-json\/wp\/v2\/product"}],"about":[{"href":"https:\/\/livinghome.vn\/thiet-bi\/wp-json\/wp\/v2\/types\/product"}],"replies":[{"embeddable":true,"href":"https:\/\/livinghome.vn\/thiet-bi\/wp-json\/wp\/v2\/comments?post=987"}],"wp:featuredmedia":[{"embeddable":true,"href":"https:\/\/livinghome.vn\/thiet-bi\/wp-json\/wp\/v2\/media\/1061"}],"wp:attachment":[{"href":"https:\/\/livinghome.vn\/thiet-bi\/wp-json\/wp\/v2\/media?parent=987"}],"wp:term":[{"taxonomy":"product_brand","embeddable":true,"href":"https:\/\/livinghome.vn\/thiet-bi\/wp-json\/wp\/v2\/product_brand?post=987"},{"taxonomy":"product_cat","embeddable":true,"href":"https:\/\/livinghome.vn\/thiet-bi\/wp-json\/wp\/v2\/product_cat?post=987"},{"taxonomy":"product_tag","embeddable":true,"href":"https:\/\/livinghome.vn\/thiet-bi\/wp-json\/wp\/v2\/product_tag?post=987"}],"curies":[{"name":"wp","href":"https:\/\/api.w.org\/{rel}","templated":true}]}}