{"id":982,"date":"2023-01-12T11:30:19","date_gmt":"2023-01-12T11:30:19","guid":{"rendered":"https:\/\/livinghome.vn\/thiet-bi\/?post_type=product&#038;p=982"},"modified":"2024-11-29T14:20:48","modified_gmt":"2024-11-29T07:20:48","slug":"may-hut-mui-kaff-kf-tl600","status":"publish","type":"product","link":"https:\/\/livinghome.vn\/thiet-bi\/may-hut-mui-kaff-kf-tl600\/","title":{"rendered":"M\u00e1y h\u00fat m\u00f9i Kaff KF-TL600 thi\u1ebft k\u1ebf \u00e2m t\u1ee7 nh\u1ecf g\u1ecdn ti\u1ec7n l\u1ee3i"},"content":{"rendered":"<h2>M\u00e1y h\u00fat m\u00f9i Kaff KF-TL600 thi\u1ebft k\u1ebf m\u1eb7t k\u00ednh ph\u1ed1i inox sang tr\u1ecdng b\u1ec1n b\u1ec9<\/h2>\n<figure id=\"attachment_52903\" aria-describedby=\"caption-attachment-52903\" style=\"width: 800px\" class=\"wp-caption alignnone\"><img loading=\"lazy\" decoding=\"async\" class=\"size-large wp-image-52903\" src=\"https:\/\/livinghome.vn\/thiet-bi\/wp-content\/uploads\/nha-bep\/kaff\/may-hut-mui\/may-hut-mui-am-tu\/may-hut-mui-am-tu-kaff-kf-tl600\/may-hut-mui-am-tu-kaff-kf-tl600-800x800.jpg\" alt=\"M\u00e1y h\u00fat m\u00f9i Kaff KF-TL600\" width=\"800\" height=\"800\" title=\"\"><figcaption id=\"caption-attachment-52903\" class=\"wp-caption-text\">M\u00e1y h\u00fat m\u00f9i Kaff KF-TL600<\/figcaption><\/figure>\n<p><strong>Th\u00f4ng s\u1ed1 k\u1ef9 thu\u1eadt:<\/strong><\/p>\n<ul>\n<li><a href=\"https:\/\/livinghome.vn\/thiet-bi\/may-hut-mui\/may-hut-mui-am-tu-keo\/\">M\u00e1y h\u00fat m\u00f9i \u00e2m t\u1ee7<\/a><\/li>\n<li>Ch\u1ea5t li\u1ec7u k\u00ednh ph\u1ed1i Inox sang tr\u1ecdng, hi\u1ec7n \u0111\u1ea1i<\/li>\n<li>K\u1ebft c\u1ea5u \u00e2m t\u1ee7 ti\u1ec7n l\u1ee3i<\/li>\n<li>\u0110\u1ed9ng c\u01a1: 2 \u0111\u1ed9ng c\u01a1 \u0111\u00f4i<\/li>\n<li>C\u00f4ng su\u1ea5t: 750m3\/h<\/li>\n<li>\u0110\u1ed9 \u1ed3n t\u1ed1i \u0111a 48Db<\/li>\n<li>\u0110i\u1ec1u khi\u1ec3n ph\u00edm b\u1ea5m c\u1ea3m \u1ee9ng 3 t\u1ed1c \u0111\u1ed9<\/li>\n<li>\u1ed0ng tho\u00e1t: 120mm<\/li>\n<li>L\u01b0\u1edbi l\u1ecdc m\u1ee1 Aluminum 3 l\u1edbp<\/li>\n<li>K\u00edch th\u01b0\u1edbc: 600\/700x280x200mm<\/li>\n<li>Ch\u1ebf \u0111\u1ed9 h\u00fat v\u00e0 kh\u1eed m\u00f9i b\u1eb1ng than ho\u1ea1t t\u00ednh<\/li>\n<\/ul>\n","protected":false},"excerpt":{"rendered":"<p>M\u00e1y h\u00fat m\u00f9i Kaff KF-TL600 thi\u1ebft k\u1ebf m\u1eb7t k\u00ednh ph\u1ed1i inox sang tr\u1ecdng b\u1ec1n b\u1ec9 Th\u00f4ng s\u1ed1 k\u1ef9 thu\u1eadt: M\u00e1y h\u00fat m\u00f9i \u00e2m t\u1ee7 Ch\u1ea5t li\u1ec7u k\u00ednh ph\u1ed1i Inox sang tr\u1ecdng, hi\u1ec7n \u0111\u1ea1i K\u1ebft c\u1ea5u \u00e2m t\u1ee7 ti\u1ec7n l\u1ee3i \u0110\u1ed9ng c\u01a1: 2 \u0111\u1ed9ng c\u01a1 \u0111\u00f4i C\u00f4ng su\u1ea5t: 750m3\/h \u0110\u1ed9 \u1ed3n t\u1ed1i \u0111a 48Db \u0110i\u1ec1u khi\u1ec3n [&#8230;]\n","protected":false},"featured_media":1054,"comment_status":"open","ping_status":"closed","template":"","meta":[],"product_brand":[],"product_cat":[600,84,130,164],"product_tag":[167,86,87,178],"class_list":{"0":"post-982","1":"product","2":"type-product","3":"status-publish","4":"has-post-thumbnail","6":"product_cat-may-hut-mui-kaff","7":"product_cat-may-hut-mui","8":"product_cat-may-hut-mui-am-tu-keo","9":"product_cat-thuong-hieu-kaff","10":"product_tag-kaff","11":"product_tag-may-hut-mui","12":"product_tag-may-hut-mui-am-tu","13":"product_tag-may-hut-mui-kaff","15":"first","16":"instock","17":"sale","18":"shipping-taxable","19":"purchasable","20":"product-type-simple"},"_links":{"self":[{"href":"https:\/\/livinghome.vn\/thiet-bi\/wp-json\/wp\/v2\/product\/982","targetHints":{"allow":["GET"]}}],"collection":[{"href":"https:\/\/livinghome.vn\/thiet-bi\/wp-json\/wp\/v2\/product"}],"about":[{"href":"https:\/\/livinghome.vn\/thiet-bi\/wp-json\/wp\/v2\/types\/product"}],"replies":[{"embeddable":true,"href":"https:\/\/livinghome.vn\/thiet-bi\/wp-json\/wp\/v2\/comments?post=982"}],"wp:featuredmedia":[{"embeddable":true,"href":"https:\/\/livinghome.vn\/thiet-bi\/wp-json\/wp\/v2\/media\/1054"}],"wp:attachment":[{"href":"https:\/\/livinghome.vn\/thiet-bi\/wp-json\/wp\/v2\/media?parent=982"}],"wp:term":[{"taxonomy":"product_brand","embeddable":true,"href":"https:\/\/livinghome.vn\/thiet-bi\/wp-json\/wp\/v2\/product_brand?post=982"},{"taxonomy":"product_cat","embeddable":true,"href":"https:\/\/livinghome.vn\/thiet-bi\/wp-json\/wp\/v2\/product_cat?post=982"},{"taxonomy":"product_tag","embeddable":true,"href":"https:\/\/livinghome.vn\/thiet-bi\/wp-json\/wp\/v2\/product_tag?post=982"}],"curies":[{"name":"wp","href":"https:\/\/api.w.org\/{rel}","templated":true}]}}