{"id":980,"date":"2023-01-12T11:30:18","date_gmt":"2023-01-12T11:30:18","guid":{"rendered":"https:\/\/livinghome.vn\/thiet-bi\/?post_type=product&#038;p=980"},"modified":"2024-11-29T14:20:49","modified_gmt":"2024-11-29T07:20:49","slug":"may-rua-chen-kaff-kf-d65eris","status":"publish","type":"product","link":"https:\/\/livinghome.vn\/thiet-bi\/may-rua-chen-kaff-kf-d65eris\/","title":{"rendered":"M\u00e1y r\u1eeda ch\u00e9n Kaff KF-D65ERIS b\u00e1n \u00e2m &#8211; Made in Turkey"},"content":{"rendered":"<h2>M\u00e1y r\u1eeda ch\u00e9n Kaff KF-D65ERIS \u0111\u1ed9c l\u1eadp s\u1ee9c ch\u1ee9a 15 b\u1ed9 8 l\u00edt n\u01b0\u1edbc v\u1edbi m\u1ee9c c\u00f4ng su\u1ea5t t\u1ed1i \u01b0u<\/h2>\n<figure id=\"attachment_52907\" aria-describedby=\"caption-attachment-52907\" style=\"width: 800px\" class=\"wp-caption alignnone\"><img loading=\"lazy\" decoding=\"async\" class=\"size-large wp-image-52907\" src=\"https:\/\/livinghome.vn\/thiet-bi\/wp-content\/uploads\/nha-bep\/kaff\/may-rua-chen\/may-rua-chen-kaff-kf-d65eris\/may-rua-chen-kaff-kf-d65eris-800x800.jpg\" alt=\"M\u00e1y r\u1eeda ch\u00e9n Kaff KF-D65ERIS\" width=\"800\" height=\"800\" title=\"\"><figcaption id=\"caption-attachment-52907\" class=\"wp-caption-text\">M\u00e1y r\u1eeda ch\u00e9n Kaff KF-D65ERIS<\/figcaption><\/figure>\n<p><strong>Th\u00f4ng s\u1ed1 k\u1ef9 thu\u1eadt:<\/strong><\/p>\n<ul>\n<li><a href=\"https:\/\/livinghome.vn\/thiet-bi\/may-rua-chen-bat\/\">M\u00e1y r\u1eeda ch\u00e9n b\u00e1n \u00e2m<\/a>, \u0111\u1ed9c l\u1eadp\/Semi and free standing Diswasher<\/li>\n<li>\u00a0M\u00e1y r\u1eeda ch\u00e9n xu\u1ea5t x\u1ee9: Th\u1ed5 Nh\u0129 K\u1ef3 (Made In Turkey)<\/li>\n<li>Th\u00e2n inox cao c\u1ea5p\/SS body<\/li>\n<li>S\u1ee9c ch\u1ee9a 15 b\u1ed9 \u0111\u1ed3 \u0103n Ch\u00e2u \u00c2u\/15 place settings<\/li>\n<li>M\u00e1y r\u1eeda ch\u00e9n c\u00f3 10 Ch\u01b0\u01a1ng tr\u00ecnh r\u1eeda t\u00edch h\u1ee3p\/10 programs, 6+ temperatures: R\u1eeda m\u1ea1nh, r\u1eeda t\u1ef1 \u0111\u1ed9ng, r\u1eeda ti\u1ebft ki\u1ec7m, r\u1eeda nhanh, r\u1eeda s\u01a1 b\u1ed9, r\u1eeda ch\u1edd l\u00ean \u0111\u1ebfn 24h, r\u1eeda 90 ph\u00fat, r\u1eeda tr\u00e1ng, r\u1eeda n\u1eeda t\u1ea3i<\/li>\n<li>Ch\u1ee9c n\u0103ng s\u1ea5y t\u0103ng c\u01b0\u1eddng\/Tubor Fan<\/li>\n<li>Ch\u1ee9c n\u0103ng t\u1ef1 v\u1ec7 sinh l\u1ed3ng r\u1eeda\/Extra hygiene option<\/li>\n<li>Ch\u1ee9c n\u0103ng gi\u1ea3m \u0111\u1ed9 \u1ed3n r\u1eeda\/Extra silent option<\/li>\n<li>Ch\u1ee9c n\u0103ng r\u1eeda nhanh\/Extra fast option<\/li>\n<li>Ch\u1ee9c n\u0103ng ti\u1ebft ki\u1ec7m n\u0103ng l\u01b0\u1ee3ng\/Energy save option<\/li>\n<li>Ch\u1ee9c n\u0103ng UVON di\u1ec7t khu\u1ea9n\/UVON natural tech<\/li>\n<li>Ch\u1ee9c n\u0103ng ION di\u1ec7t khu\u1ea9n\/ION natural tech<\/li>\n<li>Ch\u1ee9c n\u0103ng m\u1edf c\u1eeda t\u1ef1 \u0111\u1ed9ng khi k\u1ebft th\u00fac chu tr\u00ecnh r\u1eeda\/Auto door technology<\/li>\n<li>\u0110i\u1ec1u khi\u1ec3n c\u1ea3m \u1ee9ng, m\u00e0n h\u00ecnh led sang tr\u1ecdng\/Touch control with dislay TFT<\/li>\n<li>\u00c1nh s\u00e1ng b\u00ean trong l\u1ed3ng r\u1eeda 04 \u0111\u00e8n\/ Interior Light 4 spot<\/li>\n<li>Ba d\u00e0n r\u1eeda si\u00eau s\u1ea1ch v\u1edbi nhi\u1ec1u ng\u0103n d\u01b0\u1edbi\/ Triple wash<\/li>\n<li>D\u00e0n r\u1eeda ng\u0103n tr\u00ean\/Impeller<\/li>\n<li>Ch\u1ee9c n\u0103ng h\u1eb9n gi\u1edd, kh\u00f3a tr\u1ebb em th\u00f4ng minh\/Timer and child lock option<\/li>\n<li>\u0110\u1ed9 \u1ed3n c\u1ef1c th\u1ea5p maximum 40dB\/Noise low<\/li>\n<li>Ti\u00eau chu\u1ea9n ti\u1ebft ki\u1ec7m n\u0103ng l\u01b0\u1ee3ng Ch\u00e2u \u00c2u A+++(bi\u1ebfn t\u1ea7n t\u00edch h\u1ee3p)\/Performance A+++ AA -20%<\/li>\n<li>Ch\u1ee9c n\u0103ng kh\u00f3a m\u00e1y khi c\u00f3 s\u1ef1 c\u1ed1 ngo\u1ea1i c\u1ea3nh t\u00e1c \u0111\u1ed9ng (ng\u1eadp n\u01b0\u1edbc, va \u0111\u1eadp, y\u1ebfu \u0111i\u1ec7n, thi\u1ebfu n\u01b0\u1edbc\u2026)<\/li>\n<li>Ch\u1ed3ng r\u00f2 n\u01b0\u1edbc t\u1eeb m\u00e1y\/Overflow and leakage protection<\/li>\n<li>Ch\u1ee9c n\u0103ng b\u1ea3o v\u1ec7 qu\u00e1 nhi\u1ec7t\/Heater protection<\/li>\n<li>Ch\u1ee9c n\u0103ng n\u1eeda t\u1ea3i v\u1edbi 3 ch\u1ebf \u0111\u1ed9 (r\u1ed5 d\u01b0\u1edbi, r\u1ed5 tr\u00ean, cho k\u1ec7 tr\u00ean d\u01b0\u1edbi)\/Half load option (with three modes) (lower basket\/upper basket \/half<br \/>\nload on both baskets)<\/li>\n<li>Ch\u1ee9c n\u0103ng n\u00e2ng h\u1ea1 khay r\u1eeda\/Down and up basket option<\/li>\n<li>Ch\u1ee9c n\u0103ng r\u1eeda vi\u00ean\/3in1 tablet detergent option (kh\u00f4ng \u01b0u ti\u00ean)<\/li>\n<li>M\u1ee9c ti\u00eau th\u1ee5 \u0111i\u1ec7n n\u0103ng: 1.850Kwh\/l\u1ea7n r\u1eeda\/Power consumption<\/li>\n<li>Nhi\u1ec7t \u0111\u1ed9 n\u01b0\u1edbc n\u00f3ng l\u00ean \u0111\u1ebfn 70 \u2013 75 \u0111\u1ed9<\/li>\n<li>M\u1ee9c ti\u00eau th\u1ee5 n\u01b0\u1edbc: 8 l\u00edt\/l\u1ea7n r\u1eeda<\/li>\n<li>\u00c1p su\u1ea5t n\u01b0\u1edbc 0.4 \u0111\u1ebfn 10 Bar<\/li>\n<li>\u0110i\u1ec7n n\u0103ng \u0111\u1ea7u v\u00e0o: 220-240V\/50-60Hz<\/li>\n<li>Chi\u1ec1u d\u00e0i c\u00e1p \u0111i\u1ec7n 1.5m<\/li>\n<li>K\u00edch th\u01b0\u1edbc s\u1ea3n ph\u1ea9m: 850C\/820C(Th\u00e1o n\u1eafp tr\u00ean) x 598R x 598S\/mm<\/li>\n<\/ul>\n","protected":false},"excerpt":{"rendered":"<p>M\u00e1y r\u1eeda ch\u00e9n Kaff KF-D65ERIS \u0111\u1ed9c l\u1eadp s\u1ee9c ch\u1ee9a 15 b\u1ed9 8 l\u00edt n\u01b0\u1edbc v\u1edbi m\u1ee9c c\u00f4ng su\u1ea5t t\u1ed1i \u01b0u Th\u00f4ng s\u1ed1 k\u1ef9 thu\u1eadt: M\u00e1y r\u1eeda ch\u00e9n b\u00e1n \u00e2m, \u0111\u1ed9c l\u1eadp\/Semi and free standing Diswasher \u00a0M\u00e1y r\u1eeda ch\u00e9n xu\u1ea5t x\u1ee9: Th\u1ed5 Nh\u0129 K\u1ef3 (Made In Turkey) Th\u00e2n inox cao c\u1ea5p\/SS body S\u1ee9c ch\u1ee9a 15 b\u1ed9 [&#8230;]\n","protected":false},"featured_media":1052,"comment_status":"open","ping_status":"closed","template":"","meta":[],"product_brand":[],"product_cat":[607,92,824,828,827,867,826,164],"product_tag":[167,93,137,182],"class_list":{"0":"post-980","1":"product","2":"type-product","3":"status-publish","4":"has-post-thumbnail","6":"product_cat-may-rua-chen-bat-kaff","7":"product_cat-may-rua-chen-bat","8":"product_cat-may-rua-chen-bat-15-bo","9":"product_cat-may-rua-chen-bat-am-tu","10":"product_cat-may-rua-chen-bat-ban-am","11":"product_cat-may-rua-chen-bat-chau-au","12":"product_cat-may-rua-chen-bat-doc-lap","13":"product_cat-thuong-hieu-kaff","14":"product_tag-kaff","15":"product_tag-may-rua-chen","16":"product_tag-may-rua-chen-am-tu","17":"product_tag-may-rua-chen-kaff","19":"first","20":"instock","21":"sale","22":"shipping-taxable","23":"purchasable","24":"product-type-simple"},"_links":{"self":[{"href":"https:\/\/livinghome.vn\/thiet-bi\/wp-json\/wp\/v2\/product\/980","targetHints":{"allow":["GET"]}}],"collection":[{"href":"https:\/\/livinghome.vn\/thiet-bi\/wp-json\/wp\/v2\/product"}],"about":[{"href":"https:\/\/livinghome.vn\/thiet-bi\/wp-json\/wp\/v2\/types\/product"}],"replies":[{"embeddable":true,"href":"https:\/\/livinghome.vn\/thiet-bi\/wp-json\/wp\/v2\/comments?post=980"}],"wp:featuredmedia":[{"embeddable":true,"href":"https:\/\/livinghome.vn\/thiet-bi\/wp-json\/wp\/v2\/media\/1052"}],"wp:attachment":[{"href":"https:\/\/livinghome.vn\/thiet-bi\/wp-json\/wp\/v2\/media?parent=980"}],"wp:term":[{"taxonomy":"product_brand","embeddable":true,"href":"https:\/\/livinghome.vn\/thiet-bi\/wp-json\/wp\/v2\/product_brand?post=980"},{"taxonomy":"product_cat","embeddable":true,"href":"https:\/\/livinghome.vn\/thiet-bi\/wp-json\/wp\/v2\/product_cat?post=980"},{"taxonomy":"product_tag","embeddable":true,"href":"https:\/\/livinghome.vn\/thiet-bi\/wp-json\/wp\/v2\/product_tag?post=980"}],"curies":[{"name":"wp","href":"https:\/\/api.w.org\/{rel}","templated":true}]}}