{"id":9702,"date":"2023-03-30T07:18:14","date_gmt":"2023-03-30T07:18:14","guid":{"rendered":"https:\/\/livinghome.vn\/thiet-bi\/?post_type=product&#038;p=9702"},"modified":"2024-11-29T14:19:13","modified_gmt":"2024-11-29T07:19:13","slug":"khoa-van-tay-chefs-eh-a11rbt","status":"publish","type":"product","link":"https:\/\/livinghome.vn\/thiet-bi\/khoa-van-tay-chefs-eh-a11rbt\/","title":{"rendered":"Kho\u00e1 v\u00e2n tay Chefs EH A11RBT an to\u00e0n sang tr\u1ecdng"},"content":{"rendered":"<p>Kho\u00e1 v\u00e2n tay Chefs\u00a0EH-A11RBT l\u00e0 s\u1ef1 l\u1ef1a ch\u1ecdn ho\u00e0n h\u1ea3o d\u00e0nh cho b\u1ea1n, s\u1ea3n ph\u1ea9m \u0111\u00e1p \u1ee9ng \u0111\u1ee7 3 ti\u00eau ch\u00ed b\u1ea3o m\u1eadt, an to\u00e0n v\u00e0 ti\u1ec7n l\u1ee3i<\/p>\n<figure id=\"attachment_9707\" aria-describedby=\"caption-attachment-9707\" style=\"width: 1200px\" class=\"wp-caption alignnone\"><img loading=\"lazy\" decoding=\"async\" class=\"size-full wp-image-9707\" src=\"https:\/\/livinghome.vn\/thiet-bi\/wp-content\/uploads\/nha-bep\/chefs\/khoa-van-tay\/khoa-van-tay-chefs-eh-a11rbt\/khoa-van-tay-eh-a11rbt3.jpg\" alt=\"Kho\u00e1 v\u00e2n tay Chefs EH A11RBT an to\u00e0n sang tr\u1ecdng\" width=\"1200\" height=\"840\" title=\"\" srcset=\"https:\/\/livinghome.vn\/thiet-bi\/wp-content\/uploads\/nha-bep\/chefs\/khoa-van-tay\/khoa-van-tay-chefs-eh-a11rbt\/khoa-van-tay-eh-a11rbt3.jpg 1200w, https:\/\/livinghome.vn\/thiet-bi\/wp-content\/uploads\/nha-bep\/chefs\/khoa-van-tay\/khoa-van-tay-chefs-eh-a11rbt\/khoa-van-tay-eh-a11rbt3-600x420.jpg 600w, https:\/\/livinghome.vn\/thiet-bi\/wp-content\/uploads\/nha-bep\/chefs\/khoa-van-tay\/khoa-van-tay-chefs-eh-a11rbt\/khoa-van-tay-eh-a11rbt3-571x400.jpg 571w, https:\/\/livinghome.vn\/thiet-bi\/wp-content\/uploads\/nha-bep\/chefs\/khoa-van-tay\/khoa-van-tay-chefs-eh-a11rbt\/khoa-van-tay-eh-a11rbt3-1143x800.jpg 1143w, https:\/\/livinghome.vn\/thiet-bi\/wp-content\/uploads\/nha-bep\/chefs\/khoa-van-tay\/khoa-van-tay-chefs-eh-a11rbt\/khoa-van-tay-eh-a11rbt3-768x538.jpg 768w\" sizes=\"auto, (max-width: 1200px) 100vw, 1200px\" \/><figcaption id=\"caption-attachment-9707\" class=\"wp-caption-text\">Kho\u00e1 v\u00e2n tay Chefs EH A11RBT an to\u00e0n sang tr\u1ecdng<\/figcaption><\/figure>\n<p><strong>V\u1ec1 thi\u1ebft k\u1ebf<\/strong><\/p>\n<p>Kh\u00f3a c\u00f3 k\u00edch th\u01b0\u1edbc 26x50x300 mm, c\u00f3 th\u1ec3 l\u1eafp \u0111a d\u1ea1ng cho c\u00e1c lo\u1ea1i c\u1eeda \u1edf chung c\u01b0, nh\u00e0 d\u00e2n, kh\u00e1ch s\u1ea1n, khu tr\u1ecd\u2026<\/p>\n<p>L\u00e0m t\u1eeb ch\u1ea5t li\u1ec7u h\u1ee3p kim nh\u00f4m, m\u00e0u b\u1ea1c sang b\u1ec1n. Kh\u00f3a c\u00f3 th\u1ec3 ch\u1ed1ng ch\u1ecbu \u0111\u01b0\u1ee3c c\u00e1c t\u00e1c \u0111\u1ed9ng c\u1eeda th\u1eddi ti\u1ebft nh\u01b0 m\u01b0a nh\u1ecf, ch\u1ecbu nhi\u1ec7t \u0111\u1ed9 -20\u00b0C \u0111\u1ebfn 60\u00b0C.<\/p>\n<p>B\u1ed9 s\u1ea3n ph\u1ea9m bao g\u1ed3m: Kh\u00f3a, 4 PIN, HDSD, 2 th\u1ebb t\u1eeb, 2 ch\u00eca c\u01a1.<\/p>\n<figure id=\"attachment_9705\" aria-describedby=\"caption-attachment-9705\" style=\"width: 1200px\" class=\"wp-caption alignnone\"><img loading=\"lazy\" decoding=\"async\" class=\"wp-image-9705 size-full\" src=\"https:\/\/livinghome.vn\/thiet-bi\/wp-content\/uploads\/nha-bep\/chefs\/khoa-van-tay\/khoa-van-tay-chefs-eh-a11rbt\/khoa-van-tay-eh-a11rbt4.jpg\" alt=\"Kho\u00e1 v\u00e2n tay Chefs EH A11RBT an to\u00e0n sang tr\u1ecdng\" width=\"1200\" height=\"987\" title=\"\" srcset=\"https:\/\/livinghome.vn\/thiet-bi\/wp-content\/uploads\/nha-bep\/chefs\/khoa-van-tay\/khoa-van-tay-chefs-eh-a11rbt\/khoa-van-tay-eh-a11rbt4.jpg 1200w, https:\/\/livinghome.vn\/thiet-bi\/wp-content\/uploads\/nha-bep\/chefs\/khoa-van-tay\/khoa-van-tay-chefs-eh-a11rbt\/khoa-van-tay-eh-a11rbt4-600x494.jpg 600w, https:\/\/livinghome.vn\/thiet-bi\/wp-content\/uploads\/nha-bep\/chefs\/khoa-van-tay\/khoa-van-tay-chefs-eh-a11rbt\/khoa-van-tay-eh-a11rbt4-486x400.jpg 486w, https:\/\/livinghome.vn\/thiet-bi\/wp-content\/uploads\/nha-bep\/chefs\/khoa-van-tay\/khoa-van-tay-chefs-eh-a11rbt\/khoa-van-tay-eh-a11rbt4-973x800.jpg 973w, https:\/\/livinghome.vn\/thiet-bi\/wp-content\/uploads\/nha-bep\/chefs\/khoa-van-tay\/khoa-van-tay-chefs-eh-a11rbt\/khoa-van-tay-eh-a11rbt4-768x632.jpg 768w\" sizes=\"auto, (max-width: 1200px) 100vw, 1200px\" \/><figcaption id=\"caption-attachment-9705\" class=\"wp-caption-text\">Kho\u00e1 v\u00e2n tay Chefs EH A11RBT an to\u00e0n sang tr\u1ecdng<\/figcaption><\/figure>\n<h3>T\u00ednh n\u0103ng s\u1ea3n ph\u1ea9m<\/h3>\n<ul>\n<li>Kho\u00e1 v\u00e2n tay &#8211; kho\u00e1 \u0111i\u1ec7n t\u1eed<\/li>\n<li>Kh\u00f3a c\u00f3 th\u1ec3 m\u1edf b\u1eb1ng 4 ph\u01b0\u01a1ng th\u1ee9c m\u1edf kh\u00f3a: V\u00e2n tay, m\u1eadt m\u00e3, th\u1ebb t\u1eeb, ch\u00eca c\u01a1, m\u1ed7i th\u00e0nh vi\u00ean trong gia \u0111\u00ecnh c\u00f3 th\u1ec3 l\u1ef1a ch\u1ecdn ph\u01b0\u01a1ng th\u1ee9c m\u1edf kh\u00f3a ph\u00f9 h\u1ee3p.<\/li>\n<li>C\u00f3 th\u1ec3 \u0111\u0103ng k\u00fd l\u00ean \u0111\u1ebfn 100 ng\u01b0\u1eddi d\u00f9ng.<\/li>\n<li>T\u00ednh n\u0103ng x\u00e1o tr\u1ed9n m\u00e3 b\u1ea3o m\u1eadt: C\u00f3 th\u1ec3 nh\u1eadp c\u00e1c d\u00e3y s\u1ed1 t\u00f9y \u00fd tr\u01b0\u1edbc khi k\u1ebft th\u00fac b\u1eb1ng m\u00e3 s\u1ed1 \u0111\u00fang \u0111\u1ec3 m\u1edf kh\u00f3a c\u1eeda<\/li>\n<li>D\u1ec5 d\u00e0ng \u0111i\u1ec1u ch\u1ec9nh \u00e2m l\u01b0\u1ee3ng khi ho\u1ea1t \u0111\u1ed9ng<\/li>\n<li>C\u1ea3nh b\u00e1o PIN y\u1ebfu v\u00e0 l\u1ed7i ch\u1ee9c n\u0103ng<\/li>\n<li>C\u00f3 th\u1ec3 d\u00f9ng ngu\u1ed3n \u0111i\u1ec7n ngo\u00e0i k\u00edch PIN khi h\u1ebft<\/li>\n<li>Ch\u1ee9c n\u0103ng Reset khi b\u1ecb l\u1ed7i ch\u01b0\u01a1ng tr\u00ecnh<\/li>\n<\/ul>\n<figure id=\"attachment_9706\" aria-describedby=\"caption-attachment-9706\" style=\"width: 1146px\" class=\"wp-caption alignnone\"><img loading=\"lazy\" decoding=\"async\" class=\"wp-image-9706 size-full\" src=\"https:\/\/livinghome.vn\/thiet-bi\/wp-content\/uploads\/nha-bep\/chefs\/khoa-van-tay\/khoa-van-tay-chefs-eh-a11rbt\/khoa-van-tay-eh-a11rbt2.jpg\" alt=\"Kho\u00e1 v\u00e2n tay Chefs EH A11RBT an to\u00e0n sang tr\u1ecdng\" width=\"1146\" height=\"1200\" title=\"\" srcset=\"https:\/\/livinghome.vn\/thiet-bi\/wp-content\/uploads\/nha-bep\/chefs\/khoa-van-tay\/khoa-van-tay-chefs-eh-a11rbt\/khoa-van-tay-eh-a11rbt2.jpg 1146w, https:\/\/livinghome.vn\/thiet-bi\/wp-content\/uploads\/nha-bep\/chefs\/khoa-van-tay\/khoa-van-tay-chefs-eh-a11rbt\/khoa-van-tay-eh-a11rbt2-600x628.jpg 600w, https:\/\/livinghome.vn\/thiet-bi\/wp-content\/uploads\/nha-bep\/chefs\/khoa-van-tay\/khoa-van-tay-chefs-eh-a11rbt\/khoa-van-tay-eh-a11rbt2-382x400.jpg 382w, https:\/\/livinghome.vn\/thiet-bi\/wp-content\/uploads\/nha-bep\/chefs\/khoa-van-tay\/khoa-van-tay-chefs-eh-a11rbt\/khoa-van-tay-eh-a11rbt2-764x800.jpg 764w, https:\/\/livinghome.vn\/thiet-bi\/wp-content\/uploads\/nha-bep\/chefs\/khoa-van-tay\/khoa-van-tay-chefs-eh-a11rbt\/khoa-van-tay-eh-a11rbt2-768x804.jpg 768w\" sizes=\"auto, (max-width: 1146px) 100vw, 1146px\" \/><figcaption id=\"caption-attachment-9706\" class=\"wp-caption-text\">Kho\u00e1 v\u00e2n tay Chefs EH A11RBT an to\u00e0n sang tr\u1ecdng<\/figcaption><\/figure>\n<h3>Th\u00f4ng s\u1ed1 k\u1ef9 thu\u1eadt<\/h3>\n<ul>\n<li>Ngu\u1ed3n \u0111i\u1ec7n: 4AA Batteries<\/li>\n<li>Ngu\u1ed3n \u0111i\u1ec7n kh\u1ea9n c\u1ea5p: pin DC9V (kh\u00f4ng bao g\u1ed3m)<\/li>\n<li>Tu\u1ed5i th\u1ecd pin: 1 n\u0103m<\/li>\n<li>\u0110\u1ed9 d\u00e0y c\u1eeda:40-90mm<\/li>\n<li>K\u00edch th\u01b0\u1edbc th\u00e2n kho\u00e1 ngo\u00e0i (d\u00e0i x r\u1ed9ng x cao): 26 x 50 x 370mm<\/li>\n<\/ul>\n<h3>Xu\u1ea5t x\u1ee9: PRC<\/h3>\n<div><\/div>\n","protected":false},"excerpt":{"rendered":"<p>Kh\u00f3a c\u00f3 th\u1ec3 m\u1edf b\u1eb1ng 4 ph\u01b0\u01a1ng th\u1ee9c m\u1edf kh\u00f3a: V\u00e2n tay, m\u1eadt m\u00e3, th\u1ebb t\u1eeb, ch\u00eca c\u01a1, m\u1ed7i th\u00e0nh vi\u00ean trong gia \u0111\u00ecnh c\u00f3 th\u1ec3 l\u1ef1a ch\u1ecdn ph\u01b0\u01a1ng th\u1ee9c m\u1edf kh\u00f3a ph\u00f9 h\u1ee3p.<\/p>\n<p>C\u00f3 th\u1ec3 \u0111\u0103ng k\u00fd l\u00ean \u0111\u1ebfn 100 ng\u01b0\u1eddi d\u00f9ng.<\/p>\n<p>T\u00ednh n\u0103ng x\u00e1o tr\u1ed9n m\u00e3 b\u1ea3o m\u1eadt: C\u00f3 th\u1ec3 nh\u1eadp c\u00e1c d\u00e3y s\u1ed1 t\u00f9y \u00fd tr\u01b0\u1edbc khi k\u1ebft th\u00fac b\u1eb1ng m\u00e3 s\u1ed1 \u0111\u00fang \u0111\u1ec3 m\u1edf kh\u00f3a c\u1eeda<\/p>\n<p>D\u1ec5 d\u00e0ng \u0111i\u1ec1u ch\u1ec9nh \u00e2m l\u01b0\u1ee3ng khi ho\u1ea1t \u0111\u1ed9ng<\/p>\n<p>C\u1ea3nh b\u00e1o PIN y\u1ebfu v\u00e0 l\u1ed7i ch\u1ee9c n\u0103ng<\/p>\n<p>C\u00f3 th\u1ec3 d\u00f9ng ngu\u1ed3n \u0111i\u1ec7n ngo\u00e0i k\u00edch PIN khi h\u1ebft<\/p>\n","protected":false},"featured_media":9704,"comment_status":"open","ping_status":"closed","template":"","meta":[],"product_brand":[],"product_cat":[780,755],"product_tag":[757,779,778,777,776],"class_list":{"0":"post-9702","1":"product","2":"type-product","3":"status-publish","4":"has-post-thumbnail","6":"product_cat-khoa-dien-tu","7":"product_cat-thuong-hieu-chefs","8":"product_tag-chefs","9":"product_tag-khoa-chefs","10":"product_tag-khoa-cua","11":"product_tag-khoa-dien-tu","12":"product_tag-khoa-van-tay","14":"first","15":"instock","16":"sale","17":"shipping-taxable","18":"purchasable","19":"product-type-simple"},"_links":{"self":[{"href":"https:\/\/livinghome.vn\/thiet-bi\/wp-json\/wp\/v2\/product\/9702","targetHints":{"allow":["GET"]}}],"collection":[{"href":"https:\/\/livinghome.vn\/thiet-bi\/wp-json\/wp\/v2\/product"}],"about":[{"href":"https:\/\/livinghome.vn\/thiet-bi\/wp-json\/wp\/v2\/types\/product"}],"replies":[{"embeddable":true,"href":"https:\/\/livinghome.vn\/thiet-bi\/wp-json\/wp\/v2\/comments?post=9702"}],"wp:featuredmedia":[{"embeddable":true,"href":"https:\/\/livinghome.vn\/thiet-bi\/wp-json\/wp\/v2\/media\/9704"}],"wp:attachment":[{"href":"https:\/\/livinghome.vn\/thiet-bi\/wp-json\/wp\/v2\/media?parent=9702"}],"wp:term":[{"taxonomy":"product_brand","embeddable":true,"href":"https:\/\/livinghome.vn\/thiet-bi\/wp-json\/wp\/v2\/product_brand?post=9702"},{"taxonomy":"product_cat","embeddable":true,"href":"https:\/\/livinghome.vn\/thiet-bi\/wp-json\/wp\/v2\/product_cat?post=9702"},{"taxonomy":"product_tag","embeddable":true,"href":"https:\/\/livinghome.vn\/thiet-bi\/wp-json\/wp\/v2\/product_tag?post=9702"}],"curies":[{"name":"wp","href":"https:\/\/api.w.org\/{rel}","templated":true}]}}