{"id":9697,"date":"2023-03-30T07:11:30","date_gmt":"2023-03-30T07:11:30","guid":{"rendered":"https:\/\/livinghome.vn\/thiet-bi\/?post_type=product&#038;p=9697"},"modified":"2024-11-29T14:19:13","modified_gmt":"2024-11-29T07:19:13","slug":"khoa-van-tay-chefs-eh-a11rst","status":"publish","type":"product","link":"https:\/\/livinghome.vn\/thiet-bi\/khoa-van-tay-chefs-eh-a11rst\/","title":{"rendered":"Kho\u00e1 v\u00e2n tay Chefs EH A11RST m\u00e0u b\u1ea1c th\u1eddi th\u01b0\u1ee3ng tinh t\u1ebf"},"content":{"rendered":"<p>Kho\u00e1 v\u00e2n tay Chefs EH A11RST m\u00e0u b\u1ea1c th\u1eddi th\u01b0\u1ee3ng tinh t\u1ebf \u0111\u1ebfn t\u1eeb th\u01b0\u01a1ng hi\u1ec7u Chef\u2019s c\u00f3 nhi\u1ec1u \u01b0u \u0111i\u1ec3m n\u1ed5i b\u1eadt v\u1ec1 t\u00ednh n\u0103ng l\u1eabn thi\u1ebft k\u1ebf.<\/p>\n<p><strong>V\u1ec1 thi\u1ebft k\u1ebf<\/strong><\/p>\n<p>Kh\u00f3a c\u00f3 k\u00edch th\u01b0\u1edbc 26x50x300 mm, c\u00f3 th\u1ec3 l\u1eafp \u0111a d\u1ea1ng cho c\u00e1c lo\u1ea1i c\u1eeda \u1edf chung c\u01b0, nh\u00e0 d\u00e2n, kh\u00e1ch s\u1ea1n, khu tr\u1ecd\u2026<\/p>\n<p>L\u00e0m t\u1eeb ch\u1ea5t li\u1ec7u h\u1ee3p kim nh\u00f4m, m\u00e0u b\u1ea1c sang b\u1ec1n. Kh\u00f3a c\u00f3 th\u1ec3 ch\u1ed1ng ch\u1ecbu \u0111\u01b0\u1ee3c c\u00e1c t\u00e1c \u0111\u1ed9ng c\u1eeda th\u1eddi ti\u1ebft nh\u01b0 m\u01b0a nh\u1ecf, ch\u1ecbu nhi\u1ec7t \u0111\u1ed9 -20\u00b0C \u0111\u1ebfn 60\u00b0C.<\/p>\n<p>B\u1ed9 s\u1ea3n ph\u1ea9m bao g\u1ed3m: Kh\u00f3a, 4 PIN, HDSD, 2 th\u1ebb t\u1eeb, 2 ch\u00eca c\u01a1.<\/p>\n<figure id=\"attachment_9699\" aria-describedby=\"caption-attachment-9699\" style=\"width: 900px\" class=\"wp-caption alignnone\"><img loading=\"lazy\" decoding=\"async\" class=\"wp-image-9699 size-full\" src=\"https:\/\/livinghome.vn\/thiet-bi\/wp-content\/uploads\/nha-bep\/chefs\/khoa-van-tay\/khoa-van-tay-chefs-eh-a11rst\/khoa-van-tay-eh-a11rst1.jpg\" alt=\"Kho\u00e1 v\u00e2n tay Chefs EH A11RST m\u00e0u b\u1ea1c th\u1eddi th\u01b0\u1ee3ng tinh t\u1ebf\" width=\"900\" height=\"900\" title=\"\" srcset=\"https:\/\/livinghome.vn\/thiet-bi\/wp-content\/uploads\/nha-bep\/chefs\/khoa-van-tay\/khoa-van-tay-chefs-eh-a11rst\/khoa-van-tay-eh-a11rst1.jpg 900w, https:\/\/livinghome.vn\/thiet-bi\/wp-content\/uploads\/nha-bep\/chefs\/khoa-van-tay\/khoa-van-tay-chefs-eh-a11rst\/khoa-van-tay-eh-a11rst1-300x300.jpg 300w, https:\/\/livinghome.vn\/thiet-bi\/wp-content\/uploads\/nha-bep\/chefs\/khoa-van-tay\/khoa-van-tay-chefs-eh-a11rst\/khoa-van-tay-eh-a11rst1-100x100.jpg 100w, https:\/\/livinghome.vn\/thiet-bi\/wp-content\/uploads\/nha-bep\/chefs\/khoa-van-tay\/khoa-van-tay-chefs-eh-a11rst\/khoa-van-tay-eh-a11rst1-600x600.jpg 600w, https:\/\/livinghome.vn\/thiet-bi\/wp-content\/uploads\/nha-bep\/chefs\/khoa-van-tay\/khoa-van-tay-chefs-eh-a11rst\/khoa-van-tay-eh-a11rst1-400x400.jpg 400w, https:\/\/livinghome.vn\/thiet-bi\/wp-content\/uploads\/nha-bep\/chefs\/khoa-van-tay\/khoa-van-tay-chefs-eh-a11rst\/khoa-van-tay-eh-a11rst1-800x800.jpg 800w, https:\/\/livinghome.vn\/thiet-bi\/wp-content\/uploads\/nha-bep\/chefs\/khoa-van-tay\/khoa-van-tay-chefs-eh-a11rst\/khoa-van-tay-eh-a11rst1-280x280.jpg 280w, https:\/\/livinghome.vn\/thiet-bi\/wp-content\/uploads\/nha-bep\/chefs\/khoa-van-tay\/khoa-van-tay-chefs-eh-a11rst\/khoa-van-tay-eh-a11rst1-768x768.jpg 768w\" sizes=\"auto, (max-width: 900px) 100vw, 900px\" \/><figcaption id=\"caption-attachment-9699\" class=\"wp-caption-text\">Kho\u00e1 v\u00e2n tay Chefs EH A11RST m\u00e0u b\u1ea1c th\u1eddi th\u01b0\u1ee3ng tinh t\u1ebf<\/figcaption><\/figure>\n<h3>T\u00ednh n\u0103ng s\u1ea3n ph\u1ea9m<\/h3>\n<ul>\n<li>Kho\u00e1 v\u00e2n tay &#8211; kho\u00e1 \u0111i\u1ec7n t\u1eed<\/li>\n<li>Kh\u00f3a c\u00f3 th\u1ec3 m\u1edf b\u1eb1ng 4 ph\u01b0\u01a1ng th\u1ee9c m\u1edf kh\u00f3a: V\u00e2n tay, m\u1eadt m\u00e3, th\u1ebb t\u1eeb, ch\u00eca c\u01a1, m\u1ed7i th\u00e0nh vi\u00ean trong gia \u0111\u00ecnh c\u00f3 th\u1ec3 l\u1ef1a ch\u1ecdn ph\u01b0\u01a1ng th\u1ee9c m\u1edf kh\u00f3a ph\u00f9 h\u1ee3p.<\/li>\n<li>C\u00f3 th\u1ec3 \u0111\u0103ng k\u00fd l\u00ean \u0111\u1ebfn 100 ng\u01b0\u1eddi d\u00f9ng.<\/li>\n<li>T\u00ednh n\u0103ng x\u00e1o tr\u1ed9n m\u00e3 b\u1ea3o m\u1eadt: C\u00f3 th\u1ec3 nh\u1eadp c\u00e1c d\u00e3y s\u1ed1 t\u00f9y \u00fd tr\u01b0\u1edbc khi k\u1ebft th\u00fac b\u1eb1ng m\u00e3 s\u1ed1 \u0111\u00fang \u0111\u1ec3 m\u1edf kh\u00f3a c\u1eeda<\/li>\n<li>D\u1ec5 d\u00e0ng \u0111i\u1ec1u ch\u1ec9nh \u00e2m l\u01b0\u1ee3ng khi ho\u1ea1t \u0111\u1ed9ng<\/li>\n<li>C\u1ea3nh b\u00e1o PIN y\u1ebfu v\u00e0 l\u1ed7i ch\u1ee9c n\u0103ng<\/li>\n<li>C\u00f3 th\u1ec3 d\u00f9ng ngu\u1ed3n \u0111i\u1ec7n ngo\u00e0i k\u00edch PIN khi h\u1ebft<\/li>\n<li>Ch\u1ee9c n\u0103ng Reset khi b\u1ecb l\u1ed7i ch\u01b0\u01a1ng tr\u00ecnh<\/li>\n<\/ul>\n<figure id=\"attachment_9700\" aria-describedby=\"caption-attachment-9700\" style=\"width: 1200px\" class=\"wp-caption alignnone\"><img loading=\"lazy\" decoding=\"async\" class=\"wp-image-9700 size-full\" src=\"https:\/\/livinghome.vn\/thiet-bi\/wp-content\/uploads\/nha-bep\/chefs\/khoa-van-tay\/khoa-van-tay-chefs-eh-a11rst\/khoa-van-tay-eh-a11rst2.jpg\" alt=\"Kho\u00e1 v\u00e2n tay Chefs EH A11RST m\u00e0u b\u1ea1c th\u1eddi th\u01b0\u1ee3ng tinh t\u1ebf\" width=\"1200\" height=\"880\" title=\"\" srcset=\"https:\/\/livinghome.vn\/thiet-bi\/wp-content\/uploads\/nha-bep\/chefs\/khoa-van-tay\/khoa-van-tay-chefs-eh-a11rst\/khoa-van-tay-eh-a11rst2.jpg 1200w, https:\/\/livinghome.vn\/thiet-bi\/wp-content\/uploads\/nha-bep\/chefs\/khoa-van-tay\/khoa-van-tay-chefs-eh-a11rst\/khoa-van-tay-eh-a11rst2-600x440.jpg 600w, https:\/\/livinghome.vn\/thiet-bi\/wp-content\/uploads\/nha-bep\/chefs\/khoa-van-tay\/khoa-van-tay-chefs-eh-a11rst\/khoa-van-tay-eh-a11rst2-545x400.jpg 545w, https:\/\/livinghome.vn\/thiet-bi\/wp-content\/uploads\/nha-bep\/chefs\/khoa-van-tay\/khoa-van-tay-chefs-eh-a11rst\/khoa-van-tay-eh-a11rst2-1091x800.jpg 1091w, https:\/\/livinghome.vn\/thiet-bi\/wp-content\/uploads\/nha-bep\/chefs\/khoa-van-tay\/khoa-van-tay-chefs-eh-a11rst\/khoa-van-tay-eh-a11rst2-768x563.jpg 768w\" sizes=\"auto, (max-width: 1200px) 100vw, 1200px\" \/><figcaption id=\"caption-attachment-9700\" class=\"wp-caption-text\">Kho\u00e1 v\u00e2n tay Chefs EH A11RST m\u00e0u b\u1ea1c th\u1eddi th\u01b0\u1ee3ng tinh t\u1ebf<\/figcaption><\/figure>\n<h3>Th\u00f4ng s\u1ed1 k\u1ef9 thu\u1eadt<\/h3>\n<ul>\n<li>Ngu\u1ed3n \u0111i\u1ec7n: 4AA Batteries<\/li>\n<li>Ngu\u1ed3n \u0111i\u1ec7n kh\u1ea9n c\u1ea5p: pin DC9V (kh\u00f4ng bao g\u1ed3m)<\/li>\n<li>Tu\u1ed5i th\u1ecd pin: 1 n\u0103m<\/li>\n<li>\u0110\u1ed9 d\u00e0y c\u1eeda:40-90mm<\/li>\n<li>K\u00edch th\u01b0\u1edbc th\u00e2n kho\u00e1 ngo\u00e0i (d\u00e0i x r\u1ed9ng x cao): 26 x 50 x 370mm<\/li>\n<\/ul>\n<h3>Xu\u1ea5t x\u1ee9: PRC<\/h3>\n<div><\/div>\n","protected":false},"excerpt":{"rendered":"<p>Kh\u00f3a c\u00f3 th\u1ec3 m\u1edf b\u1eb1ng 4 ph\u01b0\u01a1ng th\u1ee9c m\u1edf kh\u00f3a: V\u00e2n tay, m\u1eadt m\u00e3, th\u1ebb t\u1eeb, ch\u00eca c\u01a1, m\u1ed7i th\u00e0nh vi\u00ean trong gia \u0111\u00ecnh c\u00f3 th\u1ec3 l\u1ef1a ch\u1ecdn ph\u01b0\u01a1ng th\u1ee9c m\u1edf kh\u00f3a ph\u00f9 h\u1ee3p.<\/p>\n<p>C\u00f3 th\u1ec3 \u0111\u0103ng k\u00fd l\u00ean \u0111\u1ebfn 100 ng\u01b0\u1eddi d\u00f9ng.<\/p>\n<p>T\u00ednh n\u0103ng x\u00e1o tr\u1ed9n m\u00e3 b\u1ea3o m\u1eadt: C\u00f3 th\u1ec3 nh\u1eadp c\u00e1c d\u00e3y s\u1ed1 t\u00f9y \u00fd tr\u01b0\u1edbc khi k\u1ebft th\u00fac b\u1eb1ng m\u00e3 s\u1ed1 \u0111\u00fang \u0111\u1ec3 m\u1edf kh\u00f3a c\u1eeda<\/p>\n<p>D\u1ec5 d\u00e0ng \u0111i\u1ec1u ch\u1ec9nh \u00e2m l\u01b0\u1ee3ng khi ho\u1ea1t \u0111\u1ed9ng<\/p>\n<p>C\u1ea3nh b\u00e1o PIN y\u1ebfu v\u00e0 l\u1ed7i ch\u1ee9c n\u0103ng<\/p>\n<p>C\u00f3 th\u1ec3 d\u00f9ng ngu\u1ed3n \u0111i\u1ec7n ngo\u00e0i k\u00edch PIN khi h\u1ebft<\/p>\n","protected":false},"featured_media":9699,"comment_status":"open","ping_status":"closed","template":"","meta":[],"product_brand":[],"product_cat":[780,755],"product_tag":[757,779,778,777,776],"class_list":{"0":"post-9697","1":"product","2":"type-product","3":"status-publish","4":"has-post-thumbnail","6":"product_cat-khoa-dien-tu","7":"product_cat-thuong-hieu-chefs","8":"product_tag-chefs","9":"product_tag-khoa-chefs","10":"product_tag-khoa-cua","11":"product_tag-khoa-dien-tu","12":"product_tag-khoa-van-tay","14":"first","15":"instock","16":"sale","17":"shipping-taxable","18":"purchasable","19":"product-type-simple"},"_links":{"self":[{"href":"https:\/\/livinghome.vn\/thiet-bi\/wp-json\/wp\/v2\/product\/9697","targetHints":{"allow":["GET"]}}],"collection":[{"href":"https:\/\/livinghome.vn\/thiet-bi\/wp-json\/wp\/v2\/product"}],"about":[{"href":"https:\/\/livinghome.vn\/thiet-bi\/wp-json\/wp\/v2\/types\/product"}],"replies":[{"embeddable":true,"href":"https:\/\/livinghome.vn\/thiet-bi\/wp-json\/wp\/v2\/comments?post=9697"}],"wp:featuredmedia":[{"embeddable":true,"href":"https:\/\/livinghome.vn\/thiet-bi\/wp-json\/wp\/v2\/media\/9699"}],"wp:attachment":[{"href":"https:\/\/livinghome.vn\/thiet-bi\/wp-json\/wp\/v2\/media?parent=9697"}],"wp:term":[{"taxonomy":"product_brand","embeddable":true,"href":"https:\/\/livinghome.vn\/thiet-bi\/wp-json\/wp\/v2\/product_brand?post=9697"},{"taxonomy":"product_cat","embeddable":true,"href":"https:\/\/livinghome.vn\/thiet-bi\/wp-json\/wp\/v2\/product_cat?post=9697"},{"taxonomy":"product_tag","embeddable":true,"href":"https:\/\/livinghome.vn\/thiet-bi\/wp-json\/wp\/v2\/product_tag?post=9697"}],"curies":[{"name":"wp","href":"https:\/\/api.w.org\/{rel}","templated":true}]}}