{"id":9672,"date":"2023-03-30T04:03:50","date_gmt":"2023-03-30T04:03:50","guid":{"rendered":"https:\/\/livinghome.vn\/thiet-bi\/?post_type=product&#038;p=9672"},"modified":"2024-11-29T14:19:13","modified_gmt":"2024-11-29T07:19:13","slug":"may-rua-chen-chefs-eh-dw401d","status":"publish","type":"product","link":"https:\/\/livinghome.vn\/thiet-bi\/may-rua-chen-chefs-eh-dw401d\/","title":{"rendered":"M\u00e1y r\u1eeda ch\u00e9n Chefs EH DW401D 15 b\u1ed9 sang tr\u1ecdng hi\u1ec7n \u0111\u1ea1i"},"content":{"rendered":"<h3>M\u00e1y r\u1eeda ch\u00e9n Chefs EH-DW401D c\u00f3 th\u1ec3 l\u1eafp \u0111\u1ed9c l\u1eadp ho\u1eb7c \u00e2m t\u1ee7 r\u1ea5t linh \u0111\u1ed9ng v\u1edbi thi\u1ebft k\u1ebf c\u0103n b\u1ebfp. V\u1edbi thi\u1ebft k\u1ebf hi\u1ec7n \u0111\u1ea1i, gam m\u00e0u inox s\u00e1ng b\u00f3ng, chi\u1ebfc m\u00e1y r\u1eeda b\u00e1t n\u00e0y s\u1ebd l\u00e0 m\u1ed9t v\u1eadt m\u00f3n \u0111\u1ed3 n\u1ed9i th\u1ea5t sang tr\u1ecdng trong gian b\u1ebfp, th\u1ec3 hi\u1ec7n \u0111\u1eb3ng c\u1ea5p c\u1ee7a gia \u0111\u00ecnh b\u1ea1n<\/h3>\n<p><strong>Khoang r\u1eeda inox r\u1ed9ng r\u00e3i ch\u1ee9a \u0111\u01b0\u1ee3c tho\u1ea3i m\u00e1i 15 b\u1ed9 \u0111\u1ed3 Ch\u00e2u \u00c2u<\/strong><br \/>\nM\u00e1y r\u1eeda b\u00e1t Chefs EH-DW401D \u0111\u01b0\u1ee3c trang b\u1ecb 3 gi\u00e0n si\u00eau r\u1ed9ng r\u00e3i ch\u1ee9a \u0111\u01b0\u1ee3c tho\u1ea3i m\u00e1i 15 b\u1ed9 \u0111\u1ed3 Ch\u00e2u \u00c2u t\u01b0\u01a1ng \u0111\u01b0\u01a1ng 4 b\u1eefa \u0103n c\u1ee7a gia \u0111\u00ecnh Vi\u1ec7t 4-5 ng\u01b0\u1eddi, \u0111\u1ee7 \u0111\u1ec3 r\u1eeda s\u1ea1ch to\u00e0n b\u1ed9 b\u00e1t \u0111\u0129a c\u1ee7a c\u00e1c b\u1eefa \u0103n, b\u1eefa ti\u1ec7c l\u1edbn, ti\u1ebft ki\u1ec7m th\u1eddi gian, c\u00f4ng s\u1ee9c cho b\u1ea1n. Khoang r\u1eeda b\u1eb1ng inox s\u1ea1ch s\u1ebd, hi\u1ec7n \u0111\u1ea1i v\u00e0 ch\u1eafc ch\u1eafn. Gi\u00e1 \u0111\u1ee1 tr\u00ean d\u1ec5 d\u00e0ng \u0111i\u1ec1u ch\u1ec9nh \u0111\u1ed9 cao ph\u00f9 h\u1ee3p n\u00ean ng\u01b0\u1eddi d\u00f9ng ho\u00e0n to\u00e0n an t\u00e2m khi c\u00f3 xoong n\u1ed3i cao to.<\/p>\n<p><strong>H\u1ec7 th\u1ed1ng \u0111i\u1ec1u khi\u1ec3n c\u01a1 k\u1ebft h\u1ee3p m\u00e0n h\u00ecnh LED hi\u1ec3n th\u1ecb th\u1eddi gian ch\u1ea1y<\/strong><br \/>\nChefs EH-DW401D s\u1eed d\u1ee5ng b\u1ea3ng \u0111\u1ec1u khi\u1ec3n c\u01a1 v\u1edbi c\u00e1c ph\u00edm ch\u1ee9c n\u0103ng chi ti\u1ebft, \u0111\u01a1n gi\u1ea3n, d\u1ec5 s\u1eed d\u1ee5ng, gi\u00fap ng\u01b0\u1eddi d\u00f9ng t\u00f9y ch\u1ecdn c\u00e1c ch\u1ebf \u0111\u1ed9, t\u00ednh n\u0103ng ph\u00f9 h\u1ee3p v\u1edbi nhu c\u1ea7u. C\u00f9ng v\u1edbi \u0111\u00f3 l\u00e0 m\u00e0n h\u00ecnh Led v\u00e0 h\u1ec7 th\u1ed1ng \u0111\u00e8n b\u00e1o gi\u00fap ng\u01b0\u1eddi d\u00f9ng d\u1ec5 d\u00e0ng nh\u1eadn bi\u1ebft t\u00ecnh tr\u1ea1ng ho\u1ea1t \u0111\u1ed9ng c\u1ee7a m\u00e1y.<\/p>\n<figure id=\"attachment_9676\" aria-describedby=\"caption-attachment-9676\" style=\"width: 900px\" class=\"wp-caption alignnone\"><img loading=\"lazy\" decoding=\"async\" class=\"size-full wp-image-9676\" src=\"https:\/\/livinghome.vn\/thiet-bi\/wp-content\/uploads\/nha-bep\/chefs\/may-rua-chen\/may-rua-chen-chefs-eh-dw401d\/may-rua-chen-chefs-dw401d2.jpg\" alt=\"M\u00e1y r\u1eeda ch\u00e9n Chefs EH DW401D 15 b\u1ed9 sang tr\u1ecdng hi\u1ec7n \u0111\u1ea1i\" width=\"900\" height=\"900\" title=\"\" srcset=\"https:\/\/livinghome.vn\/thiet-bi\/wp-content\/uploads\/nha-bep\/chefs\/may-rua-chen\/may-rua-chen-chefs-eh-dw401d\/may-rua-chen-chefs-dw401d2.jpg 900w, https:\/\/livinghome.vn\/thiet-bi\/wp-content\/uploads\/nha-bep\/chefs\/may-rua-chen\/may-rua-chen-chefs-eh-dw401d\/may-rua-chen-chefs-dw401d2-300x300.jpg 300w, https:\/\/livinghome.vn\/thiet-bi\/wp-content\/uploads\/nha-bep\/chefs\/may-rua-chen\/may-rua-chen-chefs-eh-dw401d\/may-rua-chen-chefs-dw401d2-100x100.jpg 100w, https:\/\/livinghome.vn\/thiet-bi\/wp-content\/uploads\/nha-bep\/chefs\/may-rua-chen\/may-rua-chen-chefs-eh-dw401d\/may-rua-chen-chefs-dw401d2-600x600.jpg 600w, https:\/\/livinghome.vn\/thiet-bi\/wp-content\/uploads\/nha-bep\/chefs\/may-rua-chen\/may-rua-chen-chefs-eh-dw401d\/may-rua-chen-chefs-dw401d2-400x400.jpg 400w, https:\/\/livinghome.vn\/thiet-bi\/wp-content\/uploads\/nha-bep\/chefs\/may-rua-chen\/may-rua-chen-chefs-eh-dw401d\/may-rua-chen-chefs-dw401d2-800x800.jpg 800w, https:\/\/livinghome.vn\/thiet-bi\/wp-content\/uploads\/nha-bep\/chefs\/may-rua-chen\/may-rua-chen-chefs-eh-dw401d\/may-rua-chen-chefs-dw401d2-280x280.jpg 280w, https:\/\/livinghome.vn\/thiet-bi\/wp-content\/uploads\/nha-bep\/chefs\/may-rua-chen\/may-rua-chen-chefs-eh-dw401d\/may-rua-chen-chefs-dw401d2-768x768.jpg 768w\" sizes=\"auto, (max-width: 900px) 100vw, 900px\" \/><figcaption id=\"caption-attachment-9676\" class=\"wp-caption-text\">M\u00e1y r\u1eeda ch\u00e9n Chefs EH DW401D 15 b\u1ed9 sang tr\u1ecdng hi\u1ec7n \u0111\u1ea1i<\/figcaption><\/figure>\n<p><strong>8 ch\u01b0\u01a1ng tr\u00ecnh r\u1eeda t\u1ef1 \u0111\u1ed9ng, 2 ch\u1ebf \u0111\u1ed9 t\u0103ng c\u01b0\u1eddng th\u00f4ng minh, t\u00f9y ch\u1ecdn linh ho\u1ea1t<\/strong><br \/>\nM\u00e1y c\u00f3 8 ch\u01b0\u01a1ng tr\u00ecnh r\u1eeda t\u1ef1 \u0111\u1ed9ng ti\u1ec7n \u00edch (Auto, Intensive, Universal, ECO, Glass, 90min, Rapid,Pre-wash), 2 ch\u1ebf \u0111\u1ed9 t\u0103ng c\u01b0\u1eddng (Turbo speed, Power wash) gi\u00fap lo\u1ea1i b\u1ecf m\u1ecdi v\u1ebft b\u1ea9n c\u1ee9ng \u0111\u1ea7u nh\u1ea5t, ph\u1ee5c v\u1ee5 m\u1ecdi lo\u1ea1i b\u00e1t \u0111\u0129a tr\u00ean m\u00e2m c\u01a1m gia \u0111\u00ecnh. \u0110\u1eb7c bi\u1ec7t, n\u1ebfu b\u1ea1n ch\u1ecdn nh\u1ea7m ch\u01b0\u01a1ng tr\u00ecnh r\u1eeda, b\u1ea1n v\u1eabn c\u00f3 th\u1ec3 thay \u0111\u1ed5i ch\u01b0\u01a1ng tr\u00ecnh r\u1eeda t\u00f9y \u00fd, k\u1ec3 c\u1ea3 khi m\u00e1y \u0111ang trong qu\u00e1 tr\u00ecnh ho\u1ea1t \u0111\u1ed9ng.<\/p>\n<p><strong>Ch\u1ebf \u0111\u1ed9 r\u1eeda n\u01b0\u1edbc n\u00f3ng, s\u1ea5y h\u01a1i n\u00f3ng di\u1ec7t khu\u1ea9n<\/strong><br \/>\nT\u00ednh n\u0103ng r\u1eeda n\u01b0\u1edbc n\u00f3ng ch\u00ednh l\u00e0 m\u1ed9t trong nh\u1eefng \u01b0u \u0111i\u1ec3m v\u01b0\u1ee3t tr\u1ed9i c\u1ee7a m\u00e1y r\u1eeda b\u00e1t so v\u1edbi r\u1eeda b\u1eb1ng tay, \u0111\u1ea3m b\u1ea3o di\u1ec7t khu\u1ea9n hi\u1ec7u qu\u1ea3 h\u01a1n r\u1ea5t nhi\u1ec1u l\u1ea7n. X\u1eed l\u00fd m\u1ea3ng b\u00e1m v\u1edbi kh\u1ea3 n\u0103ng r\u1eeda \u00e1p su\u1ea5t l\u1edbn v\u00e0 nhi\u1ec7t \u0111\u1ed9 cao si\u00eau s\u1ea1ch, ti\u1ebft ki\u1ec7m nhi\u1ec1u th\u1eddi gian r\u1eeda h\u01a1n.<\/p>\n<p><strong>S\u1ea5y kh\u00f4 h\u01a1n v\u1edbi t\u00ednh n\u0103ng Auto open<\/strong><br \/>\nT\u00ednh n\u0103ng t\u1ef1 \u0111\u1ed9ng m\u1edf c\u1eeda sau khi k\u1ebft th\u00fac chu tr\u00ecnh r\u1eeda s\u1ebd gi\u00fap h\u01a1i n\u01b0\u1edbc tho\u00e1t ra ngo\u00e0i, ng\u0103n \u0111\u1ecdng n\u01b0\u1edbc, gi\u00fap l\u00e0m kh\u00f4 b\u00e1t \u0111\u0129a v\u00e0 c\u00e1c v\u1eadt d\u1ee5ng r\u1eeda m\u1ed9t c\u00e1ch nhanh ch\u00f3ng v\u00e0 tri\u1ec7t \u0111\u1ec3, hi\u1ec7u qu\u1ea3 nh\u1ea5t. B\u1ea1n c\u00f3 th\u1ec3 m\u1edf ho\u1eb7c t\u1eaft ch\u1ebf \u0111\u1ed9 n\u00e0y t\u00f9y theo nhu c\u1ea7u s\u1eed d\u1ee5ng.<\/p>\n<p><strong>Ti\u1ebft ki\u1ec7m \u0111i\u1ec7n n\u01b0\u1edbc v\u01b0\u1ee3t tr\u1ed9i<\/strong><br \/>\nB\u1ea1n lo ng\u1ea1i vi\u1ec7c s\u1eed d\u1ee5ng m\u00e1y r\u1eeda b\u00e1t s\u1ebd ti\u00eau t\u1ed1n nhi\u1ec1u \u0111i\u1ec7n n\u0103ng, m\u00e1y r\u1eeda b\u00e1t Chefs EH-DW401D s\u1ebd xua tan n\u1ed7i lo c\u1ee7a b\u1ea1n nh\u1edd ho\u1ea1t \u0111\u1ed9ng hi\u1ec7u qu\u1ea3 v\u1edbi c\u00f4ng su\u1ea5t ti\u00eau th\u1ee5 ti\u00eau chu\u1ea9n ch\u1ec9 0.95kW\/ chu tr\u00ecnh.<\/p>\n<p>M\u00e1y r\u1eeda b\u00e1t Chefs c\u00f2n trang b\u1ecb c\u00f4ng ngh\u1ec7 c\u1ea3m bi\u1ebfn n\u01b0\u1edbc gi\u00fap \u0111o l\u01b0\u1eddng, t\u00ednh to\u00e1n \u0111\u1ed9 trong c\u1ee7a n\u01b0\u1edbc, l\u01b0\u1ee3ng c\u1eb7n b\u1ea9n trong qu\u00e1 tr\u00ecnh r\u1eeda v\u00e0 \u0111i\u1ec1u ch\u1ec9nh ti\u1ebft ki\u1ec7m l\u01b0\u1ee3ng n\u01b0\u1edbc s\u1eed d\u1ee5ng nh\u1ea5t. Khi ho\u1ea1t \u0111\u1ed9ng m\u00e1y ch\u1ec9 ti\u00eau th\u1ee5 l\u01b0\u1ee3ng n\u01b0\u1edbc kho\u1ea3ng 12 l\u00edt\/ chu tr\u00ecnh, b\u1eb1ng \u00bc so v\u1edbi m\u00e1y gi\u1eb7t (th\u1eadm ch\u00ed ch\u1ec9 c\u00f3 6-7L\/chu tr\u00ecnh). C\u00f9ng l\u01b0\u1ee3ng b\u00e1t \u0111\u0129a, \u0111\u1ed3 d\u00f9ng n\u00e0y khi r\u1eeda b\u1eb1ng tay, trung b\u00ecnh b\u1ea1n c\u1ea7n t\u1edbi 40L n\u01b0\u1edbc\/l\u1ea7n r\u1eeda.<\/p>\n<p><strong>T\u00ednh n\u0103ng l\u00e0m m\u1ec1m n\u01b0\u1edbc<\/strong><br \/>\nN\u01b0\u1edbc c\u1ee9ng l\u00e0m \u1ea3nh h\u01b0\u1edfng t\u1edbi tu\u1ed5i th\u1ecd, hi\u1ec7u n\u0103ng l\u00e0m vi\u1ec7c c\u1ee7a m\u00e1y r\u1eeda ch\u00e9n. V\u00ec v\u1eady t\u00ednh n\u0103ng t\u1ef1 l\u00e0m m\u1ec1m n\u01b0\u1edbc \u0111\u1ec3 gi\u00fap m\u00e1y l\u00e0m vi\u1ec7c c\u00f3 n\u0103ng su\u1ea5t, \u1ed5n \u0111\u1ecbnh v\u00e0 \u0111\u1ea3m b\u1ea3o sau th\u1eddi gian d\u00e0i s\u1eed d\u1ee5ng. M\u00e1y r\u1eeda b\u00e1t s\u1ebd r\u1eeda s\u1ea1ch h\u01a1n, tu\u1ed5i th\u1ecd cao h\u01a1n, kh\u00f4ng b\u1ecb c\u00e1u c\u1eb7n sau th\u1eddi gian d\u00e0i s\u1eed d\u1ee5ng. M\u00e1y r\u1eeda b\u00e1t EH-EW401D s\u1ea3n xu\u1ea5t theo c\u00f4ng ngh\u1ec7 m\u1edbi t\u00edch h\u1ee3p t\u00ednh n\u0103ng l\u00e0m m\u1ec1m n\u01b0\u1edbc n\u00ean b\u1ea1n c\u00f3 th\u1ec3 ho\u00e0n to\u00e0n y\u00ean t\u00e2m khi s\u1eed d\u1ee5ng, kh\u00f4ng lo c\u00e1u c\u1eb7n, ti\u1ebft ki\u1ec7m n\u01b0\u1edbc v\u00e0 duy tr\u00ec \u0111\u1ed9 b\u1ec1n t\u1ed1t nh\u1ea5t.<\/p>\n<p><strong>T\u00edch h\u1ee3p nhi\u1ec1u t\u00ednh n\u0103ng ti\u1ec7n \u00edch<\/strong><br \/>\n&#8211; Cho th\u00eam b\u00e1t \u0111\u0129a c\u1ea7n r\u1eeda b\u00ean ngo\u00e0i v\u00e0o l\u00fac m\u00e1y \u0111ang ho\u1ea1t \u0111\u1ed9ng m\u00e0 kh\u00f4ng c\u1ea7n t\u1eaft m\u00e1y<\/p>\n<p>&#8211; \u0110i\u1ec3u ch\u1ec9nh linh ho\u1ea1t v\u00f9ng r\u1eeda tr\u00ean \u2013 d\u01b0\u1edbi, t\u1ed1i \u01b0u l\u01b0\u1ee3ng n\u01b0\u1edbc v\u00e0 th\u1eddi gian r\u1eeda b\u00e1t \u0111\u0129a.<\/p>\n<p>&#8211; H\u1ec7 th\u1ed1ng \u0111\u00e8n b\u00e1o th\u00f4ng minh: \u0110\u00e8n b\u00e1o ki\u1ec3m tra ngu\u1ed3n n\u01b0\u1edbc c\u1ea5p; \u0110\u00e8n b\u00e1o m\u1ee9c mu\u1ed1i; \u0110\u00e8n b\u00e1o dung d\u1ecbch l\u00e0m b\u00f3ng ch\u00e9n \u0111\u0129a<\/p>\n<p>&#8211; H\u1ec7 th\u1ed1ng ch\u1ed1ng tr\u00e0n, r\u00f2 r\u1ec9 v\u01b0\u1ee3t tr\u1ed9i kh\u00f4ng lo r\u1ec9 n\u01b0\u1edbc ra s\u00e0n<\/p>\n<p>&#8211; Kh\u00f3a an to\u00e0n tr\u1ebb em, y\u00ean t\u00e2m tuy\u1ec7t \u0111\u1ed1i v\u1edbi gia \u0111\u00ecnh c\u00f3 con nh\u1ecf<\/p>\n<p>Chi\u1ebfc m\u00e1y r\u1eeda b\u00e1t Chefs EH-DW401D n\u00e0y s\u1ebd g\u00f3p ph\u1ea7n gi\u1ea3i ph\u00f3ng \u0111\u00f4i tay c\u1ee7a ph\u1ee5 n\u1eef kh\u1ecfi c\u00f4ng vi\u1ec7c r\u1eeda b\u00e1t \u0111\u01a1n \u0111i\u1ec7u, nh\u00e0m ch\u00e1n, t\u1ed1n th\u1eddi gian v\u00e0 c\u00f4ng s\u1ee9c nh\u1ea5t l\u00e0 trong nh\u1eefng ng\u00e0y l\u1ea1nh gi\u00e1, th\u1eddi gian \u0111\u00f3 b\u1ea1n c\u00f3 th\u1ec3 d\u00e0nh cho nh\u1eefng c\u00f4ng vi\u1ec7c \u00fd ngh\u0129a h\u01a1n nh\u01b0 ch\u0103m s\u00f3c b\u1ea3n th\u00e2n v\u00e0 gia \u0111\u00ecnh.<\/p>\n<figure id=\"attachment_9675\" aria-describedby=\"caption-attachment-9675\" style=\"width: 900px\" class=\"wp-caption alignnone\"><img loading=\"lazy\" decoding=\"async\" class=\"size-full wp-image-9675\" src=\"https:\/\/livinghome.vn\/thiet-bi\/wp-content\/uploads\/nha-bep\/chefs\/may-rua-chen\/may-rua-chen-chefs-eh-dw401d\/may-rua-chen-chefs-dw401d3.jpg\" alt=\"M\u00e1y r\u1eeda ch\u00e9n Chefs EH DW401D 15 b\u1ed9 sang tr\u1ecdng hi\u1ec7n \u0111\u1ea1i\" width=\"900\" height=\"895\" title=\"\" srcset=\"https:\/\/livinghome.vn\/thiet-bi\/wp-content\/uploads\/nha-bep\/chefs\/may-rua-chen\/may-rua-chen-chefs-eh-dw401d\/may-rua-chen-chefs-dw401d3.jpg 900w, https:\/\/livinghome.vn\/thiet-bi\/wp-content\/uploads\/nha-bep\/chefs\/may-rua-chen\/may-rua-chen-chefs-eh-dw401d\/may-rua-chen-chefs-dw401d3-100x100.jpg 100w, https:\/\/livinghome.vn\/thiet-bi\/wp-content\/uploads\/nha-bep\/chefs\/may-rua-chen\/may-rua-chen-chefs-eh-dw401d\/may-rua-chen-chefs-dw401d3-600x597.jpg 600w, https:\/\/livinghome.vn\/thiet-bi\/wp-content\/uploads\/nha-bep\/chefs\/may-rua-chen\/may-rua-chen-chefs-eh-dw401d\/may-rua-chen-chefs-dw401d3-402x400.jpg 402w, https:\/\/livinghome.vn\/thiet-bi\/wp-content\/uploads\/nha-bep\/chefs\/may-rua-chen\/may-rua-chen-chefs-eh-dw401d\/may-rua-chen-chefs-dw401d3-804x800.jpg 804w, https:\/\/livinghome.vn\/thiet-bi\/wp-content\/uploads\/nha-bep\/chefs\/may-rua-chen\/may-rua-chen-chefs-eh-dw401d\/may-rua-chen-chefs-dw401d3-768x764.jpg 768w\" sizes=\"auto, (max-width: 900px) 100vw, 900px\" \/><figcaption id=\"caption-attachment-9675\" class=\"wp-caption-text\">M\u00e1y r\u1eeda ch\u00e9n Chefs EH DW401D 15 b\u1ed9 sang tr\u1ecdng hi\u1ec7n \u0111\u1ea1i<\/figcaption><\/figure>\n<h3>T\u00ednh n\u0103ng s\u1ea3n ph\u1ea9m<\/h3>\n<ul>\n<li><a href=\"https:\/\/livinghome.vn\/thiet-bi\/may-rua-chen-bat\/\">M\u00e1y r\u1eeda ch\u00e9n<\/a> &#8211; M\u00e1y r\u1eeda ch\u00e9n \u0111\u1ed9c l\u1eadp<\/li>\n<li>Khoang r\u1eeda b\u1eb1ng inox, 3gi\u00e0n ch\u1ee9a \u0111\u01b0\u1ee3c 15 b\u1ed9 \u0111\u1ed3 Ch\u00e2u \u00c2u<\/li>\n<li>\u0110\u1ed9 \u1ed3n th\u1ea5p &lt; 42dB<\/li>\n<li>M\u1ee9c \u0111\u1ed9 ti\u00eau th\u1ee5 n\u01b0\u1edbc: 12 l\u00edt\/ chu tr\u00ecnh<\/li>\n<li>C\u00f4ng su\u1ea5t ti\u00eau th\u1ee5 ti\u00eau chu\u1ea9n 0,95kW\/ chu tr\u00ecnh<\/li>\n<li>H\u1ec7 th\u1ed1ng \u0111i\u1ec1u khi\u1ec3n c\u01a1, M\u00e0n h\u00ecnh LED hi\u1ec7n th\u1ecb th\u1eddi gian ch\u1ea1y<\/li>\n<li>8 ch\u01b0\u01a1ng tr\u00ecnh r\u1eeda t\u1ef1 \u0111\u1ed9ng, 2 ch\u1ebf \u0111\u1ed9 t\u0103ng c\u01b0\u1eddng<\/li>\n<li>Thay \u0111\u1ed5i ch\u01b0\u01a1ng tr\u00ecnh r\u1eeda<\/li>\n<li>Th\u00eam \u0111\u1ed3 c\u1ea7n r\u1eeda \u0111\u00e3 qu\u00ean<\/li>\n<li>Ch\u1ecdn v\u00f9ng r\u1eeda<\/li>\n<li>H\u1eb9n gi\u1edd r\u1eeda<\/li>\n<li>T\u1ef1 \u0111\u1ed9ng m\u1edf c\u1eeda sau khi r\u1eeda<\/li>\n<li>H\u1ec7 th\u1ed1ng ch\u1ed1ng tr\u00e0n, r\u00f2 r\u1ec9 v\u01b0\u1ee3t tr\u1ed9i<\/li>\n<li>H\u1ec7 th\u1ed1ng l\u00e0m m\u1ec1m n\u01b0\u1edbc<\/li>\n<li>C\u00f4ng ngh\u1ec7 c\u1ea3m bi\u1ebfn hi\u1ec7n \u0111\u1ea1i<\/li>\n<li>Ch\u1ebf \u0111\u1ed9 r\u1eeda n\u01b0\u1edbc n\u00f3ng, s\u1ea5y h\u01a1i n\u00f3ng<\/li>\n<li>Gi\u00e1 \u0111\u1ee1 tr\u00ean d\u1ec5 d\u00e0ng \u0111i\u1ec1u ch\u1ec9nh \u0111\u1ed9 cao ph\u00f9 h\u1ee3p<\/li>\n<li>L\u1eafp \u0111\u1ed9c l\u1eadp ho\u1eb7c \u00e2m t\u1ee7<\/li>\n<li>M\u1ee9c ti\u1ebft ki\u1ec7m n\u0103ng l\u01b0\u1ee3ng A<\/li>\n<\/ul>\n<h3>T\u00ednh n\u0103ng an to\u00e0n<\/h3>\n<ul>\n<li>Kh\u00f3a an to\u00e0n tr\u1ebb em<\/li>\n<li>\u0110\u00e8n b\u00e1o ki\u1ec3m tra ngu\u1ed3n n\u01b0\u1edbc c\u1ea5p<\/li>\n<li>\u0110\u00e8n b\u00e1o m\u1ee9c mu\u1ed1i<\/li>\n<li>\u0110\u00e8n b\u00e1o dung d\u1ecbch l\u00e0m b\u00f3ng ch\u00e9n \u0111\u0129a<\/li>\n<\/ul>\n<h3>Th\u00f4ng s\u1ed1 k\u1ef9 thu\u1eadt<\/h3>\n<ul>\n<li>\u0110i\u1ec7n \u00e1p: 220V\/50Hz<\/li>\n<li>C\u00f4ng su\u1ea5t: 2100w<\/li>\n<li>K\u00edch th\u01b0\u1edbc s\u1ea3n ph\u1ea9m( cao, r\u1ed9ng, s\u00e2u): 845 x600 x600 mm<\/li>\n<li>Tr\u1ecdng l\u01b0\u1ee3ng: 49.0 Kg<\/li>\n<\/ul>\n<h3>Xu\u1ea5t x\u1ee9: PRC<\/h3>\n<div><\/div>\n","protected":false},"excerpt":{"rendered":"<p>Khoang r\u1eeda b\u1eb1ng inox, 3gi\u00e0n ch\u1ee9a \u0111\u01b0\u1ee3c 15 b\u1ed9 \u0111\u1ed3 Ch\u00e2u \u00c2u<br \/>\nM\u1ee9c \u0111\u1ed9 ti\u00eau th\u1ee5 n\u01b0\u1edbc: 12 l\u00edt\/ chu tr\u00ecnh<br \/>\n\u0110\u1ed9 \u1ed3n si\u00eau th\u1ea5p Super silence &amp;lt; 42dB<br \/>\n\u2013 C\u00f4ng su\u1ea5t ti\u00eau th\u1ee5 ti\u00eau chu\u1ea9n 0,95kW\/ chu tr\u00ecnh<br \/>\n\u2013 H\u1ec7 th\u1ed1ng \u0111i\u1ec1u khi\u1ec3n c\u01a1<br \/>\nM\u00e0n h\u00ecnh LED hi\u1ec7n th\u1ecb ch\u1ebf \u0111\u1ed9 v\u00e0 th\u1eddi gian ho\u1ea1t \u0111\u1ed9ng<br \/>\n8 ch\u01b0\u01a1ng tr\u00ecnh r\u1eeda t\u1ef1 \u0111\u1ed9ng: Auto,Intensive,Universal,ECO,Glass,90min,Rapid,Pre-wash<br \/>\n3 ch\u1ee9c n\u0103ng t\u0103ng c\u01b0\u1eddng: Turbo speed, Power wash v\u00e0 t\u1ef1 \u0111\u1ed9ng m\u1edf c\u1eeda<br \/>\nCh\u1ee9c n\u0103ng ch\u1ecdn gi\u00e0n r\u1eeda tr\u00ean\/ d\u01b0\u1edbi ri\u00eang bi\u1ec7t<br \/>\nGi\u00e1 \u0111\u1ee1 tr\u00ean d\u1ec5 d\u00e0ng \u0111i\u1ec1u ch\u1ec9nh \u0111\u1ed9 cao ph\u00f9 h\u1ee3p<br \/>\nCh\u1ebf \u0111\u1ed9 r\u1eeda n\u01b0\u1edbc n\u00f3ng, s\u1ea5y h\u01a1i n\u00f3ng<br \/>\nL\u1eafp \u0111\u1ed9c l\u1eadp ho\u1eb7c \u00e2m t\u1ee7<br \/>\nS\u1eed d\u1ee5ng \u0111\u1ed9ng c\u01a1 BLDC si\u00eau b\u1ec1n b\u1ec9<\/p>\n","protected":false},"featured_media":9674,"comment_status":"open","ping_status":"closed","template":"","meta":[],"product_brand":[],"product_cat":[92,824,828,827,774,826,755],"product_tag":[757,93,577,775,205,298],"class_list":{"0":"post-9672","1":"product","2":"type-product","3":"status-publish","4":"has-post-thumbnail","6":"product_cat-may-rua-chen-bat","7":"product_cat-may-rua-chen-bat-15-bo","8":"product_cat-may-rua-chen-bat-am-tu","9":"product_cat-may-rua-chen-bat-ban-am","10":"product_cat-may-rua-chen-bat-chefs","11":"product_cat-may-rua-chen-bat-doc-lap","12":"product_cat-thuong-hieu-chefs","13":"product_tag-chefs","14":"product_tag-may-rua-chen","15":"product_tag-may-rua-chen-15-bo","16":"product_tag-may-rua-chen-chefs","17":"product_tag-may-rua-chen-doc-lap","18":"product_tag-may-rua-chen-tich-hop","20":"first","21":"instock","22":"sale","23":"shipping-taxable","24":"purchasable","25":"product-type-simple"},"_links":{"self":[{"href":"https:\/\/livinghome.vn\/thiet-bi\/wp-json\/wp\/v2\/product\/9672","targetHints":{"allow":["GET"]}}],"collection":[{"href":"https:\/\/livinghome.vn\/thiet-bi\/wp-json\/wp\/v2\/product"}],"about":[{"href":"https:\/\/livinghome.vn\/thiet-bi\/wp-json\/wp\/v2\/types\/product"}],"replies":[{"embeddable":true,"href":"https:\/\/livinghome.vn\/thiet-bi\/wp-json\/wp\/v2\/comments?post=9672"}],"wp:featuredmedia":[{"embeddable":true,"href":"https:\/\/livinghome.vn\/thiet-bi\/wp-json\/wp\/v2\/media\/9674"}],"wp:attachment":[{"href":"https:\/\/livinghome.vn\/thiet-bi\/wp-json\/wp\/v2\/media?parent=9672"}],"wp:term":[{"taxonomy":"product_brand","embeddable":true,"href":"https:\/\/livinghome.vn\/thiet-bi\/wp-json\/wp\/v2\/product_brand?post=9672"},{"taxonomy":"product_cat","embeddable":true,"href":"https:\/\/livinghome.vn\/thiet-bi\/wp-json\/wp\/v2\/product_cat?post=9672"},{"taxonomy":"product_tag","embeddable":true,"href":"https:\/\/livinghome.vn\/thiet-bi\/wp-json\/wp\/v2\/product_tag?post=9672"}],"curies":[{"name":"wp","href":"https:\/\/api.w.org\/{rel}","templated":true}]}}