{"id":9667,"date":"2023-03-30T03:15:28","date_gmt":"2023-03-30T03:15:28","guid":{"rendered":"https:\/\/livinghome.vn\/thiet-bi\/?post_type=product&#038;p=9667"},"modified":"2024-11-29T14:19:13","modified_gmt":"2024-11-29T07:19:13","slug":"lo-vi-song-chefs-eh-mw801b","status":"publish","type":"product","link":"https:\/\/livinghome.vn\/thiet-bi\/lo-vi-song-chefs-eh-mw801b\/","title":{"rendered":"L\u00f2 vi s\u00f3ng Chefs EH MW801B dung t\u00edch 25L m\u00e0u \u0111en sang tr\u1ecdng"},"content":{"rendered":"<h3>L\u00f2 vi s\u00f3ng Chefs EH MW801B c\u00f3 k\u1ebft c\u1ea5u v\u1eefng ch\u1eafc, l\u1eafp \u0111\u1eb7t \u00e2m t\u1ee7 gi\u00fap kh\u00f4ng gian b\u1ebfp g\u1ecdn g\u00e0ng, sang tr\u1ecdng, r\u1ed9ng r\u00e3i h\u01a1n. Tuy nhi\u00ean l\u00f2 v\u1eabn c\u00f3 th\u1ec3 \u0111\u1ec3 tr\u00ean b\u00e0n ho\u1eb7c b\u1ea5t c\u1ee9 v\u1ecb tr\u00ed n\u00e0o trong kh\u00f4ng gian b\u1ebfp.<\/h3>\n<p>Dung t\u00edch 25L l\u00f2 vi s\u00f3ng Chefs EH MW801B th\u00edch h\u1ee3p s\u1eed d\u1ee5ng cho gia \u0111\u00ecnh t\u1eeb 4-6 th\u00e0nh vi\u00ean, khoang l\u00f2 b\u1eb1ng th\u00e9p kh\u00f4ng g\u1ec9 s\u00e1ng b\u00f3ng, ch\u1ed1ng oxy h\u00f3a, ch\u1ed1ng b\u00e1m b\u1ea9n, d\u1ec5 lau ch\u00f9i v\u00e0 v\u1ec7 sinh.<\/p>\n<figure id=\"attachment_9669\" aria-describedby=\"caption-attachment-9669\" style=\"width: 1200px\" class=\"wp-caption alignnone\"><img loading=\"lazy\" decoding=\"async\" class=\"size-full wp-image-9669\" src=\"https:\/\/livinghome.vn\/thiet-bi\/wp-content\/uploads\/nha-bep\/chefs\/lo-vi-song\/lo-vi-song-chefs-eh-mw801b\/lo-vi-song-eh-mw801b3.jpg\" alt=\"L\u00f2 vi s\u00f3ng Chefs EH MW801B dung t\u00edch 25L m\u00e0u \u0111en sang tr\u1ecdng\" width=\"1200\" height=\"675\" title=\"\" srcset=\"https:\/\/livinghome.vn\/thiet-bi\/wp-content\/uploads\/nha-bep\/chefs\/lo-vi-song\/lo-vi-song-chefs-eh-mw801b\/lo-vi-song-eh-mw801b3.jpg 1200w, https:\/\/livinghome.vn\/thiet-bi\/wp-content\/uploads\/nha-bep\/chefs\/lo-vi-song\/lo-vi-song-chefs-eh-mw801b\/lo-vi-song-eh-mw801b3-600x338.jpg 600w, https:\/\/livinghome.vn\/thiet-bi\/wp-content\/uploads\/nha-bep\/chefs\/lo-vi-song\/lo-vi-song-chefs-eh-mw801b\/lo-vi-song-eh-mw801b3-711x400.jpg 711w, https:\/\/livinghome.vn\/thiet-bi\/wp-content\/uploads\/nha-bep\/chefs\/lo-vi-song\/lo-vi-song-chefs-eh-mw801b\/lo-vi-song-eh-mw801b3-768x432.jpg 768w\" sizes=\"auto, (max-width: 1200px) 100vw, 1200px\" \/><figcaption id=\"caption-attachment-9669\" class=\"wp-caption-text\">L\u00f2 vi s\u00f3ng Chefs EH MW801B dung t\u00edch 25L m\u00e0u \u0111en sang tr\u1ecdng<\/figcaption><\/figure>\n<p>Ch\u1ee9c n\u0103ng n\u1ea5u th\u00f4ng minh: L\u00f2 vi s\u00f3ng Chefs EH MW801B \u0111\u01b0\u1ee3c thi\u1ebft k\u1ebf v\u1edbi 9 ch\u01b0\u01a1ng tr\u00ecnh ti\u1ec7n l\u1ee3i, 6 m\u1ee9c c\u00f4ng su\u1ea5t vi s\u00f3ng v\u00e0 11 ch\u01b0\u01a1ng tr\u00ecnh n\u1ea5u \u0103n t\u1ef1 \u0111\u1ed9ng cho c\u00e1c lo\u1ea1i th\u1ee9c ph\u1ea9m kh\u00e1c nhau nh\u01b0 g\u1ea1o, rau, khoai t\u00e2y, th\u1ecbt, c\u00e1&#8230;\u0110\u1eb7c bi\u1ec7t l\u00f2 c\u00f2n \u0111\u01b0\u1ee3c tich h\u1ee3p th\u00eam ch\u1ee9c n\u0103ng n\u01b0\u1edbng v\u1edbi m\u1ee9c c\u00f4ng su\u1ea5t t\u1edbi 1200w.<\/p>\n<figure id=\"attachment_9671\" aria-describedby=\"caption-attachment-9671\" style=\"width: 1200px\" class=\"wp-caption alignnone\"><img loading=\"lazy\" decoding=\"async\" class=\"size-full wp-image-9671\" src=\"https:\/\/livinghome.vn\/thiet-bi\/wp-content\/uploads\/nha-bep\/chefs\/lo-vi-song\/lo-vi-song-chefs-eh-mw801b\/lo-vi-song-eh-mw801b2.jpg\" alt=\"L\u00f2 vi s\u00f3ng Chefs EH MW801B dung t\u00edch 25L m\u00e0u \u0111en sang tr\u1ecdng\" width=\"1200\" height=\"675\" title=\"\" srcset=\"https:\/\/livinghome.vn\/thiet-bi\/wp-content\/uploads\/nha-bep\/chefs\/lo-vi-song\/lo-vi-song-chefs-eh-mw801b\/lo-vi-song-eh-mw801b2.jpg 1200w, https:\/\/livinghome.vn\/thiet-bi\/wp-content\/uploads\/nha-bep\/chefs\/lo-vi-song\/lo-vi-song-chefs-eh-mw801b\/lo-vi-song-eh-mw801b2-600x338.jpg 600w, https:\/\/livinghome.vn\/thiet-bi\/wp-content\/uploads\/nha-bep\/chefs\/lo-vi-song\/lo-vi-song-chefs-eh-mw801b\/lo-vi-song-eh-mw801b2-711x400.jpg 711w, https:\/\/livinghome.vn\/thiet-bi\/wp-content\/uploads\/nha-bep\/chefs\/lo-vi-song\/lo-vi-song-chefs-eh-mw801b\/lo-vi-song-eh-mw801b2-768x432.jpg 768w\" sizes=\"auto, (max-width: 1200px) 100vw, 1200px\" \/><figcaption id=\"caption-attachment-9671\" class=\"wp-caption-text\">L\u00f2 vi s\u00f3ng Chefs EH MW801B dung t\u00edch 25L m\u00e0u \u0111en sang tr\u1ecdng<\/figcaption><\/figure>\n<h3>T\u00ednh n\u0103ng s\u1ea3n ph\u1ea9m<\/h3>\n<ul>\n<li><a href=\"https:\/\/livinghome.vn\/thiet-bi\/lo-vi-song\/\">L\u00f2 vi s\u00f3ng<\/a><\/li>\n<li>L\u00f2 n\u01b0\u1edbng \u00e2m c\u00f3 n\u01b0\u1edbng m\u00e0u k\u00ednh \u0111en s\u00e1ng b\u00f3ng d\u1ec5 d\u00e0ng v\u1ec7 sinh<\/li>\n<li>Dung t\u00edch 25L, \u0111\u01b0\u1eddng k\u00ednh \u0111\u0129a quay 31,5cm<\/li>\n<li>9 ch\u1ee9c n\u0103ng ti\u1ec7n l\u1ee3i, 6 m\u1ee9c c\u00f4ng su\u1ea5t vi s\u00f3ng<\/li>\n<li>11 ch\u01b0\u01a1ng tr\u00ecnh n\u1ea5u t\u1ef1 \u0111\u1ed9ng ( Auto menu time)<\/li>\n<li>M\u00e0n h\u00ecnh hi\u1ec7n th\u1ecb k\u1ef9 thu\u1eadt s\u1ed1<\/li>\n<li>\u0110i\u1ec1u khi\u1ec3n d\u1ec5 d\u00e0ng b\u1eb1ng n\u00fam xoay<\/li>\n<li>Khoang l\u00f2 \u0111\u01b0\u1ee3c tr\u00e1ng men inox \u0111\u1eb7c bi\u1ec7t an to\u00e0n, d\u1ec5 d\u00e0ng v\u1ec7 sinh<\/li>\n<li>Khung nh\u00ecn \u0111\u01b0\u1ee3c l\u00e0m b\u1eb1ng th\u00e9p kh\u00f4ng g\u1ec9 k\u1ebft h\u1ee3p v\u1edbi k\u00ednh trong su\u1ed1t<\/li>\n<li>C\u1eeda k\u00ednh 2 l\u1edbp c\u00e1ch nhi\u1ec7t, vi\u1ec1n inox sang tr\u1ecdng<\/li>\n<li>T\u00ednh n\u0103ng h\u00e2m n\u00f3ng(Warm), ti\u1ec7t tr\u00f9ng( Sterilize).<\/li>\n<li>M\u1ee9c ti\u1ebft ki\u1ec7m n\u0103ng l\u01b0\u1ee3ng A<\/li>\n<li>C\u00f4ng su\u1ea5t vi s\u00f3ng max 900w<\/li>\n<li>C\u00f4ng su\u1ea5t n\u01b0\u1edbng max 1200w<\/li>\n<\/ul>\n<h3>T\u00ednh n\u0103n an to\u00e0n<\/h3>\n<ul>\n<li>Kh\u00f3a an to\u00e0n tr\u1ebb em<\/li>\n<li>H\u1ec7 th\u1ed1ng t\u1ef1 ng\u1eaft \u0111i\u1ec7n thi m\u1edf c\u1eeda l\u00f2<\/li>\n<li>H\u1ec7 th\u1ed1ng l\u00e0m m\u00e1t kh\u00ed tho\u00e1t ra ngo\u00e0i<\/li>\n<\/ul>\n<h3>Th\u00f4ng s\u1ed1 k\u1ef9 thu\u1eadt<\/h3>\n<ul>\n<li>K\u00edch th\u01b0\u1edbt s\u1ea3n ph\u1ea9m: 595R X 368S x 380C mm&nbsp;<\/li>\n<li>K\u00edch th\u01b0\u1edbt \u00e2m t\u1ee7: 560R X 390S x 390C mm<\/li>\n<\/ul>\n<h3>Xu\u1ea5t x\u1ee9: PRC<\/h3>\n<div><\/div>\n","protected":false},"excerpt":{"rendered":"<p>L\u00f2 n\u01b0\u1edbng \u00e2m c\u00f3 n\u01b0\u1edbng m\u00e0u k\u00ednh \u0111en s\u00e1ng b\u00f3ng d\u1ec5 d\u00e0ng v\u1ec7 sinh<br \/>\nDung t\u00edch 25L, \u0111\u01b0\u1eddng k\u00ednh \u0111\u0129a quay 31,5cm<br \/>\n9 ch\u1ee9c n\u0103ng ti\u1ec7n l\u1ee3i, 6 m\u1ee9c c\u00f4ng su\u1ea5t vi s\u00f3ng<br \/>\n11 ch\u01b0\u01a1ng tr\u00ecnh n\u1ea5u t\u1ef1 \u0111\u1ed9ng ( Auto menu time)<br \/>\nM\u00e0n h\u00ecnh hi\u1ec7n th\u1ecb k\u1ef9 thu\u1eadt s\u1ed1<br \/>\n\u0110i\u1ec1u khi\u1ec3n d\u1ec5 d\u00e0ng b\u1eb1ng n\u00fam xoay<br \/>\nKhoang l\u00f2 \u0111\u01b0\u1ee3c tr\u00e1ng men inox \u0111\u1eb7c bi\u1ec7t an to\u00e0n, d\u1ec5 d\u00e0ng v\u1ec7 sinh<br \/>\nKhung nh\u00ecn \u0111\u01b0\u1ee3c l\u00e0m b\u1eb1ng th\u00e9p kh\u00f4ng g\u1ec9 k\u1ebft h\u1ee3p v\u1edbi k\u00ednh trong su\u1ed1t<br \/>\nC\u1eeda k\u00ednh 2 l\u1edbp c\u00e1ch nhi\u1ec7t, vi\u1ec1n inox sang tr\u1ecdng<br \/>\nT\u00ednh n\u0103ng h\u00e2m n\u00f3ng(Warm), ti\u1ec7t tr\u00f9ng( Sterilize).<br \/>\nM\u1ee9c ti\u1ebft ki\u1ec7m n\u0103ng l\u01b0\u1ee3ng A<\/p>\n","protected":false},"featured_media":9670,"comment_status":"open","ping_status":"closed","template":"","meta":[],"product_brand":[],"product_cat":[159,755],"product_tag":[757,158,215,160,773],"class_list":{"0":"post-9667","1":"product","2":"type-product","3":"status-publish","4":"has-post-thumbnail","6":"product_cat-lo-vi-song","7":"product_cat-thuong-hieu-chefs","8":"product_tag-chefs","9":"product_tag-lo-vi-song","10":"product_tag-lo-vi-song-am","11":"product_tag-lo-vi-song-am-tu","12":"product_tag-lo-vi-song-chefs","14":"first","15":"instock","16":"sale","17":"shipping-taxable","18":"purchasable","19":"product-type-simple"},"_links":{"self":[{"href":"https:\/\/livinghome.vn\/thiet-bi\/wp-json\/wp\/v2\/product\/9667","targetHints":{"allow":["GET"]}}],"collection":[{"href":"https:\/\/livinghome.vn\/thiet-bi\/wp-json\/wp\/v2\/product"}],"about":[{"href":"https:\/\/livinghome.vn\/thiet-bi\/wp-json\/wp\/v2\/types\/product"}],"replies":[{"embeddable":true,"href":"https:\/\/livinghome.vn\/thiet-bi\/wp-json\/wp\/v2\/comments?post=9667"}],"wp:featuredmedia":[{"embeddable":true,"href":"https:\/\/livinghome.vn\/thiet-bi\/wp-json\/wp\/v2\/media\/9670"}],"wp:attachment":[{"href":"https:\/\/livinghome.vn\/thiet-bi\/wp-json\/wp\/v2\/media?parent=9667"}],"wp:term":[{"taxonomy":"product_brand","embeddable":true,"href":"https:\/\/livinghome.vn\/thiet-bi\/wp-json\/wp\/v2\/product_brand?post=9667"},{"taxonomy":"product_cat","embeddable":true,"href":"https:\/\/livinghome.vn\/thiet-bi\/wp-json\/wp\/v2\/product_cat?post=9667"},{"taxonomy":"product_tag","embeddable":true,"href":"https:\/\/livinghome.vn\/thiet-bi\/wp-json\/wp\/v2\/product_tag?post=9667"}],"curies":[{"name":"wp","href":"https:\/\/api.w.org\/{rel}","templated":true}]}}