{"id":9634,"date":"2023-03-29T10:11:46","date_gmt":"2023-03-29T10:11:46","guid":{"rendered":"https:\/\/livinghome.vn\/thiet-bi\/?post_type=product&#038;p=9634"},"modified":"2024-11-29T14:19:13","modified_gmt":"2024-11-29T07:19:13","slug":"lo-nuong-chefs-eh-bo600s","status":"publish","type":"product","link":"https:\/\/livinghome.vn\/thiet-bi\/lo-nuong-chefs-eh-bo600s\/","title":{"rendered":"L\u00f2 n\u01b0\u1edbng Chefs EH BO600S \u00e2m t\u1ee7 ti\u00eau chu\u1ea9n Ch\u00e2u \u00c2u dung t\u00edch 56L"},"content":{"rendered":"<h3>L\u00f2 N\u01b0\u1edbng Chefs EH-BO600S \u0111\u01b0\u1ee3c thi\u1ebft k\u1ebf theo ti\u00eau chu\u1ea9n c\u1ee7a Ch\u00e2u \u00c2u v\u1edbi nhi\u1ec1u t\u00ednh n\u0103ng an to\u00e0n ti\u1ec7n d\u1ee5ng, \u0111\u1ed3ng th\u1eddi gi\u00fap cho c\u00f4ng vi\u1ec7c n\u1ea5u n\u01b0\u1edbng c\u1ee7a ng\u01b0\u1eddi n\u1ed9i tr\u1ee3 tr\u1edf n\u00ean nh\u1eb9 nh\u00e0ng, \u0111\u01a1n gi\u1ea3n h\u01a1n r\u1ea5t nhi\u1ec1u.<\/h3>\n<figure id=\"attachment_9662\" aria-describedby=\"caption-attachment-9662\" style=\"width: 1200px\" class=\"wp-caption alignnone\"><img loading=\"lazy\" decoding=\"async\" class=\"size-full wp-image-9662\" src=\"https:\/\/livinghome.vn\/thiet-bi\/wp-content\/uploads\/nha-bep\/chefs\/lo-nuong\/lo-nuong-chefs-eh-bo600s\/lo-nuong-am-tu-bo600s4.jpg\" alt=\"L\u00f2 n\u01b0\u1edbng Chefs EH BO600S \u00e2m t\u1ee7 ti\u00eau chu\u1ea9n Ch\u00e2u \u00c2u dung t\u00edch 56L\" width=\"1200\" height=\"675\" title=\"\" srcset=\"https:\/\/livinghome.vn\/thiet-bi\/wp-content\/uploads\/nha-bep\/chefs\/lo-nuong\/lo-nuong-chefs-eh-bo600s\/lo-nuong-am-tu-bo600s4.jpg 1200w, https:\/\/livinghome.vn\/thiet-bi\/wp-content\/uploads\/nha-bep\/chefs\/lo-nuong\/lo-nuong-chefs-eh-bo600s\/lo-nuong-am-tu-bo600s4-600x338.jpg 600w, https:\/\/livinghome.vn\/thiet-bi\/wp-content\/uploads\/nha-bep\/chefs\/lo-nuong\/lo-nuong-chefs-eh-bo600s\/lo-nuong-am-tu-bo600s4-711x400.jpg 711w, https:\/\/livinghome.vn\/thiet-bi\/wp-content\/uploads\/nha-bep\/chefs\/lo-nuong\/lo-nuong-chefs-eh-bo600s\/lo-nuong-am-tu-bo600s4-768x432.jpg 768w\" sizes=\"auto, (max-width: 1200px) 100vw, 1200px\" \/><figcaption id=\"caption-attachment-9662\" class=\"wp-caption-text\">L\u00f2 n\u01b0\u1edbng Chefs EH BO600S \u00e2m t\u1ee7 ti\u00eau chu\u1ea9n Ch\u00e2u \u00c2u dung t\u00edch 56L<\/figcaption><\/figure>\n<p>L\u00f2 N\u01b0\u1edbng Chefs EH-BO600S \u0111\u01b0\u1ee3c trang b\u1ecb m\u1ed9t b\u1ea3ng \u0111i\u1ec1u khi\u1ec3n c\u1ea3m \u1ee9ng th\u00f4ng minh hi\u1ec7n \u0111\u1ea1i s\u1eafc n\u00e9t n\u1ed5i b\u1eadt ph\u00eda tr\u00ean c\u1eeda l\u00f2 gi\u00fap ng\u01b0\u1eddi s\u1eed d\u1ee5ng c\u00f3 th\u1ec3 thao t\u00e1c m\u1ed9t c\u00e1ch thu\u1eadn ti\u1ec7n, nhanh ch\u00f3ng nh\u1ea5t, b\u00ean trong l\u00f2 c\u00f3 \u0111\u00e8n chi\u1ebfu s\u00e1ng trong qu\u00e1 tr\u00ecnh n\u01b0\u1edbng ti\u1ec7n l\u1ee3i. Thi\u1ebft b\u1ecb c\u00f2n \u0111i k\u00e8m theo ph\u1ee5 ki\u1ec7n v\u1ec9 v\u00e0 khay n\u01b0\u1edbng cao c\u1ea5p gi\u00fap cho ng\u01b0\u1eddi d\u00f9ng th\u1ef1c hi\u1ec7n \u0111\u01b0\u1ee3c c\u00e1c m\u00f3n n\u01b0\u1edbng th\u01a1m ngon, ch\u00edn v\u00e0ng nh\u01b0 \u1edf nh\u00e0 h\u00e0ng r\u1ea5t d\u1ec5 d\u00e0ng v\u00e0 \u0111\u01a1n gi\u1ea3n.<\/p>\n<figure id=\"attachment_9666\" aria-describedby=\"caption-attachment-9666\" style=\"width: 1200px\" class=\"wp-caption alignnone\"><img loading=\"lazy\" decoding=\"async\" class=\"size-full wp-image-9666\" src=\"https:\/\/livinghome.vn\/thiet-bi\/wp-content\/uploads\/nha-bep\/chefs\/lo-nuong\/lo-nuong-chefs-eh-bo600s\/lo-nuong-am-tu-bo600s5.jpg\" alt=\"L\u00f2 n\u01b0\u1edbng Chefs EH BO600S \u00e2m t\u1ee7 ti\u00eau chu\u1ea9n Ch\u00e2u \u00c2u dung t\u00edch 56L\" width=\"1200\" height=\"675\" title=\"\" srcset=\"https:\/\/livinghome.vn\/thiet-bi\/wp-content\/uploads\/nha-bep\/chefs\/lo-nuong\/lo-nuong-chefs-eh-bo600s\/lo-nuong-am-tu-bo600s5.jpg 1200w, https:\/\/livinghome.vn\/thiet-bi\/wp-content\/uploads\/nha-bep\/chefs\/lo-nuong\/lo-nuong-chefs-eh-bo600s\/lo-nuong-am-tu-bo600s5-600x338.jpg 600w, https:\/\/livinghome.vn\/thiet-bi\/wp-content\/uploads\/nha-bep\/chefs\/lo-nuong\/lo-nuong-chefs-eh-bo600s\/lo-nuong-am-tu-bo600s5-711x400.jpg 711w, https:\/\/livinghome.vn\/thiet-bi\/wp-content\/uploads\/nha-bep\/chefs\/lo-nuong\/lo-nuong-chefs-eh-bo600s\/lo-nuong-am-tu-bo600s5-768x432.jpg 768w\" sizes=\"auto, (max-width: 1200px) 100vw, 1200px\" \/><figcaption id=\"caption-attachment-9666\" class=\"wp-caption-text\">L\u00f2 n\u01b0\u1edbng Chefs EH BO600S \u00e2m t\u1ee7 ti\u00eau chu\u1ea9n Ch\u00e2u \u00c2u dung t\u00edch 56L<\/figcaption><\/figure>\n<p>L\u00f2 N\u01b0\u1edbng Chefs EH-BO600S c\u00f4ng su\u1ea5t 3010W ho\u1ea1t \u0111\u1ed9ng c\u1ef1c k\u1ef3 m\u1ea1nh m\u1ebd v\u00e0 b\u1ec1n b\u1ec9, l\u00f2 c\u00f3 thi\u1ebft k\u1ebf \u0111\u1ea1t ti\u00eau chu\u1ea9n an to\u00e0n ti\u1ec7n d\u1ee5ng c\u1ee7a Ch\u00e2u \u00c2u v\u1edbi c\u00f4ng ngh\u1ec7 n\u01b0\u1edbng 3D gi\u00fap nhi\u1ec7t l\u01b0\u1ee3ng \u0111\u01b0\u1ee3c l\u01b0u th\u00f4ng \u0111\u1ec1u kh\u1eafp khoang l\u00f2 s\u1ebd gi\u00fap cho ng\u01b0\u1eddi n\u1ed9i tr\u1ee3 c\u00f3 th\u1ec3 nhanh ch\u00f3ng, d\u1ec5 d\u00e0ng ch\u1ebf bi\u1ebfn \u0111\u01b0\u1ee3c c\u00e1c m\u00f3n n\u01b0\u1edbng th\u01a1m ngon, ch\u00edn v\u00e0ng m\u00e0 kh\u00f4ng ph\u1ea3i t\u1ed1n nhi\u1ec1u th\u1eddi gian v\u00e0 c\u00f4ng s\u1ee9c. B\u00ean c\u1ea1nh \u0111\u00f3, l\u00f2 \u0111\u01b0\u1ee3c ho\u00e0n thi\u1ec7n t\u1ec9 m\u0129 \u0111\u1ebfn t\u1eebng chi ti\u1ebft v\u1edbi ch\u1ea5t li\u1ec7u inox ch\u1ed1ng g\u1ec9 cao c\u1ea5p v\u00e0 c\u1eeda k\u00ednh c\u00e1ch nhi\u1ec7t 3 l\u1edbp ti\u1ebfp tuy\u1ebfn ng\u0103n kh\u00f4ng cho nhi\u1ec7t l\u01b0\u1ee3ng th\u1ea5t tho\u00e1t ra ngo\u00e0i l\u00e0m gi\u1ea3m hi\u1ec7u n\u0103ng n\u1ea5u n\u01b0\u1edbng c\u0169ng nh\u01b0 ti\u00eau hao n\u0103ng l\u01b0\u1ee3ng \u0111\u1ed3ng th\u1eddi \u0111\u1ea3m b\u1ea3o an to\u00e0n cho ng\u01b0\u1eddi d\u00f9ng ho\u00e0n to\u00e0n y\u00ean t\u00e2m trong khi s\u1eed d\u1ee5ng l\u00f2.<\/p>\n<figure id=\"attachment_9660\" aria-describedby=\"caption-attachment-9660\" style=\"width: 1200px\" class=\"wp-caption alignnone\"><img loading=\"lazy\" decoding=\"async\" class=\"size-full wp-image-9660\" src=\"https:\/\/livinghome.vn\/thiet-bi\/wp-content\/uploads\/nha-bep\/chefs\/lo-nuong\/lo-nuong-chefs-eh-bo600s\/lo-nuong-am-tu-bo600s7.jpg\" alt=\"L\u00f2 n\u01b0\u1edbng Chefs EH BO600S \u00e2m t\u1ee7 ti\u00eau chu\u1ea9n Ch\u00e2u \u00c2u dung t\u00edch 56L\" width=\"1200\" height=\"675\" title=\"\" srcset=\"https:\/\/livinghome.vn\/thiet-bi\/wp-content\/uploads\/nha-bep\/chefs\/lo-nuong\/lo-nuong-chefs-eh-bo600s\/lo-nuong-am-tu-bo600s7.jpg 1200w, https:\/\/livinghome.vn\/thiet-bi\/wp-content\/uploads\/nha-bep\/chefs\/lo-nuong\/lo-nuong-chefs-eh-bo600s\/lo-nuong-am-tu-bo600s7-600x338.jpg 600w, https:\/\/livinghome.vn\/thiet-bi\/wp-content\/uploads\/nha-bep\/chefs\/lo-nuong\/lo-nuong-chefs-eh-bo600s\/lo-nuong-am-tu-bo600s7-711x400.jpg 711w, https:\/\/livinghome.vn\/thiet-bi\/wp-content\/uploads\/nha-bep\/chefs\/lo-nuong\/lo-nuong-chefs-eh-bo600s\/lo-nuong-am-tu-bo600s7-768x432.jpg 768w\" sizes=\"auto, (max-width: 1200px) 100vw, 1200px\" \/><figcaption id=\"caption-attachment-9660\" class=\"wp-caption-text\">L\u00f2 n\u01b0\u1edbng Chefs EH BO600S \u00e2m t\u1ee7 ti\u00eau chu\u1ea9n Ch\u00e2u \u00c2u dung t\u00edch 56L<\/figcaption><\/figure>\n<h3>T\u00ednh n\u0103ng c\u01a1 b\u1ea3n<\/h3>\n<ul>\n<li><a href=\"https:\/\/livinghome.vn\/product-category\/thiet-bi-bep\/lo-nuong-am\/\">L\u00f2 n\u01b0\u1edbng \u00e2m<\/a> &#8211; L\u00f2 n\u01b0\u1edbng \u00e2m t\u1ee7<\/li>\n<li>Lo\u0300n\u01b0\u1edbng c\u00f3 dung t\u00edch 56L v\u1edbi thi\u1ebft k\u1ebf m\u00e0u \u0111en sang tr\u1ecdng .<\/li>\n<li>C\u00f4ng ngh\u1ec7 kh\u00ed n\u00f3ng 3D<\/li>\n<li>Nhi\u1ec7t \u0111\u1ed9 n\u01b0\u1edbng 50 &#8211; 250 \u00b0 C<\/li>\n<li>\u0110i\u1ec1u khi\u1ec3n c\u1ea3m \u1ee9ng, m\u00e0n h\u00ecnh LED<\/li>\n<li>C\u00f4ng su\u1ea5t l\u00ean t\u1edbi 3010W,<\/li>\n<li>Khoang lo\u0300tr\u00e1ng men g\u1ed1m<\/li>\n<li>C\u00e1nh c\u1eeda c\u00f3 th\u1ec3 th\u00e1o r\u1eddi ho\u00e0n ho\u00e0n d\u1ec5 v\u1ec7 sinh<\/li>\n<li>\u0110\u00e8n chi\u1ebfu s\u00e1ng, d\u1ec5 d\u00e0ng quan s\u00e1t qu\u00e1 tr\u00ecnh lo\u0300ho\u1ea1t \u0111\u1ed9ng<\/li>\n<li>Kh\u00f3a an to\u00e0n tr\u1ebb em<\/li>\n<li>C\u00e0i \u0111\u1eb7t gi\u1edd h\u1ec7 th\u1ed1ng, h\u1eb9n gi\u1edd n\u1ea5u<\/li>\n<li>8 ch\u01b0\u01a1ng tr\u00ecnh t\u1ef1 \u0111\u1ed9ng n\u01b0\u1edbng<\/li>\n<li>C\u1eeda lo\u0300c\u1ea5u t\u1ea1o g\u1ed3m 3 l\u1edbp k\u00ednh ch\u1ecbu l\u1ef1c, ch\u1ecbu nhi\u1ec7t, ch\u1ed1ng s\u1ed1c nhi\u1ec7t t\u1ed1t<\/li>\n<\/ul>\n<h3>Th\u00f4ng s\u1ed1 k\u1ef9 thu\u1eadt<\/h3>\n<ul>\n<li>K\u00edch th\u01b0\u1edbc s\u1ea3n ph\u1ea9m (cao x r\u1ed9ng x s\u00e2u): 595x595x575 mm<\/li>\n<li>K\u00edch th\u01b0\u1edbc l\u1eafp \u0111\u1eb7t (cao x r\u1ed9ng x s\u00e2u): 600x595x580 mm<\/li>\n<li>Tr\u1ecdng l\u01b0\u1ee3ng 42kg<\/li>\n<\/ul>\n<h3>Xu\u1ea5t x\u1ee9: PRC<\/h3>\n<div><\/div>\n","protected":false},"excerpt":{"rendered":"<p>Lo\u0300 n\u01b0\u1edbng c\u00f3 dung t\u00edch 56L v\u1edbi thi\u1ebft k\u1ebf m\u00e0u \u0111en sang tr\u1ecdng .<br \/>\nC\u00f4ng ngh\u1ec7 kh\u00ed n\u00f3ng 3D<br \/>\nNhi\u1ec7t \u0111\u1ed9 n\u01b0\u1edbng 50 &#8211; 250 \u00b0 C<br \/>\n\u0110i\u1ec1u khi\u1ec3n c\u1ea3m \u1ee9ng, m\u00e0n h\u00ecnh LED<br \/>\nC\u00f4ng su\u1ea5t l\u00ean t\u1edbi 3010W,<br \/>\nKhoang lo\u0300tr\u00e1ng men g\u1ed1m<br \/>\nC\u00e1nh c\u1eeda c\u00f3 th\u1ec3 th\u00e1o r\u1eddi ho\u00e0n ho\u00e0n d\u1ec5 v\u1ec7 sinh<br \/>\n\u0110\u00e8n chi\u1ebfu s\u00e1ng, d\u1ec5 d\u00e0ng quan s\u00e1t qu\u00e1 tr\u00ecnh lo\u0300ho\u1ea1t \u0111\u1ed9ng<br \/>\nKh\u00f3a an to\u00e0n tr\u1ebb em<br \/>\nC\u00e0i \u0111\u1eb7t gi\u1edd h\u1ec7 th\u1ed1ng, h\u1eb9n gi\u1edd n\u1ea5u<br \/>\n8 ch\u01b0\u01a1ng tr\u00ecnh t\u1ef1 \u0111\u1ed9ng n\u01b0\u1edbng<br \/>\nC\u1eeda lo\u0300c\u1ea5u t\u1ea1o g\u1ed3m 3 l\u1edbp k\u00ednh ch\u1ecbu l\u1ef1c, ch\u1ecbu nhi\u1ec7t, ch\u1ed1ng s\u1ed1c nhi\u1ec7t t\u1ed1t<\/p>\n","protected":false},"featured_media":9659,"comment_status":"open","ping_status":"closed","template":"","meta":[],"product_brand":[],"product_cat":[95,771,755],"product_tag":[96,154,268,292,270],"class_list":{"0":"post-9634","1":"product","2":"type-product","3":"status-publish","4":"has-post-thumbnail","6":"product_cat-lo-nuong","7":"product_cat-lo-nuong-chefs","8":"product_cat-thuong-hieu-chefs","9":"product_tag-lo-nuong","10":"product_tag-lo-nuong-am","11":"product_tag-lo-nuong-am-tu-malloca","12":"product_tag-lo-nuong-malloca","13":"product_tag-malloca","15":"first","16":"instock","17":"sale","18":"shipping-taxable","19":"purchasable","20":"product-type-simple"},"_links":{"self":[{"href":"https:\/\/livinghome.vn\/thiet-bi\/wp-json\/wp\/v2\/product\/9634","targetHints":{"allow":["GET"]}}],"collection":[{"href":"https:\/\/livinghome.vn\/thiet-bi\/wp-json\/wp\/v2\/product"}],"about":[{"href":"https:\/\/livinghome.vn\/thiet-bi\/wp-json\/wp\/v2\/types\/product"}],"replies":[{"embeddable":true,"href":"https:\/\/livinghome.vn\/thiet-bi\/wp-json\/wp\/v2\/comments?post=9634"}],"wp:featuredmedia":[{"embeddable":true,"href":"https:\/\/livinghome.vn\/thiet-bi\/wp-json\/wp\/v2\/media\/9659"}],"wp:attachment":[{"href":"https:\/\/livinghome.vn\/thiet-bi\/wp-json\/wp\/v2\/media?parent=9634"}],"wp:term":[{"taxonomy":"product_brand","embeddable":true,"href":"https:\/\/livinghome.vn\/thiet-bi\/wp-json\/wp\/v2\/product_brand?post=9634"},{"taxonomy":"product_cat","embeddable":true,"href":"https:\/\/livinghome.vn\/thiet-bi\/wp-json\/wp\/v2\/product_cat?post=9634"},{"taxonomy":"product_tag","embeddable":true,"href":"https:\/\/livinghome.vn\/thiet-bi\/wp-json\/wp\/v2\/product_tag?post=9634"}],"curies":[{"name":"wp","href":"https:\/\/api.w.org\/{rel}","templated":true}]}}