{"id":962,"date":"2023-01-12T11:29:53","date_gmt":"2023-01-12T11:29:53","guid":{"rendered":"https:\/\/livinghome.vn\/thiet-bi\/?post_type=product&#038;p=962"},"modified":"2024-11-29T14:20:49","modified_gmt":"2024-11-29T07:20:49","slug":"may-rua-chen-kaff-kf-w45a1a401j","status":"publish","type":"product","link":"https:\/\/livinghome.vn\/thiet-bi\/may-rua-chen-kaff-kf-w45a1a401j\/","title":{"rendered":"M\u00e1y r\u1eeda ch\u00e9n Kaff KF-W45A1A401J 9 b\u1ed9 10 l\u00edt n\u01b0\u1edbc"},"content":{"rendered":"<h2>M\u00e1y r\u1eeda ch\u00e9n Kaff KF-W45A1A401J n\u1ed5i b\u1eadt v\u1edbi s\u1ee9c ch\u1ee9a t\u1edbi 9 b\u1ed9 v\u00e0 c\u00e1c ch\u1ee9c n\u0103ng \u0111\u1eb7c bi\u1ec7t kh\u00e1c<\/h2>\n<figure id=\"attachment_52152\" aria-describedby=\"caption-attachment-52152\" style=\"width: 800px\" class=\"wp-caption alignnone\"><img loading=\"lazy\" decoding=\"async\" class=\"size-large wp-image-52152\" src=\"https:\/\/livinghome.vn\/thiet-bi\/wp-content\/uploads\/nha-bep\/kaff\/may-rua-chen\/may-rua-chen-kaff-kf-w45a1a401j\/may-rua-chen-kaff-kf-w45a1a401j-800x800.jpg\" alt=\"M\u00e1y r\u1eeda ch\u00e9n Kaff KF-W45A1A401J\" width=\"800\" height=\"800\" title=\"\"><figcaption id=\"caption-attachment-52152\" class=\"wp-caption-text\">M\u00e1y r\u1eeda ch\u00e9n Kaff KF-W45A1A401J<\/figcaption><\/figure>\n<p>Th\u00f4ng s\u1ed1 k\u1ef9 thu\u1eadt:<\/p>\n<ul>\n<li>M\u00e1y r\u1eeda ch\u00e9n b\u00e1n \u00e2m<\/li>\n<li>Th\u00e2n inox cao c\u1ea5p<\/li>\n<li>S\u1ee9c ch\u1ee9a 09 b\u1ed9 \u0111\u1ed3 \u0103n Ch\u00e2u \u00c2u<\/li>\n<li>Ch\u01b0\u01a1ng tr\u00ecnh r\u1eeda t\u00edch h\u1ee3p: R\u1eeda m\u1ea1nh, r\u1eeda t\u1ef1 \u0111\u1ed9ng, r\u1eeda ti\u1ebft ki\u1ec7m, r\u1eeda nhanh, r\u1eeda s\u01a1 b\u1ed9, r\u1eeda ch\u1edd l\u00ean \u0111\u1ebfn 24h<\/li>\n<li>Ch\u1ee9c n\u0103ng \u0111\u1eb7c bi\u1ec7t: t\u0103ng t\u1ed1c \u0111\u1ed9 r\u1eeda, r\u1eeda n\u1eeda t\u1ea3i<\/li>\n<li>\u0110i\u1ec1u khi\u1ec3n \u0111i\u1ec7n t\u1eed, m\u00e0n h\u00ecnh led sang tr\u1ecdng<\/li>\n<li>Ch\u1ee9c n\u0103ng h\u1eb9n gi\u1edd<\/li>\n<li>\u0110\u1ed9 \u1ed3n c\u1ef1c th\u1ea5p maximum 40dB<\/li>\n<li>Ti\u00eau chu\u1ea9n ti\u1ebft ki\u1ec7m n\u0103ng l\u01b0\u1ee3ng Ch\u00e2u \u00c2u A++ (bi\u1ebfn t\u1ea7n t\u00edch h\u1ee3p)<\/li>\n<li>Ch\u1ee9c n\u0103ng kh\u00f3a m\u00e1y khi c\u00f3 s\u1ef1 c\u1ed1 ngo\u1ea1i c\u1ea3nh t\u00e1c \u0111\u1ed9ng (ng\u1eadp n\u01b0\u1edbc, va \u0111\u1eadp, y\u1ebfu \u0111i\u1ec7n, thi\u1ebfu n\u01b0\u1edbc\u2026)<\/li>\n<li>Ch\u1ed3ng r\u00f2 n\u01b0\u1edbc t\u1eeb m\u00e1y<\/li>\n<li>M\u1ee9c ti\u00eau th\u1ee5 \u0111i\u1ec7n n\u0103ng: 1.850Kwh\/l\u1ea7n r\u1eeda<\/li>\n<li>Nhi\u1ec7t \u0111\u1ed9 n\u01b0\u1edbc n\u00f3ng l\u00ean \u0111\u1ebfn 70 \u0111\u1ed9<\/li>\n<li>M\u1ee9c ti\u00eau th\u1ee5 n\u01b0\u1edbc: 10 l\u00edt\/l\u1ea7n r\u1eeda<\/li>\n<li>\u00c1p su\u1ea5t n\u01b0\u1edbc 0.4 \u0111\u1ebfn 10 Bar<\/li>\n<li>\u0110i\u1ec7n n\u0103ng \u0111\u1ea7u v\u00e0o: 220-240V\/50-60Hz<\/li>\n<li>Chi\u1ec1u d\u00e0i c\u00e1p \u0111i\u1ec7n 1.5m<\/li>\n<li>K\u00edch th\u01b0\u1edbc s\u1ea3n ph\u1ea9m: 845C x 448R x 600S mm<\/li>\n<\/ul>\n","protected":false},"excerpt":{"rendered":"<p>M\u00e1y r\u1eeda ch\u00e9n Kaff KF-W45A1A401J n\u1ed5i b\u1eadt v\u1edbi s\u1ee9c ch\u1ee9a t\u1edbi 9 b\u1ed9 v\u00e0 c\u00e1c ch\u1ee9c n\u0103ng \u0111\u1eb7c bi\u1ec7t kh\u00e1c Th\u00f4ng s\u1ed1 k\u1ef9 thu\u1eadt: M\u00e1y r\u1eeda ch\u00e9n b\u00e1n \u00e2m Th\u00e2n inox cao c\u1ea5p S\u1ee9c ch\u1ee9a 09 b\u1ed9 \u0111\u1ed3 \u0103n Ch\u00e2u \u00c2u Ch\u01b0\u01a1ng tr\u00ecnh r\u1eeda t\u00edch h\u1ee3p: R\u1eeda m\u1ea1nh, r\u1eeda t\u1ef1 \u0111\u1ed9ng, r\u1eeda ti\u1ebft ki\u1ec7m, r\u1eeda [&#8230;]\n","protected":false},"featured_media":1024,"comment_status":"open","ping_status":"closed","template":"","meta":[],"product_brand":[],"product_cat":[607,92,821,828,827,867,826,164],"product_tag":[167,93,137,182],"class_list":{"0":"post-962","1":"product","2":"type-product","3":"status-publish","4":"has-post-thumbnail","6":"product_cat-may-rua-chen-bat-kaff","7":"product_cat-may-rua-chen-bat","8":"product_cat-may-rua-chen-bat-8-bo","9":"product_cat-may-rua-chen-bat-am-tu","10":"product_cat-may-rua-chen-bat-ban-am","11":"product_cat-may-rua-chen-bat-chau-au","12":"product_cat-may-rua-chen-bat-doc-lap","13":"product_cat-thuong-hieu-kaff","14":"product_tag-kaff","15":"product_tag-may-rua-chen","16":"product_tag-may-rua-chen-am-tu","17":"product_tag-may-rua-chen-kaff","19":"first","20":"instock","21":"sale","22":"shipping-taxable","23":"purchasable","24":"product-type-simple"},"_links":{"self":[{"href":"https:\/\/livinghome.vn\/thiet-bi\/wp-json\/wp\/v2\/product\/962","targetHints":{"allow":["GET"]}}],"collection":[{"href":"https:\/\/livinghome.vn\/thiet-bi\/wp-json\/wp\/v2\/product"}],"about":[{"href":"https:\/\/livinghome.vn\/thiet-bi\/wp-json\/wp\/v2\/types\/product"}],"replies":[{"embeddable":true,"href":"https:\/\/livinghome.vn\/thiet-bi\/wp-json\/wp\/v2\/comments?post=962"}],"wp:featuredmedia":[{"embeddable":true,"href":"https:\/\/livinghome.vn\/thiet-bi\/wp-json\/wp\/v2\/media\/1024"}],"wp:attachment":[{"href":"https:\/\/livinghome.vn\/thiet-bi\/wp-json\/wp\/v2\/media?parent=962"}],"wp:term":[{"taxonomy":"product_brand","embeddable":true,"href":"https:\/\/livinghome.vn\/thiet-bi\/wp-json\/wp\/v2\/product_brand?post=962"},{"taxonomy":"product_cat","embeddable":true,"href":"https:\/\/livinghome.vn\/thiet-bi\/wp-json\/wp\/v2\/product_cat?post=962"},{"taxonomy":"product_tag","embeddable":true,"href":"https:\/\/livinghome.vn\/thiet-bi\/wp-json\/wp\/v2\/product_tag?post=962"}],"curies":[{"name":"wp","href":"https:\/\/api.w.org\/{rel}","templated":true}]}}