{"id":9600,"date":"2023-03-29T09:02:14","date_gmt":"2023-03-29T09:02:14","guid":{"rendered":"https:\/\/livinghome.vn\/thiet-bi\/?post_type=product&#038;p=9600"},"modified":"2024-11-29T14:19:13","modified_gmt":"2024-11-29T07:19:13","slug":"bep-tu-chefs-eh-ih22a","status":"publish","type":"product","link":"https:\/\/livinghome.vn\/thiet-bi\/bep-tu-chefs-eh-ih22a\/","title":{"rendered":"B\u1ebfp t\u1eeb Chefs EH IH22A \u0111\u01a1n nh\u1ecf g\u1ecdn"},"content":{"rendered":"<h3>B\u1ebfp t\u1eeb \u0111\u01a1n Chef&#8217;s EH-IH22A c\u00f3 k\u00edch th\u01b0\u1edbc c\u1ef1c m\u1ecfng nh\u1eb9, d\u1ec5 d\u00e0ng l\u1eafp \u0111\u1eb7t \u1edf m\u1ecdi v\u1ecb tr\u00ed, ho\u1eb7c mang theo khi c\u1ea7n m\u00e0 kh\u00f4ng t\u1ed1n nhi\u1ec1u c\u00f4ng s\u1ee9c. M\u1eb7t k\u00ednh ceramic li\u1ec1n nguy\u00ean kh\u1ed1i, m\u00e0u \u0111en k\u1ebft h\u1ee3p vi\u1ec1n kim lo\u1ea1i sang tr\u1ecdng. K\u00ednh c\u00f3 kh\u1ea3 n\u0103ng ch\u1ecbu l\u1ef1c, ch\u1ecbu nhi\u1ec7t cao, ch\u1ed1ng tr\u1ea7y x\u01b0\u1edbc t\u1ed1t, h\u1ea1n ch\u1ebf t\u1ed1i \u0111a n\u1ee9t v\u1ee1.<\/h3>\n<figure id=\"attachment_9621\" aria-describedby=\"caption-attachment-9621\" style=\"width: 1200px\" class=\"wp-caption alignnone\"><img loading=\"lazy\" decoding=\"async\" class=\"wp-image-9621 size-full\" src=\"https:\/\/livinghome.vn\/thiet-bi\/wp-content\/uploads\/nha-bep\/chefs\/bep-tu\/bep-tu-chefs-eh-ih22a\/bep-tu-chefs-ih22a2.jpg\" alt=\"B\u1ebfp t\u1eeb Chefs EH IH22A \u0111\u01a1n nh\u1ecf g\u1ecdn\" width=\"1200\" height=\"675\" title=\"\" srcset=\"https:\/\/livinghome.vn\/thiet-bi\/wp-content\/uploads\/nha-bep\/chefs\/bep-tu\/bep-tu-chefs-eh-ih22a\/bep-tu-chefs-ih22a2.jpg 1200w, https:\/\/livinghome.vn\/thiet-bi\/wp-content\/uploads\/nha-bep\/chefs\/bep-tu\/bep-tu-chefs-eh-ih22a\/bep-tu-chefs-ih22a2-600x338.jpg 600w, https:\/\/livinghome.vn\/thiet-bi\/wp-content\/uploads\/nha-bep\/chefs\/bep-tu\/bep-tu-chefs-eh-ih22a\/bep-tu-chefs-ih22a2-711x400.jpg 711w, https:\/\/livinghome.vn\/thiet-bi\/wp-content\/uploads\/nha-bep\/chefs\/bep-tu\/bep-tu-chefs-eh-ih22a\/bep-tu-chefs-ih22a2-768x432.jpg 768w\" sizes=\"auto, (max-width: 1200px) 100vw, 1200px\" \/><figcaption id=\"caption-attachment-9621\" class=\"wp-caption-text\">B\u1ebfp t\u1eeb Chefs EH IH22A \u0111\u01a1n nh\u1ecf g\u1ecdn<\/figcaption><\/figure>\n<p><strong>C\u00c1C T\u00cdNH N\u0102NG \u01afU VI\u1ec6T C\u1ee6A B\u1ebeP T\u1eea CHEFS\u00a0<\/strong><\/p>\n<p><strong>M\u00e2m t\u1eeb cao c\u1ea5p l\u00e0m n\u00f3ng nhanh<\/strong><br \/>\nM\u00e2m t\u1eeb b\u1eb1ng \u0111\u1ed3ng nguy\u00ean ch\u1ea5t ph\u00e1t ra t\u1eeb tr\u01b0\u1eddng l\u00e0m n\u00f3ng tr\u1ef1c ti\u1ebfp \u0111\u00e1y n\u1ed3i, kh\u00f4ng m\u1ea5t th\u1eddi gian truy\u1ec1n nhi\u1ec7t qua m\u1eb7t b\u1ebfp, nh\u1edd th\u1ebf vi\u1ec7c gia nhi\u1ec7t c\u1ef1c nhanh, hi\u1ec7u su\u1ea5t cao, ti\u1ebft ki\u1ec7m \u0111i\u1ec7n n\u0103ng. C\u00f4ng su\u1ea5t t\u1ed1i \u0111a l\u00ean \u0111\u1ebfn 2000W, c\u00e1c m\u00f3n \u0103n \u0111\u01b0\u1ee3c \u0111un s\u00f4i nhanh ch\u00f3ng, ti\u1ebft ki\u1ec7m th\u1eddi gian n\u1ea5u n\u01b0\u1edbng.<\/p>\n<p><strong>\u0110i\u1ec1u khi\u1ec3n c\u1ea3m \u1ee9ng c\u1ef1c nh\u1ea1y<\/strong><br \/>\nChef&#8217;s EH-IH22A trang b\u1ecb b\u1ea3ng \u0111i\u1ec1u khi\u1ec3n c\u1ea3m \u1ee9ng m\u01b0\u1ee3t m\u00e0, thao t\u00e1c d\u1ec5 d\u00e0ng v\u1edbi 1 ch\u1ea1m. C\u00f4ng su\u1ea5t t\u00f9y ch\u1ec9nh c\u1ee7a b\u1ebfp \u0111\u01b0\u1ee3c chia nh\u1ecf nhi\u1ec1u m\u1ee9c, dao \u0111\u1ed9ng t\u1eeb 100w \u0111\u1ebfn 2000w, b\u1ea1n c\u00f3 th\u1ec3 l\u1ef1a ch\u1ecdn c\u00f4ng su\u1ea5t ph\u00f9 h\u1ee3p nh\u1ea5t cho c\u00e1c m\u00f3n \u0103n.<\/p>\n<p><strong>\u0110a d\u1ea1ng ch\u1ebf \u0111\u1ed9 n\u1ea5u<\/strong><br \/>\nB\u1ebfp t\u1eeb Chef&#8217;s EH-IH22A \u0111\u01b0\u1ee3c t\u00edch h\u1ee3p 7 ch\u1ebf \u0111\u1ed9 n\u1ea5u c\u00e0i \u0111\u1eb7t s\u1eb5n m\u1ee9c c\u00f4ng su\u1ea5t, th\u1eddi gian ph\u00f9 h\u1ee3p v\u1edbi c\u00e1c m\u00f3n kh\u00e1c nhau nh\u01b0: L\u1ea9u, N\u01b0\u1edbng, R\u00e1n, X\u00e0o, N\u1ea5u, H\u00e2m, H\u1ea5p. C\u00e1c ch\u1ebf \u0111\u1ed9 \u0111\u01b0\u1ee3c ghi c\u1ea3 ti\u1ebfng Anh v\u00e0 ti\u1ebfng Vi\u1ec7t c\u1ef1c ti\u1ec7n l\u1ee3i, d\u1ec5 hi\u1ec3u.<\/p>\n<p>Ch\u1ebf \u0111\u1ed9 h\u1eb9n gi\u1edd th\u00f4ng minh<br \/>\nCh\u1ebf \u0111\u1ed9 h\u1eb9n gi\u1edd t\u1eaft b\u1ebfp ch\u00ednh l\u00e0 tr\u1ee3 l\u00fd \u0111\u1eafc l\u1ef1c cho ng\u01b0\u1eddi n\u1ea5u. B\u1ea1n c\u00f3 th\u1ec3 v\u1eeba n\u1ea5u \u0103n v\u1eeba l\u00e0m vi\u1ec7c kh\u00e1c khi \u0111\u00e3 c\u00e0i \u0111\u1eb7t ch\u00ednh x\u00e1c th\u1eddi gian n\u1ea5u cho b\u1ebfp. Khi h\u1ebft th\u1eddi gian b\u1ebfp s\u1ebd t\u1ef1 ng\u1eaft, b\u1ea1n s\u1ebd kh\u00f4ng c\u1ea7n b\u1ecf d\u1edf c\u00f4ng vi\u1ec7c \u0111\u1ec3 canh ch\u1eebng t\u1eaft b\u1ebfp.<\/p>\n<figure id=\"attachment_9622\" aria-describedby=\"caption-attachment-9622\" style=\"width: 1200px\" class=\"wp-caption alignnone\"><img loading=\"lazy\" decoding=\"async\" class=\"wp-image-9622 size-full\" src=\"https:\/\/livinghome.vn\/thiet-bi\/wp-content\/uploads\/nha-bep\/chefs\/bep-tu\/bep-tu-chefs-eh-ih22a\/bep-tu-chefs-ih22a4.jpg\" alt=\"B\u1ebfp t\u1eeb Chefs EH IH22A \u0111\u01a1n nh\u1ecf g\u1ecdn\" width=\"1200\" height=\"675\" title=\"\" srcset=\"https:\/\/livinghome.vn\/thiet-bi\/wp-content\/uploads\/nha-bep\/chefs\/bep-tu\/bep-tu-chefs-eh-ih22a\/bep-tu-chefs-ih22a4.jpg 1200w, https:\/\/livinghome.vn\/thiet-bi\/wp-content\/uploads\/nha-bep\/chefs\/bep-tu\/bep-tu-chefs-eh-ih22a\/bep-tu-chefs-ih22a4-600x338.jpg 600w, https:\/\/livinghome.vn\/thiet-bi\/wp-content\/uploads\/nha-bep\/chefs\/bep-tu\/bep-tu-chefs-eh-ih22a\/bep-tu-chefs-ih22a4-711x400.jpg 711w, https:\/\/livinghome.vn\/thiet-bi\/wp-content\/uploads\/nha-bep\/chefs\/bep-tu\/bep-tu-chefs-eh-ih22a\/bep-tu-chefs-ih22a4-768x432.jpg 768w\" sizes=\"auto, (max-width: 1200px) 100vw, 1200px\" \/><figcaption id=\"caption-attachment-9622\" class=\"wp-caption-text\">B\u1ebfp t\u1eeb Chefs EH IH22A \u0111\u01a1n nh\u1ecf g\u1ecdn<\/figcaption><\/figure>\n<p><strong>Kh\u00f3a tr\u1ebb em an to\u00e0n tuy\u1ec7t \u0111\u1ed1i<\/strong><br \/>\nS\u1ea3n ph\u1ea9m c\u00f3 kh\u00f3a tr\u1ebb em \u0111\u1ec3 h\u1ea1n ch\u1ebf tr\u1ebb em thao t\u00e1c tr\u00ean b\u1ebfp m\u00e0 kh\u00f4ng c\u00f3 s\u1ef1 qu\u1ea3n l\u00fd c\u1ee7a ng\u01b0\u1eddi l\u1edbn, do \u0111\u00f3 an to\u00e0n tuy\u1ec7t \u0111\u1ed1i v\u1edbi nh\u1eefng gia \u0111\u00ecnh c\u00f3 tr\u1ebb nh\u1ecf. Ngo\u00e0i ra, b\u1ea1n c\u00f3 th\u1ec3 v\u1ec7 sinh m\u1eb7t b\u1ebfp ngay khi \u0111ang n\u1ea5u m\u00e0 kh\u00f4ng l\u00e0m \u1ea3nh h\u01b0\u1edfng \u0111\u1ebfn ho\u1ea1t \u0111\u1ed9ng c\u1ee7a b\u1ebfp.<\/p>\n<figure id=\"attachment_9619\" aria-describedby=\"caption-attachment-9619\" style=\"width: 1200px\" class=\"wp-caption alignnone\"><img loading=\"lazy\" decoding=\"async\" class=\"wp-image-9619 size-full\" src=\"https:\/\/livinghome.vn\/thiet-bi\/wp-content\/uploads\/nha-bep\/chefs\/bep-tu\/bep-tu-chefs-eh-ih22a\/bep-tu-chefs-ih22a3.jpg\" alt=\"B\u1ebfp t\u1eeb Chefs EH IH22A \u0111\u01a1n nh\u1ecf g\u1ecdn\" width=\"1200\" height=\"675\" title=\"\" srcset=\"https:\/\/livinghome.vn\/thiet-bi\/wp-content\/uploads\/nha-bep\/chefs\/bep-tu\/bep-tu-chefs-eh-ih22a\/bep-tu-chefs-ih22a3.jpg 1200w, https:\/\/livinghome.vn\/thiet-bi\/wp-content\/uploads\/nha-bep\/chefs\/bep-tu\/bep-tu-chefs-eh-ih22a\/bep-tu-chefs-ih22a3-600x338.jpg 600w, https:\/\/livinghome.vn\/thiet-bi\/wp-content\/uploads\/nha-bep\/chefs\/bep-tu\/bep-tu-chefs-eh-ih22a\/bep-tu-chefs-ih22a3-711x400.jpg 711w, https:\/\/livinghome.vn\/thiet-bi\/wp-content\/uploads\/nha-bep\/chefs\/bep-tu\/bep-tu-chefs-eh-ih22a\/bep-tu-chefs-ih22a3-768x432.jpg 768w\" sizes=\"auto, (max-width: 1200px) 100vw, 1200px\" \/><figcaption id=\"caption-attachment-9619\" class=\"wp-caption-text\">B\u1ebfp t\u1eeb Chefs EH IH22A \u0111\u01a1n nh\u1ecf g\u1ecdn<\/figcaption><\/figure>\n<h3>T\u00ednh n\u0103ng s\u1ea3n ph\u1ea9m<\/h3>\n<ul>\n<li><a href=\"https:\/\/livinghome.vn\/thiet-bi\/bep-tu\/\">B\u1ebfp t\u1eeb<\/a> &#8211; B\u1ebfp t\u1eeb \u0111\u01a1n<\/li>\n<li>C\u00f4ng su\u00e2\u0301t c\u01b0\u0323c \u0111a\u0323i 2200W<\/li>\n<li>B\u1ebfp \u0111\u1eb7t \u00e2m, 43mm.<\/li>\n<li>V\u1ecf th\u00e9p s\u01a1n t\u0129nh \u0111i\u1ec7n, ki\u00ea\u0309u da\u0301ng hi\u00ea\u0323n \u0111a\u0323i.<\/li>\n<li>T\u01b0\u0323 \u0111\u00f4\u0323ng nh\u00e2\u0323n bi\u00ea\u0301t ki\u0301ch c\u01a1\u0303 xoong n\u00f4\u0300i<\/li>\n<li>\u0110i\u1ec1u ch\u1ec9nh nhi\u1ec7t \u0111\u1ed9, c\u00f4ng su\u1ea5t nhi\u1ec1u m\u1ee9c<\/li>\n<li>T\u00f9y ch\u1ec9nh h\u1eb9n gi\u1edd th\u00f4ng minh<\/li>\n<li>Hi\u1ec7u su\u1ea5t \u0111un n\u1ea5u cao, r\u00fat ng\u1eafn th\u1eddi gian n\u1ea5u<\/li>\n<li>M\u1eb7t k\u00ednh g\u1ed1m ceramic nguy\u00ean kh\u1ed1i, ch\u1ed1ng tr\u1ea7y x\u01b0\u1edbc<\/li>\n<li>Ph\u00edm c\u1ea3m \u1ee9ng si\u00eau nh\u00e2\u0323y c\u1ea3 khi tay \u01b0\u1edbt.<\/li>\n<\/ul>\n<h3>T\u00ednh n\u0103ng an to\u00e0n<\/h3>\n<ul>\n<li>C\u1ea3nh b\u00e1o nhi\u1ec7t d\u01b0 v\u00f9ng n\u1ea5u sau khi s\u1eed d\u1ee5ng<\/li>\n<li>T\u1ef1 \u0111\u1ed9ng t\u1eaft b\u1ebfp sau 2h n\u1ebfu b\u1ecb \u0111\u1ec3 qu\u00ean.<\/li>\n<li>Kho\u00e1 an to\u00e0n tr\u1ebb em.<\/li>\n<\/ul>\n<h3>Th\u00f4ng s\u1ed1 k\u1ef9 thu\u1eadt<\/h3>\n<ul>\n<li>K\u00edch th\u01b0\u1edbc s\u1ea3n ph\u1ea9m (D\u00e0i &#8211; R\u1ed9ng &#8211; Cao): 310 x 385 x 43 mm<\/li>\n<li>K\u00edch th\u01b0\u1edbc kho\u00e9t \u0111\u00e1: 290 x 360 mm<\/li>\n<\/ul>\n<p>&nbsp;<\/p>\n<figure id=\"attachment_9620\" aria-describedby=\"caption-attachment-9620\" style=\"width: 1200px\" class=\"wp-caption alignnone\"><img loading=\"lazy\" decoding=\"async\" class=\"wp-image-9620 size-full\" src=\"https:\/\/livinghome.vn\/thiet-bi\/wp-content\/uploads\/nha-bep\/chefs\/bep-tu\/bep-tu-chefs-eh-ih22a\/bep-tu-chefs-ih22a5.jpg\" alt=\"B\u1ebfp t\u1eeb Chefs EH IH22A \u0111\u01a1n nh\u1ecf g\u1ecdn\" width=\"1200\" height=\"849\" title=\"\" srcset=\"https:\/\/livinghome.vn\/thiet-bi\/wp-content\/uploads\/nha-bep\/chefs\/bep-tu\/bep-tu-chefs-eh-ih22a\/bep-tu-chefs-ih22a5.jpg 1200w, https:\/\/livinghome.vn\/thiet-bi\/wp-content\/uploads\/nha-bep\/chefs\/bep-tu\/bep-tu-chefs-eh-ih22a\/bep-tu-chefs-ih22a5-600x425.jpg 600w, https:\/\/livinghome.vn\/thiet-bi\/wp-content\/uploads\/nha-bep\/chefs\/bep-tu\/bep-tu-chefs-eh-ih22a\/bep-tu-chefs-ih22a5-565x400.jpg 565w, https:\/\/livinghome.vn\/thiet-bi\/wp-content\/uploads\/nha-bep\/chefs\/bep-tu\/bep-tu-chefs-eh-ih22a\/bep-tu-chefs-ih22a5-1131x800.jpg 1131w, https:\/\/livinghome.vn\/thiet-bi\/wp-content\/uploads\/nha-bep\/chefs\/bep-tu\/bep-tu-chefs-eh-ih22a\/bep-tu-chefs-ih22a5-768x543.jpg 768w\" sizes=\"auto, (max-width: 1200px) 100vw, 1200px\" \/><figcaption id=\"caption-attachment-9620\" class=\"wp-caption-text\">B\u1ebfp t\u1eeb Chefs EH IH22A \u0111\u01a1n nh\u1ecf g\u1ecdn<\/figcaption><\/figure>\n<h3>Xu\u1ea5t x\u1ee9: Vi\u1ec7t Nam<\/h3>\n<div><\/div>\n","protected":false},"excerpt":{"rendered":"<p>V\u1ecf th\u00e9p s\u01a1n t\u0129nh \u0111i\u1ec7n, sang tr\u1ecdng<br \/>\nThi\u1ebft k\u1ebf ki\u1ec3u d\u00e1ng sang tr\u1ecdng, ch\u1ecbu l\u1ef1c cao.<br \/>\n\u01afu \u0111i\u1ec3m ch\u1ed1ng g\u1ec9 s\u00e9t, ch\u1ed1ng d\u00f2 \u0111i\u1ec7n, an to\u00e0n tuy\u1ec7t \u0111\u1ed1i trong m\u00f4i tr\u01b0\u1eddng n\u00f3ng \u1ea9m.<br \/>\nK\u00edch th\u01b0\u1edbc s\u1ea3n ph\u1ea9m (D\u00e0i &#8211; R\u1ed9ng &#8211; Cao): 310 x 385 x 43 mm<br \/>\nK\u00edch th\u01b0\u1edbc kho\u00e9t \u0111\u00e1: 290 x 360 mm<\/p>\n<p>&nbsp;<\/p>\n","protected":false},"featured_media":9623,"comment_status":"open","ping_status":"closed","template":"","meta":[],"product_brand":[],"product_cat":[745,808,800,814,75,756,733,755],"product_tag":[310,76,168,758,83,757],"class_list":{"0":"post-9600","1":"product","2":"type-product","3":"status-publish","4":"has-post-thumbnail","6":"product_cat-bep-dien-tu","7":"product_cat-bep-dien-tu-don","8":"product_cat-bep-dien-tu-hinh-vuong","9":"product_cat-bep-dien-tu-nha-tro","10":"product_cat-bep-tu","11":"product_cat-bep-tu-chefs","12":"product_cat-bep-tu-don","13":"product_cat-thuong-hieu-chefs","14":"product_tag-bep-nau","15":"product_tag-bep-tu","16":"product_tag-bep-tu-am","17":"product_tag-bep-tu-chefs","18":"product_tag-bep-tu-don","19":"product_tag-chefs","21":"first","22":"instock","23":"sale","24":"shipping-taxable","25":"purchasable","26":"product-type-simple"},"_links":{"self":[{"href":"https:\/\/livinghome.vn\/thiet-bi\/wp-json\/wp\/v2\/product\/9600","targetHints":{"allow":["GET"]}}],"collection":[{"href":"https:\/\/livinghome.vn\/thiet-bi\/wp-json\/wp\/v2\/product"}],"about":[{"href":"https:\/\/livinghome.vn\/thiet-bi\/wp-json\/wp\/v2\/types\/product"}],"replies":[{"embeddable":true,"href":"https:\/\/livinghome.vn\/thiet-bi\/wp-json\/wp\/v2\/comments?post=9600"}],"wp:featuredmedia":[{"embeddable":true,"href":"https:\/\/livinghome.vn\/thiet-bi\/wp-json\/wp\/v2\/media\/9623"}],"wp:attachment":[{"href":"https:\/\/livinghome.vn\/thiet-bi\/wp-json\/wp\/v2\/media?parent=9600"}],"wp:term":[{"taxonomy":"product_brand","embeddable":true,"href":"https:\/\/livinghome.vn\/thiet-bi\/wp-json\/wp\/v2\/product_brand?post=9600"},{"taxonomy":"product_cat","embeddable":true,"href":"https:\/\/livinghome.vn\/thiet-bi\/wp-json\/wp\/v2\/product_cat?post=9600"},{"taxonomy":"product_tag","embeddable":true,"href":"https:\/\/livinghome.vn\/thiet-bi\/wp-json\/wp\/v2\/product_tag?post=9600"}],"curies":[{"name":"wp","href":"https:\/\/api.w.org\/{rel}","templated":true}]}}