{"id":9588,"date":"2023-03-29T08:40:51","date_gmt":"2023-03-29T08:40:51","guid":{"rendered":"https:\/\/livinghome.vn\/thiet-bi\/?post_type=product&#038;p=9588"},"modified":"2024-11-29T14:19:13","modified_gmt":"2024-11-29T07:19:13","slug":"bep-tu-chefs-eh-ih536","status":"publish","type":"product","link":"https:\/\/livinghome.vn\/thiet-bi\/bep-tu-chefs-eh-ih536\/","title":{"rendered":"B\u1ebfp t\u1eeb Chefs EH-IH536 3 v\u00f9ng n\u1ea5u an to\u00e0n th\u1eddi th\u01b0\u1ee3ng"},"content":{"rendered":"<h3>B\u1ebfp t\u1eeb Chefs EH IH536 c\u00f3 thi\u1ebft k\u1ebf c\u1ef1c \u0111\u1eb9p v\u00e0 th\u1eddi th\u01b0\u1ee3ng. B\u1ebfp s\u1edf h\u1eefu 3 v\u00f9ng n\u1ea5u c\u1ea3m \u1ee9ng t\u1eeb, m\u1eb7t k\u00ednh Schott v\u00e1t c\u1ea1nh bo vi\u1ec1n nh\u00f4m ch\u1ed1ng s\u1ee9t.<\/h3>\n<figure id=\"attachment_9594\" aria-describedby=\"caption-attachment-9594\" style=\"width: 1200px\" class=\"wp-caption alignnone\"><img loading=\"lazy\" decoding=\"async\" class=\"wp-image-9594 size-full\" src=\"https:\/\/livinghome.vn\/thiet-bi\/wp-content\/uploads\/nha-bep\/chefs\/bep-tu\/bep-tu-chefs-eh-ih536\/bep-tu-chefs-ih5362.jpg\" alt=\"B\u1ebfp t\u1eeb Chefs EH IH536 3 v\u00f9ng n\u1ea5u an to\u00e0n th\u1eddi th\u01b0\u1ee3ng\" width=\"1200\" height=\"649\" title=\"\" srcset=\"https:\/\/livinghome.vn\/thiet-bi\/wp-content\/uploads\/nha-bep\/chefs\/bep-tu\/bep-tu-chefs-eh-ih536\/bep-tu-chefs-ih5362.jpg 1200w, https:\/\/livinghome.vn\/thiet-bi\/wp-content\/uploads\/nha-bep\/chefs\/bep-tu\/bep-tu-chefs-eh-ih536\/bep-tu-chefs-ih5362-600x325.jpg 600w, https:\/\/livinghome.vn\/thiet-bi\/wp-content\/uploads\/nha-bep\/chefs\/bep-tu\/bep-tu-chefs-eh-ih536\/bep-tu-chefs-ih5362-740x400.jpg 740w, https:\/\/livinghome.vn\/thiet-bi\/wp-content\/uploads\/nha-bep\/chefs\/bep-tu\/bep-tu-chefs-eh-ih536\/bep-tu-chefs-ih5362-768x415.jpg 768w\" sizes=\"auto, (max-width: 1200px) 100vw, 1200px\" \/><figcaption id=\"caption-attachment-9594\" class=\"wp-caption-text\">B\u1ebfp t\u1eeb Chefs EH IH536 3 v\u00f9ng n\u1ea5u an to\u00e0n th\u1eddi th\u01b0\u1ee3ng<\/figcaption><\/figure>\n<p><strong>C\u00c1C T\u00cdNH N\u0102NG \u01afU VI\u1ec6T C\u1ee6A B\u1ebeP T\u1eea CHEFS\u00a0<\/strong><\/p>\n<p><strong>C\u00f4ng ngh\u1ec7 Power Management an to\u00e0n tuy\u1ec7t \u0111\u1ed1i<\/strong><\/p>\n<p>\u0110\u01b0\u1ee3c trang b\u1ecb c\u00f4ng ngh\u1ec7 Power Management (t\u1ef1 \u0111\u1ed9ng chia s\u1ebb c\u00f4ng su\u1ea5t ), khi s\u1eed d\u1ee5ng \u0111\u1ed3ng th\u1eddi c\u1ea3 3 v\u00f9ng n\u1ea5u tr\u00ean b\u1ebfp, th\u00ec c\u00f4ng ngh\u1ec7 n\u00e0y s\u1ebd t\u1ef1 \u0111\u1ed9ng \u0111\u01b0\u1ee3c thi\u1ebft l\u1eadp gi\u00fap cho chi\u1ebfc b\u1ebfp t\u1eeb Chefs EH IH536 an to\u00e0n tuy\u1ec7t \u0111\u1ed1i, kh\u00f4ng g\u00e2y \u1ea3nh h\u01b0\u1edfng \u0111\u1ebfn \u0111\u01b0\u1eddng \u0111i\u1ec7n do c\u00f4ng su\u1ea5t qu\u00e1 l\u1edbn.<\/p>\n<p><strong>T\u00ednh n\u0103ng t\u1ef1 \u0111\u1ed9ng ninh h\u1ea7m Heat up time Automatic<\/strong><\/p>\n<p>L\u00e0 m\u1ed9t t\u00ednh n\u0103ng \u0111un n\u1ea5u th\u00f4ng minh v\u00e0 t\u1ef1 \u0111\u1ed9ng, ch\u1ec9 \u0111\u01b0\u1ee3c t\u00edch h\u1ee3p tr\u00ean nh\u1eefng m\u1eabu b\u1ebfp t\u1eeb cao c\u1ea5p, nh\u01b0ng gi\u1edd \u0111\u00e2y \u0111\u00e3 c\u00f3 m\u1eb7t tr\u00ean model Chefs EH IH536. V\u1edbi t\u00ednh n\u0103ng n\u00e0y cho ph\u00e9p b\u1ebfp b\u1ebfp t\u1ef1 \u0111\u1ed9ng ninh \u0111un n\u1ea5u m\u00e0 kh\u00f4ng c\u1ea7n c\u00f3 s\u1ef1 can thi\u1ec7p c\u1ee7a ng\u01b0\u1eddi n\u1ed9i tr\u1ee3 trong su\u1ea5t qu\u00e1 tr\u00ecnh t\u00ednh n\u0103ng n\u00e0y \u0111\u01b0\u1ee3c k\u00edch ho\u1ea1t.<\/p>\n<figure id=\"attachment_9596\" aria-describedby=\"caption-attachment-9596\" style=\"width: 1200px\" class=\"wp-caption alignnone\"><img loading=\"lazy\" decoding=\"async\" class=\"size-full wp-image-9596\" src=\"https:\/\/livinghome.vn\/thiet-bi\/wp-content\/uploads\/nha-bep\/chefs\/bep-tu\/bep-tu-chefs-eh-ih536\/bep-tu-chefs-ih5363.jpg\" alt=\"B\u1ebfp t\u1eeb Chefs EH IH536 3 v\u00f9ng n\u1ea5u an to\u00e0n th\u1eddi th\u01b0\u1ee3ng\" width=\"1200\" height=\"675\" title=\"\" srcset=\"https:\/\/livinghome.vn\/thiet-bi\/wp-content\/uploads\/nha-bep\/chefs\/bep-tu\/bep-tu-chefs-eh-ih536\/bep-tu-chefs-ih5363.jpg 1200w, https:\/\/livinghome.vn\/thiet-bi\/wp-content\/uploads\/nha-bep\/chefs\/bep-tu\/bep-tu-chefs-eh-ih536\/bep-tu-chefs-ih5363-600x338.jpg 600w, https:\/\/livinghome.vn\/thiet-bi\/wp-content\/uploads\/nha-bep\/chefs\/bep-tu\/bep-tu-chefs-eh-ih536\/bep-tu-chefs-ih5363-711x400.jpg 711w, https:\/\/livinghome.vn\/thiet-bi\/wp-content\/uploads\/nha-bep\/chefs\/bep-tu\/bep-tu-chefs-eh-ih536\/bep-tu-chefs-ih5363-768x432.jpg 768w\" sizes=\"auto, (max-width: 1200px) 100vw, 1200px\" \/><figcaption id=\"caption-attachment-9596\" class=\"wp-caption-text\">B\u1ebfp t\u1eeb Chefs EH IH536 3 v\u00f9ng n\u1ea5u an to\u00e0n th\u1eddi th\u01b0\u1ee3ng<\/figcaption><\/figure>\n<p><strong>T\u00ednh n\u0103ng booster, gi\u1eef \u00e2m, t\u1ea1m d\u1eebng \u0111\u1ec1u c\u00f3 c\u1ea3<\/strong><\/p>\n<p>B\u1ebfp t\u1eeb Chefs EH IH536 \u0111\u01b0\u1ee3c h\u00e3ng t\u00edch h\u1ee3p g\u1ea7n nh\u01b0 t\u1ea5t c\u1ea3 c\u00e1c t\u00ednh n\u0103ng \u201cngon nh\u1ea5t\u201d cho m\u1ed9t chi\u1ebfc b\u1ebfp, c\u1ea3 3 v\u00f9ng n\u1ea5u tr\u00ean b\u1ebfp \u0111\u1ec1u c\u00f3 th\u1ec3 t\u0103ng t\u1ed1c si\u00eau nhanh, v\u1edbi m\u1ee9c c\u00f4ng su\u1ea5t l\u1edbn nh\u1ea5t l\u00e0 3000w \u1edf 2 v\u00f9ng n\u1ea5u l\u1edbn v\u00e0 2100w \u1edf v\u00f9ng n\u1ea5u nh\u1ecf nh\u1ea5t. B\u00ean c\u1ea1nh \u0111\u00f3 c\u00e1c ch\u1ee9c n\u0103ng t\u1ea1m d\u1eebng, gi\u1eef \u1ea5m, chu\u00f4ng b\u00e1o \u0111\u1ec1u c\u00f3 \u1edf model b\u1ebfp IH536 m\u1edbi nh\u1ea5t n\u00e0y.<\/p>\n<p><strong>C\u00f4ng ngh\u1ec7 inverter ti\u1ebft ki\u1ec7m \u0111i\u1ec7n t\u1ed1i \u0111a<\/strong><\/p>\n<p>\u0110\u01b0\u1ee3c trang b\u1ecb c\u00f4ng ngh\u1ec7 inverter, b\u1ebfp t\u1eeb Chefs EH IH536 mang \u0111\u1ebfn kh\u1ea3 n\u0103ng v\u1eadn h\u00e0nh \u1ed5n \u0111\u1ecbnh, b\u1ec1n b\u1ec9 v\u00e0 ti\u1ebft ki\u1ec7m \u0111i\u1ec7n t\u1ed1i \u0111a cho gia \u0111\u00ecnh s\u1eed d\u1ee5ng b\u1ebfp. Nh\u00ecn chung, b\u1ebfp t\u1eeb Chefs 3 v\u00f9ng n\u1ea5u EH IH536 v\u1edbi thi\u1ebft k\u1ebf \u0111\u1eb9p, hi\u1ec7n \u0111\u1ea1i, t\u00ednh n\u0103ng \u1ea5n t\u01b0\u1ee3ng, c\u00f4ng ngh\u1ec7 \u0111\u1ec9nh cao, h\u1ee9a h\u1eb9n s\u1ebd l\u00e0m h\u00e0i l\u00f2ng t\u1ea5t b\u1ea5t k\u1ef3 v\u1ecb gia ch\u1ee7 kh\u00f3 t\u00ednh n\u00e0o<\/p>\n<figure id=\"attachment_9595\" aria-describedby=\"caption-attachment-9595\" style=\"width: 1200px\" class=\"wp-caption alignnone\"><img loading=\"lazy\" decoding=\"async\" class=\"wp-image-9595 size-full\" src=\"https:\/\/livinghome.vn\/thiet-bi\/wp-content\/uploads\/nha-bep\/chefs\/bep-tu\/bep-tu-chefs-eh-ih536\/bep-tu-chefs-ih5364.jpg\" alt=\"B\u1ebfp t\u1eeb Chefs EH IH536 3 v\u00f9ng n\u1ea5u an to\u00e0n th\u1eddi th\u01b0\u1ee3ng\" width=\"1200\" height=\"675\" title=\"\" srcset=\"https:\/\/livinghome.vn\/thiet-bi\/wp-content\/uploads\/nha-bep\/chefs\/bep-tu\/bep-tu-chefs-eh-ih536\/bep-tu-chefs-ih5364.jpg 1200w, https:\/\/livinghome.vn\/thiet-bi\/wp-content\/uploads\/nha-bep\/chefs\/bep-tu\/bep-tu-chefs-eh-ih536\/bep-tu-chefs-ih5364-600x338.jpg 600w, https:\/\/livinghome.vn\/thiet-bi\/wp-content\/uploads\/nha-bep\/chefs\/bep-tu\/bep-tu-chefs-eh-ih536\/bep-tu-chefs-ih5364-711x400.jpg 711w, https:\/\/livinghome.vn\/thiet-bi\/wp-content\/uploads\/nha-bep\/chefs\/bep-tu\/bep-tu-chefs-eh-ih536\/bep-tu-chefs-ih5364-768x432.jpg 768w\" sizes=\"auto, (max-width: 1200px) 100vw, 1200px\" \/><figcaption id=\"caption-attachment-9595\" class=\"wp-caption-text\">B\u1ebfp t\u1eeb Chefs EH IH536 3 v\u00f9ng n\u1ea5u an to\u00e0n th\u1eddi th\u01b0\u1ee3ng<\/figcaption><\/figure>\n<h3>T\u00ednh n\u0103ng s\u1ea3n ph\u1ea9m<\/h3>\n<ul>\n<li><a href=\"https:\/\/livinghome.vn\/thiet-bi\/bep-tu\/\">B\u1ebfp t\u1eeb<\/a> &#8211; B\u1ebfp k\u00ednh \u00e2m 3 t\u1eeb<\/li>\n<li>B\u1ebfp t\u1eeb ba EH-IH536 \u1ee9ng d\u1ee5ng c\u00f4ng ngh\u1ec7 Inverter th\u00f4ng minh v\u01b0\u1ee3t tr\u1ed9i<\/li>\n<li>B\u1ebfp tr\u00e1i 22cm\/ booster 3000W, b\u1ebfp ph\u1ea3i 22cm\/ booster 3000W,<\/li>\n<li>B\u1ebfp gi\u1eefa 18cm\/ booster 2100W<\/li>\n<li>T\u00ednh n\u0103ng ninh h\u1ea7m t\u1ef1 \u0111\u1ed9ng Heat up time Automatic<\/li>\n<li>T\u00ednh n\u0103ng h\u00e2m n\u00f3ng Warming, t\u1ea1m d\u1eebng pause, chu\u00f4ng b\u00e1o<\/li>\n<li>M\u1eb7t k\u00ednh ceramic ch\u1ecbu nhi\u1ec7t Schott Ceran v\u00e1t c\u1ea1nh \u2013 Germany, bo vi\u1ec1n nh\u00f4m sang tr\u1ecdng<\/li>\n<li>Ph\u00edm \u0111i\u1ec1u khi\u1ec3n d\u1ea1ng tr\u01b0\u1ee3t slide, 9 m\u1ee9c c\u00f4ng su\u1ea5t + booster, ri\u00eang bi\u1ec7t cho t\u1eebng v\u00f9ng n\u1ea5u<\/li>\n<li>H\u1eb9n gi\u1edd \u0111\u1ed9c l\u1eadp cho t\u1eebng v\u00f9ng n\u1ea5u, th\u1eddi gian h\u1eb9n \u0111\u1ebfn 1 gi\u1edd 59 ph\u00fat<\/li>\n<\/ul>\n<h3>T\u00ednh n\u0103ng an to\u00e0n<\/h3>\n<ul>\n<li>C\u1ea3nh b\u00e1o nhi\u1ec7t d\u01b0 v\u00f9ng n\u1ea5u Residual heat<\/li>\n<li>Kh\u00f3a an to\u00e0n tr\u1ebb em Child lock<\/li>\n<li>T\u1ef1 \u0111\u1ed9ng t\u1eaft b\u1ebfp khi \u0111\u1ec3 qu\u00ean Automatic switching off<\/li>\n<li>T\u1ef1 \u0111\u1ed9ng t\u1eaft b\u1ebfp khi kh\u00f4ng c\u00f3 n\u1ed3i ( tr\u00ean b\u1ebfp t\u1eeb) Pot detection<\/li>\n<li>T\u1ef1 \u0111\u1ed9ng chia s\u1ebb c\u00f4ng su\u1ea5t ( Power management) gi\u1eefa 3 b\u1ebfp , max 6800W<\/li>\n<\/ul>\n<h3>Th\u00f4ng s\u1ed1 k\u1ef9 thu\u1eadt<\/h3>\n<ul>\n<li>\u0110i\u1ec7n \u00e1p: 220-240V\/ 50-60Hz<\/li>\n<li>C\u00f4ng su\u1ea5t max: 6800W<\/li>\n<li>K\u00edch th\u01b0\u1edbc s\u1ea3n ph\u1ea9m (d\u00e0i x r\u1ed9ng x cao): 810x450x55mm<\/li>\n<li>K\u00edch th\u01b0\u1edbc l\u1eafp \u0111\u1eb7t: 730x400mm<\/li>\n<li>Tr\u1ecdng l\u01b0\u1ee3ng: 6kg<\/li>\n<\/ul>\n<p>&nbsp;<\/p>\n<figure id=\"attachment_9592\" aria-describedby=\"caption-attachment-9592\" style=\"width: 1200px\" class=\"wp-caption alignnone\"><img loading=\"lazy\" decoding=\"async\" class=\"wp-image-9592 size-full\" src=\"https:\/\/livinghome.vn\/thiet-bi\/wp-content\/uploads\/nha-bep\/chefs\/bep-tu\/bep-tu-chefs-eh-ih536\/bep-tu-chefs-ih5365.jpg\" alt=\"B\u1ebfp t\u1eeb Chefs EH IH536 3 v\u00f9ng n\u1ea5u an to\u00e0n th\u1eddi th\u01b0\u1ee3ng\" width=\"1200\" height=\"675\" title=\"\" srcset=\"https:\/\/livinghome.vn\/thiet-bi\/wp-content\/uploads\/nha-bep\/chefs\/bep-tu\/bep-tu-chefs-eh-ih536\/bep-tu-chefs-ih5365.jpg 1200w, https:\/\/livinghome.vn\/thiet-bi\/wp-content\/uploads\/nha-bep\/chefs\/bep-tu\/bep-tu-chefs-eh-ih536\/bep-tu-chefs-ih5365-600x338.jpg 600w, https:\/\/livinghome.vn\/thiet-bi\/wp-content\/uploads\/nha-bep\/chefs\/bep-tu\/bep-tu-chefs-eh-ih536\/bep-tu-chefs-ih5365-711x400.jpg 711w, https:\/\/livinghome.vn\/thiet-bi\/wp-content\/uploads\/nha-bep\/chefs\/bep-tu\/bep-tu-chefs-eh-ih536\/bep-tu-chefs-ih5365-768x432.jpg 768w\" sizes=\"auto, (max-width: 1200px) 100vw, 1200px\" \/><figcaption id=\"caption-attachment-9592\" class=\"wp-caption-text\">B\u1ebfp t\u1eeb Chefs EH IH536 3 v\u00f9ng n\u1ea5u an to\u00e0n th\u1eddi th\u01b0\u1ee3ng<\/figcaption><\/figure>\n<h3>Xu\u1ea5t x\u1ee9: \u0110\u1ee9c<\/h3>\n<div><\/div>\n","protected":false},"excerpt":{"rendered":"<p>B\u1ebfp t\u1eeb ba EH-IH536 \u1ee9ng d\u1ee5ng c\u00f4ng ngh\u1ec7 Inverter th\u00f4ng minh v\u01b0\u1ee3t tr\u1ed9i<br \/>\nB\u1ebfp tr\u00e1i 22cm\/ booster 3000W, b\u1ebfp ph\u1ea3i 22cm\/ booster 3000W,<br \/>\nb\u1ebfp gi\u1eefa 18cm\/ booster 2100W<br \/>\nT\u00ednh n\u0103ng ninh h\u1ea7m t\u1ef1 \u0111\u1ed9ng Heat up time Automatic<br \/>\nT\u00ednh n\u0103ng h\u00e2m n\u00f3ng Warming, t\u1ea1m d\u1eebng pause, chu\u00f4ng b\u00e1o<br \/>\nM\u1eb7t k\u00ednh ceramic ch\u1ecbu nhi\u1ec7t Schott Ceran v\u00e1t c\u1ea1nh \u2013 Germany, bo vi\u1ec1n nh\u00f4m sang tr\u1ecdng<br \/>\nPh\u00edm \u0111i\u1ec1u khi\u1ec3n d\u1ea1ng tr\u01b0\u1ee3t slide, 9 m\u1ee9c c\u00f4ng su\u1ea5t + booster, ri\u00eang bi\u1ec7t cho t\u1eebng v\u00f9ng n\u1ea5u<br \/>\nH\u1eb9n gi\u1edd \u0111\u1ed9c l\u1eadp cho t\u1eebng v\u00f9ng n\u1ea5u, th\u1eddi gian h\u1eb9n \u0111\u1ebfn 1 gi\u1edd 59 ph\u00fat<\/p>\n<p>&nbsp;<\/p>\n","protected":false},"featured_media":9593,"comment_status":"open","ping_status":"closed","template":"","meta":[],"product_brand":[],"product_cat":[745,803,809,799,802,807,75,805,756,755],"product_tag":[590,766,116,310,76,168,758,757],"class_list":{"0":"post-9588","1":"product","2":"type-product","3":"status-publish","4":"has-post-thumbnail","6":"product_cat-bep-dien-tu","7":"product_cat-bep-dien-tu-3-vung-nau","8":"product_cat-bep-dien-tu-duc-germany","9":"product_cat-bep-dien-tu-hinh-chu-nhat","10":"product_cat-bep-dien-tu-mat-kinh-schott-ceran","11":"product_cat-bep-dien-tu-tiet-kiem-dien","12":"product_cat-bep-tu","13":"product_cat-bep-tu-3-vung-nau","14":"product_cat-bep-tu-chefs","15":"product_cat-thuong-hieu-chefs","16":"product_tag-bep-3-vung-nau","17":"product_tag-bep-3-vung-nau-am","18":"product_tag-bep-dien-tu-3-vung-nau","19":"product_tag-bep-nau","20":"product_tag-bep-tu","21":"product_tag-bep-tu-am","22":"product_tag-bep-tu-chefs","23":"product_tag-chefs","25":"first","26":"instock","27":"sale","28":"shipping-taxable","29":"purchasable","30":"product-type-simple"},"_links":{"self":[{"href":"https:\/\/livinghome.vn\/thiet-bi\/wp-json\/wp\/v2\/product\/9588","targetHints":{"allow":["GET"]}}],"collection":[{"href":"https:\/\/livinghome.vn\/thiet-bi\/wp-json\/wp\/v2\/product"}],"about":[{"href":"https:\/\/livinghome.vn\/thiet-bi\/wp-json\/wp\/v2\/types\/product"}],"replies":[{"embeddable":true,"href":"https:\/\/livinghome.vn\/thiet-bi\/wp-json\/wp\/v2\/comments?post=9588"}],"wp:featuredmedia":[{"embeddable":true,"href":"https:\/\/livinghome.vn\/thiet-bi\/wp-json\/wp\/v2\/media\/9593"}],"wp:attachment":[{"href":"https:\/\/livinghome.vn\/thiet-bi\/wp-json\/wp\/v2\/media?parent=9588"}],"wp:term":[{"taxonomy":"product_brand","embeddable":true,"href":"https:\/\/livinghome.vn\/thiet-bi\/wp-json\/wp\/v2\/product_brand?post=9588"},{"taxonomy":"product_cat","embeddable":true,"href":"https:\/\/livinghome.vn\/thiet-bi\/wp-json\/wp\/v2\/product_cat?post=9588"},{"taxonomy":"product_tag","embeddable":true,"href":"https:\/\/livinghome.vn\/thiet-bi\/wp-json\/wp\/v2\/product_tag?post=9588"}],"curies":[{"name":"wp","href":"https:\/\/api.w.org\/{rel}","templated":true}]}}