{"id":9579,"date":"2023-03-29T08:30:30","date_gmt":"2023-03-29T08:30:30","guid":{"rendered":"https:\/\/livinghome.vn\/thiet-bi\/?post_type=product&#038;p=9579"},"modified":"2024-11-29T14:19:13","modified_gmt":"2024-11-29T07:19:13","slug":"bep-dien-tu-chefs-eh-mix545n","status":"publish","type":"product","link":"https:\/\/livinghome.vn\/thiet-bi\/bep-dien-tu-chefs-eh-mix545n\/","title":{"rendered":"B\u1ebfp \u0110i\u1ec7n T\u1eeb Chefs EH-MIX545N 62CM 2 T\u1eeb 1 \u0110i\u1ec7n K\u00ednh Schott Ceran"},"content":{"rendered":"<h2>B\u1ebfp \u0110i\u1ec7n T\u1eeb Chefs EH MIX545N C\u00f3 G\u00ec \u0110\u1eb7t Bi\u1ec7t ?<\/h2>\n<p>L\u00e0 m\u1ed9t s\u1ea3n ph\u1ea9m m\u1edbi nh\u1ea5t c\u1ee7a h\u00e3ng Chefs, b\u1ebfp \u0111\u01b0\u1ee3c thi\u1ebft k\u1ebf, l\u1eafp r\u00e1p v\u00e0 nh\u1eadp kh\u1ea9u tr\u1ef1c ti\u1ebfp t\u1eeb T\u00e2y Ban Nha, ch\u00ednh v\u00ec th\u1ebf m\u00e0 m\u1ecdi thi\u1ebft c\u1ee7a \u0111\u1ec1u cu\u1ed1n h\u00fat t\u1eeb c\u00e1i nh\u00ecn \u0111\u1ea7u ti\u1ec1n c\u1ee7a c\u00e1c kh\u00e1ch h\u00e0ng t\u1ea1i Vi\u1ec7t Nam.<\/p>\n<p>T\u1ed5ng th\u1ec3 m\u1eb7t b\u1ebfp \u0111\u01b0\u1ee3c trang b\u1ecb m\u1eb7t k\u00ednh Schott Ceran nguy\u00ean t\u1ea5m v\u00e1t 4 c\u1ea1nh tinh t\u1ebf gi\u00fap chi\u1ebfc b\u1ebfp tr\u1edf n\u00ean m\u1ec1m m\u1ea1i h\u01a1n, sang tr\u1ecdng h\u01a1n khi l\u1eafp v\u00e0 kh\u00f4ng gian c\u1ee7a nh\u00e0 b\u1ebfp<\/p>\n<figure id=\"attachment_9585\" aria-describedby=\"caption-attachment-9585\" style=\"width: 1200px\" class=\"wp-caption alignnone\"><img loading=\"lazy\" decoding=\"async\" class=\"wp-image-9585 size-full\" src=\"https:\/\/livinghome.vn\/thiet-bi\/wp-content\/uploads\/nha-bep\/chefs\/bep-dien-tu\/bep-dien-tu-chefs-eh-mix545n\/bep-dien-tu-chefs-mix545n5.jpg\" alt=\"B\u1ebfp \u0111i\u1ec7n t\u1eeb Chefs EH MIX545N 3 v\u00f9ng n\u1ea5u nh\u1eadp kh\u1ea9u T\u00e2y Ban Nha\" width=\"1200\" height=\"675\" title=\"\" srcset=\"https:\/\/livinghome.vn\/thiet-bi\/wp-content\/uploads\/nha-bep\/chefs\/bep-dien-tu\/bep-dien-tu-chefs-eh-mix545n\/bep-dien-tu-chefs-mix545n5.jpg 1200w, https:\/\/livinghome.vn\/thiet-bi\/wp-content\/uploads\/nha-bep\/chefs\/bep-dien-tu\/bep-dien-tu-chefs-eh-mix545n\/bep-dien-tu-chefs-mix545n5-600x338.jpg 600w, https:\/\/livinghome.vn\/thiet-bi\/wp-content\/uploads\/nha-bep\/chefs\/bep-dien-tu\/bep-dien-tu-chefs-eh-mix545n\/bep-dien-tu-chefs-mix545n5-711x400.jpg 711w, https:\/\/livinghome.vn\/thiet-bi\/wp-content\/uploads\/nha-bep\/chefs\/bep-dien-tu\/bep-dien-tu-chefs-eh-mix545n\/bep-dien-tu-chefs-mix545n5-768x432.jpg 768w\" sizes=\"auto, (max-width: 1200px) 100vw, 1200px\" \/><figcaption id=\"caption-attachment-9585\" class=\"wp-caption-text\">B\u1ebfp \u0111i\u1ec7n t\u1eeb Chefs EH MIX545N 3 v\u00f9ng n\u1ea5u nh\u1eadp kh\u1ea9u T\u00e2y Ban Nha<\/figcaption><\/figure>\n<h2><strong>C\u00c1C T\u00cdNH N\u0102NG \u01afU VI\u1ec6T C\u1ee6A B\u1ebeP \u0110I\u1ec6N T\u1eea CHEFS\u00a0<\/strong><\/h2>\n<h3><strong>\u0110\u1ed9t ph\u00e1 trong c\u00f4ng ngh\u1ec7<\/strong><\/h3>\n<p>Kh\u00f4ng ch\u1ec9 thu h\u00fat kh\u00e1ch h\u00e0ng \u1edf h\u00ecnh th\u1ee9c b\u00ean ngo\u00e0i m\u00e0 chi\u1ebfc b\u1ebfp \u0111i\u1ec7n t\u1eeb Chefs EH MIX545N c\u00f2n c\u00f3 nhi\u1ec1u \u0111\u1ed9t ph\u00e1 m\u1edbi v\u1ec1 v\u1ec1 m\u1eb7t c\u00f4ng ngh\u1ec7 v\u00e0 t\u00ednh n\u0103ng n\u1ea5u n\u01b0\u1edbng \u0111\u1ec3 h\u1ed7 tr\u1ee3 t\u1ed1t h\u01a1n v\u00e0 mang \u0111\u1ebfn m\u1ed9t tr\u1ea3i th\u1ef1c s\u1ef1 ho\u00e0n h\u1ea3o cho ng\u01b0\u1eddi n\u1ed9i tr\u1ee3.<\/p>\n<p>V\u00f9ng n\u1ea5u h\u1ed3ng h\u1ed3ng ngo\u1ea1i c\u1ee7a b\u1ebfp l\u00e0 m\u00e2m nhi\u1ec7t EGO c\u00f3 th\u1ec3 t\u00f9y ch\u1ec9nh \u0111\u1ebfn 3 v\u00f2ng nhi\u1ec7t, trong khi c\u00e1c m\u00e2m nhi\u1ec7t th\u00f4ng th\u01b0\u1eddng ch\u1ec9 c\u00f3 th\u1ec3 t\u00f9y ch\u1ec9nh \u0111\u01b0\u1ee3c 2 v\u00f2ng nhi\u1ec7t, ng\u01b0\u1eddi n\u1ed9i tr\u1ee3 c\u00f3 th\u1ec3 d\u00f9ng \u0111\u01b0\u1ee3c nhi\u1ec1u k\u00edch c\u1ee1 xoong, n\u1ed3i h\u01a1n.<\/p>\n<p>&nbsp;<\/p>\n<figure id=\"attachment_9586\" aria-describedby=\"caption-attachment-9586\" style=\"width: 1200px\" class=\"wp-caption alignnone\"><img loading=\"lazy\" decoding=\"async\" class=\"wp-image-9586 size-full\" src=\"https:\/\/livinghome.vn\/thiet-bi\/wp-content\/uploads\/nha-bep\/chefs\/bep-dien-tu\/bep-dien-tu-chefs-eh-mix545n\/bep-dien-tu-chefs-mix545n4.jpg\" alt=\"B\u1ebfp \u0111i\u1ec7n t\u1eeb Chefs EH MIX545N 3 v\u00f9ng n\u1ea5u nh\u1eadp kh\u1ea9u T\u00e2y Ban Nha\" width=\"1200\" height=\"675\" title=\"\" srcset=\"https:\/\/livinghome.vn\/thiet-bi\/wp-content\/uploads\/nha-bep\/chefs\/bep-dien-tu\/bep-dien-tu-chefs-eh-mix545n\/bep-dien-tu-chefs-mix545n4.jpg 1200w, https:\/\/livinghome.vn\/thiet-bi\/wp-content\/uploads\/nha-bep\/chefs\/bep-dien-tu\/bep-dien-tu-chefs-eh-mix545n\/bep-dien-tu-chefs-mix545n4-600x338.jpg 600w, https:\/\/livinghome.vn\/thiet-bi\/wp-content\/uploads\/nha-bep\/chefs\/bep-dien-tu\/bep-dien-tu-chefs-eh-mix545n\/bep-dien-tu-chefs-mix545n4-711x400.jpg 711w, https:\/\/livinghome.vn\/thiet-bi\/wp-content\/uploads\/nha-bep\/chefs\/bep-dien-tu\/bep-dien-tu-chefs-eh-mix545n\/bep-dien-tu-chefs-mix545n4-768x432.jpg 768w\" sizes=\"auto, (max-width: 1200px) 100vw, 1200px\" \/><figcaption id=\"caption-attachment-9586\" class=\"wp-caption-text\">B\u1ebfp \u0111i\u1ec7n t\u1eeb Chefs EH MIX545N 3 v\u00f9ng n\u1ea5u nh\u1eadp kh\u1ea9u T\u00e2y Ban Nha<\/figcaption><\/figure>\n<h3><strong>Giao di\u1ec7n \u0111i\u1ec1u khi\u1ec3n th\u00e2n thi\u1ec7n d\u1ec5 d\u00f9ng<\/strong><\/h3>\n<p>M\u1eb7c d\u00f9 l\u00e0 m\u1ed9t m\u1eabu b\u1ebfp nh\u1eadp kh\u1ea9u tuy nhi\u00ean b\u1ebfp \u0111i\u1ec7n t\u1eeb Chefs EH MIX545N l\u1ea1i s\u1edf h\u1eefu m\u1ed9t gia di\u1ec7n \u0111i\u1ec1u khi\u1ec3n b\u1ebfp r\u1ea5t \u0111\u01a1n gi\u1ea3n, mang \u0111\u1ebfn s\u1ea3m gi\u00e1c th\u00e2n thi\u1ec7n v\u00e0 d\u1ec5 d\u00f9ng cho ng\u01b0\u1eddi n\u1ed9i tr\u1ee3.<\/p>\n<p>\u0110\u01a1n gi\u1ea3n kh\u00f4ng c\u00f3 ngh\u0129a l\u00e0 kh\u00f4ng hi\u1ec7n \u0111\u1ea1i, khi m\u00e0 EH MIX545N \u0111\u01b0\u1ee3c trang b\u00e0n ph\u00edm \u0111i\u1ec1u khi\u1ec3n c\u1ea3m \u1ee9ng t\u00e1ch rieng cho t\u1eebng v\u00f9ng n\u1ea5u tr\u00ean b\u1ebfp, c\u00e1c ph\u00edm ch\u1ee9c n\u0103ng v\u00e0 led hi\u1ec3n th\u1ecb r\u00f5 n\u00e9t.<\/p>\n<figure id=\"attachment_9583\" aria-describedby=\"caption-attachment-9583\" style=\"width: 1200px\" class=\"wp-caption alignnone\"><img loading=\"lazy\" decoding=\"async\" class=\"wp-image-9583 size-full\" src=\"https:\/\/livinghome.vn\/thiet-bi\/wp-content\/uploads\/nha-bep\/chefs\/bep-dien-tu\/bep-dien-tu-chefs-eh-mix545n\/bep-dien-tu-chefs-mix545n6.jpg\" alt=\"B\u1ebfp \u0111i\u1ec7n t\u1eeb Chefs EH MIX545N 3 v\u00f9ng n\u1ea5u nh\u1eadp kh\u1ea9u T\u00e2y Ban Nha\" width=\"1200\" height=\"675\" title=\"\" srcset=\"https:\/\/livinghome.vn\/thiet-bi\/wp-content\/uploads\/nha-bep\/chefs\/bep-dien-tu\/bep-dien-tu-chefs-eh-mix545n\/bep-dien-tu-chefs-mix545n6.jpg 1200w, https:\/\/livinghome.vn\/thiet-bi\/wp-content\/uploads\/nha-bep\/chefs\/bep-dien-tu\/bep-dien-tu-chefs-eh-mix545n\/bep-dien-tu-chefs-mix545n6-600x338.jpg 600w, https:\/\/livinghome.vn\/thiet-bi\/wp-content\/uploads\/nha-bep\/chefs\/bep-dien-tu\/bep-dien-tu-chefs-eh-mix545n\/bep-dien-tu-chefs-mix545n6-711x400.jpg 711w, https:\/\/livinghome.vn\/thiet-bi\/wp-content\/uploads\/nha-bep\/chefs\/bep-dien-tu\/bep-dien-tu-chefs-eh-mix545n\/bep-dien-tu-chefs-mix545n6-768x432.jpg 768w\" sizes=\"auto, (max-width: 1200px) 100vw, 1200px\" \/><figcaption id=\"caption-attachment-9583\" class=\"wp-caption-text\">B\u1ebfp \u0111i\u1ec7n t\u1eeb Chefs EH MIX545N 3 v\u00f9ng n\u1ea5u nh\u1eadp kh\u1ea9u T\u00e2y Ban Nha<\/figcaption><\/figure>\n<h3>T\u00ednh n\u0103ng s\u1ea3n ph\u1ea9m<\/h3>\n<ul>\n<li><a href=\"https:\/\/livinghome.vn\/thiet-bi\/bep-dien-tu-ket-hop\/\">B\u1ebfp \u0111i\u1ec7n t\u1eeb<\/a> &#8211; B\u1ebfp k\u00ednh \u00e2m 3 \u0111i\u1ec7n t\u1eeb<\/li>\n<li>S\u1eed d\u1ee5ng \u0111a n\u0103ng v\u1edbi b\u1ebfp h\u1ed3ng ngo\u1ea1i k\u1ebft h\u1ee3p t\u1eeb EH-MIX545N<\/li>\n<li>M\u1eb7t k\u00ednh ceramic ch\u1ecbu nhi\u1ec7t Schott Ceran v\u00e1t c\u1ea1nh, Germany<\/li>\n<li>M\u00e2m nhi\u1ec7t EGO Hi-light, 3 vo\u0300ng nhi\u1ec7t (14 \/ 20 \/ 23cm), Made in Germany<\/li>\n<li>M\u00e2m t\u1eeb \u0111\u01b0\u1eddng k\u00ednh 16 \/ 22cm, h\u1ed7 tr\u1ee3 t\u00ednh n\u0103ng n\u1ea5u nhanh<\/li>\n<li>Booster &#8211; max 2000W<\/li>\n<li>T\u00ednh n\u0103ng c\u00e0i \u0111\u1eb7t ch\u01b0\u01a1ng tr\u00ecnh n\u1ea5u linh ho\u1ea1t tr\u00ean b\u1ebfp h\u1ed3ng ngo\u1ea1i<\/li>\n<li>T\u00ednh n\u0103ng h\u1eb9n gi\u1edd cho t\u1eebng v\u00f9ng n\u1ea5u, th\u1eddi gian h\u1eb9n \u0111\u1ebfn 99 ph\u00fat<\/li>\n<li>\u0110i\u1ec1u khi\u1ec3n c\u00f4ng su\u1ea5t 9 m\u1ee9c + booster<\/li>\n<\/ul>\n<h3>T\u00ednh n\u0103ng an to\u00e0n<\/h3>\n<ul>\n<li>C\u1ea3nh b\u00e1o nhi\u1ec7t d\u01b0 v\u00f9ng n\u1ea5u Residual heat<\/li>\n<li>Kh\u00f3a an to\u00e0n tr\u1ebb emChild lock<\/li>\n<li>T\u00ednh n\u0103ng t\u1eaft b\u1ebfp an to\u00e0n khi \u0111\u1ec3 qu\u00ean Automatic switching off<\/li>\n<li>T\u1ef1 \u0111\u1ed9ng t\u1eaft b\u1ebfp khi kh\u00f4ng c\u00f3 n\u1ed3i (tr\u00ean b\u1ebfp t\u1eeb)<\/li>\n<li>C\u01a1 ch\u1ebf b\u1ea3o v\u1ec7 qu\u00e1 t\u1ea3i<\/li>\n<li>H\u1ec7 th\u1ed1ng b\u1ea3o v\u1ec7 an to\u00e0n qu\u00e1 nhi\u1ec7t, qu\u00e1 \u00e1p<\/li>\n<\/ul>\n<h3>Th\u00f4ng s\u1ed1 k\u1ef9 thu\u1eadt<\/h3>\n<ul>\n<li>\u0110i\u1ec7n \u00e1p 220V \/ 50Hz<\/li>\n<li>C\u00f4ng su\u1ea5t: max 5500W (Ph\u1ea3i: 2300W \/ Tr\u00e1i tr\u00ean 1500W (booster 2000W)\/ Tr\u00e1i d\u01b0\u1edbi: 1600W)<\/li>\n<li>K\u00edch th\u01b0\u1edbc (d\u00e0i x r\u1ed9ng x cao): 620 x 520 x 60mm<\/li>\n<li>K\u00edch th\u01b0\u1edbc kho\u00e9t l\u1ed7: 560 x 490mm<\/li>\n<li>Tr\u1ecdng l\u01b0\u1ee3ng: 6.0 kg<\/li>\n<\/ul>\n<p>&nbsp;<\/p>\n<figure id=\"attachment_9587\" aria-describedby=\"caption-attachment-9587\" style=\"width: 1200px\" class=\"wp-caption alignnone\"><img loading=\"lazy\" decoding=\"async\" class=\"wp-image-9587 size-full\" src=\"https:\/\/livinghome.vn\/thiet-bi\/wp-content\/uploads\/nha-bep\/chefs\/bep-dien-tu\/bep-dien-tu-chefs-eh-mix545n\/bep-dien-tu-chefs-mix545n7.jpg\" alt=\"B\u1ebfp \u0111i\u1ec7n t\u1eeb Chefs EH MIX545N 3 v\u00f9ng n\u1ea5u nh\u1eadp kh\u1ea9u T\u00e2y Ban Nha\" width=\"1200\" height=\"738\" title=\"\" srcset=\"https:\/\/livinghome.vn\/thiet-bi\/wp-content\/uploads\/nha-bep\/chefs\/bep-dien-tu\/bep-dien-tu-chefs-eh-mix545n\/bep-dien-tu-chefs-mix545n7.jpg 1200w, https:\/\/livinghome.vn\/thiet-bi\/wp-content\/uploads\/nha-bep\/chefs\/bep-dien-tu\/bep-dien-tu-chefs-eh-mix545n\/bep-dien-tu-chefs-mix545n7-600x369.jpg 600w, https:\/\/livinghome.vn\/thiet-bi\/wp-content\/uploads\/nha-bep\/chefs\/bep-dien-tu\/bep-dien-tu-chefs-eh-mix545n\/bep-dien-tu-chefs-mix545n7-650x400.jpg 650w, https:\/\/livinghome.vn\/thiet-bi\/wp-content\/uploads\/nha-bep\/chefs\/bep-dien-tu\/bep-dien-tu-chefs-eh-mix545n\/bep-dien-tu-chefs-mix545n7-768x472.jpg 768w\" sizes=\"auto, (max-width: 1200px) 100vw, 1200px\" \/><figcaption id=\"caption-attachment-9587\" class=\"wp-caption-text\">B\u1ebfp \u0111i\u1ec7n t\u1eeb Chefs EH MIX545N 3 v\u00f9ng n\u1ea5u nh\u1eadp kh\u1ea9u T\u00e2y Ban Nha<\/figcaption><\/figure>\n<h2>Xu\u1ea5t x\u1ee9: T\u00e2y Ban Nha<\/h2>\n<div><\/div>\n","protected":false},"excerpt":{"rendered":"<p>S\u1eed d\u1ee5ng \u0111a n\u0103ng v\u1edbi b\u1ebfp h\u1ed3ng ngo\u1ea1i k\u1ebft h\u1ee3p t\u1eeb EH-MIX545N<br \/>\nM\u1eb7t k\u00ednh ceramic ch\u1ecbu nhi\u1ec7t Schott Ceran v\u00e1t c\u1ea1nh, Germany<br \/>\nM\u00e2m nhi\u1ec7t EGO Hi-light, 3 vo\u0300ng nhi\u1ec7t (14 \/ 20 \/ 23cm), Made in Germany<br \/>\nM\u00e2m t\u1eeb \u0111\u01b0\u1eddng k\u00ednh 16 \/ 22cm, h\u1ed7 tr\u1ee3 t\u00ednh n\u0103ng n\u1ea5u nhanh<br \/>\nBooster &#8211; max 2000W<br \/>\nT\u00ednh n\u0103ng c\u00e0i \u0111\u1eb7t ch\u01b0\u01a1ng tr\u00ecnh n\u1ea5u linh ho\u1ea1t tr\u00ean b\u1ebfp h\u1ed3ng ngo\u1ea1i<br \/>\nT\u00ednh n\u0103ng h\u1eb9n gi\u1edd cho t\u1eebng v\u00f9ng n\u1ea5u, th\u1eddi gian h\u1eb9n \u0111\u1ebfn 99 ph\u00fat<br \/>\n\u0110i\u1ec1u khi\u1ec3n c\u00f4ng su\u1ea5t 9 m\u1ee9c + booster<\/p>\n","protected":false},"featured_media":9584,"comment_status":"open","ping_status":"closed","template":"","meta":[],"product_brand":[],"product_cat":[745,798,803,759,800,80,801,802,832,741,755],"product_tag":[590,81,116,115,760,310,757],"class_list":{"0":"post-9579","1":"product","2":"type-product","3":"status-publish","4":"has-post-thumbnail","6":"product_cat-bep-dien-tu","7":"product_cat-bep-2-tu-1-dien","8":"product_cat-bep-dien-tu-3-vung-nau","9":"product_cat-bep-dien-tu-chefs","10":"product_cat-bep-dien-tu-hinh-vuong","11":"product_cat-bep-dien-tu-ket-hop","12":"product_cat-bep-dien-tu-khong-ken-noi","13":"product_cat-bep-dien-tu-mat-kinh-schott-ceran","14":"product_cat-bep-dien-tu-tay-ban-nha","15":"product_cat-bep-hong-ngoai","16":"product_cat-thuong-hieu-chefs","17":"product_tag-bep-3-vung-nau","18":"product_tag-bep-dien-tu","19":"product_tag-bep-dien-tu-3-vung-nau","20":"product_tag-bep-dien-tu-am","21":"product_tag-bep-dien-tu-chefs","22":"product_tag-bep-nau","23":"product_tag-chefs","25":"first","26":"instock","27":"sale","28":"shipping-taxable","29":"purchasable","30":"product-type-simple"},"_links":{"self":[{"href":"https:\/\/livinghome.vn\/thiet-bi\/wp-json\/wp\/v2\/product\/9579","targetHints":{"allow":["GET"]}}],"collection":[{"href":"https:\/\/livinghome.vn\/thiet-bi\/wp-json\/wp\/v2\/product"}],"about":[{"href":"https:\/\/livinghome.vn\/thiet-bi\/wp-json\/wp\/v2\/types\/product"}],"replies":[{"embeddable":true,"href":"https:\/\/livinghome.vn\/thiet-bi\/wp-json\/wp\/v2\/comments?post=9579"}],"wp:featuredmedia":[{"embeddable":true,"href":"https:\/\/livinghome.vn\/thiet-bi\/wp-json\/wp\/v2\/media\/9584"}],"wp:attachment":[{"href":"https:\/\/livinghome.vn\/thiet-bi\/wp-json\/wp\/v2\/media?parent=9579"}],"wp:term":[{"taxonomy":"product_brand","embeddable":true,"href":"https:\/\/livinghome.vn\/thiet-bi\/wp-json\/wp\/v2\/product_brand?post=9579"},{"taxonomy":"product_cat","embeddable":true,"href":"https:\/\/livinghome.vn\/thiet-bi\/wp-json\/wp\/v2\/product_cat?post=9579"},{"taxonomy":"product_tag","embeddable":true,"href":"https:\/\/livinghome.vn\/thiet-bi\/wp-json\/wp\/v2\/product_tag?post=9579"}],"curies":[{"name":"wp","href":"https:\/\/api.w.org\/{rel}","templated":true}]}}