{"id":9532,"date":"2023-03-29T07:08:03","date_gmt":"2023-03-29T07:08:03","guid":{"rendered":"https:\/\/livinghome.vn\/thiet-bi\/?post_type=product&#038;p=9532"},"modified":"2024-11-29T14:19:13","modified_gmt":"2024-11-29T07:19:13","slug":"bep-tu-chefs-eh-dih32a","status":"publish","type":"product","link":"https:\/\/livinghome.vn\/thiet-bi\/bep-tu-chefs-eh-dih32a\/","title":{"rendered":"B\u1ebfp t\u1eeb Chefs EH-DIH32A Domino sang tr\u1ecdng nh\u1ecf g\u1ecdn"},"content":{"rendered":"<h3>B\u1ebfp t\u1eeb \u0111\u00f4i Domino Chef&#8217;s EH-DIH32A \u0111\u01b0\u1ee3c trang b\u1ecb \u0111\u1ea7y \u0111\u1ee7 c\u00e1c ch\u1ee9c n\u0103ng c\u00f9ng ch\u1ebf \u0111\u1ed9 c\u1ee7a lo\u1ea1i b\u1ebfp t\u1eeb b\u00ecnh th\u01b0\u1eddng. B\u1ebfp v\u1edbi thi\u1ebft k\u1ebf hai v\u00f9ng n\u1ea5u c\u00f3 k\u00edch th\u01b0\u1edbc kh\u00e1c nhau gi\u00fap b\u1ea1n c\u00f3 th\u1ec3 s\u1eed d\u1ee5ng \u0111\u01b0\u1ee3c d\u1ec5 d\u00e0ng.<\/h3>\n<figure id=\"attachment_9536\" aria-describedby=\"caption-attachment-9536\" style=\"width: 1200px\" class=\"wp-caption alignnone\"><img loading=\"lazy\" decoding=\"async\" class=\"wp-image-9536 size-full\" src=\"https:\/\/livinghome.vn\/thiet-bi\/wp-content\/uploads\/nha-bep\/chefs\/bep-tu\/bep-tu-chefs-eh-dih32a\/bep-tu-chefs-dih32a2.jpg\" alt=\"B\u1ebfp t\u1eeb Chefs EH DIH32A Domino sang tr\u1ecdng nh\u1ecf g\u1ecdn\" width=\"1200\" height=\"675\" title=\"\" srcset=\"https:\/\/livinghome.vn\/thiet-bi\/wp-content\/uploads\/nha-bep\/chefs\/bep-tu\/bep-tu-chefs-eh-dih32a\/bep-tu-chefs-dih32a2.jpg 1200w, https:\/\/livinghome.vn\/thiet-bi\/wp-content\/uploads\/nha-bep\/chefs\/bep-tu\/bep-tu-chefs-eh-dih32a\/bep-tu-chefs-dih32a2-600x338.jpg 600w, https:\/\/livinghome.vn\/thiet-bi\/wp-content\/uploads\/nha-bep\/chefs\/bep-tu\/bep-tu-chefs-eh-dih32a\/bep-tu-chefs-dih32a2-711x400.jpg 711w, https:\/\/livinghome.vn\/thiet-bi\/wp-content\/uploads\/nha-bep\/chefs\/bep-tu\/bep-tu-chefs-eh-dih32a\/bep-tu-chefs-dih32a2-768x432.jpg 768w\" sizes=\"auto, (max-width: 1200px) 100vw, 1200px\" \/><figcaption id=\"caption-attachment-9536\" class=\"wp-caption-text\">B\u1ebfp t\u1eeb Chefs EH DIH32A Domino sang tr\u1ecdng nh\u1ecf g\u1ecdn<\/figcaption><\/figure>\n<p><strong>C\u00c1C T\u00cdNH N\u0102NG \u01afU VI\u1ec6T C\u1ee6A B\u1ebeP T\u1eea CHEFS\u00a0<\/strong><\/p>\n<p>B\u1ebfp t\u1eeb c\u00f3 k\u00edch th\u01b0\u1edbc nh\u1ecf v\u1edbi m\u00e0u \u0111en mang l\u1ea1i s\u1ef1 sang tr\u1ecdng cho c\u0103n b\u1ebfp. M\u1eb7t b\u1ebfp \u0111\u01b0\u1ee3c l\u00e0m b\u1eb1ng k\u00ednh c\u01b0\u1eddng l\u1ef1c Shott ceran n\u1ed5i ti\u1ebfng c\u1ee7a \u0110\u1ee9c chuy\u00ean d\u1ee5ng d\u00e0nh cho b\u1ebfp t\u1eeb c\u00f3 kh\u1ea3 n\u0103ng ch\u1ecbu nhi\u1ec7t t\u1edbi 1000 \u0111\u1ed9 C v\u00e0 s\u1ed1c nhi\u1ec7t \u0111\u1ebfn 800oC.<\/p>\n<figure id=\"attachment_9538\" aria-describedby=\"caption-attachment-9538\" style=\"width: 1200px\" class=\"wp-caption alignnone\"><img loading=\"lazy\" decoding=\"async\" class=\"wp-image-9538 size-full\" src=\"https:\/\/livinghome.vn\/thiet-bi\/wp-content\/uploads\/nha-bep\/chefs\/bep-tu\/bep-tu-chefs-eh-dih32a\/bep-tu-chefs-dih32a7.jpg\" alt=\"B\u1ebfp t\u1eeb Chefs EH DIH32A Domino sang tr\u1ecdng nh\u1ecf g\u1ecdn\" width=\"1200\" height=\"675\" title=\"\" srcset=\"https:\/\/livinghome.vn\/thiet-bi\/wp-content\/uploads\/nha-bep\/chefs\/bep-tu\/bep-tu-chefs-eh-dih32a\/bep-tu-chefs-dih32a7.jpg 1200w, https:\/\/livinghome.vn\/thiet-bi\/wp-content\/uploads\/nha-bep\/chefs\/bep-tu\/bep-tu-chefs-eh-dih32a\/bep-tu-chefs-dih32a7-600x338.jpg 600w, https:\/\/livinghome.vn\/thiet-bi\/wp-content\/uploads\/nha-bep\/chefs\/bep-tu\/bep-tu-chefs-eh-dih32a\/bep-tu-chefs-dih32a7-711x400.jpg 711w, https:\/\/livinghome.vn\/thiet-bi\/wp-content\/uploads\/nha-bep\/chefs\/bep-tu\/bep-tu-chefs-eh-dih32a\/bep-tu-chefs-dih32a7-768x432.jpg 768w\" sizes=\"auto, (max-width: 1200px) 100vw, 1200px\" \/><figcaption id=\"caption-attachment-9538\" class=\"wp-caption-text\">B\u1ebfp t\u1eeb Chefs EH DIH32A Domino sang tr\u1ecdng nh\u1ecf g\u1ecdn<\/figcaption><\/figure>\n<p>&nbsp;<\/p>\n<figure id=\"attachment_9541\" aria-describedby=\"caption-attachment-9541\" style=\"width: 1200px\" class=\"wp-caption alignnone\"><img loading=\"lazy\" decoding=\"async\" class=\"wp-image-9541 size-full\" src=\"https:\/\/livinghome.vn\/thiet-bi\/wp-content\/uploads\/nha-bep\/chefs\/bep-tu\/bep-tu-chefs-eh-dih32a\/bep-tu-chefs-dih32a6.jpg\" alt=\"B\u1ebfp t\u1eeb Chefs EH DIH32A Domino sang tr\u1ecdng nh\u1ecf g\u1ecdn\" width=\"1200\" height=\"675\" title=\"\" srcset=\"https:\/\/livinghome.vn\/thiet-bi\/wp-content\/uploads\/nha-bep\/chefs\/bep-tu\/bep-tu-chefs-eh-dih32a\/bep-tu-chefs-dih32a6.jpg 1200w, https:\/\/livinghome.vn\/thiet-bi\/wp-content\/uploads\/nha-bep\/chefs\/bep-tu\/bep-tu-chefs-eh-dih32a\/bep-tu-chefs-dih32a6-600x338.jpg 600w, https:\/\/livinghome.vn\/thiet-bi\/wp-content\/uploads\/nha-bep\/chefs\/bep-tu\/bep-tu-chefs-eh-dih32a\/bep-tu-chefs-dih32a6-711x400.jpg 711w, https:\/\/livinghome.vn\/thiet-bi\/wp-content\/uploads\/nha-bep\/chefs\/bep-tu\/bep-tu-chefs-eh-dih32a\/bep-tu-chefs-dih32a6-768x432.jpg 768w\" sizes=\"auto, (max-width: 1200px) 100vw, 1200px\" \/><figcaption id=\"caption-attachment-9541\" class=\"wp-caption-text\">B\u1ebfp t\u1eeb Chefs EH DIH32A Domino sang tr\u1ecdng nh\u1ecf g\u1ecdn<\/figcaption><\/figure>\n<h3>T\u00ednh n\u0103ng s\u1ea3n ph\u1ea9m<\/h3>\n<ul>\n<li><a href=\"https:\/\/livinghome.vn\/thiet-bi\/bep-tu\/\">B\u1ebfp t\u1eeb<\/a> &#8211; B\u1ebfp k\u00ednh \u00e2m 2 t\u1eeb<\/li>\n<li>\u0110un n\u1ea5u si\u00eau ti\u1ebft ki\u1ec7m v\u1edbi b\u1ebfp hai t\u1eeb EH-DIH32A<\/li>\n<li>M\u1eb7t k\u00ednh ceramic ch\u1ecbu nhi\u1ec7t Schott Ceran v\u00e1t c\u1ea1nh, Germany<\/li>\n<li>B\u1ebfp tr\u00ean \u0111\u01b0\u1eddng k\u00ednh 22cm, h\u1ed7 tr\u1ee3 t\u00ednh n\u0103ng n\u1ea5u nhanh Booster &#8211; max 2000W<\/li>\n<li>B\u1ebfp d\u01b0\u1edbi \u0111\u01b0\u1eddng k\u00ednh 18cm, c\u00f4ng su\u1ea5t booster 1600W<\/li>\n<li>T\u00ednh n\u0103ng h\u1eb9n gi\u1edd cho t\u1eebng v\u00f9ng n\u1ea5u, th\u1eddi gian h\u1eb9n \u0111\u1ebfn 99 ph\u00fat<\/li>\n<li>\u0110i\u1ec1u khi\u1ec3n c\u00f4ng su\u1ea5t 9 m\u1ee9c + booster<\/li>\n<li>T\u1ef1 \u0111\u1ed9ng chia s\u1ebb c\u00f4ng su\u1ea5t gi\u1eefa hai b\u1ebfp<\/li>\n<\/ul>\n<h3>T\u00ednh n\u0103ng an to\u00e0n<\/h3>\n<ul>\n<li>C\u1ea3nh b\u00e1o nhi\u1ec7t d\u01b0 v\u00f9ng n\u1ea5u Residual heat<\/li>\n<li>Kh\u00f3a an to\u00e0n tr\u1ebb em Child lock<\/li>\n<li>T\u1ef1 \u0111\u1ed9ng t\u1eaft b\u1ebfp khi \u0111\u1ec3 qu\u00ean Automatic switching off<\/li>\n<li>T\u1ef1 \u0111\u1ed9ng t\u1eaft b\u1ebfp khi kh\u00f4ng c\u00f3 n\u1ed3i<\/li>\n<li>H\u1ec7 th\u1ed1ng b\u1ea3o v\u1ec7 an to\u00e0n qu\u00e1 nhi\u1ec7t, qu\u00e1 \u00e1p<\/li>\n<\/ul>\n<h3>Th\u00f4ng s\u1ed1 k\u1ef9 thu\u1eadt<\/h3>\n<ul>\n<li>\u0110i\u1ec7n \u00e1p 220V \/ 50Hz<\/li>\n<li>C\u00f4ng su\u1ea5t: max 3400W (D\u01b0\u1edbi: 1600W ; Tr\u00ean: 1500W\/booster 2000W)<\/li>\n<li>K\u00edch th\u01b0\u1edbc (d\u00e0i x r\u1ed9ng x cao): 300x520x60 mm<\/li>\n<li>K\u00edch th\u01b0\u1edbc kho\u00e9t l\u1ed7: 250&#215;480 mm<\/li>\n<li>Tr\u1ecdng l\u01b0\u1ee3ng: 5.0 kg<\/li>\n<\/ul>\n<p>&nbsp;<\/p>\n<figure id=\"attachment_9540\" aria-describedby=\"caption-attachment-9540\" style=\"width: 1200px\" class=\"wp-caption alignnone\"><img loading=\"lazy\" decoding=\"async\" class=\"wp-image-9540 size-full\" src=\"https:\/\/livinghome.vn\/thiet-bi\/wp-content\/uploads\/nha-bep\/chefs\/bep-tu\/bep-tu-chefs-eh-dih32a\/bep-tu-chefs-dih32a11.jpg\" alt=\"B\u1ebfp t\u1eeb Chefs EH DIH32A Domino sang tr\u1ecdng nh\u1ecf g\u1ecdn\" width=\"1200\" height=\"675\" title=\"\" srcset=\"https:\/\/livinghome.vn\/thiet-bi\/wp-content\/uploads\/nha-bep\/chefs\/bep-tu\/bep-tu-chefs-eh-dih32a\/bep-tu-chefs-dih32a11.jpg 1200w, https:\/\/livinghome.vn\/thiet-bi\/wp-content\/uploads\/nha-bep\/chefs\/bep-tu\/bep-tu-chefs-eh-dih32a\/bep-tu-chefs-dih32a11-600x338.jpg 600w, https:\/\/livinghome.vn\/thiet-bi\/wp-content\/uploads\/nha-bep\/chefs\/bep-tu\/bep-tu-chefs-eh-dih32a\/bep-tu-chefs-dih32a11-711x400.jpg 711w, https:\/\/livinghome.vn\/thiet-bi\/wp-content\/uploads\/nha-bep\/chefs\/bep-tu\/bep-tu-chefs-eh-dih32a\/bep-tu-chefs-dih32a11-768x432.jpg 768w\" sizes=\"auto, (max-width: 1200px) 100vw, 1200px\" \/><figcaption id=\"caption-attachment-9540\" class=\"wp-caption-text\">B\u1ebfp t\u1eeb Chefs EH DIH32A Domino sang tr\u1ecdng nh\u1ecf g\u1ecdn<\/figcaption><\/figure>\n<h3>Xu\u1ea5t x\u1ee9: T\u00e2y Ban Nha<\/h3>\n<div><\/div>\n","protected":false},"excerpt":{"rendered":"<p>\u0110un n\u1ea5u si\u00eau ti\u1ebft ki\u1ec7m v\u1edbi b\u1ebfp hai t\u1eeb EH-DIH32A<br \/>\nM\u1eb7t k\u00ednh ceramic ch\u1ecbu nhi\u1ec7t Schott Ceran v\u00e1t c\u1ea1nh, Germany<br \/>\nB\u1ebfp tr\u00ean \u0111\u01b0\u1eddng k\u00ednh 22cm, h\u1ed7 tr\u1ee3 t\u00ednh n\u0103ng n\u1ea5u nhanh Booster &#8211; max 2000W<br \/>\nB\u1ebfp d\u01b0\u1edbi \u0111\u01b0\u1eddng k\u00ednh 18cm, c\u00f4ng su\u1ea5t booster 1600W<br \/>\nT\u00ednh n\u0103ng h\u1eb9n gi\u1edd cho t\u1eebng v\u00f9ng n\u1ea5u, th\u1eddi gian h\u1eb9n \u0111\u1ebfn 99 ph\u00fat<br \/>\n\u0110i\u1ec1u khi\u1ec3n c\u00f4ng su\u1ea5t 9 m\u1ee9c + booster<br \/>\nT\u1ef1 \u0111\u1ed9ng chia s\u1ebb c\u00f4ng su\u1ea5t gi\u1eefa hai b\u1ebfp<\/p>\n<p>&nbsp;<\/p>\n","protected":false},"featured_media":9535,"comment_status":"open","ping_status":"closed","template":"","meta":[],"product_brand":[],"product_cat":[745,794,813,796,830,799,802,832,816,75,756,795,755],"product_tag":[310,76,77,168,758,111,757],"class_list":{"0":"post-9532","1":"product","2":"type-product","3":"status-publish","4":"has-post-thumbnail","6":"product_cat-bep-dien-tu","7":"product_cat-bep-2-tu","8":"product_cat-bep-dien-tu-chung-cu","9":"product_cat-bep-dien-tu-doi","10":"product_cat-bep-dien-tu-domino","11":"product_cat-bep-dien-tu-hinh-chu-nhat","12":"product_cat-bep-dien-tu-mat-kinh-schott-ceran","13":"product_cat-bep-dien-tu-tay-ban-nha","14":"product_cat-bep-dien-tu-thoi-trang","15":"product_cat-bep-tu","16":"product_cat-bep-tu-chefs","17":"product_cat-bep-tu-doi","18":"product_cat-thuong-hieu-chefs","19":"product_tag-bep-nau","20":"product_tag-bep-tu","21":"product_tag-bep-tu-2-vung-nau","22":"product_tag-bep-tu-am","23":"product_tag-bep-tu-chefs","24":"product_tag-bep-tu-doi","25":"product_tag-chefs","27":"first","28":"instock","29":"sale","30":"shipping-taxable","31":"purchasable","32":"product-type-simple"},"_links":{"self":[{"href":"https:\/\/livinghome.vn\/thiet-bi\/wp-json\/wp\/v2\/product\/9532","targetHints":{"allow":["GET"]}}],"collection":[{"href":"https:\/\/livinghome.vn\/thiet-bi\/wp-json\/wp\/v2\/product"}],"about":[{"href":"https:\/\/livinghome.vn\/thiet-bi\/wp-json\/wp\/v2\/types\/product"}],"replies":[{"embeddable":true,"href":"https:\/\/livinghome.vn\/thiet-bi\/wp-json\/wp\/v2\/comments?post=9532"}],"wp:featuredmedia":[{"embeddable":true,"href":"https:\/\/livinghome.vn\/thiet-bi\/wp-json\/wp\/v2\/media\/9535"}],"wp:attachment":[{"href":"https:\/\/livinghome.vn\/thiet-bi\/wp-json\/wp\/v2\/media?parent=9532"}],"wp:term":[{"taxonomy":"product_brand","embeddable":true,"href":"https:\/\/livinghome.vn\/thiet-bi\/wp-json\/wp\/v2\/product_brand?post=9532"},{"taxonomy":"product_cat","embeddable":true,"href":"https:\/\/livinghome.vn\/thiet-bi\/wp-json\/wp\/v2\/product_cat?post=9532"},{"taxonomy":"product_tag","embeddable":true,"href":"https:\/\/livinghome.vn\/thiet-bi\/wp-json\/wp\/v2\/product_tag?post=9532"}],"curies":[{"name":"wp","href":"https:\/\/api.w.org\/{rel}","templated":true}]}}