{"id":9492,"date":"2023-03-28T10:10:43","date_gmt":"2023-03-28T10:10:43","guid":{"rendered":"https:\/\/livinghome.vn\/thiet-bi\/?post_type=product&#038;p=9492"},"modified":"2024-11-29T14:19:13","modified_gmt":"2024-11-29T07:19:13","slug":"bep-dien-tu-chefs-eh-mix220-72cm-1-dien-1-tu","status":"publish","type":"product","link":"https:\/\/livinghome.vn\/thiet-bi\/bep-dien-tu-chefs-eh-mix220-72cm-1-dien-1-tu\/","title":{"rendered":"B\u1ebfp \u0110i\u1ec7n T\u1eeb Chefs EH-MIX220 72CM 1 \u0110i\u1ec7n 1 T\u1eeb K\u00ednh EuroKera"},"content":{"rendered":"<h2>B\u1ebfp \u0111i\u1ec7n t\u1eeb Chefs EH-MIX220 thi\u1ebft k\u1ebf hi\u1ec7n \u0111\u1ea1i t\u1ed1i gi\u1ea3n<\/h2>\n<p>S\u1ea3n ph\u1ea9m trang b\u1ecb m\u1eb7t k\u00ednh Eurokera nh\u1eadp kh\u1ea9u t\u1eeb Ph\u00e1p, m\u1eb7t k\u00ednh \u0111\u01b0\u1ee3c l\u00e0m ch\u1ea5t li\u1ec7u g\u1ed1m th\u1ee7y tinh c\u00f3 kh\u1ea3 n\u0103ng ch\u1ecbu l\u1ef1c va \u0111\u1eadp v\u00e0 s\u1ed1c nhi\u1ec7t t\u1edbi 1000 \u0111\u1ed9 C, ch\u1ed1ng x\u01b0\u1edbc t\u1ed1t n\u00ean tu\u1ed5i th\u1ecd cao.<\/p>\n<p>M\u1eb7t b\u1ebfp t\u1ea3n nhi\u1ec7t nhanh v\u00e0 \u0111\u01b0\u1ee3c c\u00e1ch \u0111i\u1ec7n an to\u00e0n v\u1edbi c\u00e1c linh ki\u1ec7n \u0111i\u1ec7n t\u1eed b\u00ean trong th\u00e2n. B\u1ea1n c\u00f3 th\u1ec3 y\u00ean t\u00e2m s\u1eed d\u1ee5ng m\u00e0 kh\u00f4ng lo b\u1ecb b\u1ecfng hay \u0111i\u1ec7n gi\u1eadt.<\/p>\n<figure id=\"attachment_9500\" aria-describedby=\"caption-attachment-9500\" style=\"width: 1200px\" class=\"wp-caption alignnone\"><img loading=\"lazy\" decoding=\"async\" class=\"wp-image-9500 size-full\" src=\"https:\/\/livinghome.vn\/thiet-bi\/wp-content\/uploads\/nha-bep\/chefs\/bep-dien-tu\/bep-dien-tu-chefs-eh-mix220\/bep-dien-tu-chefs-mix2202.jpg\" alt=\"B\u1ebfp \u0110i\u1ec7n T\u1eeb Chefs EH-MIX220 72CM 1 \u0110i\u1ec7n 1 T\u1eeb K\u00ednh EuroKera\" width=\"1200\" height=\"675\" title=\"\" srcset=\"https:\/\/livinghome.vn\/thiet-bi\/wp-content\/uploads\/nha-bep\/chefs\/bep-dien-tu\/bep-dien-tu-chefs-eh-mix220\/bep-dien-tu-chefs-mix2202.jpg 1200w, https:\/\/livinghome.vn\/thiet-bi\/wp-content\/uploads\/nha-bep\/chefs\/bep-dien-tu\/bep-dien-tu-chefs-eh-mix220\/bep-dien-tu-chefs-mix2202-600x338.jpg 600w, https:\/\/livinghome.vn\/thiet-bi\/wp-content\/uploads\/nha-bep\/chefs\/bep-dien-tu\/bep-dien-tu-chefs-eh-mix220\/bep-dien-tu-chefs-mix2202-711x400.jpg 711w, https:\/\/livinghome.vn\/thiet-bi\/wp-content\/uploads\/nha-bep\/chefs\/bep-dien-tu\/bep-dien-tu-chefs-eh-mix220\/bep-dien-tu-chefs-mix2202-768x432.jpg 768w\" sizes=\"auto, (max-width: 1200px) 100vw, 1200px\" \/><figcaption id=\"caption-attachment-9500\" class=\"wp-caption-text\">B\u1ebfp \u0111i\u1ec7n t\u1eeb Chefs EH-MIX220 thi\u1ebft k\u1ebf tinh gi\u1ea3n gi\u1ea3n c\u00e1c chi ti\u1ebft<\/figcaption><\/figure>\n<h2>T\u00ednh n\u0103ng n\u1ed5i b\u1eadt c\u1ee7a B\u1ebfp \u0111i\u1ec7n t\u1eeb Chefs EH-MIX220<\/h2>\n<h3>C\u00e1c ch\u1ee9c n\u0103ng ch\u00ednh<\/h3>\n<p>B\u1ebfp \u0111i\u1ec7n t\u1eeb Chefs EH-MIX220 g\u1ed3m 2 v\u00f9ng n\u1ea5u v\u1edbi t\u1ed5ng c\u00f4ng su\u1ea5t l\u00e0 4000W, v\u00f9ng n\u1ea5u tr\u00e1i v\u1edbi c\u00f4ng su\u1ea5t l\u00e0 2000W khi k\u00edch ho\u1ea1t t\u00ednh n\u0103ng n\u1ea5u nhanh si\u00eau t\u1ed1c Booster c\u00f4ng su\u1ea5t l\u00ean t\u1edbi 2200W, v\u00f9ng n\u1ea5u ph\u1ea3i v\u1edbi c\u00f4ng su\u1ea5t l\u00e0 2000W khi k\u00edch ho\u1ea1t t\u00ednh n\u0103ng n\u1ea5u nhanh si\u00eau t\u1ed1c Booster c\u00f4ng su\u1ea5t l\u00ean t\u1edbi 2200W.<\/p>\n<p>Ch\u1ee9c n\u0103ng Booster \u1edf v\u00f9ng t\u1eeb b\u00ean tr\u00e1i n\u1ea5u si\u00eau nhanh, tuy nhi\u00ean th\u1eddi gian t\u1ed1i \u0111a m\u1eb7c \u0111\u1ecbnh d\u00f9ng ch\u1ee9c n\u0103ng n\u00e0y l\u00e0 10 ph\u00fat\/l\u1ea7n tr\u00e1nh qu\u00e1 t\u1ea3i.<\/p>\n<p>B\u1ebfp \u0111i\u1ec7n t\u1eeb Chefs EH-MIX220 kh\u00f4ng s\u1eed d\u1ee5ng l\u1eeda \u0111\u1ec3 l\u00e0m ch\u00edn th\u1ee9c \u0103n v\u00e0 d\u00f9ng n\u0103ng l\u01b0\u1ee3ng c\u1ea3m \u1ee9ng t\u1eeb, v\u00ec th\u1ebf hi\u1ec7u su\u1ea5t n\u1ea5u \u0111\u1ea1t t\u1edbi 90%, trong khi b\u1ebfp gas ch\u1ec9 \u0111\u1ea1t kho\u1ea3ng 50%. B\u1edfi v\u1eady, s\u1eed d\u1ee5ng b\u1ebfp \u0111i\u1ec7n t\u1eeb n\u00e0y kh\u00f4ng nh\u1eefng gi\u00fap b\u1ea1n ti\u1ebft ki\u1ec7m th\u1eddi gian n\u1ea5u m\u1ed9t n\u1eeda m\u00e0 c\u00f2n ti\u1ebft ki\u1ec7m \u0111i\u1ec7n n\u0103ng, ti\u1ebft ki\u1ec7m chi ph\u00ed h\u00e0ng th\u00e1ng cho gia \u0111\u00ecnh.<\/p>\n<figure id=\"attachment_9499\" aria-describedby=\"caption-attachment-9499\" style=\"width: 1200px\" class=\"wp-caption alignnone\"><img loading=\"lazy\" decoding=\"async\" class=\"wp-image-9499 size-full\" src=\"https:\/\/livinghome.vn\/thiet-bi\/wp-content\/uploads\/nha-bep\/chefs\/bep-dien-tu\/bep-dien-tu-chefs-eh-mix220\/bep-dien-tu-chefs-mix2205.jpg\" alt=\"B\u1ebfp \u0110i\u1ec7n T\u1eeb Chefs EH-MIX220 72CM 1 \u0110i\u1ec7n 1 T\u1eeb K\u00ednh EuroKera\" width=\"1200\" height=\"675\" title=\"\" srcset=\"https:\/\/livinghome.vn\/thiet-bi\/wp-content\/uploads\/nha-bep\/chefs\/bep-dien-tu\/bep-dien-tu-chefs-eh-mix220\/bep-dien-tu-chefs-mix2205.jpg 1200w, https:\/\/livinghome.vn\/thiet-bi\/wp-content\/uploads\/nha-bep\/chefs\/bep-dien-tu\/bep-dien-tu-chefs-eh-mix220\/bep-dien-tu-chefs-mix2205-600x338.jpg 600w, https:\/\/livinghome.vn\/thiet-bi\/wp-content\/uploads\/nha-bep\/chefs\/bep-dien-tu\/bep-dien-tu-chefs-eh-mix220\/bep-dien-tu-chefs-mix2205-711x400.jpg 711w, https:\/\/livinghome.vn\/thiet-bi\/wp-content\/uploads\/nha-bep\/chefs\/bep-dien-tu\/bep-dien-tu-chefs-eh-mix220\/bep-dien-tu-chefs-mix2205-768x432.jpg 768w\" sizes=\"auto, (max-width: 1200px) 100vw, 1200px\" \/><figcaption id=\"caption-attachment-9499\" class=\"wp-caption-text\">B\u1ebfp \u0111i\u1ec7n t\u1eeb Chefs EH-MIX220 k\u1ebft h\u1ee3p v\u00f9ng n\u1ea5u \u0111i\u1ec7n h\u1ed3ng ngo\u1ea1i \u0111a d\u1ee5ng<\/figcaption><\/figure>\n<p>B\u1ebfp \u0111i\u1ec7n t\u1eeb Chefs EH-MIX220 s\u1eed d\u1ee5ng b\u1ea3ng \u0111i\u1ec1u khi\u1ec3n c\u1ea3m \u1ee9ng d\u1ea1ng tr\u01b0\u1ee3t Slider Control hi\u1ec7n \u0111\u1ea1i v\u1edbi 9 c\u1ea5p \u0111\u1ed9 c\u00f4ng su\u1ea5t nhi\u1ec7t \u0111\u1ed9 kh\u00e1c nhau, \u0111i\u1ec1u khi\u1ec3n d\u1ec5 d\u00e0ng b\u1eb1ng m\u1ed9t ng\u00f3n tay, m\u1ecdi ch\u01b0\u01a1ng tr\u00ecnh n\u1ea5u \u0111\u1ec1u \u0111\u01b0\u1ee3c hi\u1ec3n th\u1ecb qua \u0111\u00e8n Led s\u1eafc n\u00e9t \u0111\u1ec3 b\u1ea1n \u0111i\u1ec1u ch\u1ec9nh cho ph\u00f9 h\u1ee3p v\u1edbi c\u00e1c m\u00f3n \u0103n.<\/p>\n<p>Ph\u1ea7n th\u00e2n v\u1ecf c\u1ee7a B\u1ebfp \u0111i\u1ec7n t\u1eeb Chefs EH-MIX220 s\u1eed d\u1ee5ng ch\u1ea5t li\u1ec7u th\u00e9p kh\u00f4ng g\u1ec9 cao c\u1ea5p. \u0110\u00e2y l\u00e0 ch\u1ea5t li\u1ec7u c\u00f3 kh\u1ea3 n\u0103ng ch\u1ed1ng l\u1ea1i qu\u00e1 tr\u00ecnh oxi h\u00f3a v\u00e0 r\u00f2 r\u1ec9 \u0111i\u1ec7n n\u00ean r\u1ea5t an to\u00e0n cho ng\u01b0\u1eddi s\u1eed d\u1ee5ng v\u00e0 th\u00edch h\u1ee3p v\u1edbi kh\u00ed h\u1eadu nhi\u1ec7t \u0111\u1edbi gi\u00f3 m\u00f9a t\u1ea1i Vi\u1ec7t Nam.<\/p>\n<figure id=\"attachment_9497\" aria-describedby=\"caption-attachment-9497\" style=\"width: 1200px\" class=\"wp-caption alignnone\"><img loading=\"lazy\" decoding=\"async\" class=\"wp-image-9497 size-full\" src=\"https:\/\/livinghome.vn\/thiet-bi\/wp-content\/uploads\/nha-bep\/chefs\/bep-dien-tu\/bep-dien-tu-chefs-eh-mix220\/bep-dien-tu-chefs-mix2203.jpg\" alt=\"B\u1ebfp \u0111i\u1ec7n t\u1eeb Chefs EH-MIX220 cao c\u1ea5p ti\u1ec7n l\u1ee3i\" width=\"1200\" height=\"675\" title=\"\" srcset=\"https:\/\/livinghome.vn\/thiet-bi\/wp-content\/uploads\/nha-bep\/chefs\/bep-dien-tu\/bep-dien-tu-chefs-eh-mix220\/bep-dien-tu-chefs-mix2203.jpg 1200w, https:\/\/livinghome.vn\/thiet-bi\/wp-content\/uploads\/nha-bep\/chefs\/bep-dien-tu\/bep-dien-tu-chefs-eh-mix220\/bep-dien-tu-chefs-mix2203-600x338.jpg 600w, https:\/\/livinghome.vn\/thiet-bi\/wp-content\/uploads\/nha-bep\/chefs\/bep-dien-tu\/bep-dien-tu-chefs-eh-mix220\/bep-dien-tu-chefs-mix2203-711x400.jpg 711w, https:\/\/livinghome.vn\/thiet-bi\/wp-content\/uploads\/nha-bep\/chefs\/bep-dien-tu\/bep-dien-tu-chefs-eh-mix220\/bep-dien-tu-chefs-mix2203-768x432.jpg 768w\" sizes=\"auto, (max-width: 1200px) 100vw, 1200px\" \/><figcaption id=\"caption-attachment-9497\" class=\"wp-caption-text\">B\u1ebfp \u0111i\u1ec7n t\u1eeb Chefs EH-MIX220 trang b\u1ecb h\u1ec7 th\u1ed1ng \u0111i\u1ec1u khi\u1ec3n \u0111\u1ed9c l\u1eadp ch\u1ea1m tr\u01b0\u1ee3t<\/figcaption><\/figure>\n<p>\u01afu \u0111i\u1ec3m n\u1ed5i b\u1eadt c\u1ee7a b\u1ebfp \u0111i\u1ec7n t\u1eeb k\u1ebft h\u1ee3p l\u00e0 kh\u1ea3 n\u0103ng \u0111un n\u1ea5u c\u1ef1c nhanh v\u1edbi nguy\u00ean l\u00fd ho\u1ea1t \u0111\u1ed9ng c\u1ee7a s\u00f3ng t\u1eeb t\u00e1c \u0111\u1ed9ng vu\u00f4ng g\u00f3c v\u1edbi \u0111\u00e1y n\u1ed3i gi\u00fap ti\u1ebft ki\u1ec7m th\u1eddi gian \u0111un n\u1ea5u \u0111\u1ebfn t\u1ed1i \u0111a.<\/p>\n<p><a href=\"https:\/\/livinghome.vn\/thiet-bi\/bep-dien-tu-chefs\/\">B\u1ebfp \u0111i\u1ec7n t\u1eeb Chefs<\/a> EH-MIX220 v\u1edbi c\u00f4ng ngh\u1ec7 Inverter th\u00f4ng minh v\u01b0\u1ee3t tr\u1ed9i gi\u00fap l\u00e0m gi\u1ea3m l\u01b0\u1ee3ng ti\u00eau th\u1ee5 \u0111i\u1ec7n c\u1ee7a c\u00e1c s\u1ea3n ph\u1ea9m c\u00f3 s\u1eed d\u1ee5ng l\u00f5i t\u1eeb c\u1ee7a b\u1ebfp \u0111i\u1ec7n t\u1eeb. Ngo\u00e0i ra c\u00f4ng ngh\u1ec7 Inverter c\u00f2n gi\u00fap b\u1ebfp \u0111i\u1ec7n t\u1eeb \u0111i\u1ec1u ch\u1ec9nh m\u1ee9c c\u00f4ng su\u1ea5t ph\u00f9 h\u1ee3p \u0111\u1ec3 kh\u00f4ng l\u00e0m ti\u00eau th\u1ee5 nhi\u1ec1u \u0111i\u1ec7n n\u0103ng.<\/p>\n<p>B\u1ebfp \u0111i\u1ec7n t\u1eeb Chefs EH-MIX220 v\u1edbi c\u1ea3m bi\u1ebfn th\u00f4ng minh s\u1ebd c\u1ed1 \u0111\u1ecbnh c\u00f4ng su\u1ea5t ti\u00eau th\u1ee5 \u0111i\u1ec7n khi \u0111un n\u1ea5u, kh\u00f4ng b\u1eadt t\u1eaft li\u00ean t\u1ee5c nh\u01b0 c\u00e1c b\u1ebfp \u0111i\u1ec7n t\u1eeb th\u00f4ng th\u01b0\u1eddng kh\u00e1c (t\u1ef1 \u0111\u1ed9ng \u0111i\u1ec1u ch\u1ec9nh li\u00ean t\u1ee5c \u0111\u1ec3 \u0111\u1ea3m b\u1ea3o m\u1ee9c nhi\u1ec7t t\u01b0\u01a1ng \u0111\u01b0\u01a1ng b\u1eb1ng v\u1edbi con s\u1ed1 hi\u1ec3n th\u1ecb tr\u00ean b\u00e0n \u0111i\u1ec1u khi\u1ec3n).<\/p>\n<h3>T\u00ednh n\u0103ng s\u1ea3n ph\u1ea9m<\/h3>\n<ul>\n<li><a href=\"https:\/\/livinghome.vn\/thiet-bi\/bep-dien-tu-ket-hop\/\">B\u1ebfp \u0111i\u1ec7n t\u1eeb<\/a> &#8211; B\u1ebfp k\u00ednh \u00e2m 2 \u0111i\u1ec7n t\u1eeb<\/li>\n<li>\u0110un n\u00e2\u0301u si\u00eau ti\u1ebft ki\u1ec7m v\u1edbi b\u1ebfp hai t\u1eeb EH-MIX220<\/li>\n<li>M\u1eb7t k\u00ednh EuroKera v\u00e1t c\u1ea1nh<\/li>\n<li>M\u00e2m t\u1eeb t\u1ef1 \u0111\u1ed9ng nh\u1eadn bi\u1ebft k\u00edch c\u1ee1 xoong n\u1ed3i, \u0111\u01b0\u1eddng k\u00ednh 20cm \/ Booster 2200W<\/li>\n<li>H\u1eb9n gi\u1edd \u0111\u1ed9c l\u1eadp cho t\u1eebng v\u00f9ng n\u1ea5u, th\u1eddi gian h\u1eb9n \u0111\u1ebfn 99 ph\u00fat<\/li>\n<li>\u0110i\u1ec1u khi\u1ec3n 9 m\u1ee9c c\u00f4ng su\u1ea5t<\/li>\n<li>T\u00ednh n\u0103ng d\u1eebng b\u1ebfp t\u1ea1m th\u1eddi Pause<\/li>\n<li>B\u00e0n ph\u00edm tr\u01b0\u1ee3t si\u00eau nh\u1ea1y c\u1ea3 khi tay \u01b0\u1edbt<\/li>\n<li>C\u00f4ng su\u1ea5t \u0111\u1ed9c l\u1eadp t\u1eebng v\u00f9ng n\u1ea5u, max 4000W<\/li>\n<\/ul>\n<h3>T\u00ednh n\u0103ng an to\u00e0n<\/h3>\n<ul>\n<li>C\u1ea3nh b\u00e1o nhi\u1ec7t d\u01b0 v\u00f9ng n\u1ea5u Residual heat<\/li>\n<li>Kh\u00f3a an to\u00e0n tr\u1ebb em Child lock<\/li>\n<li>T\u1ef1 \u0111\u1ed9ng t\u1eaft b\u1ebfp khi \u0111\u1ec3 qu\u00ean Automatic switching off<\/li>\n<li>T\u1ef1 \u0111\u1ed9ng t\u1eaft b\u1ebfp khi kh\u00f4ng c\u00f3 n\u1ed3i ( tr\u00ean b\u1ebfp t\u1eeb) Pot detection<\/li>\n<li>H\u1ec7 th\u1ed1ng b\u1ea3o v\u1ec7 an to\u00e0n qu\u00e1 nhi\u1ec7t, qu\u00e1 \u00e1p<\/li>\n<\/ul>\n<h3>Th\u00f4ng s\u1ed1 k\u1ef9 thu\u1eadt<\/h3>\n<ul>\n<li>\u0110i\u1ec7n \u00e1p: 220-240V\/ 50-60Hz<\/li>\n<li>C\u00f4ng su\u1ea5t max: 4000W<\/li>\n<li>K\u00edch th\u01b0\u1edbc s\u1ea3n ph\u1ea9m (d\u00e0i x r\u1ed9ng x cao): 720 x 430 x 55mm<\/li>\n<li>K\u00edch th\u01b0\u1edbc l\u1eafp \u0111\u1eb7t: 670 x 380 mm<\/li>\n<li>Tr\u1ecdng l\u01b0\u1ee3ng: 6kg<\/li>\n<\/ul>\n<p>&nbsp;<\/p>\n<figure id=\"attachment_9496\" aria-describedby=\"caption-attachment-9496\" style=\"width: 1200px\" class=\"wp-caption alignnone\"><img loading=\"lazy\" decoding=\"async\" class=\"wp-image-9496 size-full\" src=\"https:\/\/livinghome.vn\/thiet-bi\/wp-content\/uploads\/nha-bep\/chefs\/bep-dien-tu\/bep-dien-tu-chefs-eh-mix220\/bep-dien-tu-chefs-mix2207.jpg\" alt=\"B\u1ebfp \u0111i\u1ec7n t\u1eeb Chefs EH-MIX220 cao c\u1ea5p ti\u1ec7n l\u1ee3i\" width=\"1200\" height=\"675\" title=\"\" srcset=\"https:\/\/livinghome.vn\/thiet-bi\/wp-content\/uploads\/nha-bep\/chefs\/bep-dien-tu\/bep-dien-tu-chefs-eh-mix220\/bep-dien-tu-chefs-mix2207.jpg 1200w, https:\/\/livinghome.vn\/thiet-bi\/wp-content\/uploads\/nha-bep\/chefs\/bep-dien-tu\/bep-dien-tu-chefs-eh-mix220\/bep-dien-tu-chefs-mix2207-600x338.jpg 600w, https:\/\/livinghome.vn\/thiet-bi\/wp-content\/uploads\/nha-bep\/chefs\/bep-dien-tu\/bep-dien-tu-chefs-eh-mix220\/bep-dien-tu-chefs-mix2207-711x400.jpg 711w, https:\/\/livinghome.vn\/thiet-bi\/wp-content\/uploads\/nha-bep\/chefs\/bep-dien-tu\/bep-dien-tu-chefs-eh-mix220\/bep-dien-tu-chefs-mix2207-768x432.jpg 768w\" sizes=\"auto, (max-width: 1200px) 100vw, 1200px\" \/><figcaption id=\"caption-attachment-9496\" class=\"wp-caption-text\">B\u1ebfp \u0111i\u1ec7n t\u1eeb Chefs EH-MIX220 th\u00f4ng s\u1ed1 chu\u1ea9n m\u1ef1c theo ti\u00eau chu\u1ea9n c\u1ee7a h\u00e3ng<\/figcaption><\/figure>\n<h2>Xu\u1ea5t x\u1ee9: Vi\u1ec7t Nam<\/h2>\n<div><\/div>\n","protected":false},"excerpt":{"rendered":"<p>&#8211; <strong>Lo\u1ea1i b\u1ebfp:<\/strong> 1 \u0111i\u1ec7n (h\u1ed3ng ngo\u1ea1i) v\u00e0 1 t\u1eeb<\/p>\n<p>&#8211; <strong>M\u1eb7t k\u00ednh:<\/strong> EuroKera<\/p>\n<p>&#8211; <strong>C\u00f4ng su\u1ea5t:<\/strong> 4800W<\/p>\n<p>&#8211; <strong>K\u00edch th\u01b0\u1edbc b\u1ebfp:<\/strong> W720 x D430 x H55mm<\/p>\n<p>&#8211; <strong>K\u00edch th\u01b0\u1edbc c\u1eaft \u0111\u00e1:<\/strong> W670 x D380mm<\/p>\n<p>&#8211; <strong>H\u1ec7 th\u1ed1ng \u0111i\u1ec1u khi\u1ec3n:<\/strong> c\u1ea3m \u1ee9ng d\u1ea1ng ch\u1ea1m + tr\u01b0\u1ee3t<\/p>\n","protected":false},"featured_media":9498,"comment_status":"open","ping_status":"closed","template":"","meta":[],"product_brand":[],"product_cat":[745,793,759,813,796,799,80,801,1694,807,755],"product_tag":[982,81,760,743,1693],"class_list":{"0":"post-9492","1":"product","2":"type-product","3":"status-publish","4":"has-post-thumbnail","6":"product_cat-bep-dien-tu","7":"product_cat-bep-1-dien-1-tu","8":"product_cat-bep-dien-tu-chefs","9":"product_cat-bep-dien-tu-chung-cu","10":"product_cat-bep-dien-tu-doi","11":"product_cat-bep-dien-tu-hinh-chu-nhat","12":"product_cat-bep-dien-tu-ket-hop","13":"product_cat-bep-dien-tu-khong-ken-noi","14":"product_cat-bep-dien-tu-mat-kinh-eurokera-phap","15":"product_cat-bep-dien-tu-tiet-kiem-dien","16":"product_cat-thuong-hieu-chefs","17":"product_tag-bep-1-dien-1-tu","18":"product_tag-bep-dien-tu","19":"product_tag-bep-dien-tu-chefs","20":"product_tag-bep-dien-tu-ket-hop","21":"product_tag-bep-dien-tu-mat-kinh-eurokera","23":"first","24":"instock","25":"sale","26":"shipping-taxable","27":"purchasable","28":"product-type-simple"},"_links":{"self":[{"href":"https:\/\/livinghome.vn\/thiet-bi\/wp-json\/wp\/v2\/product\/9492","targetHints":{"allow":["GET"]}}],"collection":[{"href":"https:\/\/livinghome.vn\/thiet-bi\/wp-json\/wp\/v2\/product"}],"about":[{"href":"https:\/\/livinghome.vn\/thiet-bi\/wp-json\/wp\/v2\/types\/product"}],"replies":[{"embeddable":true,"href":"https:\/\/livinghome.vn\/thiet-bi\/wp-json\/wp\/v2\/comments?post=9492"}],"wp:featuredmedia":[{"embeddable":true,"href":"https:\/\/livinghome.vn\/thiet-bi\/wp-json\/wp\/v2\/media\/9498"}],"wp:attachment":[{"href":"https:\/\/livinghome.vn\/thiet-bi\/wp-json\/wp\/v2\/media?parent=9492"}],"wp:term":[{"taxonomy":"product_brand","embeddable":true,"href":"https:\/\/livinghome.vn\/thiet-bi\/wp-json\/wp\/v2\/product_brand?post=9492"},{"taxonomy":"product_cat","embeddable":true,"href":"https:\/\/livinghome.vn\/thiet-bi\/wp-json\/wp\/v2\/product_cat?post=9492"},{"taxonomy":"product_tag","embeddable":true,"href":"https:\/\/livinghome.vn\/thiet-bi\/wp-json\/wp\/v2\/product_tag?post=9492"}],"curies":[{"name":"wp","href":"https:\/\/api.w.org\/{rel}","templated":true}]}}