{"id":9474,"date":"2023-03-28T09:35:51","date_gmt":"2023-03-28T09:35:51","guid":{"rendered":"https:\/\/livinghome.vn\/thiet-bi\/?post_type=product&#038;p=9474"},"modified":"2024-11-29T14:19:14","modified_gmt":"2024-11-29T07:19:14","slug":"bep-tu-chefs-eh-dih326","status":"publish","type":"product","link":"https:\/\/livinghome.vn\/thiet-bi\/bep-tu-chefs-eh-dih326\/","title":{"rendered":"B\u1ebfp t\u1eeb Chefs EH-DIH326 ti\u1ec7n d\u1ee5ng b\u1ec1n b\u1ec9"},"content":{"rendered":"<h3>B\u1ebfp t\u1eeb Chefs EH-DIH326 ti\u1ec7n d\u1ee5ng v\u01b0\u1ee3t tr\u1ed9i v\u1edbi b\u00e0n ph\u00edm \u0111i\u1ec1u khi\u1ec3n ri\u00eang<\/h3>\n<p>H\u1ec7 th\u1ed1ng \u0111i\u1ec1u khi\u1ec3n b\u1ebfp t\u1eeb Chefs EH DIH326 g\u1ed3m 2 khu v\u1ef1c \u0111i\u1ec1u khi\u1ec3n c\u1ea3m \u1ee9ng ri\u00eang bi\u1ec7t cho 2 v\u00f9ng n\u1ea5u tr\u00ean b\u1ebfp. M\u1ed7i khu v\u1ef1c \u0111i\u1ec1u khi\u1ec3n c\u00f3 thanh tr\u01b0\u1ee3t c\u1ea3m \u1ee9ng ri\u00eang, c\u00e1c ph\u00edm ch\u1ee9c n\u0103ng ri\u00eang, mang \u0111\u1ebfn s\u1ef1 ti\u1ec7n d\u1ee5ng v\u00e0 d\u1ec5 s\u1eed d\u1ee5ng h\u01a1n cho kh\u00e1ch h\u00e0ng.<\/p>\n<figure id=\"attachment_9476\" aria-describedby=\"caption-attachment-9476\" style=\"width: 1200px\" class=\"wp-caption alignnone\"><img loading=\"lazy\" decoding=\"async\" class=\"wp-image-9476 size-full\" src=\"https:\/\/livinghome.vn\/thiet-bi\/wp-content\/uploads\/nha-bep\/chefs\/bep-tu\/bep-tu-chefs-eh-dih326\/bep-tu-chefs-dih3262.jpg\" alt=\"B\u1ebfp t\u1eeb Chefs EH-DIH326 ti\u1ec7n d\u1ee5ng b\u1ec1n b\u1ec9\" width=\"1200\" height=\"675\" title=\"\" srcset=\"https:\/\/livinghome.vn\/thiet-bi\/wp-content\/uploads\/nha-bep\/chefs\/bep-tu\/bep-tu-chefs-eh-dih326\/bep-tu-chefs-dih3262.jpg 1200w, https:\/\/livinghome.vn\/thiet-bi\/wp-content\/uploads\/nha-bep\/chefs\/bep-tu\/bep-tu-chefs-eh-dih326\/bep-tu-chefs-dih3262-600x338.jpg 600w, https:\/\/livinghome.vn\/thiet-bi\/wp-content\/uploads\/nha-bep\/chefs\/bep-tu\/bep-tu-chefs-eh-dih326\/bep-tu-chefs-dih3262-711x400.jpg 711w, https:\/\/livinghome.vn\/thiet-bi\/wp-content\/uploads\/nha-bep\/chefs\/bep-tu\/bep-tu-chefs-eh-dih326\/bep-tu-chefs-dih3262-768x432.jpg 768w\" sizes=\"auto, (max-width: 1200px) 100vw, 1200px\" \/><figcaption id=\"caption-attachment-9476\" class=\"wp-caption-text\">B\u1ebfp t\u1eeb Chefs EH-DIH326 ti\u1ec7n d\u1ee5ng b\u1ec1n b\u1ec9<\/figcaption><\/figure>\n<p><strong>C\u00c1C T\u00cdNH N\u0102NG \u01afU VI\u1ec6T C\u1ee6A B\u1ebeP T\u1eea CHEFS EH DIH326<\/strong><\/p>\n<p><strong>Gi\u1ea3m h\u01b0 t\u1ed5n nh\u1edd m\u1eb7t k\u00ednh bo vi\u1ec1n nh\u00f4m<\/strong><\/p>\n<p>B\u1ebfp t\u1eeb Chefs EH DIH326 c\u00f3 m\u1eb7t k\u00ednh Schott Ceran c\u1ee7a \u0110\u1ee9c ch\u1ed1ng x\u01b0\u1edb, v\u1edbi thi\u1ebft k\u1ebf \u0111\u1eb7c bi\u1ec7t v\u00e1t c\u1ea1nh v\u00e0 \u0111\u01b0\u1ee3c bo vi\u1ec1n nh\u00f4m h\u1ea1n ch\u1ebf t\u1ed1i \u0111a \u0111\u01b0\u1ee3c r\u1ee7i ro s\u1ee9t m\u1ebb, n\u1ee9t v\u1ee1 m\u1eb7t k\u00ednh khi b\u1ecb va ch\u1ea1m v\u00e0o c\u00e1c v\u1eadt d\u1ee5ng n\u1ea5u h\u00e0ng ng\u00e0y v\u00e0o c\u1ea1nh c\u1ee7a b\u1ebfp.<\/p>\n<p><strong>N\u1ea5u \u0103n nhanh h\u01a1n nh\u1edd t\u00ednh n\u0103ng booster 3000w<\/strong><\/p>\n<p>T\u00ednh n\u0103ng n\u1ea5u nhanh booster tr\u00ean b\u1ebfp t\u1eeb Chefs EH DIH326 \u0111\u01b0\u1ee3c t\u00edch h\u1ee3p cho c\u1ea3 2 v\u00f9ng n\u1ea5u, v\u1edbi m\u1ee9c c\u00f4ng su\u1ea5t \u0111\u1ebfn 3000w, nh\u1edd v\u1eady m\u00e0 c\u00e1c m\u00f3n \u0103n s\u1ebd \u0111\u01b0\u1ee3c n\u1ea5u m\u1ed9t c\u00e1ch nhanh ch\u00f3ng v\u1edbi kho\u1ea3ng th\u1eddi gian si\u00eau nhanh.<\/p>\n<figure id=\"attachment_9482\" aria-describedby=\"caption-attachment-9482\" style=\"width: 1200px\" class=\"wp-caption alignnone\"><img loading=\"lazy\" decoding=\"async\" class=\"wp-image-9482 size-full\" src=\"https:\/\/livinghome.vn\/thiet-bi\/wp-content\/uploads\/nha-bep\/chefs\/bep-tu\/bep-tu-chefs-eh-dih326\/bep-tu-chefs-dih3265.jpg\" alt=\"B\u1ebfp t\u1eeb Chefs EH-DIH326 ti\u1ec7n d\u1ee5ng b\u1ec1n b\u1ec9\" width=\"1200\" height=\"675\" title=\"\" srcset=\"https:\/\/livinghome.vn\/thiet-bi\/wp-content\/uploads\/nha-bep\/chefs\/bep-tu\/bep-tu-chefs-eh-dih326\/bep-tu-chefs-dih3265.jpg 1200w, https:\/\/livinghome.vn\/thiet-bi\/wp-content\/uploads\/nha-bep\/chefs\/bep-tu\/bep-tu-chefs-eh-dih326\/bep-tu-chefs-dih3265-600x338.jpg 600w, https:\/\/livinghome.vn\/thiet-bi\/wp-content\/uploads\/nha-bep\/chefs\/bep-tu\/bep-tu-chefs-eh-dih326\/bep-tu-chefs-dih3265-711x400.jpg 711w, https:\/\/livinghome.vn\/thiet-bi\/wp-content\/uploads\/nha-bep\/chefs\/bep-tu\/bep-tu-chefs-eh-dih326\/bep-tu-chefs-dih3265-768x432.jpg 768w\" sizes=\"auto, (max-width: 1200px) 100vw, 1200px\" \/><figcaption id=\"caption-attachment-9482\" class=\"wp-caption-text\">B\u1ebfp t\u1eeb Chefs EH-DIH326 ti\u1ec7n d\u1ee5ng b\u1ec1n b\u1ec9<\/figcaption><\/figure>\n<p><strong>Th\u00f4ng minh v\u1edbi t\u00ednh n\u0103ng h\u1eb9n gi\u1edd n\u1ea5u \u0103n<\/strong><\/p>\n<p>V\u1edbi t\u00ednh n\u0103ng h\u1eb9n gi\u1edd n\u1ea5u \u0103n, b\u1ea1n c\u00f3 th\u1ec3 ch\u1ee7 \u0111\u1ed9ng thi\u1ebft l\u1eadp th\u1eddi gian \u0111un n\u1ea5u so cho ph\u00f9 h\u1ee3p v\u1edbi c\u00e1c m\u00f3n \u0103n kh\u00e1c nhau. Khi c\u00e0i \u0111\u1eb7t xong b\u1ebfp s\u1ebd t\u1ef1 \u0111un n\u1ea5u \u0111\u1ebfn khi h\u1ebft th\u1eddi gian \u0111\u01b0\u1ee3c thi\u1ebft l\u1eadp.<\/p>\n<p>B\u1ebfp t\u1eeb Chefs EH DIH326 l\u1eafp r\u00e1p Vi\u1ec7t Nam v\u1edbi nh\u1eefng \u01b0u \u0111i\u1ec3m v\u01b0\u1ee3t tr\u1ed9i nh\u01b0: m\u1eb7t k\u00ednh Schott v\u00e1t c\u1ea1nh c\u00f3 bo vi\u1ec1n nh\u00f4m ch\u1ed1ng s\u1ee9t v\u1ee1, \u0111i\u1ec1u khi\u1ec3n c\u1ea3m \u1ee9ng t\u00e1ch ri\u00eang, c\u00f9ng c\u00e1c t\u00ednh n\u0103ng th\u00f4ng minh booster 3000w, t\u1ef1 \u0111\u1ed9ng n\u1ea5u \u0103n, h\u1eb9n gi\u1edd n\u1ea5u\u2026s\u1ebd l\u00e0 l\u1ef1a ch\u1ecdn ho\u00e0n h\u1ea3o cho c\u0103n b\u1ebfp c\u1ee7a m\u1ecdi gia \u0111\u00ecnh.<\/p>\n<figure id=\"attachment_9481\" aria-describedby=\"caption-attachment-9481\" style=\"width: 1200px\" class=\"wp-caption alignnone\"><img loading=\"lazy\" decoding=\"async\" class=\"wp-image-9481 size-full\" src=\"https:\/\/livinghome.vn\/thiet-bi\/wp-content\/uploads\/nha-bep\/chefs\/bep-tu\/bep-tu-chefs-eh-dih326\/bep-tu-chefs-dih3263.jpg\" alt=\"B\u1ebfp t\u1eeb Chefs EH-DIH326 ti\u1ec7n d\u1ee5ng b\u1ec1n b\u1ec9\" width=\"1200\" height=\"675\" title=\"\" srcset=\"https:\/\/livinghome.vn\/thiet-bi\/wp-content\/uploads\/nha-bep\/chefs\/bep-tu\/bep-tu-chefs-eh-dih326\/bep-tu-chefs-dih3263.jpg 1200w, https:\/\/livinghome.vn\/thiet-bi\/wp-content\/uploads\/nha-bep\/chefs\/bep-tu\/bep-tu-chefs-eh-dih326\/bep-tu-chefs-dih3263-600x338.jpg 600w, https:\/\/livinghome.vn\/thiet-bi\/wp-content\/uploads\/nha-bep\/chefs\/bep-tu\/bep-tu-chefs-eh-dih326\/bep-tu-chefs-dih3263-711x400.jpg 711w, https:\/\/livinghome.vn\/thiet-bi\/wp-content\/uploads\/nha-bep\/chefs\/bep-tu\/bep-tu-chefs-eh-dih326\/bep-tu-chefs-dih3263-768x432.jpg 768w\" sizes=\"auto, (max-width: 1200px) 100vw, 1200px\" \/><figcaption id=\"caption-attachment-9481\" class=\"wp-caption-text\">B\u1ebfp t\u1eeb Chefs EH-DIH326 ti\u1ec7n d\u1ee5ng b\u1ec1n b\u1ec9<\/figcaption><\/figure>\n<h3>T\u00ednh n\u0103ng s\u1ea3n ph\u1ea9m<\/h3>\n<ul>\n<li><a href=\"https:\/\/livinghome.vn\/thiet-bi\/bep-tu\/\">B\u1ebfp t\u1eeb<\/a> &#8211; B\u1ebfp k\u00ednh \u00e2m 2 t\u1eeb<\/li>\n<li>\u0110un n\u1ea5u si\u00eau ti\u1ebft ki\u1ec7m v\u1edbi b\u1ebfp hai t\u1eeb EH-DIH326<\/li>\n<li>M\u1eb7t k\u00ednh ceramic ch\u1ecbu nhi\u1ec7t Schott Ceran v\u00e1t c\u1ea1nh \u2013 Germany, bo vi\u1ec1n nh\u00f4m sang tr\u1ecdng<\/li>\n<li>B\u1ebfp tr\u00e1i 22cm\/ booster 3000W, b\u1ebfp ph\u1ea3i 22cm\/ booster 3000W<\/li>\n<li>B\u00e0n ph\u00edm \u0111i\u1ec1u khi\u1ec3n d\u1ea1ng tr\u01b0\u1ee3t slide, 9 m\u1ee9c c\u00f4ng su\u1ea5t + booster, ri\u00eang bi\u1ec7t cho t\u1eebng v\u00f9ng n\u1ea5u<\/li>\n<li>H\u1eb9n gi\u1edd \u0111\u1ed9c l\u1eadp cho t\u1eebng v\u00f9ng n\u1ea5u, th\u1eddi gian h\u1eb9n \u0111\u1ebfn 9.30 ph\u00fat<\/li>\n<li>T\u1ef1 \u0111\u1ed9ng chia s\u1ebb c\u00f4ng su\u1ea5t gi\u1eefa 2 b\u1ebfp, max 3600W<\/li>\n<\/ul>\n<h3>T\u00ednh n\u0103ng an to\u00e0n<\/h3>\n<ul>\n<li>C\u1ea3nh b\u00e1o nhi\u1ec7t d\u01b0 v\u00f9ng n\u1ea5u Residual heat<\/li>\n<li>Kh\u00f3a an to\u00e0n tr\u1ebb em Child lock<\/li>\n<li>T\u1ef1 \u0111\u1ed9ng t\u1eaft b\u1ebfp khi \u0111\u1ec3 qu\u00ean Automatic switching off<\/li>\n<li>T\u1ef1 \u0111\u1ed9ng t\u1eaft b\u1ebfp khi kh\u00f4ng c\u00f3 n\u1ed3i ( tr\u00ean b\u1ebfp t\u1eeb) Pot detection<\/li>\n<li>H\u1ec7 th\u1ed1ng b\u1ea3o v\u1ec7 an to\u00e0n qu\u00e1 nhi\u1ec7t, qu\u00e1 \u00e1p<\/li>\n<\/ul>\n<h3>Th\u00f4ng s\u1ed1 k\u1ef9 thu\u1eadt<\/h3>\n<ul>\n<li>\u0110i\u1ec7n \u00e1p: 220-240V\/ 50-60Hz<\/li>\n<li>C\u00f4ng su\u1ea5t max: 3600W<\/li>\n<li>K\u00edch th\u01b0\u1edbc s\u1ea3n ph\u1ea9m (d\u00e0i x r\u1ed9ng x cao): 720x430x55mm<\/li>\n<li>K\u00edch th\u01b0\u1edbc l\u1eafp \u0111\u1eb7t: 670x370mm<\/li>\n<li>Tr\u1ecdng l\u01b0\u1ee3ng: 6kg<\/li>\n<\/ul>\n<p>&nbsp;<\/p>\n<figure id=\"attachment_9479\" aria-describedby=\"caption-attachment-9479\" style=\"width: 1200px\" class=\"wp-caption alignnone\"><img loading=\"lazy\" decoding=\"async\" class=\"wp-image-9479 size-full\" src=\"https:\/\/livinghome.vn\/thiet-bi\/wp-content\/uploads\/nha-bep\/chefs\/bep-tu\/bep-tu-chefs-eh-dih326\/bep-tu-chefs-dih3267.jpg\" alt=\"B\u1ebfp t\u1eeb Chefs EH-DIH326 ti\u1ec7n d\u1ee5ng b\u1ec1n b\u1ec9\" width=\"1200\" height=\"675\" title=\"\" srcset=\"https:\/\/livinghome.vn\/thiet-bi\/wp-content\/uploads\/nha-bep\/chefs\/bep-tu\/bep-tu-chefs-eh-dih326\/bep-tu-chefs-dih3267.jpg 1200w, https:\/\/livinghome.vn\/thiet-bi\/wp-content\/uploads\/nha-bep\/chefs\/bep-tu\/bep-tu-chefs-eh-dih326\/bep-tu-chefs-dih3267-600x338.jpg 600w, https:\/\/livinghome.vn\/thiet-bi\/wp-content\/uploads\/nha-bep\/chefs\/bep-tu\/bep-tu-chefs-eh-dih326\/bep-tu-chefs-dih3267-711x400.jpg 711w, https:\/\/livinghome.vn\/thiet-bi\/wp-content\/uploads\/nha-bep\/chefs\/bep-tu\/bep-tu-chefs-eh-dih326\/bep-tu-chefs-dih3267-768x432.jpg 768w\" sizes=\"auto, (max-width: 1200px) 100vw, 1200px\" \/><figcaption id=\"caption-attachment-9479\" class=\"wp-caption-text\">B\u1ebfp t\u1eeb Chefs EH-DIH326 ti\u1ec7n d\u1ee5ng b\u1ec1n b\u1ec9<\/figcaption><\/figure>\n<h3>Xu\u1ea5t x\u1ee9: \u0110\u1ee9c<\/h3>\n<div><\/div>\n","protected":false},"excerpt":{"rendered":"<p>\u0110un n\u1ea5u si\u00eau ti\u1ebft ki\u1ec7m v\u1edbi b\u1ebfp hai t\u1eeb EH-DIH326<br \/>\nM\u1eb7t k\u00ednh ceramic ch\u1ecbu nhi\u1ec7t Schott Ceran v\u00e1t c\u1ea1nh \u2013 Germany,<br \/>\nbo vi\u1ec1n nh\u00f4m sang tr\u1ecdng<br \/>\nB\u1ebfp tr\u00e1i 22cm\/ booster 3000W, b\u1ebfp ph\u1ea3i 22cm\/ booster 3000W<br \/>\nB\u00e0n ph\u00edm \u0111i\u1ec1u khi\u1ec3n d\u1ea1ng tr\u01b0\u1ee3t slide, 9 m\u1ee9c c\u00f4ng su\u1ea5t + booster, ri\u00eang bi\u1ec7t cho<br \/>\nt\u1eebng v\u00f9ng n\u1ea5u<br \/>\nH\u1eb9n gi\u1edd \u0111\u1ed9c l\u1eadp cho t\u1eebng v\u00f9ng n\u1ea5u, th\u1eddi gian h\u1eb9n \u0111\u1ebfn 9.30 ph\u00fat<br \/>\nT\u1ef1 \u0111\u1ed9ng chia s\u1ebb c\u00f4ng su\u1ea5t gi\u1eefa 2 b\u1ebfp, max 3600W<\/p>\n","protected":false},"featured_media":9477,"comment_status":"open","ping_status":"closed","template":"","meta":[],"product_brand":[],"product_cat":[745,794,813,796,809,799,802,75,756,795,755],"product_tag":[310,76,77,168,758,111,757],"class_list":{"0":"post-9474","1":"product","2":"type-product","3":"status-publish","4":"has-post-thumbnail","6":"product_cat-bep-dien-tu","7":"product_cat-bep-2-tu","8":"product_cat-bep-dien-tu-chung-cu","9":"product_cat-bep-dien-tu-doi","10":"product_cat-bep-dien-tu-duc-germany","11":"product_cat-bep-dien-tu-hinh-chu-nhat","12":"product_cat-bep-dien-tu-mat-kinh-schott-ceran","13":"product_cat-bep-tu","14":"product_cat-bep-tu-chefs","15":"product_cat-bep-tu-doi","16":"product_cat-thuong-hieu-chefs","17":"product_tag-bep-nau","18":"product_tag-bep-tu","19":"product_tag-bep-tu-2-vung-nau","20":"product_tag-bep-tu-am","21":"product_tag-bep-tu-chefs","22":"product_tag-bep-tu-doi","23":"product_tag-chefs","25":"first","26":"instock","27":"sale","28":"shipping-taxable","29":"purchasable","30":"product-type-simple"},"_links":{"self":[{"href":"https:\/\/livinghome.vn\/thiet-bi\/wp-json\/wp\/v2\/product\/9474","targetHints":{"allow":["GET"]}}],"collection":[{"href":"https:\/\/livinghome.vn\/thiet-bi\/wp-json\/wp\/v2\/product"}],"about":[{"href":"https:\/\/livinghome.vn\/thiet-bi\/wp-json\/wp\/v2\/types\/product"}],"replies":[{"embeddable":true,"href":"https:\/\/livinghome.vn\/thiet-bi\/wp-json\/wp\/v2\/comments?post=9474"}],"wp:featuredmedia":[{"embeddable":true,"href":"https:\/\/livinghome.vn\/thiet-bi\/wp-json\/wp\/v2\/media\/9477"}],"wp:attachment":[{"href":"https:\/\/livinghome.vn\/thiet-bi\/wp-json\/wp\/v2\/media?parent=9474"}],"wp:term":[{"taxonomy":"product_brand","embeddable":true,"href":"https:\/\/livinghome.vn\/thiet-bi\/wp-json\/wp\/v2\/product_brand?post=9474"},{"taxonomy":"product_cat","embeddable":true,"href":"https:\/\/livinghome.vn\/thiet-bi\/wp-json\/wp\/v2\/product_cat?post=9474"},{"taxonomy":"product_tag","embeddable":true,"href":"https:\/\/livinghome.vn\/thiet-bi\/wp-json\/wp\/v2\/product_tag?post=9474"}],"curies":[{"name":"wp","href":"https:\/\/api.w.org\/{rel}","templated":true}]}}