{"id":9464,"date":"2023-03-28T09:25:01","date_gmt":"2023-03-28T09:25:01","guid":{"rendered":"https:\/\/livinghome.vn\/thiet-bi\/?post_type=product&#038;p=9464"},"modified":"2024-11-29T14:19:14","modified_gmt":"2024-11-29T07:19:14","slug":"bep-tu-chefs-eh-dih666g","status":"publish","type":"product","link":"https:\/\/livinghome.vn\/thiet-bi\/bep-tu-chefs-eh-dih666g\/","title":{"rendered":"B\u1ebfp t\u1eeb Chefs EH-DIH666G m\u00e0u x\u00e1m tinh t\u1ebf th\u1eddi th\u01b0\u1ee3ng"},"content":{"rendered":"<h3>Kh\u00e1c h\u1eb3n v\u1edbi t\u1ea5t c\u1ea3 c\u00e1c model b\u1ebfp tr\u01b0\u1edbc c\u1ee7a h\u00e3ng th\u00ec chi\u1ebfc b\u1ebfp t\u1eeb Chefs EH-DIH666G \u0111\u01b0\u1ee3c trang b\u1ecb m\u1eb7t k\u00ednh NEG m\u00e0u tr\u1eafng, c\u00f3 v\u00e1t c\u1ea1nh. M\u1ed9t \u0111i\u1ec1u ch\u1eafc ch\u1eafn l\u00e0 chi\u1ebfc b\u1ebfp s\u1ebd mang \u0111\u1ebfn m\u1ed9t kh\u00f4ng gian n\u1ed9i th\u1ea5t n\u1ed5i b\u1eadt trong nh\u00e0 b\u1ebfp c\u1ee7a gia \u0111\u00ecnh b\u1ea1n.<\/h3>\n<figure id=\"attachment_9468\" aria-describedby=\"caption-attachment-9468\" style=\"width: 1200px\" class=\"wp-caption alignnone\"><img loading=\"lazy\" decoding=\"async\" class=\"wp-image-9468 size-full\" src=\"https:\/\/livinghome.vn\/thiet-bi\/wp-content\/uploads\/nha-bep\/chefs\/bep-tu\/bep-tu-chefs-eh-dih666g\/bep-tu-chefs-dih666g2.jpg\" alt=\"B\u1ebfp t\u1eeb Chefs EH-DIH666G m\u00e0u x\u00e1m tinh t\u1ebf th\u1eddi th\u01b0\u1ee3ng\" width=\"1200\" height=\"838\" title=\"\" srcset=\"https:\/\/livinghome.vn\/thiet-bi\/wp-content\/uploads\/nha-bep\/chefs\/bep-tu\/bep-tu-chefs-eh-dih666g\/bep-tu-chefs-dih666g2.jpg 1200w, https:\/\/livinghome.vn\/thiet-bi\/wp-content\/uploads\/nha-bep\/chefs\/bep-tu\/bep-tu-chefs-eh-dih666g\/bep-tu-chefs-dih666g2-600x419.jpg 600w, https:\/\/livinghome.vn\/thiet-bi\/wp-content\/uploads\/nha-bep\/chefs\/bep-tu\/bep-tu-chefs-eh-dih666g\/bep-tu-chefs-dih666g2-573x400.jpg 573w, https:\/\/livinghome.vn\/thiet-bi\/wp-content\/uploads\/nha-bep\/chefs\/bep-tu\/bep-tu-chefs-eh-dih666g\/bep-tu-chefs-dih666g2-1146x800.jpg 1146w, https:\/\/livinghome.vn\/thiet-bi\/wp-content\/uploads\/nha-bep\/chefs\/bep-tu\/bep-tu-chefs-eh-dih666g\/bep-tu-chefs-dih666g2-768x536.jpg 768w\" sizes=\"auto, (max-width: 1200px) 100vw, 1200px\" \/><figcaption id=\"caption-attachment-9468\" class=\"wp-caption-text\">B\u1ebfp t\u1eeb Chefs EH-DIH666G m\u00e0u x\u00e1m tinh t\u1ebf th\u1eddi th\u01b0\u1ee3ng<\/figcaption><\/figure>\n<p><strong>C\u00c1C T\u00cdNH N\u0102NG \u01afU VI\u1ec6T C\u1ee6A B\u1ebeP T\u1eea CHEFS EH DIH666G<\/strong><\/p>\n<p><strong>\u0110i\u1ec1u khi\u1ec3n &#8220;x\u1ecbn s\u00f2&#8221; hi\u1ec7n \u0111\u1ea1i v\u00f4 \u0111\u1ed1i<\/strong><\/p>\n<p>Model b\u1ebfp t\u1eeb Chefs EH DIH666G \u0111\u01b0\u1ee3c trang b\u1ecb m\u1ed9t h\u1ec7 th\u1ed1ng \u0111i\u1ec1u khi\u1ec3n c\u1ea3m \u1ee9ng d\u1ea1ng \u1ea9n v\u1edbi c\u00f4ng ngh\u1ec7 Versteck m\u1edbi nh\u1ea5t c\u1ee7a C\u1ed9ng h\u00f2a Li\u00ean Bang \u0110\u1ee9c, v\u00e0 \u0111\u00e2y l\u00e0 m\u1eabu b\u1ebfp t\u1eeb th\u1ee9 hai c\u1ee7a h\u00e3ng Chefs hi\u1ec7n t\u1ea1i \u0111\u01b0\u1ee3c trang b\u1ecb c\u00f4ng ngh\u1ec7 n\u00e0y. V\u1edbi b\u1ea3ng \u0111i\u1ec1u khi\u1ec3n n\u00e0y, l\u00fac b\u00ecnh th\u01b0\u1eddng tr\u01b0\u1edbc khi b\u1eadt ngu\u1ed3n b\u1ebfp, th\u00ec tr\u00ean b\u1ebfp kh\u00f4ng hi\u1ec7n th\u1ecb thanh tr\u01b0\u1ee3t c\u1ea3m \u1ee9ng hay c\u00e1c ph\u00edm c\u1ea3m \u1ee9ng \u0111i\u1ec1u khi\u1ec3n kh\u00e1c. M\u00ecnh tin r\u1eb1ng \u0111\u00e2y s\u1ebd l\u00e0 m\u1ed9t tr\u1ea3i nghi\u1ec7m v\u00f4 c\u00f9ng th\u00fa v\u1ecb v\u00e0 \u0111\u1eb7c bi\u1ec7t cho m\u1ecdi ng\u01b0\u1eddi n\u1ed9i tr\u1ee3.<\/p>\n<p>S\u1ef1 m\u01b0\u1ee3t v\u00e0 \u0111\u1ed9 nh\u1ea1y l\u00e0 \u0111i\u1ec1u m\u00e0 ng\u01b0\u1eddi d\u00f9ng s\u1ebd d\u1ec5 d\u00e0ng nh\u1eadn th\u1ea5y khi \u0111i\u1ec1u khi\u1ec3n s\u1eed d\u1ee5ng b\u1ebfp n\u1ea5u n\u01b0\u1edbng, c\u1ed9ng th\u00eam c\u00f4ng ngh\u1ec7 IQ gi\u00fap b\u00e0n ph\u00edm c\u00f3 th\u1ec3 s\u1eed d\u1ee5ng ngay c\u1ea3 khi b\u1ecb d\u00ednh \u01b0\u1edbt ho\u1eb7c d\u1ea7u m\u1ee1.<\/p>\n<figure id=\"attachment_9467\" aria-describedby=\"caption-attachment-9467\" style=\"width: 1200px\" class=\"wp-caption alignnone\"><img loading=\"lazy\" decoding=\"async\" class=\"wp-image-9467 size-full\" src=\"https:\/\/livinghome.vn\/thiet-bi\/wp-content\/uploads\/nha-bep\/chefs\/bep-tu\/bep-tu-chefs-eh-dih666g\/bep-tu-chefs-dih666g3.jpg\" alt=\"B\u1ebfp t\u1eeb Chefs EH-DIH666G m\u00e0u x\u00e1m tinh t\u1ebf th\u1eddi th\u01b0\u1ee3ng\" width=\"1200\" height=\"675\" title=\"\" srcset=\"https:\/\/livinghome.vn\/thiet-bi\/wp-content\/uploads\/nha-bep\/chefs\/bep-tu\/bep-tu-chefs-eh-dih666g\/bep-tu-chefs-dih666g3.jpg 1200w, https:\/\/livinghome.vn\/thiet-bi\/wp-content\/uploads\/nha-bep\/chefs\/bep-tu\/bep-tu-chefs-eh-dih666g\/bep-tu-chefs-dih666g3-600x338.jpg 600w, https:\/\/livinghome.vn\/thiet-bi\/wp-content\/uploads\/nha-bep\/chefs\/bep-tu\/bep-tu-chefs-eh-dih666g\/bep-tu-chefs-dih666g3-711x400.jpg 711w, https:\/\/livinghome.vn\/thiet-bi\/wp-content\/uploads\/nha-bep\/chefs\/bep-tu\/bep-tu-chefs-eh-dih666g\/bep-tu-chefs-dih666g3-768x432.jpg 768w\" sizes=\"auto, (max-width: 1200px) 100vw, 1200px\" \/><figcaption id=\"caption-attachment-9467\" class=\"wp-caption-text\">B\u1ebfp t\u1eeb Chefs EH-DIH666G m\u00e0u x\u00e1m tinh t\u1ebf th\u1eddi th\u01b0\u1ee3ng<\/figcaption><\/figure>\n<p><strong>Booster, Pause, gi\u1eef \u1ea5m \u0111\u1ec1u \u0111\u01b0\u1ee3c t\u00edch h\u1ee3p tr\u00ean b\u1ebfp Chefs DIH666G<\/strong><\/p>\n<p>L\u00e0 m\u1ed9t m\u1eabu b\u1ebfp t\u1eeb inverter do \u0111\u00f3 EH DIH666G \u0111\u01b0\u1ee3c t\u00edch h\u1ee3p kh\u00e1 \u0111\u1ea7y \u0111\u1ee7 c\u00e1c ch\u1ee9c n\u0103ng n\u1ea5u th\u00f4ng minh nh\u01b0 booster (3000w), gi\u1eef \u1ea5m 3 m\u1ee9c nhi\u1ec7t, t\u1ea1m d\u1eebng (Pause), h\u1eb9n gi\u1edd t\u1eaft v\u00e0 h\u1eb9n gi\u1edd b\u00e1o t\u1eaft b\u1ebfp ti\u1ec7n d\u1ee5ng cho c\u00e1c b\u00e0 n\u1ed9i tr\u1ee3 trong c\u00e1c vi\u1ec7c b\u1ebfp n\u00fac h\u00e0ng ng\u00e0y.<\/p>\n<p><strong>C\u00f4ng ngh\u1ec7 inverter ho\u1ea1t \u0111\u1ed9ng \u1ed5n \u0111\u1ecbnh, ti\u1ebft ki\u1ec7m \u0111i\u1ec7n<\/strong><\/p>\n<p>B\u1ebfp t\u1eeb Chefs EH DIH666G v\u1edbi c\u00f4ng ngh\u1ec7 inverter mang \u0111\u1ebfn kh\u1ea3 n\u0103ng \u0111un n\u1ea5u \u1ed5n \u0111\u1ecbnh, g\u00f3p ph\u1ea7n ti\u1ebft ki\u1ec7m chi ph\u00ed \u0111i\u1ec7n c\u1ee7a gia \u0111\u00ecnh b\u1ea1n.<\/p>\n<figure id=\"attachment_9470\" aria-describedby=\"caption-attachment-9470\" style=\"width: 1200px\" class=\"wp-caption alignnone\"><img loading=\"lazy\" decoding=\"async\" class=\"wp-image-9470 size-full\" src=\"https:\/\/livinghome.vn\/thiet-bi\/wp-content\/uploads\/nha-bep\/chefs\/bep-tu\/bep-tu-chefs-eh-dih666g\/bep-tu-chefs-dih666g7.jpg\" alt=\"B\u1ebfp t\u1eeb Chefs EH-DIH666G m\u00e0u x\u00e1m tinh t\u1ebf th\u1eddi th\u01b0\u1ee3ng\" width=\"1200\" height=\"675\" title=\"\" srcset=\"https:\/\/livinghome.vn\/thiet-bi\/wp-content\/uploads\/nha-bep\/chefs\/bep-tu\/bep-tu-chefs-eh-dih666g\/bep-tu-chefs-dih666g7.jpg 1200w, https:\/\/livinghome.vn\/thiet-bi\/wp-content\/uploads\/nha-bep\/chefs\/bep-tu\/bep-tu-chefs-eh-dih666g\/bep-tu-chefs-dih666g7-600x338.jpg 600w, https:\/\/livinghome.vn\/thiet-bi\/wp-content\/uploads\/nha-bep\/chefs\/bep-tu\/bep-tu-chefs-eh-dih666g\/bep-tu-chefs-dih666g7-711x400.jpg 711w, https:\/\/livinghome.vn\/thiet-bi\/wp-content\/uploads\/nha-bep\/chefs\/bep-tu\/bep-tu-chefs-eh-dih666g\/bep-tu-chefs-dih666g7-768x432.jpg 768w\" sizes=\"auto, (max-width: 1200px) 100vw, 1200px\" \/><figcaption id=\"caption-attachment-9470\" class=\"wp-caption-text\">B\u1ebfp t\u1eeb Chefs EH-DIH666G m\u00e0u x\u00e1m tinh t\u1ebf th\u1eddi th\u01b0\u1ee3ng<\/figcaption><\/figure>\n<h3>T\u00ednh n\u0103ng s\u1ea3n ph\u1ea9m<\/h3>\n<ul>\n<li><a href=\"https:\/\/livinghome.vn\/thiet-bi\/bep-tu\/\">B\u1ebfp t\u1eeb<\/a> &#8211; B\u1ebfp k\u00ednh \u00e2m 2 t\u1eeb<\/li>\n<li>B\u1ebfp hai t\u1eeb EH-DIH666G \u1ee9ng d\u1ee5ng c\u00f4ng ngh\u1ec7 Inverter th\u00f4ng minh v\u01b0\u1ee3t tr\u1ed9i<\/li>\n<li>Ph\u00edm \u0111i\u1ec1u khi\u1ec3n d\u1ea1ng Led \u1ea9n hi\u1ec7n \u0111\u1ea1i<\/li>\n<li>C\u00f4ng su\u1ea5t c\u1ef1c l\u1edbn v\u1edbi t\u00ednh n\u0103ng n\u1ea5u nhanhBooster \u2013 max 3000W\/ 22cm<\/li>\n<li>T\u00ednh n\u0103ng ninh h\u1ea7m t\u1ef1 \u0111\u1ed9ng Heat up time Automatic<\/li>\n<li>T\u00ednh n\u0103ng h\u00e2m n\u00f3ng Warmingnhi\u1ec1u m\u1ee9c: 45oC, 75oC v\u00e0 90oC<\/li>\n<li>T\u00ednh n\u0103ng d\u1eebng b\u1ebfp t\u1ea1m th\u1eddi Pause<\/li>\n<li>T\u00ednh n\u0103ng h\u1eb9n gi\u1edd nh\u1eafc nh\u1edf Egg timer v\u00f4 c\u00f9ng ti\u1ec7n l\u1ee3i<\/li>\n<li>M\u1eb7t k\u00ednh NEG v\u00e1t c\u1ea1nh ch\u1ed1ng tr\u1ea7y x\u01b0\u1edbc \u2013 made in Japan<\/li>\n<li>H\u1eb9n gi\u1edd \u0111\u1ed9c l\u1eadp cho t\u1eebng v\u00f9ng n\u1ea5u, th\u1eddi gian h\u1eb9n \u0111\u1ebfn 9 gi\u1edd 59 ph\u00fat<\/li>\n<li>T\u1ef1 \u0111\u1ed9ng chia s\u1ebb c\u00f4ng su\u1ea5t gi\u1eefa 2 b\u1ebfp , max 3700W<\/li>\n<\/ul>\n<h3>T\u00ednh n\u0103ng an to\u00e0n<\/h3>\n<ul>\n<li>C\u1ea3nh b\u00e1o nhi\u1ec7t d\u01b0 v\u00f9ng n\u1ea5u Residual heat<\/li>\n<li>Kh\u00f3a an to\u00e0n tr\u1ebb em Child lock<\/li>\n<li>T\u1ef1 \u0111\u1ed9ng t\u1eaft b\u1ebfp khi \u0111\u1ec3 qu\u00ean Automatic switching off<\/li>\n<li>T\u1ef1 \u0111\u1ed9ng t\u1eaft b\u1ebfp khi kh\u00f4ng c\u00f3 n\u1ed3i Pot detection<\/li>\n<li>H\u1ec7 th\u1ed1ng b\u1ea3o v\u1ec7 an to\u00e0n qu\u00e1 nhi\u1ec7t, qu\u00e1 \u00e1p<\/li>\n<\/ul>\n<h3>Th\u00f4ng s\u1ed1 k\u1ef9 thu\u1eadt<\/h3>\n<ul>\n<li>\u0110i\u1ec7n \u00e1p: 220V\/50Hz<\/li>\n<li>C\u00f4ng su\u1ea5t: max 3700W, Booster max 3000W<\/li>\n<li>K\u00edch th\u01b0\u1edbc (d\u00e0i x r\u1ed9ng x cao): 720 x 430 x 60 mm<\/li>\n<li>K\u00edch th\u01b0\u1edbc kho\u00e9t l\u1ed7: 670 x 370 mm<\/li>\n<\/ul>\n<p>&nbsp;<\/p>\n<figure id=\"attachment_9469\" aria-describedby=\"caption-attachment-9469\" style=\"width: 1200px\" class=\"wp-caption alignnone\"><img loading=\"lazy\" decoding=\"async\" class=\"wp-image-9469 size-full\" src=\"https:\/\/livinghome.vn\/thiet-bi\/wp-content\/uploads\/nha-bep\/chefs\/bep-tu\/bep-tu-chefs-eh-dih666g\/bep-tu-chefs-dih666g8.jpg\" alt=\"B\u1ebfp t\u1eeb Chefs EH-DIH666G m\u00e0u x\u00e1m tinh t\u1ebf th\u1eddi th\u01b0\u1ee3ng\" width=\"1200\" height=\"675\" title=\"\" srcset=\"https:\/\/livinghome.vn\/thiet-bi\/wp-content\/uploads\/nha-bep\/chefs\/bep-tu\/bep-tu-chefs-eh-dih666g\/bep-tu-chefs-dih666g8.jpg 1200w, https:\/\/livinghome.vn\/thiet-bi\/wp-content\/uploads\/nha-bep\/chefs\/bep-tu\/bep-tu-chefs-eh-dih666g\/bep-tu-chefs-dih666g8-600x338.jpg 600w, https:\/\/livinghome.vn\/thiet-bi\/wp-content\/uploads\/nha-bep\/chefs\/bep-tu\/bep-tu-chefs-eh-dih666g\/bep-tu-chefs-dih666g8-711x400.jpg 711w, https:\/\/livinghome.vn\/thiet-bi\/wp-content\/uploads\/nha-bep\/chefs\/bep-tu\/bep-tu-chefs-eh-dih666g\/bep-tu-chefs-dih666g8-768x432.jpg 768w\" sizes=\"auto, (max-width: 1200px) 100vw, 1200px\" \/><figcaption id=\"caption-attachment-9469\" class=\"wp-caption-text\">B\u1ebfp t\u1eeb Chefs EH-DIH666G m\u00e0u x\u00e1m tinh t\u1ebf th\u1eddi th\u01b0\u1ee3ng<\/figcaption><\/figure>\n<h3>Xu\u1ea5t x\u1ee9: \u0110\u1ee9c<\/h3>\n<div><\/div>\n","protected":false},"excerpt":{"rendered":"<p>B\u1ebfp hai t\u1eeb EH-DIH666G \u1ee9ng d\u1ee5ng c\u00f4ng ngh\u1ec7 Inverter th\u00f4ng minh v\u01b0\u1ee3t tr\u1ed9i<br \/>\nPh\u00edm \u0111i\u1ec1u khi\u1ec3n d\u1ea1ng Led \u1ea9n hi\u1ec7n \u0111\u1ea1i<br \/>\nC\u00f4ng su\u1ea5t c\u1ef1c l\u1edbn v\u1edbi t\u00ednh n\u0103ng n\u1ea5u nhanhBooster \u2013 max 3000W\/ 22cm<br \/>\nT\u00ednh n\u0103ng ninh h\u1ea7m t\u1ef1 \u0111\u1ed9ng Heat up time Automatic<br \/>\nT\u00ednh n\u0103ng h\u00e2m n\u00f3ng Warmingnhi\u1ec1u m\u1ee9c: 45oC, 75oC v\u00e0 90oC<br \/>\nT\u00ednh n\u0103ng d\u1eebng b\u1ebfp t\u1ea1m th\u1eddi Pause<br \/>\nT\u00ednh n\u0103ng h\u1eb9n gi\u1edd nh\u1eafc nh\u1edf Egg timer v\u00f4 c\u00f9ng ti\u1ec7n l\u1ee3i<br \/>\nM\u1eb7t k\u00ednh NEG v\u00e1t c\u1ea1nh ch\u1ed1ng tr\u1ea7y x\u01b0\u1edbc \u2013 made in Japan<br \/>\nH\u1eb9n gi\u1edd \u0111\u1ed9c l\u1eadp cho t\u1eebng v\u00f9ng n\u1ea5u, th\u1eddi gian h\u1eb9n \u0111\u1ebfn 9 gi\u1edd 59 ph\u00fat<br \/>\nT\u1ef1 \u0111\u1ed9ng chia s\u1ebb c\u00f4ng su\u1ea5t gi\u1eefa 2 b\u1ebfp , max 3700W<\/p>\n","protected":false},"featured_media":9471,"comment_status":"open","ping_status":"closed","template":"","meta":[],"product_brand":[],"product_cat":[745,794,759,796,809,799,802,816,75,756,795,755],"product_tag":[310,76,77,168,758,111,757],"class_list":{"0":"post-9464","1":"product","2":"type-product","3":"status-publish","4":"has-post-thumbnail","6":"product_cat-bep-dien-tu","7":"product_cat-bep-2-tu","8":"product_cat-bep-dien-tu-chefs","9":"product_cat-bep-dien-tu-doi","10":"product_cat-bep-dien-tu-duc-germany","11":"product_cat-bep-dien-tu-hinh-chu-nhat","12":"product_cat-bep-dien-tu-mat-kinh-schott-ceran","13":"product_cat-bep-dien-tu-thoi-trang","14":"product_cat-bep-tu","15":"product_cat-bep-tu-chefs","16":"product_cat-bep-tu-doi","17":"product_cat-thuong-hieu-chefs","18":"product_tag-bep-nau","19":"product_tag-bep-tu","20":"product_tag-bep-tu-2-vung-nau","21":"product_tag-bep-tu-am","22":"product_tag-bep-tu-chefs","23":"product_tag-bep-tu-doi","24":"product_tag-chefs","26":"first","27":"instock","28":"sale","29":"shipping-taxable","30":"purchasable","31":"product-type-simple"},"_links":{"self":[{"href":"https:\/\/livinghome.vn\/thiet-bi\/wp-json\/wp\/v2\/product\/9464","targetHints":{"allow":["GET"]}}],"collection":[{"href":"https:\/\/livinghome.vn\/thiet-bi\/wp-json\/wp\/v2\/product"}],"about":[{"href":"https:\/\/livinghome.vn\/thiet-bi\/wp-json\/wp\/v2\/types\/product"}],"replies":[{"embeddable":true,"href":"https:\/\/livinghome.vn\/thiet-bi\/wp-json\/wp\/v2\/comments?post=9464"}],"wp:featuredmedia":[{"embeddable":true,"href":"https:\/\/livinghome.vn\/thiet-bi\/wp-json\/wp\/v2\/media\/9471"}],"wp:attachment":[{"href":"https:\/\/livinghome.vn\/thiet-bi\/wp-json\/wp\/v2\/media?parent=9464"}],"wp:term":[{"taxonomy":"product_brand","embeddable":true,"href":"https:\/\/livinghome.vn\/thiet-bi\/wp-json\/wp\/v2\/product_brand?post=9464"},{"taxonomy":"product_cat","embeddable":true,"href":"https:\/\/livinghome.vn\/thiet-bi\/wp-json\/wp\/v2\/product_cat?post=9464"},{"taxonomy":"product_tag","embeddable":true,"href":"https:\/\/livinghome.vn\/thiet-bi\/wp-json\/wp\/v2\/product_tag?post=9464"}],"curies":[{"name":"wp","href":"https:\/\/api.w.org\/{rel}","templated":true}]}}