{"id":9443,"date":"2023-03-28T08:46:01","date_gmt":"2023-03-28T08:46:01","guid":{"rendered":"https:\/\/livinghome.vn\/thiet-bi\/?post_type=product&#038;p=9443"},"modified":"2024-11-29T14:19:14","modified_gmt":"2024-11-29T07:19:14","slug":"bep-tu-chefs-eh-dih860","status":"publish","type":"product","link":"https:\/\/livinghome.vn\/thiet-bi\/bep-tu-chefs-eh-dih860\/","title":{"rendered":"B\u1ebfp t\u1eeb Chefs EH-DIH860 nh\u1eadp kh\u1ea9u T\u00e2y Ban Nha"},"content":{"rendered":"<h3>B\u1ebfp t\u1eeb Chefs EH DIH860 l\u00e0 d\u00f2ng s\u1ea3n ph\u1ea9m thu\u1ed9c seri b\u1ebfp Chefs l\u1eafp r\u00e1p v\u00e0 nh\u1eadp kh\u1ea9u t\u1eeb T\u00e2y Ban Nha, c\u0169ng gi\u1ed1ng nh\u01b0 c\u00e1c m\u1eabu b\u1ebfp kh\u00e1c th\u00ec EH DIH860 c\u0169ng \u0111\u01b0\u1ee3c trang b\u1ecb m\u1eb7t k\u00ednh Schott Ceran v\u00e1t c\u1ea1nh v\u00e0 \u0111\u01b0\u1ee3c bo vi\u1ec1n nh\u00f4m ch\u1ed1ng s\u1ee9t c\u1ea1n, khi\u1ebfn b\u1ebfp sang tr\u1ecdng v\u00e0 ch\u1eafc ch\u1eafn h\u01a1n. B\u1ec1 m\u1eb7t 2 v\u00f9ng n\u1ea5u tr\u00ean b\u1ebfp \u0111\u01b0\u1ee3c s\u01a1n \u0111i\u1ec7n ly ch\u1ed1ng tr\u1ea7y x\u01b0\u1edbc b\u1ec1 m\u1eb7t.<\/h3>\n<figure id=\"attachment_9450\" aria-describedby=\"caption-attachment-9450\" style=\"width: 1200px\" class=\"wp-caption alignnone\"><img loading=\"lazy\" decoding=\"async\" class=\"wp-image-9450 size-full\" src=\"https:\/\/livinghome.vn\/thiet-bi\/wp-content\/uploads\/nha-bep\/chefs\/bep-tu\/bep-tu-chefs-eh-dih860\/bep-tu-chefs-dih8602.jpg\" alt=\"B\u1ebfp t\u1eeb Chefs EH-DIH860 nh\u1eadp kh\u1ea9u T\u00e2y Ban Nha\" width=\"1200\" height=\"675\" title=\"\" srcset=\"https:\/\/livinghome.vn\/thiet-bi\/wp-content\/uploads\/nha-bep\/chefs\/bep-tu\/bep-tu-chefs-eh-dih860\/bep-tu-chefs-dih8602.jpg 1200w, https:\/\/livinghome.vn\/thiet-bi\/wp-content\/uploads\/nha-bep\/chefs\/bep-tu\/bep-tu-chefs-eh-dih860\/bep-tu-chefs-dih8602-600x338.jpg 600w, https:\/\/livinghome.vn\/thiet-bi\/wp-content\/uploads\/nha-bep\/chefs\/bep-tu\/bep-tu-chefs-eh-dih860\/bep-tu-chefs-dih8602-711x400.jpg 711w, https:\/\/livinghome.vn\/thiet-bi\/wp-content\/uploads\/nha-bep\/chefs\/bep-tu\/bep-tu-chefs-eh-dih860\/bep-tu-chefs-dih8602-768x432.jpg 768w\" sizes=\"auto, (max-width: 1200px) 100vw, 1200px\" \/><figcaption id=\"caption-attachment-9450\" class=\"wp-caption-text\">B\u1ebfp t\u1eeb Chefs EH-DIH860 nh\u1eadp kh\u1ea9u T\u00e2y Ban Nha<\/figcaption><\/figure>\n<p><strong>C\u00c1C T\u00cdNH N\u0102NG \u01afU VI\u1ec6T C\u1ee6A B\u1ebeP T\u1eea CHEFS EH DIH860<\/strong><\/p>\n<p><strong>Thi\u1ebft k\u1ebf b\u1ea3ng \u0111i\u1ec1u khi\u1ec3n d\u1ec5 nh\u00ecn d\u1ec5, thao t\u00e1c<\/strong><br \/>\nB\u1ebfp t\u1eeb Chefs EH DIH860 \u0111\u01b0\u1ee3c thi\u1ebft k\u1ebf v\u1edbi 2 b\u1ea3ng \u0111i\u1ec1u khi\u1ec3n t\u00e1ch ri\u00eang cho 2 v\u00f9ng n\u1ea5u, \u0111i\u1ec1u khi\u1ec1n khi\u1ebfn cho m\u1ecdi ng\u01b0\u1eddi n\u1ed9i tr\u1ee3 d\u1ec5 d\u00e0ng thao t\u00e1c, d\u1ec5 nh\u00ecn c\u00e1c ch\u01b0\u01a1ng tr\u00ecnh ho\u1eb7c m\u1ee9c c\u00f4ng su\u1ea5t khi \u0111un n\u1ea5u. \u0110\u1eb7c bi\u1ec7t h\u1ec7 th\u1ed1ng \u0111i\u1ec1u khi\u1ec3n n\u00e0y b\u1ea1n c\u00f3 th\u1ec3 tr\u01b0\u1ee3t slide ho\u1eb7c ch\u1ea1m \u0111\u1ec1u \u0111\u01b0\u1ee3c, v\u00e0 kh\u00f4ng b\u1ecb \u1ea3nh h\u01b0\u1edfng khi b\u1ecb d\u00ednh \u01b0\u1edbt.<\/p>\n<p><strong>\u0110un n\u1ea5u nhanh h\u01a1n v\u1edbi t\u00ednh n\u0103ng booster 2000w, ti\u1ebft ki\u1ec7m th\u1eddi gian<\/strong><br \/>\nB\u00ean c\u1ea1nh c\u00e1c m\u1ee9c c\u00f4ng su\u1ea5t \u0111un n\u1ea5u th\u00f4ng th\u01b0\u1eddng, th\u00ec ng\u01b0\u1eddi n\u1ed9i tr\u1ee3 c\u00f3 th\u1ec3 s\u1eed d\u1ee5ng t\u00ednh n\u0103ng n\u1ea5u si\u00eau nhanh (booster) 2000w \u1edf v\u00f9ng n\u1ea5u b\u00ean tr\u00e1i, gi\u00fap m\u00f3n x\u00e0o c\u1ee7a b\u1ea1n nhanh ch\u00edn h\u01a1n \u0111\u1ea3m b\u1ea3o m\u1ee9c \u0111\u1ed9 th\u01a1m ngon nh\u01b0 \u0111\u01b0\u1ee3c x\u00e0o tr\u00ean b\u1ebfp gas \u1edf ch\u1ebf \u0111\u1ed9 l\u1eeda l\u1edbn.<\/p>\n<p>\u0110\u00e2y l\u00e0 m\u1ed9t t\u00ednh n\u0103ng t\u1ef1 \u0111\u1ed9ng v\u00e0 th\u1eddi gian m\u1eb7c \u0111\u1ecbnh khi s\u1eed d\u1ee5ng l\u00e0 10 ph\u00fat, b\u1ebfp s\u1ebd t\u1ef1 \u0111\u1ed9ng chuy\u1ec3n v\u1ec1 m\u1ee9c c\u00f4ng su\u1ea5t th\u1ea5p h\u01a1n.<\/p>\n<figure id=\"attachment_9449\" aria-describedby=\"caption-attachment-9449\" style=\"width: 1200px\" class=\"wp-caption alignnone\"><img loading=\"lazy\" decoding=\"async\" class=\"wp-image-9449 size-full\" src=\"https:\/\/livinghome.vn\/thiet-bi\/wp-content\/uploads\/nha-bep\/chefs\/bep-tu\/bep-tu-chefs-eh-dih860\/bep-tu-chefs-dih86010.jpg\" alt=\"B\u1ebfp t\u1eeb Chefs EH-DIH860 nh\u1eadp kh\u1ea9u T\u00e2y Ban Nha\" width=\"1200\" height=\"675\" title=\"\" srcset=\"https:\/\/livinghome.vn\/thiet-bi\/wp-content\/uploads\/nha-bep\/chefs\/bep-tu\/bep-tu-chefs-eh-dih860\/bep-tu-chefs-dih86010.jpg 1200w, https:\/\/livinghome.vn\/thiet-bi\/wp-content\/uploads\/nha-bep\/chefs\/bep-tu\/bep-tu-chefs-eh-dih860\/bep-tu-chefs-dih86010-600x338.jpg 600w, https:\/\/livinghome.vn\/thiet-bi\/wp-content\/uploads\/nha-bep\/chefs\/bep-tu\/bep-tu-chefs-eh-dih860\/bep-tu-chefs-dih86010-711x400.jpg 711w, https:\/\/livinghome.vn\/thiet-bi\/wp-content\/uploads\/nha-bep\/chefs\/bep-tu\/bep-tu-chefs-eh-dih860\/bep-tu-chefs-dih86010-768x432.jpg 768w\" sizes=\"auto, (max-width: 1200px) 100vw, 1200px\" \/><figcaption id=\"caption-attachment-9449\" class=\"wp-caption-text\">B\u1ebfp t\u1eeb Chefs EH-DIH860 nh\u1eadp kh\u1ea9u T\u00e2y Ban Nha<\/figcaption><\/figure>\n<p><strong>Kh\u00f3a tr\u1ebb em an to\u00e0n, \u0111\u1ea3m b\u1ea3o vi\u1ec7c \u0111un n\u1ea5u<\/strong><\/p>\n<p>T\u00ednh n\u0103ng n\u00e0y ph\u00f9 h\u1ee3p cho nh\u1eefng gia \u0111\u00ecnh c\u00f3 tr\u1ebb nh\u1ecf, khi b\u1ebfp \u0111ang ho\u1ea1t \u0111\u1ed9ng ch\u1ec9 c\u1ea7n m\u1ed9t thao t\u00e1c \u0111\u01a1n gi\u1ea3n tr\u00ean b\u1ebfp l\u00e0 b\u1ea1n c\u00f3 th\u1ec3 y\u00ean t\u00e2m kh\u00f4ng s\u1ee3 tr\u1ebb em ph\u00e1 b\u1ea5m lo\u1ea1n c\u00e1c n\u00fat ch\u1ee9c n\u0103ng, Gi\u00fap \u0111\u1ea3m b\u1ea3o an to\u00e0n cho tr\u1ebb v\u00e0 vi\u1ec7c \u0111un n\u1ea5u kh\u00f4ng b\u1ecb gi\u00e1n \u0111o\u1ea1n.<\/p>\n<p><strong>H\u1ec7 th\u1ed1ng IGBT b\u1ea3o v\u1ec7 tuy\u1ec7t \u0111\u1ed1i<\/strong><br \/>\nV\u1edbi h\u1ec7 th\u1ed1ng IGBT m\u00e0 h\u00e3ng trang b\u1ecb tr\u00ean m\u1eabu b\u1ebfp Chefs EH DIH860, th\u00ec b\u1ebfp s\u1ebd \u0111\u01b0\u1ee3c b\u1ea3o v\u1ec7 tuy\u1ec7t \u0111\u1ed1i khi qu\u00e1 t\u1ea3i, qu\u00e1 nhi\u1ec7t, c\u0169ng gi\u00fap gia \u0111\u00ecnh s\u1edf h\u1eefu b\u1ebfp an to\u00e0n kh\u00f4ng b\u1ecb hi\u1ec7n hi\u1ec7n t\u01b0\u1ee3ng ch\u1eadp ch\u00e1y nh\u01b0 c\u00e1c m\u1eabu b\u1ebfp k\u00e9m ch\u1ea5t l\u01b0\u1ee3ng.<\/p>\n<figure id=\"attachment_9454\" aria-describedby=\"caption-attachment-9454\" style=\"width: 1200px\" class=\"wp-caption alignnone\"><img loading=\"lazy\" decoding=\"async\" class=\"wp-image-9454 size-full\" src=\"https:\/\/livinghome.vn\/thiet-bi\/wp-content\/uploads\/nha-bep\/chefs\/bep-tu\/bep-tu-chefs-eh-dih860\/bep-tu-chefs-dih8603.jpg\" alt=\"B\u1ebfp t\u1eeb Chefs EH-DIH860 nh\u1eadp kh\u1ea9u T\u00e2y Ban Nha\" width=\"1200\" height=\"675\" title=\"\" srcset=\"https:\/\/livinghome.vn\/thiet-bi\/wp-content\/uploads\/nha-bep\/chefs\/bep-tu\/bep-tu-chefs-eh-dih860\/bep-tu-chefs-dih8603.jpg 1200w, https:\/\/livinghome.vn\/thiet-bi\/wp-content\/uploads\/nha-bep\/chefs\/bep-tu\/bep-tu-chefs-eh-dih860\/bep-tu-chefs-dih8603-600x338.jpg 600w, https:\/\/livinghome.vn\/thiet-bi\/wp-content\/uploads\/nha-bep\/chefs\/bep-tu\/bep-tu-chefs-eh-dih860\/bep-tu-chefs-dih8603-711x400.jpg 711w, https:\/\/livinghome.vn\/thiet-bi\/wp-content\/uploads\/nha-bep\/chefs\/bep-tu\/bep-tu-chefs-eh-dih860\/bep-tu-chefs-dih8603-768x432.jpg 768w\" sizes=\"auto, (max-width: 1200px) 100vw, 1200px\" \/><figcaption id=\"caption-attachment-9454\" class=\"wp-caption-text\">B\u1ebfp t\u1eeb Chefs EH-DIH860 nh\u1eadp kh\u1ea9u T\u00e2y Ban Nha<\/figcaption><\/figure>\n<h3>T\u00ednh n\u0103ng s\u1ea3n ph\u1ea9m<\/h3>\n<ul>\n<li><a href=\"https:\/\/livinghome.vn\/thiet-bi\/bep-tu\/\">B\u1ebfp t\u1eeb<\/a> &#8211; B\u1ebfp k\u00ednh \u00e2m 2 t\u1eeb<\/li>\n<li>\u0110un n\u1ea5u si\u00eau ti\u1ebft ki\u1ec7m v\u1edbi b\u1ebfp hai t\u1eeb EH-DIH860<\/li>\n<li>M\u1eb7t k\u00ednh ceramic ch\u1ecbu nhi\u1ec7t Schott Ceran v\u00e1t c\u1ea1nh &#8211; Germany, bo vi\u1ec1n nh\u00f4m sang tr\u1ecdng.<\/li>\n<li>B\u1ebfp tr\u00e1i 22cm\/ booster 2000W, b\u1ebfp ph\u1ea3i 22cm\/ booster 1800W<\/li>\n<li>B\u00e0n ph\u00edm \u0111i\u1ec1u khi\u1ec3n d\u1ea1ng tr\u01b0\u1ee3t 9 m\u1ee9c, ri\u00eang bi\u1ec7t cho t\u1eebng v\u00f9ng n\u1ea5u<\/li>\n<li>T\u00ednh n\u0103ng t\u1ea1m d\u1eebng pause, \u1ee7 \u1ea5m warming, n\u1ea5u th\u00f4ng minh, chu\u00f4ng b\u00e1o<\/li>\n<li>T\u00ednh n\u0103ng h\u1eb9n gi\u1edd cho t\u1eebng v\u00f9ng n\u1ea5u, th\u1eddi gian h\u1eb9n \u0111\u1ebfn 99 ph\u00fat<\/li>\n<li>T\u1ef1 \u0111\u1ed9ng chia s\u1ebb c\u00f4ng su\u1ea5t gi\u1eefa hai v\u00f9ng n\u1ea5u, max 3600W<\/li>\n<\/ul>\n<h3>T\u00ednh n\u0103ng an to\u00e0n<\/h3>\n<ul>\n<li>C\u1ea3nh b\u00e1o nhi\u1ec7t d\u01b0 v\u00f9ng n\u1ea5u Residual heat<\/li>\n<li>Kh\u00f3a an to\u00e0n tr\u1ebb em Child lock<\/li>\n<li>T\u1ef1 \u0111\u1ed9ng t\u1eaft b\u1ebfp khi \u0111\u1ec3 qu\u00ean Automatic switching off<\/li>\n<li>T\u1ef1 \u0111\u1ed9ng t\u1eaft b\u1ebfp khi kh\u00f4ng c\u00f3 n\u1ed3i ( tr\u00ean b\u1ebfp t\u1eeb) Pot detection<\/li>\n<li>H\u1ec7 th\u1ed1ng b\u1ea3o v\u1ec7 an to\u00e0n qu\u00e1 nhi\u1ec7t, qu\u00e1 \u00e1p<\/li>\n<\/ul>\n<h3>Th\u00f4ng s\u1ed1 k\u1ef9 thu\u1eadt<\/h3>\n<ul>\n<li>\u0110i\u1ec7n \u00e1p: 220V\/50Hz<\/li>\n<li>C\u00f4ng su\u1ea5t: max 3600W (ph\u1ea3i Booster 1800W), tr\u00e1i 2000W( Booster 2000W)<\/li>\n<li>K\u00edch th\u01b0\u1edbc ( d\u00e0i x r\u1ed9ng x cao): 720x430x60 mm<\/li>\n<li>K\u00edch th\u01b0\u1edbc kho\u00e9t l\u1ed7: 700x380mm<\/li>\n<li>Tr\u1ecdng l\u01b0\u1ee3ng: 6.0kg<\/li>\n<\/ul>\n<p>&nbsp;<\/p>\n<figure id=\"attachment_9453\" aria-describedby=\"caption-attachment-9453\" style=\"width: 1200px\" class=\"wp-caption alignnone\"><img loading=\"lazy\" decoding=\"async\" class=\"wp-image-9453 size-full\" src=\"https:\/\/livinghome.vn\/thiet-bi\/wp-content\/uploads\/nha-bep\/chefs\/bep-tu\/bep-tu-chefs-eh-dih860\/bep-tu-chefs-dih86011.jpg\" alt=\"B\u1ebfp t\u1eeb Chefs EH-DIH860 nh\u1eadp kh\u1ea9u T\u00e2y Ban Nha\" width=\"1200\" height=\"675\" title=\"\" srcset=\"https:\/\/livinghome.vn\/thiet-bi\/wp-content\/uploads\/nha-bep\/chefs\/bep-tu\/bep-tu-chefs-eh-dih860\/bep-tu-chefs-dih86011.jpg 1200w, https:\/\/livinghome.vn\/thiet-bi\/wp-content\/uploads\/nha-bep\/chefs\/bep-tu\/bep-tu-chefs-eh-dih860\/bep-tu-chefs-dih86011-600x338.jpg 600w, https:\/\/livinghome.vn\/thiet-bi\/wp-content\/uploads\/nha-bep\/chefs\/bep-tu\/bep-tu-chefs-eh-dih860\/bep-tu-chefs-dih86011-711x400.jpg 711w, https:\/\/livinghome.vn\/thiet-bi\/wp-content\/uploads\/nha-bep\/chefs\/bep-tu\/bep-tu-chefs-eh-dih860\/bep-tu-chefs-dih86011-768x432.jpg 768w\" sizes=\"auto, (max-width: 1200px) 100vw, 1200px\" \/><figcaption id=\"caption-attachment-9453\" class=\"wp-caption-text\">B\u1ebfp t\u1eeb Chefs EH-DIH860 nh\u1eadp kh\u1ea9u T\u00e2y Ban Nha<\/figcaption><\/figure>\n<h3>Xu\u1ea5t x\u1ee9: T\u00e2y Ban Nha<\/h3>\n<div><\/div>\n","protected":false},"excerpt":{"rendered":"<p>\u0110un n\u1ea5u si\u00eau ti\u1ebft ki\u1ec7m v\u1edbi b\u1ebfp hai t\u1eeb EH-DIH860<br \/>\nM\u1eb7t k\u00ednh ceramic ch\u1ecbu nhi\u1ec7t Schott Ceran v\u00e1t c\u1ea1nh &#8211; Germany, bo vi\u1ec1n nh\u00f4m sang tr\u1ecdng.<br \/>\nB\u1ebfp tr\u00e1i 22cm\/ booster 2000W, b\u1ebfp ph\u1ea3i 22cm\/ booster 1800W<br \/>\nB\u00e0n ph\u00edm \u0111i\u1ec1u khi\u1ec3n d\u1ea1ng tr\u01b0\u1ee3t 9 m\u1ee9c, ri\u00eang bi\u1ec7t cho t\u1eebng v\u00f9ng n\u1ea5u<br \/>\nT\u00ednh n\u0103ng t\u1ea1m d\u1eebng pause, \u1ee7 \u1ea5m warming, n\u1ea5u th\u00f4ng minh, chu\u00f4ng b\u00e1o<br \/>\nT\u00ednh n\u0103ng h\u1eb9n gi\u1edd cho t\u1eebng v\u00f9ng n\u1ea5u, th\u1eddi gian h\u1eb9n \u0111\u1ebfn 99 ph\u00fat<br \/>\nT\u1ef1 \u0111\u1ed9ng chia s\u1ebb c\u00f4ng su\u1ea5t gi\u1eefa hai v\u00f9ng n\u1ea5u, max 3600W<\/p>\n","protected":false},"featured_media":9445,"comment_status":"open","ping_status":"closed","template":"","meta":[],"product_brand":[],"product_cat":[745,794,813,796,809,799,802,807,75,756,795,755],"product_tag":[310,76,77,168,758,111,757],"class_list":{"0":"post-9443","1":"product","2":"type-product","3":"status-publish","4":"has-post-thumbnail","6":"product_cat-bep-dien-tu","7":"product_cat-bep-2-tu","8":"product_cat-bep-dien-tu-chung-cu","9":"product_cat-bep-dien-tu-doi","10":"product_cat-bep-dien-tu-duc-germany","11":"product_cat-bep-dien-tu-hinh-chu-nhat","12":"product_cat-bep-dien-tu-mat-kinh-schott-ceran","13":"product_cat-bep-dien-tu-tiet-kiem-dien","14":"product_cat-bep-tu","15":"product_cat-bep-tu-chefs","16":"product_cat-bep-tu-doi","17":"product_cat-thuong-hieu-chefs","18":"product_tag-bep-nau","19":"product_tag-bep-tu","20":"product_tag-bep-tu-2-vung-nau","21":"product_tag-bep-tu-am","22":"product_tag-bep-tu-chefs","23":"product_tag-bep-tu-doi","24":"product_tag-chefs","26":"first","27":"instock","28":"sale","29":"shipping-taxable","30":"purchasable","31":"product-type-simple"},"_links":{"self":[{"href":"https:\/\/livinghome.vn\/thiet-bi\/wp-json\/wp\/v2\/product\/9443","targetHints":{"allow":["GET"]}}],"collection":[{"href":"https:\/\/livinghome.vn\/thiet-bi\/wp-json\/wp\/v2\/product"}],"about":[{"href":"https:\/\/livinghome.vn\/thiet-bi\/wp-json\/wp\/v2\/types\/product"}],"replies":[{"embeddable":true,"href":"https:\/\/livinghome.vn\/thiet-bi\/wp-json\/wp\/v2\/comments?post=9443"}],"wp:featuredmedia":[{"embeddable":true,"href":"https:\/\/livinghome.vn\/thiet-bi\/wp-json\/wp\/v2\/media\/9445"}],"wp:attachment":[{"href":"https:\/\/livinghome.vn\/thiet-bi\/wp-json\/wp\/v2\/media?parent=9443"}],"wp:term":[{"taxonomy":"product_brand","embeddable":true,"href":"https:\/\/livinghome.vn\/thiet-bi\/wp-json\/wp\/v2\/product_brand?post=9443"},{"taxonomy":"product_cat","embeddable":true,"href":"https:\/\/livinghome.vn\/thiet-bi\/wp-json\/wp\/v2\/product_cat?post=9443"},{"taxonomy":"product_tag","embeddable":true,"href":"https:\/\/livinghome.vn\/thiet-bi\/wp-json\/wp\/v2\/product_tag?post=9443"}],"curies":[{"name":"wp","href":"https:\/\/api.w.org\/{rel}","templated":true}]}}