{"id":944,"date":"2023-01-12T11:29:31","date_gmt":"2023-01-12T11:29:31","guid":{"rendered":"https:\/\/livinghome.vn\/thiet-bi\/?post_type=product&#038;p=944"},"modified":"2024-11-29T14:20:50","modified_gmt":"2024-11-29T07:20:50","slug":"tu-lanh-kaff-kf-bcd580w","status":"publish","type":"product","link":"https:\/\/livinghome.vn\/thiet-bi\/tu-lanh-kaff-kf-bcd580w\/","title":{"rendered":"T\u1ee7 l\u1ea1nh Kaff KF-BCD580W Side By Side d\u1ea1ng T Door"},"content":{"rendered":"<h2>T\u1ee7 l\u1ea1nh Kaff KF-BCD580W thi\u1ebft k\u1ebf d\u1ea1ng 3 c\u00e1nh m\u1edf tr\u00ean ti\u1ec7n d\u1ee5ng v\u1edbi dung t\u00edch c\u1ef1c l\u1edbn ti\u1ebft ki\u1ec7m \u0111i\u1ec7n n\u0103ng<\/h2>\n<figure id=\"attachment_45526\" aria-describedby=\"caption-attachment-45526\" style=\"width: 800px\" class=\"wp-caption alignnone\"><img loading=\"lazy\" decoding=\"async\" class=\"size-large wp-image-45526\" src=\"https:\/\/livinghome.vn\/thiet-bi\/wp-content\/uploads\/nha-bep\/kaff\/tu-lanh\/tu-lanh-kaff-kf-bcd580w\/tu-lanh-kaff-kf-bcd580w-800x800.jpg\" alt=\"T\u1ee7 l\u1ea1nh Kaff KF-BCD580W\" width=\"800\" height=\"800\" title=\"\"><figcaption id=\"caption-attachment-45526\" class=\"wp-caption-text\">T\u1ee7 l\u1ea1nh Kaff KF-BCD580W<\/figcaption><\/figure>\n<p>Th\u00f4ng S\u1ed1 K\u1ef9 Thu\u1eadt:<\/p>\n<p>\u2013 <a href=\"https:\/\/livinghome.vn\/product-category\/nha-bep\/tu-lanh\/\">T\u1ee7 l\u1ea1nh<\/a> Side By Side d\u1ea1ng T Door (3 c\u00e1nh m\u1edf tr\u00ean)<\/p>\n<p>\u2013 T\u1ed5ng dung t\u00edch (Total Gross Volume) 580 L<\/p>\n<p>+ Dung t\u00edch ng\u0103n \u0111\u00f4ng ( Gross Freezer Volume): 223 L<\/p>\n<p>+ Dung t\u00edch ng\u0103n l\u1ea1nh (Gross Refrigerator Volume): 235 L<\/p>\n<p>+ Dung t\u00edch ng\u0103n \u0111\u00f4ng m\u1ec1m -4 -8 \u0111\u1ed9 (Gross Variable Temp Compartment Volume): 122 L<\/p>\n<p>+ Bu\u1ed3ng nhi\u1ec7t \u0111\u1ed9 thay \u0111\u1ed5i l\u1edbn (Big variable temperature chamber)<\/p>\n<p>+ Ch\u1ee9c n\u0103ng b\u00e1o \u0111\u1ed9ng m\u1edf c\u1eeda (Door opening alarm function)<\/p>\n<p>+ Ch\u1ebf \u0111\u1ed9 ngh\u1ec9 (Vacation mode)<\/p>\n<p>+ Ch\u1ee9c n\u0103ng kh\u00f3a tr\u1ebb em (Child lock function)<\/p>\n<p>+ K\u00edch th\u01b0\u1edbc th\u00f4ng minh, ph\u00f9 h\u1ee3p ho\u00e0n h\u1ea3o v\u1edbi kh\u00f4ng gian b\u1ebfp (Smart dimension,fit kitchen space perfectly)<\/p>\n<p>+ M\u1edf c\u1eeda 90\u00b0, d\u1ec5 d\u00e0ng m\u1edf ng\u0103n k\u00e9o (Open the door by 90\u00b0,easy access of drawer)<\/p>\n<p>+ L\u00e0m m\u00e1t \u0111\u1ed3ng \u0111\u1ec1u b\u1eb1ng c\u00e1ch l\u01b0u th\u00f4ng kh\u00f4ng kh\u00ed l\u00e0m m\u00e1t 360\u00b0 (Uniformly cooled by 360 degree cooling air circulation)<\/p>\n<p>+ Ch\u1ee9c n\u0103ng c\u1ea5p \u0111\u00f4ng nhanh, gi\u1eef cho th\u1ef1c ph\u1ea9m lu\u00f4n t\u01b0\u01a1i ngon t\u1ed1i \u0111a (Fast freezing function,keep food in maximum freshness)<\/p>\n<p>+ Ng\u0103n t\u1ee7 l\u1ea1nh c\u00f3 th\u1ec3 \u0111\u01b0\u1ee3c t\u1eaft ri\u00eang (Refrigerator compartment can be switched off separately)<\/p>\n<p>\u2013 Ti\u00eau chu\u1ea9n n\u0103ng l\u01b0\u1ee3ng A++ (Energy Efficiency Class)<\/p>\n<p>\u2013 \u0110\u1ed9 \u1ed3n 43 dB(A) (Noise)<\/p>\n<p>\u2013 Kh\u1ed1i l\u01b0\u1ee3ng thi\u1ebft b\u1ecb 95Kg (Gross Weight 95kg)<\/p>\n<p>\u2013 H\u1ec7 th\u1ed1ng l\u00e0m l\u1ea1nh 02 d\u00e0n l\u1ea1nh, 01 b\u1ed9 \u0111i\u1ec1u khi\u1ec3n (Two power and one control systems)<\/p>\n<p>\u2013 Ch\u1ed1ng \u0111\u00f4ng tuy\u1ebft (Frost free)<\/p>\n<p>\u2013 L\u00e0m \u0111\u00e1 nhanh (Fast Ice)<\/p>\n<p>\u2013 S\u1eed d\u1ee5ng c\u00f4ng ngh\u1ec7 bi\u1ebfn t\u1ea7n hi\u1ec7n \u0111\u1ea1i (Inverter compressor)<\/p>\n<p>\u2013 C\u00f4ng su\u1ea5t l\u00e0m \u0111\u00e1 10Kg\/24h (Freezing Capacity 10kg\/24h)<\/p>\n<p>\u2013 Gi\u1eef l\u1ea1nh sau 7-10h khi ng\u1eaft ngu\u1ed3n \u0111i\u1ec7n (temperature rise value)<\/p>\n<p>\u2013 C\u00f4ng su\u1ea5t \u0111\u1ecbnh m\u1ee9c 175W (Rated Power)<\/p>\n<p>\u2013 \u0110i\u1ec7n n\u0103ng ti\u00eau th\u1ee5 (Energy Efficiency Class) 1.12kwh\/24h \u2013 409kwh\/n\u0103m<\/p>\n<p>\u2013 Ngu\u1ed3n \u0111i\u1ec7n s\u1eed d\u1ee5ng (Rated Voltage\/Frequency): 220V-240V\/50-60HZ, 2.5A<\/p>\n<p>\u2013 K\u00edch th\u01b0\u1edbc s\u1ea3n ph\u1ea9m (Product Dimensions(mm)(WxDxH)): 911x636x1830<\/p>\n","protected":false},"excerpt":{"rendered":"<p>T\u1ee7 l\u1ea1nh Kaff KF-BCD580W thi\u1ebft k\u1ebf d\u1ea1ng 3 c\u00e1nh m\u1edf tr\u00ean ti\u1ec7n d\u1ee5ng v\u1edbi dung t\u00edch c\u1ef1c l\u1edbn ti\u1ebft ki\u1ec7m \u0111i\u1ec7n n\u0103ng Th\u00f4ng S\u1ed1 K\u1ef9 Thu\u1eadt: \u2013 T\u1ee7 l\u1ea1nh Side By Side d\u1ea1ng T Door (3 c\u00e1nh m\u1edf tr\u00ean) \u2013 T\u1ed5ng dung t\u00edch (Total Gross Volume) 580 L + Dung t\u00edch ng\u0103n \u0111\u00f4ng ( Gross [&#8230;]\n","protected":false},"featured_media":1000,"comment_status":"open","ping_status":"closed","template":"","meta":[],"product_brand":[],"product_cat":[164,201],"product_tag":[167,203,204],"class_list":{"0":"post-944","1":"product","2":"type-product","3":"status-publish","4":"has-post-thumbnail","6":"product_cat-thuong-hieu-kaff","7":"product_cat-tu-lanh","8":"product_tag-kaff","9":"product_tag-tu-lanh","10":"product_tag-tu-lanh-kaff","12":"first","13":"instock","14":"sale","15":"shipping-taxable","16":"purchasable","17":"product-type-simple"},"_links":{"self":[{"href":"https:\/\/livinghome.vn\/thiet-bi\/wp-json\/wp\/v2\/product\/944","targetHints":{"allow":["GET"]}}],"collection":[{"href":"https:\/\/livinghome.vn\/thiet-bi\/wp-json\/wp\/v2\/product"}],"about":[{"href":"https:\/\/livinghome.vn\/thiet-bi\/wp-json\/wp\/v2\/types\/product"}],"replies":[{"embeddable":true,"href":"https:\/\/livinghome.vn\/thiet-bi\/wp-json\/wp\/v2\/comments?post=944"}],"wp:featuredmedia":[{"embeddable":true,"href":"https:\/\/livinghome.vn\/thiet-bi\/wp-json\/wp\/v2\/media\/1000"}],"wp:attachment":[{"href":"https:\/\/livinghome.vn\/thiet-bi\/wp-json\/wp\/v2\/media?parent=944"}],"wp:term":[{"taxonomy":"product_brand","embeddable":true,"href":"https:\/\/livinghome.vn\/thiet-bi\/wp-json\/wp\/v2\/product_brand?post=944"},{"taxonomy":"product_cat","embeddable":true,"href":"https:\/\/livinghome.vn\/thiet-bi\/wp-json\/wp\/v2\/product_cat?post=944"},{"taxonomy":"product_tag","embeddable":true,"href":"https:\/\/livinghome.vn\/thiet-bi\/wp-json\/wp\/v2\/product_tag?post=944"}],"curies":[{"name":"wp","href":"https:\/\/api.w.org\/{rel}","templated":true}]}}