{"id":9431,"date":"2023-03-28T08:31:04","date_gmt":"2023-03-28T08:31:04","guid":{"rendered":"https:\/\/livinghome.vn\/thiet-bi\/?post_type=product&#038;p=9431"},"modified":"2024-11-29T14:19:14","modified_gmt":"2024-11-29T07:19:14","slug":"bep-tu-chefs-eh-dih866g","status":"publish","type":"product","link":"https:\/\/livinghome.vn\/thiet-bi\/bep-tu-chefs-eh-dih866g\/","title":{"rendered":"B\u1ebfp t\u1eeb Chefs EH-DIH866G b\u1ec1n b\u1ec9 an to\u00e0n"},"content":{"rendered":"<h3>B\u1ebfp t\u1eeb Chefs EH-DIH866G d\u00f2ng nh\u1eadp kh\u1ea9u nguy\u00ean chi\u1ebfc t\u1eeb T\u00e2y Ban Nha v\u1edbi thi\u1ebft k\u1ebf 2 b\u1ebfp c\u1ea3m \u1ee9ng t\u1eeb c\u00f3 nh\u1eefng \u0111\u1eb7c \u0111i\u1ec3m n\u1ed5i b\u1eadt. \u0110\u01b0\u1ee3c s\u1ea3n xu\u1ea5t theo d\u00e2y chuy\u1ec1n hi\u1ec7n \u0111\u1ea1i \u0111\u1ea1t chu\u1ea9n Ch\u00e2u \u00c2u, b\u1ebfp t\u1eeb Chefs EH-DIH866G ho\u1ea1t \u0111\u1ed9ng hi\u1ec7u qu\u1ea3 v\u00e0 \u0111\u01b0\u1ee3c \u0111\u00e1nh gi\u00e1 cao v\u1ec1 thi\u1ebft k\u1ebf. B\u1ebfp \u0111\u01b0\u1ee3c thi\u1ebft k\u1ebf theo h\u00ecnh ch\u1eef nh\u1eadt li\u1ec1n nguy\u00ean kh\u1ed1i v\u00e1t c\u1ea1nh \u0111\u1eb9p m\u1eaft v\u1edbi 2 v\u00f9ng n\u1ea5u ph\u00e2n b\u1ed1 kho\u1ea3ng c\u00e1ch khoa h\u1ecdc, ti\u1ec7n d\u1ee5ng khi \u0111\u1eb7t n\u1ed3i n\u1ea5u.<\/h3>\n<figure id=\"attachment_9441\" aria-describedby=\"caption-attachment-9441\" style=\"width: 1200px\" class=\"wp-caption alignnone\"><img loading=\"lazy\" decoding=\"async\" class=\"wp-image-9441 size-full\" src=\"https:\/\/livinghome.vn\/thiet-bi\/wp-content\/uploads\/nha-bep\/chefs\/bep-tu\/bep-tu-chefs-eh-dih866g\/bep-tu-chefs-dih866g2.jpg\" alt=\"B\u1ebfp t\u1eeb Chefs EH-DIH866G b\u1ec1n b\u1ec9 an to\u00e0n\" width=\"1200\" height=\"675\" title=\"\" srcset=\"https:\/\/livinghome.vn\/thiet-bi\/wp-content\/uploads\/nha-bep\/chefs\/bep-tu\/bep-tu-chefs-eh-dih866g\/bep-tu-chefs-dih866g2.jpg 1200w, https:\/\/livinghome.vn\/thiet-bi\/wp-content\/uploads\/nha-bep\/chefs\/bep-tu\/bep-tu-chefs-eh-dih866g\/bep-tu-chefs-dih866g2-600x338.jpg 600w, https:\/\/livinghome.vn\/thiet-bi\/wp-content\/uploads\/nha-bep\/chefs\/bep-tu\/bep-tu-chefs-eh-dih866g\/bep-tu-chefs-dih866g2-711x400.jpg 711w, https:\/\/livinghome.vn\/thiet-bi\/wp-content\/uploads\/nha-bep\/chefs\/bep-tu\/bep-tu-chefs-eh-dih866g\/bep-tu-chefs-dih866g2-768x432.jpg 768w\" sizes=\"auto, (max-width: 1200px) 100vw, 1200px\" \/><figcaption id=\"caption-attachment-9441\" class=\"wp-caption-text\">B\u1ebfp t\u1eeb Chefs EH-DIH866G b\u1ec1n b\u1ec9 an to\u00e0n<\/figcaption><\/figure>\n<p><strong>C\u00c1C T\u00cdNH N\u0102NG \u01afU VI\u1ec6T C\u1ee6A B\u1ebeP T\u1eea CHEFS EH-DIH866G<\/strong><\/p>\n<p>B\u1ebfp t\u1eeb ho\u1ea1t \u0111\u1ed9ng d\u1ef1a tr\u00ean nguy\u00ean l\u00fd l\u00e0m n\u00f3ng b\u1eb1ng c\u1ea3m \u1ee9ng c\u1ee7a s\u00f3ng \u0111i\u1ec7n t\u1eeb, m\u1eb7t k\u00ednh cao c\u1ea5p \u0111\u01b0\u1ee3c t\u1ea1o th\u00e0nh b\u1edfi ch\u1ea5t li\u1ec7u g\u1ed1m th\u1ee7y tinh kh\u00f4ng ch\u1ee9a c\u00e1c kim lo\u1ea1i n\u1eb7ng \u0111\u1ed9c h\u1ea1i, n\u00ean khi \u0111un n\u1ea5u kh\u00f4ng sinh kh\u00f3i hay kh\u00ed \u0111\u1ed9c, th\u00e2n thi\u1ec7n h\u01a1n v\u1edbi m\u00f4i tr\u01b0\u1eddng xung quanh.<\/p>\n<p>S\u00f3ng \u0111i\u1ec7n t\u1eeb ph\u00e1t ra t\u1eeb b\u1ebfp t\u1eeb Chefs EH-DIH866G c\u01b0\u1eddng \u0111\u1ed9 r\u1ea5t th\u1ea5p, ch\u1ec9 t\u00e1c d\u1ee5ng tr\u1ef1c ti\u1ebfp l\u00ean ph\u1ea7n n\u1ed3i \u0111un n\u00ean an to\u00e0n h\u01a1n v\u1edbi s\u1ee9c kh\u1ecfe ng\u01b0\u1eddi d\u00f9ng. B\u00ean ngo\u00e0i v\u1ecf b\u1ebfp c\u00f3 l\u1edbp s\u01a1n c\u00e1ch \u0111i\u1ec7n gi\u00fap b\u1ea1n y\u00ean t\u00e2m s\u1eed d\u1ee5ng m\u00e0 kh\u00f4ng s\u1ee3 hi\u1ec7n t\u01b0\u1ee3ng h\u1edf \u0111i\u1ec7n.<\/p>\n<p>&nbsp;<\/p>\n<figure id=\"attachment_9442\" aria-describedby=\"caption-attachment-9442\" style=\"width: 1200px\" class=\"wp-caption alignnone\"><img loading=\"lazy\" decoding=\"async\" class=\"wp-image-9442 size-full\" src=\"https:\/\/livinghome.vn\/thiet-bi\/wp-content\/uploads\/nha-bep\/chefs\/bep-tu\/bep-tu-chefs-eh-dih866g\/bep-tu-chefs-dih866g3.jpg\" alt=\"B\u1ebfp t\u1eeb Chefs EH-DIH866G b\u1ec1n b\u1ec9 an to\u00e0n\" width=\"1200\" height=\"675\" title=\"\" srcset=\"https:\/\/livinghome.vn\/thiet-bi\/wp-content\/uploads\/nha-bep\/chefs\/bep-tu\/bep-tu-chefs-eh-dih866g\/bep-tu-chefs-dih866g3.jpg 1200w, https:\/\/livinghome.vn\/thiet-bi\/wp-content\/uploads\/nha-bep\/chefs\/bep-tu\/bep-tu-chefs-eh-dih866g\/bep-tu-chefs-dih866g3-600x338.jpg 600w, https:\/\/livinghome.vn\/thiet-bi\/wp-content\/uploads\/nha-bep\/chefs\/bep-tu\/bep-tu-chefs-eh-dih866g\/bep-tu-chefs-dih866g3-711x400.jpg 711w, https:\/\/livinghome.vn\/thiet-bi\/wp-content\/uploads\/nha-bep\/chefs\/bep-tu\/bep-tu-chefs-eh-dih866g\/bep-tu-chefs-dih866g3-768x432.jpg 768w\" sizes=\"auto, (max-width: 1200px) 100vw, 1200px\" \/><figcaption id=\"caption-attachment-9442\" class=\"wp-caption-text\">B\u1ebfp t\u1eeb Chefs EH-DIH866G b\u1ec1n b\u1ec9 an to\u00e0n<\/figcaption><\/figure>\n<p><strong>V\u1ec1 b\u1ea3ng m\u1ea1ch \u0111i\u1ec1u khi\u1ec3n<\/strong><br \/>\nB\u1ea3ng m\u1ea1ch \u0111i\u1ec1u khi\u1ec3n c\u1ee7a s\u1ea3n ph\u1ea9m t\u00f4i \u0111ang gi\u1edbi thi\u1ec7u v\u1edbi b\u1ea1n h\u00f4m nay s\u1eed d\u1ee5ng lo\u1ea1i b\u1ea3ng \u0111i\u1ec1u khi\u1ec3n EGO Controls Flex Touch (EGO Flex TC) v\u1edbi \u0111\u1eb7c tr\u01b0ng \u0111i\u1ec1u khi\u1ec3n chung cho c\u1ea3 2 v\u00f9ng n\u1ea5u v\u1edbi ch\u1ec9 m\u1ed9t thao t\u00e1c t\u0103ng gi\u1ea3m duy nh\u1ea5t l\u00e0 k\u00e9o Slider ho\u1eb7c ch\u1ea1m. V\u1edbi l\u1ea1i b\u1ea3ng m\u1ea1ch n\u00e0y c\u00f3 kh\u1ea3 n\u0103ng ch\u1ecbu \u0111\u01b0\u1ee3c \u0111\u1ebfn 105 \u0111\u1ed9 C v\u00e0 ch\u1ec9 ti\u00eau th\u1ee5 c\u00f3 ch\u01b0a \u0111\u1ea7y 0,5W\/h r\u1ea5t ti\u1ebft ki\u1ec7m \u0111i\u1ec7n. \u0110\u1ed3ng th\u1eddi n\u00f3 c\u0169ng \u0111\u01b0\u1ee3c l\u1eadp tr\u00ecnh nhi\u1ec1u t\u00ednh n\u0103ng n\u1ea5u th\u00f4ng minh, t\u1ea1m d\u1eebng\u2026 t\u01b0\u01a1ng lai Chefs c\u00f3 th\u1ec3 s\u1ebd c\u00f3 nh\u1eefng b\u1ea3n n\u00e2ng c\u1ea5p kh\u00e1c.<\/p>\n<p>B\u1ea3ng \u0111i\u1ec1u khi\u1ec3n EGO Flex TC c\u1ee7a DIH866G n\u00e0y c\u00f3 th\u1ec3 n\u00f3 l\u00e0 r\u1ea5t d\u1ec5 \u0111i\u1ec1u khi\u1ec3n, th\u1ef1c ra n\u00f3 ch\u1ec9 c\u00f3 t\u1ed5ng c\u1ed9ng 2 thao t\u00e1c l\u00e0 b\u1ea1n c\u00f3 th\u1ec3 b\u1eaft \u0111\u1ea7u n\u1ea5u (b\u1eadt ngu\u1ed3n + k\u00e9o slider).<\/p>\n<p><strong>M\u1eb7t k\u00ednh Schottceran s\u1ea3n xu\u1ea5t t\u1ea1i \u0110\u1ee9c<\/strong><br \/>\nC\u00e1c s\u1ea3n ph\u1ea9m b\u1ebfp \u0111i\u1ec7n t\u1eeb Chefs c\u00f3 nhi\u1ec1u ki\u1ec3u d\u00e1ng \u0111a d\u1ea1ng, \u0111\u01b0\u1ee3c thi\u1ebft k\u1ebf v\u00f4 c\u00f9ng \u0111\u1eb9p m\u1eaft v\u00e0 \u1ea5n t\u01b0\u1ee3ng. B\u1ebfp \u0111i\u1ec7n t\u1eeb Chefs EH-DIH866G s\u1eed d\u1ee5ng m\u1eb7t k\u00ednh Schott Ceran cao c\u1ea5p c\u1ee7a \u0110\u1ee8C, b\u1ec1 m\u1eb7t b\u1ebfp l\u00e0 m\u1ed9t m\u1eb7t ph\u1eb3ng nh\u1eb5n, c\u00f3 kh\u1ea3 n\u0103ng ch\u1ed1ng tr\u1ea7y x\u01b0\u1edbc v\u00e0 ch\u1ecbu \u0111\u01b0\u1ee3c l\u1ef1c cao, truy\u1ec1n nhi\u1ec7t theo h\u01b0\u1edbng th\u1eb3ng \u0111\u1ee9ng ch\u1ec9 l\u00e0m n\u00f3ng t\u1ea1i \u0111\u00e1y n\u1ed3i khi ti\u1ebfp x\u00fac v\u1edbi m\u1eb7t b\u1ebfp t\u1eeb, h\u1ea1n ch\u1ebf n\u0103ng l\u01b0\u1ee3ng th\u1ea5t tho\u00e1t ra ngo\u00e0i m\u00f4i tr\u01b0\u1eddng. V\u1edbi m\u1eb7t k\u00ednh n\u00e0y, b\u1ea1n c\u00f3 th\u1ec3 v\u1ec7 sinh, lau ch\u00f9i b\u1ebfp m\u1ed9t c\u00e1ch d\u1ec5 d\u00e0ng.<\/p>\n<p><strong>Thi\u1ebft k\u1ebf khung v\u1ecf<\/strong><br \/>\nChefs EH-DIH866G s\u1eed d\u1ee5ng lo\u1ea1i th\u00e2n v\u1ecf b\u1eb1ng kim lo\u1ea1i k\u1ebft h\u1ee3p v\u1edbi nh\u1ef1a cao c\u1ea5p, \u0111\u00e2y l\u00e0 m\u1ed9t trong nh\u1eefng ki\u1ec3u khung v\u1ecf ti\u00ean ti\u1ebfn nh\u1ea5t hi\u1ec7n nay m\u00e0 m\u1edbi ch\u1ec9 c\u00f3 m\u1ed9t s\u1ed1 m\u1eabu b\u1ebfp t\u1eeb \u0111ang s\u1eed d\u1ee5ng. Thi\u1ebft k\u1ebf khung v\u1ecf n\u00e0y nh\u1eb1m m\u1ee5c \u0111\u00edch h\u1ea1n ch\u1ebf t\u1ed1i \u0111a vi\u1ec7c t\u1ea3n nhi\u1ec7t ph\u1ee5 thu\u1ed9c v\u00e0o qu\u1ea1t \u0111\u1ec3 gi\u1ea3m ti\u1ebfng \u1ed3n. C\u00e1c khung v\u1ecf kim lo\u1ea1i (t\u00f4n m\u1ea1 k\u1ebdm) l\u00e0m s\u00e1t v\u1edbi ph\u1ea7n ph\u00e1t t\u1eeb thay v\u00ec l\u00e0m d\u00e0y \u0111\u1ec3 nhi\u1ec7t c\u00f3 th\u1ec3 to\u1ea3 ra tr\u1ef1c ti\u1ebfp. Vi\u1ec7c n\u00e0y khi\u1ebfn b\u1ebfp nh\u1eb9 \u0111i, \u0111\u1eb7c bi\u1ec7t l\u00e0 nh\u1eb9 h\u01a1n r\u1ea5t nhi\u1ec1u so v\u1edbi c\u00e1c d\u00f2ng b\u1ebfp c\u1ee7a Trung Qu\u1ed1c ho\u1eb7c Cata. Nh\u01b0ng khi d\u00f9ng n\u00f3 to\u1ea3 nhi\u1ec7t h\u01a1n nhanh khi\u1ebfn ta c\u1ea3m gi\u00e1c n\u00f3ng m\u1ed9t ch\u00fat.<\/p>\n<p><strong>Qu\u1ea1t gi\u00f3 l\u00e0m m\u00e1t b\u1ebfp<\/strong><br \/>\nThi\u1ebft k\u1ebf qu\u1ea1t t\u1ea3n nhi\u1ec7t c\u1ee7a m\u1eabu Chefs EH-DIH866G ch\u1ec9 c\u00f2n 1 qu\u1ea1t duy nh\u1ea5t thay v\u00ec 2 qu\u1ea1t nh\u01b0 c\u00e1c m\u1eabu b\u1ebfp t\u1eeb \u0111\u00f4i kh\u00e1c, \u0111i\u1ec1u n\u00e0y \u0111\u1ea1t \u0111\u01b0\u1ee3c l\u00e0 do ph\u1ea7n khu v\u1ecf s\u1eed d\u1ee5ng \u0111\u1ec3 t\u1ea3n nhi\u1ec7t (\u0111o\u1ea1n vi\u1ebft ph\u00eda tr\u00ean) kh\u00e1 hi\u1ec7u qu\u1ea3. Ch\u00ednh v\u1eady n\u00ean khi qu\u1ea1t quay b\u1ea1n \u00edt nghe th\u1ea5y ti\u1ebfng \u1ed3n.<\/p>\n<p>&nbsp;<\/p>\n<figure id=\"attachment_9436\" aria-describedby=\"caption-attachment-9436\" style=\"width: 1200px\" class=\"wp-caption alignnone\"><img loading=\"lazy\" decoding=\"async\" class=\"wp-image-9436 size-full\" src=\"https:\/\/livinghome.vn\/thiet-bi\/wp-content\/uploads\/nha-bep\/chefs\/bep-tu\/bep-tu-chefs-eh-dih866g\/bep-tu-chefs-dih866g6.jpg\" alt=\"B\u1ebfp t\u1eeb Chefs EH-DIH866G b\u1ec1n b\u1ec9 an to\u00e0n\" width=\"1200\" height=\"675\" title=\"\" srcset=\"https:\/\/livinghome.vn\/thiet-bi\/wp-content\/uploads\/nha-bep\/chefs\/bep-tu\/bep-tu-chefs-eh-dih866g\/bep-tu-chefs-dih866g6.jpg 1200w, https:\/\/livinghome.vn\/thiet-bi\/wp-content\/uploads\/nha-bep\/chefs\/bep-tu\/bep-tu-chefs-eh-dih866g\/bep-tu-chefs-dih866g6-600x338.jpg 600w, https:\/\/livinghome.vn\/thiet-bi\/wp-content\/uploads\/nha-bep\/chefs\/bep-tu\/bep-tu-chefs-eh-dih866g\/bep-tu-chefs-dih866g6-711x400.jpg 711w, https:\/\/livinghome.vn\/thiet-bi\/wp-content\/uploads\/nha-bep\/chefs\/bep-tu\/bep-tu-chefs-eh-dih866g\/bep-tu-chefs-dih866g6-768x432.jpg 768w\" sizes=\"auto, (max-width: 1200px) 100vw, 1200px\" \/><figcaption id=\"caption-attachment-9436\" class=\"wp-caption-text\">B\u1ebfp t\u1eeb Chefs EH-DIH866G b\u1ec1n b\u1ec9 an to\u00e0n<\/figcaption><\/figure>\n<h3>T\u00ednh n\u0103ng s\u1ea3n ph\u1ea9m<\/h3>\n<ul>\n<li><a href=\"https:\/\/livinghome.vn\/thiet-bi\/bep-tu\/\">B\u1ebfp t\u1eeb<\/a> &#8211; B\u1ebfp k\u00ednh \u00e2m 2 t\u1eeb<\/li>\n<li>\u0110un n\u1ea5u si\u00eau ti\u1ebft ki\u1ec7m v\u1edbi b\u1ebfp hai t\u1eeb EH-DIH866G<\/li>\n<li>M\u1eb7t k\u00ednh ceramic ch\u1ecbu nhi\u1ec7t Schott Ceran v\u00e1t c\u1ea1nh &#8211; Germany, bo vi\u1ec1n nh\u00f4m sang tr\u1ecdng.<\/li>\n<li>B\u1ebfp tr\u00e1i 22cm\/ booster 2000W, b\u1ebfp ph\u1ea3i 22cm\/ booster 1800W<\/li>\n<li>B\u00e0n ph\u00edm \u0111i\u1ec1u khi\u1ec3n d\u1ea1ng tr\u01b0\u1ee3t 9 m\u1ee9c<\/li>\n<li>T\u00ednh n\u0103ng t\u1ea1m d\u1eebng pause, \u1ee7 \u1ea5m warming<\/li>\n<li>T\u00ednh n\u0103ng h\u1eb9n gi\u1edd cho t\u1eebng v\u00f9ng n\u1ea5u, th\u1eddi gian h\u1eb9n \u0111\u1ebfn 99 ph\u00fat<\/li>\n<li>T\u1ef1 \u0111\u1ed9ng chia s\u1ebb c\u00f4ng su\u1ea5t gi\u1eefa hai v\u00f9ng n\u1ea5u<\/li>\n<\/ul>\n<h3>T\u00ednh n\u0103ng an to\u00e0n<\/h3>\n<ul>\n<li>C\u1ea3nh b\u00e1o nhi\u1ec7t d\u01b0 v\u00f9ng n\u1ea5u Residual heat<\/li>\n<li>Kh\u00f3a an to\u00e0n tr\u1ebb em Child lock<\/li>\n<li>T\u1ef1 \u0111\u1ed9ng t\u1eaft b\u1ebfp khi \u0111\u1ec3 qu\u00ean Automatic switching off<\/li>\n<li>T\u1ef1 \u0111\u1ed9ng t\u1eaft b\u1ebfp khi kh\u00f4ng c\u00f3 n\u1ed3i ( tr\u00ean b\u1ebfp t\u1eeb) Pot detection<\/li>\n<li>H\u1ec7 th\u1ed1ng b\u1ea3o v\u1ec7 an to\u00e0n qu\u00e1 nhi\u1ec7t, qu\u00e1 \u00e1p<\/li>\n<\/ul>\n<h3>Th\u00f4ng s\u1ed1 k\u1ef9 thu\u1eadt<\/h3>\n<ul>\n<li>\u0110i\u1ec7n \u00e1p: 220-240V\/ 50-60Hz<\/li>\n<li>C\u00f4ng su\u1ea5t max: 3600W<\/li>\n<li>K\u00edch th\u01b0\u1edbc s\u1ea3n ph\u1ea9m (d\u00e0i x r\u1ed9ng x cao): 720x430x55mm<\/li>\n<li>K\u00edch th\u01b0\u1edbc l\u1eafp \u0111\u1eb7t: 700x380mm<\/li>\n<li>Tr\u1ecdng l\u01b0\u1ee3ng: 6kg<\/li>\n<\/ul>\n<p>&nbsp;<\/p>\n<figure id=\"attachment_9438\" aria-describedby=\"caption-attachment-9438\" style=\"width: 1200px\" class=\"wp-caption alignnone\"><img loading=\"lazy\" decoding=\"async\" class=\"wp-image-9438 size-full\" src=\"https:\/\/livinghome.vn\/thiet-bi\/wp-content\/uploads\/nha-bep\/chefs\/bep-tu\/bep-tu-chefs-eh-dih866g\/bep-tu-chefs-dih866g8.jpg\" alt=\"B\u1ebfp t\u1eeb Chefs EH-DIH866G b\u1ec1n b\u1ec9 an to\u00e0n\" width=\"1200\" height=\"711\" title=\"\" srcset=\"https:\/\/livinghome.vn\/thiet-bi\/wp-content\/uploads\/nha-bep\/chefs\/bep-tu\/bep-tu-chefs-eh-dih866g\/bep-tu-chefs-dih866g8.jpg 1200w, https:\/\/livinghome.vn\/thiet-bi\/wp-content\/uploads\/nha-bep\/chefs\/bep-tu\/bep-tu-chefs-eh-dih866g\/bep-tu-chefs-dih866g8-600x356.jpg 600w, https:\/\/livinghome.vn\/thiet-bi\/wp-content\/uploads\/nha-bep\/chefs\/bep-tu\/bep-tu-chefs-eh-dih866g\/bep-tu-chefs-dih866g8-675x400.jpg 675w, https:\/\/livinghome.vn\/thiet-bi\/wp-content\/uploads\/nha-bep\/chefs\/bep-tu\/bep-tu-chefs-eh-dih866g\/bep-tu-chefs-dih866g8-768x455.jpg 768w\" sizes=\"auto, (max-width: 1200px) 100vw, 1200px\" \/><figcaption id=\"caption-attachment-9438\" class=\"wp-caption-text\">B\u1ebfp t\u1eeb Chefs EH-DIH866G b\u1ec1n b\u1ec9 an to\u00e0n<\/figcaption><\/figure>\n<h3>Xu\u1ea5t x\u1ee9: T\u00e2y Ban Nha<\/h3>\n<div><\/div>\n","protected":false},"excerpt":{"rendered":"<p>\u0110un n\u1ea5u si\u00eau ti\u1ebft ki\u1ec7m v\u1edbi b\u1ebfp hai t\u1eeb EH-DIH866G<br \/>\nM\u1eb7t k\u00ednh ceramic ch\u1ecbu nhi\u1ec7t Schott Ceran v\u00e1t c\u1ea1nh &#8211; Germany, bo vi\u1ec1n nh\u00f4m sang tr\u1ecdng.<br \/>\nB\u1ebfp tr\u00e1i 22cm\/ booster 2000W, b\u1ebfp ph\u1ea3i 22cm\/ booster 1800W<br \/>\nB\u00e0n ph\u00edm \u0111i\u1ec1u khi\u1ec3n d\u1ea1ng tr\u01b0\u1ee3t 9 m\u1ee9c<br \/>\nT\u00ednh n\u0103ng t\u1ea1m d\u1eebng pause, \u1ee7 \u1ea5m warming<br \/>\nT\u00ednh n\u0103ng h\u1eb9n gi\u1edd cho t\u1eebng v\u00f9ng n\u1ea5u, th\u1eddi gian h\u1eb9n \u0111\u1ebfn 99 ph\u00fat<br \/>\nT\u1ef1 \u0111\u1ed9ng chia s\u1ebb c\u00f4ng su\u1ea5t gi\u1eefa hai v\u00f9ng n\u1ea5u<\/p>\n","protected":false},"featured_media":9435,"comment_status":"open","ping_status":"closed","template":"","meta":[],"product_brand":[],"product_cat":[745,794,813,796,799,802,832,807,75,756,795,755],"product_tag":[310,76,77,168,758,111,757],"class_list":{"0":"post-9431","1":"product","2":"type-product","3":"status-publish","4":"has-post-thumbnail","6":"product_cat-bep-dien-tu","7":"product_cat-bep-2-tu","8":"product_cat-bep-dien-tu-chung-cu","9":"product_cat-bep-dien-tu-doi","10":"product_cat-bep-dien-tu-hinh-chu-nhat","11":"product_cat-bep-dien-tu-mat-kinh-schott-ceran","12":"product_cat-bep-dien-tu-tay-ban-nha","13":"product_cat-bep-dien-tu-tiet-kiem-dien","14":"product_cat-bep-tu","15":"product_cat-bep-tu-chefs","16":"product_cat-bep-tu-doi","17":"product_cat-thuong-hieu-chefs","18":"product_tag-bep-nau","19":"product_tag-bep-tu","20":"product_tag-bep-tu-2-vung-nau","21":"product_tag-bep-tu-am","22":"product_tag-bep-tu-chefs","23":"product_tag-bep-tu-doi","24":"product_tag-chefs","26":"first","27":"instock","28":"sale","29":"shipping-taxable","30":"purchasable","31":"product-type-simple"},"_links":{"self":[{"href":"https:\/\/livinghome.vn\/thiet-bi\/wp-json\/wp\/v2\/product\/9431","targetHints":{"allow":["GET"]}}],"collection":[{"href":"https:\/\/livinghome.vn\/thiet-bi\/wp-json\/wp\/v2\/product"}],"about":[{"href":"https:\/\/livinghome.vn\/thiet-bi\/wp-json\/wp\/v2\/types\/product"}],"replies":[{"embeddable":true,"href":"https:\/\/livinghome.vn\/thiet-bi\/wp-json\/wp\/v2\/comments?post=9431"}],"wp:featuredmedia":[{"embeddable":true,"href":"https:\/\/livinghome.vn\/thiet-bi\/wp-json\/wp\/v2\/media\/9435"}],"wp:attachment":[{"href":"https:\/\/livinghome.vn\/thiet-bi\/wp-json\/wp\/v2\/media?parent=9431"}],"wp:term":[{"taxonomy":"product_brand","embeddable":true,"href":"https:\/\/livinghome.vn\/thiet-bi\/wp-json\/wp\/v2\/product_brand?post=9431"},{"taxonomy":"product_cat","embeddable":true,"href":"https:\/\/livinghome.vn\/thiet-bi\/wp-json\/wp\/v2\/product_cat?post=9431"},{"taxonomy":"product_tag","embeddable":true,"href":"https:\/\/livinghome.vn\/thiet-bi\/wp-json\/wp\/v2\/product_tag?post=9431"}],"curies":[{"name":"wp","href":"https:\/\/api.w.org\/{rel}","templated":true}]}}