{"id":9420,"date":"2023-03-28T08:03:18","date_gmt":"2023-03-28T08:03:18","guid":{"rendered":"https:\/\/livinghome.vn\/thiet-bi\/?post_type=product&#038;p=9420"},"modified":"2024-11-29T14:19:15","modified_gmt":"2024-11-29T07:19:15","slug":"bep-tu-chefs-eh-dih896","status":"publish","type":"product","link":"https:\/\/livinghome.vn\/thiet-bi\/bep-tu-chefs-eh-dih896\/","title":{"rendered":"B\u1ebfp t\u1eeb Chefs EH-DIH896 sang tr\u1ecdng hi\u1ec7n \u0111\u1ea1i"},"content":{"rendered":"<h3>B\u1ebfp t\u1eeb \u0111\u00f4i EH-DIH896 l\u00e0 m\u1ed9t trong nh\u1eefng model m\u1edbi ra m\u1eaft n\u0103m 2022 c\u1ee7a th\u01b0\u01a1ng hi\u1ec7u Chef&#8217;s, thu\u1ed9c d\u00f2ng b\u1ebfp nh\u1eadp kh\u1ea9u nguy\u00ean chi\u1ebfc t\u1eeb \u0110\u1ee9c. B\u1ebfp c\u00f3 thi\u1ebft k\u1ebf sang tr\u1ecdng, hi\u1ec7n \u0111\u1ea1i theo phong c\u00e1ch Ch\u00e2u \u00c2u, \u1ee9ng d\u1ee5ng c\u00f4ng ngh\u1ec7 Inverter th\u00f4ng minh v\u01b0\u1ee3t tr\u1ed9i gi\u00fap ti\u1ebft ki\u1ec7m \u0111i\u1ec7n n\u0103ng t\u1ed1i \u0111a.<\/h3>\n<figure id=\"attachment_9425\" aria-describedby=\"caption-attachment-9425\" style=\"width: 1200px\" class=\"wp-caption alignnone\"><img loading=\"lazy\" decoding=\"async\" class=\"wp-image-9425 size-full\" src=\"https:\/\/livinghome.vn\/thiet-bi\/wp-content\/uploads\/nha-bep\/chefs\/bep-tu\/bep-tu-chefs-eh-dih896\/bep-tu-chefs-dih8962.jpg\" alt=\"B\u1ebfp t\u1eeb Chefs EH-DIH896 sang tr\u1ecdng hi\u1ec7n \u0111\u1ea1i\" width=\"1200\" height=\"679\" title=\"\" srcset=\"https:\/\/livinghome.vn\/thiet-bi\/wp-content\/uploads\/nha-bep\/chefs\/bep-tu\/bep-tu-chefs-eh-dih896\/bep-tu-chefs-dih8962.jpg 1200w, https:\/\/livinghome.vn\/thiet-bi\/wp-content\/uploads\/nha-bep\/chefs\/bep-tu\/bep-tu-chefs-eh-dih896\/bep-tu-chefs-dih8962-600x340.jpg 600w, https:\/\/livinghome.vn\/thiet-bi\/wp-content\/uploads\/nha-bep\/chefs\/bep-tu\/bep-tu-chefs-eh-dih896\/bep-tu-chefs-dih8962-707x400.jpg 707w, https:\/\/livinghome.vn\/thiet-bi\/wp-content\/uploads\/nha-bep\/chefs\/bep-tu\/bep-tu-chefs-eh-dih896\/bep-tu-chefs-dih8962-768x435.jpg 768w\" sizes=\"auto, (max-width: 1200px) 100vw, 1200px\" \/><figcaption id=\"caption-attachment-9425\" class=\"wp-caption-text\">B\u1ebfp t\u1eeb Chefs EH-DIH896 sang tr\u1ecdng hi\u1ec7n \u0111\u1ea1i<\/figcaption><\/figure>\n<p><strong>C\u00c1C T\u00cdNH N\u0102NG \u01afU VI\u1ec6T C\u1ee6A B\u1ebeP T\u1eea CHEFS EH-DIH896<\/strong><\/p>\n<p><strong>Giao di\u1ec7n hi\u1ec7n \u0111\u1ea1i &amp; sang tr\u1ecdng<\/strong><\/p>\n<p>Chef\u2019s EH-DIH896 s\u1eed d\u1ee5ng m\u1eb7t k\u00ednh Schott Ceran ch\u1ed1ng tr\u1ea7y x\u01b0\u1edbc, h\u1ea1n ch\u1ebf b\u00e1m b\u1ea9n, d\u1ec5 d\u00e0ng v\u1ec7 sinh, lau ch\u00f9i. M\u1eb7t k\u00ednh \u0111\u01b0\u1ee3c bo vi\u1ec1n nh\u00f4m 2 c\u1ea1nh b\u00ean,\u00a0b\u1ea3o v\u1ec7 m\u1eb7t k\u00ednh.<\/p>\n<p>2 v\u00f9ng n\u1ea5u \u0111\u01b0\u1ee3c th\u1ec3 hi\u1ec7n\u00a0t\u1ed1i gi\u1ea3n m\u00e0 l\u1ea1i sang tr\u1ecdng, t\u1ea1o n\u00ean \u0111i\u1ec3m nh\u1ea5n \u1ea5n t\u01b0\u1ee3ng cho b\u1ebfp.<\/p>\n<p>B\u1ebfp thi\u1ebft k\u1ebf\u00a02 b\u1ea3ng \u0111i\u1ec1u khi\u1ec3n cho 2 v\u00f9ng n\u1ea5u, ph\u00edm \u0111i\u1ec1u khi\u1ec3n th\u1ec3 hi\u1ec7n \u0111\u01a1n gi\u1ea3n, d\u1ec5 d\u00e0ng nh\u1eadn bi\u1ebft \u0111\u1ec3 thao t\u00e1c. B\u00e0n ph\u00edm \u0111i\u1ec1u khi\u1ec3n d\u1ea1ng tr\u01b0\u1ee3t slide hi\u1ec7n \u0111\u1ea1i, s\u1eed d\u1ee5ng si\u00eau nh\u1ea1y k\u1ec3 c\u1ea3 khi tay \u01b0\u1edbt.<\/p>\n<p>&nbsp;<\/p>\n<figure id=\"attachment_9426\" aria-describedby=\"caption-attachment-9426\" style=\"width: 1200px\" class=\"wp-caption alignnone\"><img loading=\"lazy\" decoding=\"async\" class=\"wp-image-9426 size-full\" src=\"https:\/\/livinghome.vn\/thiet-bi\/wp-content\/uploads\/nha-bep\/chefs\/bep-tu\/bep-tu-chefs-eh-dih896\/bep-tu-chefs-dih8963.jpg\" alt=\"B\u1ebfp t\u1eeb Chefs EH-DIH896 sang tr\u1ecdng hi\u1ec7n \u0111\u1ea1i\" width=\"1200\" height=\"679\" title=\"\" srcset=\"https:\/\/livinghome.vn\/thiet-bi\/wp-content\/uploads\/nha-bep\/chefs\/bep-tu\/bep-tu-chefs-eh-dih896\/bep-tu-chefs-dih8963.jpg 1200w, https:\/\/livinghome.vn\/thiet-bi\/wp-content\/uploads\/nha-bep\/chefs\/bep-tu\/bep-tu-chefs-eh-dih896\/bep-tu-chefs-dih8963-600x340.jpg 600w, https:\/\/livinghome.vn\/thiet-bi\/wp-content\/uploads\/nha-bep\/chefs\/bep-tu\/bep-tu-chefs-eh-dih896\/bep-tu-chefs-dih8963-707x400.jpg 707w, https:\/\/livinghome.vn\/thiet-bi\/wp-content\/uploads\/nha-bep\/chefs\/bep-tu\/bep-tu-chefs-eh-dih896\/bep-tu-chefs-dih8963-768x435.jpg 768w\" sizes=\"auto, (max-width: 1200px) 100vw, 1200px\" \/><figcaption id=\"caption-attachment-9426\" class=\"wp-caption-text\">B\u1ebfp t\u1eeb Chefs EH-DIH896 sang tr\u1ecdng hi\u1ec7n \u0111\u1ea1i<\/figcaption><\/figure>\n<p><strong>\u0110un n\u1ea5u nhanh h\u01a1n v\u1edbi t\u00ednh n\u0103ng booster, ti\u1ebft ki\u1ec7m th\u1eddi gian<\/strong><\/p>\n<p>Hai v\u00f9ng n\u1ea5u c\u1ee7a b\u1ebfp \u0111\u1ec1u c\u00f3 c\u00f4ng su\u1ea5t 2300W, trang b\u1ecb th\u00eam t\u00ednh n\u0103ng gia nhi\u1ec7t nhanh Booster l\u00ean t\u1edbi 3700W\u00a0tr\u00ean m\u1ed7i v\u00f9ng n\u1ea5u. C\u00f4ng su\u1ea5t\u00a0l\u1edbn\u00a0gi\u00fap c\u00e1c m\u00f3n \u0103n \u0111\u01b0\u1ee3c n\u1ea5u ch\u00edn nhanh h\u01a1n, ti\u1ebft ki\u1ec7m th\u1eddi gian n\u1ea5u n\u01b0\u1edbng.<\/p>\n<p>B\u1ebfp c\u00f3 t\u00ednh n\u0103ng t\u1ef1 \u0111\u1ed9ng chia s\u1ebb c\u00f4ng su\u1ea5t, t\u1ed1i \u0111a 4000W. Khi s\u1eed d\u1ee5ng \u0111\u1ed3ng th\u1eddi 2 v\u00f9ng n\u1ea5u, n\u1ebfu t\u1ed5ng c\u00f4ng su\u1ea5t \u0111ang \u0111\u1ea1t 4000W, khi m\u1ed9t v\u00f9ng n\u1ea5u t\u0103ng c\u00f4ng su\u1ea5t th\u00ec v\u00f9ng n\u1ea5u c\u00f2n l\u1ea1i s\u1ebd t\u1ef1 \u0111\u1ed9ng gi\u1ea3m \u0111\u1ec3 \u0111\u1ea3m b\u1ea3o duy tr\u00ec \u1edf m\u1ee9c c\u00f4ng su\u1ea5t t\u1ed1i \u0111a. \u0110i\u1ec1u n\u00e0y gi\u00fap b\u1ea3o v\u1ec7 ngu\u1ed3n \u0111i\u1ec7n, b\u1ea3o v\u1ec7 b\u1ebfp v\u00e0 t\u0103ng tu\u1ed5i th\u1ecd cho b\u1ebfp.<\/p>\n<p><strong>Kh\u00f3a tr\u1ebb em an to\u00e0n, \u0111\u1ea3m b\u1ea3o vi\u1ec7c \u0111un n\u1ea5u<\/strong><\/p>\n<p>T\u00ednh n\u0103ng n\u00e0y ph\u00f9 h\u1ee3p cho nh\u1eefng gia \u0111\u00ecnh c\u00f3 tr\u1ebb nh\u1ecf, khi b\u1ebfp \u0111ang ho\u1ea1t \u0111\u1ed9ng ch\u1ec9 c\u1ea7n m\u1ed9t thao t\u00e1c \u0111\u01a1n gi\u1ea3n tr\u00ean b\u1ebfp l\u00e0 b\u1ea1n c\u00f3 th\u1ec3 y\u00ean t\u00e2m kh\u00f4ng s\u1ee3 tr\u1ebb em ph\u00e1 b\u1ea5m lo\u1ea1n c\u00e1c n\u00fat ch\u1ee9c n\u0103ng, Gi\u00fap \u0111\u1ea3m b\u1ea3o an to\u00e0n cho tr\u1ebb v\u00e0 vi\u1ec7c \u0111un n\u1ea5u kh\u00f4ng b\u1ecb gi\u00e1n \u0111o\u1ea1n.<\/p>\n<p><strong>Ninh h\u1ea7m t\u1ef1 \u0111\u1ed9ng:<\/strong>\u00a0Khi k\u00edch ho\u1ea1t t\u00ednh n\u0103ng n\u00e0y, c\u00f4ng su\u1ea5t c\u1ee7a v\u00f9ng n\u1ea5u \u0111\u01b0\u1ee3c thay \u0111\u1ed5i l\u00ean m\u1ee9c cao nh\u1ea5t ( m\u1ee9c 9), trong kho\u1ea3ng th\u1eddi gian t\u1eeb 3-5 ph\u00fat. Sau th\u1eddi gian n\u00e0y, b\u1ebfp s\u1ebd t\u1ef1 \u0111\u1ed9ng chuy\u1ec3n v\u1ec1 m\u1ee9c c\u00f4ng su\u1ea5t ban \u0111\u1ea7u. Mu\u1ed1n t\u1eaft t\u00ednh n\u0103ng n\u00e0y ch\u1ec9 c\u1ea7n thay \u0111\u1ed5i c\u00f4ng su\u1ea5t b\u1ebfp. T\u00ednh n\u0103ng ph\u00f9 h\u1ee3p v\u1edbi c\u00e1c m\u00f3n ninh h\u1ea7m.<\/p>\n<p><strong>\u1ee6 \u1ea5m\/Warming<\/strong>\u00a0:Khi v\u00f9ng n\u1ea5u \u0111\u01b0\u1ee3c k\u00edch ho\u1ea1t t\u00ednh n\u0103ng Warming, s\u1ebd c\u00f3 3 m\u1ee9c \u1ee7 \u1ea5m t\u01b0\u01a1ng \u1ee9ng v\u1edbi 3 m\u1ee9c nhi\u1ec7t t\u00f9y ch\u1ecdn (65\u00b0C,75\u00b0C,85\u00b0C). Ch\u1ec9 c\u1ea7n \u0111i\u1ec1u ch\u1ec9nh m\u1ee9c nhi\u1ec7t mong mu\u1ed1n, b\u1ebfp s\u1ebd h\u00e2m n\u00f3ng v\u00e0 duy tr\u00ec \u1ed5n \u0111\u1ecbnh \u1edf m\u1ee9c nhi\u1ec7t \u0111\u00f3. T\u00ednh n\u0103ng n\u00e0y v\u00f4 c\u00f9ng ti\u1ec7n l\u1ee3i, ph\u00f9 h\u1ee3p \u0111\u1ec3 gi\u1eef \u1ea5m m\u00f3n \u0103n, \u0111\u1eb7c bi\u1ec7t v\u1edbi nh\u1eefng gia \u0111\u00ecnh c\u00f3 con nh\u1ecf c\u00f3 th\u1ec3 \u1ee9ng d\u1ee5ng \u0111\u1ec3 h\u00e2m s\u1eefa, s\u1eefa s\u1ebd \u0111c \u1ee7 \u1ea5m m\u00e0 kh\u00f4ng b\u1ecb qu\u00e1 n\u00f3ng, l\u00e0m m\u1ea5t ch\u1ea5t dinh d\u01b0\u1ee1ng.<\/p>\n<p>D\u1eebng b\u1ebfp t\u1ea1m th\u1eddi\u00a0<strong>Pause<\/strong>: Trong khi b\u1ebfp \u0111ang t\u1ea1m d\u1eebng, ph\u1ea7n c\u00f4ng su\u1ea5t c\u1ee7a t\u1eebng v\u00f9ng n\u1ea5u s\u1ebd kh\u00f4ng ho\u1ea1t \u0111\u1ed9ng. C\u00e1c ch\u1ee9c n\u0103ng c\u1ee7a b\u1ebfp s\u1ebd \u0111\u01b0\u1ee3c l\u01b0u gi\u1eef v\u00e0 b\u1ed9 nh\u1edb.\u00a0B\u1ebfp s\u1ebd t\u1ea1m d\u1eebng trong kho\u1ea3ng 10 ph\u00fat.\u00a0Sau th\u1eddi gian \u0111\u00f3, b\u1ebfp s\u1ebd t\u1ef1 t\u1eaft n\u1ebfu kh\u00f4ng \u0111\u01b0\u1ee3c kh\u00f4i ph\u1ee5c ho\u1ea1t \u0111\u1ed9ng.<\/p>\n<figure id=\"attachment_9428\" aria-describedby=\"caption-attachment-9428\" style=\"width: 1200px\" class=\"wp-caption alignnone\"><img loading=\"lazy\" decoding=\"async\" class=\"wp-image-9428 size-full\" src=\"https:\/\/livinghome.vn\/thiet-bi\/wp-content\/uploads\/nha-bep\/chefs\/bep-tu\/bep-tu-chefs-eh-dih896\/bep-tu-chefs-dih8966.jpg\" alt=\"B\u1ebfp t\u1eeb Chefs EH-DIH896 sang tr\u1ecdng hi\u1ec7n \u0111\u1ea1i\" width=\"1200\" height=\"675\" title=\"\" srcset=\"https:\/\/livinghome.vn\/thiet-bi\/wp-content\/uploads\/nha-bep\/chefs\/bep-tu\/bep-tu-chefs-eh-dih896\/bep-tu-chefs-dih8966.jpg 1200w, https:\/\/livinghome.vn\/thiet-bi\/wp-content\/uploads\/nha-bep\/chefs\/bep-tu\/bep-tu-chefs-eh-dih896\/bep-tu-chefs-dih8966-600x338.jpg 600w, https:\/\/livinghome.vn\/thiet-bi\/wp-content\/uploads\/nha-bep\/chefs\/bep-tu\/bep-tu-chefs-eh-dih896\/bep-tu-chefs-dih8966-711x400.jpg 711w, https:\/\/livinghome.vn\/thiet-bi\/wp-content\/uploads\/nha-bep\/chefs\/bep-tu\/bep-tu-chefs-eh-dih896\/bep-tu-chefs-dih8966-768x432.jpg 768w\" sizes=\"auto, (max-width: 1200px) 100vw, 1200px\" \/><figcaption id=\"caption-attachment-9428\" class=\"wp-caption-text\">B\u1ebfp t\u1eeb Chefs EH-DIH896 sang tr\u1ecdng hi\u1ec7n \u0111\u1ea1i<\/figcaption><\/figure>\n<h3>T\u00ednh n\u0103ng s\u1ea3n ph\u1ea9m<\/h3>\n<ul>\n<li><a href=\"https:\/\/livinghome.vn\/thiet-bi\/bep-tu\/\">B\u1ebfp t\u1eeb<\/a> &#8211; B\u1ebfp k\u00ednh \u00e2m 2 t\u1eeb<\/li>\n<li>B\u1ebfp t\u1eeb \u0111\u00f4i EH-DIH896 \u1ee9ng d\u1ee5ng c\u00f4ng ngh\u1ec7 Inverter th\u00f4ng minh v\u01b0\u1ee3t tr\u1ed9i<\/li>\n<li>M\u1eb7t k\u00ednh ceramic ch\u1ecbu nhi\u1ec7t Schott Ceran v\u00e1t c\u1ea1nh &#8211; Germany<\/li>\n<li>C\u00f4ng su\u1ea5t c\u1ef1c l\u1edbn v\u1edbi t\u00ednh n\u0103ng n\u1ea5u nhanh Booster-max 3700W\/22cm<\/li>\n<li>B\u00e0n ph\u00edm \u0111i\u1ec1u khi\u1ec3n d\u1ea1ng tr\u01b0\u1ee3t Slide, 9 m\u1ee9c c\u00f4ng su\u1ea5t + Booster<\/li>\n<li>T\u00ednh n\u0103ng h\u00e2m n\u00f3ng \u1edf nhi\u1ec1u m\u1ee9c: 65 \u0111\u1ed9 C, 75 \u0111\u1ed9 C, 85 \u0111\u1ed9 C<\/li>\n<li>T\u00ednh n\u0103ng t\u1ea1m d\u1eebng pause<\/li>\n<li>T\u00ednh n\u0103ng n\u1ea5u th\u00f4ng minh Heat up time Automatic<\/li>\n<li>T\u00ednh n\u0103ng h\u1eb9n gi\u1edd cho t\u1eebng v\u00f9ng n\u1ea5u, th\u1eddi gian h\u1eb9n \u0111\u1ebfn 1h 59 ph\u00fat<\/li>\n<li>T\u1ef1 \u0111\u1ed9ng chia s\u1ebb c\u00f4ng su\u1ea5t gi\u1eefa hai v\u00f9ng n\u1ea5u, max 4000W<\/li>\n<\/ul>\n<h3>T\u00ednh n\u0103ng an to\u00e0n<\/h3>\n<ul>\n<li>C\u1ea3nh b\u00e1o nhi\u1ec7t d\u01b0 v\u00f9ng n\u1ea5u Residual heat<\/li>\n<li>Kh\u00f3a an to\u00e0n tr\u1ebb em Child lock<\/li>\n<li>T\u1ef1 \u0111\u1ed9ng t\u1eaft b\u1ebfp khi \u0111\u1ec3 qu\u00ean Automatic switching off<\/li>\n<li>T\u1ef1 \u0111\u1ed9ng t\u1eaft b\u1ebfp khi kh\u00f4ng c\u00f3 n\u1ed3i ( tr\u00ean b\u1ebfp t\u1eeb) Pot detection<\/li>\n<li>H\u1ec7 th\u1ed1ng b\u1ea3o v\u1ec7 an to\u00e0n qu\u00e1 nhi\u1ec7t, qu\u00e1 \u00e1p<\/li>\n<\/ul>\n<h3>Th\u00f4ng s\u1ed1 k\u1ef9 thu\u1eadt<\/h3>\n<ul>\n<li>\u0110i\u1ec7n \u00e1p: 220V\/50Hz<\/li>\n<li>C\u00f4ng su\u1ea5t: max 4000W (ph\u1ea3i 2300W Booster 3700W), tr\u00e1i 2300W( Booster 3700W)<\/li>\n<li>K\u00edch th\u01b0\u1edbc ( d\u00e0i x r\u1ed9ng x cao): 760x450x60 mm<\/li>\n<li>K\u00edch th\u01b0\u1edbc kho\u00e9t l\u1ed7: 670x370mm<\/li>\n<li>Tr\u1ecdng l\u01b0\u1ee3ng: 8.0kg<\/li>\n<\/ul>\n<p>&nbsp;<\/p>\n<figure id=\"attachment_9412\" aria-describedby=\"caption-attachment-9412\" style=\"width: 1200px\" class=\"wp-caption alignnone\"><img loading=\"lazy\" decoding=\"async\" class=\"wp-image-9412 size-full\" src=\"https:\/\/livinghome.vn\/thiet-bi\/wp-content\/uploads\/nha-bep\/chefs\/bep-tu\/bep-tu-chefs-eh-dih868\/bep-tu-chefs-dih8688.jpg\" alt=\"B\u1ebfp t\u1eeb Chefs EH-DIH868 k\u00ednh Schott Ceran si\u00eau b\u1ec1n\" width=\"1200\" height=\"675\" title=\"\" srcset=\"https:\/\/livinghome.vn\/thiet-bi\/wp-content\/uploads\/nha-bep\/chefs\/bep-tu\/bep-tu-chefs-eh-dih868\/bep-tu-chefs-dih8688.jpg 1200w, https:\/\/livinghome.vn\/thiet-bi\/wp-content\/uploads\/nha-bep\/chefs\/bep-tu\/bep-tu-chefs-eh-dih868\/bep-tu-chefs-dih8688-600x338.jpg 600w, https:\/\/livinghome.vn\/thiet-bi\/wp-content\/uploads\/nha-bep\/chefs\/bep-tu\/bep-tu-chefs-eh-dih868\/bep-tu-chefs-dih8688-711x400.jpg 711w, https:\/\/livinghome.vn\/thiet-bi\/wp-content\/uploads\/nha-bep\/chefs\/bep-tu\/bep-tu-chefs-eh-dih868\/bep-tu-chefs-dih8688-768x432.jpg 768w\" sizes=\"auto, (max-width: 1200px) 100vw, 1200px\" \/><figcaption id=\"caption-attachment-9412\" class=\"wp-caption-text\">B\u1ebfp t\u1eeb Chefs EH-DIH868 k\u00ednh Schott Ceran si\u00eau b\u1ec1n<\/figcaption><\/figure>\n<h3>Xu\u1ea5t x\u1ee9:<\/h3>\n<div><\/div>\n","protected":false},"excerpt":{"rendered":"<p>B\u1ebfp t\u1eeb \u0111\u00f4i EH-DIH896 \u1ee9ng d\u1ee5ng c\u00f4ng ngh\u1ec7 Inverter th\u00f4ng minh v\u01b0\u1ee3t tr\u1ed9i<br \/>\nM\u1eb7t k\u00ednh ceramic ch\u1ecbu nhi\u1ec7t Schott Ceran v\u00e1t c\u1ea1nh &#8211; Germany<br \/>\nC\u00f4ng su\u1ea5t c\u1ef1c l\u1edbn v\u1edbi t\u00ednh n\u0103ng n\u1ea5u nhanh Booster-max 3700W\/22cm<br \/>\nB\u00e0n ph\u00edm \u0111i\u1ec1u khi\u1ec3n d\u1ea1ng tr\u01b0\u1ee3t Slide, 9 m\u1ee9c c\u00f4ng su\u1ea5t + Booster<br \/>\nT\u00ednh n\u0103ng h\u00e2m n\u00f3ng \u1edf nhi\u1ec1u m\u1ee9c: 65 \u0111\u1ed9 C, 75 \u0111\u1ed9 C, 85 \u0111\u1ed9 C<br \/>\nT\u00ednh n\u0103ng t\u1ea1m d\u1eebng pause<br \/>\nT\u00ednh n\u0103ng n\u1ea5u th\u00f4ng minh Heat up time Automatic<br \/>\nT\u00ednh n\u0103ng h\u1eb9n gi\u1edd cho t\u1eebng v\u00f9ng n\u1ea5u, th\u1eddi gian h\u1eb9n \u0111\u1ebfn 1h 59 ph\u00fat<br \/>\nT\u1ef1 \u0111\u1ed9ng chia s\u1ebb c\u00f4ng su\u1ea5t gi\u1eefa hai v\u00f9ng n\u1ea5u, max 4000W<\/p>\n","protected":false},"featured_media":9424,"comment_status":"open","ping_status":"closed","template":"","meta":[],"product_brand":[],"product_cat":[745,794,813,796,809,799,802,807,75,756,795,755],"product_tag":[310,76,77,168,758,111,757],"class_list":{"0":"post-9420","1":"product","2":"type-product","3":"status-publish","4":"has-post-thumbnail","6":"product_cat-bep-dien-tu","7":"product_cat-bep-2-tu","8":"product_cat-bep-dien-tu-chung-cu","9":"product_cat-bep-dien-tu-doi","10":"product_cat-bep-dien-tu-duc-germany","11":"product_cat-bep-dien-tu-hinh-chu-nhat","12":"product_cat-bep-dien-tu-mat-kinh-schott-ceran","13":"product_cat-bep-dien-tu-tiet-kiem-dien","14":"product_cat-bep-tu","15":"product_cat-bep-tu-chefs","16":"product_cat-bep-tu-doi","17":"product_cat-thuong-hieu-chefs","18":"product_tag-bep-nau","19":"product_tag-bep-tu","20":"product_tag-bep-tu-2-vung-nau","21":"product_tag-bep-tu-am","22":"product_tag-bep-tu-chefs","23":"product_tag-bep-tu-doi","24":"product_tag-chefs","26":"first","27":"instock","28":"sale","29":"shipping-taxable","30":"purchasable","31":"product-type-simple"},"_links":{"self":[{"href":"https:\/\/livinghome.vn\/thiet-bi\/wp-json\/wp\/v2\/product\/9420","targetHints":{"allow":["GET"]}}],"collection":[{"href":"https:\/\/livinghome.vn\/thiet-bi\/wp-json\/wp\/v2\/product"}],"about":[{"href":"https:\/\/livinghome.vn\/thiet-bi\/wp-json\/wp\/v2\/types\/product"}],"replies":[{"embeddable":true,"href":"https:\/\/livinghome.vn\/thiet-bi\/wp-json\/wp\/v2\/comments?post=9420"}],"wp:featuredmedia":[{"embeddable":true,"href":"https:\/\/livinghome.vn\/thiet-bi\/wp-json\/wp\/v2\/media\/9424"}],"wp:attachment":[{"href":"https:\/\/livinghome.vn\/thiet-bi\/wp-json\/wp\/v2\/media?parent=9420"}],"wp:term":[{"taxonomy":"product_brand","embeddable":true,"href":"https:\/\/livinghome.vn\/thiet-bi\/wp-json\/wp\/v2\/product_brand?post=9420"},{"taxonomy":"product_cat","embeddable":true,"href":"https:\/\/livinghome.vn\/thiet-bi\/wp-json\/wp\/v2\/product_cat?post=9420"},{"taxonomy":"product_tag","embeddable":true,"href":"https:\/\/livinghome.vn\/thiet-bi\/wp-json\/wp\/v2\/product_tag?post=9420"}],"curies":[{"name":"wp","href":"https:\/\/api.w.org\/{rel}","templated":true}]}}