{"id":941,"date":"2023-01-12T11:29:31","date_gmt":"2023-01-12T11:29:31","guid":{"rendered":"https:\/\/livinghome.vn\/thiet-bi\/?post_type=product&#038;p=941"},"modified":"2024-11-29T14:20:50","modified_gmt":"2024-11-29T07:20:50","slug":"tu-mat-ruou-kaff-kf-wc425l","status":"publish","type":"product","link":"https:\/\/livinghome.vn\/thiet-bi\/tu-mat-ruou-kaff-kf-wc425l\/","title":{"rendered":"T\u1ee7 m\u00e1t r\u01b0\u1ee3u Kaff KF-WC425L thi\u1ebft k\u1ebf \u0111\u1ee9ng \u0111\u1ed9c l\u1eadp"},"content":{"rendered":"<h2>T\u1ee7 m\u00e1t r\u01b0\u1ee3u Kaff KF-WC425L b\u1eb1ng g\u1ed7 c\u1ea1nh k\u1ec1 inox si\u00eau b\u1ec1n<\/h2>\n<figure id=\"attachment_56040\" aria-describedby=\"caption-attachment-56040\" style=\"width: 800px\" class=\"wp-caption alignnone\"><img loading=\"lazy\" decoding=\"async\" class=\"size-large wp-image-56040\" src=\"https:\/\/livinghome.vn\/thiet-bi\/wp-content\/uploads\/nha-bep\/kaff\/tu-ruou\/tu-mat-ruou-kaff-kf-wc425l\/tu-mat-ruou-kaff-kf-wc425l-800x800.jpg\" alt=\"T\u1ee7 m\u00e1t r\u01b0\u1ee3u Kaff KF-WC425L\" width=\"800\" height=\"800\" title=\"\"><figcaption id=\"caption-attachment-56040\" class=\"wp-caption-text\">T\u1ee7 m\u00e1t r\u01b0\u1ee3u Kaff KF-WC425L<\/figcaption><\/figure>\n<p>Th\u00f4ng s\u1ed1 k\u1ef9 thu\u1eadt<br \/>\n+ <a href=\"https:\/\/livinghome.vn\/product-category\/tu-ke-vach-ngan\/tu-ke-ruou\/\">T\u1ee7 b\u1ea3o qu\u1ea3n r\u01b0\u1ee3u<\/a> \u0111\u1ee9ng \u0111\u1ed9c l\u1eadp<\/p>\n<p>+ \u0110i\u1ec3u khi\u1ec3n n\u00fat b\u1ea5m c\u01a1 h\u1ecdc v\u00e0 c\u1ea3m \u1ee9ng<\/p>\n<p>+ C\u00e1c ng\u0103n r\u01b0\u1ee3u b\u1eb1ng g\u1ed7 v\u00e0 c\u1ea1nh vi\u1ec1n inox<\/p>\n<p>+ H\u1ec7 th\u1ed1ng ray tr\u01b0\u1ee3t 15 t\u1ea7ng cao c\u1ea5p<\/p>\n<p>+ C\u1eeda k\u00ednh 2 l\u1edbp ch\u1ed1ng tia UV<\/p>\n<p>+ Khung c\u1eeda \u0111\u00fac v\u00e0 tay n\u1eafm inox cao c\u1ea5p<\/p>\n<p>+ C\u00f4ng ngh\u1ec7 m\u1edbi s\u1ea5y k\u00ednh ch\u1ed1ng \u0111\u1ecdng s\u01b0\u01a1ng<\/p>\n<p>+ Ch\u1ed1ng \u0111\u00f4ng tuy\u1ebft<\/p>\n<p>+ Hai ng\u0103n hai t\u1ea7ng nhi\u1ec7t \u0111\u1ed9<\/p>\n<p>+ Nhi\u1ec7t \u0111\u1ed9 ng\u0103n tr\u00ean 5\u2070C \u2013 12\u2070C<\/p>\n<p>+ Nhi\u1ec7t \u0111\u1ed9 ng\u0103n d\u01b0\u1edbi 12\u2070C \u2013 22\u2070C<\/p>\n<p>+ \u0110\u1ed9 \u1ed3n 41dB<\/p>\n<p>+ Ngu\u1ed3n \u0111i\u1ec7n: 220-240V 50\/60Hz<\/p>\n<p>+ B\u00f3ng \u0111\u00e8n led: 2\u00d70.7W<\/p>\n<p>+ C\u00f4ng su\u1ea5t b\u01a1m c\u00f4ng ngh\u1ec7 bi\u1ebfn t\u1ea7n ti\u1ebft ki\u1ec7m \u0111i\u1ec7n n\u0103ng: 120W<\/p>\n<p>+ C\u00f4ng su\u1ea5t ti\u00eau th\u1ee5 b\u00ecnh qu\u00e2n: 0.133KWh\/24h<\/p>\n<p>+ Dung t\u00edch ch\u1ee9a 174 chai<\/p>\n<p>+ K\u00edch th\u01b0\u1edbc: W600 x D680 x H1800 mm<\/p>\n","protected":false},"excerpt":{"rendered":"<p>T\u1ee7 m\u00e1t r\u01b0\u1ee3u Kaff KF-WC425L b\u1eb1ng g\u1ed7 c\u1ea1nh k\u1ec1 inox si\u00eau b\u1ec1n Th\u00f4ng s\u1ed1 k\u1ef9 thu\u1eadt + T\u1ee7 b\u1ea3o qu\u1ea3n r\u01b0\u1ee3u \u0111\u1ee9ng \u0111\u1ed9c l\u1eadp + \u0110i\u1ec3u khi\u1ec3n n\u00fat b\u1ea5m c\u01a1 h\u1ecdc v\u00e0 c\u1ea3m \u1ee9ng + C\u00e1c ng\u0103n r\u01b0\u1ee3u b\u1eb1ng g\u1ed7 v\u00e0 c\u1ea1nh vi\u1ec1n inox + H\u1ec7 th\u1ed1ng ray tr\u01b0\u1ee3t 15 t\u1ea7ng cao c\u1ea5p + C\u1eeda [&#8230;]\n","protected":false},"featured_media":994,"comment_status":"open","ping_status":"closed","template":"","meta":[],"product_brand":[],"product_cat":[164,193],"product_tag":[167,194,195,196],"class_list":{"0":"post-941","1":"product","2":"type-product","3":"status-publish","4":"has-post-thumbnail","6":"product_cat-thuong-hieu-kaff","7":"product_cat-tu-uop-ruou","8":"product_tag-kaff","9":"product_tag-tu-ruou","10":"product_tag-tu-ruou-nhap-khau","11":"product_tag-tu-ruou-sang-trong","13":"first","14":"instock","15":"sale","16":"shipping-taxable","17":"purchasable","18":"product-type-simple"},"_links":{"self":[{"href":"https:\/\/livinghome.vn\/thiet-bi\/wp-json\/wp\/v2\/product\/941","targetHints":{"allow":["GET"]}}],"collection":[{"href":"https:\/\/livinghome.vn\/thiet-bi\/wp-json\/wp\/v2\/product"}],"about":[{"href":"https:\/\/livinghome.vn\/thiet-bi\/wp-json\/wp\/v2\/types\/product"}],"replies":[{"embeddable":true,"href":"https:\/\/livinghome.vn\/thiet-bi\/wp-json\/wp\/v2\/comments?post=941"}],"wp:featuredmedia":[{"embeddable":true,"href":"https:\/\/livinghome.vn\/thiet-bi\/wp-json\/wp\/v2\/media\/994"}],"wp:attachment":[{"href":"https:\/\/livinghome.vn\/thiet-bi\/wp-json\/wp\/v2\/media?parent=941"}],"wp:term":[{"taxonomy":"product_brand","embeddable":true,"href":"https:\/\/livinghome.vn\/thiet-bi\/wp-json\/wp\/v2\/product_brand?post=941"},{"taxonomy":"product_cat","embeddable":true,"href":"https:\/\/livinghome.vn\/thiet-bi\/wp-json\/wp\/v2\/product_cat?post=941"},{"taxonomy":"product_tag","embeddable":true,"href":"https:\/\/livinghome.vn\/thiet-bi\/wp-json\/wp\/v2\/product_tag?post=941"}],"curies":[{"name":"wp","href":"https:\/\/api.w.org\/{rel}","templated":true}]}}