{"id":940,"date":"2023-01-12T11:29:31","date_gmt":"2023-01-12T11:29:31","guid":{"rendered":"https:\/\/livinghome.vn\/thiet-bi\/?post_type=product&#038;p=940"},"modified":"2024-11-29T14:20:50","modified_gmt":"2024-11-29T07:20:50","slug":"tu-lanh-kaff-kf-sbs600glass","status":"publish","type":"product","link":"https:\/\/livinghome.vn\/thiet-bi\/tu-lanh-kaff-kf-sbs600glass\/","title":{"rendered":"T\u1ee7 l\u1ea1nh Kaff KF-SBS600GLASS Side By Side m\u1eb7t k\u00ednh 2 c\u00e1nh hi\u1ec7n \u0111\u1ea1i"},"content":{"rendered":"<h2>T\u1ee7 l\u1ea1nh Kaff KF-SBS600GLASS thi\u1ebft k\u1ebf m\u00e0u \u0111en huy\u1ec1n b\u00ed v\u1edbi m\u1ee9c c\u00f4ng su\u1ea5t c\u1ef1c l\u1edbn<\/h2>\n<figure id=\"attachment_45529\" aria-describedby=\"caption-attachment-45529\" style=\"width: 800px\" class=\"wp-caption alignnone\"><img loading=\"lazy\" decoding=\"async\" class=\"size-large wp-image-45529\" src=\"https:\/\/livinghome.vn\/thiet-bi\/wp-content\/uploads\/nha-bep\/kaff\/tu-lanh\/tu-lanh-kaff-kf-bcd600glass\/tu-lanh-kaff-kf-bcd600glass-800x800.jpg\" alt=\"T\u1ee7 l\u1ea1nh Kaff KF-SBS600GLASS\" width=\"800\" height=\"800\" title=\"\"><figcaption id=\"caption-attachment-45529\" class=\"wp-caption-text\">T\u1ee7 l\u1ea1nh Kaff KF-SBS600GLASS<\/figcaption><\/figure>\n<p>Th\u00f4ng S\u1ed1 K\u1ef9 Thu\u1eadt:<\/p>\n<p>\u2013 <a href=\"https:\/\/livinghome.vn\/product-category\/nha-bep\/tu-lanh\/\">T\u1ee7 l\u1ea1nh<\/a> Side By Side m\u1eb7t k\u00ednh 2 c\u00e1nh<\/p>\n<p>\u2013 T\u1ed5ng dung t\u00edch (Total Gross Volume) 573 L<\/p>\n<p>+ Dung t\u00edch ng\u0103n \u0111\u00f4ng (Gross Freezer Volume): 234 L<\/p>\n<p>+ Dung t\u00edch ng\u0103n l\u1ea1nh (Gross Refrigerator Volume): 339 L<\/p>\n<p>\u2013 Ti\u00eau chu\u1ea9n n\u0103ng l\u01b0\u1ee3ng A++ (Energy Efficiency Class)<\/p>\n<p>\u2013 \u0110\u1ed9 \u1ed3n 43 dB(A) (Noise)<\/p>\n<p>\u2013 Kh\u1ed1i l\u01b0\u1ee3ng thi\u1ebft b\u1ecb 108 Kg (Gross Weight 108kg)<\/p>\n<p>\u2013 C\u00f4ng su\u1ea5t l\u00e0m \u0111\u00e1 10Kg\/24h (Freezing Capacity 10kg\/24h)<\/p>\n<p>\u2013 Gi\u1eef l\u1ea1nh sau 7-10h khi ng\u1eaft ngu\u1ed3n \u0111i\u1ec7n (temperature rise value)<\/p>\n<p>\u2013 C\u00f4ng su\u1ea5t \u0111\u1ecbnh m\u1ee9c 175W (Rated Power)<\/p>\n<p>\u2013 \u0110i\u1ec7n n\u0103ng ti\u00eau th\u1ee5 (Energy Efficiency Class) 1.12kwh\/24h \u2013 409kwh\/n\u0103m<\/p>\n<p>\u2013 Ngu\u1ed3n \u0111i\u1ec7n s\u1eed d\u1ee5ng (Rated Voltage\/Frequency): 220V-240V\/50-60HZ, 2.5A<\/p>\n<p>\u2013 K\u00edch th\u01b0\u1edbc s\u1ea3n ph\u1ea9m (Product Dimensions(mm)(wxdxh)): 895x745x1788<\/p>\n","protected":false},"excerpt":{"rendered":"<p>T\u1ee7 l\u1ea1nh Kaff KF-SBS600GLASS thi\u1ebft k\u1ebf m\u00e0u \u0111en huy\u1ec1n b\u00ed v\u1edbi m\u1ee9c c\u00f4ng su\u1ea5t c\u1ef1c l\u1edbn Th\u00f4ng S\u1ed1 K\u1ef9 Thu\u1eadt: \u2013 T\u1ee7 l\u1ea1nh Side By Side m\u1eb7t k\u00ednh 2 c\u00e1nh \u2013 T\u1ed5ng dung t\u00edch (Total Gross Volume) 573 L + Dung t\u00edch ng\u0103n \u0111\u00f4ng (Gross Freezer Volume): 234 L + Dung t\u00edch ng\u0103n l\u1ea1nh (Gross [&#8230;]\n","protected":false},"featured_media":992,"comment_status":"open","ping_status":"closed","template":"","meta":[],"product_brand":[],"product_cat":[164,201],"product_tag":[167,203,204],"class_list":{"0":"post-940","1":"product","2":"type-product","3":"status-publish","4":"has-post-thumbnail","6":"product_cat-thuong-hieu-kaff","7":"product_cat-tu-lanh","8":"product_tag-kaff","9":"product_tag-tu-lanh","10":"product_tag-tu-lanh-kaff","12":"first","13":"instock","14":"sale","15":"shipping-taxable","16":"purchasable","17":"product-type-simple"},"_links":{"self":[{"href":"https:\/\/livinghome.vn\/thiet-bi\/wp-json\/wp\/v2\/product\/940","targetHints":{"allow":["GET"]}}],"collection":[{"href":"https:\/\/livinghome.vn\/thiet-bi\/wp-json\/wp\/v2\/product"}],"about":[{"href":"https:\/\/livinghome.vn\/thiet-bi\/wp-json\/wp\/v2\/types\/product"}],"replies":[{"embeddable":true,"href":"https:\/\/livinghome.vn\/thiet-bi\/wp-json\/wp\/v2\/comments?post=940"}],"wp:featuredmedia":[{"embeddable":true,"href":"https:\/\/livinghome.vn\/thiet-bi\/wp-json\/wp\/v2\/media\/992"}],"wp:attachment":[{"href":"https:\/\/livinghome.vn\/thiet-bi\/wp-json\/wp\/v2\/media?parent=940"}],"wp:term":[{"taxonomy":"product_brand","embeddable":true,"href":"https:\/\/livinghome.vn\/thiet-bi\/wp-json\/wp\/v2\/product_brand?post=940"},{"taxonomy":"product_cat","embeddable":true,"href":"https:\/\/livinghome.vn\/thiet-bi\/wp-json\/wp\/v2\/product_cat?post=940"},{"taxonomy":"product_tag","embeddable":true,"href":"https:\/\/livinghome.vn\/thiet-bi\/wp-json\/wp\/v2\/product_tag?post=940"}],"curies":[{"name":"wp","href":"https:\/\/api.w.org\/{rel}","templated":true}]}}