{"id":9378,"date":"2023-03-27T09:43:15","date_gmt":"2023-03-27T09:43:15","guid":{"rendered":"https:\/\/livinghome.vn\/thiet-bi\/?post_type=product&#038;p=9378"},"modified":"2024-11-29T14:19:15","modified_gmt":"2024-11-29T07:19:15","slug":"bep-tu-chefs-eh-dih366","status":"publish","type":"product","link":"https:\/\/livinghome.vn\/thiet-bi\/bep-tu-chefs-eh-dih366\/","title":{"rendered":"B\u1ebfp t\u1eeb Chefs EH DIH-366 thi\u1ebft k\u1ebf hi\u1ec7n \u0111\u1ea1i th\u1eddi th\u01b0\u1ee3ng"},"content":{"rendered":"<h3>S\u1edf h\u1eefu phong c\u00e1ch thi\u1ebft k\u1ebf hi\u1ec7n \u0111\u1ea1i r\u1ea5t th\u1eddi th\u01b0\u1ee3ng, chi\u1ebfc b\u1ebfp t\u1eeb Chefs EH DIH366 mang \u0111\u1ebfn cho kh\u00f4ng gian nh\u00e0 b\u1ebfp c\u1ee7a gia \u0111\u00ecnh b\u1ea1n m\u1ed9t s\u1ef1 sang tr\u1ecdng \u0111\u1ebfn chu\u1ea9n m\u1ef1c v\u1edbi m\u1eb7t k\u00ednh Schott Ceran v\u00e1t c\u1ea1nh m\u00e0u \u0111en tuy\u1ec1n nh\u00ecn l\u00e0 m\u00ea ngay. Giao di\u1ec7n v\u00f9ng n\u1ea5u tr\u00ean b\u1ebfp kh\u00e1c bi\u1ec7t ho\u00e0n to\u00e0n v\u00e0 c\u1ef1c k\u1ef3 n\u1ed5i b\u1eadt so v\u1edbi c\u00e1c m\u1eabu b\u1ebfp t\u1eeb \u0110\u1ee9c kh\u00e1c c\u1ee7a h\u00e3ng Chefs, hay th\u1eadm ch\u00ed v\u1edbi c\u00e1c th\u01b0\u01a1ng hi\u1ec7u b\u1ebfp kh\u00e1c.<\/h3>\n<figure id=\"attachment_9384\" aria-describedby=\"caption-attachment-9384\" style=\"width: 1200px\" class=\"wp-caption alignnone\"><img loading=\"lazy\" decoding=\"async\" class=\"wp-image-9384 size-full\" src=\"https:\/\/livinghome.vn\/thiet-bi\/wp-content\/uploads\/nha-bep\/chefs\/bep-tu\/bep-tu-chefs-eh-dih366\/bep-tu-chefs-dih3662.jpg\" alt=\"B\u1ebfp t\u1eeb Chefs EH DIH366 thi\u1ebft k\u1ebf hi\u1ec7n \u0111\u1ea1i th\u1eddi th\u01b0\u1ee3ng\" width=\"1200\" height=\"809\" title=\"\" srcset=\"https:\/\/livinghome.vn\/thiet-bi\/wp-content\/uploads\/nha-bep\/chefs\/bep-tu\/bep-tu-chefs-eh-dih366\/bep-tu-chefs-dih3662.jpg 1200w, https:\/\/livinghome.vn\/thiet-bi\/wp-content\/uploads\/nha-bep\/chefs\/bep-tu\/bep-tu-chefs-eh-dih366\/bep-tu-chefs-dih3662-600x405.jpg 600w, https:\/\/livinghome.vn\/thiet-bi\/wp-content\/uploads\/nha-bep\/chefs\/bep-tu\/bep-tu-chefs-eh-dih366\/bep-tu-chefs-dih3662-593x400.jpg 593w, https:\/\/livinghome.vn\/thiet-bi\/wp-content\/uploads\/nha-bep\/chefs\/bep-tu\/bep-tu-chefs-eh-dih366\/bep-tu-chefs-dih3662-1187x800.jpg 1187w, https:\/\/livinghome.vn\/thiet-bi\/wp-content\/uploads\/nha-bep\/chefs\/bep-tu\/bep-tu-chefs-eh-dih366\/bep-tu-chefs-dih3662-768x518.jpg 768w\" sizes=\"auto, (max-width: 1200px) 100vw, 1200px\" \/><figcaption id=\"caption-attachment-9384\" class=\"wp-caption-text\">B\u1ebfp t\u1eeb Chefs EH DIH366 thi\u1ebft k\u1ebf hi\u1ec7n \u0111\u1ea1i th\u1eddi th\u01b0\u1ee3ng<\/figcaption><\/figure>\n<p><strong>C\u00c1C T\u00cdNH N\u0102NG \u01afU VI\u1ec6T C\u1ee6A B\u1ebeP T\u1eea CHEFS EH-DIH889<\/strong><\/p>\n<p>M\u1ed9t \u0111i\u1ec3m s\u00e1ng n\u1eefa c\u1ee7a b\u1ebfp t\u1eeb Chefs EH DIH366 \u0111\u00f3 l\u00e0 giao di\u1ec7n m\u1edbi c\u1ee7a h\u1ec7 th\u1ed1ng \u0111i\u1ec1u khi\u1ec3n, nh\u1ecf g\u1ecdn \u0111\u01a1n gi\u1ea3n nh\u01b0ng v\u1eabn mang l\u1ea1i c\u1ea3m gi\u00e1c th\u1ef1c m\u01b0\u1ee3t m\u00e0 khi thao t\u00e1c, thanh tr\u01b0\u1ee3t slide d\u00f9ng chung cho c\u1ea3 2 v\u00f9ng n\u1ea5u tr\u00ean b\u1ebfp, k\u1ebft h\u1ee3p v\u1edbi c\u00e1c ph\u00edm ch\u1ee9c n\u0103ng ri\u00eang nh\u01b0 boost, pause, timer, warm&#8230;kh\u00f4ng t\u1ea1o c\u1ea3m gi\u00e1 kh\u00f3 d\u00f9ng cho ng\u01b0\u1eddi n\u1ed9i tr\u1ee3 nh\u01b0 c\u00e1c m\u1eabu b\u1ebfp t\u1eeb \u0110\u1ee9c kh\u00e1c.<\/p>\n<p><strong>T\u00ednh n\u0103ng hi\u1ec7n \u0111\u1ea1i, c\u00f4ng su\u1ea5t v\u1eeba ph\u1ea3i<\/strong><\/p>\n<p>Th\u00f4ng s\u1ed1 c\u00f4ng su\u1ea5t c\u1ee7a b\u1ebfp t\u1eeb Chefs EH DIH366:<\/p>\n<ul>\n<li>V\u00f9ng n\u1ea5u tr\u00e1i = v\u00f9ng n\u1ea5u ph\u1ea3i= 2400w<\/li>\n<li>T\u1ed5ng c\u00f4ng su\u1ea5t b\u1ebfp 4800w<\/li>\n<\/ul>\n<p>B\u1ebfp c\u00f3 kh\u1ea3 n\u0103ng d\u00f9ng \u0111\u1ed3ng th\u1eddi c\u1ea3 2 v\u00f9ng n\u1ea5u \u1edf ch\u1ee9c n\u0103ng booster, trong khi m\u1eabu b\u1ebfp DIH366 c\u0169 ch\u1ec9 s\u1eed d\u1ee5ng ch\u1ee9c n\u0103ng n\u00e0y tr\u00ean 1 v\u00f9ng n\u1ea5u m\u00e0 th\u00f4i.<\/p>\n<p>&nbsp;<\/p>\n<figure id=\"attachment_9375\" aria-describedby=\"caption-attachment-9375\" style=\"width: 1200px\" class=\"wp-caption alignnone\"><img loading=\"lazy\" decoding=\"async\" class=\"wp-image-9375 size-full\" src=\"https:\/\/livinghome.vn\/thiet-bi\/wp-content\/uploads\/nha-bep\/chefs\/bep-tu\/bep-tu-chefs-eh-dih889\/bep-tu-chefs-dih8896.jpg\" alt=\"B\u1ebfp t\u1eeb Chefs EH-DIH889 \u0111\u00f4i sang tr\u1ecdng ti\u1ebft ki\u1ec7m \u0111i\u1ec7n n\u0103ng\" width=\"1200\" height=\"675\" title=\"\" srcset=\"https:\/\/livinghome.vn\/thiet-bi\/wp-content\/uploads\/nha-bep\/chefs\/bep-tu\/bep-tu-chefs-eh-dih889\/bep-tu-chefs-dih8896.jpg 1200w, https:\/\/livinghome.vn\/thiet-bi\/wp-content\/uploads\/nha-bep\/chefs\/bep-tu\/bep-tu-chefs-eh-dih889\/bep-tu-chefs-dih8896-600x338.jpg 600w, https:\/\/livinghome.vn\/thiet-bi\/wp-content\/uploads\/nha-bep\/chefs\/bep-tu\/bep-tu-chefs-eh-dih889\/bep-tu-chefs-dih8896-711x400.jpg 711w, https:\/\/livinghome.vn\/thiet-bi\/wp-content\/uploads\/nha-bep\/chefs\/bep-tu\/bep-tu-chefs-eh-dih889\/bep-tu-chefs-dih8896-768x432.jpg 768w\" sizes=\"auto, (max-width: 1200px) 100vw, 1200px\" \/><figcaption id=\"caption-attachment-9375\" class=\"wp-caption-text\">B\u1ebfp t\u1eeb Chefs EH-DIH889 \u0111\u00f4i sang tr\u1ecdng ti\u1ebft ki\u1ec7m \u0111i\u1ec7n n\u0103ng<\/figcaption><\/figure>\n<p>V\u00ec l\u00e0 m\u1ed9t m\u1eabu b\u1ebfp t\u1eeb &#8220;made in Germany&#8221; n\u00ean ch\u1eafc ch\u1eafn EH DIH366 \u0111\u01b0\u1ee3c t\u00edch h\u1ee3p nh\u1eefng t\u00ednh n\u0103ng hi\u1ec7n \u0111\u1ea1i v\u00e0 th\u00f4ng m\u00ecnh nh\u01b0 booster max 2400w, t\u1ea1m d\u1eebng b\u1ebfp khi \u0111un n\u1ea5u, h\u00e2m n\u00f3ng th\u1ee9c \u0103n, h\u1eb9n gi\u1edd t\u1eaft b\u1ebfp th\u00f4ng minh, kh\u00f3a tr\u1ebb em, t\u1ef1 \u0111\u1ed9ng ng\u1eaft khi \u0111\u1ec3 qu\u00ean&#8230;t\u1ea5t c\u1ea3 s\u1ebd tr\u1ee3 gi\u00fap t\u1ed1i \u0111a cho c\u00e1c b\u1ea1n trong c\u00f4ng vi\u1ec7c n\u1ed9i tr\u1ee3 h\u1eb1ng ng\u00e0y.<\/p>\n<p>Th\u00eam v\u00e0o \u0111\u00f3 l\u00e0 c\u00e1c t\u00ednh n\u0103ng si\u00eau an to\u00e0n \u0111\u01b0\u1ee3c t\u00edch h\u1ee3p tr\u00ean b\u1ebfp \u0111\u1ec3 b\u00e0o v\u1eb9 tuy\u1ec7t \u0111\u1ed1i ng\u01b0\u1eddi s\u1eed d\u1ee5ng c\u0169ng nhu kh\u00f4ng gian nh\u00e0 b\u1ebfp c\u1ee7a gia \u0111\u00ecnh b\u1ea1n nh\u01b0: c\u1ea3nh b\u00e1o nhi\u1ec7t d\u01b0, t\u1ef1 t\u1eaft kh\u00f4ng kh\u00f4ng c\u00f3 n\u1ed3i ho\u1eb7c khi \u0111\u1ec3 qu\u00ean, h\u1ec7 th\u1ed1ng ch\u1ed1ng qu\u00e1 t\u1ea3i ho\u1eb7c qu\u00e1 nhi\u1ec7t.<\/p>\n<p>&nbsp;<\/p>\n<figure id=\"attachment_9382\" aria-describedby=\"caption-attachment-9382\" style=\"width: 1200px\" class=\"wp-caption alignnone\"><img loading=\"lazy\" decoding=\"async\" class=\"wp-image-9382 size-full\" src=\"https:\/\/livinghome.vn\/thiet-bi\/wp-content\/uploads\/nha-bep\/chefs\/bep-tu\/bep-tu-chefs-eh-dih366\/bep-tu-chefs-dih3663.jpg\" alt=\"B\u1ebfp t\u1eeb Chefs EH DIH366 thi\u1ebft k\u1ebf hi\u1ec7n \u0111\u1ea1i th\u1eddi th\u01b0\u1ee3ng\" width=\"1200\" height=\"675\" title=\"\" srcset=\"https:\/\/livinghome.vn\/thiet-bi\/wp-content\/uploads\/nha-bep\/chefs\/bep-tu\/bep-tu-chefs-eh-dih366\/bep-tu-chefs-dih3663.jpg 1200w, https:\/\/livinghome.vn\/thiet-bi\/wp-content\/uploads\/nha-bep\/chefs\/bep-tu\/bep-tu-chefs-eh-dih366\/bep-tu-chefs-dih3663-600x338.jpg 600w, https:\/\/livinghome.vn\/thiet-bi\/wp-content\/uploads\/nha-bep\/chefs\/bep-tu\/bep-tu-chefs-eh-dih366\/bep-tu-chefs-dih3663-711x400.jpg 711w, https:\/\/livinghome.vn\/thiet-bi\/wp-content\/uploads\/nha-bep\/chefs\/bep-tu\/bep-tu-chefs-eh-dih366\/bep-tu-chefs-dih3663-768x432.jpg 768w\" sizes=\"auto, (max-width: 1200px) 100vw, 1200px\" \/><figcaption id=\"caption-attachment-9382\" class=\"wp-caption-text\">B\u1ebfp t\u1eeb Chefs EH DIH366 thi\u1ebft k\u1ebf hi\u1ec7n \u0111\u1ea1i th\u1eddi th\u01b0\u1ee3ng<\/figcaption><\/figure>\n<h3>T\u00ednh n\u0103ng s\u1ea3n ph\u1ea9m<\/h3>\n<ul>\n<li><a href=\"https:\/\/livinghome.vn\/thiet-bi\/bep-tu\/\">B\u1ebfp t\u1eeb<\/a> &#8211; B\u1ebfp k\u00ednh \u00e2m 2 t\u1eeb<\/li>\n<li>\u0110un n\u1ea5u si\u00eau ti\u1ebft ki\u1ec7m v\u1edbi b\u1ebfp hai t\u1eeb EH-DIH366<\/li>\n<li>M\u1eb7t k\u00ednh ceramic ch\u1ecbu nhi\u1ec7t Schott Ceran v\u00e1t c\u1ea1nh \u2013 Germany<\/li>\n<li>Hai b\u1ebfp \u0111\u01b0\u1eddng k\u00ednh 22cm, c\u00f4ng su\u1ea5t 2000W, booster 2400W\/ 1 v\u00f9ng n\u1ea5u<\/li>\n<li>B\u00e0n ph\u00edm \u0111i\u1ec1u khi\u1ec3n d\u1ea1ng tr\u01b0\u1ee3t slide, 9 m\u1ee9c c\u00f4ng su\u1ea5t + booster<\/li>\n<li>H\u1eb9n gi\u1edd \u0111\u1ed9c l\u1eadp cho t\u1eebng v\u00f9ng n\u1ea5u, th\u1eddi gian h\u1eb9n \u0111\u1ebfn 99 ph\u00fat<\/li>\n<li>C\u00f4ng su\u1ea5t ri\u00eang bi\u1ec7t 2 v\u00f9ng n\u1ea5u, t\u1ed1i \u0111a l\u00ean \u0111\u1ebfn 4800W<\/li>\n<li>Gi\u00fap ti\u1ebft ki\u1ec7m th\u1eddi gian n\u1ea5u n\u01b0\u1edbng<\/li>\n<li>T\u00ednh n\u0103ng t\u1ea1m d\u1eebng n\u1ea5u Pause<\/li>\n<li>T\u00ednh n\u0103ng gi\u1eef \u1ea5m Keep warm<\/li>\n<\/ul>\n<h3>T\u00ednh n\u0103ng an to\u00e0n<\/h3>\n<ul>\n<li>C\u1ea3nh b\u00e1o nhi\u1ec7t d\u01b0 v\u00f9ng n\u1ea5u Residual heat<\/li>\n<li>Kh\u00f3a an to\u00e0n tr\u1ebb em Child lock<\/li>\n<li>T\u1ef1 \u0111\u1ed9ng t\u1eaft b\u1ebfp khi \u0111\u1ec3 qu\u00eanAutomatic switching off<\/li>\n<li>T\u1ef1 \u0111\u1ed9ng t\u1eaft b\u1ebfp khi kh\u00f4ng c\u00f3 n\u1ed3i (tr\u00ean b\u1ebfp t\u1eeb)<\/li>\n<li>H\u1ec7 th\u1ed1ng b\u1ea3o v\u1ec7 an to\u00e0n qu\u00e1 nhi\u1ec7t, qu\u00e1 \u00e1p<\/li>\n<\/ul>\n<h3>Th\u00f4ng s\u1ed1 k\u1ef9 thu\u1eadt<\/h3>\n<ul>\n<li>\u0110i\u1ec7n \u00e1p: 220-240V\/ 50-60Hz<\/li>\n<li>C\u00f4ng su\u1ea5t max: 4800W<\/li>\n<li>K\u00edch th\u01b0\u1edbc s\u1ea3n ph\u1ea9m (d\u00e0i x r\u1ed9ng x cao): 730x430x55mm<\/li>\n<li>K\u00edch th\u01b0\u1edbc l\u1eafp \u0111\u1eb7t: 710x410mm<\/li>\n<li>Tr\u1ecdng l\u01b0\u1ee3ng: 9kg<\/li>\n<\/ul>\n<p>&nbsp;<\/p>\n<figure id=\"attachment_9380\" aria-describedby=\"caption-attachment-9380\" style=\"width: 1200px\" class=\"wp-caption alignnone\"><img loading=\"lazy\" decoding=\"async\" class=\"wp-image-9380 size-full\" src=\"https:\/\/livinghome.vn\/thiet-bi\/wp-content\/uploads\/nha-bep\/chefs\/bep-tu\/bep-tu-chefs-eh-dih366\/bep-tu-chefs-dih3664.jpg\" alt=\"B\u1ebfp t\u1eeb Chefs EH DIH366 thi\u1ebft k\u1ebf hi\u1ec7n \u0111\u1ea1i th\u1eddi th\u01b0\u1ee3ng\" width=\"1200\" height=\"675\" title=\"\" srcset=\"https:\/\/livinghome.vn\/thiet-bi\/wp-content\/uploads\/nha-bep\/chefs\/bep-tu\/bep-tu-chefs-eh-dih366\/bep-tu-chefs-dih3664.jpg 1200w, https:\/\/livinghome.vn\/thiet-bi\/wp-content\/uploads\/nha-bep\/chefs\/bep-tu\/bep-tu-chefs-eh-dih366\/bep-tu-chefs-dih3664-600x338.jpg 600w, https:\/\/livinghome.vn\/thiet-bi\/wp-content\/uploads\/nha-bep\/chefs\/bep-tu\/bep-tu-chefs-eh-dih366\/bep-tu-chefs-dih3664-711x400.jpg 711w, https:\/\/livinghome.vn\/thiet-bi\/wp-content\/uploads\/nha-bep\/chefs\/bep-tu\/bep-tu-chefs-eh-dih366\/bep-tu-chefs-dih3664-768x432.jpg 768w\" sizes=\"auto, (max-width: 1200px) 100vw, 1200px\" \/><figcaption id=\"caption-attachment-9380\" class=\"wp-caption-text\">B\u1ebfp t\u1eeb Chefs EH DIH366 thi\u1ebft k\u1ebf hi\u1ec7n \u0111\u1ea1i th\u1eddi th\u01b0\u1ee3ng<\/figcaption><\/figure>\n<h3>Xu\u1ea5t x\u1ee9: \u0110\u1ee9c<\/h3>\n<div><\/div>\n","protected":false},"excerpt":{"rendered":"<p>\u0110un n\u1ea5u si\u00eau ti\u1ebft ki\u1ec7m v\u1edbi b\u1ebfp hai t\u1eeb EH-DIH366<br \/>\nM\u1eb7t k\u00ednh ceramic ch\u1ecbu nhi\u1ec7t Schott Ceran v\u00e1t c\u1ea1nh \u2013 Germany<br \/>\nHai b\u1ebfp \u0111\u01b0\u1eddng k\u00ednh 22cm, c\u00f4ng su\u1ea5t 2000W, booster 2400W\/ 1 v\u00f9ng n\u1ea5u<br \/>\nB\u00e0n ph\u00edm \u0111i\u1ec1u khi\u1ec3n d\u1ea1ng tr\u01b0\u1ee3t slide, 9 m\u1ee9c c\u00f4ng su\u1ea5t + booster<br \/>\nH\u1eb9n gi\u1edd \u0111\u1ed9c l\u1eadp cho t\u1eebng v\u00f9ng n\u1ea5u, th\u1eddi gian h\u1eb9n \u0111\u1ebfn 99 ph\u00fat<br \/>\nC\u00f4ng su\u1ea5t ri\u00eang bi\u1ec7t 2 v\u00f9ng n\u1ea5u, t\u1ed1i \u0111a l\u00ean \u0111\u1ebfn 4800W<br \/>\ngi\u00fap ti\u1ebft ki\u1ec7m th\u1eddi gian n\u1ea5u n\u01b0\u1edbng<br \/>\nT\u00ednh n\u0103ng t\u1ea1m d\u1eebng n\u1ea5u Pause<br \/>\nT\u00ednh n\u0103ng gi\u1eef \u1ea5m Keep warm<\/p>\n","protected":false},"featured_media":9381,"comment_status":"open","ping_status":"closed","template":"","meta":[],"product_brand":[],"product_cat":[745,794,813,796,809,799,802,807,75,756,795,755],"product_tag":[310,76,77,168,758,111,757],"class_list":{"0":"post-9378","1":"product","2":"type-product","3":"status-publish","4":"has-post-thumbnail","6":"product_cat-bep-dien-tu","7":"product_cat-bep-2-tu","8":"product_cat-bep-dien-tu-chung-cu","9":"product_cat-bep-dien-tu-doi","10":"product_cat-bep-dien-tu-duc-germany","11":"product_cat-bep-dien-tu-hinh-chu-nhat","12":"product_cat-bep-dien-tu-mat-kinh-schott-ceran","13":"product_cat-bep-dien-tu-tiet-kiem-dien","14":"product_cat-bep-tu","15":"product_cat-bep-tu-chefs","16":"product_cat-bep-tu-doi","17":"product_cat-thuong-hieu-chefs","18":"product_tag-bep-nau","19":"product_tag-bep-tu","20":"product_tag-bep-tu-2-vung-nau","21":"product_tag-bep-tu-am","22":"product_tag-bep-tu-chefs","23":"product_tag-bep-tu-doi","24":"product_tag-chefs","26":"first","27":"instock","28":"sale","29":"shipping-taxable","30":"purchasable","31":"product-type-simple"},"_links":{"self":[{"href":"https:\/\/livinghome.vn\/thiet-bi\/wp-json\/wp\/v2\/product\/9378","targetHints":{"allow":["GET"]}}],"collection":[{"href":"https:\/\/livinghome.vn\/thiet-bi\/wp-json\/wp\/v2\/product"}],"about":[{"href":"https:\/\/livinghome.vn\/thiet-bi\/wp-json\/wp\/v2\/types\/product"}],"replies":[{"embeddable":true,"href":"https:\/\/livinghome.vn\/thiet-bi\/wp-json\/wp\/v2\/comments?post=9378"}],"wp:featuredmedia":[{"embeddable":true,"href":"https:\/\/livinghome.vn\/thiet-bi\/wp-json\/wp\/v2\/media\/9381"}],"wp:attachment":[{"href":"https:\/\/livinghome.vn\/thiet-bi\/wp-json\/wp\/v2\/media?parent=9378"}],"wp:term":[{"taxonomy":"product_brand","embeddable":true,"href":"https:\/\/livinghome.vn\/thiet-bi\/wp-json\/wp\/v2\/product_brand?post=9378"},{"taxonomy":"product_cat","embeddable":true,"href":"https:\/\/livinghome.vn\/thiet-bi\/wp-json\/wp\/v2\/product_cat?post=9378"},{"taxonomy":"product_tag","embeddable":true,"href":"https:\/\/livinghome.vn\/thiet-bi\/wp-json\/wp\/v2\/product_tag?post=9378"}],"curies":[{"name":"wp","href":"https:\/\/api.w.org\/{rel}","templated":true}]}}