{"id":9367,"date":"2023-03-27T09:17:59","date_gmt":"2023-03-27T09:17:59","guid":{"rendered":"https:\/\/livinghome.vn\/thiet-bi\/?post_type=product&#038;p=9367"},"modified":"2024-11-29T14:19:15","modified_gmt":"2024-11-29T07:19:15","slug":"bep-tu-chefs-eh-dih889","status":"publish","type":"product","link":"https:\/\/livinghome.vn\/thiet-bi\/bep-tu-chefs-eh-dih889\/","title":{"rendered":"B\u1ebfp t\u1eeb Chefs EH-DIH889 \u0111\u00f4i sang tr\u1ecdng ti\u1ebft ki\u1ec7m \u0111i\u1ec7n n\u0103ng"},"content":{"rendered":"<h3>B\u1ebfp t\u1eeb CHEFS EH DIH889 \u0111\u01b0\u1ee3c trang b\u1ecb m\u1eb7t k\u00ednh Schott v\u00e1t c\u1ea1nh bo vi\u1ec1n nh\u00f4m \u0111\u1eb7c tr\u01b0ng m\u1edbi c\u1ee7a nh\u1eefng chi\u1ebfc b\u1ebfp c\u1ee7a h\u00e3ng Chefs hi\u1ec7n nay, gia di\u1ec7n v\u00f9ng n\u1ea5u l\u00e0 2 \u0111\u01b0\u1eddng gi\u1edbi h\u1ea1n song song theo ph\u01b0\u01a1ng ngang v\u00e0 kh\u00f4ng c\u00f3 \u0111\u01b0\u1eddng gi\u1edbi h\u1ea1n theo ph\u01b0\u01a1ng d\u1ecdc, khi\u1ebfn chi\u1ebfc b\u1ebfp tr\u1edf n\u00ean \u0111\u1ed9c \u0111\u00e1o, m\u1edbi m\u1ebb h\u01a1n. V\u00e0 c\u0169ng mang \u0111\u1ebfn m\u1ed9t c\u1ea3m gi\u00e1c l\u00e0 b\u1ea1n c\u00f3 m\u1ed9t kh\u00f4ng gian \u0111un n\u1ea5u r\u1ed9ng r\u00e3i h\u01a1n c\u00e1c m\u1eabu b\u1ebfp kh\u00e1c c\u00f3 c\u00f9ng k\u00edch th\u01b0\u1edbc.<\/h3>\n<figure id=\"attachment_9371\" aria-describedby=\"caption-attachment-9371\" style=\"width: 1200px\" class=\"wp-caption alignnone\"><img loading=\"lazy\" decoding=\"async\" class=\"wp-image-9371 size-full\" src=\"https:\/\/livinghome.vn\/thiet-bi\/wp-content\/uploads\/nha-bep\/chefs\/bep-tu\/bep-tu-chefs-eh-dih889\/bep-tu-chefs-dih8892.jpg\" alt=\"B\u1ebfp t\u1eeb Chefs EH-DIH889 \u0111\u00f4i sang tr\u1ecdng ti\u1ebft ki\u1ec7m \u0111i\u1ec7n n\u0103ng\" width=\"1200\" height=\"675\" title=\"\" srcset=\"https:\/\/livinghome.vn\/thiet-bi\/wp-content\/uploads\/nha-bep\/chefs\/bep-tu\/bep-tu-chefs-eh-dih889\/bep-tu-chefs-dih8892.jpg 1200w, https:\/\/livinghome.vn\/thiet-bi\/wp-content\/uploads\/nha-bep\/chefs\/bep-tu\/bep-tu-chefs-eh-dih889\/bep-tu-chefs-dih8892-600x338.jpg 600w, https:\/\/livinghome.vn\/thiet-bi\/wp-content\/uploads\/nha-bep\/chefs\/bep-tu\/bep-tu-chefs-eh-dih889\/bep-tu-chefs-dih8892-711x400.jpg 711w, https:\/\/livinghome.vn\/thiet-bi\/wp-content\/uploads\/nha-bep\/chefs\/bep-tu\/bep-tu-chefs-eh-dih889\/bep-tu-chefs-dih8892-768x432.jpg 768w\" sizes=\"auto, (max-width: 1200px) 100vw, 1200px\" \/><figcaption id=\"caption-attachment-9371\" class=\"wp-caption-text\">B\u1ebfp t\u1eeb Chefs EH-DIH889 \u0111\u00f4i sang tr\u1ecdng ti\u1ebft ki\u1ec7m \u0111i\u1ec7n n\u0103ng<\/figcaption><\/figure>\n<p><strong>C\u00c1C T\u00cdNH N\u0102NG \u01afU VI\u1ec6T C\u1ee6A B\u1ebeP T\u1eea CHEFS EH-DIH889<\/strong><\/p>\n<p><strong>Nhi\u1ec1u ch\u01b0\u01a1ng tr\u00ecnh n\u1ea5u t\u1ef1 \u0111\u1ed9ng v\u00e0 th\u00f4ng minh<\/strong><\/p>\n<p>C\u0169ng gi\u1ed1ng nh\u01b0 nhi\u1ec1u m\u1eabu b\u1ebfp inverter th\u00ec model EH DIH836 s\u1edf h\u1eefu r\u1ea5t nhi\u1ec1u ch\u01b0\u01a1ng tr\u00ecnh \u0111un n\u1ea5u th\u00f4ng minh, khi\u1ebfn ng\u01b0\u1eddi n\u1ed9i tr\u1ee3 \u0111\u01b0\u1ee3c h\u1ed7 tr\u1ee3 t\u1ed1i \u0111a v\u00e0 mang \u0111\u1ebfn m\u1ed9t tr\u1ea3i nghi\u1ec7m th\u1ef1c s\u1ef1 ti\u1ec7n nghi v\u00e0 th\u00f4ng minh c\u1ee7a m\u1ed9t chi\u1ebfc b\u1ebfp chu\u1ea9n ch\u00e2u \u00e2u hi\u1ec7n \u0111\u1ea1i.<\/p>\n<p>Ngo\u00e0i\u00a09 ch\u01b0\u01a1ng tr\u00ecnh n\u1ea5u c\u00f3 th\u1ec3 t\u00f9y ch\u1ec9nh t\u0103ng gi\u1ea3m, th\u00ec b\u1ebfp c\u00f3 c\u00f3 ch\u1ee9c n\u0103ng n\u1ea5u si\u00eau nhanh 3700w, h\u1ea7m t\u1ef1 \u0111\u1ed9ng, h\u00e2m n\u00f3ng 3 m\u1ee9c nhi\u1ec7t \u0111\u1ed9, t\u1ea1m d\u1eebng b\u1ebfp, t\u1ef1 t\u1eaft khi \u0111\u1ec3 qu\u00ean, kh\u00f3a tr\u1ebb em, h\u1eb9n gi\u1edd b\u00e1o v\u00e0 h\u1eb9n gi\u1edd t\u1eaft b\u1ebfp.<\/p>\n<p><strong>\u0110i\u1ec1u khi\u1ec3n c\u1ea3m \u1ee9ng slide t\u00e1ch ri\u00eang<\/strong><\/p>\n<p>B\u1ebfp t\u1eeb Chefs EH DIH836 \u0111\u01b0\u1ee3c trang b\u1ecb h\u1ec7 th\u1ed1ng \u0111i\u1ec1u khi\u1ec3n c\u1ea3m \u1ee9ng tr\u01b0\u1ee3t slide t\u00e1c ri\u00eang cho c\u1ea3 2 v\u00f9ng n\u1ea5u c\u1ee7a b\u1ebfp. \u0110\u1eb7c bi\u1ec7t h\u1ec7 th\u1ed1ng n\u00e0y v\u1eabn s\u1eed d\u1ee5ng m\u1ed9t c\u00e1ch m\u01b0\u1ee3t m\u00e0 ngay c\u1ea3 khi tay b\u1ecb d\u00ednh \u01b0\u1edbt.<\/p>\n<p>&nbsp;<\/p>\n<figure id=\"attachment_9364\" aria-describedby=\"caption-attachment-9364\" style=\"width: 1200px\" class=\"wp-caption alignnone\"><img loading=\"lazy\" decoding=\"async\" class=\"wp-image-9364 size-full\" src=\"https:\/\/livinghome.vn\/thiet-bi\/wp-content\/uploads\/nha-bep\/chefs\/bep-tu\/bep-tu-eh-dih836\/bep-tu-chefs-dih8366.jpg\" alt=\"B\u1ebfp t\u1eeb Chefs EH-DIH889 \u0111\u00f4i sang tr\u1ecdng ti\u1ebft ki\u1ec7m \u0111i\u1ec7n n\u0103ng\" width=\"1200\" height=\"675\" title=\"\" srcset=\"https:\/\/livinghome.vn\/thiet-bi\/wp-content\/uploads\/nha-bep\/chefs\/bep-tu\/bep-tu-eh-dih836\/bep-tu-chefs-dih8366.jpg 1200w, https:\/\/livinghome.vn\/thiet-bi\/wp-content\/uploads\/nha-bep\/chefs\/bep-tu\/bep-tu-eh-dih836\/bep-tu-chefs-dih8366-600x338.jpg 600w, https:\/\/livinghome.vn\/thiet-bi\/wp-content\/uploads\/nha-bep\/chefs\/bep-tu\/bep-tu-eh-dih836\/bep-tu-chefs-dih8366-711x400.jpg 711w, https:\/\/livinghome.vn\/thiet-bi\/wp-content\/uploads\/nha-bep\/chefs\/bep-tu\/bep-tu-eh-dih836\/bep-tu-chefs-dih8366-768x432.jpg 768w\" sizes=\"auto, (max-width: 1200px) 100vw, 1200px\" \/><figcaption id=\"caption-attachment-9364\" class=\"wp-caption-text\">B\u1ebfp t\u1eeb Chefs EH-DIH889 \u0111\u00f4i sang tr\u1ecdng ti\u1ebft ki\u1ec7m \u0111i\u1ec7n n\u0103ng<\/figcaption><\/figure>\n<p><strong>C\u00f4ng ngh\u1ec7 inverter ti\u1ebft ki\u1ec7m \u0111i\u1ec7n<\/strong><\/p>\n<p>Chefs EH DIH836 l\u00e0 m\u1eabu b\u1ebfp t\u1eeb \u0111\u01b0\u1ee3c t\u00edch h\u1ee3p c\u00f4ng ngh\u1ec7 inverter, gi\u00fap b\u1ebfp c\u00f3 kh\u1ea3 n\u0103ng ti\u1ebft ki\u1ec7m \u0111i\u1ec7n \u0111\u1ebfn 35% so v\u1edbi c\u00e1c m\u1eabu b\u1ebfp t\u1eeb th\u00f4ng th\u01b0\u1eddng.<\/p>\n<p>&nbsp;<\/p>\n<figure id=\"attachment_9376\" aria-describedby=\"caption-attachment-9376\" style=\"width: 1200px\" class=\"wp-caption alignnone\"><img loading=\"lazy\" decoding=\"async\" class=\"wp-image-9376 size-full\" src=\"https:\/\/livinghome.vn\/thiet-bi\/wp-content\/uploads\/nha-bep\/chefs\/bep-tu\/bep-tu-chefs-eh-dih889\/bep-tu-chefs-dih8895.jpg\" alt=\"B\u1ebfp t\u1eeb Chefs EH-DIH889 \u0111\u00f4i sang tr\u1ecdng ti\u1ebft ki\u1ec7m \u0111i\u1ec7n n\u0103ng\" width=\"1200\" height=\"675\" title=\"\" srcset=\"https:\/\/livinghome.vn\/thiet-bi\/wp-content\/uploads\/nha-bep\/chefs\/bep-tu\/bep-tu-chefs-eh-dih889\/bep-tu-chefs-dih8895.jpg 1200w, https:\/\/livinghome.vn\/thiet-bi\/wp-content\/uploads\/nha-bep\/chefs\/bep-tu\/bep-tu-chefs-eh-dih889\/bep-tu-chefs-dih8895-600x338.jpg 600w, https:\/\/livinghome.vn\/thiet-bi\/wp-content\/uploads\/nha-bep\/chefs\/bep-tu\/bep-tu-chefs-eh-dih889\/bep-tu-chefs-dih8895-711x400.jpg 711w, https:\/\/livinghome.vn\/thiet-bi\/wp-content\/uploads\/nha-bep\/chefs\/bep-tu\/bep-tu-chefs-eh-dih889\/bep-tu-chefs-dih8895-768x432.jpg 768w\" sizes=\"auto, (max-width: 1200px) 100vw, 1200px\" \/><figcaption id=\"caption-attachment-9376\" class=\"wp-caption-text\">B\u1ebfp t\u1eeb Chefs EH-DIH889 \u0111\u00f4i sang tr\u1ecdng ti\u1ebft ki\u1ec7m \u0111i\u1ec7n n\u0103ng<\/figcaption><\/figure>\n<h3>T\u00ednh n\u0103ng s\u1ea3n ph\u1ea9m<\/h3>\n<ul>\n<li><a href=\"https:\/\/livinghome.vn\/thiet-bi\/bep-tu\/\">B\u1ebfp t\u1eeb<\/a> &#8211; B\u1ebfp k\u00ednh \u00e2m 2 t\u1eeb<\/li>\n<li>B\u1ebfp t\u1eeb \u0111\u00f4i EH-DIH889 \u1ee9ng d\u1ee5ng c\u00f4ng ngh\u1ec7 Inverter th\u00f4ng minh v\u01b0\u1ee3t tr\u1ed9i<\/li>\n<li>C\u00f4ng su\u1ea5t c\u1ef1c l\u1edbn v\u1edbi t\u00ednh n\u0103ng n\u1ea5u nhanh Booster &#8211; max 3700W\/ 22cm<\/li>\n<li>T\u00ednh n\u0103ng n\u1ea5u th\u00f4ng minh Heat up time Automatic<\/li>\n<li>T\u00ednh n\u0103ng h\u00e2m n\u00f3ng Warming nhi\u1ec1u m\u1ee9c: 65\u00baC, 75\u00baC v\u00e0 85\u00baC<\/li>\n<li>T\u00ednh n\u0103ng d\u1eebng b\u1ebfp t\u1ea1m th\u1eddi Pause<\/li>\n<li>M\u1eb7t k\u00ednh ceramic ch\u1ecbu nhi\u1ec7t Schott Ceran v\u00e1t ca\u0323nh<\/li>\n<li>B\u00e0n ph\u00edm \u0111i\u1ec1u khi\u1ec3n d\u1ea1ng tr\u01b0\u1ee3t slide, 9 m\u1ee9c c\u00f4ng su\u1ea5t + booster<\/li>\n<li>H\u1eb9n gi\u1edd \u0111\u1ed9c l\u1eadp cho t\u1eebng v\u00f9ng n\u1ea5u, th\u1eddi gian h\u1eb9n \u0111\u1ebfn 1 gi\u1edd 59 ph\u00fat<\/li>\n<li>T\u1ef1 \u0111\u1ed9ng chia s\u1ebb c\u00f4ng su\u1ea5t gi\u1eefa 2 b\u1ebfp, max 4000W<\/li>\n<\/ul>\n<h3>T\u00ednh n\u0103ng an to\u00e0n<\/h3>\n<ul>\n<li>C\u1ea3nh b\u00e1o nhi\u1ec7t d\u01b0 v\u00f9ng n\u1ea5u Residual heat<\/li>\n<li>Kh\u00f3a an to\u00e0n tr\u1ebb em Child lock<\/li>\n<li>T\u1ef1 \u0111\u1ed9ng t\u1eaft b\u1ebfp khi \u0111\u1ec3 qu\u00ean Automatic switching off<\/li>\n<li>T\u1ef1 \u0111\u1ed9ng t\u1eaft b\u1ebfp khi kh\u00f4ng c\u00f3 n\u1ed3i (tr\u00ean b\u1ebfp t\u1eeb)<\/li>\n<li>H\u1ec7 th\u1ed1ng b\u1ea3o v\u1ec7 an to\u00e0n qu\u00e1 nhi\u1ec7t, qu\u00e1 \u00e1p<\/li>\n<\/ul>\n<h3>Th\u00f4ng s\u1ed1 k\u1ef9 thu\u1eadt<\/h3>\n<ul>\n<li>\u0110i\u1ec7n \u00e1p 220V \/ 50Hz<\/li>\n<li>C\u00f4ng su\u1ea5t: max 4000W (Ph\u1ea3i 2000W (booster 3700W), tr\u00e1i 2000 (Booster 3700W)<\/li>\n<li>K\u00edch th\u01b0\u1edbc (d\u00e0i x r\u1ed9ng x cao): 760 x 450 x 60mm<\/li>\n<li>K\u00edch th\u01b0\u1edbc kho\u00e9t l\u1ed7: 670 x 370mm<\/li>\n<li>Tr\u1ecdng l\u01b0\u1ee3ng: 6.0 kg<\/li>\n<\/ul>\n<p>&nbsp;<\/p>\n<figure id=\"attachment_9359\" aria-describedby=\"caption-attachment-9359\" style=\"width: 1200px\" class=\"wp-caption alignnone\"><img loading=\"lazy\" decoding=\"async\" class=\"wp-image-9359 size-full\" src=\"https:\/\/livinghome.vn\/thiet-bi\/wp-content\/uploads\/nha-bep\/chefs\/bep-tu\/bep-tu-eh-dih836\/bep-tu-chefs-dih8365.jpg\" alt=\"B\u1ebfp t\u1eeb Chefs EH-DIH836 th\u00f4ng minh ti\u1ec7n nghi\" width=\"1200\" height=\"675\" title=\"\" srcset=\"https:\/\/livinghome.vn\/thiet-bi\/wp-content\/uploads\/nha-bep\/chefs\/bep-tu\/bep-tu-eh-dih836\/bep-tu-chefs-dih8365.jpg 1200w, https:\/\/livinghome.vn\/thiet-bi\/wp-content\/uploads\/nha-bep\/chefs\/bep-tu\/bep-tu-eh-dih836\/bep-tu-chefs-dih8365-600x338.jpg 600w, https:\/\/livinghome.vn\/thiet-bi\/wp-content\/uploads\/nha-bep\/chefs\/bep-tu\/bep-tu-eh-dih836\/bep-tu-chefs-dih8365-711x400.jpg 711w, https:\/\/livinghome.vn\/thiet-bi\/wp-content\/uploads\/nha-bep\/chefs\/bep-tu\/bep-tu-eh-dih836\/bep-tu-chefs-dih8365-768x432.jpg 768w\" sizes=\"auto, (max-width: 1200px) 100vw, 1200px\" \/><figcaption id=\"caption-attachment-9359\" class=\"wp-caption-text\">B\u1ebfp t\u1eeb Chefs EH-DIH836 th\u00f4ng minh ti\u1ec7n nghi<\/figcaption><\/figure>\n<h3>Xu\u1ea5t x\u1ee9: \u0110\u1ee9c<\/h3>\n<div><\/div>\n","protected":false},"excerpt":{"rendered":"<p>B\u1ebfp hai t\u1eeb EH-DIH836 \u1ee9ng d\u1ee5ng\u00a0c\u00f4ng ngh\u1ec7 Inverter th\u00f4ng minh v\u01b0\u1ee3t tr\u1ed9i<\/p>\n<p>* C\u00f4ng su\u1ea5t c\u1ef1c l\u1edbn v\u1edbi ti\u0301nh n\u0103ng n\u00e2\u0301u nhanh\u00a0Booster \u2013 max 3700W\u00a0\/ 22cm<\/p>\n<p>* T\u00ednh n\u0103ng ninh h\u1ea7m t\u1ef1 \u0111\u1ed9ng\u00a0Heat up time Automatic<\/p>\n<p>* T\u00ednh n\u0103ng h\u00e2m n\u00f3ng\u00a0Warming\u00a0nhi\u1ec1u m\u1ee9c: 45oC, 65oC v\u00e0 85oC<\/p>\n<p>* T\u00ednh n\u0103ng d\u1eebng b\u1ebfp t\u1ea1m th\u1eddi\u00a0Pause<\/p>\n<p>* M\u1eb7t k\u00ednh ceramic ch\u1ecbu nhi\u1ec7t Schott Ceran va\u0301t ca\u0323nh \u2013 Germany<\/p>\n<p>* B\u00e0n ph\u00edm \u0111i\u1ec1u khi\u1ec3n d\u1ea1ng tr\u01b0\u1ee3t slide, 9 m\u1ee9c c\u00f4ng su\u1ea5t + booster<\/p>\n<p>*\u00a0H\u1eb9n gi\u1edd \u0111\u1ed9c l\u1eadp cho t\u1eebng v\u00f9ng n\u1ea5u, th\u1eddi gian h\u1eb9n \u0111\u1ebfn 1 gi\u1edd 59 ph\u00fat<\/p>\n<p>*\u00a0T\u1ef1 \u0111\u1ed9ng chia s\u1ebb c\u00f4ng su\u1ea5t gi\u1eefa 2 b\u1ebfp , max 4000W<\/p>\n","protected":false},"featured_media":9377,"comment_status":"open","ping_status":"closed","template":"","meta":[],"product_brand":[],"product_cat":[745,794,813,796,799,802,807,75,756,795,755],"product_tag":[310,76,77,168,758,111,757],"class_list":{"0":"post-9367","1":"product","2":"type-product","3":"status-publish","4":"has-post-thumbnail","6":"product_cat-bep-dien-tu","7":"product_cat-bep-2-tu","8":"product_cat-bep-dien-tu-chung-cu","9":"product_cat-bep-dien-tu-doi","10":"product_cat-bep-dien-tu-hinh-chu-nhat","11":"product_cat-bep-dien-tu-mat-kinh-schott-ceran","12":"product_cat-bep-dien-tu-tiet-kiem-dien","13":"product_cat-bep-tu","14":"product_cat-bep-tu-chefs","15":"product_cat-bep-tu-doi","16":"product_cat-thuong-hieu-chefs","17":"product_tag-bep-nau","18":"product_tag-bep-tu","19":"product_tag-bep-tu-2-vung-nau","20":"product_tag-bep-tu-am","21":"product_tag-bep-tu-chefs","22":"product_tag-bep-tu-doi","23":"product_tag-chefs","25":"first","26":"instock","27":"sale","28":"shipping-taxable","29":"purchasable","30":"product-type-simple"},"_links":{"self":[{"href":"https:\/\/livinghome.vn\/thiet-bi\/wp-json\/wp\/v2\/product\/9367","targetHints":{"allow":["GET"]}}],"collection":[{"href":"https:\/\/livinghome.vn\/thiet-bi\/wp-json\/wp\/v2\/product"}],"about":[{"href":"https:\/\/livinghome.vn\/thiet-bi\/wp-json\/wp\/v2\/types\/product"}],"replies":[{"embeddable":true,"href":"https:\/\/livinghome.vn\/thiet-bi\/wp-json\/wp\/v2\/comments?post=9367"}],"wp:featuredmedia":[{"embeddable":true,"href":"https:\/\/livinghome.vn\/thiet-bi\/wp-json\/wp\/v2\/media\/9377"}],"wp:attachment":[{"href":"https:\/\/livinghome.vn\/thiet-bi\/wp-json\/wp\/v2\/media?parent=9367"}],"wp:term":[{"taxonomy":"product_brand","embeddable":true,"href":"https:\/\/livinghome.vn\/thiet-bi\/wp-json\/wp\/v2\/product_brand?post=9367"},{"taxonomy":"product_cat","embeddable":true,"href":"https:\/\/livinghome.vn\/thiet-bi\/wp-json\/wp\/v2\/product_cat?post=9367"},{"taxonomy":"product_tag","embeddable":true,"href":"https:\/\/livinghome.vn\/thiet-bi\/wp-json\/wp\/v2\/product_tag?post=9367"}],"curies":[{"name":"wp","href":"https:\/\/api.w.org\/{rel}","templated":true}]}}