{"id":9261,"date":"2023-03-27T07:09:49","date_gmt":"2023-03-27T07:09:49","guid":{"rendered":"https:\/\/livinghome.vn\/thiet-bi\/?post_type=product&#038;p=9261"},"modified":"2024-11-29T14:19:15","modified_gmt":"2024-11-29T07:19:15","slug":"bep-tu-chefs-eh-dih890n","status":"publish","type":"product","link":"https:\/\/livinghome.vn\/thiet-bi\/bep-tu-chefs-eh-dih890n\/","title":{"rendered":"B\u1ebfp t\u1eeb Chefs EH-DIH890N si\u00eau ti\u1ebft ki\u1ec7m \u0111i\u1ec7n"},"content":{"rendered":"<h3>B\u1ebfp t\u1eeb Chefs EH-DIH890N thu\u1ed9c ph\u00e2n kh\u00fac s\u1ea3n ph\u1ea9m cao c\u1ea5p c\u1ee7a h\u00e3ng Chefs \u0111\u1ebfn t\u1eeb \u0110\u1ee9c. \u0110\u01b0\u1ee3c bi\u1ebft \u0111\u1ebfn v\u1edbi nhi\u1ec1u ti\u1ec7n \u00edch n\u1ea5u th\u00f4ng minh, ti\u1ec7n d\u1ee5ng, \u0111\u1eb7c bi\u1ec7t l\u00e0 c\u00f4ng ngh\u1ec7 si\u00eau ti\u1ebft ki\u1ec7m \u0111i\u1ec7n Inverter m\u1edbi nh\u1ea5t hi\u1ec7n nay, m\u1eabu b\u1ebfp n\u00e0y \u0111\u01b0\u1ee3c v\u00ed nh\u01b0 l\u00e0 m\u00f3n qu\u00e0 \u0111\u1eb7c bi\u1ec7t m\u00e0 Chefs mang \u0111\u1ebfn cho gia \u0111\u00ecnh b\u1ea1n. C\u00f4ng vi\u1ec7c b\u1ebfp n\u00fac gi\u1edd \u0111\u00e2y s\u1ebd kh\u00f4ng c\u00f2n l\u00e0 g\u00e1nh n\u1eb7ng c\u1ee7a c\u00e1c ch\u1ecb em sau m\u1ed7i gi\u1edd tan ca v\u00e0 vi\u1ec7c v\u1eeba n\u1ea5u c\u01a1m v\u1eeba t\u1eafm gi\u1eb7t cho con y\u00eau l\u00e0 ho\u00e0n to\u00e0n c\u00f3 th\u1ec3.<\/h3>\n<figure id=\"attachment_9289\" aria-describedby=\"caption-attachment-9289\" style=\"width: 900px\" class=\"wp-caption alignnone\"><img loading=\"lazy\" decoding=\"async\" class=\"size-full wp-image-9289\" src=\"https:\/\/livinghome.vn\/thiet-bi\/wp-content\/uploads\/nha-bep\/chefs\/bep-tu\/bep-tu-chefs-eh-dih890\/bep-tu-chefs-dih890n2.jpg\" alt=\"B\u1ebfp t\u1eeb Chefs EH-DIH890N si\u00eau ti\u1ebft ki\u1ec7m \u0111i\u1ec7n\" width=\"900\" height=\"900\" title=\"\" srcset=\"https:\/\/livinghome.vn\/thiet-bi\/wp-content\/uploads\/nha-bep\/chefs\/bep-tu\/bep-tu-chefs-eh-dih890\/bep-tu-chefs-dih890n2.jpg 900w, https:\/\/livinghome.vn\/thiet-bi\/wp-content\/uploads\/nha-bep\/chefs\/bep-tu\/bep-tu-chefs-eh-dih890\/bep-tu-chefs-dih890n2-300x300.jpg 300w, https:\/\/livinghome.vn\/thiet-bi\/wp-content\/uploads\/nha-bep\/chefs\/bep-tu\/bep-tu-chefs-eh-dih890\/bep-tu-chefs-dih890n2-100x100.jpg 100w, https:\/\/livinghome.vn\/thiet-bi\/wp-content\/uploads\/nha-bep\/chefs\/bep-tu\/bep-tu-chefs-eh-dih890\/bep-tu-chefs-dih890n2-600x600.jpg 600w, https:\/\/livinghome.vn\/thiet-bi\/wp-content\/uploads\/nha-bep\/chefs\/bep-tu\/bep-tu-chefs-eh-dih890\/bep-tu-chefs-dih890n2-400x400.jpg 400w, https:\/\/livinghome.vn\/thiet-bi\/wp-content\/uploads\/nha-bep\/chefs\/bep-tu\/bep-tu-chefs-eh-dih890\/bep-tu-chefs-dih890n2-800x800.jpg 800w, https:\/\/livinghome.vn\/thiet-bi\/wp-content\/uploads\/nha-bep\/chefs\/bep-tu\/bep-tu-chefs-eh-dih890\/bep-tu-chefs-dih890n2-280x280.jpg 280w, https:\/\/livinghome.vn\/thiet-bi\/wp-content\/uploads\/nha-bep\/chefs\/bep-tu\/bep-tu-chefs-eh-dih890\/bep-tu-chefs-dih890n2-768x768.jpg 768w\" sizes=\"auto, (max-width: 900px) 100vw, 900px\" \/><figcaption id=\"caption-attachment-9289\" class=\"wp-caption-text\">B\u1ebfp t\u1eeb Chefs EH-DIH890N si\u00eau ti\u1ebft ki\u1ec7m \u0111i\u1ec7n<\/figcaption><\/figure>\n<p><strong>C\u00c1C T\u00cdNH N\u0102NG \u01afU VI\u1ec6T C\u1ee6A B\u1ebeP T\u1eea CHEFS EH-DIH890N<\/strong><\/p>\n<p><strong>N\u1ea5u nhanh<\/strong><\/p>\n<p>N\u1ea5u nhanh\u00a0<strong>Bosster<\/strong>\u00a0c\u00f3 th\u1ec3 l\u00e0 t\u00ednh n\u0103ng quen thu\u1ed9c c\u1ee7a c\u00e1c d\u00f2ng b\u1ebfp t\u1eeb cao c\u1ea5p. Tuy nhi\u00ean, \u1edf m\u1ed7i h\u00e3ng th\u00ec m\u1ee9c c\u00f4ng xu\u1ea5t max v\u00e0 th\u1eddi gian n\u1ea5u nhanh l\u00e0 ho\u00e0n to\u00e0n kh\u00e1c nhau. B\u1ebfp t\u1eeb\u00a0Chefs EH-DIH890N\u00a0mang \u0111\u1ebfn s\u1ef1 \u0111\u1ed9t ph\u00e1 v\u01b0\u1ee3t b\u1eadc v\u1ec1 th\u1eddi gian n\u1ea5u nhanh l\u00ean t\u1edbi 20 ph\u00fat v\u00e0 m\u1ee9c c\u00f4ng su\u1ea5t nhi\u1ec7t max l\u00e0\u00a0<strong>3700W<\/strong>, \u0111\u00e2y l\u00e0 \u0111i\u1ec1u ki\u1ec7n l\u00fd t\u01b0\u1edfng \u0111\u1ec3 m\u1ecdi ch\u1ecb em nhanh ch\u00f3ng ho\u00e0n th\u00e0nh b\u1eefa c\u01a1m \u1ea5m \u00e1p cho c\u1ea3 gia \u0111\u00ecnh.<\/p>\n<p><strong>H\u1eb9n gi\u1edd n\u1ea5u \u0103n<\/strong><\/p>\n<p>V\u1edbi t\u1ed5ng th\u1eddi gian l\u00ean t\u1edbi 2h \u0111\u1ed3ng h\u1ed3 n\u00ean t\u00ednh n\u0103ng n\u00e0y \u0111\u01b0\u1ee3c r\u1ea5t nhi\u1ec1u ng\u01b0\u1eddi k\u00ec v\u1ecdng l\u00e0 c\u00f3 th\u1ec3 l\u00e0m ch\u00edn c\u00e1c m\u00f3n \u0103n m\u00e0 kh\u00f4ng ph\u1ea3i ki\u1ec3m so\u00e1t b\u1ebfp trong su\u1ed1t qu\u00e1 tr\u00ecnh n\u1ea5u n\u01b0\u1edbng. V\u00e0 chi\u1ebfc b\u1ebfp n\u00e0y \u0111\u00e3 kh\u00f4ng l\u00e0m m\u1ecdi ng\u01b0\u1eddi th\u1ea5t v\u1ecdng. B\u1ea1n ho\u00e0n to\u00e0n c\u00f3 th\u1ec3 l\u00e0m c\u00e1c c\u00f4ng vi\u1ec7c kh\u00e1c nh\u01b0 d\u1ecdn d\u1eb9p nh\u00e0, t\u1eafm r\u1eeda, d\u1ea1y con h\u1ecdc b\u00e0i\u2026v\u00e0 c\u1ee9 y\u00ean t\u00e2m \u0111\u1ec3 b\u1ebfp \u0111\u1ea3m nhi\u1ec7m tr\u1ecdng tr\u00e1ch n\u1ea5u \u0103n cho c\u1ea3 gia \u0111\u00ecnh nh\u00e9!<\/p>\n<p><strong>Kh\u00f3a an to\u00e0n tr\u1ebb nh\u1ecf<\/strong><\/p>\n<p>N\u1ebfu gia \u0111\u00ecnh c\u00f3 tr\u1ebb nh\u1ecf th\u00ec vi\u1ec7c s\u1eed d\u1ee5ng b\u1ebfp gas c\u1ef1c k\u00ec nguy hi\u1ec3m. L\u1eddi khuy\u00ean \u0111\u1ebfn b\u1ea1n l\u00e0 h\u00e3y nhanh ch\u00f3ng thay th\u1ebf chi\u1ebfc b\u1ebfp gas c\u0169 k\u0129, k\u00e9m an to\u00e0n kia ngay b\u1eb1ng chi\u1ebfc b\u1ebfp t\u1eeb\u00a0Chefs\u00a0EH-DIH890N\u00a0cao c\u1ea5p n\u00e0y. V\u1edbi h\u1ec7 th\u1ed1ng kh\u00f3a an to\u00e0n tr\u1ebb nh\u1ecf, b\u00e9 y\u00eau s\u1ebd \u0111\u01b0\u1ee3c b\u1ea3o v\u1ec7 m\u1ed9t c\u00e1ch t\u1ed1t nh\u1ea5t nh\u1edd v\u00e0o kh\u1ea3 n\u0103ng v\u00f4 hi\u1ec7u 100% h\u1ec7 th\u1ed1ng c\u00e1c ph\u00edm b\u1ea5m. Cho d\u00f9 b\u00e9 nh\u00e0 b\u1ea1n c\u00f3 ngh\u1ecbch ng\u1ee3m th\u1ebf n\u00e0o c\u0169ng kh\u00f4ng th\u1ec3 l\u00e0m thay \u0111\u1ed5i \u0111\u01b0\u1ee3c ch\u1ebf \u0111\u1ed9 n\u1ea5u n\u01b0\u1edbng \u0111\u00e3 \u0111\u01b0\u1ee3c c\u00e0i \u0111\u1eb7t s\u1eb5n.<\/p>\n<figure id=\"attachment_9292\" aria-describedby=\"caption-attachment-9292\" style=\"width: 1200px\" class=\"wp-caption alignnone\"><img loading=\"lazy\" decoding=\"async\" class=\"size-full wp-image-9292\" src=\"https:\/\/livinghome.vn\/thiet-bi\/wp-content\/uploads\/nha-bep\/chefs\/bep-tu\/bep-tu-chefs-eh-dih890\/bep-tu-chefs-dih890n5.jpg\" alt=\"B\u1ebfp t\u1eeb Chefs EH-DIH890N si\u00eau ti\u1ebft ki\u1ec7m \u0111i\u1ec7n\" width=\"1200\" height=\"675\" title=\"\" srcset=\"https:\/\/livinghome.vn\/thiet-bi\/wp-content\/uploads\/nha-bep\/chefs\/bep-tu\/bep-tu-chefs-eh-dih890\/bep-tu-chefs-dih890n5.jpg 1200w, https:\/\/livinghome.vn\/thiet-bi\/wp-content\/uploads\/nha-bep\/chefs\/bep-tu\/bep-tu-chefs-eh-dih890\/bep-tu-chefs-dih890n5-600x338.jpg 600w, https:\/\/livinghome.vn\/thiet-bi\/wp-content\/uploads\/nha-bep\/chefs\/bep-tu\/bep-tu-chefs-eh-dih890\/bep-tu-chefs-dih890n5-711x400.jpg 711w, https:\/\/livinghome.vn\/thiet-bi\/wp-content\/uploads\/nha-bep\/chefs\/bep-tu\/bep-tu-chefs-eh-dih890\/bep-tu-chefs-dih890n5-768x432.jpg 768w\" sizes=\"auto, (max-width: 1200px) 100vw, 1200px\" \/><figcaption id=\"caption-attachment-9292\" class=\"wp-caption-text\">B\u1ebfp t\u1eeb Chefs EH-DIH890N si\u00eau ti\u1ebft ki\u1ec7m \u0111i\u1ec7n<\/figcaption><\/figure>\n<p><strong>B\u1ea3ng \u0111i\u1ec1u khi\u1ec3n<\/strong><\/p>\n<p>B\u1ea3ng \u0111i\u1ec1u khi\u1ec3n kh\u00f4ng ph\u1ea3i n\u00fat v\u1eb7n m\u00e0 ho\u00e0n to\u00e0n l\u00e0 c\u1ea3m \u1ee9ng, b\u1ea1n ch\u1ec9 c\u1ea7n l\u01b0\u1edbt nh\u1eb9 nh\u00e0ng l\u00e0 c\u00f3 th\u1ec3 th\u1ef1c hi\u1ec7n \u0111\u01b0\u1ee3c m\u1ecdi thao t\u00e1c m\u00e0 m\u00ecnh mong mu\u1ed1n r\u1ed3i. T\u1ea5t c\u1ea3 c\u00e1c t\u00ednh n\u0103ng c\u0169ng \u0111\u1ec1u \u0111\u01b0\u1ee3c t\u00edch h\u1ee3p trong c\u00f9ng b\u1ea3ng \u0111i\u1ec1u khi\u1ec3n n\u00e0y, ch\u00ednh v\u00ec th\u1ebf c\u00f4ng vi\u1ec7c n\u1ea5u \u0103n c\u1ee7a c\u00e1c ch\u1ecb em s\u1ebd d\u1ec5 d\u00e0ng h\u01a1n r\u1ea5t nhi\u1ec1u.<\/p>\n<p><strong>T\u1ef1 \u0111\u1ed9ng t\u1eaft b\u1ebfp khi kh\u00f4ng c\u00f3 n\u1ed3i<\/strong><\/p>\n<p>Vi\u1ec7c b\u1eadt b\u1ebfp m\u00e0 qu\u00ean kh\u00f4ng \u0111\u1eb7t n\u1ed3i hay nh\u1ea5c n\u1ed3i ra m\u00e0 kh\u00f4ng t\u1eaft b\u1ebfp l\u00e0 s\u01a1 xu\u1ea5t c\u1ee7a nhi\u1ec1u ch\u1ecb em. V\u1eady l\u00e0m th\u1ebf n\u00e0o m\u00e0 \u0111\u1ec3 th\u00f3i quen x\u1ea5u n\u00e0y kh\u00f4ng ti\u00eau t\u1ed1n \u0111i\u1ec7n n\u0103ng nh\u00e0 b\u1ea1n? C\u00e2u tr\u1ea3 l\u1eddi ch\u00ednh l\u00e0 b\u1ebfp t\u1eeb\u00a0Chefs EH-DIH890N, t\u00edch h\u1ee3p c\u00f4ng ngh\u1ec7 t\u1ef1 \u0111\u1ed9ng nh\u1eadn di\u1ec7n v\u00f9ng n\u1ea5u n\u00ean chi\u1ebfc b\u1ebfp n\u00e0y c\u00f3 kh\u1ea3 n\u0103ng nh\u1eadn bi\u1ebft l\u00fac n\u00e0o kh\u00f4ng c\u00f3 n\u1ed3i n\u1ea5u \u0111\u1ec3 t\u1ef1 \u0111\u1ed9ng ng\u1eaft b\u1ebfp, v\u1eeba \u0111\u1ea3m b\u1ea3o an to\u00e0n v\u1eeba ti\u1ebft ki\u1ec7m \u0111i\u1ec7n n\u0103ng hao ph\u00ed cho gia \u0111\u00ecnh b\u1ea1n.<\/p>\n<p><strong>M\u1eb7t k\u00ednh<\/strong><\/p>\n<p>M\u1eb7t k\u00ednh c\u1ee7a\u00a0b\u1ebfp t\u1eeb\u00a0Chefs EH-DIH890N\u00a0\u0111\u01b0\u1ee3c thi\u1ebft k\u1ebf t\u1eeb k\u00ednh\u00a0<strong>Schott Ceran<\/strong>\u00a0nguy\u00ean kh\u1ed1i, v\u00e1t c\u1ea1nh tinh t\u1ebf \u1edf c\u00e1c ph\u00eda gi\u00fap mang l\u1ea1i v\u1ebb \u0111\u1eb9p sang tr\u1ecdng cho c\u0103n b\u1ebfp \u0111\u1ed3ng th\u1eddi gi\u00fap ng\u01b0\u1eddi d\u00f9ng an to\u00e0n h\u01a1n khi ti\u1ebfp x\u00fac v\u1edbi b\u1ec1 m\u1eb7t b\u1ebfp.<\/p>\n<p><strong>Khung v\u1ecf<\/strong><\/p>\n<p>H\u1ec7 th\u1ed1ng khung v\u1ecf \u0111\u01b0\u1ee3c xem l\u00e0 y\u1ebfu t\u1ed1 quan tr\u1ecdng, n\u00f3 quy\u1ebft \u0111\u1ecbnh \u0111\u1ebfn kh\u1ea3 n\u0103ng ch\u1ecbu t\u1ea3i c\u1ee7a b\u1ebfp v\u00e0 s\u1ef1 d\u1ebbo dai theo n\u0103m th\u00e1ng s\u1eed d\u1ee5ng. V\u00ec v\u1eady,\u00a0<strong>Chefs<\/strong>\u00a0l\u1ef1a ch\u1ecdn ch\u1ea5t li\u1ec7u th\u00e9p c\u1ee9ng ch\u1ed1ng g\u1ec9, s\u01a1n t\u0129nh \u0111i\u1ec7n \u0111\u1ec3 chi\u1ebfc b\u1ebfp kh\u00f4ng ch\u1ec9 l\u00e0 m\u1ed9t c\u00f4ng c\u1ee5 n\u1ea5u \u0103n th\u00f4ng th\u01b0\u1eddng m\u00e0 ch\u00fang ph\u1ea3i l\u00e0 ng\u01b0\u1eddi b\u1ea1n ho\u00e0n to\u00e0n th\u00e2n thi\u1ec7n v\u1edbi m\u1ecdi ng\u01b0\u1eddi d\u00f9ng.<\/p>\n<p><strong>Qu\u1ea1t t\u1ea3n nhi\u1ec7t<\/strong><\/p>\n<p>\u0110\u01b0\u1ee3c trang b\u1ecb \u0111\u1ed3ng th\u1eddi 2 qu\u1ea1t t\u1ea3n nhi\u1ec7t l\u1ed3ng s\u00f3c cao c\u1ea5p, \u0111\u1ed9 \u1ed3n th\u1ea5p, ho\u1ea1t \u0111\u1ed9ng song song v\u1edbi qu\u00e1 tr\u00ecnh n\u1ea5u \u0103n c\u1ee7a b\u1ea1n. Ch\u00ednh \u0111i\u1ec1u n\u00e0y \u0111\u00e3 gi\u00fap cho chi\u1ebfc b\u1ebfp lu\u00f4n \u1edf m\u1ee9c nhi\u1ec7t \u0111\u1ed9 an to\u00e0n, linh ki\u1ec7n kh\u00f4ng b\u1ecb n\u00f3ng, t\u1eeb \u0111\u00f3 m\u00e0 gia t\u0103ng \u0111\u1ed9 b\u1ec1n, tu\u1ed5i th\u1ecd cho chi\u1ebfc b\u1ebfp n\u00e0y.<\/p>\n<p><strong>Linh ki\u1ec7n<\/strong><\/p>\n<p>M\u1ed9t chi\u1ebfc b\u1ebfp ch\u1ec9 \u0111\u1eb9p th\u00f4i lu\u00f4n l\u00e0 ch\u01b0a \u0111\u1ee7, \u0111\u1ec3 th\u1ef1c s\u1ef1 thuy\u1ebft ph\u1ee5c \u0111\u01b0\u1ee3c ng\u01b0\u1eddi ti\u00eau d\u00f9ng th\u00ec m\u1ed7i chi\u1ebfc b\u1ebfp ph\u1ea3i mang l\u1ea1i nh\u1eefng c\u00f4ng n\u0103ng m\u00e0 h\u1ecd c\u1ea7n. \u0110\u1ec3 mang t\u1edbi m\u1ed9t c\u00f4ng n\u0103ng hi\u1ec7u qu\u1ea3 kh\u00f4ng th\u1ec3 kh\u00f4ng nh\u1eafc t\u1edbi h\u1ec7 th\u1ed1ng linh ki\u1ec7n c\u1ee7a b\u1ebfp. B\u1ebfp t\u1eeb Chefs\u00a0EH-DIH890N<b>\u00a0<\/b>\u0111\u01b0\u1ee3c trang b\u1ecb 100% linh ki\u1ec7n nh\u1eadp kh\u1ea9u t\u1eeb \u0110\u1ee9c, kh\u1ea3 n\u0103ng ch\u1ed1ng g\u1ec9 v\u00e0 oxi h\u00f3a t\u1ed1t v\u00ec th\u1ebf b\u1ebfp lu\u00f4n ho\u1ea1t \u0111\u1ed9ng \u1ed5n \u0111\u1ecbnh v\u00e0 ph\u00e1t huy t\u1ed1i \u0111a ch\u1ee9c n\u0103ng c\u1ee7a c\u00e1c ti\u1ec7n \u00edch.<\/p>\n<p><strong>C\u00f4ng su\u1ea5t nhi\u1ec7t<\/strong><\/p>\n<p>C\u00f4ng su\u1ea5t nhi\u1ec7t t\u1ed5ng l\u00e0\u00a0<strong>4000W<\/strong>, chia \u0111\u1ec1u cho m\u1ed7i v\u00f9ng n\u1ea5u trong \u0111i\u1ec1u ki\u1ec7n ngu\u1ed3n \u0111i\u1ec7n \u1ed5n \u0111\u1ecbnh. V\u00ec th\u1ebf, vi\u1ec7c n\u1ea5u \u0103n v\u1edbi chi\u1ebfc b\u1ebfp n\u00e0y c\u1ef1c k\u00ec nhanh ch\u00f3ng, b\u1ea1n c\u00f3 th\u1ec3 \u0111\u1ebfn c\u00e1c c\u1eeda h\u00e0ng b\u00e1n b\u1ebfp \u0111\u1ec3 th\u1eed tr\u1ea3i nghi\u1ec7m t\u1ed1c \u0111\u1ed9 n\u1ea5u m\u00e0 b\u1ebfp mang \u0111\u1ebfn. B\u1ea1n c\u0169ng n\u00ean ch\u00fa \u00fd c\u1ea7n ki\u1ec3m tra ngu\u1ed3n \u0111i\u1ec7n gia \u0111\u00ecnh \u0111\u00e3 \u0111\u1ea1t 220V hay ch\u01b0a \u0111\u1ec3 \u0111\u1ea3m b\u1ea3o m\u1ee9c c\u00f4ng su\u1ea5t tuy\u1ec7t v\u1eddi n\u00e0y nh\u00e9!<\/p>\n<p><strong>C\u00f4ng ngh\u1ec7 si\u00eau ti\u1ebft ki\u1ec7m \u0111i\u1ec7n Inverter<\/strong><\/p>\n<p>\u1ede phi\u00ean b\u1ea3n n\u00e0y,\u00a0<strong>Chefs<\/strong>\u00a0\u0111\u00e3 \u1ee9ng d\u1ee5ng<strong>\u00a0c\u00f4ng ngh\u1ec7 si\u00eau ti\u1ebft ki\u1ec7m Inverter<\/strong>\u00a0th\u00f4ng minh, th\u00f4ng qua kh\u1ea3 n\u0103ng t\u1ef1 \u0111\u1ed9ng ph\u00e2n b\u1ed5 nhi\u1ec7t l\u01b0\u1ee3ng hi\u1ec7u qu\u1ea3, ti\u1ebft ki\u1ec7m \u0111\u01b0\u1ee3c ki\u1ec3m so\u00e1t b\u1edfi m\u1ed9t bo m\u1ea1ch \u0111i\u1ec7n t\u1eed vi x\u1eed l\u00fd th\u00f4ng minh. Do \u0111\u00f3, l\u1ef1a ch\u1ecdn chi\u1ebfc b\u1ebfp ch\u00ednh l\u00e0 gi\u1ea3i ph\u00e1p ti\u1ebft ki\u1ec7m \u0111i\u1ec7n t\u1ed1i \u01b0u nh\u1ea5t cho gia \u0111\u00ecnh c\u1ee7a b\u1ea1n.<\/p>\n<figure id=\"attachment_9288\" aria-describedby=\"caption-attachment-9288\" style=\"width: 1200px\" class=\"wp-caption alignnone\"><img loading=\"lazy\" decoding=\"async\" class=\"size-full wp-image-9288\" src=\"https:\/\/livinghome.vn\/thiet-bi\/wp-content\/uploads\/nha-bep\/chefs\/bep-tu\/bep-tu-chefs-eh-dih890\/bep-tu-chefs-dih890n7.jpg\" alt=\"B\u1ebfp t\u1eeb Chefs EH-DIH890N si\u00eau ti\u1ebft ki\u1ec7m \u0111i\u1ec7n\" width=\"1200\" height=\"675\" title=\"\" srcset=\"https:\/\/livinghome.vn\/thiet-bi\/wp-content\/uploads\/nha-bep\/chefs\/bep-tu\/bep-tu-chefs-eh-dih890\/bep-tu-chefs-dih890n7.jpg 1200w, https:\/\/livinghome.vn\/thiet-bi\/wp-content\/uploads\/nha-bep\/chefs\/bep-tu\/bep-tu-chefs-eh-dih890\/bep-tu-chefs-dih890n7-600x338.jpg 600w, https:\/\/livinghome.vn\/thiet-bi\/wp-content\/uploads\/nha-bep\/chefs\/bep-tu\/bep-tu-chefs-eh-dih890\/bep-tu-chefs-dih890n7-711x400.jpg 711w, https:\/\/livinghome.vn\/thiet-bi\/wp-content\/uploads\/nha-bep\/chefs\/bep-tu\/bep-tu-chefs-eh-dih890\/bep-tu-chefs-dih890n7-768x432.jpg 768w\" sizes=\"auto, (max-width: 1200px) 100vw, 1200px\" \/><figcaption id=\"caption-attachment-9288\" class=\"wp-caption-text\">B\u1ebfp t\u1eeb Chefs EH-DIH890N si\u00eau ti\u1ebft ki\u1ec7m \u0111i\u1ec7n<\/figcaption><\/figure>\n<ul>\n<li><a href=\"https:\/\/livinghome.vn\/thiet-bi\/bep-tu\/\">B\u1ebfp t\u1eeb<\/a> &#8211; B\u1ebfp k\u00ednh \u00e2m 2 t\u1eeb<\/li>\n<li>M\u1eb7t k\u00ednh Schott Ceran ch\u1ed1ng tr\u00e0y x\u01b0\u1edbc, made in Germany<\/li>\n<li>Bo vi\u1ec1n nh\u00f4m 2 c\u1ea1nh b\u00ean, gi\u00fap h\u1ea1n ch\u1ebf t\u1ed1i \u0111a va ch\u1ea1m d\u1eabn \u0111\u1ebfn v\u1ee1 m\u1eb7t k\u00ednh<\/li>\n<li>C\u00f4ng su\u1ea5t c\u1ef1c l\u1edbn v\u1edbi t\u00ednh n\u0103ng n\u00e2\u0301u nhanh Booster \u2013 max 3700W<\/li>\n<li>T\u00ednh n\u0103ng ninh h\u1ea7m t\u1ef1 \u0111\u1ed9ng Heat up time Automatic<\/li>\n<li>T\u00ednh n\u0103ng h\u00e2m n\u00f3ng Warming nhi\u1ec1u m\u1ee9c: 40oC, 70oC v\u00e0 90oC<\/li>\n<li>T\u00ednh n\u0103ng d\u1eebng b\u1ebfp t\u1ea1m th\u1eddi Pause<\/li>\n<li>B\u00e0n ph\u00edm \u0111i\u1ec1u khi\u1ec3n d\u1ea1ng tr\u01b0\u1ee3t slide, 9 m\u1ee9c c\u00f4ng su\u1ea5t + booster<\/li>\n<li>H\u1eb9n gi\u1edd \u0111\u1ed9c l\u1eadp cho t\u1eebng v\u00f9ng n\u1ea5u, th\u1eddi gian h\u1eb9n \u0111\u1ebfn 9 gi\u1edd 59 ph\u00fat<\/li>\n<li>T\u1ef1 \u0111\u1ed9ng chia s\u1ebb c\u00f4ng su\u1ea5t gi\u1eefa 2 b\u1ebfp, max 4000W<\/li>\n<\/ul>\n<h3>T\u00ednh n\u0103ng an to\u00e0n<\/h3>\n<ul>\n<li>C\u1ea3nh b\u00e1o nhi\u1ec7t d\u01b0 v\u00f9ng n\u1ea5u Residual heat<\/li>\n<li>Kh\u00f3a an to\u00e0n tr\u1ebb em Child lock<\/li>\n<li>T\u1ef1 \u0111\u1ed9ng t\u1eaft b\u1ebfp khi \u0111\u1ec3 qu\u00ean Automatic switching off<\/li>\n<li>T\u1ef1 \u0111\u1ed9ng t\u1eaft b\u1ebfp khi kh\u00f4ng c\u00f3 n\u1ed3i Pot detection<\/li>\n<li>H\u1ec7 th\u1ed1ng b\u1ea3o v\u1ec7 an to\u00e0n qu\u00e1 nhi\u1ec7t, qu\u00e1 \u00e1p<\/li>\n<\/ul>\n<h3>Th\u00f4ng s\u1ed1 k\u1ef9 thu\u1eadt<\/h3>\n<ul>\n<li>\u0110i\u1ec7n \u00e1p: 220V\/50Hz<\/li>\n<li>C\u00f4ng su\u1ea5t: max 4000W (Ph\u1ea3i 3700W, tr\u00e1i 3700W)<\/li>\n<li>K\u00edch th\u01b0\u1edbc (d\u00e0i r\u1ed9ng x cao): 760 x 450 x 60 mm<\/li>\n<li>K\u00edch th\u01b0\u1edbc kho\u00e9t l\u1ed7: 690 x 380 mm<\/li>\n<li>Tr\u1ecdng l\u01b0\u1ee3ng: 8.0kg<\/li>\n<\/ul>\n<figure id=\"attachment_9290\" aria-describedby=\"caption-attachment-9290\" style=\"width: 900px\" class=\"wp-caption alignnone\"><img loading=\"lazy\" decoding=\"async\" class=\"size-full wp-image-9290\" src=\"https:\/\/livinghome.vn\/thiet-bi\/wp-content\/uploads\/nha-bep\/chefs\/bep-tu\/bep-tu-chefs-eh-dih890\/bep-tu-chefs-dih890n3.jpg\" alt=\"B\u1ebfp t\u1eeb Chefs EH-DIH890N si\u00eau ti\u1ebft ki\u1ec7m \u0111i\u1ec7n\" width=\"900\" height=\"900\" title=\"\" srcset=\"https:\/\/livinghome.vn\/thiet-bi\/wp-content\/uploads\/nha-bep\/chefs\/bep-tu\/bep-tu-chefs-eh-dih890\/bep-tu-chefs-dih890n3.jpg 900w, https:\/\/livinghome.vn\/thiet-bi\/wp-content\/uploads\/nha-bep\/chefs\/bep-tu\/bep-tu-chefs-eh-dih890\/bep-tu-chefs-dih890n3-300x300.jpg 300w, https:\/\/livinghome.vn\/thiet-bi\/wp-content\/uploads\/nha-bep\/chefs\/bep-tu\/bep-tu-chefs-eh-dih890\/bep-tu-chefs-dih890n3-100x100.jpg 100w, https:\/\/livinghome.vn\/thiet-bi\/wp-content\/uploads\/nha-bep\/chefs\/bep-tu\/bep-tu-chefs-eh-dih890\/bep-tu-chefs-dih890n3-600x600.jpg 600w, https:\/\/livinghome.vn\/thiet-bi\/wp-content\/uploads\/nha-bep\/chefs\/bep-tu\/bep-tu-chefs-eh-dih890\/bep-tu-chefs-dih890n3-400x400.jpg 400w, https:\/\/livinghome.vn\/thiet-bi\/wp-content\/uploads\/nha-bep\/chefs\/bep-tu\/bep-tu-chefs-eh-dih890\/bep-tu-chefs-dih890n3-800x800.jpg 800w, https:\/\/livinghome.vn\/thiet-bi\/wp-content\/uploads\/nha-bep\/chefs\/bep-tu\/bep-tu-chefs-eh-dih890\/bep-tu-chefs-dih890n3-280x280.jpg 280w, https:\/\/livinghome.vn\/thiet-bi\/wp-content\/uploads\/nha-bep\/chefs\/bep-tu\/bep-tu-chefs-eh-dih890\/bep-tu-chefs-dih890n3-768x768.jpg 768w\" sizes=\"auto, (max-width: 900px) 100vw, 900px\" \/><figcaption id=\"caption-attachment-9290\" class=\"wp-caption-text\">B\u1ebfp t\u1eeb Chefs EH-DIH890N si\u00eau ti\u1ebft ki\u1ec7m \u0111i\u1ec7n<\/figcaption><\/figure>\n<h3>Xu\u1ea5t x\u1ee9: \u0110\u1ee9c<\/h3>\n<div><\/div>\n","protected":false},"excerpt":{"rendered":"<p>B\u1ebfp hai t\u1eeb EH-DIH890N \u1ee9ng d\u1ee5ng c\u00f4ng ngh\u1ec7 Inverter th\u00f4ng minh v\u01b0\u1ee3t tr\u1ed9i<br \/>\nM\u1eb7t k\u00ednh Schott Ceran ch\u1ed1ng tr\u00e0y x\u01b0\u1edbc, made in Germany<br \/>\nBo vi\u1ec1n nh\u00f4m 2 c\u1ea1nh b\u00ean, gi\u00fap h\u1ea1n ch\u1ebf t\u1ed1i \u0111a va ch\u1ea1m d\u1eabn \u0111\u1ebfn v\u1ee1 m\u1eb7t k\u00ednh<br \/>\nC\u00f4ng su\u1ea5t c\u1ef1c l\u1edbn v\u1edbi t\u00ednh n\u0103ng n\u00e2\u0301u nhanh Booster \u2013 max 3700W<br \/>\nT\u00ednh n\u0103ng ninh h\u1ea7m t\u1ef1 \u0111\u1ed9ng Heat up time Automatic<br \/>\nT\u00ednh n\u0103ng h\u00e2m n\u00f3ng Warming nhi\u1ec1u m\u1ee9c: 40oC, 70oC v\u00e0 90oC<br \/>\nT\u00ednh n\u0103ng d\u1eebng b\u1ebfp t\u1ea1m th\u1eddi Pause<br \/>\nB\u00e0n ph\u00edm \u0111i\u1ec1u khi\u1ec3n d\u1ea1ng tr\u01b0\u1ee3t slide, 9 m\u1ee9c c\u00f4ng su\u1ea5t + booster<br \/>\nH\u1eb9n gi\u1edd \u0111\u1ed9c l\u1eadp cho t\u1eebng v\u00f9ng n\u1ea5u, th\u1eddi gian h\u1eb9n \u0111\u1ebfn 9 gi\u1edd 59 ph\u00fat<br \/>\nT\u1ef1 \u0111\u1ed9ng chia s\u1ebb c\u00f4ng su\u1ea5t gi\u1eefa 2 b\u1ebfp, max 4000W<\/p>\n","protected":false},"featured_media":9291,"comment_status":"open","ping_status":"closed","template":"","meta":[],"product_brand":[],"product_cat":[745,794,813,796,809,799,802,807,75,756,795,755],"product_tag":[310,76,77,168,758,111,757],"class_list":{"0":"post-9261","1":"product","2":"type-product","3":"status-publish","4":"has-post-thumbnail","6":"product_cat-bep-dien-tu","7":"product_cat-bep-2-tu","8":"product_cat-bep-dien-tu-chung-cu","9":"product_cat-bep-dien-tu-doi","10":"product_cat-bep-dien-tu-duc-germany","11":"product_cat-bep-dien-tu-hinh-chu-nhat","12":"product_cat-bep-dien-tu-mat-kinh-schott-ceran","13":"product_cat-bep-dien-tu-tiet-kiem-dien","14":"product_cat-bep-tu","15":"product_cat-bep-tu-chefs","16":"product_cat-bep-tu-doi","17":"product_cat-thuong-hieu-chefs","18":"product_tag-bep-nau","19":"product_tag-bep-tu","20":"product_tag-bep-tu-2-vung-nau","21":"product_tag-bep-tu-am","22":"product_tag-bep-tu-chefs","23":"product_tag-bep-tu-doi","24":"product_tag-chefs","26":"first","27":"instock","28":"sale","29":"shipping-taxable","30":"purchasable","31":"product-type-simple"},"_links":{"self":[{"href":"https:\/\/livinghome.vn\/thiet-bi\/wp-json\/wp\/v2\/product\/9261","targetHints":{"allow":["GET"]}}],"collection":[{"href":"https:\/\/livinghome.vn\/thiet-bi\/wp-json\/wp\/v2\/product"}],"about":[{"href":"https:\/\/livinghome.vn\/thiet-bi\/wp-json\/wp\/v2\/types\/product"}],"replies":[{"embeddable":true,"href":"https:\/\/livinghome.vn\/thiet-bi\/wp-json\/wp\/v2\/comments?post=9261"}],"wp:featuredmedia":[{"embeddable":true,"href":"https:\/\/livinghome.vn\/thiet-bi\/wp-json\/wp\/v2\/media\/9291"}],"wp:attachment":[{"href":"https:\/\/livinghome.vn\/thiet-bi\/wp-json\/wp\/v2\/media?parent=9261"}],"wp:term":[{"taxonomy":"product_brand","embeddable":true,"href":"https:\/\/livinghome.vn\/thiet-bi\/wp-json\/wp\/v2\/product_brand?post=9261"},{"taxonomy":"product_cat","embeddable":true,"href":"https:\/\/livinghome.vn\/thiet-bi\/wp-json\/wp\/v2\/product_cat?post=9261"},{"taxonomy":"product_tag","embeddable":true,"href":"https:\/\/livinghome.vn\/thiet-bi\/wp-json\/wp\/v2\/product_tag?post=9261"}],"curies":[{"name":"wp","href":"https:\/\/api.w.org\/{rel}","templated":true}]}}