{"id":926,"date":"2023-01-12T11:29:07","date_gmt":"2023-01-12T11:29:07","guid":{"rendered":"https:\/\/livinghome.vn\/thiet-bi\/?post_type=product&#038;p=926"},"modified":"2024-11-29T14:20:50","modified_gmt":"2024-11-29T07:20:50","slug":"bep-tu-lien-lo-nuong-kaff-kf-ik60850-60cm-4-tu","status":"publish","type":"product","link":"https:\/\/livinghome.vn\/thiet-bi\/bep-tu-lien-lo-nuong-kaff-kf-ik60850-60cm-4-tu\/","title":{"rendered":"B\u1ebfp T\u1eeb Li\u1ec1n L\u00f2 N\u01b0\u1edbng Kaff KF-IK60850, 60cm, 4 t\u1eeb"},"content":{"rendered":"<h2>Kaff KF-IK60850 c\u00f3 4 v\u00f9ng n\u1ea5u ti\u1ec7n l\u1ee3i ti\u1ebft ki\u1ec7m n\u0103ng l\u01b0\u1ee3ng theo Ch\u00e2u \u00c2u<\/h2>\n<figure id=\"attachment_45503\" aria-describedby=\"caption-attachment-45503\" style=\"width: 800px\" class=\"wp-caption alignnone\"><img loading=\"lazy\" decoding=\"async\" class=\"size-large wp-image-45503\" src=\"https:\/\/livinghome.vn\/thiet-bi\/wp-content\/uploads\/nha-bep\/kaff\/lo-nuong\/lo-hap-kaff-kf-ik60850-800x800.jpg\" alt=\"L\u00f2 h\u1ea5p Kaff KF-IK60850\" width=\"800\" height=\"800\" title=\"\"><figcaption id=\"caption-attachment-45503\" class=\"wp-caption-text\">L\u00f2 h\u1ea5p Kaff KF-IK60850<\/figcaption><\/figure>\n<h3>Th\u00f4ng s\u1ed1 k\u1ef9 thu\u1eadt:<\/h3>\n<p>\u2013 4 v\u00f9ng n\u1ea5u \u0111i\u1ec7n t\u1eeb ph\u00f9 h\u1ee3p v\u1edbi \u0111a d\u1ea1ng nhu c\u1ea7u n\u1ea5u \u0103n<\/p>\n<p>\u2013<a href=\"https:\/\/livinghome.vn\/product-category\/nha-bep\/lo-nuong-am\/\"> L\u00f2 n\u01b0\u1edbng<\/a> dung t\u00edch 54L, c\u00f3 \u0111\u1ed1i l\u01b0u, c\u00f3 m\u00e0n h\u00ecnh LED<\/p>\n<p>\u2013 8 ch\u1ee9c n\u0103ng n\u01b0\u1edbng:<\/p>\n<p>+ Ch\u1ee9c n\u0103ng n\u01b0\u1edbng \u0111\u1ed1i l\u01b0u<\/p>\n<p>+ C\u1eeda k\u00ednh 3 l\u1edbp c\u00e1ch nhi\u1ec7t<\/p>\n<p>+ \u0110i\u1ec1u khi\u1ec3n n\u00fam v\u1eb7n c\u01a1 h\u1ecdc<\/p>\n<p>+ Ch\u1ee9c n\u0103ng h\u1eb9n gi\u1edd<\/p>\n<p>+ \u0110\u00e8n b\u00ean trong l\u00f2 25W<\/p>\n<p>+ Ch\u1ee9c n\u0103ng t\u1ef1 v\u1ec7 sinh b\u1eb1ng ph\u01b0\u01a1ng ph\u00e1p nhi\u1ec7t ph\u00e2n Catalytic<\/p>\n<p>+ Ph\u1ee5 ki\u1ec7n k\u00e8m theo: v\u1ec9 n\u01b0\u1edbng v\u00e0 khay n\u01b0\u1edbng<\/p>\n<p>+ Ti\u00eau chu\u1ea9n ti\u1ebft ki\u1ec7m \u0111i\u1ec7n Ch\u00e2u \u00c2u A++<\/p>\n<p>+ T\u1ef1 \u0111\u1ed9ng t\u1eaft khi kh\u00f4ng s\u1eed d\u1ee5ng<\/p>\n<p>+ T\u1ed5ng c\u00f4ng su\u1ea5t 3.6KW<\/p>\n<p>+ Hi\u1ec7u \u0111i\u1ec7n th\u1ebf 220V-240V\/50Hz \u2013 16A<\/p>\n<p>+ Thi\u1ebft b\u1ecb \u1ed5n \u0111\u1ecbnh nhi\u1ec7t \u0111\u1ed9 t\u1ef1 \u0111\u1ed9ng<\/p>\n<p>+ H\u1ec7 th\u1ed1ng qu\u1ea1t b\u00ean trong khoang l\u00f2 gi\u00fap h\u01a1i n\u00f3ng \u0111\u01b0\u1ee3c lan t\u1ecfa \u0111\u1ec1u<\/p>\n<p>\u2013 V\u1ecf th\u00e9p kh\u00f4ng g\u1ec9<\/p>\n<p>\u2013 C\u00f4ng su\u1ea5t b\u1ebfp \u0111i\u1ec7n t\u1eeb: 1.4kW x 2 \/ 1.8kW \/ 2.1kW:<\/p>\n<p>+ M\u1eb7t k\u00ednh crystal si\u00eau b\u1ec1n, ch\u1ecbu l\u1ef1c ch\u1ecbu s\u1ed1c nhi\u1ec7t<\/p>\n<p>+ Inverter ti\u1ebft ki\u1ec7n \u0111i\u1ec7n n\u0103ng<\/p>\n<p>+ Ch\u1ee9c n\u0103ng chia c\u00f4ng su\u1ea5t ti\u1ebft ki\u1ec7m \u0111i\u1ec7n n\u0103ng,<\/p>\n<p>\u2013 Ch\u00e2n \u0111\u1ebf ch\u1ed1ng nghi\u00eang c\u00f3 th\u1ec3 \u0111i\u1ec1u ch\u1ec9nh linh ho\u1ea1t<\/p>\n<p>\u2013 Ngu\u1ed3n \u0111i\u1ec7n: 220V \u2013 240V<\/p>\n<p>\u2013 T\u1ea7n s\u1ed1: 50 \/ 60Hz<\/p>\n<p>\u2013 K\u00edch th\u01b0\u1edbc s\u1ea3n ph\u1ea9m (CxRxS)mm: 850 x 600 x 600.<\/p>\n<p>&nbsp;<\/p>\n","protected":false},"excerpt":{"rendered":"<p>Kaff KF-IK60850 c\u00f3 4 v\u00f9ng n\u1ea5u ti\u1ec7n l\u1ee3i ti\u1ebft ki\u1ec7m n\u0103ng l\u01b0\u1ee3ng theo Ch\u00e2u \u00c2u Th\u00f4ng s\u1ed1 k\u1ef9 thu\u1eadt: \u2013 4 v\u00f9ng n\u1ea5u \u0111i\u1ec7n t\u1eeb ph\u00f9 h\u1ee3p v\u1edbi \u0111a d\u1ea1ng nhu c\u1ea7u n\u1ea5u \u0103n \u2013 L\u00f2 n\u01b0\u1edbng dung t\u00edch 54L, c\u00f3 \u0111\u1ed1i l\u01b0u, c\u00f3 m\u00e0n h\u00ecnh LED \u2013 8 ch\u1ee9c n\u0103ng n\u01b0\u1edbng: + Ch\u1ee9c n\u0103ng [&#8230;]\n","protected":false},"featured_media":976,"comment_status":"open","ping_status":"closed","template":"","meta":[],"product_brand":[],"product_cat":[95,164],"product_tag":[167,96,200],"class_list":{"0":"post-926","1":"product","2":"type-product","3":"status-publish","4":"has-post-thumbnail","6":"product_cat-lo-nuong","7":"product_cat-thuong-hieu-kaff","8":"product_tag-kaff","9":"product_tag-lo-nuong","10":"product_tag-lo-nuong-kaff","12":"first","13":"instock","14":"sale","15":"shipping-taxable","16":"purchasable","17":"product-type-simple"},"_links":{"self":[{"href":"https:\/\/livinghome.vn\/thiet-bi\/wp-json\/wp\/v2\/product\/926","targetHints":{"allow":["GET"]}}],"collection":[{"href":"https:\/\/livinghome.vn\/thiet-bi\/wp-json\/wp\/v2\/product"}],"about":[{"href":"https:\/\/livinghome.vn\/thiet-bi\/wp-json\/wp\/v2\/types\/product"}],"replies":[{"embeddable":true,"href":"https:\/\/livinghome.vn\/thiet-bi\/wp-json\/wp\/v2\/comments?post=926"}],"wp:featuredmedia":[{"embeddable":true,"href":"https:\/\/livinghome.vn\/thiet-bi\/wp-json\/wp\/v2\/media\/976"}],"wp:attachment":[{"href":"https:\/\/livinghome.vn\/thiet-bi\/wp-json\/wp\/v2\/media?parent=926"}],"wp:term":[{"taxonomy":"product_brand","embeddable":true,"href":"https:\/\/livinghome.vn\/thiet-bi\/wp-json\/wp\/v2\/product_brand?post=926"},{"taxonomy":"product_cat","embeddable":true,"href":"https:\/\/livinghome.vn\/thiet-bi\/wp-json\/wp\/v2\/product_cat?post=926"},{"taxonomy":"product_tag","embeddable":true,"href":"https:\/\/livinghome.vn\/thiet-bi\/wp-json\/wp\/v2\/product_tag?post=926"}],"curies":[{"name":"wp","href":"https:\/\/api.w.org\/{rel}","templated":true}]}}