{"id":923,"date":"2023-01-12T11:29:07","date_gmt":"2023-01-12T11:29:07","guid":{"rendered":"https:\/\/livinghome.vn\/thiet-bi\/?post_type=product&#038;p=923"},"modified":"2024-11-29T14:20:50","modified_gmt":"2024-11-29T07:20:50","slug":"lo-nuong-kaff-kf-bi75tft","status":"publish","type":"product","link":"https:\/\/livinghome.vn\/thiet-bi\/lo-nuong-kaff-kf-bi75tft\/","title":{"rendered":"L\u00f2 n\u01b0\u1edbng Kaff KF-BI75TFT &#8211; Made in Turkey"},"content":{"rendered":"<h2>L\u00f2 n\u01b0\u1edbng Kaff KF-BI75TFT \u0111i\u1ec1u khi\u1ec3n \u0111\u00e8n th\u00f4ng minh v\u1edbi dung t\u00edch c\u1ef1c l\u1edbn<\/h2>\n<figure id=\"attachment_45470\" aria-describedby=\"caption-attachment-45470\" style=\"width: 800px\" class=\"wp-caption alignnone\"><img loading=\"lazy\" decoding=\"async\" class=\"size-large wp-image-45470\" src=\"https:\/\/livinghome.vn\/thiet-bi\/wp-content\/uploads\/nha-bep\/kaff\/lo-nuong\/lo-nuong-kaff-kf-bi757tft-800x800.jpg\" alt=\"L\u00f2 n\u01b0\u1edbng Kaff KF-BI75TFT \" width=\"800\" height=\"800\" title=\"\"><figcaption id=\"caption-attachment-45470\" class=\"wp-caption-text\">L\u00f2 n\u01b0\u1edbng Kaff KF-BI75TFT<\/figcaption><\/figure>\n<ul>\n<li><a href=\"https:\/\/livinghome.vn\/product-category\/nha-bep\/lo-nuong-am\/\">L\u00f2 n\u01b0\u1edbng<\/a> dung t\u00edch 75L \u2013\u00a0<strong>Xu\u1ea5t X\u1ee9: Made In Turkey<\/strong><\/li>\n<li>K\u00edch th\u01b0\u1edbc b\u00ean trong khoang n\u01b0\u1edbng\/Cavity Dimensions:\u00a0475x392x413mm<\/li>\n<li>10 ch\u1ee9c n\u0103ng n\u01b0\u1edbng \u2013 ch\u1ee9c n\u0103ng n\u01b0\u1edbng m\u1eb7c \u0111\u1ecbnh\/10 Program \u2013 menu food founstions<\/li>\n<li>C\u1eeda k\u00ednh 3 l\u1edbp c\u00e1ch nhi\u1ec7t t\u1ed1i \u0111a, c\u00f3 th\u1ec3 th\u00e1o r\u1eddi thu\u1eadn ti\u1ec7n v\u1ec7 sinh\/,Adjust third glass provides even cooler exterior surface one door thus extra peace of mind and safety for litle hand<\/li>\n<li>\u0110i\u1ec1u khi\u1ec3n m\u00e0n h\u00ecnh LED th\u00f4ng minh\/Slim LED Touch<\/li>\n<li>C\u00f3 ch\u1ee9c n\u0103ng h\u1eb9n gi\u1edd<\/li>\n<li>\u0110\u00e8n l\u00f2 b\u00ean trong\/Oven Light (25W)<\/li>\n<li>N\u01b0\u1edbng \u0111\u1ed1i l\u01b0u\/Cooling Fan<\/li>\n<li>Khay tr\u01b0\u1ee3t ti\u1ec7n s\u1eed d\u1ee5ng\/Wire Side Racks<\/li>\n<li>M\u1edf c\u1eeda l\u00f2 \u00eam \u00e1i\/Soft close \u2013 Door switch<\/li>\n<li>B\u1ed9 \u0111i\u1ec1u nhi\u1ec7t b\u1eb1ng \u0111i\u1ec7n t\u1eed\/Electronic Thermostat<\/li>\n<li>Ch\u1ebf \u0111\u1ed9 t\u0103ng nhi\u1ec7t nhanh nh\u1edd ch\u1ee9c n\u0103ng qu\u1ea1t turbor\/Oven Functions Turbor<\/li>\n<li>Ch\u1ee9c n\u0103ng t\u1ef1 \u0111\u1ed9ng t\u0103ng t\u1ed1c n\u01b0\u1edbng\/Automatic Boost Function<\/li>\n<li>Tr\u00e1ng men d\u1ec5 l\u00e0m s\u1ea1ch\/Easy to Clean Enamel<\/li>\n<li>Ch\u1ee9c n\u0103ng v\u1ec7 sinh b\u1eb1ng h\u01a1i n\u01b0\u1edbc\/Vapclean<\/li>\n<li>Ch\u1ee9c n\u0103ng t\u1ef1 v\u1ec7 sinh b\u1eb1ng ph\u01b0\u01a1ng ph\u00e1p nhi\u1ec7t ph\u00e2n Catalytic<\/li>\n<li>Khay \u0111\u1ef1ng \u0111\u1ed3 ti\u1ec7n l\u1ee3i\/Turnspit<\/li>\n<li>\u0110\u00e8n b\u00e1o ho\u1ea1t \u0111\u1ed9ng c\u1ee7a b\u1ed9 \u0111i\u1ec1u nhi\u1ec7t\/Thermostat Operation Indicator Light<\/li>\n<li>\u0110\u00e8n b\u00e1o ho\u1ea1t \u0111\u1ed9ng c\u1ee7a l\u00f2\/Oven Operation Indicator Light<\/li>\n<li>Ph\u1ee5 ki\u1ec7n k\u00e8m theo: v\u1ec9 n\u01b0\u1edbng v\u00e0 khay n\u01b0\u1edbng\/Baking Tray (Shallow Tray)<\/li>\n<li>Ch\u1ee9c n\u0103ng n\u01b0\u1edbng xi\u00ean<\/li>\n<li>Ti\u00eau chu\u1ea9n ti\u1ebft ki\u1ec7m \u0111i\u1ec7n Ch\u00e2u \u00c2u A+++\/Energy Efficiency [A+++]<\/li>\n<li>Kh\u00f3a tr\u1ebb em\/Child lock<\/li>\n<li>T\u1ef1 \u0111\u1ed9ng t\u1eaft khi kh\u00f4ng s\u1eed d\u1ee5ng<\/li>\n<li>C\u00f4ng su\u1ea5t d\u00e0n n\u01b0\u1edbng tr\u00ean\/Top Heating Element 1200W<\/li>\n<li>C\u00f4ng su\u1ea5t d\u00e0n n\u01b0\u1edbng d\u01b0\u1edbi\/Bottom Heating Element 1100W<\/li>\n<li>C\u00f4ng su\u1ea5t n\u01b0\u1edbng xi\u00ean\/Grill (Thermostatic) 1400W<\/li>\n<li>C\u00f4ng su\u1ea5t n\u01b0\u1edbng \u0111\u00f4i\/Double Grill (Thermostatic) 2600W<\/li>\n<li>C\u00f4ng su\u1ea5t qu\u1ea1t\/Fan 23W<\/li>\n<li>C\u00f4ng su\u1ea5t n\u01b0\u1edbng qu\u1ea1t\/Fan with Ring Heating Element 2000W<\/li>\n<li>T\u1ed5ng c\u00f4ng su\u1ea5t 3450W<\/li>\n<li>Nhi\u1ec7t \u0111\u1ed9 n\u01b0\u1edbng 50 \u2013 250 \u0111\u1ed9 C<\/li>\n<li>Hi\u1ec7u \u0111i\u1ec7n th\u1ebf 220V \u2013 240V \/ 50Hz \u2013 16A<\/li>\n<li>Chi\u1ec1u d\u00e0i d\u00e2y c\u00e1p 2m c\u00f3 \u0111\u1ea7u c\u1eafm<\/li>\n<li>K\u00edch th\u01b0\u1edbc s\u1ea3n ph\u1ea9m WxHxD: 595C x 595R x 575S mm<\/li>\n<li>K\u00edch th\u01b0\u1edbc kho\u00e9t l\u1ed7 WxHxD: min.560 max.580 \/ min.600 \/ min.555<\/li>\n<\/ul>\n","protected":false},"excerpt":{"rendered":"<p>L\u00f2 n\u01b0\u1edbng Kaff KF-BI75TFT \u0111i\u1ec1u khi\u1ec3n \u0111\u00e8n th\u00f4ng minh v\u1edbi dung t\u00edch c\u1ef1c l\u1edbn L\u00f2 n\u01b0\u1edbng dung t\u00edch 75L \u2013\u00a0Xu\u1ea5t X\u1ee9: Made In Turkey K\u00edch th\u01b0\u1edbc b\u00ean trong khoang n\u01b0\u1edbng\/Cavity Dimensions:\u00a0475x392x413mm 10 ch\u1ee9c n\u0103ng n\u01b0\u1edbng \u2013 ch\u1ee9c n\u0103ng n\u01b0\u1edbng m\u1eb7c \u0111\u1ecbnh\/10 Program \u2013 menu food founstions C\u1eeda k\u00ednh 3 l\u1edbp c\u00e1ch nhi\u1ec7t t\u1ed1i \u0111a, c\u00f3 [&#8230;]\n","protected":false},"featured_media":973,"comment_status":"open","ping_status":"closed","template":"","meta":[],"product_brand":[],"product_cat":[95,164],"product_tag":[167,96,156,180],"class_list":{"0":"post-923","1":"product","2":"type-product","3":"status-publish","4":"has-post-thumbnail","6":"product_cat-lo-nuong","7":"product_cat-thuong-hieu-kaff","8":"product_tag-kaff","9":"product_tag-lo-nuong","10":"product_tag-lo-nuong-am-tu","11":"product_tag-lo-nuong-am-tu-kaff","13":"first","14":"instock","15":"sale","16":"shipping-taxable","17":"purchasable","18":"product-type-simple"},"_links":{"self":[{"href":"https:\/\/livinghome.vn\/thiet-bi\/wp-json\/wp\/v2\/product\/923","targetHints":{"allow":["GET"]}}],"collection":[{"href":"https:\/\/livinghome.vn\/thiet-bi\/wp-json\/wp\/v2\/product"}],"about":[{"href":"https:\/\/livinghome.vn\/thiet-bi\/wp-json\/wp\/v2\/types\/product"}],"replies":[{"embeddable":true,"href":"https:\/\/livinghome.vn\/thiet-bi\/wp-json\/wp\/v2\/comments?post=923"}],"wp:featuredmedia":[{"embeddable":true,"href":"https:\/\/livinghome.vn\/thiet-bi\/wp-json\/wp\/v2\/media\/973"}],"wp:attachment":[{"href":"https:\/\/livinghome.vn\/thiet-bi\/wp-json\/wp\/v2\/media?parent=923"}],"wp:term":[{"taxonomy":"product_brand","embeddable":true,"href":"https:\/\/livinghome.vn\/thiet-bi\/wp-json\/wp\/v2\/product_brand?post=923"},{"taxonomy":"product_cat","embeddable":true,"href":"https:\/\/livinghome.vn\/thiet-bi\/wp-json\/wp\/v2\/product_cat?post=923"},{"taxonomy":"product_tag","embeddable":true,"href":"https:\/\/livinghome.vn\/thiet-bi\/wp-json\/wp\/v2\/product_tag?post=923"}],"curies":[{"name":"wp","href":"https:\/\/api.w.org\/{rel}","templated":true}]}}