{"id":921,"date":"2023-01-12T11:29:07","date_gmt":"2023-01-12T11:29:07","guid":{"rendered":"https:\/\/livinghome.vn\/thiet-bi\/?post_type=product&#038;p=921"},"modified":"2024-11-29T14:20:50","modified_gmt":"2024-11-29T07:20:50","slug":"lo-nuong-kaff-kf-t90s","status":"publish","type":"product","link":"https:\/\/livinghome.vn\/thiet-bi\/lo-nuong-kaff-kf-t90s\/","title":{"rendered":"L\u00f2 n\u01b0\u1edbng Kaff KF-T90S 12 ch\u1ee9c n\u0103ng thi\u1ebft k\u1ebf sang tr\u1ecdng"},"content":{"rendered":"<h2>L\u00f2 n\u01b0\u1edbng Kaff KF-T90S 12 ch\u1ee9c n\u0103ng c\u00f3 dung t\u00edch v\u00e0 c\u00f4ng su\u1ea5t l\u1edbn<\/h2>\n<figure id=\"attachment_45474\" aria-describedby=\"caption-attachment-45474\" style=\"width: 800px\" class=\"wp-caption alignnone\"><img loading=\"lazy\" decoding=\"async\" class=\"size-large wp-image-45474\" src=\"https:\/\/livinghome.vn\/thiet-bi\/wp-content\/uploads\/nha-bep\/kaff\/lo-nuong\/lo-nuong-kaff-kf-t90s-800x800.jpg\" alt=\"L\u00f2 n\u01b0\u1edbng Kaff KF-T90S\" width=\"800\" height=\"800\" title=\"\"><figcaption id=\"caption-attachment-45474\" class=\"wp-caption-text\">L\u00f2 n\u01b0\u1edbng Kaff KF-T90S<\/figcaption><\/figure>\n<ul>\n<li><a href=\"https:\/\/livinghome.vn\/product-category\/nha-bep\/lo-nuong-am\/\">L\u00f2 n\u01b0\u1edbng<\/a> dung t\u00edch 67L<\/li>\n<li>12 ch\u1ee9c n\u0103ng n\u01b0\u1edbng<\/li>\n<li>C\u1eeda k\u00ednh 3 l\u1edbp c\u00e1ch nhi\u1ec7t<\/li>\n<li>\u0110i\u1ec1u khi\u1ec3n c\u1ea3m \u1ee9ng<\/li>\n<li>M\u00e0n h\u00ecnh LED hi\u1ec3n th\u1ecb<\/li>\n<li>C\u00f3 ch\u1ee9c n\u0103ng h\u1eb9n gi\u1edd<\/li>\n<li>\u0110\u00e8n l\u00f2 b\u00ean trong<\/li>\n<li>N\u01b0\u1edbng \u0111\u1ed1i l\u01b0u<\/li>\n<li>Qu\u1ea1t l\u00e0m m\u00e1t<\/li>\n<li>Ch\u1ebf \u0111\u1ed9 t\u0103ng nhi\u1ec7t nhanh<\/li>\n<li>Ch\u1ee9c n\u0103ng t\u1ef1 v\u1ec7 sinh b\u1eb1ng ph\u01b0\u01a1ng ph\u00e1p nhi\u1ec7t ph\u00e2n Catalytic<\/li>\n<li>Ph\u1ee5 ki\u1ec7n k\u00e8m theo: v\u1ec9 n\u01b0\u1edbng v\u00e0 khay n\u01b0\u1edbng<\/li>\n<li>CH\u1ee9c n\u0103ng n\u01b0\u1edbng xi\u00ean<\/li>\n<li>Ti\u00eau chu\u1ea9n ti\u1ebft ki\u1ec7m \u0111i\u1ec7n Ch\u00e2u \u00c2u A++<\/li>\n<li>Kh\u00f3a tr\u1ebb em<\/li>\n<li>T\u1ef1 \u0111\u1ed9ng t\u1eaft khi kh\u00f4ng s\u1eed d\u1ee5ng<\/li>\n<li>T\u1ed5ng c\u00f4ng su\u1ea5t 3450W<\/li>\n<li>Nhi\u1ec7t \u0111\u1ed9 n\u01b0\u1edbng 50 \u2013 250 \u0111\u1ed9 C<\/li>\n<li>Hi\u1ec7u \u0111i\u1ec7n th\u1ebf 220V \u2013 240V \/ 50Hz \u2013 16A<\/li>\n<li>Chi\u1ec1u d\u00e0i d\u00e2y c\u00e1p 2m c\u00f3 \u0111\u1ea7u c\u1eafm<\/li>\n<li>K\u00edch th\u01b0\u1edbc s\u1ea3n ph\u1ea9m: 595C x 595R x 570S mm<\/li>\n<li>K\u00edch th\u01b0\u1edbc kho\u00e9t l\u1ed7: 590C x 560R x 550S mm<\/li>\n<\/ul>\n","protected":false},"excerpt":{"rendered":"<p>L\u00f2 n\u01b0\u1edbng Kaff KF-T90S 12 ch\u1ee9c n\u0103ng c\u00f3 dung t\u00edch v\u00e0 c\u00f4ng su\u1ea5t l\u1edbn L\u00f2 n\u01b0\u1edbng dung t\u00edch 67L 12 ch\u1ee9c n\u0103ng n\u01b0\u1edbng C\u1eeda k\u00ednh 3 l\u1edbp c\u00e1ch nhi\u1ec7t \u0110i\u1ec1u khi\u1ec3n c\u1ea3m \u1ee9ng M\u00e0n h\u00ecnh LED hi\u1ec3n th\u1ecb C\u00f3 ch\u1ee9c n\u0103ng h\u1eb9n gi\u1edd \u0110\u00e8n l\u00f2 b\u00ean trong N\u01b0\u1edbng \u0111\u1ed1i l\u01b0u Qu\u1ea1t l\u00e0m m\u00e1t Ch\u1ebf \u0111\u1ed9 [&#8230;]\n","protected":false},"featured_media":971,"comment_status":"open","ping_status":"closed","template":"","meta":[],"product_brand":[],"product_cat":[95,164],"product_tag":[167,96,156],"class_list":{"0":"post-921","1":"product","2":"type-product","3":"status-publish","4":"has-post-thumbnail","6":"product_cat-lo-nuong","7":"product_cat-thuong-hieu-kaff","8":"product_tag-kaff","9":"product_tag-lo-nuong","10":"product_tag-lo-nuong-am-tu","12":"first","13":"instock","14":"sale","15":"shipping-taxable","16":"purchasable","17":"product-type-simple"},"_links":{"self":[{"href":"https:\/\/livinghome.vn\/thiet-bi\/wp-json\/wp\/v2\/product\/921","targetHints":{"allow":["GET"]}}],"collection":[{"href":"https:\/\/livinghome.vn\/thiet-bi\/wp-json\/wp\/v2\/product"}],"about":[{"href":"https:\/\/livinghome.vn\/thiet-bi\/wp-json\/wp\/v2\/types\/product"}],"replies":[{"embeddable":true,"href":"https:\/\/livinghome.vn\/thiet-bi\/wp-json\/wp\/v2\/comments?post=921"}],"wp:featuredmedia":[{"embeddable":true,"href":"https:\/\/livinghome.vn\/thiet-bi\/wp-json\/wp\/v2\/media\/971"}],"wp:attachment":[{"href":"https:\/\/livinghome.vn\/thiet-bi\/wp-json\/wp\/v2\/media?parent=921"}],"wp:term":[{"taxonomy":"product_brand","embeddable":true,"href":"https:\/\/livinghome.vn\/thiet-bi\/wp-json\/wp\/v2\/product_brand?post=921"},{"taxonomy":"product_cat","embeddable":true,"href":"https:\/\/livinghome.vn\/thiet-bi\/wp-json\/wp\/v2\/product_cat?post=921"},{"taxonomy":"product_tag","embeddable":true,"href":"https:\/\/livinghome.vn\/thiet-bi\/wp-json\/wp\/v2\/product_tag?post=921"}],"curies":[{"name":"wp","href":"https:\/\/api.w.org\/{rel}","templated":true}]}}