{"id":894,"date":"2023-01-12T11:28:13","date_gmt":"2023-01-12T11:28:13","guid":{"rendered":"https:\/\/livinghome.vn\/thiet-bi\/?post_type=product&#038;p=894"},"modified":"2024-11-29T14:20:50","modified_gmt":"2024-11-29T07:20:50","slug":"may-hut-mui-kaff-kf-at70lh","status":"publish","type":"product","link":"https:\/\/livinghome.vn\/thiet-bi\/may-hut-mui-kaff-kf-at70lh\/","title":{"rendered":"M\u00e1y h\u00fat m\u00f9i Kaff KF-AT70LH t\u1ef1 \u0111\u1ed9ng thi\u1ebft k\u1ebf d\u1ea1ng ph\u1eb3ng k\u00ednh Tivi"},"content":{"rendered":"<h2>M\u00e1y h\u00fat m\u00f9i Kaff KF-AT70LH \u0111i\u1ec1u khi\u1ec3n t\u1eeb xa hi\u1ec7n \u0111\u1ea1i<\/h2>\n<figure id=\"attachment_45402\" aria-describedby=\"caption-attachment-45402\" style=\"width: 800px\" class=\"wp-caption alignnone\"><img loading=\"lazy\" decoding=\"async\" class=\"size-large wp-image-45402\" src=\"https:\/\/livinghome.vn\/thiet-bi\/wp-content\/uploads\/nha-bep\/kaff\/may-hut-mui\/may-hut-mui-ap-tuong\/may-hut-mui-ap-tuong-kaff-kf-at70lh\/may-hut-mui-ap-tuong-kaff-kf-at70lh-800x800.jpg\" alt=\"M\u00e1y h\u00fat m\u00f9i Kaff KF-AT70LH\" width=\"800\" height=\"800\" title=\"\"><figcaption id=\"caption-attachment-45402\" class=\"wp-caption-text\">M\u00e1y h\u00fat m\u00f9i Kaff KF-AT70LH<\/figcaption><\/figure>\n<ul>\n<li><a href=\"https:\/\/livinghome.vn\/thiet-bi\/may-hut-mui\/\">M\u00e1y h\u00fat m\u00f9i<\/a> c\u00f3 th\u00e2n b\u1eb1ng s\u01a1n t\u0129nh \u0111i\u1ec7n<\/li>\n<li>K\u00ednh c\u01b0\u1eddng l\u1ef1c d\u00e0y 6mm tr\u00e1ng men b\u00f3ng cao c\u1ea5p \u2013 K\u00ednh v\u00e1t ph\u1eb3ng<\/li>\n<li>Ch\u1ee9c n\u0103ng \u0111\u00f3ng m\u1edf Auto k\u00ednh tr\u01b0\u1edbc<\/li>\n<li>\u0110i\u1ec1u khi\u1ec3n c\u1ea3m \u1ee9ng 3 t\u1ed1c \u0111\u1ed9 + \u0111i\u1ec1u khi\u1ec3n t\u1eeb xa<\/li>\n<li>Ch\u1ee9c n\u0103ng c\u1ea3m \u1ee9ng kh\u00f3i, nhi\u1ec7t hi\u1ec7n \u0111\u1ea1i<\/li>\n<li>L\u01b0\u1edbi l\u1ecdc nh\u00f4m 5 l\u1edbp + than ho\u1ea1t t\u00ednh<\/li>\n<li>\u0110\u00e8n led 2x2W<\/li>\n<li>Motor 1x170W<\/li>\n<li>C\u00f4ng su\u1ea5t h\u00fat t\u1ed1i \u0111a 1000m3\/h<\/li>\n<li>\u0110\u1ed9 \u1ed3n maximum 48dB<\/li>\n<li>\u1ed0ng tho\u00e1t D150 + 2m \u1ed1ng m\u1ec1m k\u00e8m theo<\/li>\n<li>\u1ed0p \u1ed1ng kh\u00f3i inox 1x450x300<\/li>\n<li>K\u00edch th\u01b0\u1edbc: 530x440x700\/900mm<\/li>\n<\/ul>\n<p>H\u00ecnh \u1ea3nh th\u1ef1c t\u1ebf c\u1ee7a m\u00e1y h\u00fat m\u00f9i Kaff KF-AT70LH:<\/p>\n<figure id=\"attachment_9129\" aria-describedby=\"caption-attachment-9129\" style=\"width: 1276px\" class=\"wp-caption alignnone\"><img loading=\"lazy\" decoding=\"async\" class=\"size-full wp-image-9129\" src=\"https:\/\/livinghome.vn\/thiet-bi\/wp-content\/uploads\/nha-bep\/kaff\/may-hut-mui\/may-hut-mui-ap-tuong\/may-hut-mui-ap-tuong-kaff-kf-at70lh\/may-hut-mui-kaff-kf-at70lh-1.jpg\" alt=\"M\u00e1y h\u00fat m\u00f9i Kaff KF-AT70LH\" width=\"1276\" height=\"956\" title=\"\" srcset=\"https:\/\/livinghome.vn\/thiet-bi\/wp-content\/uploads\/nha-bep\/kaff\/may-hut-mui\/may-hut-mui-ap-tuong\/may-hut-mui-ap-tuong-kaff-kf-at70lh\/may-hut-mui-kaff-kf-at70lh-1.jpg 1276w, https:\/\/livinghome.vn\/thiet-bi\/wp-content\/uploads\/nha-bep\/kaff\/may-hut-mui\/may-hut-mui-ap-tuong\/may-hut-mui-ap-tuong-kaff-kf-at70lh\/may-hut-mui-kaff-kf-at70lh-1-600x450.jpg 600w, https:\/\/livinghome.vn\/thiet-bi\/wp-content\/uploads\/nha-bep\/kaff\/may-hut-mui\/may-hut-mui-ap-tuong\/may-hut-mui-ap-tuong-kaff-kf-at70lh\/may-hut-mui-kaff-kf-at70lh-1-534x400.jpg 534w, https:\/\/livinghome.vn\/thiet-bi\/wp-content\/uploads\/nha-bep\/kaff\/may-hut-mui\/may-hut-mui-ap-tuong\/may-hut-mui-ap-tuong-kaff-kf-at70lh\/may-hut-mui-kaff-kf-at70lh-1-1068x800.jpg 1068w, https:\/\/livinghome.vn\/thiet-bi\/wp-content\/uploads\/nha-bep\/kaff\/may-hut-mui\/may-hut-mui-ap-tuong\/may-hut-mui-ap-tuong-kaff-kf-at70lh\/may-hut-mui-kaff-kf-at70lh-1-768x575.jpg 768w\" sizes=\"auto, (max-width: 1276px) 100vw, 1276px\" \/><figcaption id=\"caption-attachment-9129\" class=\"wp-caption-text\">M\u00e1y h\u00fat m\u00f9i Kaff KF-AT70LH<\/figcaption><\/figure>\n<figure id=\"attachment_9127\" aria-describedby=\"caption-attachment-9127\" style=\"width: 1276px\" class=\"wp-caption alignnone\"><img loading=\"lazy\" decoding=\"async\" class=\"size-full wp-image-9127\" src=\"https:\/\/livinghome.vn\/thiet-bi\/wp-content\/uploads\/nha-bep\/kaff\/may-hut-mui\/may-hut-mui-ap-tuong\/may-hut-mui-ap-tuong-kaff-kf-at70lh\/may-hut-mui-kaff-kf-at70lh-2.jpg\" alt=\"M\u00e1y h\u00fat m\u00f9i Kaff KF-AT70LH\" width=\"1276\" height=\"956\" title=\"\" srcset=\"https:\/\/livinghome.vn\/thiet-bi\/wp-content\/uploads\/nha-bep\/kaff\/may-hut-mui\/may-hut-mui-ap-tuong\/may-hut-mui-ap-tuong-kaff-kf-at70lh\/may-hut-mui-kaff-kf-at70lh-2.jpg 1276w, https:\/\/livinghome.vn\/thiet-bi\/wp-content\/uploads\/nha-bep\/kaff\/may-hut-mui\/may-hut-mui-ap-tuong\/may-hut-mui-ap-tuong-kaff-kf-at70lh\/may-hut-mui-kaff-kf-at70lh-2-600x450.jpg 600w, https:\/\/livinghome.vn\/thiet-bi\/wp-content\/uploads\/nha-bep\/kaff\/may-hut-mui\/may-hut-mui-ap-tuong\/may-hut-mui-ap-tuong-kaff-kf-at70lh\/may-hut-mui-kaff-kf-at70lh-2-534x400.jpg 534w, https:\/\/livinghome.vn\/thiet-bi\/wp-content\/uploads\/nha-bep\/kaff\/may-hut-mui\/may-hut-mui-ap-tuong\/may-hut-mui-ap-tuong-kaff-kf-at70lh\/may-hut-mui-kaff-kf-at70lh-2-1068x800.jpg 1068w, https:\/\/livinghome.vn\/thiet-bi\/wp-content\/uploads\/nha-bep\/kaff\/may-hut-mui\/may-hut-mui-ap-tuong\/may-hut-mui-ap-tuong-kaff-kf-at70lh\/may-hut-mui-kaff-kf-at70lh-2-768x575.jpg 768w\" sizes=\"auto, (max-width: 1276px) 100vw, 1276px\" \/><figcaption id=\"caption-attachment-9127\" class=\"wp-caption-text\">M\u00e1y h\u00fat m\u00f9i Kaff KF-AT70LH<\/figcaption><\/figure>\n<figure id=\"attachment_9128\" aria-describedby=\"caption-attachment-9128\" style=\"width: 960px\" class=\"wp-caption alignnone\"><img loading=\"lazy\" decoding=\"async\" class=\"size-full wp-image-9128\" src=\"https:\/\/livinghome.vn\/thiet-bi\/wp-content\/uploads\/nha-bep\/kaff\/may-hut-mui\/may-hut-mui-ap-tuong\/may-hut-mui-ap-tuong-kaff-kf-at70lh\/may-hut-mui-kaff-kf-at70lh-3.jpg\" alt=\"M\u00e1y h\u00fat m\u00f9i Kaff KF-AT70LH\" width=\"960\" height=\"1280\" title=\"\" srcset=\"https:\/\/livinghome.vn\/thiet-bi\/wp-content\/uploads\/nha-bep\/kaff\/may-hut-mui\/may-hut-mui-ap-tuong\/may-hut-mui-ap-tuong-kaff-kf-at70lh\/may-hut-mui-kaff-kf-at70lh-3.jpg 960w, https:\/\/livinghome.vn\/thiet-bi\/wp-content\/uploads\/nha-bep\/kaff\/may-hut-mui\/may-hut-mui-ap-tuong\/may-hut-mui-ap-tuong-kaff-kf-at70lh\/may-hut-mui-kaff-kf-at70lh-3-600x800.jpg 600w, https:\/\/livinghome.vn\/thiet-bi\/wp-content\/uploads\/nha-bep\/kaff\/may-hut-mui\/may-hut-mui-ap-tuong\/may-hut-mui-ap-tuong-kaff-kf-at70lh\/may-hut-mui-kaff-kf-at70lh-3-300x400.jpg 300w, https:\/\/livinghome.vn\/thiet-bi\/wp-content\/uploads\/nha-bep\/kaff\/may-hut-mui\/may-hut-mui-ap-tuong\/may-hut-mui-ap-tuong-kaff-kf-at70lh\/may-hut-mui-kaff-kf-at70lh-3-768x1024.jpg 768w\" sizes=\"auto, (max-width: 960px) 100vw, 960px\" \/><figcaption id=\"caption-attachment-9128\" class=\"wp-caption-text\">M\u00e1y h\u00fat m\u00f9i Kaff KF-AT70LH<\/figcaption><\/figure>\n","protected":false},"excerpt":{"rendered":"<p>M\u00e1y h\u00fat m\u00f9i Kaff KF-AT70LH \u0111i\u1ec1u khi\u1ec3n t\u1eeb xa hi\u1ec7n \u0111\u1ea1i M\u00e1y h\u00fat m\u00f9i c\u00f3 th\u00e2n b\u1eb1ng s\u01a1n t\u0129nh \u0111i\u1ec7n K\u00ednh c\u01b0\u1eddng l\u1ef1c d\u00e0y 6mm tr\u00e1ng men b\u00f3ng cao c\u1ea5p \u2013 K\u00ednh v\u00e1t ph\u1eb3ng Ch\u1ee9c n\u0103ng \u0111\u00f3ng m\u1edf Auto k\u00ednh tr\u01b0\u1edbc \u0110i\u1ec1u khi\u1ec3n c\u1ea3m \u1ee9ng 3 t\u1ed1c \u0111\u1ed9 + \u0111i\u1ec1u khi\u1ec3n t\u1eeb xa Ch\u1ee9c n\u0103ng [&#8230;]\n","protected":false},"featured_media":957,"comment_status":"open","ping_status":"closed","template":"","meta":[],"product_brand":[],"product_cat":[600,89,164],"product_tag":[167,86,91,178],"class_list":{"0":"post-894","1":"product","2":"type-product","3":"status-publish","4":"has-post-thumbnail","6":"product_cat-may-hut-mui-kaff","7":"product_cat-may-hut-mui-gan-tuong","8":"product_cat-thuong-hieu-kaff","9":"product_tag-kaff","10":"product_tag-may-hut-mui","11":"product_tag-may-hut-mui-ap-tuong","12":"product_tag-may-hut-mui-kaff","14":"first","15":"instock","16":"sale","17":"shipping-taxable","18":"purchasable","19":"product-type-simple"},"_links":{"self":[{"href":"https:\/\/livinghome.vn\/thiet-bi\/wp-json\/wp\/v2\/product\/894","targetHints":{"allow":["GET"]}}],"collection":[{"href":"https:\/\/livinghome.vn\/thiet-bi\/wp-json\/wp\/v2\/product"}],"about":[{"href":"https:\/\/livinghome.vn\/thiet-bi\/wp-json\/wp\/v2\/types\/product"}],"replies":[{"embeddable":true,"href":"https:\/\/livinghome.vn\/thiet-bi\/wp-json\/wp\/v2\/comments?post=894"}],"wp:featuredmedia":[{"embeddable":true,"href":"https:\/\/livinghome.vn\/thiet-bi\/wp-json\/wp\/v2\/media\/957"}],"wp:attachment":[{"href":"https:\/\/livinghome.vn\/thiet-bi\/wp-json\/wp\/v2\/media?parent=894"}],"wp:term":[{"taxonomy":"product_brand","embeddable":true,"href":"https:\/\/livinghome.vn\/thiet-bi\/wp-json\/wp\/v2\/product_brand?post=894"},{"taxonomy":"product_cat","embeddable":true,"href":"https:\/\/livinghome.vn\/thiet-bi\/wp-json\/wp\/v2\/product_cat?post=894"},{"taxonomy":"product_tag","embeddable":true,"href":"https:\/\/livinghome.vn\/thiet-bi\/wp-json\/wp\/v2\/product_tag?post=894"}],"curies":[{"name":"wp","href":"https:\/\/api.w.org\/{rel}","templated":true}]}}