{"id":893,"date":"2023-01-12T11:28:13","date_gmt":"2023-01-12T11:28:13","guid":{"rendered":"https:\/\/livinghome.vn\/thiet-bi\/?post_type=product&#038;p=893"},"modified":"2024-11-29T14:20:51","modified_gmt":"2024-11-29T07:20:51","slug":"may-hut-mui-kaff-kf-70lh","status":"publish","type":"product","link":"https:\/\/livinghome.vn\/thiet-bi\/may-hut-mui-kaff-kf-70lh\/","title":{"rendered":"M\u00e1y h\u00fat m\u00f9i Kaff KF-70LH \u00e1p t\u01b0\u1eddng d\u1ea1ng k\u00ednh ph\u1eb3ng TiVi sang tr\u1ecdng"},"content":{"rendered":"<h2>M\u00e1y h\u00fat m\u00f9i Kaff KF-70LH thi\u1ebft k\u1ebf m\u1eb7t k\u00ednh Tivi m\u00e0u \u0111en b\u1eaft m\u1eaft<\/h2>\n<figure id=\"attachment_45409\" aria-describedby=\"caption-attachment-45409\" style=\"width: 800px\" class=\"wp-caption alignnone\"><img loading=\"lazy\" decoding=\"async\" class=\"size-large wp-image-45409\" src=\"https:\/\/livinghome.vn\/thiet-bi\/wp-content\/uploads\/nha-bep\/kaff\/may-hut-mui\/may-hut-mui-ap-tuong\/may-hut-mui-ap-tuong-kaff-kf-70lh\/may-hut-mui-ap-tuong-kaff-kf-70-lh-800x800.jpg\" alt=\"M\u00e1y h\u00fat m\u00f9i Kaff KF-70LH\" width=\"800\" height=\"800\" title=\"\"><figcaption id=\"caption-attachment-45409\" class=\"wp-caption-text\">M\u00e1y h\u00fat m\u00f9i Kaff KF-70LH<\/figcaption><\/figure>\n<ul>\n<li><a href=\"https:\/\/livinghome.vn\/thiet-bi\/may-hut-mui\/\">M\u00e1y h\u00fat m\u00f9i<\/a> th\u00e2n b\u1eb1ng s\u01a1n t\u0129nh \u0111i\u1ec7n<\/li>\n<li>K\u00ednh c\u01b0\u1eddng l\u1ef1c d\u00e0y 6mm tr\u00e1ng men b\u00f3ng cao c\u1ea5p<\/li>\n<li>\u0110i\u1ec1u khi\u1ec3n c\u1ea3m \u1ee9ng 3 t\u1ed1c \u0111\u1ed9<\/li>\n<li>L\u01b0\u1edbi l\u1ecdc thang inox + than ho\u1ea1t t\u00ednh<\/li>\n<li>\u0110\u00e8n led 2x2W<\/li>\n<li>Motor 1x170W<\/li>\n<li>C\u00f4ng su\u1ea5t h\u00fat t\u1ed1i \u0111a 1000m3\/h<\/li>\n<li>\u0110\u1ed9 \u1ed3n maximum 48dB<\/li>\n<li>\u1ed0ng tho\u00e1t D150 + 2m \u1ed1ng m\u1ec1m k\u00e8m theo<\/li>\n<li>\u1ed0p \u1ed1ng kh\u00f3i inox 1x450x300<\/li>\n<li>K\u00edch th\u01b0\u1edbc: 530x440x700mm<\/li>\n<\/ul>\n","protected":false},"excerpt":{"rendered":"<p>M\u00e1y h\u00fat m\u00f9i Kaff KF-70LH thi\u1ebft k\u1ebf m\u1eb7t k\u00ednh Tivi m\u00e0u \u0111en b\u1eaft m\u1eaft M\u00e1y h\u00fat m\u00f9i th\u00e2n b\u1eb1ng s\u01a1n t\u0129nh \u0111i\u1ec7n K\u00ednh c\u01b0\u1eddng l\u1ef1c d\u00e0y 6mm tr\u00e1ng men b\u00f3ng cao c\u1ea5p \u0110i\u1ec1u khi\u1ec3n c\u1ea3m \u1ee9ng 3 t\u1ed1c \u0111\u1ed9 L\u01b0\u1edbi l\u1ecdc thang inox + than ho\u1ea1t t\u00ednh \u0110\u00e8n led 2x2W Motor 1x170W C\u00f4ng su\u1ea5t h\u00fat [&#8230;]\n","protected":false},"featured_media":956,"comment_status":"open","ping_status":"closed","template":"","meta":[],"product_brand":[],"product_cat":[600,89,164],"product_tag":[167,86,91,178],"class_list":{"0":"post-893","1":"product","2":"type-product","3":"status-publish","4":"has-post-thumbnail","6":"product_cat-may-hut-mui-kaff","7":"product_cat-may-hut-mui-gan-tuong","8":"product_cat-thuong-hieu-kaff","9":"product_tag-kaff","10":"product_tag-may-hut-mui","11":"product_tag-may-hut-mui-ap-tuong","12":"product_tag-may-hut-mui-kaff","14":"first","15":"instock","16":"sale","17":"shipping-taxable","18":"purchasable","19":"product-type-simple"},"_links":{"self":[{"href":"https:\/\/livinghome.vn\/thiet-bi\/wp-json\/wp\/v2\/product\/893","targetHints":{"allow":["GET"]}}],"collection":[{"href":"https:\/\/livinghome.vn\/thiet-bi\/wp-json\/wp\/v2\/product"}],"about":[{"href":"https:\/\/livinghome.vn\/thiet-bi\/wp-json\/wp\/v2\/types\/product"}],"replies":[{"embeddable":true,"href":"https:\/\/livinghome.vn\/thiet-bi\/wp-json\/wp\/v2\/comments?post=893"}],"wp:featuredmedia":[{"embeddable":true,"href":"https:\/\/livinghome.vn\/thiet-bi\/wp-json\/wp\/v2\/media\/956"}],"wp:attachment":[{"href":"https:\/\/livinghome.vn\/thiet-bi\/wp-json\/wp\/v2\/media?parent=893"}],"wp:term":[{"taxonomy":"product_brand","embeddable":true,"href":"https:\/\/livinghome.vn\/thiet-bi\/wp-json\/wp\/v2\/product_brand?post=893"},{"taxonomy":"product_cat","embeddable":true,"href":"https:\/\/livinghome.vn\/thiet-bi\/wp-json\/wp\/v2\/product_cat?post=893"},{"taxonomy":"product_tag","embeddable":true,"href":"https:\/\/livinghome.vn\/thiet-bi\/wp-json\/wp\/v2\/product_tag?post=893"}],"curies":[{"name":"wp","href":"https:\/\/api.w.org\/{rel}","templated":true}]}}