{"id":891,"date":"2023-01-12T11:28:12","date_gmt":"2023-01-12T11:28:12","guid":{"rendered":"https:\/\/livinghome.vn\/thiet-bi\/?post_type=product&#038;p=891"},"modified":"2024-11-29T14:20:52","modified_gmt":"2024-11-29T07:20:52","slug":"may-hut-mui-kaff-kf-at900-am-ban","status":"publish","type":"product","link":"https:\/\/livinghome.vn\/thiet-bi\/may-hut-mui-kaff-kf-at900-am-ban\/","title":{"rendered":"M\u00e1y H\u00fat M\u00f9i Kaff KF-AT900 \u00c2m B\u00e0n 1000m3\/h"},"content":{"rendered":"<h2>M\u00e1y h\u00fat m\u00f9i Kaff KF-AT900 l\u00e0 m\u1ed9t trong c\u00e1c d\u00f2ng s\u1ea3n ph\u1ea9m m\u00e1y h\u00fat m\u00f9i cao c\u1ea5p \u00e2m b\u00e0n m\u1edbi nh\u1ea5t c\u1ee7a th\u01b0\u01a1ng hi\u1ec7u Kaff.<\/h2>\n<figure id=\"attachment_14485\" aria-describedby=\"caption-attachment-14485\" style=\"width: 1200px\" class=\"wp-caption alignnone\"><img loading=\"lazy\" decoding=\"async\" class=\"size-full wp-image-14485\" src=\"https:\/\/livinghome.vn\/thiet-bi\/wp-content\/uploads\/nha-bep\/kaff\/may-hut-mui\/may-hut-mui-am-ban\/may-hut-mui-am-ban-kaff-kf-at900\/may-hut-mui-kaff-kf-at900-8.jpg\" alt=\"M\u00e1y H\u00fat M\u00f9i Kaff KF-AT900\" width=\"1200\" height=\"900\" title=\"\" srcset=\"https:\/\/livinghome.vn\/thiet-bi\/wp-content\/uploads\/nha-bep\/kaff\/may-hut-mui\/may-hut-mui-am-ban\/may-hut-mui-am-ban-kaff-kf-at900\/may-hut-mui-kaff-kf-at900-8.jpg 1200w, https:\/\/livinghome.vn\/thiet-bi\/wp-content\/uploads\/nha-bep\/kaff\/may-hut-mui\/may-hut-mui-am-ban\/may-hut-mui-am-ban-kaff-kf-at900\/may-hut-mui-kaff-kf-at900-8-600x450.jpg 600w, https:\/\/livinghome.vn\/thiet-bi\/wp-content\/uploads\/nha-bep\/kaff\/may-hut-mui\/may-hut-mui-am-ban\/may-hut-mui-am-ban-kaff-kf-at900\/may-hut-mui-kaff-kf-at900-8-533x400.jpg 533w, https:\/\/livinghome.vn\/thiet-bi\/wp-content\/uploads\/nha-bep\/kaff\/may-hut-mui\/may-hut-mui-am-ban\/may-hut-mui-am-ban-kaff-kf-at900\/may-hut-mui-kaff-kf-at900-8-1067x800.jpg 1067w, https:\/\/livinghome.vn\/thiet-bi\/wp-content\/uploads\/nha-bep\/kaff\/may-hut-mui\/may-hut-mui-am-ban\/may-hut-mui-am-ban-kaff-kf-at900\/may-hut-mui-kaff-kf-at900-8-768x576.jpg 768w\" sizes=\"auto, (max-width: 1200px) 100vw, 1200px\" \/><figcaption id=\"caption-attachment-14485\" class=\"wp-caption-text\">M\u00e1y H\u00fat M\u00f9i Kaff KF-AT900<\/figcaption><\/figure>\n<p>\u0110\u01b0\u1ee3c thi\u1ebft k\u1ebf sang tr\u1ecdng, hi\u1ec7n \u0111\u1ea1i v\u1edbi ki\u1ec3u d\u00e1ng \u00e2m b\u00e0n b\u1ebfp, \u0111\u1ed3ng b\u1ed9 v\u1edbi h\u1ec7 th\u1ed1ng b\u1ebfp n\u1ea5u, t\u1ef7 l\u1ec7 k\u00edch th\u01b0\u1edbc c\u00e2n \u0111\u1ed1i h\u00e0i h\u00f2a ph\u00f9 h\u1ee3p v\u1edbi h\u1ea7u h\u1ebft kh\u00f4ng gian b\u1ebfp l\u1edbn nh\u1ecf kh\u00e1c nhau. M\u00e1y h\u00fat m\u00f9i \u00e2m b\u00e0n Kaff KF-AT900 s\u01b0\u0309 du\u0323ng thao t\u00e1c kh\u1edfi \u0111\u1ed9ng \u0111\u01a1n gi\u1ea3n, khi \u0111o\u0301 m\u00e1y s\u1ebd t\u1ef1 \u0111\u1ed9ng \u0111\u01b0\u1ee3c \u0111\u1ea9y l\u00ean t\u1eeb d\u01b0\u1edbi m\u1eb7t b\u00e0n b\u1ebfp v\u00e0 h\u00fat\/kh\u1eed t\u1ed1i \u0111a l\u01b0\u1ee3ng kh\u00f3i, m\u00f9i th\u1ee9c \u0103n \u0111ang \u0111un n\u1ea5u, tr\u1ea3 l\u1ea1i b\u1ea7u kh\u00f4ng kh\u00ed trong l\u00e0nh, tho\u00e1ng m\u00e1t cho kh\u00f4ng gian b\u1ebfp gia \u0111\u00ecnh.<\/p>\n<figure id=\"attachment_14481\" aria-describedby=\"caption-attachment-14481\" style=\"width: 900px\" class=\"wp-caption alignnone\"><img loading=\"lazy\" decoding=\"async\" class=\"size-full wp-image-14481\" src=\"https:\/\/livinghome.vn\/thiet-bi\/wp-content\/uploads\/nha-bep\/kaff\/may-hut-mui\/may-hut-mui-am-ban\/may-hut-mui-am-ban-kaff-kf-at900\/may-hut-mui-kaff-kf-at900-1.jpg\" alt=\"M\u00e1y H\u00fat M\u00f9i Kaff KF-AT900\" width=\"900\" height=\"900\" title=\"\" srcset=\"https:\/\/livinghome.vn\/thiet-bi\/wp-content\/uploads\/nha-bep\/kaff\/may-hut-mui\/may-hut-mui-am-ban\/may-hut-mui-am-ban-kaff-kf-at900\/may-hut-mui-kaff-kf-at900-1.jpg 900w, https:\/\/livinghome.vn\/thiet-bi\/wp-content\/uploads\/nha-bep\/kaff\/may-hut-mui\/may-hut-mui-am-ban\/may-hut-mui-am-ban-kaff-kf-at900\/may-hut-mui-kaff-kf-at900-1-300x300.jpg 300w, https:\/\/livinghome.vn\/thiet-bi\/wp-content\/uploads\/nha-bep\/kaff\/may-hut-mui\/may-hut-mui-am-ban\/may-hut-mui-am-ban-kaff-kf-at900\/may-hut-mui-kaff-kf-at900-1-100x100.jpg 100w, https:\/\/livinghome.vn\/thiet-bi\/wp-content\/uploads\/nha-bep\/kaff\/may-hut-mui\/may-hut-mui-am-ban\/may-hut-mui-am-ban-kaff-kf-at900\/may-hut-mui-kaff-kf-at900-1-600x600.jpg 600w, https:\/\/livinghome.vn\/thiet-bi\/wp-content\/uploads\/nha-bep\/kaff\/may-hut-mui\/may-hut-mui-am-ban\/may-hut-mui-am-ban-kaff-kf-at900\/may-hut-mui-kaff-kf-at900-1-400x400.jpg 400w, https:\/\/livinghome.vn\/thiet-bi\/wp-content\/uploads\/nha-bep\/kaff\/may-hut-mui\/may-hut-mui-am-ban\/may-hut-mui-am-ban-kaff-kf-at900\/may-hut-mui-kaff-kf-at900-1-800x800.jpg 800w, https:\/\/livinghome.vn\/thiet-bi\/wp-content\/uploads\/nha-bep\/kaff\/may-hut-mui\/may-hut-mui-am-ban\/may-hut-mui-am-ban-kaff-kf-at900\/may-hut-mui-kaff-kf-at900-1-280x280.jpg 280w, https:\/\/livinghome.vn\/thiet-bi\/wp-content\/uploads\/nha-bep\/kaff\/may-hut-mui\/may-hut-mui-am-ban\/may-hut-mui-am-ban-kaff-kf-at900\/may-hut-mui-kaff-kf-at900-1-768x768.jpg 768w\" sizes=\"auto, (max-width: 900px) 100vw, 900px\" \/><figcaption id=\"caption-attachment-14481\" class=\"wp-caption-text\">M\u00e1y H\u00fat M\u00f9i Kaff KF-AT900<\/figcaption><\/figure>\n<p>M\u00e1y h\u00fat kh\u00f3i kh\u1eed m\u00f9i \u00e2m b\u00e0n Kaff KF-AT900 c\u00f3 thi\u1ebft k\u1ebf t\u1eeb ch\u1ea5t li\u1ec7u inox cao c\u1ea5p ch\u1ed1ng g\u1ec9 c\u00f9ng v\u1edbi ph\u1ea7n m\u1eb7t k\u00ednh c\u01b0\u1eddng l\u1ef1c \u0111en b\u00f3ng sang tr\u1ecdng cao c\u1ea5p. K\u00edch th\u01b0\u1edbc m\u00e1y h\u00fat m\u00f9i \u00e2m b\u00e0n Kaff KF-AT900 t\u1ed5ng th\u1ec3 l\u00e0 970 x 869 x 87 mm, ph\u1ea7n kho\u00e9t \u0111\u00e1 \u0111\u1ec3 l\u1eafp \u0111\u1eb7t d\u1ea1ng \u00e2m 868 x 87.8 mm v\u00e0 \u0111\u1ed9 \u0111\u00f3ng m\u1edf l\u00e0 335 mm r\u1ea5t d\u1ec5 d\u00e0ng l\u1eafp \u0111\u1eb7t v\u1edbi c\u00e1c lo\u1ea1i kh\u00f4ng gian b\u1ebfp kh\u00e1c nhau.<\/p>\n<figure id=\"attachment_14482\" aria-describedby=\"caption-attachment-14482\" style=\"width: 900px\" class=\"wp-caption alignnone\"><img loading=\"lazy\" decoding=\"async\" class=\"size-full wp-image-14482\" src=\"https:\/\/livinghome.vn\/thiet-bi\/wp-content\/uploads\/nha-bep\/kaff\/may-hut-mui\/may-hut-mui-am-ban\/may-hut-mui-am-ban-kaff-kf-at900\/may-hut-mui-kaff-kf-at900-3.jpg\" alt=\"M\u00e1y H\u00fat M\u00f9i Kaff KF-AT900\" width=\"900\" height=\"900\" title=\"\" srcset=\"https:\/\/livinghome.vn\/thiet-bi\/wp-content\/uploads\/nha-bep\/kaff\/may-hut-mui\/may-hut-mui-am-ban\/may-hut-mui-am-ban-kaff-kf-at900\/may-hut-mui-kaff-kf-at900-3.jpg 900w, https:\/\/livinghome.vn\/thiet-bi\/wp-content\/uploads\/nha-bep\/kaff\/may-hut-mui\/may-hut-mui-am-ban\/may-hut-mui-am-ban-kaff-kf-at900\/may-hut-mui-kaff-kf-at900-3-300x300.jpg 300w, https:\/\/livinghome.vn\/thiet-bi\/wp-content\/uploads\/nha-bep\/kaff\/may-hut-mui\/may-hut-mui-am-ban\/may-hut-mui-am-ban-kaff-kf-at900\/may-hut-mui-kaff-kf-at900-3-100x100.jpg 100w, https:\/\/livinghome.vn\/thiet-bi\/wp-content\/uploads\/nha-bep\/kaff\/may-hut-mui\/may-hut-mui-am-ban\/may-hut-mui-am-ban-kaff-kf-at900\/may-hut-mui-kaff-kf-at900-3-600x600.jpg 600w, https:\/\/livinghome.vn\/thiet-bi\/wp-content\/uploads\/nha-bep\/kaff\/may-hut-mui\/may-hut-mui-am-ban\/may-hut-mui-am-ban-kaff-kf-at900\/may-hut-mui-kaff-kf-at900-3-400x400.jpg 400w, https:\/\/livinghome.vn\/thiet-bi\/wp-content\/uploads\/nha-bep\/kaff\/may-hut-mui\/may-hut-mui-am-ban\/may-hut-mui-am-ban-kaff-kf-at900\/may-hut-mui-kaff-kf-at900-3-800x800.jpg 800w, https:\/\/livinghome.vn\/thiet-bi\/wp-content\/uploads\/nha-bep\/kaff\/may-hut-mui\/may-hut-mui-am-ban\/may-hut-mui-am-ban-kaff-kf-at900\/may-hut-mui-kaff-kf-at900-3-280x280.jpg 280w, https:\/\/livinghome.vn\/thiet-bi\/wp-content\/uploads\/nha-bep\/kaff\/may-hut-mui\/may-hut-mui-am-ban\/may-hut-mui-am-ban-kaff-kf-at900\/may-hut-mui-kaff-kf-at900-3-768x768.jpg 768w\" sizes=\"auto, (max-width: 900px) 100vw, 900px\" \/><figcaption id=\"caption-attachment-14482\" class=\"wp-caption-text\">M\u00e1y H\u00fat M\u00f9i Kaff KF-AT900<\/figcaption><\/figure>\n<p>KF-AT900 co\u0301 kh\u1ea3 n\u0103ng h\u00fat tr\u1ef1c ti\u1ebfp kh\u00f3i, m\u00f9i th\u1ee9c \u0103n sau \u0111\u00f3 \u0111\u1ea9y tr\u1ef1c ti\u1ebfp ra b\u00ean ngo\u00e0i th\u00f4ng qua \u0111\u01b0\u1eddng \u1ed1ng tho\u00e1t ho\u1eb7c d\u00f9ng ch\u1ebf \u0111\u1ed9 h\u00fat kh\u00f3i r\u1ed3i kh\u1eed th\u00f4ng qua t\u1ea5m l\u01b0\u1edbi than ho\u1ea1t t\u00ednh. V\u1edbi hai ch\u1ebf \u0111\u1ed9 n\u00e0y, ng\u01b0\u1eddi d\u00f9ng c\u00f3 th\u1ec3 linh ho\u1ea1t chuy\u1ec3n \u0111\u1ed5i lu\u00e2n phi\u00ean t\u00f9y theo nhu c\u1ea7u r\u1ea5t ti\u1ec7n l\u1ee3i. B\u00ean c\u1ea1nh \u0111\u00f3, Kaff KF-AT900 \u0111\u01b0\u1ee3c trang b\u1ecb h\u1ec7 th\u1ed1ng b\u1ea3ng \u0111i\u1ec1u khi\u1ec3n c\u1ea3m \u1ee9ng si\u00eau nh\u1ea1y tr\u00ean m\u1eb7t k\u00ednh gi\u00fap linh ho\u1ea1t trong vi\u1ec7c thao t\u00e1c.<\/p>\n<figure id=\"attachment_14492\" aria-describedby=\"caption-attachment-14492\" style=\"width: 900px\" class=\"wp-caption alignnone\"><img loading=\"lazy\" decoding=\"async\" class=\"size-full wp-image-14492\" src=\"https:\/\/livinghome.vn\/thiet-bi\/wp-content\/uploads\/nha-bep\/kaff\/may-hut-mui\/may-hut-mui-am-ban\/may-hut-mui-am-ban-kaff-kf-at900\/may-hut-mui-kaff-kf-at900-7.jpg\" alt=\"M\u00e1y H\u00fat M\u00f9i Kaff KF-AT900\" width=\"900\" height=\"900\" title=\"\" srcset=\"https:\/\/livinghome.vn\/thiet-bi\/wp-content\/uploads\/nha-bep\/kaff\/may-hut-mui\/may-hut-mui-am-ban\/may-hut-mui-am-ban-kaff-kf-at900\/may-hut-mui-kaff-kf-at900-7.jpg 900w, https:\/\/livinghome.vn\/thiet-bi\/wp-content\/uploads\/nha-bep\/kaff\/may-hut-mui\/may-hut-mui-am-ban\/may-hut-mui-am-ban-kaff-kf-at900\/may-hut-mui-kaff-kf-at900-7-300x300.jpg 300w, https:\/\/livinghome.vn\/thiet-bi\/wp-content\/uploads\/nha-bep\/kaff\/may-hut-mui\/may-hut-mui-am-ban\/may-hut-mui-am-ban-kaff-kf-at900\/may-hut-mui-kaff-kf-at900-7-100x100.jpg 100w, https:\/\/livinghome.vn\/thiet-bi\/wp-content\/uploads\/nha-bep\/kaff\/may-hut-mui\/may-hut-mui-am-ban\/may-hut-mui-am-ban-kaff-kf-at900\/may-hut-mui-kaff-kf-at900-7-600x600.jpg 600w, https:\/\/livinghome.vn\/thiet-bi\/wp-content\/uploads\/nha-bep\/kaff\/may-hut-mui\/may-hut-mui-am-ban\/may-hut-mui-am-ban-kaff-kf-at900\/may-hut-mui-kaff-kf-at900-7-400x400.jpg 400w, https:\/\/livinghome.vn\/thiet-bi\/wp-content\/uploads\/nha-bep\/kaff\/may-hut-mui\/may-hut-mui-am-ban\/may-hut-mui-am-ban-kaff-kf-at900\/may-hut-mui-kaff-kf-at900-7-800x800.jpg 800w, https:\/\/livinghome.vn\/thiet-bi\/wp-content\/uploads\/nha-bep\/kaff\/may-hut-mui\/may-hut-mui-am-ban\/may-hut-mui-am-ban-kaff-kf-at900\/may-hut-mui-kaff-kf-at900-7-280x280.jpg 280w, https:\/\/livinghome.vn\/thiet-bi\/wp-content\/uploads\/nha-bep\/kaff\/may-hut-mui\/may-hut-mui-am-ban\/may-hut-mui-am-ban-kaff-kf-at900\/may-hut-mui-kaff-kf-at900-7-768x768.jpg 768w\" sizes=\"auto, (max-width: 900px) 100vw, 900px\" \/><figcaption id=\"caption-attachment-14492\" class=\"wp-caption-text\">M\u00e1y H\u00fat M\u00f9i Kaff KF-AT900<\/figcaption><\/figure>\n<p>M\u00e1y c\u00f3 2 ch\u1ebf \u0111\u1ed9 h\u00fat g\u1ed3m: h\u00fat kh\u1eed b\u1eb1ng than ho\u1ea1t t\u00ednh v\u00e0 h\u00fat \u0111\u1ea9y tr\u1ef1c ti\u1ebfp ra b\u00ean ngo\u00e0i. D\u01b0\u1edbi \u0111\u00e2y l\u00e0 g\u1ee3i \u00fd ch\u1ebf \u0111\u1ed9 h\u00fat ph\u00f9 h\u1ee3p cho t\u1eebng gian b\u1ebfp:<br \/>\n+ \u0110\u1ed1i v\u1edbi ch\u1ebf \u0111\u1ed9 h\u00fat \u0111\u1ea9y tr\u1ef1c ti\u1ebfp ra b\u00ean ngo\u00e0i, th\u01b0\u01a1\u0300ng d\u00f9ng cho c\u00e1c gian b\u1ebfp c\u00f3 \u0111\u01b0\u1eddng tho\u00e1t ho\u1eb7c h\u1ed9p k\u1ef9 thu\u1eadt. V\u1edbi ch\u1ebf \u0111\u1ed9 n\u00e0y, b\u1ea1n c\u00f3 th\u1ec3 ti\u1ebft ki\u1ec7m \u0111\u01b0\u1ee3c chi ph\u00ed thay than \u0111\u1ed3ng th\u1eddi \u0111\u1ea9y c\u00f4ng su\u1ea5t h\u00fat l\u00ean m\u1ee9c cao h\u01a1n, gi\u1ea3m thi\u1ec3u \u0111\u1ed9 \u1ed3n b\u1edfi kh\u00f4ng kh\u00ed \u0111\u01b0\u1ee3c \u0111\u1ea9y tr\u1ef1c ti\u1ebfp ra b\u00ean ngo\u00e0i qua \u0111\u01b0\u1eddng \u1ed1ng.<br \/>\n+ \u0110\u1ed1i v\u1edbi c\u00e1c gian b\u1ebfp kh\u00e9p k\u00edn kh\u00f4ng c\u00f3 l\u1ed1i tho\u00e1t, b\u1ea1n c\u00f3 th\u1ec3 s\u1eed d\u1ee5ng kh\u1eed b\u1eb1ng than ho\u1ea1t t\u00ednh. Kh\u00f4ng kh\u00ed s\u1ebd \u0111\u01b0\u1ee3c l\u1ecdc b\u1edbt m\u00f9i, b\u1ee5i b\u1ea9n c\u00f9ng d\u1ea7u m\u1ee1 \u0111\u1ed9c t\u1ed1, tr\u1ea3 l\u1ea1i kh\u00f4ng khi\u0301 trong la\u0300nh cho gian b\u1ebfp. Tuy nhi\u00ean, n\u00ea\u0301u s\u01b0\u0309 du\u0323ng ch\u1ebf \u0111\u1ed9 n\u00e0y, b\u1ea1n c\u1ea7n thay than sau 6 &#8211; 12 th\u00e1ng b\u1edfi ph\u1ea7n l\u1edbn b\u1ee5i b\u1ea9n, d\u1ea7u m\u1ee1 \u0111\u01b0\u1ee3c gi\u1eef l\u1ea1i trong than ho\u1ea1t t\u00ednh se\u0303 khi\u1ebfn c\u00f4ng su\u1ea5t h\u00fat c\u1ee7a m\u00e1y gi\u1ea3m \u0111i.<\/p>\n<figure id=\"attachment_14487\" aria-describedby=\"caption-attachment-14487\" style=\"width: 900px\" class=\"wp-caption alignnone\"><img loading=\"lazy\" decoding=\"async\" class=\"size-full wp-image-14487\" src=\"https:\/\/livinghome.vn\/thiet-bi\/wp-content\/uploads\/nha-bep\/kaff\/may-hut-mui\/may-hut-mui-am-ban\/may-hut-mui-am-ban-kaff-kf-at900\/may-hut-mui-kaff-kf-at900-9.jpg\" alt=\"M\u00e1y H\u00fat M\u00f9i Kaff KF-AT900\" width=\"900\" height=\"900\" title=\"\" srcset=\"https:\/\/livinghome.vn\/thiet-bi\/wp-content\/uploads\/nha-bep\/kaff\/may-hut-mui\/may-hut-mui-am-ban\/may-hut-mui-am-ban-kaff-kf-at900\/may-hut-mui-kaff-kf-at900-9.jpg 900w, https:\/\/livinghome.vn\/thiet-bi\/wp-content\/uploads\/nha-bep\/kaff\/may-hut-mui\/may-hut-mui-am-ban\/may-hut-mui-am-ban-kaff-kf-at900\/may-hut-mui-kaff-kf-at900-9-300x300.jpg 300w, https:\/\/livinghome.vn\/thiet-bi\/wp-content\/uploads\/nha-bep\/kaff\/may-hut-mui\/may-hut-mui-am-ban\/may-hut-mui-am-ban-kaff-kf-at900\/may-hut-mui-kaff-kf-at900-9-100x100.jpg 100w, https:\/\/livinghome.vn\/thiet-bi\/wp-content\/uploads\/nha-bep\/kaff\/may-hut-mui\/may-hut-mui-am-ban\/may-hut-mui-am-ban-kaff-kf-at900\/may-hut-mui-kaff-kf-at900-9-600x600.jpg 600w, https:\/\/livinghome.vn\/thiet-bi\/wp-content\/uploads\/nha-bep\/kaff\/may-hut-mui\/may-hut-mui-am-ban\/may-hut-mui-am-ban-kaff-kf-at900\/may-hut-mui-kaff-kf-at900-9-400x400.jpg 400w, https:\/\/livinghome.vn\/thiet-bi\/wp-content\/uploads\/nha-bep\/kaff\/may-hut-mui\/may-hut-mui-am-ban\/may-hut-mui-am-ban-kaff-kf-at900\/may-hut-mui-kaff-kf-at900-9-800x800.jpg 800w, https:\/\/livinghome.vn\/thiet-bi\/wp-content\/uploads\/nha-bep\/kaff\/may-hut-mui\/may-hut-mui-am-ban\/may-hut-mui-am-ban-kaff-kf-at900\/may-hut-mui-kaff-kf-at900-9-280x280.jpg 280w, https:\/\/livinghome.vn\/thiet-bi\/wp-content\/uploads\/nha-bep\/kaff\/may-hut-mui\/may-hut-mui-am-ban\/may-hut-mui-am-ban-kaff-kf-at900\/may-hut-mui-kaff-kf-at900-9-768x768.jpg 768w\" sizes=\"auto, (max-width: 900px) 100vw, 900px\" \/><figcaption id=\"caption-attachment-14487\" class=\"wp-caption-text\">M\u00e1y H\u00fat M\u00f9i Kaff KF-AT900<\/figcaption><\/figure>\n<ul>\n<li><a href=\"https:\/\/livinghome.vn\/thiet-bi\/may-hut-mui\/\">M\u00e1y h\u00fat m\u00f9i<\/a> nh\u1eadp kh\u1ea9u nguy\u00ean chi\u1ebfc Malaysia<\/li>\n<li>H\u00e3ng s\u1ea3n Xu\u1eadt KAFF<\/li>\n<li>B\u1ea3o h\u00e0nh 3 n\u0103m ch\u00ednh h\u00e3ng<\/li>\n<li>M\u00e1y h\u00fat m\u00f9i t\u1ef1 \u0111\u1ed9ng l\u00ean xu\u1ed1ng<\/li>\n<li>B\u1ea3ng \u0111i\u1ec1u khi\u1ec3n d\u1ea1ng c\u1ea3m \u1ee9ng<\/li>\n<li>04 d\u1ea3i t\u1ed1c \u0111\u1ed9<\/li>\n<li>C\u00f4ng su\u1ea5t h\u00fat 1000m3\/h<\/li>\n<li>T\u1ef1 \u0111\u1ed9ng c\u1ea3m \u1ee9ng h\u00fat kh\u00f3i, nhi\u1ec7t<\/li>\n<li>Th\u00e2n inox<\/li>\n<li>M\u1eb7t tr\u00ean k\u00ednh c\u01b0\u1eddng l\u1ef1c<\/li>\n<li>S\u1eed d\u1ee5ng \u0111\u00e8n Led bar 1.5W<\/li>\n<li>\u0110\u1ed9 cao khi m\u1edf m\u00e1y 335mm<\/li>\n<li>L\u01b0\u1edbi l\u1ecdc 5 l\u1edbp + than ho\u1ea1t t\u00ednh<\/li>\n<li>Ch\u1ebf \u0111\u1ed9 h\u00fat kh\u1eed b\u1eb1ng than ho\u1ea1t t\u00ednh<\/li>\n<li>K\u00edch th\u01b0\u1edbc s\u1ea3n ph\u1ea9m: 970x869x87mm<\/li>\n<li>K\u00edch th\u01b0\u1edbc kho\u00e9t \u0111\u00e1: 868\u00d787.8 mm<\/li>\n<\/ul>\n<p>Xu\u1ea5t x\u1ee9: Malaysia<\/p>\n<h3>H\u00ecnh \u1ea3nh l\u1eafp \u0111\u1eb7t th\u1ef1c t\u1ebf M\u00e1y H\u00fat M\u00f9i Kaff KF-AT900:<\/h3>\n<figure id=\"attachment_14490\" aria-describedby=\"caption-attachment-14490\" style=\"width: 1200px\" class=\"wp-caption alignnone\"><img loading=\"lazy\" decoding=\"async\" class=\"size-full wp-image-14490\" src=\"https:\/\/livinghome.vn\/thiet-bi\/wp-content\/uploads\/nha-bep\/kaff\/may-hut-mui\/may-hut-mui-am-ban\/may-hut-mui-am-ban-kaff-kf-at900\/may-hut-mui-kaff-kf-at900-hinh-anh-thuc-te-2.jpg\" alt=\"H\u00ecnh \u1ea3nh l\u1eafp \u0111\u1eb7t th\u1ef1c t\u1ebf M\u00e1y H\u00fat M\u00f9i Kaff KF-AT900\" width=\"1200\" height=\"900\" title=\"\" srcset=\"https:\/\/livinghome.vn\/thiet-bi\/wp-content\/uploads\/nha-bep\/kaff\/may-hut-mui\/may-hut-mui-am-ban\/may-hut-mui-am-ban-kaff-kf-at900\/may-hut-mui-kaff-kf-at900-hinh-anh-thuc-te-2.jpg 1200w, https:\/\/livinghome.vn\/thiet-bi\/wp-content\/uploads\/nha-bep\/kaff\/may-hut-mui\/may-hut-mui-am-ban\/may-hut-mui-am-ban-kaff-kf-at900\/may-hut-mui-kaff-kf-at900-hinh-anh-thuc-te-2-600x450.jpg 600w, https:\/\/livinghome.vn\/thiet-bi\/wp-content\/uploads\/nha-bep\/kaff\/may-hut-mui\/may-hut-mui-am-ban\/may-hut-mui-am-ban-kaff-kf-at900\/may-hut-mui-kaff-kf-at900-hinh-anh-thuc-te-2-533x400.jpg 533w, https:\/\/livinghome.vn\/thiet-bi\/wp-content\/uploads\/nha-bep\/kaff\/may-hut-mui\/may-hut-mui-am-ban\/may-hut-mui-am-ban-kaff-kf-at900\/may-hut-mui-kaff-kf-at900-hinh-anh-thuc-te-2-1067x800.jpg 1067w, https:\/\/livinghome.vn\/thiet-bi\/wp-content\/uploads\/nha-bep\/kaff\/may-hut-mui\/may-hut-mui-am-ban\/may-hut-mui-am-ban-kaff-kf-at900\/may-hut-mui-kaff-kf-at900-hinh-anh-thuc-te-2-768x576.jpg 768w\" sizes=\"auto, (max-width: 1200px) 100vw, 1200px\" \/><figcaption id=\"caption-attachment-14490\" class=\"wp-caption-text\">H\u00ecnh \u1ea3nh l\u1eafp \u0111\u1eb7t th\u1ef1c t\u1ebf M\u00e1y H\u00fat M\u00f9i Kaff KF-AT900<\/figcaption><\/figure>\n<figure id=\"attachment_14491\" aria-describedby=\"caption-attachment-14491\" style=\"width: 900px\" class=\"wp-caption alignnone\"><img loading=\"lazy\" decoding=\"async\" class=\"size-full wp-image-14491\" src=\"https:\/\/livinghome.vn\/thiet-bi\/wp-content\/uploads\/nha-bep\/kaff\/may-hut-mui\/may-hut-mui-am-ban\/may-hut-mui-am-ban-kaff-kf-at900\/may-hut-mui-kaff-kf-at900-hinh-anh-thuc-te-3.jpg\" alt=\"H\u00ecnh \u1ea3nh l\u1eafp \u0111\u1eb7t th\u1ef1c t\u1ebf M\u00e1y H\u00fat M\u00f9i Kaff KF-AT900\" width=\"900\" height=\"900\" title=\"\" srcset=\"https:\/\/livinghome.vn\/thiet-bi\/wp-content\/uploads\/nha-bep\/kaff\/may-hut-mui\/may-hut-mui-am-ban\/may-hut-mui-am-ban-kaff-kf-at900\/may-hut-mui-kaff-kf-at900-hinh-anh-thuc-te-3.jpg 900w, https:\/\/livinghome.vn\/thiet-bi\/wp-content\/uploads\/nha-bep\/kaff\/may-hut-mui\/may-hut-mui-am-ban\/may-hut-mui-am-ban-kaff-kf-at900\/may-hut-mui-kaff-kf-at900-hinh-anh-thuc-te-3-300x300.jpg 300w, https:\/\/livinghome.vn\/thiet-bi\/wp-content\/uploads\/nha-bep\/kaff\/may-hut-mui\/may-hut-mui-am-ban\/may-hut-mui-am-ban-kaff-kf-at900\/may-hut-mui-kaff-kf-at900-hinh-anh-thuc-te-3-100x100.jpg 100w, https:\/\/livinghome.vn\/thiet-bi\/wp-content\/uploads\/nha-bep\/kaff\/may-hut-mui\/may-hut-mui-am-ban\/may-hut-mui-am-ban-kaff-kf-at900\/may-hut-mui-kaff-kf-at900-hinh-anh-thuc-te-3-600x600.jpg 600w, https:\/\/livinghome.vn\/thiet-bi\/wp-content\/uploads\/nha-bep\/kaff\/may-hut-mui\/may-hut-mui-am-ban\/may-hut-mui-am-ban-kaff-kf-at900\/may-hut-mui-kaff-kf-at900-hinh-anh-thuc-te-3-400x400.jpg 400w, https:\/\/livinghome.vn\/thiet-bi\/wp-content\/uploads\/nha-bep\/kaff\/may-hut-mui\/may-hut-mui-am-ban\/may-hut-mui-am-ban-kaff-kf-at900\/may-hut-mui-kaff-kf-at900-hinh-anh-thuc-te-3-800x800.jpg 800w, https:\/\/livinghome.vn\/thiet-bi\/wp-content\/uploads\/nha-bep\/kaff\/may-hut-mui\/may-hut-mui-am-ban\/may-hut-mui-am-ban-kaff-kf-at900\/may-hut-mui-kaff-kf-at900-hinh-anh-thuc-te-3-280x280.jpg 280w, https:\/\/livinghome.vn\/thiet-bi\/wp-content\/uploads\/nha-bep\/kaff\/may-hut-mui\/may-hut-mui-am-ban\/may-hut-mui-am-ban-kaff-kf-at900\/may-hut-mui-kaff-kf-at900-hinh-anh-thuc-te-3-768x768.jpg 768w\" sizes=\"auto, (max-width: 900px) 100vw, 900px\" \/><figcaption id=\"caption-attachment-14491\" class=\"wp-caption-text\">H\u00ecnh \u1ea3nh l\u1eafp \u0111\u1eb7t th\u1ef1c t\u1ebf M\u00e1y H\u00fat M\u00f9i Kaff KF-AT900<\/figcaption><\/figure>\n<figure id=\"attachment_14489\" aria-describedby=\"caption-attachment-14489\" style=\"width: 900px\" class=\"wp-caption alignnone\"><img loading=\"lazy\" decoding=\"async\" class=\"size-full wp-image-14489\" src=\"https:\/\/livinghome.vn\/thiet-bi\/wp-content\/uploads\/nha-bep\/kaff\/may-hut-mui\/may-hut-mui-am-ban\/may-hut-mui-am-ban-kaff-kf-at900\/may-hut-mui-kaff-kf-at900-hinh-anh-thuc-te-1.jpg\" alt=\"H\u00ecnh \u1ea3nh l\u1eafp \u0111\u1eb7t th\u1ef1c t\u1ebf M\u00e1y H\u00fat M\u00f9i Kaff KF-AT900\" width=\"900\" height=\"900\" title=\"\" srcset=\"https:\/\/livinghome.vn\/thiet-bi\/wp-content\/uploads\/nha-bep\/kaff\/may-hut-mui\/may-hut-mui-am-ban\/may-hut-mui-am-ban-kaff-kf-at900\/may-hut-mui-kaff-kf-at900-hinh-anh-thuc-te-1.jpg 900w, https:\/\/livinghome.vn\/thiet-bi\/wp-content\/uploads\/nha-bep\/kaff\/may-hut-mui\/may-hut-mui-am-ban\/may-hut-mui-am-ban-kaff-kf-at900\/may-hut-mui-kaff-kf-at900-hinh-anh-thuc-te-1-300x300.jpg 300w, https:\/\/livinghome.vn\/thiet-bi\/wp-content\/uploads\/nha-bep\/kaff\/may-hut-mui\/may-hut-mui-am-ban\/may-hut-mui-am-ban-kaff-kf-at900\/may-hut-mui-kaff-kf-at900-hinh-anh-thuc-te-1-100x100.jpg 100w, https:\/\/livinghome.vn\/thiet-bi\/wp-content\/uploads\/nha-bep\/kaff\/may-hut-mui\/may-hut-mui-am-ban\/may-hut-mui-am-ban-kaff-kf-at900\/may-hut-mui-kaff-kf-at900-hinh-anh-thuc-te-1-600x600.jpg 600w, https:\/\/livinghome.vn\/thiet-bi\/wp-content\/uploads\/nha-bep\/kaff\/may-hut-mui\/may-hut-mui-am-ban\/may-hut-mui-am-ban-kaff-kf-at900\/may-hut-mui-kaff-kf-at900-hinh-anh-thuc-te-1-400x400.jpg 400w, https:\/\/livinghome.vn\/thiet-bi\/wp-content\/uploads\/nha-bep\/kaff\/may-hut-mui\/may-hut-mui-am-ban\/may-hut-mui-am-ban-kaff-kf-at900\/may-hut-mui-kaff-kf-at900-hinh-anh-thuc-te-1-800x800.jpg 800w, https:\/\/livinghome.vn\/thiet-bi\/wp-content\/uploads\/nha-bep\/kaff\/may-hut-mui\/may-hut-mui-am-ban\/may-hut-mui-am-ban-kaff-kf-at900\/may-hut-mui-kaff-kf-at900-hinh-anh-thuc-te-1-280x280.jpg 280w, https:\/\/livinghome.vn\/thiet-bi\/wp-content\/uploads\/nha-bep\/kaff\/may-hut-mui\/may-hut-mui-am-ban\/may-hut-mui-am-ban-kaff-kf-at900\/may-hut-mui-kaff-kf-at900-hinh-anh-thuc-te-1-768x768.jpg 768w\" sizes=\"auto, (max-width: 900px) 100vw, 900px\" \/><figcaption id=\"caption-attachment-14489\" class=\"wp-caption-text\">H\u00ecnh \u1ea3nh l\u1eafp \u0111\u1eb7t th\u1ef1c t\u1ebf M\u00e1y H\u00fat M\u00f9i Kaff KF-AT900<\/figcaption><\/figure>\n","protected":false},"excerpt":{"rendered":"<p>M\u00e1y h\u00fat m\u00f9i Kaff KF-AT900 l\u00e0 m\u1ed9t trong c\u00e1c d\u00f2ng s\u1ea3n ph\u1ea9m m\u00e1y h\u00fat m\u00f9i cao c\u1ea5p \u00e2m b\u00e0n m\u1edbi nh\u1ea5t c\u1ee7a th\u01b0\u01a1ng hi\u1ec7u Kaff. \u0110\u01b0\u1ee3c thi\u1ebft k\u1ebf sang tr\u1ecdng, hi\u1ec7n \u0111\u1ea1i v\u1edbi ki\u1ec3u d\u00e1ng \u00e2m b\u00e0n b\u1ebfp, \u0111\u1ed3ng b\u1ed9 v\u1edbi h\u1ec7 th\u1ed1ng b\u1ebfp n\u1ea5u, t\u1ef7 l\u1ec7 k\u00edch th\u01b0\u1edbc c\u00e2n \u0111\u1ed1i h\u00e0i h\u00f2a ph\u00f9 h\u1ee3p [&#8230;]\n","protected":false},"featured_media":14486,"comment_status":"open","ping_status":"closed","template":"","meta":[],"product_brand":[],"product_cat":[600,278,164],"product_tag":[167,86,280,178],"class_list":{"0":"post-891","1":"product","2":"type-product","3":"status-publish","4":"has-post-thumbnail","6":"product_cat-may-hut-mui-kaff","7":"product_cat-may-hut-mui-am-ban","8":"product_cat-thuong-hieu-kaff","9":"product_tag-kaff","10":"product_tag-may-hut-mui","11":"product_tag-may-hut-mui-am-ban","12":"product_tag-may-hut-mui-kaff","14":"first","15":"instock","16":"sale","17":"shipping-taxable","18":"purchasable","19":"product-type-simple"},"_links":{"self":[{"href":"https:\/\/livinghome.vn\/thiet-bi\/wp-json\/wp\/v2\/product\/891","targetHints":{"allow":["GET"]}}],"collection":[{"href":"https:\/\/livinghome.vn\/thiet-bi\/wp-json\/wp\/v2\/product"}],"about":[{"href":"https:\/\/livinghome.vn\/thiet-bi\/wp-json\/wp\/v2\/types\/product"}],"replies":[{"embeddable":true,"href":"https:\/\/livinghome.vn\/thiet-bi\/wp-json\/wp\/v2\/comments?post=891"}],"wp:featuredmedia":[{"embeddable":true,"href":"https:\/\/livinghome.vn\/thiet-bi\/wp-json\/wp\/v2\/media\/14486"}],"wp:attachment":[{"href":"https:\/\/livinghome.vn\/thiet-bi\/wp-json\/wp\/v2\/media?parent=891"}],"wp:term":[{"taxonomy":"product_brand","embeddable":true,"href":"https:\/\/livinghome.vn\/thiet-bi\/wp-json\/wp\/v2\/product_brand?post=891"},{"taxonomy":"product_cat","embeddable":true,"href":"https:\/\/livinghome.vn\/thiet-bi\/wp-json\/wp\/v2\/product_cat?post=891"},{"taxonomy":"product_tag","embeddable":true,"href":"https:\/\/livinghome.vn\/thiet-bi\/wp-json\/wp\/v2\/product_tag?post=891"}],"curies":[{"name":"wp","href":"https:\/\/api.w.org\/{rel}","templated":true}]}}