{"id":889,"date":"2023-01-12T11:28:12","date_gmt":"2023-01-12T11:28:12","guid":{"rendered":"https:\/\/livinghome.vn\/thiet-bi\/?post_type=product&#038;p=889"},"modified":"2024-11-29T14:20:51","modified_gmt":"2024-11-29T07:20:51","slug":"may-hut-mui-kaff-kf-is380crb","status":"publish","type":"product","link":"https:\/\/livinghome.vn\/thiet-bi\/may-hut-mui-kaff-kf-is380crb\/","title":{"rendered":"M\u00e1y h\u00fat m\u00f9i Kaff KF-IS380CRB treo \u0111\u1ed9c l\u1eadp thi\u1ebft k\u1ebf k\u00ednh tr\u00f2n sang tr\u1ecdng"},"content":{"rendered":"<h2><a href=\"https:\/\/livinghome.vn\/thiet-bi\/may-hut-mui\/\">M\u00e1y h\u00fat m\u00f9i<\/a> Kaff KF-IS380CRB k\u00ednh tr\u00f2n treo \u0111\u1ed9c l\u1eadp v\u1edbi c\u00f4ng su\u1ea5t h\u00fat m\u00f9i t\u1ed1i \u0111a<\/h2>\n<figure id=\"attachment_45342\" aria-describedby=\"caption-attachment-45342\" style=\"width: 800px\" class=\"wp-caption alignnone\"><img loading=\"lazy\" decoding=\"async\" class=\"size-large wp-image-45342\" src=\"https:\/\/livinghome.vn\/thiet-bi\/wp-content\/uploads\/nha-bep\/kaff\/may-hut-mui\/may-hut-mui-treo-doc-lap\/may-hut-mui-treo-doc-lap-kaff-kf-is380crb-800x800.jpg\" alt=\"M\u00e1y h\u00fat m\u00f9i Kaff KF-IS380CRB \" width=\"800\" height=\"800\" title=\"\"><figcaption id=\"caption-attachment-45342\" class=\"wp-caption-text\">M\u00e1y h\u00fat m\u00f9i Kaff KF-IS380CRB<\/figcaption><\/figure>\n<p>\u2022 M\u00e1y h\u00fat m\u00f9i k\u00ednh tr\u00f2n treo \u0111\u1ed9c l\u1eadp<br \/>\n\u2022 Th\u00e2n m\u00e1y b\u1eb1ng s\u01a1n t\u0129nh \u0111i\u1ec7n<br \/>\n\u2022 \u0110i\u1ec1u khi\u1ec3n \u0111i\u1ec7n t\u1eed 3 t\u1ed1c \u0111\u1ed9<br \/>\n\u2022 L\u01b0\u1edbi l\u1ecdc inox + 02 than ho\u1ea1t t\u00ednh<br \/>\n\u2022 \u0110\u00e8n led Bar 3x2W<br \/>\n\u2022 Motor 1x250W<br \/>\n\u2022 C\u00f4ng su\u1ea5t h\u00fat t\u1ed1i \u0111a 1000m3\/h<br \/>\n\u2022 \u0110\u1ed9 \u1ed3n maximum 48dB<br \/>\n\u2022 \u1ed0ng tho\u00e1t D150 + 2m \u1ed1ng m\u1ec1m k\u00e8m theo<br \/>\n\u2022 \u1ed0p \u1ed1ng kh\u00f3i 380mm<br \/>\n\u2022 K\u00edch th\u01b0\u1edbc: 760x(min 892.5 \u2013 Max 1333mm)x380mm<\/p>\n","protected":false},"excerpt":{"rendered":"<p>M\u00e1y h\u00fat m\u00f9i Kaff KF-IS380CRB k\u00ednh tr\u00f2n treo \u0111\u1ed9c l\u1eadp v\u1edbi c\u00f4ng su\u1ea5t h\u00fat m\u00f9i t\u1ed1i \u0111a \u2022 M\u00e1y h\u00fat m\u00f9i k\u00ednh tr\u00f2n treo \u0111\u1ed9c l\u1eadp \u2022 Th\u00e2n m\u00e1y b\u1eb1ng s\u01a1n t\u0129nh \u0111i\u1ec7n \u2022 \u0110i\u1ec1u khi\u1ec3n \u0111i\u1ec7n t\u1eed 3 t\u1ed1c \u0111\u1ed9 \u2022 L\u01b0\u1edbi l\u1ecdc inox + 02 than ho\u1ea1t t\u00ednh \u2022 \u0110\u00e8n led Bar 3x2W [&#8230;]\n","protected":false},"featured_media":951,"comment_status":"open","ping_status":"closed","template":"","meta":[],"product_brand":[],"product_cat":[600,134,164],"product_tag":[167,86,135,189],"class_list":{"0":"post-889","1":"product","2":"type-product","3":"status-publish","4":"has-post-thumbnail","6":"product_cat-may-hut-mui-kaff","7":"product_cat-may-hut-mui-oc-dao","8":"product_cat-thuong-hieu-kaff","9":"product_tag-kaff","10":"product_tag-may-hut-mui","11":"product_tag-may-hut-mui-dao","12":"product_tag-may-hut-mui-doc-lap","14":"first","15":"instock","16":"sale","17":"shipping-taxable","18":"purchasable","19":"product-type-simple"},"_links":{"self":[{"href":"https:\/\/livinghome.vn\/thiet-bi\/wp-json\/wp\/v2\/product\/889","targetHints":{"allow":["GET"]}}],"collection":[{"href":"https:\/\/livinghome.vn\/thiet-bi\/wp-json\/wp\/v2\/product"}],"about":[{"href":"https:\/\/livinghome.vn\/thiet-bi\/wp-json\/wp\/v2\/types\/product"}],"replies":[{"embeddable":true,"href":"https:\/\/livinghome.vn\/thiet-bi\/wp-json\/wp\/v2\/comments?post=889"}],"wp:featuredmedia":[{"embeddable":true,"href":"https:\/\/livinghome.vn\/thiet-bi\/wp-json\/wp\/v2\/media\/951"}],"wp:attachment":[{"href":"https:\/\/livinghome.vn\/thiet-bi\/wp-json\/wp\/v2\/media?parent=889"}],"wp:term":[{"taxonomy":"product_brand","embeddable":true,"href":"https:\/\/livinghome.vn\/thiet-bi\/wp-json\/wp\/v2\/product_brand?post=889"},{"taxonomy":"product_cat","embeddable":true,"href":"https:\/\/livinghome.vn\/thiet-bi\/wp-json\/wp\/v2\/product_cat?post=889"},{"taxonomy":"product_tag","embeddable":true,"href":"https:\/\/livinghome.vn\/thiet-bi\/wp-json\/wp\/v2\/product_tag?post=889"}],"curies":[{"name":"wp","href":"https:\/\/api.w.org\/{rel}","templated":true}]}}