{"id":872,"date":"2023-01-12T11:27:49","date_gmt":"2023-01-12T11:27:49","guid":{"rendered":"https:\/\/livinghome.vn\/thiet-bi\/?post_type=product&#038;p=872"},"modified":"2024-11-29T14:20:52","modified_gmt":"2024-11-29T07:20:52","slug":"bep-dien-tu-kaff-kf-ig3001ih","status":"publish","type":"product","link":"https:\/\/livinghome.vn\/thiet-bi\/bep-dien-tu-kaff-kf-ig3001ih\/","title":{"rendered":"B\u1ebfp \u0110i\u1ec7n T\u1eeb Kaff KF-IG3001IH 78CM 2 T\u1eeb 1 \u0110i\u1ec7n K\u00ednh Crystal"},"content":{"rendered":"<h2>B\u1ebfp \u0111i\u1ec7n t\u1eeb Kaff KF-IG3001H 03 v\u00f9ng n\u1ea5u m\u1ea1nh m\u1ebd v\u1edbi 10 ch\u01b0\u01a1ng tr\u00ecnh n\u1ea5u \u0111a d\u1ea1ng<\/h2>\n<figure id=\"attachment_14609\" aria-describedby=\"caption-attachment-14609\" style=\"width: 1200px\" class=\"wp-caption alignnone\"><img loading=\"lazy\" decoding=\"async\" class=\"size-full wp-image-14609\" src=\"https:\/\/livinghome.vn\/thiet-bi\/wp-content\/uploads\/nha-bep\/kaff\/bep-dien-tu\/bep-dien-tu-kaff-kf-ig3001ih\/bep-dien-tu-kaff-kf-ig3001ih-3.jpg\" alt=\"B\u1ebfp \u0110i\u1ec7n T\u1eeb Kaff KF-IG3001IH\" width=\"1200\" height=\"900\" title=\"\" srcset=\"https:\/\/livinghome.vn\/thiet-bi\/wp-content\/uploads\/nha-bep\/kaff\/bep-dien-tu\/bep-dien-tu-kaff-kf-ig3001ih\/bep-dien-tu-kaff-kf-ig3001ih-3.jpg 1200w, https:\/\/livinghome.vn\/thiet-bi\/wp-content\/uploads\/nha-bep\/kaff\/bep-dien-tu\/bep-dien-tu-kaff-kf-ig3001ih\/bep-dien-tu-kaff-kf-ig3001ih-3-600x450.jpg 600w, https:\/\/livinghome.vn\/thiet-bi\/wp-content\/uploads\/nha-bep\/kaff\/bep-dien-tu\/bep-dien-tu-kaff-kf-ig3001ih\/bep-dien-tu-kaff-kf-ig3001ih-3-533x400.jpg 533w, https:\/\/livinghome.vn\/thiet-bi\/wp-content\/uploads\/nha-bep\/kaff\/bep-dien-tu\/bep-dien-tu-kaff-kf-ig3001ih\/bep-dien-tu-kaff-kf-ig3001ih-3-1067x800.jpg 1067w, https:\/\/livinghome.vn\/thiet-bi\/wp-content\/uploads\/nha-bep\/kaff\/bep-dien-tu\/bep-dien-tu-kaff-kf-ig3001ih\/bep-dien-tu-kaff-kf-ig3001ih-3-768x576.jpg 768w\" sizes=\"auto, (max-width: 1200px) 100vw, 1200px\" \/><figcaption id=\"caption-attachment-14609\" class=\"wp-caption-text\">B\u1ebfp \u0110i\u1ec7n T\u1eeb Kaff KF-IG3001IH<\/figcaption><\/figure>\n<p>B\u1ebfp \u0110i\u1ec7n T\u1eeb KAFF KF-IG3001IH l\u00e0 d\u00f2ng b\u1ebfp t\u1eeb th\u00f4ng minh 3 v\u00f9ng n\u1ea5u th\u1ebf h\u1ec7 m\u1edbi 2021 c\u1ee7a t\u1eadp \u0111o\u00e0n KAFF, b\u1ebfp \u0111\u01b0\u1ee3c nh\u1eadp nguy\u00ean chi\u1ebfc t\u1eeb Malaysia v\u1edbi thi\u1ebft k\u1ebf n\u1ed5i b\u1eadt c\u00f4ng ngh\u1ec7 \u0111i\u1ec1u khi\u1ec3n c\u1ea3m \u1ee9ng 3 Slider ri\u00eang. M\u1eb7t k\u00ednh \u0111\u01b0\u1ee3c bo vi\u1ec1n inox 4 c\u1ea1nh ch\u1ed1ng va \u0111\u1eadp, b\u1ea3o v\u1ec7 k\u00ednh. Ch\u1ee9c n\u0103ng m\u1edbi \u0111\u1eb7t bi\u1ec7t chi\u00ean r\u00e1n, h\u00e2m n\u00f3ng, r\u1ea3 \u0111\u00f4ng, n\u1ea5u c\u01a1m, t\u1ea1m d\u1eebng, c\u1ea3m \u1ee9ng ch\u1ed1ng tr\u00e0n.<\/p>\n<figure id=\"attachment_14607\" aria-describedby=\"caption-attachment-14607\" style=\"width: 1200px\" class=\"wp-caption alignnone\"><img loading=\"lazy\" decoding=\"async\" class=\"size-full wp-image-14607\" src=\"https:\/\/livinghome.vn\/thiet-bi\/wp-content\/uploads\/nha-bep\/kaff\/bep-dien-tu\/bep-dien-tu-kaff-kf-ig3001ih\/bep-dien-tu-kaff-kf-ig3001ih-2.jpg\" alt=\"B\u1ebfp \u0110i\u1ec7n T\u1eeb Kaff KF-IG3001IH\" width=\"1200\" height=\"900\" title=\"\" srcset=\"https:\/\/livinghome.vn\/thiet-bi\/wp-content\/uploads\/nha-bep\/kaff\/bep-dien-tu\/bep-dien-tu-kaff-kf-ig3001ih\/bep-dien-tu-kaff-kf-ig3001ih-2.jpg 1200w, https:\/\/livinghome.vn\/thiet-bi\/wp-content\/uploads\/nha-bep\/kaff\/bep-dien-tu\/bep-dien-tu-kaff-kf-ig3001ih\/bep-dien-tu-kaff-kf-ig3001ih-2-600x450.jpg 600w, https:\/\/livinghome.vn\/thiet-bi\/wp-content\/uploads\/nha-bep\/kaff\/bep-dien-tu\/bep-dien-tu-kaff-kf-ig3001ih\/bep-dien-tu-kaff-kf-ig3001ih-2-533x400.jpg 533w, https:\/\/livinghome.vn\/thiet-bi\/wp-content\/uploads\/nha-bep\/kaff\/bep-dien-tu\/bep-dien-tu-kaff-kf-ig3001ih\/bep-dien-tu-kaff-kf-ig3001ih-2-1067x800.jpg 1067w, https:\/\/livinghome.vn\/thiet-bi\/wp-content\/uploads\/nha-bep\/kaff\/bep-dien-tu\/bep-dien-tu-kaff-kf-ig3001ih\/bep-dien-tu-kaff-kf-ig3001ih-2-768x576.jpg 768w\" sizes=\"auto, (max-width: 1200px) 100vw, 1200px\" \/><figcaption id=\"caption-attachment-14607\" class=\"wp-caption-text\">B\u1ebfp \u0110i\u1ec7n T\u1eeb Kaff KF-IG3001IH<\/figcaption><\/figure>\n<p>B\u1ebfp \u0111i\u1ec7n t\u1eeb Kaff KF-IG3001IH thi\u1ebft k\u1ebf m\u1eb7t k\u00ednh m\u00e0i v\u00e1t ngh\u1ec7 thu\u1eadt 04 c\u1ea1nh \u0111\u1ed3ng th\u1eddi bo vi\u1ec1n kim lo\u1ea1i 4 c\u1ea1nh l\u00e0m t\u0103ng th\u00eam v\u1ebb sang tr\u1ecdng v\u00e0 thanh l\u1ecbch cho s\u1ea3n ph\u1ea9m<\/p>\n<p>B\u1ebfp \u0110i\u1ec7n T\u1eeb KAFF KF-IG3001IH v\u1edbi c\u00f4ng ngh\u1ec7 Inverter th\u00f4ng minh v\u01b0\u1ee3t tr\u1ed9i gi\u00fap l\u00e0m gi\u1ea3m l\u01b0\u1ee3ng ti\u00eau th\u1ee5 \u0111i\u1ec7n c\u1ee7a c\u00e1c s\u1ea3n ph\u1ea9m c\u00f3 s\u1eed d\u1ee5ng l\u00f5i t\u1eeb c\u1ee7a b\u1ebfp t\u1eeb. Ngo\u00e0i ra c\u00f4ng ngh\u1ec7 Inverter c\u00f2n gi\u00fap b\u1ebfp t\u1eeb \u0111i\u1ec1u ch\u1ec9nh m\u1ee9c c\u00f4ng su\u1ea5t ph\u00f9 h\u1ee3p \u0111\u1ec3 kh\u00f4ng l\u00e0m ti\u00eau th\u1ee5 nhi\u1ec1u \u0111i\u1ec7n n\u0103ng. B\u1ebfp \u0110i\u1ec7n T\u1eeb KAFF KF-IG3001IH v\u1edbi c\u1ea3m bi\u1ebfn th\u00f4ng minh s\u1ebd c\u1ed1 \u0111\u1ecbnh c\u00f4ng su\u1ea5t ti\u00eau th\u1ee5 \u0111i\u1ec7n khi \u0111un n\u1ea5u, kh\u00f4ng b\u1eadt t\u1eaft li\u00ean t\u1ee5c nh\u01b0 c\u00e1c b\u1ebfp t\u1eeb th\u00f4ng th\u01b0\u1eddng kh\u00e1c (t\u1ef1 \u0111\u1ed9ng \u0111i\u1ec1u ch\u1ec9nh li\u00ean t\u1ee5c \u0111\u1ec3 \u0111\u1ea3m b\u1ea3o m\u1ee9c nhi\u1ec7t t\u01b0\u01a1ng \u0111\u01b0\u01a1ng b\u1eb1ng v\u1edbi con s\u1ed1 hi\u1ec3n th\u1ecb tr\u00ean b\u00e0n \u0111i\u1ec1u khi\u1ec3n).<\/p>\n<h3>3 v\u00f9ng n\u1ea5u ti\u1ec7n d\u1ee5ng th\u00f4ng minh<\/h3>\n<ul>\n<li><a href=\"https:\/\/livinghome.vn\/thiet-bi\/bep-dien-tu\/\">B\u1ebfp \u0111i\u1ec7n t\u1eeb<\/a> k\u1ebft h\u1ee3p: 02 t\u1eeb + 01 \u0111i\u1ec7n<\/li>\n<li>Xu\u1ea5t x\u1ee9: Malaysia<\/li>\n<li>M\u1eb7t k\u00ednh Crytal si\u00eau b\u1ec1n, ch\u1ecbu l\u1ef1c ch\u1ecbu s\u1ed1c nhi\u1ec7t<\/li>\n<li>\u0110\u1ea7u \u0111\u1ed1t EGO Made in Germany<\/li>\n<li>Ch\u1ee9c n\u0103ng Booster c\u1ef1c nhanh v\u1edbi b\u1ebfp t\u1eeb<\/li>\n<li>Bo m\u1ea1ch lGBT Simens Made in Germany<\/li>\n<li>10 d\u1ea3i c\u00f4ng su\u1ea5t<\/li>\n<li>\u0110i\u1ec1u khi\u1ec3n c\u1ea3m \u1ee9ng 03 Sliders d\u1ea1ng \u1ea9n tr\u1ef1c ti\u1ebfp tr\u00ean m\u1eb7t b\u1ebfp<\/li>\n<li>Ch\u1ebf \u0111\u1ed9 h\u1eb9n gi\u1edd, kh\u00f3a tr\u1ebb em th\u00f4ng minh, ti\u1ec7n d\u1ee5ng<\/li>\n<li>Ch\u1ebf \u0111\u1ed9 02 v\u00f2ng nhi\u1ec7t ti\u1ec7n d\u1ee5ng v\u1edbi c\u00e1c lo\u1ea1i n\u1ed3i l\u1edbn nh\u1ecf<\/li>\n<li>Ch\u1ee9c n\u0103ng Inverter v\u00e0 chia c\u00f4ng su\u1ea5t ti\u1ebft ki\u1ec7m \u0111i\u1ec7n n\u0103ng, b\u1ea3o v\u1ec7 b\u1ebfp<\/li>\n<li>Ch\u1ee9c n\u0103ng t\u1ea1m d\u1eebng khi c\u1ea7n thi\u1ebft<\/li>\n<li>Ch\u1ee9c n\u0103ng n\u1ea5u c\u01a1m<\/li>\n<li>Ch\u1ee9c n\u0103ng h\u00e2m<\/li>\n<li>Ch\u1ee9c n\u0103ng r\u00e3 \u0111\u00f4ng<\/li>\n<li>Ch\u1ee9c n\u0103ng chi\u00ean x\u00e0o<\/li>\n<li>Ch\u1ee9c n\u0103ng h\u00e2m s\u1eefa<\/li>\n<li>Ch\u1ee9c n\u0103ng ch\u1ed1ng tr\u00e0n<\/li>\n<li>C\u1ea3m \u1ee9ng qu\u00e1 nhi\u1ec7t<\/li>\n<li>Ch\u1ee9c n\u0103ng n\u01b0\u1edbng v\u1edbi b\u1ebfp \u0111i\u1ec7n<\/li>\n<li>C\u00f4ng su\u1ea5t b\u1ebfp: 1800Wx1500Wx2200W (Booster 3500Wx2500W)<\/li>\n<li>K\u00edch th\u01b0\u1edbc m\u1eb7t k\u00ednh: 780x450mm<\/li>\n<li>K\u00edch th\u01b0\u1edbc kho\u00e9t \u0111\u00e1: 750x380mm<\/li>\n<\/ul>\n<figure id=\"attachment_14611\" aria-describedby=\"caption-attachment-14611\" style=\"width: 900px\" class=\"wp-caption alignnone\"><img loading=\"lazy\" decoding=\"async\" class=\"size-full wp-image-14611\" src=\"https:\/\/livinghome.vn\/thiet-bi\/wp-content\/uploads\/nha-bep\/kaff\/bep-dien-tu\/bep-dien-tu-kaff-kf-ig3001ih\/bep-dien-tu-kaff-kf-ig3001ih-9.jpg\" alt=\"B\u1ebfp \u0110i\u1ec7n T\u1eeb Kaff KF-IG3001IH\" width=\"900\" height=\"900\" title=\"\" srcset=\"https:\/\/livinghome.vn\/thiet-bi\/wp-content\/uploads\/nha-bep\/kaff\/bep-dien-tu\/bep-dien-tu-kaff-kf-ig3001ih\/bep-dien-tu-kaff-kf-ig3001ih-9.jpg 900w, https:\/\/livinghome.vn\/thiet-bi\/wp-content\/uploads\/nha-bep\/kaff\/bep-dien-tu\/bep-dien-tu-kaff-kf-ig3001ih\/bep-dien-tu-kaff-kf-ig3001ih-9-300x300.jpg 300w, https:\/\/livinghome.vn\/thiet-bi\/wp-content\/uploads\/nha-bep\/kaff\/bep-dien-tu\/bep-dien-tu-kaff-kf-ig3001ih\/bep-dien-tu-kaff-kf-ig3001ih-9-100x100.jpg 100w, https:\/\/livinghome.vn\/thiet-bi\/wp-content\/uploads\/nha-bep\/kaff\/bep-dien-tu\/bep-dien-tu-kaff-kf-ig3001ih\/bep-dien-tu-kaff-kf-ig3001ih-9-600x600.jpg 600w, https:\/\/livinghome.vn\/thiet-bi\/wp-content\/uploads\/nha-bep\/kaff\/bep-dien-tu\/bep-dien-tu-kaff-kf-ig3001ih\/bep-dien-tu-kaff-kf-ig3001ih-9-400x400.jpg 400w, https:\/\/livinghome.vn\/thiet-bi\/wp-content\/uploads\/nha-bep\/kaff\/bep-dien-tu\/bep-dien-tu-kaff-kf-ig3001ih\/bep-dien-tu-kaff-kf-ig3001ih-9-800x800.jpg 800w, https:\/\/livinghome.vn\/thiet-bi\/wp-content\/uploads\/nha-bep\/kaff\/bep-dien-tu\/bep-dien-tu-kaff-kf-ig3001ih\/bep-dien-tu-kaff-kf-ig3001ih-9-280x280.jpg 280w, https:\/\/livinghome.vn\/thiet-bi\/wp-content\/uploads\/nha-bep\/kaff\/bep-dien-tu\/bep-dien-tu-kaff-kf-ig3001ih\/bep-dien-tu-kaff-kf-ig3001ih-9-768x768.jpg 768w\" sizes=\"auto, (max-width: 900px) 100vw, 900px\" \/><figcaption id=\"caption-attachment-14611\" class=\"wp-caption-text\">B\u1ebfp \u0110i\u1ec7n T\u1eeb Kaff KF-IG3001IH<\/figcaption><\/figure>\n","protected":false},"excerpt":{"rendered":"<p>C\u00f4ng su\u1ea5t b\u1ebfp: 1800Wx1500Wx2200W (Booster 3500Wx2500W)<br \/>\nK\u00edch th\u01b0\u1edbc m\u1eb7t k\u00ednh: 780x450mm<br \/>\nK\u00edch th\u01b0\u1edbc kho\u00e9t \u0111\u00e1: 750x380mm<\/p>\n","protected":false},"featured_media":14606,"comment_status":"open","ping_status":"closed","template":"","meta":[],"product_brand":[],"product_cat":[745,798,803,799,716,80,801,810,741,164],"product_tag":[81,116,166],"class_list":{"0":"post-872","1":"product","2":"type-product","3":"status-publish","4":"has-post-thumbnail","6":"product_cat-bep-dien-tu","7":"product_cat-bep-2-tu-1-dien","8":"product_cat-bep-dien-tu-3-vung-nau","9":"product_cat-bep-dien-tu-hinh-chu-nhat","10":"product_cat-bep-dien-tu-kaff","11":"product_cat-bep-dien-tu-ket-hop","12":"product_cat-bep-dien-tu-khong-ken-noi","13":"product_cat-bep-dien-tu-malaysia","14":"product_cat-bep-hong-ngoai","15":"product_cat-thuong-hieu-kaff","16":"product_tag-bep-dien-tu","17":"product_tag-bep-dien-tu-3-vung-nau","18":"product_tag-bep-dien-tu-kaff","20":"first","21":"instock","22":"sale","23":"shipping-taxable","24":"purchasable","25":"product-type-simple"},"_links":{"self":[{"href":"https:\/\/livinghome.vn\/thiet-bi\/wp-json\/wp\/v2\/product\/872","targetHints":{"allow":["GET"]}}],"collection":[{"href":"https:\/\/livinghome.vn\/thiet-bi\/wp-json\/wp\/v2\/product"}],"about":[{"href":"https:\/\/livinghome.vn\/thiet-bi\/wp-json\/wp\/v2\/types\/product"}],"replies":[{"embeddable":true,"href":"https:\/\/livinghome.vn\/thiet-bi\/wp-json\/wp\/v2\/comments?post=872"}],"wp:featuredmedia":[{"embeddable":true,"href":"https:\/\/livinghome.vn\/thiet-bi\/wp-json\/wp\/v2\/media\/14606"}],"wp:attachment":[{"href":"https:\/\/livinghome.vn\/thiet-bi\/wp-json\/wp\/v2\/media?parent=872"}],"wp:term":[{"taxonomy":"product_brand","embeddable":true,"href":"https:\/\/livinghome.vn\/thiet-bi\/wp-json\/wp\/v2\/product_brand?post=872"},{"taxonomy":"product_cat","embeddable":true,"href":"https:\/\/livinghome.vn\/thiet-bi\/wp-json\/wp\/v2\/product_cat?post=872"},{"taxonomy":"product_tag","embeddable":true,"href":"https:\/\/livinghome.vn\/thiet-bi\/wp-json\/wp\/v2\/product_tag?post=872"}],"curies":[{"name":"wp","href":"https:\/\/api.w.org\/{rel}","templated":true}]}}