{"id":871,"date":"2023-01-12T11:27:49","date_gmt":"2023-01-12T11:27:49","guid":{"rendered":"https:\/\/livinghome.vn\/thiet-bi\/?post_type=product&#038;p=871"},"modified":"2024-11-29T14:20:52","modified_gmt":"2024-11-29T07:20:52","slug":"bep-tu-kaff-kf-ih6003ii-78cm-3-tu","status":"publish","type":"product","link":"https:\/\/livinghome.vn\/thiet-bi\/bep-tu-kaff-kf-ih6003ii-78cm-3-tu\/","title":{"rendered":"B\u1ebfp T\u1eeb Kaff KF-IH6003II 78CM 3 T\u1eeb M\u1eb7t K\u00ednh Schott Ceran"},"content":{"rendered":"<h2>B\u1ebfp T\u1eeb KAFF KF-IH6003II \u0111\u01b0\u1ee3c nh\u1eadp nguy\u00ean chi\u1ebfc t\u1eeb CHLB \u0110\u1ee9c v\u1edbi thi\u1ebft k\u1ebf n\u1ed5i b\u1eadt 3 v\u00f9ng n\u1ea5u t\u1eeb si\u00eau l\u1edbn v\u00e0 c\u00f4ng ngh\u1ec7 \u0111i\u1ec1u khi\u1ec3n c\u1ea3m \u1ee9ng Slider tr\u01b0\u1ee3t ri\u00eang bi\u1ec7t tr\u1ef1c ti\u1ebfp tr\u00ean m\u1eb7t b\u1ebfp<\/h2>\n<figure id=\"attachment_12066\" aria-describedby=\"caption-attachment-12066\" style=\"width: 1200px\" class=\"wp-caption alignnone\"><img loading=\"lazy\" decoding=\"async\" class=\"size-full wp-image-12066\" src=\"https:\/\/livinghome.vn\/thiet-bi\/wp-content\/uploads\/nha-bep\/kaff\/bep-tu\/bep-tu-kaff-kf-ih6003ii\/bep-tu-kaff-kf-ih6003ii-1.jpg\" alt=\"B\u1ebfp T\u1eeb KAFF KF-IH6003II\" width=\"1200\" height=\"900\" title=\"\" srcset=\"https:\/\/livinghome.vn\/thiet-bi\/wp-content\/uploads\/nha-bep\/kaff\/bep-tu\/bep-tu-kaff-kf-ih6003ii\/bep-tu-kaff-kf-ih6003ii-1.jpg 1200w, https:\/\/livinghome.vn\/thiet-bi\/wp-content\/uploads\/nha-bep\/kaff\/bep-tu\/bep-tu-kaff-kf-ih6003ii\/bep-tu-kaff-kf-ih6003ii-1-600x450.jpg 600w, https:\/\/livinghome.vn\/thiet-bi\/wp-content\/uploads\/nha-bep\/kaff\/bep-tu\/bep-tu-kaff-kf-ih6003ii\/bep-tu-kaff-kf-ih6003ii-1-533x400.jpg 533w, https:\/\/livinghome.vn\/thiet-bi\/wp-content\/uploads\/nha-bep\/kaff\/bep-tu\/bep-tu-kaff-kf-ih6003ii\/bep-tu-kaff-kf-ih6003ii-1-1067x800.jpg 1067w, https:\/\/livinghome.vn\/thiet-bi\/wp-content\/uploads\/nha-bep\/kaff\/bep-tu\/bep-tu-kaff-kf-ih6003ii\/bep-tu-kaff-kf-ih6003ii-1-768x576.jpg 768w\" sizes=\"auto, (max-width: 1200px) 100vw, 1200px\" \/><figcaption id=\"caption-attachment-12066\" class=\"wp-caption-text\">B\u1ebfp T\u1eeb KAFF KF-IH6003II<\/figcaption><\/figure>\n<p>B\u1ebfp T\u1eeb KAFF KF-IH6003II g\u1ed3m 3 v\u00f9ng n\u1ea5u c\u00f3 t\u1ed5ng c\u00f4ng su\u1ea5t 5500W, v\u00f9ng n\u1ea5u t\u1eeb l\u1edbn b\u00ean tr\u00e1i v\u1edbi c\u00f4ng su\u1ea5t 1800W c\u00f3 kh\u1ea3 n\u0103ng \u0111un n\u1ea5u si\u00eau nhanh v\u00e0 ti\u1ebft ki\u1ec7m \u0111i\u1ec7n n\u0103ng c\u00f3 th\u1ec3 \u0111\u1ea1t m\u1ee9c c\u00f4ng su\u1ea5t t\u1ed1i \u0111a 3500W, v\u00f9ng n\u1ea5u t\u1eeb nh\u1ecf \u1edf gi\u1eefa v\u1edbi c\u00f4ng su\u1ea5t 1500W c\u00f3 kh\u1ea3 n\u0103ng \u0111un n\u1ea5u si\u00eau nhanh v\u00e0 ti\u1ebft ki\u1ec7m \u0111i\u1ec7n n\u0103ng c\u00f3 th\u1ec3 \u0111\u1ea1t m\u1ee9c c\u00f4ng su\u1ea5t t\u1ed1i \u0111a 2500W v\u00e0 v\u00f9ng n\u1ea5u t\u1eeb l\u1edbn b\u00ean ph\u1ea3i v\u1edbi c\u00f4ng su\u1ea5t 2200W c\u00f3 kh\u1ea3 n\u0103ng \u0111un n\u1ea5u si\u00eau nhanh v\u00e0 ti\u1ebft ki\u1ec7m \u0111i\u1ec7n n\u0103ng c\u00f3 th\u1ec3 \u0111\u1ea1t m\u1ee9c c\u00f4ng su\u1ea5t t\u1ed1i \u0111a 3700W. Ch\u1ee9c n\u0103ng nh\u1eadn di\u1ec7n v\u00f9ng n\u1ea5u ch\u1ec9 sinh nhi\u1ec7t v\u00f9ng \u0111\u00e1y n\u1ed3i, tr\u00e1nh n\u1ed3i th\u1ea5t tho\u00e1t nhi\u1ec7t ra ngo\u00e0i. Ch\u1ee9c n\u0103ng Booster \u1edf v\u00f9ng t\u1eeb n\u1ea5u si\u00eau nhanh, tuy nhi\u00ean th\u1eddi gian t\u1ed1i \u0111a m\u1eb7c \u0111\u1ecbnh d\u00f9ng ch\u1ee9c n\u0103ng n\u00e0y l\u00e0 10 ph\u00fat\/l\u1ea7n tr\u00e1nh qu\u00e1 t\u1ea3i.<\/p>\n<figure id=\"attachment_12063\" aria-describedby=\"caption-attachment-12063\" style=\"width: 900px\" class=\"wp-caption alignnone\"><img loading=\"lazy\" decoding=\"async\" class=\"size-full wp-image-12063\" src=\"https:\/\/livinghome.vn\/thiet-bi\/wp-content\/uploads\/nha-bep\/kaff\/bep-tu\/bep-tu-kaff-kf-ih6003ii\/bep-tu-kaff-kf-ih6003ii-3.jpg\" alt=\"B\u1ebfp T\u1eeb KAFF KF-IH6003II\" width=\"900\" height=\"900\" title=\"\" srcset=\"https:\/\/livinghome.vn\/thiet-bi\/wp-content\/uploads\/nha-bep\/kaff\/bep-tu\/bep-tu-kaff-kf-ih6003ii\/bep-tu-kaff-kf-ih6003ii-3.jpg 900w, https:\/\/livinghome.vn\/thiet-bi\/wp-content\/uploads\/nha-bep\/kaff\/bep-tu\/bep-tu-kaff-kf-ih6003ii\/bep-tu-kaff-kf-ih6003ii-3-300x300.jpg 300w, https:\/\/livinghome.vn\/thiet-bi\/wp-content\/uploads\/nha-bep\/kaff\/bep-tu\/bep-tu-kaff-kf-ih6003ii\/bep-tu-kaff-kf-ih6003ii-3-100x100.jpg 100w, https:\/\/livinghome.vn\/thiet-bi\/wp-content\/uploads\/nha-bep\/kaff\/bep-tu\/bep-tu-kaff-kf-ih6003ii\/bep-tu-kaff-kf-ih6003ii-3-600x600.jpg 600w, https:\/\/livinghome.vn\/thiet-bi\/wp-content\/uploads\/nha-bep\/kaff\/bep-tu\/bep-tu-kaff-kf-ih6003ii\/bep-tu-kaff-kf-ih6003ii-3-400x400.jpg 400w, https:\/\/livinghome.vn\/thiet-bi\/wp-content\/uploads\/nha-bep\/kaff\/bep-tu\/bep-tu-kaff-kf-ih6003ii\/bep-tu-kaff-kf-ih6003ii-3-800x800.jpg 800w, https:\/\/livinghome.vn\/thiet-bi\/wp-content\/uploads\/nha-bep\/kaff\/bep-tu\/bep-tu-kaff-kf-ih6003ii\/bep-tu-kaff-kf-ih6003ii-3-280x280.jpg 280w, https:\/\/livinghome.vn\/thiet-bi\/wp-content\/uploads\/nha-bep\/kaff\/bep-tu\/bep-tu-kaff-kf-ih6003ii\/bep-tu-kaff-kf-ih6003ii-3-768x768.jpg 768w\" sizes=\"auto, (max-width: 900px) 100vw, 900px\" \/><figcaption id=\"caption-attachment-12063\" class=\"wp-caption-text\">B\u1ebfp T\u1eeb KAFF KF-IH6003II<\/figcaption><\/figure>\n<p>B\u1ebfp t\u1eeb KAFF KF-IH6003II l\u00e0 d\u00f2ng b\u1ebfp t\u1eeb th\u00f4ng minh th\u1ebf h\u1ec7 m\u1edbi nh\u1ea5t 2022 c\u1ee7a t\u1eadp \u0111o\u00e0n KAFF, \u0111\u00e1nh d\u1ea5u s\u1ef1 h\u1ee3p t\u00e1c n\u00e2ng t\u1ea7m chi\u1ebfn l\u01b0\u1ee3c gi\u1eefa T\u1eadp \u0110o\u00e0n KAFF v\u00e0 T\u1eadp \u0110o\u00e0n E.G.O n\u1ed5i ti\u1ebfng c\u1ee7a \u0110\u1ee9c. Ngo\u00e0i thi\u1ebft k\u1ebf 3 v\u00f9ng n\u1ea5u d\u1ea1ng \u0111an l\u01b0\u1edbi \u1ea5n t\u01b0\u1ee3ng, B\u1ebfp T\u1eeb KAFF KF-IH6003II c\u00f2n trang b\u1ecb cho m\u00ecnh nh\u1eefng linh ki\u1ec7n v\u00e0 c\u00f4ng ngh\u1ec7 \u0111\u1ed9t ph\u00e1 gi\u00fap ph\u00f9 h\u1ee3p v\u1edbi kh\u00ed h\u1eadu v\u00e0 nhu c\u1ea7u n\u1ea5u n\u01b0\u1edbng c\u1ee7a ng\u01b0\u1eddi Vi\u1ec7t.<\/p>\n<figure id=\"attachment_12065\" aria-describedby=\"caption-attachment-12065\" style=\"width: 900px\" class=\"wp-caption alignnone\"><img loading=\"lazy\" decoding=\"async\" class=\"size-full wp-image-12065\" src=\"https:\/\/livinghome.vn\/thiet-bi\/wp-content\/uploads\/nha-bep\/kaff\/bep-tu\/bep-tu-kaff-kf-ih6003ii\/bep-tu-kaff-kf-ih6003ii-2.jpg\" alt=\"B\u1ebfp T\u1eeb KAFF KF-IH6003II\" width=\"900\" height=\"900\" title=\"\" srcset=\"https:\/\/livinghome.vn\/thiet-bi\/wp-content\/uploads\/nha-bep\/kaff\/bep-tu\/bep-tu-kaff-kf-ih6003ii\/bep-tu-kaff-kf-ih6003ii-2.jpg 900w, https:\/\/livinghome.vn\/thiet-bi\/wp-content\/uploads\/nha-bep\/kaff\/bep-tu\/bep-tu-kaff-kf-ih6003ii\/bep-tu-kaff-kf-ih6003ii-2-300x300.jpg 300w, https:\/\/livinghome.vn\/thiet-bi\/wp-content\/uploads\/nha-bep\/kaff\/bep-tu\/bep-tu-kaff-kf-ih6003ii\/bep-tu-kaff-kf-ih6003ii-2-100x100.jpg 100w, https:\/\/livinghome.vn\/thiet-bi\/wp-content\/uploads\/nha-bep\/kaff\/bep-tu\/bep-tu-kaff-kf-ih6003ii\/bep-tu-kaff-kf-ih6003ii-2-600x600.jpg 600w, https:\/\/livinghome.vn\/thiet-bi\/wp-content\/uploads\/nha-bep\/kaff\/bep-tu\/bep-tu-kaff-kf-ih6003ii\/bep-tu-kaff-kf-ih6003ii-2-400x400.jpg 400w, https:\/\/livinghome.vn\/thiet-bi\/wp-content\/uploads\/nha-bep\/kaff\/bep-tu\/bep-tu-kaff-kf-ih6003ii\/bep-tu-kaff-kf-ih6003ii-2-800x800.jpg 800w, https:\/\/livinghome.vn\/thiet-bi\/wp-content\/uploads\/nha-bep\/kaff\/bep-tu\/bep-tu-kaff-kf-ih6003ii\/bep-tu-kaff-kf-ih6003ii-2-280x280.jpg 280w, https:\/\/livinghome.vn\/thiet-bi\/wp-content\/uploads\/nha-bep\/kaff\/bep-tu\/bep-tu-kaff-kf-ih6003ii\/bep-tu-kaff-kf-ih6003ii-2-768x768.jpg 768w\" sizes=\"auto, (max-width: 900px) 100vw, 900px\" \/><figcaption id=\"caption-attachment-12065\" class=\"wp-caption-text\">B\u1ebfp T\u1eeb KAFF KF-IH6003II<\/figcaption><\/figure>\n<ul>\n<li>Lo\u1ea1i b\u1ebfp: 03 <a href=\"https:\/\/livinghome.vn\/thiet-bi\/bep-tu\/\">b\u1ebfp t\u1eeb<\/a><\/li>\n<li>Xu\u1ea5t x\u1ee9: Germany<\/li>\n<li>M\u1eb7t k\u00ednh Schott Ceran Made in Germany si\u00eau b\u1ec1n, ch\u1ecbu l\u1ef1c ch\u1ecbu s\u1ed1c nhi\u1ec7t<\/li>\n<li>\u0110\u1ea7u \u0111\u1ed1t EGO Made in Germany<\/li>\n<li>Ch\u1ee9c n\u0103ng Booster c\u1ef1c nhanh v\u1edbi b\u1ebfp t\u1eeb<\/li>\n<li>Bo m\u1ea1ch EGO Made in Germany<\/li>\n<li>10 d\u1ea3i c\u00f4ng su\u1ea5t<\/li>\n<li>\u0110i\u1ec1u khi\u1ec3n c\u1ea3m \u1ee9ng 3 Sliders d\u1ea1ng \u1ea9n tr\u1ef1c ti\u1ebfp tr\u00ean m\u1eb7t b\u1ebfp<\/li>\n<li>Ch\u1ebf \u0111\u1ed9 h\u1eb9n gi\u1edd, kh\u00f3a tr\u1ebb em th\u00f4ng minh, ti\u1ec7n d\u1ee5ng<\/li>\n<li>Ch\u1ebf \u0111\u1ed9 t\u1ef1 nh\u1eadn di\u1ec7n v\u00f9ng n\u1ea5u ti\u1ec7n d\u1ee5ng v\u1edbi c\u00e1c lo\u1ea1i n\u1ed3i l\u1edbn nh\u1ecf<\/li>\n<li>Ch\u1ee9c n\u0103ng Inverter v\u00e0 chia c\u00f4ng su\u1ea5t ti\u1ebft ki\u1ec7m \u0111i\u1ec7n n\u0103ng, b\u1ea3o v\u1ec7 b\u1ebfp<\/li>\n<li>Ch\u1ee9c n\u0103ng t\u1ea1m d\u1eebng khi c\u1ea7n thi\u1ebft<\/li>\n<li>Ch\u1ee9c n\u0103ng n\u1ea5u c\u01a1m<\/li>\n<li>Ch\u1ee9c n\u0103ng h\u00e2m n\u00f3ng<\/li>\n<li>Ch\u1ee9c n\u0103ng r\u00e3 \u0111\u00f4ng<\/li>\n<li>Ch\u1ee9c n\u0103ng ch\u1ed1ng tr\u00e0n<\/li>\n<li>C\u1ea3m \u1ee9ng qu\u00e1 nhi\u1ec7t<\/li>\n<li>C\u00f4ng su\u1ea5t b\u1ebfp: 1800Wx1500Wx2200W (Booster 3500Wx2500W)<\/li>\n<li>K\u00edch th\u01b0\u1edbc m\u1eb7t k\u00ednh: 780x450mm<\/li>\n<li>K\u00edch th\u01b0\u1edbc kho\u00e9t \u0111\u00e1: 750x380mm<\/li>\n<\/ul>\n<h3>H\u00ecnh \u1ea3nh l\u1eafp \u0111\u1eb7t th\u1ef1c t\u1ebf B\u1ebfp T\u1eeb Kaff KF-IH6003II<\/h3>\n<figure id=\"attachment_12068\" aria-describedby=\"caption-attachment-12068\" style=\"width: 900px\" class=\"wp-caption alignnone\"><img loading=\"lazy\" decoding=\"async\" class=\"size-full wp-image-12068\" src=\"https:\/\/livinghome.vn\/thiet-bi\/wp-content\/uploads\/nha-bep\/kaff\/bep-tu\/bep-tu-kaff-kf-ih6003ii\/bep-tu-kaff-kf-ih6003ii-hinh-anh-thuc-te-1.1.jpg\" alt=\"B\u1ebfp T\u1eeb Kaff KF-IH6003II \" width=\"900\" height=\"900\" title=\"\" srcset=\"https:\/\/livinghome.vn\/thiet-bi\/wp-content\/uploads\/nha-bep\/kaff\/bep-tu\/bep-tu-kaff-kf-ih6003ii\/bep-tu-kaff-kf-ih6003ii-hinh-anh-thuc-te-1.1.jpg 900w, https:\/\/livinghome.vn\/thiet-bi\/wp-content\/uploads\/nha-bep\/kaff\/bep-tu\/bep-tu-kaff-kf-ih6003ii\/bep-tu-kaff-kf-ih6003ii-hinh-anh-thuc-te-1.1-300x300.jpg 300w, https:\/\/livinghome.vn\/thiet-bi\/wp-content\/uploads\/nha-bep\/kaff\/bep-tu\/bep-tu-kaff-kf-ih6003ii\/bep-tu-kaff-kf-ih6003ii-hinh-anh-thuc-te-1.1-100x100.jpg 100w, https:\/\/livinghome.vn\/thiet-bi\/wp-content\/uploads\/nha-bep\/kaff\/bep-tu\/bep-tu-kaff-kf-ih6003ii\/bep-tu-kaff-kf-ih6003ii-hinh-anh-thuc-te-1.1-600x600.jpg 600w, https:\/\/livinghome.vn\/thiet-bi\/wp-content\/uploads\/nha-bep\/kaff\/bep-tu\/bep-tu-kaff-kf-ih6003ii\/bep-tu-kaff-kf-ih6003ii-hinh-anh-thuc-te-1.1-400x400.jpg 400w, https:\/\/livinghome.vn\/thiet-bi\/wp-content\/uploads\/nha-bep\/kaff\/bep-tu\/bep-tu-kaff-kf-ih6003ii\/bep-tu-kaff-kf-ih6003ii-hinh-anh-thuc-te-1.1-800x800.jpg 800w, https:\/\/livinghome.vn\/thiet-bi\/wp-content\/uploads\/nha-bep\/kaff\/bep-tu\/bep-tu-kaff-kf-ih6003ii\/bep-tu-kaff-kf-ih6003ii-hinh-anh-thuc-te-1.1-280x280.jpg 280w, https:\/\/livinghome.vn\/thiet-bi\/wp-content\/uploads\/nha-bep\/kaff\/bep-tu\/bep-tu-kaff-kf-ih6003ii\/bep-tu-kaff-kf-ih6003ii-hinh-anh-thuc-te-1.1-768x768.jpg 768w\" sizes=\"auto, (max-width: 900px) 100vw, 900px\" \/><figcaption id=\"caption-attachment-12068\" class=\"wp-caption-text\">B\u1ebfp T\u1eeb Kaff KF-IH6003II<\/figcaption><\/figure>\n<figure id=\"attachment_12428\" aria-describedby=\"caption-attachment-12428\" style=\"width: 900px\" class=\"wp-caption alignnone\"><img loading=\"lazy\" decoding=\"async\" class=\"size-full wp-image-12428\" src=\"https:\/\/livinghome.vn\/thiet-bi\/wp-content\/uploads\/nha-bep\/kaff\/bep-tu\/bep-tu-kaff-kf-ih6003ii\/bep-tu-kaff-kf-ih6003ii-hinh-anh-thuc-te-2.3.jpg\" alt=\"B\u1ebfp T\u1eeb Kaff KF-IH6003II\" width=\"900\" height=\"900\" title=\"\" srcset=\"https:\/\/livinghome.vn\/thiet-bi\/wp-content\/uploads\/nha-bep\/kaff\/bep-tu\/bep-tu-kaff-kf-ih6003ii\/bep-tu-kaff-kf-ih6003ii-hinh-anh-thuc-te-2.3.jpg 900w, https:\/\/livinghome.vn\/thiet-bi\/wp-content\/uploads\/nha-bep\/kaff\/bep-tu\/bep-tu-kaff-kf-ih6003ii\/bep-tu-kaff-kf-ih6003ii-hinh-anh-thuc-te-2.3-300x300.jpg 300w, https:\/\/livinghome.vn\/thiet-bi\/wp-content\/uploads\/nha-bep\/kaff\/bep-tu\/bep-tu-kaff-kf-ih6003ii\/bep-tu-kaff-kf-ih6003ii-hinh-anh-thuc-te-2.3-100x100.jpg 100w, https:\/\/livinghome.vn\/thiet-bi\/wp-content\/uploads\/nha-bep\/kaff\/bep-tu\/bep-tu-kaff-kf-ih6003ii\/bep-tu-kaff-kf-ih6003ii-hinh-anh-thuc-te-2.3-600x600.jpg 600w, https:\/\/livinghome.vn\/thiet-bi\/wp-content\/uploads\/nha-bep\/kaff\/bep-tu\/bep-tu-kaff-kf-ih6003ii\/bep-tu-kaff-kf-ih6003ii-hinh-anh-thuc-te-2.3-400x400.jpg 400w, https:\/\/livinghome.vn\/thiet-bi\/wp-content\/uploads\/nha-bep\/kaff\/bep-tu\/bep-tu-kaff-kf-ih6003ii\/bep-tu-kaff-kf-ih6003ii-hinh-anh-thuc-te-2.3-800x800.jpg 800w, https:\/\/livinghome.vn\/thiet-bi\/wp-content\/uploads\/nha-bep\/kaff\/bep-tu\/bep-tu-kaff-kf-ih6003ii\/bep-tu-kaff-kf-ih6003ii-hinh-anh-thuc-te-2.3-280x280.jpg 280w, https:\/\/livinghome.vn\/thiet-bi\/wp-content\/uploads\/nha-bep\/kaff\/bep-tu\/bep-tu-kaff-kf-ih6003ii\/bep-tu-kaff-kf-ih6003ii-hinh-anh-thuc-te-2.3-768x768.jpg 768w\" sizes=\"auto, (max-width: 900px) 100vw, 900px\" \/><figcaption id=\"caption-attachment-12428\" class=\"wp-caption-text\">B\u1ebfp T\u1eeb Kaff KF-IH6003II<\/figcaption><\/figure>\n","protected":false},"excerpt":{"rendered":"<p>C\u00f4ng su\u1ea5t b\u1ebfp: 1800Wx1500Wx2200W<\/p>\n<p>K\u00edch th\u01b0\u1edbc m\u1eb7t k\u00ednh: 780x450mm<\/p>\n<p>K\u00edch th\u01b0\u1edbc kho\u00e9t \u0111\u00e1: 740x410mm<\/p>\n","protected":false},"featured_media":12064,"comment_status":"open","ping_status":"closed","template":"","meta":[],"product_brand":[],"product_cat":[745,868,803,809,799,802,807,75,805,717,164],"product_tag":[76,112,168,170,167],"class_list":{"0":"post-871","1":"product","2":"type-product","3":"status-publish","4":"has-post-thumbnail","6":"product_cat-bep-dien-tu","7":"product_cat-bep-3-tu","8":"product_cat-bep-dien-tu-3-vung-nau","9":"product_cat-bep-dien-tu-duc-germany","10":"product_cat-bep-dien-tu-hinh-chu-nhat","11":"product_cat-bep-dien-tu-mat-kinh-schott-ceran","12":"product_cat-bep-dien-tu-tiet-kiem-dien","13":"product_cat-bep-tu","14":"product_cat-bep-tu-3-vung-nau","15":"product_cat-bep-tu-kaff","16":"product_cat-thuong-hieu-kaff","17":"product_tag-bep-tu","18":"product_tag-bep-tu-3-vung-nau","19":"product_tag-bep-tu-am","20":"product_tag-bep-tu-kaff","21":"product_tag-kaff","23":"first","24":"instock","25":"sale","26":"shipping-taxable","27":"purchasable","28":"product-type-simple"},"_links":{"self":[{"href":"https:\/\/livinghome.vn\/thiet-bi\/wp-json\/wp\/v2\/product\/871","targetHints":{"allow":["GET"]}}],"collection":[{"href":"https:\/\/livinghome.vn\/thiet-bi\/wp-json\/wp\/v2\/product"}],"about":[{"href":"https:\/\/livinghome.vn\/thiet-bi\/wp-json\/wp\/v2\/types\/product"}],"replies":[{"embeddable":true,"href":"https:\/\/livinghome.vn\/thiet-bi\/wp-json\/wp\/v2\/comments?post=871"}],"wp:featuredmedia":[{"embeddable":true,"href":"https:\/\/livinghome.vn\/thiet-bi\/wp-json\/wp\/v2\/media\/12064"}],"wp:attachment":[{"href":"https:\/\/livinghome.vn\/thiet-bi\/wp-json\/wp\/v2\/media?parent=871"}],"wp:term":[{"taxonomy":"product_brand","embeddable":true,"href":"https:\/\/livinghome.vn\/thiet-bi\/wp-json\/wp\/v2\/product_brand?post=871"},{"taxonomy":"product_cat","embeddable":true,"href":"https:\/\/livinghome.vn\/thiet-bi\/wp-json\/wp\/v2\/product_cat?post=871"},{"taxonomy":"product_tag","embeddable":true,"href":"https:\/\/livinghome.vn\/thiet-bi\/wp-json\/wp\/v2\/product_tag?post=871"}],"curies":[{"name":"wp","href":"https:\/\/api.w.org\/{rel}","templated":true}]}}