{"id":868,"date":"2023-01-12T11:27:49","date_gmt":"2023-01-12T11:27:49","guid":{"rendered":"https:\/\/livinghome.vn\/thiet-bi\/?post_type=product&#038;p=868"},"modified":"2024-11-29T14:20:52","modified_gmt":"2024-11-29T07:20:52","slug":"bep-tu-kaff-kf-sm200ii","status":"publish","type":"product","link":"https:\/\/livinghome.vn\/thiet-bi\/bep-tu-kaff-kf-sm200ii\/","title":{"rendered":"B\u1ebfp t\u1eeb Kaff KF-SM200II 2 v\u00f9ng n\u1ea5u si\u00eau b\u1ec1n sang tr\u1ecdng ch\u00ednh h\u00e3ng"},"content":{"rendered":"<h2>B\u1ebfp t\u1eeb Kaff KF-SM200II 2 v\u00f9ng n\u1ea5u ti\u1ec7n d\u1ee5ng, nhi\u1ec1u ch\u1ee9c n\u0103ng<\/h2>\n<figure id=\"attachment_44291\" aria-describedby=\"caption-attachment-44291\" style=\"width: 800px\" class=\"wp-caption alignnone\"><img loading=\"lazy\" decoding=\"async\" class=\"wp-image-44291 size-large\" src=\"https:\/\/livinghome.vn\/thiet-bi\/wp-content\/uploads\/nha-bep\/kaff\/bep-tu\/bep-tu-kaff-kf-sm20ii\/bep-tu-kaff-kf-sm200ii-800x800.jpg\" alt=\"B\u1ebfp t\u1eeb Kaff KF-SM200II\" width=\"800\" height=\"800\" title=\"\"><figcaption id=\"caption-attachment-44291\" class=\"wp-caption-text\">B\u1ebfp t\u1eeb Kaff KF-SM200II<\/figcaption><\/figure>\n<ul>\n<li>Lo\u1ea1i b\u1ebfp: <a href=\"https:\/\/livinghome.vn\/thiet-bi\/bep-tu\/\">b\u1ebfp 02 t\u1eeb <\/a><\/li>\n<li>Xu\u1ea5t X\u1ee9: Germany<\/li>\n<li>M\u1eb7t k\u00ednh Schott Ceran Made in Germany si\u00eau b\u1ec1n, ch\u1ecbu l\u1ef1c ch\u1ecbu s\u1ed1c nhi\u1ec7t<\/li>\n<li>\u0110\u1ea7u \u0111\u1ed1t EGO Made in Germany<\/li>\n<li>Ch\u1ee9c n\u0103ng Booster c\u1ef1c nhanh<\/li>\n<li>10 d\u1ea3i c\u00f4ng su\u1ea5t<\/li>\n<li>\u0110i\u1ec1u khi\u1ec3n c\u1ea3m \u1ee9ng Slider d\u1ea1ng \u1ea9n tr\u1ef1c ti\u1ebfp tr\u00ean m\u1eb7t b\u1ebfp<\/li>\n<li>Ch\u1ebf \u0111\u1ed9 h\u1eb9n gi\u1edd, kh\u00f3a tr\u1ebb em th\u00f4ng minh, ti\u1ec7n d\u1ee5ng<\/li>\n<li>Ch\u1ebf \u0111\u1ed9 t\u1ef1 nh\u1eadn di\u1ec7n v\u00f9ng n\u1ea5u ti\u1ec7n d\u1ee5ng v\u1edbi c\u00e1c lo\u1ea1i n\u1ed3i l\u1edbn nh\u1ecf<\/li>\n<li>Ch\u1ee9c n\u0103ng Inverter v\u00e0 chia c\u00f4ng su\u1ea5t ti\u1ebft ki\u1ec7m \u0111i\u1ec7n n\u0103ng, b\u1ea3o v\u1ec7 b\u1ebfp\u00a0Ch\u1ee9c n\u0103ng h\u00e2m<\/li>\n<li>Ch\u1ee9c n\u0103ng t\u1ea1m d\u1eebng<\/li>\n<li>Ch\u1ee9c n\u0103ng ch\u1ed1ng tr\u00e0n<\/li>\n<li>Ch\u1ee9c n\u0103ng chi\u00ean x\u00e0o<\/li>\n<li>Ch\u1ee9c n\u0103ng n\u1ea5u c\u01a1m<\/li>\n<li>C\u1ea3m \u1ee9ng qu\u00e1 nhi\u1ec7t<\/li>\n<li>C\u00f4ng su\u1ea5t b\u1ebfp: 1200Wx1800W (Booster 2200Wx3500W)<\/li>\n<li>K\u00edch th\u01b0\u1edbc m\u1eb7t k\u00ednh: 520x300mm<\/li>\n<li>K\u00edch th\u01b0\u1edbc kho\u00e9t \u0111\u00e1: 490x280mm<\/li>\n<\/ul>\n","protected":false},"excerpt":{"rendered":"<p>B\u1ebfp t\u1eeb Kaff KF-SM200II 2 v\u00f9ng n\u1ea5u ti\u1ec7n d\u1ee5ng, nhi\u1ec1u ch\u1ee9c n\u0103ng Lo\u1ea1i b\u1ebfp: b\u1ebfp 02 t\u1eeb Xu\u1ea5t X\u1ee9: Germany M\u1eb7t k\u00ednh Schott Ceran Made in Germany si\u00eau b\u1ec1n, ch\u1ecbu l\u1ef1c ch\u1ecbu s\u1ed1c nhi\u1ec7t \u0110\u1ea7u \u0111\u1ed1t EGO Made in Germany Ch\u1ee9c n\u0103ng Booster c\u1ef1c nhanh 10 d\u1ea3i c\u00f4ng su\u1ea5t \u0110i\u1ec1u khi\u1ec3n c\u1ea3m \u1ee9ng Slider d\u1ea1ng [&#8230;]\n","protected":false},"featured_media":929,"comment_status":"open","ping_status":"closed","template":"","meta":[],"product_brand":[],"product_cat":[745,794,813,796,809,799,716,802,75,795,717,164],"product_tag":[76,77,168,170,167],"class_list":{"0":"post-868","1":"product","2":"type-product","3":"status-publish","4":"has-post-thumbnail","6":"product_cat-bep-dien-tu","7":"product_cat-bep-2-tu","8":"product_cat-bep-dien-tu-chung-cu","9":"product_cat-bep-dien-tu-doi","10":"product_cat-bep-dien-tu-duc-germany","11":"product_cat-bep-dien-tu-hinh-chu-nhat","12":"product_cat-bep-dien-tu-kaff","13":"product_cat-bep-dien-tu-mat-kinh-schott-ceran","14":"product_cat-bep-tu","15":"product_cat-bep-tu-doi","16":"product_cat-bep-tu-kaff","17":"product_cat-thuong-hieu-kaff","18":"product_tag-bep-tu","19":"product_tag-bep-tu-2-vung-nau","20":"product_tag-bep-tu-am","21":"product_tag-bep-tu-kaff","22":"product_tag-kaff","24":"first","25":"instock","26":"sale","27":"shipping-taxable","28":"purchasable","29":"product-type-simple"},"_links":{"self":[{"href":"https:\/\/livinghome.vn\/thiet-bi\/wp-json\/wp\/v2\/product\/868","targetHints":{"allow":["GET"]}}],"collection":[{"href":"https:\/\/livinghome.vn\/thiet-bi\/wp-json\/wp\/v2\/product"}],"about":[{"href":"https:\/\/livinghome.vn\/thiet-bi\/wp-json\/wp\/v2\/types\/product"}],"replies":[{"embeddable":true,"href":"https:\/\/livinghome.vn\/thiet-bi\/wp-json\/wp\/v2\/comments?post=868"}],"wp:featuredmedia":[{"embeddable":true,"href":"https:\/\/livinghome.vn\/thiet-bi\/wp-json\/wp\/v2\/media\/929"}],"wp:attachment":[{"href":"https:\/\/livinghome.vn\/thiet-bi\/wp-json\/wp\/v2\/media?parent=868"}],"wp:term":[{"taxonomy":"product_brand","embeddable":true,"href":"https:\/\/livinghome.vn\/thiet-bi\/wp-json\/wp\/v2\/product_brand?post=868"},{"taxonomy":"product_cat","embeddable":true,"href":"https:\/\/livinghome.vn\/thiet-bi\/wp-json\/wp\/v2\/product_cat?post=868"},{"taxonomy":"product_tag","embeddable":true,"href":"https:\/\/livinghome.vn\/thiet-bi\/wp-json\/wp\/v2\/product_tag?post=868"}],"curies":[{"name":"wp","href":"https:\/\/api.w.org\/{rel}","templated":true}]}}