{"id":851,"date":"2023-01-12T11:27:26","date_gmt":"2023-01-12T11:27:26","guid":{"rendered":"https:\/\/livinghome.vn\/thiet-bi\/?post_type=product&#038;p=851"},"modified":"2024-11-29T14:20:53","modified_gmt":"2024-11-29T07:20:53","slug":"bep-tu-kaff-kf-ih2002lebar-73cm-2-vung-nau","status":"publish","type":"product","link":"https:\/\/livinghome.vn\/thiet-bi\/bep-tu-kaff-kf-ih2002lebar-73cm-2-vung-nau\/","title":{"rendered":"B\u1ebfp T\u1eeb Kaff KF-IH2002LEBAR 73CM 2 V\u00f9ng N\u1ea5u M\u1eb7t K\u00ednh Shott Ceran"},"content":{"rendered":"<h2>B\u1ebfp T\u1eeb KAFF KF-IH2002LeBar d\u00f2ng b\u1ebfp t\u1eeb th\u00f4ng minh m\u1edbi 2022 \u0111\u1ebfn t\u1eeb th\u01b0\u01a1ng hi\u1ec7u n\u1ed5i ti\u1ebfng KAFF c\u1ee7a \u0110\u1ee9c, s\u1ea3n ph\u1ea9m \u0111\u01b0\u1ee3c s\u1ea3n xu\u1ea5t tr\u00ean d\u00e2y chuy\u1ec1n c\u00f4ng ngh\u1ec7 hi\u1ec7n \u0111\u1ea1i theo ti\u00eau chu\u1ea9n Ch\u00e2u \u00c2u.<\/h2>\n<figure id=\"attachment_12050\" aria-describedby=\"caption-attachment-12050\" style=\"width: 1202px\" class=\"wp-caption alignnone\"><img loading=\"lazy\" decoding=\"async\" class=\"size-full wp-image-12050\" src=\"https:\/\/livinghome.vn\/thiet-bi\/wp-content\/uploads\/nha-bep\/kaff\/bep-tu\/bep-tu-kaff-kf-ih2002lebar\/bep-tu-kaff-kf-ih2002lebar-2.jpg\" alt=\"B\u1ebfp T\u1eeb KAFF KF-IH2002LeBar\" width=\"1202\" height=\"900\" title=\"\" srcset=\"https:\/\/livinghome.vn\/thiet-bi\/wp-content\/uploads\/nha-bep\/kaff\/bep-tu\/bep-tu-kaff-kf-ih2002lebar\/bep-tu-kaff-kf-ih2002lebar-2.jpg 1202w, https:\/\/livinghome.vn\/thiet-bi\/wp-content\/uploads\/nha-bep\/kaff\/bep-tu\/bep-tu-kaff-kf-ih2002lebar\/bep-tu-kaff-kf-ih2002lebar-2-600x449.jpg 600w, https:\/\/livinghome.vn\/thiet-bi\/wp-content\/uploads\/nha-bep\/kaff\/bep-tu\/bep-tu-kaff-kf-ih2002lebar\/bep-tu-kaff-kf-ih2002lebar-2-534x400.jpg 534w, https:\/\/livinghome.vn\/thiet-bi\/wp-content\/uploads\/nha-bep\/kaff\/bep-tu\/bep-tu-kaff-kf-ih2002lebar\/bep-tu-kaff-kf-ih2002lebar-2-1068x800.jpg 1068w, https:\/\/livinghome.vn\/thiet-bi\/wp-content\/uploads\/nha-bep\/kaff\/bep-tu\/bep-tu-kaff-kf-ih2002lebar\/bep-tu-kaff-kf-ih2002lebar-2-768x575.jpg 768w\" sizes=\"auto, (max-width: 1202px) 100vw, 1202px\" \/><figcaption id=\"caption-attachment-12050\" class=\"wp-caption-text\">B\u1ebfp T\u1eeb KAFF KF-IH2002LeBar<\/figcaption><\/figure>\n<p>B\u1ebfp T\u1eeb KAFF KF-IH2002Lebar l\u00e0 d\u00f2ng b\u1ebfp t\u1eeb th\u00f4ng minh th\u1ebf h\u1ec7 m\u1edbi nh\u1ea5t c\u1ee7a t\u1eadp \u0111o\u00e0n KAFF, \u0111\u00e1nh d\u1ea5u s\u1ef1 h\u1ee3p t\u00e1c n\u00e2ng t\u1ea7m chi\u1ebfn l\u01b0\u1ee3c gi\u1eefa T\u1eadp \u0110o\u00e0n KAFF v\u00e0 T\u1eadp \u0110o\u00e0n E.G.O n\u1ed5i ti\u1ebfng c\u1ee7a \u0110\u1ee9c. Ngo\u00e0i thi\u1ebft k\u1ebf \u1ea5n t\u01b0\u1ee3ng, B\u1ebfp T\u1eeb KAFF KF-IH2002Lebar c\u00f2n trang b\u1ecb cho m\u00ecnh nh\u1eefng linh ki\u1ec7n v\u00e0 c\u00f4ng ngh\u1ec7 \u0111\u1ed9t ph\u00e1 gi\u00fap ph\u00f9 h\u1ee3p v\u1edbi kh\u00ed h\u1eadu v\u00e0 nhu c\u1ea7u n\u1ea5u n\u01b0\u1edbng c\u1ee7a ng\u01b0\u1eddi Vi\u1ec7t.<\/p>\n<figure id=\"attachment_12054\" aria-describedby=\"caption-attachment-12054\" style=\"width: 900px\" class=\"wp-caption alignnone\"><img loading=\"lazy\" decoding=\"async\" class=\"size-full wp-image-12054\" src=\"https:\/\/livinghome.vn\/thiet-bi\/wp-content\/uploads\/nha-bep\/kaff\/bep-tu\/bep-tu-kaff-kf-ih2002lebar\/bep-tu-kaff-kf-ih2002lebar-4.jpg\" alt=\"B\u1ebfp T\u1eeb KAFF KF-IH2002LeBar\" width=\"900\" height=\"900\" title=\"\" srcset=\"https:\/\/livinghome.vn\/thiet-bi\/wp-content\/uploads\/nha-bep\/kaff\/bep-tu\/bep-tu-kaff-kf-ih2002lebar\/bep-tu-kaff-kf-ih2002lebar-4.jpg 900w, https:\/\/livinghome.vn\/thiet-bi\/wp-content\/uploads\/nha-bep\/kaff\/bep-tu\/bep-tu-kaff-kf-ih2002lebar\/bep-tu-kaff-kf-ih2002lebar-4-300x300.jpg 300w, https:\/\/livinghome.vn\/thiet-bi\/wp-content\/uploads\/nha-bep\/kaff\/bep-tu\/bep-tu-kaff-kf-ih2002lebar\/bep-tu-kaff-kf-ih2002lebar-4-100x100.jpg 100w, https:\/\/livinghome.vn\/thiet-bi\/wp-content\/uploads\/nha-bep\/kaff\/bep-tu\/bep-tu-kaff-kf-ih2002lebar\/bep-tu-kaff-kf-ih2002lebar-4-600x600.jpg 600w, https:\/\/livinghome.vn\/thiet-bi\/wp-content\/uploads\/nha-bep\/kaff\/bep-tu\/bep-tu-kaff-kf-ih2002lebar\/bep-tu-kaff-kf-ih2002lebar-4-400x400.jpg 400w, https:\/\/livinghome.vn\/thiet-bi\/wp-content\/uploads\/nha-bep\/kaff\/bep-tu\/bep-tu-kaff-kf-ih2002lebar\/bep-tu-kaff-kf-ih2002lebar-4-800x800.jpg 800w, https:\/\/livinghome.vn\/thiet-bi\/wp-content\/uploads\/nha-bep\/kaff\/bep-tu\/bep-tu-kaff-kf-ih2002lebar\/bep-tu-kaff-kf-ih2002lebar-4-280x280.jpg 280w, https:\/\/livinghome.vn\/thiet-bi\/wp-content\/uploads\/nha-bep\/kaff\/bep-tu\/bep-tu-kaff-kf-ih2002lebar\/bep-tu-kaff-kf-ih2002lebar-4-768x768.jpg 768w\" sizes=\"auto, (max-width: 900px) 100vw, 900px\" \/><figcaption id=\"caption-attachment-12054\" class=\"wp-caption-text\">B\u1ebfp T\u1eeb KAFF KF-IH2002LeBar<\/figcaption><\/figure>\n<p>S\u1eed d\u1ee5ng b\u1ea3ng \u0111i\u1ec1u khi\u1ec3n c\u1ea3m \u1ee9ng d\u1ea1ng tr\u01b0\u1ee3t slide hi\u1ec7n \u0111\u1ea1i v\u1edbi 10 d\u1ea3i c\u00f4ng su\u1ea5t nhi\u1ec7t \u0111\u1ed9 kh\u00e1c nhau, \u0111i\u1ec1u khi\u1ec3n d\u1ec5 d\u00e0ng b\u1eb1ng m\u1ed9t ng\u00f3n tay, m\u1ecdi ch\u01b0\u01a1ng tr\u00ecnh n\u1ea5u \u0111\u1ec1u \u0111\u01b0\u1ee3c hi\u1ec3n th\u1ecb qua \u0111\u00e8n LED s\u1eafc n\u00e9t \u0111\u1ec3 b\u1ea1n \u0111i\u1ec1u ch\u1ec9nh cho ph\u00f9 h\u1ee3p v\u1edbi c\u00e1c m\u00f3n \u0103n.<\/p>\n<p>KF-IH2002LeBar s\u1eed d\u1ee5ng \u0111\u1ea7u \u0111\u1ed1t E.G.O Made In Germany, m\u00e2m t\u1eeb n\u00e0y \u0111\u01b0\u1ee3c \u0111\u00e1nh gi\u00e1 l\u00e0 ti\u1ebft ki\u1ec7m n\u0103ng l\u01b0\u1ee3ng nh\u1ea5t trong nh\u1eefng c\u00e1c d\u00f2ng m\u00e2m nhi\u1ec7t hi\u1ec7n nay. C\u00f4ng ngh\u1ec7 Booster ti\u00ean ti\u1ebfn gi\u00fap r\u00fat ng\u1eafn \u0111\u01b0\u1ee3c nhi\u1ec1u th\u1eddi gian n\u1ea5u n\u01b0\u1edbng, ti\u1ebft ki\u1ec7m th\u1eddi gian cho ng\u01b0\u1eddi d\u00f9ng, v\u1edbi c\u00e1c t\u00ednh n\u0103ng an to\u00e0n, \u01b0u vi\u1ec7t d\u1ec5 s\u1eed d\u1ee5ng, thi\u1ebft k\u1ebf \u0111\u01a1n gi\u1ea3n nh\u01b0ng v\u1eabn mang l\u1ea1i s\u1ef1 sang tr\u1ecdng n\u00ean b\u1ebfp t\u1eeb \u0111\u00f4i n\u00e0y r\u1ea5t \u0111\u01b0\u1ee3c \u01b0u chu\u1ed9ng b\u1edfi c\u00e1c b\u00e0 n\u1ed9i tr\u1ee3.<\/p>\n<figure id=\"attachment_12053\" aria-describedby=\"caption-attachment-12053\" style=\"width: 900px\" class=\"wp-caption alignnone\"><img loading=\"lazy\" decoding=\"async\" class=\"size-full wp-image-12053\" src=\"https:\/\/livinghome.vn\/thiet-bi\/wp-content\/uploads\/nha-bep\/kaff\/bep-tu\/bep-tu-kaff-kf-ih2002lebar\/bep-tu-kaff-kf-ih2002lebar-3.jpg\" alt=\"B\u1ebfp T\u1eeb KAFF KF-IH2002LeBar\" width=\"900\" height=\"900\" title=\"\" srcset=\"https:\/\/livinghome.vn\/thiet-bi\/wp-content\/uploads\/nha-bep\/kaff\/bep-tu\/bep-tu-kaff-kf-ih2002lebar\/bep-tu-kaff-kf-ih2002lebar-3.jpg 900w, https:\/\/livinghome.vn\/thiet-bi\/wp-content\/uploads\/nha-bep\/kaff\/bep-tu\/bep-tu-kaff-kf-ih2002lebar\/bep-tu-kaff-kf-ih2002lebar-3-300x300.jpg 300w, https:\/\/livinghome.vn\/thiet-bi\/wp-content\/uploads\/nha-bep\/kaff\/bep-tu\/bep-tu-kaff-kf-ih2002lebar\/bep-tu-kaff-kf-ih2002lebar-3-100x100.jpg 100w, https:\/\/livinghome.vn\/thiet-bi\/wp-content\/uploads\/nha-bep\/kaff\/bep-tu\/bep-tu-kaff-kf-ih2002lebar\/bep-tu-kaff-kf-ih2002lebar-3-600x600.jpg 600w, https:\/\/livinghome.vn\/thiet-bi\/wp-content\/uploads\/nha-bep\/kaff\/bep-tu\/bep-tu-kaff-kf-ih2002lebar\/bep-tu-kaff-kf-ih2002lebar-3-400x400.jpg 400w, https:\/\/livinghome.vn\/thiet-bi\/wp-content\/uploads\/nha-bep\/kaff\/bep-tu\/bep-tu-kaff-kf-ih2002lebar\/bep-tu-kaff-kf-ih2002lebar-3-800x800.jpg 800w, https:\/\/livinghome.vn\/thiet-bi\/wp-content\/uploads\/nha-bep\/kaff\/bep-tu\/bep-tu-kaff-kf-ih2002lebar\/bep-tu-kaff-kf-ih2002lebar-3-280x280.jpg 280w, https:\/\/livinghome.vn\/thiet-bi\/wp-content\/uploads\/nha-bep\/kaff\/bep-tu\/bep-tu-kaff-kf-ih2002lebar\/bep-tu-kaff-kf-ih2002lebar-3-768x768.jpg 768w\" sizes=\"auto, (max-width: 900px) 100vw, 900px\" \/><figcaption id=\"caption-attachment-12053\" class=\"wp-caption-text\">B\u1ebfp T\u1eeb KAFF KF-IH2002LeBar<\/figcaption><\/figure>\n<p>B\u1ebfp T\u1eeb KAFF KF-IH2002Lebar \u0111\u01b0\u1ee3c trang b\u1ecb v\u1edbi c\u00f4ng ngh\u1ec7 Inverter th\u00f4ng minh v\u01b0\u1ee3t tr\u1ed9i gi\u00fap l\u00e0m gi\u1ea3m l\u01b0\u1ee3ng ti\u00eau th\u1ee5 \u0111i\u1ec7n c\u1ee7a c\u00e1c s\u1ea3n ph\u1ea9m c\u00f3 s\u1eed d\u1ee5ng l\u00f5i t\u1eeb c\u1ee7a b\u1ebfp t\u1eeb.<\/p>\n<p>B\u1ebfp v\u1edbi thi\u1ebft k\u1ebf 2 l\u00f2 n\u1ea5u t\u1eeb c\u00f9ng v\u1edbi c\u00f4ng ngh\u1ec7 Booster ti\u00ean ti\u1ebfn gi\u00fap r\u00fat ng\u1eafn \u0111\u01b0\u1ee3c nhi\u1ec1u th\u1eddi gian n\u1ea5u n\u01b0\u1edbng, ti\u1ebft ki\u1ec7m th\u1eddi gian cho ng\u01b0\u1eddi d\u00f9ng, v\u1edbi c\u00e1c t\u00ednh n\u0103ng an to\u00e0n, \u01b0u vi\u1ec7t d\u1ec5 s\u1eed d\u1ee5ng, thi\u1ebft k\u1ebf \u0111\u01a1n gi\u1ea3n nh\u01b0ng v\u1eabn mang l\u1ea1i s\u1ef1 sang tr\u1ecdng n\u00ean b\u1ebfp t\u1eeb \u0111\u00f4i n\u00e0y r\u1ea5t \u0111\u01b0\u1ee3c \u01b0u chu\u1ed9ng b\u1edfi c\u00e1c b\u00e0 n\u1ed9i tr\u1ee3.<\/p>\n<ul>\n<li>Xu\u1ea5t X\u1ee9: Germany<\/li>\n<li>Lo\u1ea1i b\u1ebfp: <a href=\"https:\/\/livinghome.vn\/thiet-bi\/bep-tu\/\">b\u1ebfp t\u1eeb<\/a> 02 v\u00f9ng n\u1ea5u<\/li>\n<li>\u0110\u00e8n led m\u1eb7t k\u00ednh sang tr\u1ecdng<\/li>\n<li>M\u1eb7t k\u00ednh Shott Ceran Made in Germany si\u00eau b\u1ec1n, ch\u1ecbu l\u1ef1c ch\u1ecbu s\u1ed1c nhi\u1ec7t<\/li>\n<li>\u0110\u1ea7u \u0111\u1ed1t EGO Made in Germany<\/li>\n<li>Ch\u1ee9c n\u0103ng Booster c\u1ef1c nhanh<\/li>\n<li>Bo m\u1ea1ch EGO Made in Germany<\/li>\n<li>10 d\u1ea3i c\u00f4ng su\u1ea5t<\/li>\n<li>\u0110i\u1ec1u khi\u1ec3n c\u1ea3m \u1ee9ng Slider d\u1ea1ng \u1ea9n tr\u1ef1c ti\u1ebfp tr\u00ean m\u1eb7t b\u1ebfp<\/li>\n<li>Ch\u1ebf \u0111\u1ed9 h\u1eb9n gi\u1edd, kh\u00f3a tr\u1ebb em th\u00f4ng minh, ti\u1ec7n d\u1ee5ng<\/li>\n<li>Ch\u1ebf \u0111\u1ed9 t\u1ef1 nh\u1eadn di\u1ec7n v\u00f9ng n\u1ea5u ti\u1ec7n d\u1ee5ng v\u1edbi c\u00e1c lo\u1ea1i n\u1ed3i l\u1edbn nh\u1ecf<\/li>\n<li>Ch\u1ee9c n\u0103ng Inverter v\u00e0 chia c\u00f4ng su\u1ea5t ti\u1ebft ki\u1ec7m \u0111i\u1ec7n n\u0103ng, b\u1ea3o v\u1ec7 b\u1ebfp<\/li>\n<li>Ch\u1ee9c n\u0103ng h\u00e2m<\/li>\n<li>Ch\u1ee9c n\u0103ng t\u1ea1m d\u1eebng<\/li>\n<li>Ch\u1ee9c n\u0103ng ch\u1ed1ng tr\u00e0n<\/li>\n<li>C\u1ea3m \u1ee9ng qu\u00e1 nhi\u1ec7t<\/li>\n<li>C\u00f4ng su\u1ea5t b\u1ebfp: 2300Wx2300W (Booster 3700Wx3700W)<\/li>\n<li>K\u00edch th\u01b0\u1edbc m\u1eb7t k\u00ednh: 730x430mm<\/li>\n<li>K\u00edch th\u01b0\u1edbc kho\u00e9t \u0111\u00e1: 660x360m<\/li>\n<\/ul>\n<h3>H\u00ecnh \u1ea3nh l\u1eafp \u0111\u1eb7t th\u1ef1c t\u1ebf B\u1ebfp T\u1eeb KAFF KF-IH2002LeBar:<\/h3>\n<figure id=\"attachment_12052\" aria-describedby=\"caption-attachment-12052\" style=\"width: 1200px\" class=\"wp-caption alignnone\"><img loading=\"lazy\" decoding=\"async\" class=\"size-full wp-image-12052\" src=\"https:\/\/livinghome.vn\/thiet-bi\/wp-content\/uploads\/nha-bep\/kaff\/bep-tu\/bep-tu-kaff-kf-ih2002lebar\/bep-tu-kaff-kf-ih2002lebar-hinh-anh-thuc-te-1.1.jpg\" alt=\"B\u1ebfp T\u1eeb KAFF KF-IH2002LeBar\" width=\"1200\" height=\"900\" title=\"\" srcset=\"https:\/\/livinghome.vn\/thiet-bi\/wp-content\/uploads\/nha-bep\/kaff\/bep-tu\/bep-tu-kaff-kf-ih2002lebar\/bep-tu-kaff-kf-ih2002lebar-hinh-anh-thuc-te-1.1.jpg 1200w, https:\/\/livinghome.vn\/thiet-bi\/wp-content\/uploads\/nha-bep\/kaff\/bep-tu\/bep-tu-kaff-kf-ih2002lebar\/bep-tu-kaff-kf-ih2002lebar-hinh-anh-thuc-te-1.1-600x450.jpg 600w, https:\/\/livinghome.vn\/thiet-bi\/wp-content\/uploads\/nha-bep\/kaff\/bep-tu\/bep-tu-kaff-kf-ih2002lebar\/bep-tu-kaff-kf-ih2002lebar-hinh-anh-thuc-te-1.1-533x400.jpg 533w, https:\/\/livinghome.vn\/thiet-bi\/wp-content\/uploads\/nha-bep\/kaff\/bep-tu\/bep-tu-kaff-kf-ih2002lebar\/bep-tu-kaff-kf-ih2002lebar-hinh-anh-thuc-te-1.1-1067x800.jpg 1067w, https:\/\/livinghome.vn\/thiet-bi\/wp-content\/uploads\/nha-bep\/kaff\/bep-tu\/bep-tu-kaff-kf-ih2002lebar\/bep-tu-kaff-kf-ih2002lebar-hinh-anh-thuc-te-1.1-768x576.jpg 768w\" sizes=\"auto, (max-width: 1200px) 100vw, 1200px\" \/><figcaption id=\"caption-attachment-12052\" class=\"wp-caption-text\">B\u1ebfp T\u1eeb KAFF KF-IH2002LeBar<\/figcaption><\/figure>\n","protected":false},"excerpt":{"rendered":"<p>C\u00f4ng su\u1ea5t b\u1ebfp: 2300Wx2300W (Booster 3700Wx3700W)<\/p>\n<p>K\u00edch th\u01b0\u1edbc m\u1eb7t k\u00ednh: 730x430mm<\/p>\n<p>K\u00edch th\u01b0\u1edbc kho\u00e9t \u0111\u00e1: 660x360m<\/p>\n","protected":false},"featured_media":12051,"comment_status":"open","ping_status":"closed","template":"","meta":[],"product_brand":[],"product_cat":[745,794,813,796,809,799,716,802,816,807,75,795,717,164],"product_tag":[76,77,168,170,167],"class_list":{"0":"post-851","1":"product","2":"type-product","3":"status-publish","4":"has-post-thumbnail","6":"product_cat-bep-dien-tu","7":"product_cat-bep-2-tu","8":"product_cat-bep-dien-tu-chung-cu","9":"product_cat-bep-dien-tu-doi","10":"product_cat-bep-dien-tu-duc-germany","11":"product_cat-bep-dien-tu-hinh-chu-nhat","12":"product_cat-bep-dien-tu-kaff","13":"product_cat-bep-dien-tu-mat-kinh-schott-ceran","14":"product_cat-bep-dien-tu-thoi-trang","15":"product_cat-bep-dien-tu-tiet-kiem-dien","16":"product_cat-bep-tu","17":"product_cat-bep-tu-doi","18":"product_cat-bep-tu-kaff","19":"product_cat-thuong-hieu-kaff","20":"product_tag-bep-tu","21":"product_tag-bep-tu-2-vung-nau","22":"product_tag-bep-tu-am","23":"product_tag-bep-tu-kaff","24":"product_tag-kaff","26":"first","27":"instock","28":"sale","29":"shipping-taxable","30":"purchasable","31":"product-type-simple"},"_links":{"self":[{"href":"https:\/\/livinghome.vn\/thiet-bi\/wp-json\/wp\/v2\/product\/851","targetHints":{"allow":["GET"]}}],"collection":[{"href":"https:\/\/livinghome.vn\/thiet-bi\/wp-json\/wp\/v2\/product"}],"about":[{"href":"https:\/\/livinghome.vn\/thiet-bi\/wp-json\/wp\/v2\/types\/product"}],"replies":[{"embeddable":true,"href":"https:\/\/livinghome.vn\/thiet-bi\/wp-json\/wp\/v2\/comments?post=851"}],"wp:featuredmedia":[{"embeddable":true,"href":"https:\/\/livinghome.vn\/thiet-bi\/wp-json\/wp\/v2\/media\/12051"}],"wp:attachment":[{"href":"https:\/\/livinghome.vn\/thiet-bi\/wp-json\/wp\/v2\/media?parent=851"}],"wp:term":[{"taxonomy":"product_brand","embeddable":true,"href":"https:\/\/livinghome.vn\/thiet-bi\/wp-json\/wp\/v2\/product_brand?post=851"},{"taxonomy":"product_cat","embeddable":true,"href":"https:\/\/livinghome.vn\/thiet-bi\/wp-json\/wp\/v2\/product_cat?post=851"},{"taxonomy":"product_tag","embeddable":true,"href":"https:\/\/livinghome.vn\/thiet-bi\/wp-json\/wp\/v2\/product_tag?post=851"}],"curies":[{"name":"wp","href":"https:\/\/api.w.org\/{rel}","templated":true}]}}