{"id":850,"date":"2023-01-12T11:27:26","date_gmt":"2023-01-12T11:27:26","guid":{"rendered":"https:\/\/livinghome.vn\/thiet-bi\/?post_type=product&#038;p=850"},"modified":"2024-11-29T14:20:53","modified_gmt":"2024-11-29T07:20:53","slug":"bep-tu-kaff-kf-rote55","status":"publish","type":"product","link":"https:\/\/livinghome.vn\/thiet-bi\/bep-tu-kaff-kf-rote55\/","title":{"rendered":"B\u1ebfp t\u1eeb Kaff KF-ROTE55 2 v\u00f9ng n\u1ea5u nh\u1eadp kh\u1ea9u \u0110\u1ee9c"},"content":{"rendered":"<h2>B\u1ebfp t\u1eeb Kaff KF-ROTE55 2 v\u00f9ng n\u1ea5u si\u00eau b\u1ec1n ti\u1ec7n l\u1ee3i<\/h2>\n<figure id=\"attachment_53575\" aria-describedby=\"caption-attachment-53575\" style=\"width: 800px\" class=\"wp-caption alignnone\"><img loading=\"lazy\" decoding=\"async\" class=\"size-large wp-image-53575\" src=\"https:\/\/livinghome.vn\/thiet-bi\/wp-content\/uploads\/nha-bep\/kaff\/bep-tu\/bep-tu-kaff-kf-rote55\/bep-tu-kaff-kf-rote55-800x800.jpg\" alt=\"B\u1ebfp t\u1eeb Kaff KF-ROTE55\" width=\"800\" height=\"800\" title=\"\"><figcaption id=\"caption-attachment-53575\" class=\"wp-caption-text\">B\u1ebfp t\u1eeb Kaff KF-ROTE55<\/figcaption><\/figure>\n<p>+ Lo\u1ea1i b\u1ebfp: <a href=\"https:\/\/livinghome.vn\/thiet-bi\/bep-tu\/\">b\u1ebfp t\u1eeb<\/a> 2 v\u00f9ng n\u1ea5u<\/p>\n<p>+ Xu\u1ea5t X\u1ee9: Germany<\/p>\n<p>+ M\u1eb7t k\u00ednh Shott Ceran Made in Germany si\u00eau b\u1ec1n, ch\u1ecbu l\u1ef1c ch\u1ecbu s\u1ed1c nhi\u1ec7t<\/p>\n<p>+ \u0110\u1ea7u \u0111\u1ed1t EGO Made in Germany<\/p>\n<p>+ Ch\u1ee9c n\u0103ng Booster c\u1ef1c nhanh<\/p>\n<p>+ Bo mach IGBT SIMENS Made in Germany<\/p>\n<p>+ 10 d\u1ea3i c\u00f4ng su\u1ea5t<\/p>\n<p>+ Ch\u1ebf \u0111\u1ed9 h\u1eb9n gi\u1edd, kh\u00f3a tr\u1ebb em th\u00f4ng minh, ti\u1ec7n d\u1ee5ng<\/p>\n<p>+ Ch\u1ebf \u0111\u1ed9 t\u1ef1 nh\u1eadn di\u1ec7n v\u00f9ng n\u1ea5u ti\u1ec7n d\u1ee5ng v\u1edbi c\u00e1c lo\u1ea1i n\u1ed3i l\u1edbn nh\u1ecf<\/p>\n<p>+ Ch\u1ee9c n\u0103ng Inverter v\u00e0 chia c\u00f4ng su\u1ea5t ti\u1ebft ki\u1ec7m \u0111i\u1ec7n n\u0103ng, b\u1ea3o v\u1ec7 b\u1ebfp<\/p>\n<p>+ Ch\u1ee9c n\u0103ng n\u1ea5u c\u01a1m<\/p>\n<p>+ Ch\u1ee9c n\u0103ng chi\u00ean x\u00e0o<\/p>\n<p>+ Ch\u1ee9c n\u0103ng h\u00e2m n\u00f3ng<\/p>\n<p>+ Ch\u1ee9c n\u0103ng t\u1ea1m d\u1eebng<\/p>\n<p>+ Ch\u1ee9c n\u0103ng ch\u1ed1ng tr\u00e0n<\/p>\n<p>+ C\u1ea3m \u1ee9ng qu\u00e1 nhi\u1ec7t<\/p>\n<p>+ C\u00f4ng su\u1ea5t b\u1ebfp: 2300Wx2300W (Booster 3700Wx3700W)<\/p>\n<p>+ K\u00edch th\u01b0\u1edbc m\u1eb7t k\u00ednh: 700\u00d7400 mm<\/p>\n<p>+ K\u00edch th\u01b0\u1edbc kho\u00e9t \u0111\u00e1: 660x360mm<\/p>\n","protected":false},"excerpt":{"rendered":"<p>+ M\u1eb7t k\u00ednh Shott Ceran Made in Germany si\u00eau b\u1ec1n, ch\u1ecbu l\u1ef1c ch\u1ecbu s\u1ed1c nhi\u1ec7t<\/p>\n<p>+ \u0110\u1ea7u \u0111\u1ed1t EGO Made in Germany<\/p>\n<p>+ Ch\u1ee9c n\u0103ng Booster c\u1ef1c nhanh<\/p>\n<p>+ Bo mach IGBT SIMENS Made in Germany<\/p>\n<p>+ 10 d\u1ea3i c\u00f4ng su\u1ea5t<\/p>\n","protected":false},"featured_media":920,"comment_status":"open","ping_status":"closed","template":"","meta":[],"product_brand":[],"product_cat":[745,794,813,796,809,799,802,816,75,795,717,164],"product_tag":[76,77,168,170,167],"class_list":{"0":"post-850","1":"product","2":"type-product","3":"status-publish","4":"has-post-thumbnail","6":"product_cat-bep-dien-tu","7":"product_cat-bep-2-tu","8":"product_cat-bep-dien-tu-chung-cu","9":"product_cat-bep-dien-tu-doi","10":"product_cat-bep-dien-tu-duc-germany","11":"product_cat-bep-dien-tu-hinh-chu-nhat","12":"product_cat-bep-dien-tu-mat-kinh-schott-ceran","13":"product_cat-bep-dien-tu-thoi-trang","14":"product_cat-bep-tu","15":"product_cat-bep-tu-doi","16":"product_cat-bep-tu-kaff","17":"product_cat-thuong-hieu-kaff","18":"product_tag-bep-tu","19":"product_tag-bep-tu-2-vung-nau","20":"product_tag-bep-tu-am","21":"product_tag-bep-tu-kaff","22":"product_tag-kaff","24":"first","25":"instock","26":"sale","27":"shipping-taxable","28":"purchasable","29":"product-type-simple"},"_links":{"self":[{"href":"https:\/\/livinghome.vn\/thiet-bi\/wp-json\/wp\/v2\/product\/850","targetHints":{"allow":["GET"]}}],"collection":[{"href":"https:\/\/livinghome.vn\/thiet-bi\/wp-json\/wp\/v2\/product"}],"about":[{"href":"https:\/\/livinghome.vn\/thiet-bi\/wp-json\/wp\/v2\/types\/product"}],"replies":[{"embeddable":true,"href":"https:\/\/livinghome.vn\/thiet-bi\/wp-json\/wp\/v2\/comments?post=850"}],"wp:featuredmedia":[{"embeddable":true,"href":"https:\/\/livinghome.vn\/thiet-bi\/wp-json\/wp\/v2\/media\/920"}],"wp:attachment":[{"href":"https:\/\/livinghome.vn\/thiet-bi\/wp-json\/wp\/v2\/media?parent=850"}],"wp:term":[{"taxonomy":"product_brand","embeddable":true,"href":"https:\/\/livinghome.vn\/thiet-bi\/wp-json\/wp\/v2\/product_brand?post=850"},{"taxonomy":"product_cat","embeddable":true,"href":"https:\/\/livinghome.vn\/thiet-bi\/wp-json\/wp\/v2\/product_cat?post=850"},{"taxonomy":"product_tag","embeddable":true,"href":"https:\/\/livinghome.vn\/thiet-bi\/wp-json\/wp\/v2\/product_tag?post=850"}],"curies":[{"name":"wp","href":"https:\/\/api.w.org\/{rel}","templated":true}]}}