{"id":848,"date":"2023-01-12T11:27:26","date_gmt":"2023-01-12T11:27:26","guid":{"rendered":"https:\/\/livinghome.vn\/thiet-bi\/?post_type=product&#038;p=848"},"modified":"2024-11-29T14:20:52","modified_gmt":"2024-11-29T07:20:52","slug":"bep-tu-kaff-kf-hide868i","status":"publish","type":"product","link":"https:\/\/livinghome.vn\/thiet-bi\/bep-tu-kaff-kf-hide868i\/","title":{"rendered":"B\u1ebfp t\u1eeb Kaff KF-HIDE868I 4 v\u00f9ng n\u1ea5u nh\u1eadp kh\u1ea9u \u0110\u1ee9c"},"content":{"rendered":"<h2>B\u1ebfp t\u1eeb Kaff KF-HIDE868I 4 v\u00f9ng n\u1ea5u th\u00f4ng minh<\/h2>\n<p>&nbsp;<\/p>\n<figure id=\"attachment_44062\" aria-describedby=\"caption-attachment-44062\" style=\"width: 800px\" class=\"wp-caption alignnone\"><img loading=\"lazy\" decoding=\"async\" class=\"size-large wp-image-44062\" src=\"https:\/\/livinghome.vn\/thiet-bi\/wp-content\/uploads\/nha-bep\/kaff\/bep-tu\/bep-tu-kaff-kf-hide868i\/bep-tu-kaff-kf-hide868i-800x800.jpg\" alt=\"B\u1ebfp t\u1eeb Kaff KF-HIDE868I\" width=\"800\" height=\"800\" title=\"\"><figcaption id=\"caption-attachment-44062\" class=\"wp-caption-text\">B\u1ebfp t\u1eeb Kaff KF-HIDE868I<\/figcaption><\/figure>\n<p>+ B\u1ebfp t\u1eeb \u0111a \u0111i\u1ec3m Flexinduction si\u00eau nh\u1ea1y, c\u1ea3m bi\u1ebfn chi\u00ean x\u00e0o th\u00f4ng minh, \u0111i\u1ec1u khi\u1ec3n c\u1ea3m \u1ee9ng d\u1ea1ng ph\u00edm \u1ea9m m\u1edbi nh\u1ea5t hi\u1ec7n nay<\/p>\n<p>+ Lo\u1ea1i b\u1ebfp: <a href=\"https:\/\/livinghome.vn\/thiet-bi\/bep-tu\/\">b\u1ebfp t\u1eeb \u0111a \u0111i\u1ec3m<\/a> c\u00f3 4 v\u00f9ng n\u1ea5u<\/p>\n<p>+ Xu\u1ea5t X\u1ee9: EGO Germany<\/p>\n<p>+ M\u1eb7t k\u00ednh Schott Ceran Made in Germany si\u00eau b\u1ec1n, ch\u1ecbu l\u1ef1c ch\u1ecbu s\u1ed1c nhi\u1ec7t<\/p>\n<p>+ Linh ki\u1ec7n b\u1ebfp s\u1ea3n xu\u1ea5t b\u1edfi t\u1eadp \u0111o\u00e0n EGO Germany<\/p>\n<p>+ Ch\u1ee9c n\u0103ng Booster c\u1ef1c nhanh<\/p>\n<p>+ 10 d\u1ea3i c\u00f4ng su\u1ea5t n\u1ea5u<\/p>\n<p>+ \u0110i\u1ec1u khi\u1ec3n c\u1ea3m \u1ee9ng d\u1ea1ng \u1ea9n hi\u1ec7n \u0111\u1ea1i th\u00f4ng minh<\/p>\n<p>+ K\u1ebft n\u1ed1i \u0111i\u1ec7n tho\u1ea1i th\u00f4ng minh b\u1eb1ng ph\u1ea7n m\u1ec1m Android<\/p>\n<p>+ Ch\u1ebf \u0111\u1ed9 h\u1eb9n gi\u1edd, kh\u00f3a tr\u1ebb em th\u00f4ng minh, ti\u1ec7n d\u1ee5ng<\/p>\n<p>+ Ch\u1ebf \u0111\u1ed9 \u0111a \u0111i\u1ec3m t\u1ef1 nh\u1eadn di\u1ec7n v\u00f9ng n\u1ea5u, t\u1ef1 \u0111i\u1ec1u ch\u1ec9nh c\u00f4ng su\u1ea5t<\/p>\n<p>+ Ch\u1ee9c n\u0103ng Inverter v\u00e0 chia c\u00f4ng su\u1ea5t ti\u1ebft ki\u1ec7m \u0111i\u1ec7n n\u0103ng, b\u1ea3o v\u1ec7 b\u1ebfp<\/p>\n<p>+ Ch\u1ee9c n\u0103ng n\u1ea5u c\u01a1m<\/p>\n<p>+ Ch\u1ee9c n\u0103ng chi\u00ean x\u00e0o<\/p>\n<p>+ Ch\u1ee9c n\u0103ng h\u00e2m<\/p>\n<p>+ Ch\u1ee9c n\u0103ng t\u1ea1m d\u1eebng<\/p>\n<p>+ Ch\u1ee9c n\u0103ng ch\u1ed1ng tr\u00e0n<\/p>\n<p>+ C\u1ea3m \u1ee9ng qu\u00e1 nhi\u1ec7t<\/p>\n<p>+ V\u00f9ng n\u1ea5u 1 + 2, c\u00f4ng su\u1ea5t 3300 W, c\u00f4ng su\u1ea5t \u1edf ch\u1ebf \u0111\u1ed9 PowerBoost: 3700 W<\/p>\n<p>+ V\u00f9ng n\u1ea5u 3 + 4, c\u00f4ng su\u1ea5t 3300 W, c\u00f4ng su\u1ea5t \u1edf ch\u1ebf \u0111\u1ed9 PowerBoost: 3700 W<\/p>\n<p>+ K\u00edch th\u01b0\u1edbc m\u1eb7t k\u00ednh: 573\u00d7519 mm<\/p>\n<p>+ K\u00edch th\u01b0\u1edbc kho\u00e9t \u0111\u00e1: 533x479mm<\/p>\n","protected":false},"excerpt":{"rendered":"<p>B\u1ebfp t\u1eeb Kaff KF-HIDE868I 4 v\u00f9ng n\u1ea5u th\u00f4ng minh &nbsp; + B\u1ebfp t\u1eeb \u0111a \u0111i\u1ec3m Flexinduction si\u00eau nh\u1ea1y, c\u1ea3m bi\u1ebfn chi\u00ean x\u00e0o th\u00f4ng minh, \u0111i\u1ec1u khi\u1ec3n c\u1ea3m \u1ee9ng d\u1ea1ng ph\u00edm \u1ea9m m\u1edbi nh\u1ea5t hi\u1ec7n nay + Lo\u1ea1i b\u1ebfp: b\u1ebfp t\u1eeb \u0111a \u0111i\u1ec3m c\u00f3 4 v\u00f9ng n\u1ea5u + Xu\u1ea5t X\u1ee9: EGO Germany + M\u1eb7t k\u00ednh Schott [&#8230;]\n","protected":false},"featured_media":918,"comment_status":"open","ping_status":"closed","template":"","meta":[],"product_brand":[],"product_cat":[745,869,804,800,716,802,816,807,75,806,717,164],"product_tag":[76,183,168,170,167],"class_list":{"0":"post-848","1":"product","2":"type-product","3":"status-publish","4":"has-post-thumbnail","6":"product_cat-bep-dien-tu","7":"product_cat-bep-4-tu","8":"product_cat-bep-dien-tu-4-vung-nau","9":"product_cat-bep-dien-tu-hinh-vuong","10":"product_cat-bep-dien-tu-kaff","11":"product_cat-bep-dien-tu-mat-kinh-schott-ceran","12":"product_cat-bep-dien-tu-thoi-trang","13":"product_cat-bep-dien-tu-tiet-kiem-dien","14":"product_cat-bep-tu","15":"product_cat-bep-tu-4-vung-nau","16":"product_cat-bep-tu-kaff","17":"product_cat-thuong-hieu-kaff","18":"product_tag-bep-tu","19":"product_tag-bep-tu-4-vung-nau","20":"product_tag-bep-tu-am","21":"product_tag-bep-tu-kaff","22":"product_tag-kaff","24":"first","25":"instock","26":"sale","27":"shipping-taxable","28":"purchasable","29":"product-type-simple"},"_links":{"self":[{"href":"https:\/\/livinghome.vn\/thiet-bi\/wp-json\/wp\/v2\/product\/848","targetHints":{"allow":["GET"]}}],"collection":[{"href":"https:\/\/livinghome.vn\/thiet-bi\/wp-json\/wp\/v2\/product"}],"about":[{"href":"https:\/\/livinghome.vn\/thiet-bi\/wp-json\/wp\/v2\/types\/product"}],"replies":[{"embeddable":true,"href":"https:\/\/livinghome.vn\/thiet-bi\/wp-json\/wp\/v2\/comments?post=848"}],"wp:featuredmedia":[{"embeddable":true,"href":"https:\/\/livinghome.vn\/thiet-bi\/wp-json\/wp\/v2\/media\/918"}],"wp:attachment":[{"href":"https:\/\/livinghome.vn\/thiet-bi\/wp-json\/wp\/v2\/media?parent=848"}],"wp:term":[{"taxonomy":"product_brand","embeddable":true,"href":"https:\/\/livinghome.vn\/thiet-bi\/wp-json\/wp\/v2\/product_brand?post=848"},{"taxonomy":"product_cat","embeddable":true,"href":"https:\/\/livinghome.vn\/thiet-bi\/wp-json\/wp\/v2\/product_cat?post=848"},{"taxonomy":"product_tag","embeddable":true,"href":"https:\/\/livinghome.vn\/thiet-bi\/wp-json\/wp\/v2\/product_tag?post=848"}],"curies":[{"name":"wp","href":"https:\/\/api.w.org\/{rel}","templated":true}]}}