{"id":845,"date":"2023-01-12T11:27:26","date_gmt":"2023-01-12T11:27:26","guid":{"rendered":"https:\/\/livinghome.vn\/thiet-bi\/?post_type=product&#038;p=845"},"modified":"2024-11-29T14:20:52","modified_gmt":"2024-11-29T07:20:52","slug":"bep-tu-kaff-kf-smart848vario","status":"publish","type":"product","link":"https:\/\/livinghome.vn\/thiet-bi\/bep-tu-kaff-kf-smart848vario\/","title":{"rendered":"B\u1ebfp t\u1eeb Kaff KF-Smart848Vario nh\u1eadp kh\u1ea9u \u0110\u1ee9c"},"content":{"rendered":"<h2>B\u1ebfp t\u1eeb Kaff KF-Smart848Vario c\u00f3 g\u00ec n\u1ed5i b\u1eadt<\/h2>\n<figure id=\"attachment_43896\" aria-describedby=\"caption-attachment-43896\" style=\"width: 800px\" class=\"wp-caption alignnone\"><img loading=\"lazy\" decoding=\"async\" class=\"size-large wp-image-43896\" src=\"https:\/\/livinghome.vn\/thiet-bi\/wp-content\/uploads\/nha-bep\/kaff\/bep-tu\/bep-tu-kaff-kf-smart848vario\/bep-tu-kaff-kf-smart848vario-800x800.jpg\" alt=\"B\u1ebfp t\u1eeb Kaff KF-Smart848Vario nh\u1eadp kh\u1ea9u \u0110\u1ee9c\" width=\"800\" height=\"800\" title=\"\"><figcaption id=\"caption-attachment-43896\" class=\"wp-caption-text\">B\u1ebfp t\u1eeb Kaff KF-Smart848Vario nh\u1eadp kh\u1ea9u \u0110\u1ee9c<\/figcaption><\/figure>\n<ul>\n<li>H\u00e3ng s\u1ea3n xu\u1ea5t: KAFF<\/li>\n<li>Xu\u1ea5t x\u1ee9: Made In Germany<\/li>\n<li>Lo\u1ea1i b\u1ebfp: <a href=\"https:\/\/livinghome.vn\/thiet-bi\/bep-tu\/\">b\u1ebfp t\u1eeb \u0111a v\u00f9ng n\u1ea5u<\/a><\/li>\n<li>Model b\u1ebfp: KF-Smart848Vario<\/li>\n<li>S\u1ed1 b\u1ebfp n\u1ea5u: 6 V\u00f9ng \u2013 Li\u00ean k\u1ebft th\u00e0nh 1 v\u00f9ng n\u1ea5u<\/li>\n<li>M\u1ee9c c\u00f4ng su\u1ea5t: C\u00f4ng ngh\u1ec7 \u0111i\u1ec1u khi\u1ec3n \u201d Directselect \u201d 12 m\u1ee9c c\u00f4ng su\u1ea5t [0; 1; 1.5; 2; 2.5; 3; 3.5; 4; 4.5; 5; 5.5; 6; 6.5; 7; 7.5; 8; 8.5; 9; 9.5; 10; 11 and 12]<\/li>\n<li>Ki\u1ec3u d\u00e1ng b\u1ebfp: H\u00ecnh ch\u1eef nh\u1eadt<\/li>\n<li>M\u1eb7t k\u00ednh: M\u1eb7t k\u00ednh g\u1ed1m th\u1ee7y tinh Eurokera, v\u00e1t c\u1ea1nh tr\u01b0\u1edbc, vi\u1ec1n inox 2 c\u1ea1nh b\u00ean v\u00e0 ph\u00eda d\u01b0\u1edbi<\/li>\n<li>Ki\u1ec3u b\u1ebfp: \u0110\u1ec3 \u00e2m<\/li>\n<li>C\u00f4ng su\u1ea5t t\u1ed5ng: 11Kw<\/li>\n<li>Di\u1ec7n t\u00edch v\u00f9ng n\u1ea5u: Area 1: 2x2100W, 3.3KW (c\u00f3 th\u1ec3 t\u0103ng l\u00ean 3.7KW); Area 2: 2x2100W, 3.3KW (c\u00f3 th\u1ec3 t\u0103ng l\u00ean 3.7KW); Area 3: 2x2100W, 3.3KW (c\u00f3 th\u1ec3 t\u0103ng l\u00ean 3.7KW); Area 4: 2x2100W, 3.3KW (c\u00f3 th\u1ec3 t\u0103ng l\u00ean 3.7KW); Area 5: 2x2100W, 3.3KW (c\u00f3 th\u1ec3 t\u0103ng l\u00ean 3.7KW); Area 6: 2x2100W, 3.3KW (c\u00f3 th\u1ec3 t\u0103ng l\u00ean 3.7KW)<\/li>\n<li>Ch\u1ee9c n\u0103ng n\u1ea5u nhanh Booster: c\u00f3<\/li>\n<li>Ch\u1ee9c n\u0103ng chuy\u1ec3n m\u1ee9c c\u00f4ng su\u1ea5t: C\u00e1c v\u00f9ng n\u1ea5u s\u1ebd t\u1ef1 chuy\u1ec3n \u0111\u1ed5i m\u1ee9c c\u00f4ng su\u1ea5t t\u1eeb m\u1ee9c 7 tr\u1edf l\u00ean<\/li>\n<li>Ch\u1ee9c n\u0103ng kh\u00f3a tr\u1ebb em: c\u00f3<\/li>\n<li>Ch\u1ee9c n\u0103ng h\u1eb9n gi\u1edd \u0111\u1ebfm ng\u01b0\u1ee3c l\u00ean \u0111\u1ebfn 99 ph\u00fat: Stand-alone Timer (count- down)<\/li>\n<li>B\u1ea3ng \u0111i\u1ec1u khi\u1ec3n c\u1ea3m \u1ee9ng tr\u01b0\u1ee3t Slider th\u00f4ng minh<\/li>\n<li>Ch\u1ee9c n\u0103ng t\u1ea1m d\u1eebng \u2013 Pause Function : c\u00f3<\/li>\n<li>Ch\u1ee9c n\u0103ng n\u1ea5u m\u1eb7c \u0111\u1ecbnh \u2013 Chef cook function: M\u1ee9c c\u00f4ng su\u1ea5t tr\u00e1i: 3, m\u1ee9c c\u00f4ng su\u1ea5t gi\u1eefa: 6; m\u1ee9c c\u00f4ng su\u1ea5t ph\u1ea3i 9<\/li>\n<li>T\u1ef1 \u0111\u1ed9ng nh\u1eadn di\u1ec7n n\u1ed3i ch\u1ea3o: c\u00f3<\/li>\n<li>T\u1ef1 t\u1eaft khi kh\u00f4ng s\u1eed d\u1ee5ng v\u00e0 khi qu\u00e1 nhi\u1ec7t: c\u00f3<\/li>\n<li>Hi\u1ec3n th\u1ecb nhi\u1ec7t d\u01b0 H\/h: c\u00f3<\/li>\n<li>Ch\u1ebf \u0111\u1ed9 ch\u1ed1ng tr\u00e0n: c\u00f3<\/li>\n<li>Ch\u1ebf \u0111\u1ed9 Booster n\u1ea5u nhanh: c\u00f3<\/li>\n<li>Ch\u1ee9c n\u0103ng c\u1ea3m bi\u1ebfn chi\u00ean: c\u00f3<\/li>\n<li>Ch\u1ee9c n\u0103ng gi\u1eef \u1ea5m th\u1ef1c ph\u1ea9m: c\u00f3 \u2013 Melting: 44 \u0111\u1ed9; Warming: 70 \u0111\u1ed9; Simmering: 94 \u0111\u1ed9<\/li>\n<li>Ch\u1ee9c n\u0103ng gia nhi\u1ec7t nhanh: c\u00f3<\/li>\n<li>K\u00edch th\u01b0\u1edbc b\u1ec1 m\u1eb7t: 934x529mm<\/li>\n<li>K\u00edch th\u01b0\u1edbc kho\u00e9t \u0111\u00e1: 884x479mm<\/li>\n<li>T\u1ea7n s\u1ed1 \/ Hi\u1ec7u \u0111i\u1ec7n th\u1ebf: 200-240V \u2013 50\/60Hz \u2013 3x16A\/Nomal Wattage at 230V AC and Booster Wattage at 230V AC<\/li>\n<\/ul>\n","protected":false},"excerpt":{"rendered":"<p>B\u1ebfp t\u1eeb Kaff KF-Smart848Vario c\u00f3 g\u00ec n\u1ed5i b\u1eadt H\u00e3ng s\u1ea3n xu\u1ea5t: KAFF Xu\u1ea5t x\u1ee9: Made In Germany Lo\u1ea1i b\u1ebfp: b\u1ebfp t\u1eeb \u0111a v\u00f9ng n\u1ea5u Model b\u1ebfp: KF-Smart848Vario S\u1ed1 b\u1ebfp n\u1ea5u: 6 V\u00f9ng \u2013 Li\u00ean k\u1ebft th\u00e0nh 1 v\u00f9ng n\u1ea5u M\u1ee9c c\u00f4ng su\u1ea5t: C\u00f4ng ngh\u1ec7 \u0111i\u1ec1u khi\u1ec3n \u201d Directselect \u201d 12 m\u1ee9c c\u00f4ng su\u1ea5t [0; 1; [&#8230;]\n","protected":false},"featured_media":908,"comment_status":"open","ping_status":"closed","template":"","meta":[],"product_brand":[],"product_cat":[745,809,799,716,816,75,871,717,164],"product_tag":[76,168,170,167],"class_list":{"0":"post-845","1":"product","2":"type-product","3":"status-publish","4":"has-post-thumbnail","6":"product_cat-bep-dien-tu","7":"product_cat-bep-dien-tu-duc-germany","8":"product_cat-bep-dien-tu-hinh-chu-nhat","9":"product_cat-bep-dien-tu-kaff","10":"product_cat-bep-dien-tu-thoi-trang","11":"product_cat-bep-tu","12":"product_cat-bep-tu-da-vung-nau","13":"product_cat-bep-tu-kaff","14":"product_cat-thuong-hieu-kaff","15":"product_tag-bep-tu","16":"product_tag-bep-tu-am","17":"product_tag-bep-tu-kaff","18":"product_tag-kaff","20":"first","21":"instock","22":"sale","23":"shipping-taxable","24":"purchasable","25":"product-type-simple"},"_links":{"self":[{"href":"https:\/\/livinghome.vn\/thiet-bi\/wp-json\/wp\/v2\/product\/845","targetHints":{"allow":["GET"]}}],"collection":[{"href":"https:\/\/livinghome.vn\/thiet-bi\/wp-json\/wp\/v2\/product"}],"about":[{"href":"https:\/\/livinghome.vn\/thiet-bi\/wp-json\/wp\/v2\/types\/product"}],"replies":[{"embeddable":true,"href":"https:\/\/livinghome.vn\/thiet-bi\/wp-json\/wp\/v2\/comments?post=845"}],"wp:featuredmedia":[{"embeddable":true,"href":"https:\/\/livinghome.vn\/thiet-bi\/wp-json\/wp\/v2\/media\/908"}],"wp:attachment":[{"href":"https:\/\/livinghome.vn\/thiet-bi\/wp-json\/wp\/v2\/media?parent=845"}],"wp:term":[{"taxonomy":"product_brand","embeddable":true,"href":"https:\/\/livinghome.vn\/thiet-bi\/wp-json\/wp\/v2\/product_brand?post=845"},{"taxonomy":"product_cat","embeddable":true,"href":"https:\/\/livinghome.vn\/thiet-bi\/wp-json\/wp\/v2\/product_cat?post=845"},{"taxonomy":"product_tag","embeddable":true,"href":"https:\/\/livinghome.vn\/thiet-bi\/wp-json\/wp\/v2\/product_tag?post=845"}],"curies":[{"name":"wp","href":"https:\/\/api.w.org\/{rel}","templated":true}]}}