{"id":833,"date":"2023-01-12T11:27:02","date_gmt":"2023-01-12T11:27:02","guid":{"rendered":"https:\/\/livinghome.vn\/thiet-bi\/?post_type=product&#038;p=833"},"modified":"2024-11-29T14:20:53","modified_gmt":"2024-11-29T07:20:53","slug":"may-hut-mui-kaff-kf-gb785n","status":"publish","type":"product","link":"https:\/\/livinghome.vn\/thiet-bi\/may-hut-mui-kaff-kf-gb785n\/","title":{"rendered":"M\u00e1y h\u00fat m\u00f9i Kaff KF-GB785N NEW h\u00fat s\u1ea1ch m\u1ecdi m\u00f9i h\u00f4i"},"content":{"rendered":"<h2><strong>M\u00e1y h\u00fat m\u00f9i Kaff KF-GB785N v\u1edbi m\u1eb7t k\u00ednh cong \u0111en ph\u00edm c\u01a1 b\u1ec1n b\u1ec9<\/strong><\/h2>\n<ul>\n<li>M\u00e1y h\u00fat m\u00f9i k\u00ednh con<\/li>\n<li>Th\u00e2n m\u00e1y b\u1eb1ng inox s\u00e1ng \u0111\u1eb9p<\/li>\n<li>K\u00ednh c\u01b0\u1eddng l\u1ef1c d\u00e0y 5mm tr\u00e1ng men b\u00f3ng cao c\u1ea5p<\/li>\n<li>\u0110i\u1ec1u khi\u1ec3n ph\u00edm b\u1ea5m 3 t\u1ed1c \u0111\u1ed9<\/li>\n<li>L\u01b0\u1edbi l\u1ecdc thang inox<\/li>\n<li>\u0110\u00e8n led bar 1x4W<\/li>\n<li>Motor 1x180W<\/li>\n<li>C\u00f4ng su\u1ea5t h\u00fat t\u1ed1i \u0111a 1000m3\/h<\/li>\n<li>\u0110\u1ed9 \u1ed3n maximum 48dB<\/li>\n<li>\u1ed0ng tho\u00e1t D150 + 2m \u1ed1ng m\u1ec1m k\u00e8m theo<\/li>\n<li>\u1ed0p \u1ed1ng kh\u00f3i inox 1 x 450 x 300<\/li>\n<li>K\u00edch th\u01b0\u1edbc:140 x 475 x 700mm<\/li>\n<\/ul>\n<h3><strong>Living Home Vietnam hi\u1ec7n l\u00e0 nh\u00e0 ph\u00e2n ph\u1ed1i ch\u00ednh th\u1ee9c d\u00f2ng s\u1ea3n ph\u1ea9m KAFF<\/strong><\/h3>\n<figure style=\"width: 637px\" class=\"wp-caption aligncenter\"><img loading=\"lazy\" decoding=\"async\" src=\"https:\/\/livinghome.vn\/thiet-bi\/wp-content\/uploads\/nha-bep\/kaff\/chung-nhan-kaff.jpg\" alt=\"Ch\u1ee9ng nh\u1eadn KAFF cho Living Home Vietnam\" width=\"637\" height=\"900\" title=\"\"><figcaption class=\"wp-caption-text\"><em>Ch\u1ee9ng nh\u1eadn KAFF cho Living Home Vietnam<br \/><\/em><\/figcaption><\/figure>\n<h3><span id=\"tim-kiem-nhung-y-tuong-noi-that-hap-dan-khac-tai-living-home\"><strong>T\u00ecm ki\u1ebfm nh\u1eefng \u00fd t\u01b0\u1edfng <a href=\"http:\/\/livinghome.vn\">S\u1ea3n ph\u1ea9m gia \u0111\u00ecnh<\/a> kh\u00e1c t\u1ea1i Living Home<\/strong><\/span><\/h3>\n<ul>\n<li>Facebook Living Home Vietnam: <a href=\"https:\/\/www.facebook.com\/livinghomevietnam\/\" target=\"_blank\" rel=\"noopener noreferrer nofollow\">click here<\/a><\/li>\n<li>Thi\u1ebft k\u1ebf n\u1ed9i th\u1ea5t: <a href=\"https:\/\/www.facebook.com\/thietkenoithatnhadephcm\" target=\"_blank\" rel=\"noopener noreferrer nofollow\">click here<\/a><\/li>\n<\/ul>\n<h2><strong>\u01afu \u0111\u00e3i tuy\u1ec7t v\u1eddi d\u00e0nh cho M\u00e1y h\u00fat m\u00f9i Kaff KF-GB785N<br \/>\n<\/strong><\/h2>\n<ul>\n<li>Li\u00ean h\u1ec7 hotline \u0111\u1ec3 bi\u1ebft th\u00eam chi ti\u1ebft<\/li>\n<\/ul>\n<p>&nbsp;<\/p>\n","protected":false},"excerpt":{"rendered":"<p>&#8216;- K\u00edch th\u01b0\u1edbc s\u1ea3n ph\u1ea9m: 140 x 475 x 700 mm<\/p>\n","protected":false},"featured_media":22566,"comment_status":"open","ping_status":"closed","template":"","meta":[],"product_brand":[],"product_cat":[600,89,164],"product_tag":[167,86,178],"class_list":{"0":"post-833","1":"product","2":"type-product","3":"status-publish","4":"has-post-thumbnail","6":"product_cat-may-hut-mui-kaff","7":"product_cat-may-hut-mui-gan-tuong","8":"product_cat-thuong-hieu-kaff","9":"product_tag-kaff","10":"product_tag-may-hut-mui","11":"product_tag-may-hut-mui-kaff","13":"first","14":"instock","15":"sale","16":"purchasable","17":"product-type-simple"},"_links":{"self":[{"href":"https:\/\/livinghome.vn\/thiet-bi\/wp-json\/wp\/v2\/product\/833","targetHints":{"allow":["GET"]}}],"collection":[{"href":"https:\/\/livinghome.vn\/thiet-bi\/wp-json\/wp\/v2\/product"}],"about":[{"href":"https:\/\/livinghome.vn\/thiet-bi\/wp-json\/wp\/v2\/types\/product"}],"replies":[{"embeddable":true,"href":"https:\/\/livinghome.vn\/thiet-bi\/wp-json\/wp\/v2\/comments?post=833"}],"wp:featuredmedia":[{"embeddable":true,"href":"https:\/\/livinghome.vn\/thiet-bi\/wp-json\/wp\/v2\/media\/22566"}],"wp:attachment":[{"href":"https:\/\/livinghome.vn\/thiet-bi\/wp-json\/wp\/v2\/media?parent=833"}],"wp:term":[{"taxonomy":"product_brand","embeddable":true,"href":"https:\/\/livinghome.vn\/thiet-bi\/wp-json\/wp\/v2\/product_brand?post=833"},{"taxonomy":"product_cat","embeddable":true,"href":"https:\/\/livinghome.vn\/thiet-bi\/wp-json\/wp\/v2\/product_cat?post=833"},{"taxonomy":"product_tag","embeddable":true,"href":"https:\/\/livinghome.vn\/thiet-bi\/wp-json\/wp\/v2\/product_tag?post=833"}],"curies":[{"name":"wp","href":"https:\/\/api.w.org\/{rel}","templated":true}]}}