{"id":812,"date":"2023-01-12T11:26:39","date_gmt":"2023-01-12T11:26:39","guid":{"rendered":"https:\/\/livinghome.vn\/thiet-bi\/?post_type=product&#038;p=812"},"modified":"2024-11-29T14:20:53","modified_gmt":"2024-11-29T07:20:53","slug":"may-hut-mui-kaff-kf-gb027","status":"publish","type":"product","link":"https:\/\/livinghome.vn\/thiet-bi\/may-hut-mui-kaff-kf-gb027\/","title":{"rendered":"M\u00e1y h\u00fat m\u00f9i Kaff KF-GB027 NEW cao c\u1ea5p"},"content":{"rendered":"<h2><strong>M\u00e1y h\u00fat m\u00f9i Kaff KF-GB027 v\u1edbi k\u00ednh cong v\u00e0 \u0111i\u1ec1u khi\u1ec3n c\u1ea3m \u1ee9ng<\/strong><\/h2>\n<figure id=\"attachment_55920\" aria-describedby=\"caption-attachment-55920\" style=\"width: 800px\" class=\"wp-caption alignnone\"><img loading=\"lazy\" decoding=\"async\" class=\"size-large wp-image-55920\" src=\"https:\/\/livinghome.vn\/thiet-bi\/wp-content\/uploads\/nha-bep\/kaff\/may-hut-mui\/may-hut-mui-ap-tuong\/may-hut-mui-ap-tuong-kaff-kf-gb027\/may-hut-mui-ap-tuong-kaff-kf-gb027.bk_-800x800.jpg\" alt=\"M\u00e1y h\u00fat m\u00f9i Kaff KF-GB027\" width=\"800\" height=\"800\" title=\"\"><figcaption id=\"caption-attachment-55920\" class=\"wp-caption-text\">M\u00e1y h\u00fat m\u00f9i Kaff KF-GB027<\/figcaption><\/figure>\n<ul>\n<li>M\u00e1y h\u00fat m\u00f9i k\u00ednh cong<\/li>\n<li>Th\u00e2n m\u00e1y b\u1eb1ng inox s\u00e1ng \u0111\u1eb9p<\/li>\n<li>K\u00ednh c\u01b0\u1eddng l\u1ef1c d\u00e0y 8mm tr\u00e1ng men b\u00f3ng cao c\u1ea5p<\/li>\n<li>\u0110i\u1ec1u khi\u1ec3n c\u1ea3m \u1ee9ng 3 t\u1ed1c \u0111\u1ed9<\/li>\n<li>L\u01b0\u1edbi l\u1ecdc nh\u00f4m 5 l\u1edbp + than ho\u1ea1t t\u00ednh<\/li>\n<li>\u0110\u00e8n led 2x2W<\/li>\n<li>Motor 1x170W<\/li>\n<li>C\u00f4ng su\u1ea5t h\u00fat t\u1ed1i \u0111a 1000m3\/h<\/li>\n<li>\u0110\u1ed9 \u1ed3n maximum 48dB<\/li>\n<li>\u1ed0ng tho\u00e1t D150 + 2m \u1ed1ng m\u1ec1m k\u00e8m theo<\/li>\n<li>\u1ed0p \u1ed1ng kh\u00f3i inox 2 x 450 x 300 mm<\/li>\n<li>K\u00edch th\u01b0\u1edbc: 140 x 475 x 700 mm<\/li>\n<\/ul>\n<figure id=\"attachment_10232\" aria-describedby=\"caption-attachment-10232\" style=\"width: 600px\" class=\"wp-caption aligncenter\"><img loading=\"lazy\" decoding=\"async\" class=\"wp-image-10232\" src=\"https:\/\/livinghome.vn\/thiet-bi\/wp-content\/uploads\/nha-bep\/kaff\/may-hut-mui\/may-hut-mui-kaff-kf-gb027.jpg\" alt=\"M\u00e1y h\u00fat m\u00f9i Kaff KF-GB027\" width=\"600\" height=\"600\" title=\"\"><figcaption id=\"caption-attachment-10232\" class=\"wp-caption-text\">M\u00e1y h\u00fat m\u00f9i Kaff KF-GB027<\/figcaption><\/figure>\n<h3><strong>Living Home Vietnam hi\u1ec7n l\u00e0 nh\u00e0 ph\u00e2n ph\u1ed1i ch\u00ednh th\u1ee9c d\u00f2ng s\u1ea3n ph\u1ea9m KAFF<\/strong><\/h3>\n<figure style=\"width: 637px\" class=\"wp-caption aligncenter\"><img loading=\"lazy\" decoding=\"async\" src=\"https:\/\/livinghome.vn\/thiet-bi\/wp-content\/uploads\/nha-bep\/kaff\/chung-nhan-kaff.jpg\" alt=\"Ch\u1ee9ng nh\u1eadn KAFF cho Living Home Vietnam\" width=\"637\" height=\"900\" title=\"\"><figcaption class=\"wp-caption-text\"><em>Ch\u1ee9ng nh\u1eadn KAFF cho Living Home Vietnam<br \/><\/em><\/figcaption><\/figure>\n<h3><span id=\"tim-kiem-nhung-y-tuong-noi-that-hap-dan-khac-tai-living-home\"><strong>T\u00ecm ki\u1ebfm nh\u1eefng \u00fd t\u01b0\u1edfng <a href=\"http:\/\/livinghome.vn\">S\u1ea3n ph\u1ea9m gia \u0111\u00ecnh<\/a> kh\u00e1c t\u1ea1i Living Home<\/strong><\/span><\/h3>\n<ul>\n<li>Facebook Living Home Vietnam: <a href=\"https:\/\/www.facebook.com\/livinghomevietnam\/\" target=\"_blank\" rel=\"noopener noreferrer nofollow\">click here<\/a><\/li>\n<li>Thi\u1ebft k\u1ebf n\u1ed9i th\u1ea5t: <a href=\"https:\/\/www.facebook.com\/thietkenoithatnhadephcm\" target=\"_blank\" rel=\"noopener noreferrer nofollow\">click here<\/a><\/li>\n<\/ul>\n<h2><strong>\u01afu \u0111\u00e3i tuy\u1ec7t v\u1eddi d\u00e0nh cho M\u00e1y h\u00fat m\u00f9i Kaff KF-GB773<br \/>\n<\/strong><\/h2>\n<ul>\n<li>Li\u00ean h\u1ec7 hotline \u0111\u1ec3 bi\u1ebft th\u00eam chi ti\u1ebft<\/li>\n<\/ul>\n<p>&nbsp;<\/p>\n","protected":false},"excerpt":{"rendered":"<p>&#8216;- K\u00edch th\u01b0\u1edbc s\u1ea3n ph\u1ea9m: 140 x 475 x 900 mm<\/p>\n","protected":false},"featured_media":0,"comment_status":"open","ping_status":"closed","template":"","meta":[],"product_brand":[],"product_cat":[600,89,164],"product_tag":[167,86,178],"class_list":{"0":"post-812","1":"product","2":"type-product","3":"status-publish","5":"product_cat-may-hut-mui-kaff","6":"product_cat-may-hut-mui-gan-tuong","7":"product_cat-thuong-hieu-kaff","8":"product_tag-kaff","9":"product_tag-may-hut-mui","10":"product_tag-may-hut-mui-kaff","12":"first","13":"instock","14":"sale","15":"shipping-taxable","16":"purchasable","17":"product-type-simple"},"_links":{"self":[{"href":"https:\/\/livinghome.vn\/thiet-bi\/wp-json\/wp\/v2\/product\/812","targetHints":{"allow":["GET"]}}],"collection":[{"href":"https:\/\/livinghome.vn\/thiet-bi\/wp-json\/wp\/v2\/product"}],"about":[{"href":"https:\/\/livinghome.vn\/thiet-bi\/wp-json\/wp\/v2\/types\/product"}],"replies":[{"embeddable":true,"href":"https:\/\/livinghome.vn\/thiet-bi\/wp-json\/wp\/v2\/comments?post=812"}],"wp:attachment":[{"href":"https:\/\/livinghome.vn\/thiet-bi\/wp-json\/wp\/v2\/media?parent=812"}],"wp:term":[{"taxonomy":"product_brand","embeddable":true,"href":"https:\/\/livinghome.vn\/thiet-bi\/wp-json\/wp\/v2\/product_brand?post=812"},{"taxonomy":"product_cat","embeddable":true,"href":"https:\/\/livinghome.vn\/thiet-bi\/wp-json\/wp\/v2\/product_cat?post=812"},{"taxonomy":"product_tag","embeddable":true,"href":"https:\/\/livinghome.vn\/thiet-bi\/wp-json\/wp\/v2\/product_tag?post=812"}],"curies":[{"name":"wp","href":"https:\/\/api.w.org\/{rel}","templated":true}]}}