{"id":8046,"date":"2023-02-21T10:23:33","date_gmt":"2023-02-21T10:23:33","guid":{"rendered":"https:\/\/livinghome.vn\/thiet-bi\/?post_type=product&#038;p=8046"},"modified":"2024-11-29T14:19:15","modified_gmt":"2024-11-29T07:19:15","slug":"may-hut-mui-pramie-cl9s-700","status":"publish","type":"product","link":"https:\/\/livinghome.vn\/thiet-bi\/may-hut-mui-pramie-cl9s-700\/","title":{"rendered":"M\u00e1y h\u00fat m\u00f9i Pramie CL9S 700 c\u1ed5 \u0111i\u1ec3n thi\u1ebft k\u1ebf kim lo\u1ea1i sang tr\u1ecdng"},"content":{"rendered":"<p>M\u00e1y h\u00fat m\u00f9i Pramie CL9S-700 \u0111\u1ebfn t\u1eeb th\u01b0\u01a1ng hi\u1ec7u \u0110\u1ee9c uy t\u00edn v\u1edbi ch\u1ea5t l\u01b0\u1ee3ng t\u1ed1t, \u0111\u01b0\u1ee3c s\u1ea3n xu\u1ea5t v\u00e0 nh\u1eadp kh\u1ea9u nguy\u00ean chi\u1ebfc t\u1eeb Th\u00e1i Lan<\/p>\n<figure id=\"attachment_8051\" aria-describedby=\"caption-attachment-8051\" style=\"width: 900px\" class=\"wp-caption alignnone\"><img loading=\"lazy\" decoding=\"async\" class=\"wp-image-8051 size-full\" src=\"https:\/\/livinghome.vn\/thiet-bi\/wp-content\/uploads\/nha-bep\/pramie\/may-hut-mui\/may-hut-mui-pramie-cl9s-700\/may-hut-mui-pramie-cl9s-700-7.jpg\" alt=\"M\u00e1y h\u00fat m\u00f9i Pramie CL9S 700\" width=\"900\" height=\"900\" title=\"\" srcset=\"https:\/\/livinghome.vn\/thiet-bi\/wp-content\/uploads\/nha-bep\/pramie\/may-hut-mui\/may-hut-mui-pramie-cl9s-700\/may-hut-mui-pramie-cl9s-700-7.jpg 900w, https:\/\/livinghome.vn\/thiet-bi\/wp-content\/uploads\/nha-bep\/pramie\/may-hut-mui\/may-hut-mui-pramie-cl9s-700\/may-hut-mui-pramie-cl9s-700-7-300x300.jpg 300w, https:\/\/livinghome.vn\/thiet-bi\/wp-content\/uploads\/nha-bep\/pramie\/may-hut-mui\/may-hut-mui-pramie-cl9s-700\/may-hut-mui-pramie-cl9s-700-7-100x100.jpg 100w, https:\/\/livinghome.vn\/thiet-bi\/wp-content\/uploads\/nha-bep\/pramie\/may-hut-mui\/may-hut-mui-pramie-cl9s-700\/may-hut-mui-pramie-cl9s-700-7-600x600.jpg 600w, https:\/\/livinghome.vn\/thiet-bi\/wp-content\/uploads\/nha-bep\/pramie\/may-hut-mui\/may-hut-mui-pramie-cl9s-700\/may-hut-mui-pramie-cl9s-700-7-400x400.jpg 400w, https:\/\/livinghome.vn\/thiet-bi\/wp-content\/uploads\/nha-bep\/pramie\/may-hut-mui\/may-hut-mui-pramie-cl9s-700\/may-hut-mui-pramie-cl9s-700-7-800x800.jpg 800w, https:\/\/livinghome.vn\/thiet-bi\/wp-content\/uploads\/nha-bep\/pramie\/may-hut-mui\/may-hut-mui-pramie-cl9s-700\/may-hut-mui-pramie-cl9s-700-7-280x280.jpg 280w, https:\/\/livinghome.vn\/thiet-bi\/wp-content\/uploads\/nha-bep\/pramie\/may-hut-mui\/may-hut-mui-pramie-cl9s-700\/may-hut-mui-pramie-cl9s-700-7-768x768.jpg 768w\" sizes=\"auto, (max-width: 900px) 100vw, 900px\" \/><figcaption id=\"caption-attachment-8051\" class=\"wp-caption-text\">M\u00e1y h\u00fat m\u00f9i Pramie CL9S 700<\/figcaption><\/figure>\n<p><strong>C\u00f4ng su\u1ea5t h\u00fat c\u1ee7a m\u00e1y 600 m3\/h t\u1ea1o l\u1ef1c h\u00fat l\u1edbn, nhanh ch\u00f3ng l\u00e0m s\u1ea1ch \u0111\u01b0\u1ee3c b\u1ea7u kh\u00f4ng kh\u00ed cho c\u0103n b\u1ebfp c\u1ee7a b\u1ea1n.<\/strong><\/p>\n<p>M\u00e1y ho\u1ea1t \u0111\u1ed9ng v\u1edbi 2 qu\u1ea1t gi\u00fap kh\u1eed m\u00f9i nhanh, t\u1ed1i \u01b0u \u0111\u01b0\u1ee3c \u0111i\u1ec7n n\u0103ng cho gia \u0111\u00ecnh.<\/p>\n<p>\u0110\u1ed9 \u1ed3n t\u1ed1i \u0111a ch\u1ec9 50 dB kh\u00f4ng g\u00e2y kh\u00f3 ch\u1ecbu, \u1ea3nh h\u01b0\u1edfng \u0111\u1ebfn sinh ho\u1ea1t gia \u0111\u00ecnh b\u1ea1n.<\/p>\n<p>&nbsp;<\/p>\n<figure id=\"attachment_8047\" aria-describedby=\"caption-attachment-8047\" style=\"width: 900px\" class=\"wp-caption alignnone\"><img loading=\"lazy\" decoding=\"async\" class=\"wp-image-8047 size-full\" src=\"https:\/\/livinghome.vn\/thiet-bi\/wp-content\/uploads\/nha-bep\/pramie\/may-hut-mui\/may-hut-mui-pramie-cl9s-700\/may-hut-mui-pramie-cl9s-700-5.jpg\" alt=\"M\u00e1y h\u00fat m\u00f9i Pramie CL9S 700\" width=\"900\" height=\"900\" title=\"\" srcset=\"https:\/\/livinghome.vn\/thiet-bi\/wp-content\/uploads\/nha-bep\/pramie\/may-hut-mui\/may-hut-mui-pramie-cl9s-700\/may-hut-mui-pramie-cl9s-700-5.jpg 900w, https:\/\/livinghome.vn\/thiet-bi\/wp-content\/uploads\/nha-bep\/pramie\/may-hut-mui\/may-hut-mui-pramie-cl9s-700\/may-hut-mui-pramie-cl9s-700-5-300x300.jpg 300w, https:\/\/livinghome.vn\/thiet-bi\/wp-content\/uploads\/nha-bep\/pramie\/may-hut-mui\/may-hut-mui-pramie-cl9s-700\/may-hut-mui-pramie-cl9s-700-5-100x100.jpg 100w, https:\/\/livinghome.vn\/thiet-bi\/wp-content\/uploads\/nha-bep\/pramie\/may-hut-mui\/may-hut-mui-pramie-cl9s-700\/may-hut-mui-pramie-cl9s-700-5-600x600.jpg 600w, https:\/\/livinghome.vn\/thiet-bi\/wp-content\/uploads\/nha-bep\/pramie\/may-hut-mui\/may-hut-mui-pramie-cl9s-700\/may-hut-mui-pramie-cl9s-700-5-400x400.jpg 400w, https:\/\/livinghome.vn\/thiet-bi\/wp-content\/uploads\/nha-bep\/pramie\/may-hut-mui\/may-hut-mui-pramie-cl9s-700\/may-hut-mui-pramie-cl9s-700-5-800x800.jpg 800w, https:\/\/livinghome.vn\/thiet-bi\/wp-content\/uploads\/nha-bep\/pramie\/may-hut-mui\/may-hut-mui-pramie-cl9s-700\/may-hut-mui-pramie-cl9s-700-5-280x280.jpg 280w, https:\/\/livinghome.vn\/thiet-bi\/wp-content\/uploads\/nha-bep\/pramie\/may-hut-mui\/may-hut-mui-pramie-cl9s-700\/may-hut-mui-pramie-cl9s-700-5-768x768.jpg 768w\" sizes=\"auto, (max-width: 900px) 100vw, 900px\" \/><figcaption id=\"caption-attachment-8047\" class=\"wp-caption-text\">M\u00e1y h\u00fat m\u00f9i Pramie CL9S 700<\/figcaption><\/figure>\n<p><strong>M\u00e1y h\u00fat m\u00f9i \u00e2m t\u1ee7 thi\u1ebft k\u1ebf c\u1ed5 \u0111i\u1ec3n, chi\u1ec1u ngang 69.3 cm d\u1ec5 d\u00e0ng l\u1eafp \u0111\u1eb7t ph\u00f9 h\u1ee3p nh\u1eefng m\u1eabu b\u1ebfp \u0111i\u1ec7n, b\u1ebfp ga ph\u1ed5 th\u00f4ng \u0111\u01b0\u1ee3c \u0111a s\u1ed1 ng\u01b0\u1eddi Vi\u1ec7t \u0111ang d\u00f9ng.<\/strong><br \/>\nTh\u00e2n m\u00e1y h\u00fat m\u00f9i Pramie b\u1eb1ng ch\u1ea5t li\u1ec7u th\u00e9p kh\u00f4ng g\u1ec9 d\u1ec5 lau ch\u00f9i, s\u00e1ng b\u00f3ng, b\u1ec1n l\u00e2u, t\u1ea1o cho kh\u00f4ng gian b\u1ebfp m\u1ed9t v\u1ebb sang tr\u1ecdng h\u01a1n.<\/p>\n<figure id=\"attachment_8055\" aria-describedby=\"caption-attachment-8055\" style=\"width: 900px\" class=\"wp-caption alignnone\"><img loading=\"lazy\" decoding=\"async\" class=\"wp-image-8055 size-full\" src=\"https:\/\/livinghome.vn\/thiet-bi\/wp-content\/uploads\/nha-bep\/pramie\/may-hut-mui\/may-hut-mui-pramie-cl9s-700\/may-hut-mui-pramie-cl9s-700-8.jpg\" alt=\"M\u00e1y h\u00fat m\u00f9i Pramie CL9S 700\" width=\"900\" height=\"900\" title=\"\" srcset=\"https:\/\/livinghome.vn\/thiet-bi\/wp-content\/uploads\/nha-bep\/pramie\/may-hut-mui\/may-hut-mui-pramie-cl9s-700\/may-hut-mui-pramie-cl9s-700-8.jpg 900w, https:\/\/livinghome.vn\/thiet-bi\/wp-content\/uploads\/nha-bep\/pramie\/may-hut-mui\/may-hut-mui-pramie-cl9s-700\/may-hut-mui-pramie-cl9s-700-8-300x300.jpg 300w, https:\/\/livinghome.vn\/thiet-bi\/wp-content\/uploads\/nha-bep\/pramie\/may-hut-mui\/may-hut-mui-pramie-cl9s-700\/may-hut-mui-pramie-cl9s-700-8-100x100.jpg 100w, https:\/\/livinghome.vn\/thiet-bi\/wp-content\/uploads\/nha-bep\/pramie\/may-hut-mui\/may-hut-mui-pramie-cl9s-700\/may-hut-mui-pramie-cl9s-700-8-600x600.jpg 600w, https:\/\/livinghome.vn\/thiet-bi\/wp-content\/uploads\/nha-bep\/pramie\/may-hut-mui\/may-hut-mui-pramie-cl9s-700\/may-hut-mui-pramie-cl9s-700-8-400x400.jpg 400w, https:\/\/livinghome.vn\/thiet-bi\/wp-content\/uploads\/nha-bep\/pramie\/may-hut-mui\/may-hut-mui-pramie-cl9s-700\/may-hut-mui-pramie-cl9s-700-8-800x800.jpg 800w, https:\/\/livinghome.vn\/thiet-bi\/wp-content\/uploads\/nha-bep\/pramie\/may-hut-mui\/may-hut-mui-pramie-cl9s-700\/may-hut-mui-pramie-cl9s-700-8-280x280.jpg 280w, https:\/\/livinghome.vn\/thiet-bi\/wp-content\/uploads\/nha-bep\/pramie\/may-hut-mui\/may-hut-mui-pramie-cl9s-700\/may-hut-mui-pramie-cl9s-700-8-768x768.jpg 768w\" sizes=\"auto, (max-width: 900px) 100vw, 900px\" \/><figcaption id=\"caption-attachment-8055\" class=\"wp-caption-text\">M\u00e1y h\u00fat m\u00f9i Pramie CL9S 700<\/figcaption><\/figure>\n<h3>T\u00ednh n\u0103ng c\u01a1 b\u1ea3n<\/h3>\n<ul>\n<li><a href=\"https:\/\/livinghome.vn\/thiet-bi\/may-hut-mui\/\">M\u00e1y h\u00fat kh\u00f3i kh\u1eed m\u00f9i<\/a><\/li>\n<li>\u0110i\u1ec1u khi\u1ec3n c\u1ea3m \u1ee9ng Control Touch th\u00f4ng minh<\/li>\n<li>H\u1ec7 th\u1ed1ng chi\u1ebfu s\u00e1ng 2 \u0111\u00e8n Led<\/li>\n<li>Phin l\u1ecdc d\u1ec5 d\u00e0ng v\u1ec7 sinh<\/li>\n<li>Ch\u1ebf \u0111\u1ed9 kh\u1eed m\u00f9i tr\u1ef1c ti\u1ebfp ho\u1eb7c qua than ho\u1eb7c t\u00ednh<\/li>\n<li>Motor turbo si\u00eau kh\u1ecfe.<\/li>\n<\/ul>\n<h3>Th\u00f4ng s\u1ed1 k\u1ef9 thu\u1eadt<\/h3>\n<ul>\n<li>K\u00edch th\u01b0\u1edbc: 700mm<\/li>\n<li>C\u00f4ng su\u1ea5t h\u00fat: 650-700m3\/h<\/li>\n<li>\u0110i\u1ec7n \u00e1p: 220-240V,50-60Hz<\/li>\n<li>\u0110\u1ed9 \u1ed3n &lt; 32dB<\/li>\n<\/ul>\n<h3>Xu\u1ea5t x\u1ee9: Th\u00e1i Lan<\/h3>\n<div><\/div>\n","protected":false},"excerpt":{"rendered":"<p style=\"text-align: center;\">K\u00edch th\u01b0\u1edbc: 700mm<\/p>\n<p style=\"text-align: center;\">C\u00f4ng su\u1ea5t h\u00fat: 600m3\/h<\/p>\n<p style=\"text-align: center;\">\u0110i\u1ec7n \u00e1p: 220-240V,50-60Hz<\/p>\n<p style=\"text-align: center;\">\u0110\u1ed9 \u1ed3n &lt; 32dB<\/p>\n<p style=\"text-align: center;\">\u0110i\u1ec1u khi\u1ec3n c\u1ea3m \u1ee9ng Control Touch th\u00f4ng minh<br \/>\nH\u1ec7 th\u1ed1ng chi\u1ebfu s\u00e1ng 2 \u0111\u00e8n LED<br \/>\nPhin l\u1ecdc d\u1ec5 d\u00e0ng v\u1ec7 sinh<br \/>\nCh\u1ebf \u0111\u1ed9 kh\u1eed m\u00f9i tr\u1ef1c ti\u1ebfp ho\u1eb7c qua than ho\u1ea1t t\u00ednh<br \/>\nMotor turbo si\u00eau kh\u1ecfe<\/p>\n","protected":false},"featured_media":22486,"comment_status":"open","ping_status":"closed","template":"","meta":[],"product_brand":[],"product_cat":[132,84,593,585],"product_tag":[86,375,594,588],"class_list":{"0":"post-8046","1":"product","2":"type-product","3":"status-publish","4":"has-post-thumbnail","6":"product_cat-may-hut-mui-co-dien-classic","7":"product_cat-may-hut-mui","8":"product_cat-may-hut-mui-pramie","9":"product_cat-thuong-hieu-pramie","10":"product_tag-may-hut-mui","11":"product_tag-may-hut-mui-co-dien-classic","12":"product_tag-may-hut-mui-pramie","13":"product_tag-pramie","15":"first","16":"instock","17":"sale","18":"shipping-taxable","19":"purchasable","20":"product-type-simple"},"_links":{"self":[{"href":"https:\/\/livinghome.vn\/thiet-bi\/wp-json\/wp\/v2\/product\/8046","targetHints":{"allow":["GET"]}}],"collection":[{"href":"https:\/\/livinghome.vn\/thiet-bi\/wp-json\/wp\/v2\/product"}],"about":[{"href":"https:\/\/livinghome.vn\/thiet-bi\/wp-json\/wp\/v2\/types\/product"}],"replies":[{"embeddable":true,"href":"https:\/\/livinghome.vn\/thiet-bi\/wp-json\/wp\/v2\/comments?post=8046"}],"wp:featuredmedia":[{"embeddable":true,"href":"https:\/\/livinghome.vn\/thiet-bi\/wp-json\/wp\/v2\/media\/22486"}],"wp:attachment":[{"href":"https:\/\/livinghome.vn\/thiet-bi\/wp-json\/wp\/v2\/media?parent=8046"}],"wp:term":[{"taxonomy":"product_brand","embeddable":true,"href":"https:\/\/livinghome.vn\/thiet-bi\/wp-json\/wp\/v2\/product_brand?post=8046"},{"taxonomy":"product_cat","embeddable":true,"href":"https:\/\/livinghome.vn\/thiet-bi\/wp-json\/wp\/v2\/product_cat?post=8046"},{"taxonomy":"product_tag","embeddable":true,"href":"https:\/\/livinghome.vn\/thiet-bi\/wp-json\/wp\/v2\/product_tag?post=8046"}],"curies":[{"name":"wp","href":"https:\/\/api.w.org\/{rel}","templated":true}]}}