{"id":8034,"date":"2023-02-21T09:57:59","date_gmt":"2023-02-21T09:57:59","guid":{"rendered":"https:\/\/livinghome.vn\/thiet-bi\/?post_type=product&#038;p=8034"},"modified":"2024-11-29T14:19:15","modified_gmt":"2024-11-29T07:19:15","slug":"may-hut-mui-pramie-ch22-700","status":"publish","type":"product","link":"https:\/\/livinghome.vn\/thiet-bi\/may-hut-mui-pramie-ch22-700\/","title":{"rendered":"M\u00e1y h\u00fat m\u00f9i Pramie CH22 700 c\u1ed5 \u0111i\u1ec3n c\u00f4ng ngh\u1ec7 c\u1ea3m bi\u1ebfn"},"content":{"rendered":"<p>M\u00e1y h\u00fat m\u00f9i Pramie CH22-700 h\u1ed7 tr\u1ee3 c\u1ea3m bi\u1ebfn kh\u00f4ng ch\u1ea1m t\u1eaft\/m\u1edf m\u00e1y, cho ph\u00e9p b\u1ea1n kh\u1edfi \u0111\u1ed9ng m\u00e1y b\u1eb1ng c\u00e1ch v\u1eaby tay nh\u1eb9 nh\u00e0ng, kh\u00f4ng s\u1ee3 tay d\u00ednh d\u1ea7u m\u1ee1 l\u00e0m v\u1ea5y b\u1ea9n b\u1ec1 m\u1eb7t thi\u1ebft b\u1ecb khi s\u1eed d\u1ee5ng.<\/p>\n<figure id=\"attachment_8035\" aria-describedby=\"caption-attachment-8035\" style=\"width: 900px\" class=\"wp-caption alignnone\"><img loading=\"lazy\" decoding=\"async\" class=\"wp-image-8035 size-full\" src=\"https:\/\/livinghome.vn\/thiet-bi\/wp-content\/uploads\/nha-bep\/pramie\/may-hut-mui\/may-hut-mui-pramie-ch22-700\/may-hut-mui-pramie-ch22-700.jpg\" alt=\"M\u00e1y h\u00fat m\u00f9i Pramie CH22-700\" width=\"900\" height=\"900\" title=\"\" srcset=\"https:\/\/livinghome.vn\/thiet-bi\/wp-content\/uploads\/nha-bep\/pramie\/may-hut-mui\/may-hut-mui-pramie-ch22-700\/may-hut-mui-pramie-ch22-700.jpg 900w, https:\/\/livinghome.vn\/thiet-bi\/wp-content\/uploads\/nha-bep\/pramie\/may-hut-mui\/may-hut-mui-pramie-ch22-700\/may-hut-mui-pramie-ch22-700-300x300.jpg 300w, https:\/\/livinghome.vn\/thiet-bi\/wp-content\/uploads\/nha-bep\/pramie\/may-hut-mui\/may-hut-mui-pramie-ch22-700\/may-hut-mui-pramie-ch22-700-100x100.jpg 100w, https:\/\/livinghome.vn\/thiet-bi\/wp-content\/uploads\/nha-bep\/pramie\/may-hut-mui\/may-hut-mui-pramie-ch22-700\/may-hut-mui-pramie-ch22-700-600x600.jpg 600w, https:\/\/livinghome.vn\/thiet-bi\/wp-content\/uploads\/nha-bep\/pramie\/may-hut-mui\/may-hut-mui-pramie-ch22-700\/may-hut-mui-pramie-ch22-700-400x400.jpg 400w, https:\/\/livinghome.vn\/thiet-bi\/wp-content\/uploads\/nha-bep\/pramie\/may-hut-mui\/may-hut-mui-pramie-ch22-700\/may-hut-mui-pramie-ch22-700-800x800.jpg 800w, https:\/\/livinghome.vn\/thiet-bi\/wp-content\/uploads\/nha-bep\/pramie\/may-hut-mui\/may-hut-mui-pramie-ch22-700\/may-hut-mui-pramie-ch22-700-280x280.jpg 280w, https:\/\/livinghome.vn\/thiet-bi\/wp-content\/uploads\/nha-bep\/pramie\/may-hut-mui\/may-hut-mui-pramie-ch22-700\/may-hut-mui-pramie-ch22-700-768x768.jpg 768w\" sizes=\"auto, (max-width: 900px) 100vw, 900px\" \/><figcaption id=\"caption-attachment-8035\" class=\"wp-caption-text\">M\u00e1y h\u00fat m\u00f9i Pramie CH22-700<\/figcaption><\/figure>\n<p>B\u1ea3ng \u0111i\u1ec1u khi\u1ec3n c\u1ea3m \u1ee9ng \u0111i\u1ec7n t\u1eed t\u00f9y ch\u1ec9nh ch\u1ee9c n\u0103ng ch\u00ednh x\u00e1c, d\u1ec5 d\u00e0ng, \u0111\u1eb7c bi\u1ec7t t\u00edch h\u1ee3p c\u1ea3m bi\u1ebfn kh\u00f4ng ch\u1ea1m, kh\u1edfi \u0111\u1ed9ng\/t\u1eaft thi\u1ebft b\u1ecb b\u1eb1ng c\u00e1ch v\u1eaby tay ti\u1ec7n d\u1ee5ng.<\/p>\n<h3>T\u00ednh n\u0103ng c\u01a1 b\u1ea3n<\/h3>\n<ul>\n<li><a href=\"https:\/\/livinghome.vn\/thiet-bi\/may-hut-mui\/\">M\u00e1y h\u00fat kh\u00f3i kh\u1eed m\u00f9i<\/a><\/li>\n<li>C\u00f4ng ngh\u1ec7 v\u00e2n tay kh\u00f4ng ch\u1ea1m AirSwiper.<\/li>\n<li>\u0110i\u1ec1u khi\u1ec3n c\u1ea3m \u1ee9ng Control Touch th\u00f4ng minh<\/li>\n<li>H\u1ec7 th\u1ed1ng chi\u1ebfu s\u00e1ng 2 \u0111\u00e8n Led<\/li>\n<li>Phin l\u1ecdc d\u1ec5 d\u00e0ng v\u1ec7 sinh<\/li>\n<li>Ch\u1ebf \u0111\u1ed9 kh\u1eed m\u00f9i tr\u1ef1c ti\u1ebfp ho\u1eb7c qua than ho\u1eb7c t\u00ednh<\/li>\n<li>Motor turbo si\u00eau kh\u1ecfe.<\/li>\n<\/ul>\n<h3>Th\u00f4ng s\u1ed1 k\u1ef9 thu\u1eadt<\/h3>\n<ul>\n<li>K\u00edch th\u01b0\u1edbc: 700mm<\/li>\n<li>C\u00f4ng su\u1ea5t h\u00fat: 650-700m3\/h<\/li>\n<li>\u0110i\u1ec7n \u00e1p: 220-240V,50-60Hz<\/li>\n<li>\u0110\u1ed9 \u1ed3n &lt; 32dB<\/li>\n<\/ul>\n<h3>Xu\u1ea5t x\u1ee9: Th\u00e1i Lan<\/h3>\n<div><\/div>\n","protected":false},"excerpt":{"rendered":"<p>&#8211; K\u00edch th\u01b0\u1edbc: 695mm<br \/>\n&#8211; \u0110i\u1ec7n \u00e1p: 220-240V, 50-60Hz<br \/>\n&#8211; C\u00f4ng su\u1ea5t h\u00fat: 600m3\/h<br \/>\n&#8211; \u0110\u1ed9 \u1ed3n &lt;32dB<br \/>\n&#8211; C\u00f4ng ngh\u1ec7 v\u1eaby tay kh\u00f4ng ch\u1ea1m Air Swiper<br \/>\n&#8211; \u0110i\u1ec1u khi\u1ec3n c\u1ea3m \u1ee9ng Control Touch th\u00f4ng minh<br \/>\n&#8211; H\u1ec7 th\u1ed1ng chi\u1ebfu s\u00e1ng 2 \u0111\u00e8n LED<br \/>\n&#8211; Phin l\u1ecdc d\u1ec5 d\u00e0ng v\u1ec7 sinh<br \/>\n&#8211; Ch\u1ebf \u0111\u1ed9 kh\u1eed m\u00f9i tr\u1ef1c ti\u1ebfp ho\u1eb7c qua than ho\u1ea1t t\u00ednh<br \/>\n&#8211; Motor turbo si\u00eau kh\u1ecfe<\/p>\n","protected":false},"featured_media":22481,"comment_status":"open","ping_status":"closed","template":"","meta":[],"product_brand":[],"product_cat":[132,84,593,585],"product_tag":[86,375,594,588],"class_list":{"0":"post-8034","1":"product","2":"type-product","3":"status-publish","4":"has-post-thumbnail","6":"product_cat-may-hut-mui-co-dien-classic","7":"product_cat-may-hut-mui","8":"product_cat-may-hut-mui-pramie","9":"product_cat-thuong-hieu-pramie","10":"product_tag-may-hut-mui","11":"product_tag-may-hut-mui-co-dien-classic","12":"product_tag-may-hut-mui-pramie","13":"product_tag-pramie","15":"first","16":"instock","17":"sale","18":"shipping-taxable","19":"purchasable","20":"product-type-simple"},"_links":{"self":[{"href":"https:\/\/livinghome.vn\/thiet-bi\/wp-json\/wp\/v2\/product\/8034","targetHints":{"allow":["GET"]}}],"collection":[{"href":"https:\/\/livinghome.vn\/thiet-bi\/wp-json\/wp\/v2\/product"}],"about":[{"href":"https:\/\/livinghome.vn\/thiet-bi\/wp-json\/wp\/v2\/types\/product"}],"replies":[{"embeddable":true,"href":"https:\/\/livinghome.vn\/thiet-bi\/wp-json\/wp\/v2\/comments?post=8034"}],"wp:featuredmedia":[{"embeddable":true,"href":"https:\/\/livinghome.vn\/thiet-bi\/wp-json\/wp\/v2\/media\/22481"}],"wp:attachment":[{"href":"https:\/\/livinghome.vn\/thiet-bi\/wp-json\/wp\/v2\/media?parent=8034"}],"wp:term":[{"taxonomy":"product_brand","embeddable":true,"href":"https:\/\/livinghome.vn\/thiet-bi\/wp-json\/wp\/v2\/product_brand?post=8034"},{"taxonomy":"product_cat","embeddable":true,"href":"https:\/\/livinghome.vn\/thiet-bi\/wp-json\/wp\/v2\/product_cat?post=8034"},{"taxonomy":"product_tag","embeddable":true,"href":"https:\/\/livinghome.vn\/thiet-bi\/wp-json\/wp\/v2\/product_tag?post=8034"}],"curies":[{"name":"wp","href":"https:\/\/api.w.org\/{rel}","templated":true}]}}