{"id":8029,"date":"2023-02-21T09:33:28","date_gmt":"2023-02-21T09:33:28","guid":{"rendered":"https:\/\/livinghome.vn\/thiet-bi\/?post_type=product&#038;p=8029"},"modified":"2024-11-29T14:19:16","modified_gmt":"2024-11-29T07:19:16","slug":"may-hut-mui-pramie-alp9-700","status":"publish","type":"product","link":"https:\/\/livinghome.vn\/thiet-bi\/may-hut-mui-pramie-alp9-700\/","title":{"rendered":"M\u00e1y h\u00fat m\u00f9i Pramie ALP9 700 \u0111i\u1ec1u khi\u1ec3n c\u1ea3m \u1ee9ng th\u00f4ng minh"},"content":{"rendered":"<h3>M\u00e1y h\u00fat m\u00f9i Pramie ALP9 700 l\u00e0 d\u00f2ng s\u1ea3n ph\u1ea9m \u0111\u01b0\u1ee3c nh\u1eadp kh\u1ea9u t\u1eeb Th\u00e1i Lan v\u1edbi ki\u1ec3u d\u00e1ng hi\u1ec7n \u0111\u1ea1i, k\u00edch th\u01b0\u1edbc kh\u00e1 nh\u1ecf g\u1ecdn ph\u00f9 h\u1ee3p v\u1edbi h\u1ea7u h\u1ebft kh\u00f4ng gian b\u1ebfp Vi\u1ec7t hi\u1ec7n nay<\/h3>\n<figure id=\"attachment_8030\" aria-describedby=\"caption-attachment-8030\" style=\"width: 900px\" class=\"wp-caption alignnone\"><img loading=\"lazy\" decoding=\"async\" class=\"wp-image-8030 size-full\" src=\"https:\/\/livinghome.vn\/thiet-bi\/wp-content\/uploads\/nha-bep\/pramie\/may-hut-mui\/may-hut-mui-pramie-alp9-700\/may-hut-mui-pramie-alp9-700-2.jpg\" alt=\"M\u00e1y h\u00fat kh\u1eed m\u00f9i ALP9-700\" width=\"900\" height=\"900\" title=\"\" srcset=\"https:\/\/livinghome.vn\/thiet-bi\/wp-content\/uploads\/nha-bep\/pramie\/may-hut-mui\/may-hut-mui-pramie-alp9-700\/may-hut-mui-pramie-alp9-700-2.jpg 900w, https:\/\/livinghome.vn\/thiet-bi\/wp-content\/uploads\/nha-bep\/pramie\/may-hut-mui\/may-hut-mui-pramie-alp9-700\/may-hut-mui-pramie-alp9-700-2-300x300.jpg 300w, https:\/\/livinghome.vn\/thiet-bi\/wp-content\/uploads\/nha-bep\/pramie\/may-hut-mui\/may-hut-mui-pramie-alp9-700\/may-hut-mui-pramie-alp9-700-2-100x100.jpg 100w, https:\/\/livinghome.vn\/thiet-bi\/wp-content\/uploads\/nha-bep\/pramie\/may-hut-mui\/may-hut-mui-pramie-alp9-700\/may-hut-mui-pramie-alp9-700-2-600x600.jpg 600w, https:\/\/livinghome.vn\/thiet-bi\/wp-content\/uploads\/nha-bep\/pramie\/may-hut-mui\/may-hut-mui-pramie-alp9-700\/may-hut-mui-pramie-alp9-700-2-400x400.jpg 400w, https:\/\/livinghome.vn\/thiet-bi\/wp-content\/uploads\/nha-bep\/pramie\/may-hut-mui\/may-hut-mui-pramie-alp9-700\/may-hut-mui-pramie-alp9-700-2-800x800.jpg 800w, https:\/\/livinghome.vn\/thiet-bi\/wp-content\/uploads\/nha-bep\/pramie\/may-hut-mui\/may-hut-mui-pramie-alp9-700\/may-hut-mui-pramie-alp9-700-2-280x280.jpg 280w, https:\/\/livinghome.vn\/thiet-bi\/wp-content\/uploads\/nha-bep\/pramie\/may-hut-mui\/may-hut-mui-pramie-alp9-700\/may-hut-mui-pramie-alp9-700-2-768x768.jpg 768w\" sizes=\"auto, (max-width: 900px) 100vw, 900px\" \/><figcaption id=\"caption-attachment-8030\" class=\"wp-caption-text\">M\u00e1y h\u00fat kh\u1eed m\u00f9i ALP9-700<\/figcaption><\/figure>\n<p>M\u00e1y H\u00fat M\u00f9i \u00c2m T\u1ee7 Pramie ALP9-700 c\u00f3 k\u00edch th\u01b0\u1edbc nh\u1ecf g\u1ecdn \u0111\u01b0\u1ee3c l\u1eafp \u0111\u1eb7t \u00e2m t\u1ee7, ngay tr\u00ean ph\u1ea7n b\u1ebfp n\u1ea5u c\u1ee7a kh\u00f4ng gian n\u1ea5u n\u01b0\u1edbng c\u1ee7a gia \u0111\u00ecnh b\u1ea1n. M\u00e1y th\u00edch h\u1ee3p v\u1edbi m\u1ecdi kh\u00f4ng gian b\u1ebfp. To\u00e0n b\u1ed9 ph\u1ea7n th\u00e2n m\u00e1y \u0111\u01b0\u1ee3c l\u00e0m t\u1eeb th\u00e9p kh\u00f4ng g\u1ec9, s\u01a1n t\u0129nh \u0111i\u1ec7n m\u00e0u \u0111en, v\u1edbi m\u1eb7t k\u00ednh \u0111en kh\u00f4ng b\u00e1m v\u00e2n tay, s\u1eed d\u1ee5ng th\u1eddi gian l\u00e2u d\u00e0i v\u1eabn gi\u1eef \u0111\u01b0\u1ee3c s\u00e1ng b\u00f3ng, ti\u1ec7n l\u1ee3i trong vi\u1ec7c l\u00e0m s\u1ea1ch m\u00e1y.<\/p>\n<figure id=\"attachment_8031\" aria-describedby=\"caption-attachment-8031\" style=\"width: 900px\" class=\"wp-caption alignnone\"><img loading=\"lazy\" decoding=\"async\" class=\"wp-image-8031 size-full\" src=\"https:\/\/livinghome.vn\/thiet-bi\/wp-content\/uploads\/nha-bep\/pramie\/may-hut-mui\/may-hut-mui-pramie-alp9-700\/may-hut-mui-pramie-alp9-700-1.jpg\" alt=\"M\u00e1y h\u00fat kh\u1eed m\u00f9i ALP9-700\" width=\"900\" height=\"900\" title=\"\" srcset=\"https:\/\/livinghome.vn\/thiet-bi\/wp-content\/uploads\/nha-bep\/pramie\/may-hut-mui\/may-hut-mui-pramie-alp9-700\/may-hut-mui-pramie-alp9-700-1.jpg 900w, https:\/\/livinghome.vn\/thiet-bi\/wp-content\/uploads\/nha-bep\/pramie\/may-hut-mui\/may-hut-mui-pramie-alp9-700\/may-hut-mui-pramie-alp9-700-1-300x300.jpg 300w, https:\/\/livinghome.vn\/thiet-bi\/wp-content\/uploads\/nha-bep\/pramie\/may-hut-mui\/may-hut-mui-pramie-alp9-700\/may-hut-mui-pramie-alp9-700-1-100x100.jpg 100w, https:\/\/livinghome.vn\/thiet-bi\/wp-content\/uploads\/nha-bep\/pramie\/may-hut-mui\/may-hut-mui-pramie-alp9-700\/may-hut-mui-pramie-alp9-700-1-600x600.jpg 600w, https:\/\/livinghome.vn\/thiet-bi\/wp-content\/uploads\/nha-bep\/pramie\/may-hut-mui\/may-hut-mui-pramie-alp9-700\/may-hut-mui-pramie-alp9-700-1-400x400.jpg 400w, https:\/\/livinghome.vn\/thiet-bi\/wp-content\/uploads\/nha-bep\/pramie\/may-hut-mui\/may-hut-mui-pramie-alp9-700\/may-hut-mui-pramie-alp9-700-1-800x800.jpg 800w, https:\/\/livinghome.vn\/thiet-bi\/wp-content\/uploads\/nha-bep\/pramie\/may-hut-mui\/may-hut-mui-pramie-alp9-700\/may-hut-mui-pramie-alp9-700-1-280x280.jpg 280w, https:\/\/livinghome.vn\/thiet-bi\/wp-content\/uploads\/nha-bep\/pramie\/may-hut-mui\/may-hut-mui-pramie-alp9-700\/may-hut-mui-pramie-alp9-700-1-768x768.jpg 768w\" sizes=\"auto, (max-width: 900px) 100vw, 900px\" \/><figcaption id=\"caption-attachment-8031\" class=\"wp-caption-text\">M\u00e1y h\u00fat kh\u1eed m\u00f9i ALP9-700<\/figcaption><\/figure>\n<p>M\u00e1y H\u00fat Kh\u00f3i Pramie ALP9-700 \u0111\u01b0\u1ee3c trang b\u1ecb l\u01b0\u1edbi l\u1ecdc b\u1eb1ng nh\u00f4m th\u00f4ng tho\u00e1ng v\u00e0 ch\u1eafc ch\u1eafn. B\u1ea1n s\u1ebd d\u1ec5 d\u00e0ng th\u00e1o l\u1eafp t\u1ea5m l\u1ecdc n\u00e0y gi\u00fap cho vi\u1ec7c v\u1ec7 sinh tr\u1edf n\u00ean nhanh ch\u00f3ng v\u00e0 \u0111\u01a1n gi\u1ea3n. Vi\u1ec7c th\u01b0\u1eddng xuy\u00ean v\u1ec7 sinh c\u00f2n gi\u00fap b\u1ea3o v\u1ec7 \u0111\u1ed9ng c\u01a1 m\u00e1y b\u00ean trong, n\u00e2ng cao tu\u1ed5i th\u1ecd s\u1ea3n ph\u1ea9m.<\/p>\n<h3>T\u00ednh n\u0103ng c\u01a1 b\u1ea3n<\/h3>\n<ul>\n<li><a href=\"https:\/\/livinghome.vn\/thiet-bi\/may-hut-mui\/\">M\u00e1y h\u00fat kh\u00f3i kh\u1eed m\u00f9i<\/a> \u2013 kh\u1eed m\u00f9i \u00e1p t\u01b0\u1eddng<\/li>\n<li>\u0110i\u1ec1u khi\u1ec3n c\u1ea3m \u1ee9ng Control Touch th\u00f4ng minh<\/li>\n<li>H\u1ec7 th\u1ed1ng chi\u1ebfu s\u00e1ng 2 \u0111\u00e8n LED<\/li>\n<li>Phin l\u1ecdc d\u1ec5 d\u00e0ng v\u1ec7 sinh<\/li>\n<li>Ch\u1ebf \u0111\u1ed9 kh\u1eed m\u00f9i tr\u1ef1c ti\u1ebfp ho\u1eb7c qua than ho\u1ea1t t\u00ednh<\/li>\n<li>Motor turbo si\u00eau kh\u1ecfe<\/li>\n<\/ul>\n<h3>Th\u00f4ng s\u1ed1 k\u1ef9 thu\u1eadt<\/h3>\n<ul>\n<li>K\u00edch th\u01b0\u1edbc: 700mm<\/li>\n<li>\u0110i\u1ec7n \u00e1p: 220-240V, 50-60Hz<\/li>\n<li>C\u00f4ng su\u1ea5t h\u00fat: 750m3\/h<\/li>\n<li>\u0110\u1ed9 \u1ed3n &lt;32dB<\/li>\n<\/ul>\n<p>L\u01b0u \u00fd khi s\u1eed d\u1ee5ng:<\/p>\n<p>&#8211; N\u00ean ki\u1ec3m tra \u0111\u1ecbnh k\u1ef3 t\u1eeb v\u00e0 thay th\u1ebf than ho\u1ea1t t\u00ednh sau 6 &#8211; 12 th\u00e1ng s\u1eed d\u1ee5ng. Trong tr\u01b0\u1eddng h\u1ee3p n\u1ea5u n\u01b0\u1edbng th\u01b0\u1eddng xuy\u00ean b\u1ea1n n\u00ean thay thay than ho\u1ea1t t\u00ednh sau 3 &#8211; 6 th\u00e1ng \u0111\u1ec3 t\u0103ng hi\u1ec7u su\u1ea5t v\u00e0 \u0111\u1ed9 b\u1ec1n s\u1ea3n ph\u1ea9m.<\/p>\n<p>&#8211; Th\u01b0\u1eddng xuy\u00ean ki\u1ec3m tra v\u00e0 v\u1ec7 sinh l\u01b0\u1edbi l\u1ecdc.<\/p>\n<p>&#8211; N\u00ean b\u1eadt c\u00f4ng su\u1ea5t th\u1ea5p nh\u1ea5t khi b\u1eaft \u0111\u1ea7u n\u1ea5u \u0103n v\u00e0 t\u0103ng d\u1ea7n l\u00ean khi n\u1ea5u nh\u1eefng m\u00f3n chi\u00ean, x\u00e0o hay c\u00f3 m\u00f9i \u0111\u1eb7c tr\u01b0ng.<\/p>\n<p>M\u00e1y h\u00fat m\u00f9i Pramie ALP9-700 hi\u1ec7u su\u1ea5t cao, d\u1ec5 s\u1eed d\u1ee5ng, l\u00e0 l\u1ef1a ch\u1ecdn \u0111\u00e1ng tin c\u1eady \u0111\u1ec3 c\u1ea3i thi\u1ec7n kh\u00f4ng gian s\u1ed1ng trong c\u0103n b\u1ebfp c\u1ee7a gia \u0111\u00ecnh Vi\u1ec7t.<\/p>\n<h3>Xu\u1ea5t x\u1ee9: Th\u00e1i Lan<\/h3>\n<div><\/div>\n","protected":false},"excerpt":{"rendered":"<p style=\"text-align: left;\">K\u00edch th\u01b0\u1edbc: 700mm<br \/>\n\u0110i\u1ec7n \u00e1p: 220-240V, 50-60Hz<br \/>\nC\u00f4ng su\u1ea5t h\u00fat: 850m3\/h<br \/>\n\u0110\u1ed9 \u1ed3n &lt;32dB<\/p>\n<p style=\"text-align: left;\">\u0110i\u1ec1u khi\u1ec3n c\u1ea3m \u1ee9ng Control Touch th\u00f4ng minh<br \/>\nH\u1ec7 th\u1ed1ng chi\u1ebfu s\u00e1ng 2 \u0111\u00e8n LED<br \/>\nPhin l\u1ecdc d\u1ec5 d\u00e0ng v\u1ec7 sinh<br \/>\nCh\u1ebf \u0111\u1ed9 kh\u1eed m\u00f9i tr\u1ef1c ti\u1ebfp ho\u1eb7c qua than ho\u1ea1t t\u00ednh<br \/>\nMotor turbo si\u00eau kh\u1ecfe<\/p>\n","protected":false},"featured_media":22480,"comment_status":"open","ping_status":"closed","template":"","meta":[],"product_brand":[],"product_cat":[84,130,593,585],"product_tag":[86,347,594,588],"class_list":{"0":"post-8029","1":"product","2":"type-product","3":"status-publish","4":"has-post-thumbnail","6":"product_cat-may-hut-mui","7":"product_cat-may-hut-mui-am-tu-keo","8":"product_cat-may-hut-mui-pramie","9":"product_cat-thuong-hieu-pramie","10":"product_tag-may-hut-mui","11":"product_tag-may-hut-mui-am-tu-keo","12":"product_tag-may-hut-mui-pramie","13":"product_tag-pramie","15":"first","16":"instock","17":"sale","18":"shipping-taxable","19":"purchasable","20":"product-type-simple"},"_links":{"self":[{"href":"https:\/\/livinghome.vn\/thiet-bi\/wp-json\/wp\/v2\/product\/8029","targetHints":{"allow":["GET"]}}],"collection":[{"href":"https:\/\/livinghome.vn\/thiet-bi\/wp-json\/wp\/v2\/product"}],"about":[{"href":"https:\/\/livinghome.vn\/thiet-bi\/wp-json\/wp\/v2\/types\/product"}],"replies":[{"embeddable":true,"href":"https:\/\/livinghome.vn\/thiet-bi\/wp-json\/wp\/v2\/comments?post=8029"}],"wp:featuredmedia":[{"embeddable":true,"href":"https:\/\/livinghome.vn\/thiet-bi\/wp-json\/wp\/v2\/media\/22480"}],"wp:attachment":[{"href":"https:\/\/livinghome.vn\/thiet-bi\/wp-json\/wp\/v2\/media?parent=8029"}],"wp:term":[{"taxonomy":"product_brand","embeddable":true,"href":"https:\/\/livinghome.vn\/thiet-bi\/wp-json\/wp\/v2\/product_brand?post=8029"},{"taxonomy":"product_cat","embeddable":true,"href":"https:\/\/livinghome.vn\/thiet-bi\/wp-json\/wp\/v2\/product_cat?post=8029"},{"taxonomy":"product_tag","embeddable":true,"href":"https:\/\/livinghome.vn\/thiet-bi\/wp-json\/wp\/v2\/product_tag?post=8029"}],"curies":[{"name":"wp","href":"https:\/\/api.w.org\/{rel}","templated":true}]}}