{"id":8023,"date":"2023-02-21T09:17:14","date_gmt":"2023-02-21T09:17:14","guid":{"rendered":"https:\/\/livinghome.vn\/thiet-bi\/?post_type=product&#038;p=8023"},"modified":"2024-11-29T14:19:16","modified_gmt":"2024-11-29T07:19:16","slug":"may-hut-mui-pramie-alp9-700-air","status":"publish","type":"product","link":"https:\/\/livinghome.vn\/thiet-bi\/may-hut-mui-pramie-alp9-700-air\/","title":{"rendered":"M\u00e1y h\u00fat m\u00f9i Pramie ALP9 700 Air \u00e2m t\u1ee7 ti\u1ebft ki\u1ec7m kh\u00f4ng gian"},"content":{"rendered":"<h2>M\u00e1y h\u00fat m\u00f9i Pramie ALP9 700 Air \u00e2m t\u1ee7 k\u00e9o hi\u1ec7n \u0111\u1ea1i<\/h2>\n<p>S\u1edf h\u1eefu\u00a0 c\u00f4ng su\u1ea5t \u0111\u1ed9ng c\u01a1 200W, c\u00f4ng su\u1ea5t h\u00fat 820 m3\/gi\u1edd nhanh ch\u00f3ng tr\u1ea3 l\u1ea1i kh\u00f4ng gian tho\u00e1ng \u0111\u00e3ng v\u00e0 b\u1ea7u kh\u00f4ng kh\u00ed trong l\u00e0nh cho c\u0103n b\u1ebfp c\u1ee7a b\u1ea1n<\/p>\n<figure id=\"attachment_8028\" aria-describedby=\"caption-attachment-8028\" style=\"width: 900px\" class=\"wp-caption alignnone\"><img loading=\"lazy\" decoding=\"async\" class=\"wp-image-8028 size-full\" src=\"https:\/\/livinghome.vn\/thiet-bi\/wp-content\/uploads\/nha-bep\/pramie\/may-hut-mui\/may-hut-mui-pramie-alp9-700\/may-hut-mui-pramie-alp9-700-air-2.jpg\" alt=\"M\u00e1y h\u00fat kh\u1eed m\u00f9i ALP9-700 AIR\" width=\"900\" height=\"900\" title=\"\" srcset=\"https:\/\/livinghome.vn\/thiet-bi\/wp-content\/uploads\/nha-bep\/pramie\/may-hut-mui\/may-hut-mui-pramie-alp9-700\/may-hut-mui-pramie-alp9-700-air-2.jpg 900w, https:\/\/livinghome.vn\/thiet-bi\/wp-content\/uploads\/nha-bep\/pramie\/may-hut-mui\/may-hut-mui-pramie-alp9-700\/may-hut-mui-pramie-alp9-700-air-2-300x300.jpg 300w, https:\/\/livinghome.vn\/thiet-bi\/wp-content\/uploads\/nha-bep\/pramie\/may-hut-mui\/may-hut-mui-pramie-alp9-700\/may-hut-mui-pramie-alp9-700-air-2-100x100.jpg 100w, https:\/\/livinghome.vn\/thiet-bi\/wp-content\/uploads\/nha-bep\/pramie\/may-hut-mui\/may-hut-mui-pramie-alp9-700\/may-hut-mui-pramie-alp9-700-air-2-600x600.jpg 600w, https:\/\/livinghome.vn\/thiet-bi\/wp-content\/uploads\/nha-bep\/pramie\/may-hut-mui\/may-hut-mui-pramie-alp9-700\/may-hut-mui-pramie-alp9-700-air-2-400x400.jpg 400w, https:\/\/livinghome.vn\/thiet-bi\/wp-content\/uploads\/nha-bep\/pramie\/may-hut-mui\/may-hut-mui-pramie-alp9-700\/may-hut-mui-pramie-alp9-700-air-2-800x800.jpg 800w, https:\/\/livinghome.vn\/thiet-bi\/wp-content\/uploads\/nha-bep\/pramie\/may-hut-mui\/may-hut-mui-pramie-alp9-700\/may-hut-mui-pramie-alp9-700-air-2-280x280.jpg 280w, https:\/\/livinghome.vn\/thiet-bi\/wp-content\/uploads\/nha-bep\/pramie\/may-hut-mui\/may-hut-mui-pramie-alp9-700\/may-hut-mui-pramie-alp9-700-air-2-768x768.jpg 768w\" sizes=\"auto, (max-width: 900px) 100vw, 900px\" \/><figcaption id=\"caption-attachment-8028\" class=\"wp-caption-text\">M\u00e1y h\u00fat kh\u1eed m\u00f9i ALP9-700 AIR<\/figcaption><\/figure>\n<p>M\u00e1y h\u00fat m\u00f9i Pramie chi\u1ec1u ngang 69.5 cm d\u1ec5 d\u00e0ng thi\u1ebft k\u1ebf v\u00e0 l\u1eafp \u0111\u1eb7t c\u00f9ng v\u1edbi nh\u1eefng m\u1eabu b\u1ebfp \u0111i\u1ec7n, b\u1ebfp ga ph\u1ed5 th\u00f4ng \u0111\u01b0\u1ee3c \u0111a s\u1ed1 ng\u01b0\u1eddi Vi\u1ec7t \u0111ang d\u00f9ng. M\u00e1y h\u00fat m\u00f9i \u00e2m t\u1ee7 h\u00fat m\u00f9i b\u1eb1ng than ho\u1ea1t t\u00ednh gi\u00fap b\u1ea7u kh\u00f4ng kh\u00ed trong c\u0103n b\u1ebfp \u0111\u01b0\u1ee3c l\u00e0m s\u1ea1ch m\u1ed9t c\u00e1ch nhanh ch\u00f3ng v\u00e0 hi\u1ec7u qu\u1ea3. Ch\u1ebf \u0111\u1ed9 tu\u1ea7n ho\u00e0n b\u1eb1ng than ho\u1ea1t t\u00ednh t\u00edch h\u1ee3p trong m\u00e1y gi\u00fap lo\u1ea1i b\u1ecf c\u00e1c m\u00f9i kh\u00f3 ch\u1ecbu \u0111em l\u1ea1i b\u1ea7u kh\u00f4ng kh\u00ed trong l\u00e0nh.<\/p>\n<p>S\u1ea3n ph\u1ea9m \u0111\u01b0\u1ee3c \u0111i\u1ec1u khi\u1ec3n b\u1eb1ng c\u1ea3m \u1ee9ng d\u1ec5 d\u00e0ng thao t\u00e1c t\u00f9y ch\u1ecdn 3 t\u1ed1c \u0111\u1ed9 h\u00fat hay t\u1eaft\/m\u1edf \u0111\u00e8n. Motor \u0111\u00f4i si\u00eau kh\u1ecfe mang l\u1ea1i hi\u1ec7u su\u1ea5t l\u00e0m s\u1ea1ch kh\u00f4ng kh\u00ed cao, nhanh ch\u00f3ng \u0111em l\u1ea1i c\u1ea3m gi\u00e1c d\u1ec5 ch\u1ecbu cho gia \u0111\u00ecnh b\u1ea1n.<\/p>\n<p>L\u01b0\u1edbi l\u1ecdc c\u1ea5u t\u1ea1o t\u1eeb nh\u00f4m nh\u1eb9, kh\u00f4ng g\u1ec9, gi\u1eef l\u1ea1i s\u1ea1ch d\u1ea7u m\u1ee1 hi\u1ec7u qu\u1ea3. B\u1ed9 ph\u1eadn n\u00e0y c\u00f3 th\u1ec3 th\u00e1o r\u1eddi \u0111\u1ec3 v\u1ec7 sinh m\u1ed9t c\u00e1ch d\u1ec5 d\u00e0ng. N\u00ean v\u1ec7 sinh l\u01b0\u1edbi l\u1ecdc th\u01b0\u1eddng xuy\u00ean \u0111\u1ec3 gi\u00fap m\u00e1y h\u00fat m\u00f9i hi\u1ec7u qu\u1ea3 v\u00e0 t\u0103ng \u0111\u1ed9 b\u1ec1n cho m\u00e1y.<\/p>\n<figure id=\"attachment_8027\" aria-describedby=\"caption-attachment-8027\" style=\"width: 900px\" class=\"wp-caption alignnone\"><img loading=\"lazy\" decoding=\"async\" class=\"size-full wp-image-8027\" src=\"https:\/\/livinghome.vn\/thiet-bi\/wp-content\/uploads\/nha-bep\/pramie\/may-hut-mui\/may-hut-mui-pramie-alp9-700\/may-hut-mui-pramie-alp9-700-air-1.jpg\" alt=\"M\u00e1y h\u00fat kh\u1eed m\u00f9i ALP9-700 AIR\" width=\"900\" height=\"900\" title=\"\" srcset=\"https:\/\/livinghome.vn\/thiet-bi\/wp-content\/uploads\/nha-bep\/pramie\/may-hut-mui\/may-hut-mui-pramie-alp9-700\/may-hut-mui-pramie-alp9-700-air-1.jpg 900w, https:\/\/livinghome.vn\/thiet-bi\/wp-content\/uploads\/nha-bep\/pramie\/may-hut-mui\/may-hut-mui-pramie-alp9-700\/may-hut-mui-pramie-alp9-700-air-1-300x300.jpg 300w, https:\/\/livinghome.vn\/thiet-bi\/wp-content\/uploads\/nha-bep\/pramie\/may-hut-mui\/may-hut-mui-pramie-alp9-700\/may-hut-mui-pramie-alp9-700-air-1-100x100.jpg 100w, https:\/\/livinghome.vn\/thiet-bi\/wp-content\/uploads\/nha-bep\/pramie\/may-hut-mui\/may-hut-mui-pramie-alp9-700\/may-hut-mui-pramie-alp9-700-air-1-600x600.jpg 600w, https:\/\/livinghome.vn\/thiet-bi\/wp-content\/uploads\/nha-bep\/pramie\/may-hut-mui\/may-hut-mui-pramie-alp9-700\/may-hut-mui-pramie-alp9-700-air-1-400x400.jpg 400w, https:\/\/livinghome.vn\/thiet-bi\/wp-content\/uploads\/nha-bep\/pramie\/may-hut-mui\/may-hut-mui-pramie-alp9-700\/may-hut-mui-pramie-alp9-700-air-1-800x800.jpg 800w, https:\/\/livinghome.vn\/thiet-bi\/wp-content\/uploads\/nha-bep\/pramie\/may-hut-mui\/may-hut-mui-pramie-alp9-700\/may-hut-mui-pramie-alp9-700-air-1-280x280.jpg 280w, https:\/\/livinghome.vn\/thiet-bi\/wp-content\/uploads\/nha-bep\/pramie\/may-hut-mui\/may-hut-mui-pramie-alp9-700\/may-hut-mui-pramie-alp9-700-air-1-768x768.jpg 768w\" sizes=\"auto, (max-width: 900px) 100vw, 900px\" \/><figcaption id=\"caption-attachment-8027\" class=\"wp-caption-text\">M\u00e1y h\u00fat kh\u1eed m\u00f9i ALP9-700 AIR<\/figcaption><\/figure>\n<h3>T\u00ednh n\u0103ng c\u01a1 b\u1ea3n<\/h3>\n<ul>\n<li><a href=\"https:\/\/livinghome.vn\/thiet-bi\/may-hut-mui\/\">M\u00e1y h\u00fat kh\u00f3i kh\u1eed m\u00f9i<\/a> \u2013 kh\u1eed m\u00f9i \u00e1p t\u01b0\u1eddng<\/li>\n<li>C\u00f4ng ngh\u1ec7 v\u1eaby tay kh\u00f4ng ch\u1ea1m Air Swiper<\/li>\n<li>\u0110i\u1ec1u khi\u1ec3n c\u1ea3m \u1ee9ng Control Touch th\u00f4ng minh<\/li>\n<li>H\u1ec7 th\u1ed1ng chi\u1ebfu s\u00e1ng 2 \u0111\u00e8n LED<\/li>\n<li>Phin l\u1ecdc d\u1ec5 d\u00e0ng v\u1ec7 sinh<\/li>\n<li>Ch\u1ebf \u0111\u1ed9 kh\u1eed m\u00f9i tr\u1ef1c ti\u1ebfp ho\u1eb7c qua than ho\u1ea1t t\u00ednh<\/li>\n<li>Motor turbo si\u00eau kh\u1ecfe<\/li>\n<\/ul>\n<h3>Th\u00f4ng s\u1ed1 k\u1ef9 thu\u1eadt<\/h3>\n<ul>\n<li>K\u00edch th\u01b0\u1edbc: 695mm<\/li>\n<li>\u0110i\u1ec7n \u00e1p: 220-240V, 50-60Hz<\/li>\n<li>C\u00f4ng su\u1ea5t h\u00fat: 1000m3\/h<\/li>\n<li>\u0110\u1ed9 \u1ed3n &lt;32dB<\/li>\n<\/ul>\n<p>L\u01b0u \u00fd khi s\u1eed d\u1ee5ng:<\/p>\n<p>&#8211; N\u00ean ki\u1ec3m tra \u0111\u1ecbnh k\u1ef3 t\u1eeb v\u00e0 thay th\u1ebf than ho\u1ea1t t\u00ednh sau 6 &#8211; 12 th\u00e1ng s\u1eed d\u1ee5ng. Trong tr\u01b0\u1eddng h\u1ee3p n\u1ea5u n\u01b0\u1edbng th\u01b0\u1eddng xuy\u00ean b\u1ea1n n\u00ean thay thay than ho\u1ea1t t\u00ednh sau 3 &#8211; 6 th\u00e1ng \u0111\u1ec3 t\u0103ng hi\u1ec7u su\u1ea5t v\u00e0 \u0111\u1ed9 b\u1ec1n s\u1ea3n ph\u1ea9m.<\/p>\n<p>&#8211; Th\u01b0\u1eddng xuy\u00ean ki\u1ec3m tra v\u00e0 v\u1ec7 sinh l\u01b0\u1edbi l\u1ecdc.<\/p>\n<p>&#8211; N\u00ean b\u1eadt c\u00f4ng su\u1ea5t th\u1ea5p nh\u1ea5t khi b\u1eaft \u0111\u1ea7u n\u1ea5u \u0103n v\u00e0 t\u0103ng d\u1ea7n l\u00ean khi n\u1ea5u nh\u1eefng m\u00f3n chi\u00ean, x\u00e0o hay c\u00f3 m\u00f9i \u0111\u1eb7c tr\u01b0ng.<\/p>\n<p>M\u00e1y h\u00fat m\u00f9i Pramie ALP9-700 hi\u1ec7u su\u1ea5t cao, d\u1ec5 s\u1eed d\u1ee5ng, l\u00e0 l\u1ef1a ch\u1ecdn \u0111\u00e1ng tin c\u1eady \u0111\u1ec3 c\u1ea3i thi\u1ec7n kh\u00f4ng gian s\u1ed1ng trong c\u0103n b\u1ebfp c\u1ee7a gia \u0111\u00ecnh Vi\u1ec7t.<\/p>\n<h3>Xu\u1ea5t x\u1ee9: Th\u00e1i Lan<\/h3>\n<div><\/div>\n","protected":false},"excerpt":{"rendered":"<p style=\"text-align: center;\">K\u00edch th\u01b0\u1edbc: 700mm<br \/>\n\u0110i\u1ec7n \u00e1p: 220-240V, 50-60Hz<br \/>\nC\u00f4ng su\u1ea5t h\u00fat: 850m3\/h<br \/>\n\u0110\u1ed9 \u1ed3n &lt;32dB<\/p>\n<p style=\"text-align: center;\">C\u00f4ng ngh\u1ec7 v\u1eaby tay kh\u00f4ng ch\u1ea1m Air Swiper<br \/>\n\u0110i\u1ec1u khi\u1ec3n c\u1ea3m \u1ee9ng Control Touch th\u00f4ng minh<br \/>\nH\u1ec7 th\u1ed1ng chi\u1ebfu s\u00e1ng 2 \u0111\u00e8n LED<br \/>\nPhin l\u1ecdc d\u1ec5 d\u00e0ng v\u1ec7 sinh<br \/>\nCh\u1ebf \u0111\u1ed9 kh\u1eed m\u00f9i tr\u1ef1c ti\u1ebfp ho\u1eb7c qua than ho\u1ea1t t\u00ednh<br \/>\nMotor turbo si\u00eau kh\u1ecfe<\/p>\n","protected":false},"featured_media":22479,"comment_status":"open","ping_status":"closed","template":"","meta":[],"product_brand":[],"product_cat":[84,130,593,585],"product_tag":[86,347,594,588],"class_list":{"0":"post-8023","1":"product","2":"type-product","3":"status-publish","4":"has-post-thumbnail","6":"product_cat-may-hut-mui","7":"product_cat-may-hut-mui-am-tu-keo","8":"product_cat-may-hut-mui-pramie","9":"product_cat-thuong-hieu-pramie","10":"product_tag-may-hut-mui","11":"product_tag-may-hut-mui-am-tu-keo","12":"product_tag-may-hut-mui-pramie","13":"product_tag-pramie","15":"first","16":"instock","17":"sale","18":"shipping-taxable","19":"purchasable","20":"product-type-simple"},"_links":{"self":[{"href":"https:\/\/livinghome.vn\/thiet-bi\/wp-json\/wp\/v2\/product\/8023","targetHints":{"allow":["GET"]}}],"collection":[{"href":"https:\/\/livinghome.vn\/thiet-bi\/wp-json\/wp\/v2\/product"}],"about":[{"href":"https:\/\/livinghome.vn\/thiet-bi\/wp-json\/wp\/v2\/types\/product"}],"replies":[{"embeddable":true,"href":"https:\/\/livinghome.vn\/thiet-bi\/wp-json\/wp\/v2\/comments?post=8023"}],"wp:featuredmedia":[{"embeddable":true,"href":"https:\/\/livinghome.vn\/thiet-bi\/wp-json\/wp\/v2\/media\/22479"}],"wp:attachment":[{"href":"https:\/\/livinghome.vn\/thiet-bi\/wp-json\/wp\/v2\/media?parent=8023"}],"wp:term":[{"taxonomy":"product_brand","embeddable":true,"href":"https:\/\/livinghome.vn\/thiet-bi\/wp-json\/wp\/v2\/product_brand?post=8023"},{"taxonomy":"product_cat","embeddable":true,"href":"https:\/\/livinghome.vn\/thiet-bi\/wp-json\/wp\/v2\/product_cat?post=8023"},{"taxonomy":"product_tag","embeddable":true,"href":"https:\/\/livinghome.vn\/thiet-bi\/wp-json\/wp\/v2\/product_tag?post=8023"}],"curies":[{"name":"wp","href":"https:\/\/api.w.org\/{rel}","templated":true}]}}