{"id":8013,"date":"2023-02-21T07:48:59","date_gmt":"2023-02-21T07:48:59","guid":{"rendered":"https:\/\/livinghome.vn\/thiet-bi\/?post_type=product&#038;p=8013"},"modified":"2024-11-29T14:19:16","modified_gmt":"2024-11-29T07:19:16","slug":"may-hut-mui-pramie-ap15-900","status":"publish","type":"product","link":"https:\/\/livinghome.vn\/thiet-bi\/may-hut-mui-pramie-ap15-900\/","title":{"rendered":"M\u00e1y h\u00fat m\u00f9i Pramie AP15 900 \u0111i\u1ec1u khi\u1ec3n c\u1ea3m \u1ee9ng th\u00f4ng minh"},"content":{"rendered":"<h3>M\u00e1y h\u00fat m\u00f9i Pramie AP15 900 \u0111i\u1ec1u khi\u1ec3n c\u1ea3m \u1ee9ng th\u00f4ng minh, thi\u1ebft k\u1ebf \u00e1p t\u01b0\u1eddng ki\u1ec3u k\u00ednh cong, t\u1ea1o \u0111i\u1ec3m nh\u1ea5n cho kh\u00f4ng gian b\u1ebfp<\/h3>\n<p>&nbsp;<\/p>\n<figure id=\"attachment_8014\" aria-describedby=\"caption-attachment-8014\" style=\"width: 900px\" class=\"wp-caption alignnone\"><img loading=\"lazy\" decoding=\"async\" class=\"wp-image-8014 size-full\" src=\"https:\/\/livinghome.vn\/thiet-bi\/wp-content\/uploads\/nha-bep\/pramie\/may-hut-mui\/may-hut-mui-pramie-ap15-900\/may-hut-mui-pramie-ap15-900.jpg\" alt=\"M\u00e1y h\u00fat m\u00f9i Pramie AP15 900\" width=\"900\" height=\"900\" title=\"\" srcset=\"https:\/\/livinghome.vn\/thiet-bi\/wp-content\/uploads\/nha-bep\/pramie\/may-hut-mui\/may-hut-mui-pramie-ap15-900\/may-hut-mui-pramie-ap15-900.jpg 900w, https:\/\/livinghome.vn\/thiet-bi\/wp-content\/uploads\/nha-bep\/pramie\/may-hut-mui\/may-hut-mui-pramie-ap15-900\/may-hut-mui-pramie-ap15-900-300x300.jpg 300w, https:\/\/livinghome.vn\/thiet-bi\/wp-content\/uploads\/nha-bep\/pramie\/may-hut-mui\/may-hut-mui-pramie-ap15-900\/may-hut-mui-pramie-ap15-900-100x100.jpg 100w, https:\/\/livinghome.vn\/thiet-bi\/wp-content\/uploads\/nha-bep\/pramie\/may-hut-mui\/may-hut-mui-pramie-ap15-900\/may-hut-mui-pramie-ap15-900-600x600.jpg 600w, https:\/\/livinghome.vn\/thiet-bi\/wp-content\/uploads\/nha-bep\/pramie\/may-hut-mui\/may-hut-mui-pramie-ap15-900\/may-hut-mui-pramie-ap15-900-400x400.jpg 400w, https:\/\/livinghome.vn\/thiet-bi\/wp-content\/uploads\/nha-bep\/pramie\/may-hut-mui\/may-hut-mui-pramie-ap15-900\/may-hut-mui-pramie-ap15-900-800x800.jpg 800w, https:\/\/livinghome.vn\/thiet-bi\/wp-content\/uploads\/nha-bep\/pramie\/may-hut-mui\/may-hut-mui-pramie-ap15-900\/may-hut-mui-pramie-ap15-900-280x280.jpg 280w, https:\/\/livinghome.vn\/thiet-bi\/wp-content\/uploads\/nha-bep\/pramie\/may-hut-mui\/may-hut-mui-pramie-ap15-900\/may-hut-mui-pramie-ap15-900-768x768.jpg 768w\" sizes=\"auto, (max-width: 900px) 100vw, 900px\" \/><figcaption id=\"caption-attachment-8014\" class=\"wp-caption-text\">M\u00e1y h\u00fat m\u00f9i Pramie AP15 900<\/figcaption><\/figure>\n<p>M\u00e1y h\u00fat m\u00f9i Pramie AP15-900 s\u1edf h\u1eefu ki\u1ec3u d\u00e1ng hi\u1ec7n \u0111\u1ea1i tinh t\u1ebf v\u1edbi h\u00ecnh th\u1ee9c b\u1eaft m\u1eaft t\u1ea1o \u0111i\u1ec3m nh\u1ea5n trong kh\u00f4ng gian b\u1ebfp nh\u00e0 qu\u00fd kh\u00e1ch, m\u00e1y d\u1ea1ng k\u00ednh cong sang hai b\u00ean r\u1ea5t m\u1ec1m m\u1ea1i, \u0111\u01b0\u1ee3c \u01b0a chu\u1ed9ng tr\u00ean th\u1ecb tr\u01b0\u1eddng hi\u1ec7n nay, c\u00f9ng v\u1edbi k\u00edch th\u01b0\u1edbc 900x500x480mm ph\u00f9 h\u1ee3p v\u1edbi m\u1ecdi kh\u00f4ng gian b\u1ebfp gia \u0111\u00ecnh Vi\u1ec7t.V\u1edbi thi\u1ebft k\u1ebf g\u1eafn \u0111\u1ed9ng c\u01a1 tua bin \u0111\u00f4i ki\u1ec3u m\u1edbi l\u00e0m t\u0103ng n\u0103ng su\u1ea5t ho\u1ea1t \u0111\u1ed9ng c\u1ee7a m\u00e1y h\u00fat m\u00f9i \u0111\u1ea1t t\u1edbi m\u1ee9c 1200m3\/h. \u0110\u00e2y l\u00e0 m\u1ed9t m\u1ee9c c\u00f4ng su\u1ea5t l\u1edbn ph\u00f9 h\u1ee3p v\u1edbi kh\u00f4ng gian c\u1ee7a nh\u1eefng h\u1ed9 gia \u0111\u00ecnh nhi\u1ec1u ng\u01b0\u1eddi v\u00e0 c\u00f3 nhu c\u1ea7u n\u1ea5u n\u01b0\u1edbng \u1edf m\u1ee9c cao.<br \/>\nM\u00e1y \u0111\u01b0\u1ee3c Thi\u1ebft k\u1ebf l\u01b0\u1edbi l\u1ecdc h\u1ee3p kim 4 l\u1edbp cho kh\u1ea3 n\u0103ng l\u1ecdc kh\u00f4ng kh\u00ed c\u1ef1c t\u1ed1t, ng\u0103n b\u1ee5i b\u1ea9n, d\u1ea7u m\u1ee1 l\u1ecdt v\u00e0o b\u00ean trong \u0111\u1ed9ng c\u01a1 gi\u00fap m\u00e1y lu\u00f4n s\u1ea1ch s\u1ebd, b\u1ec1n \u0111\u1eb9p.<br \/>\n\u0110\u1eb7c bi\u1ec7t, trong qu\u00e1 tr\u00ecnh s\u1eed d\u1ee5ng b\u1ea1n c\u00f3 th\u1ec3 l\u1ef1a ch\u1ecdn s\u1eed d\u1ee5ng ch\u1ebf \u0111\u1ed9 h\u00fat \u0111\u1ea9y tr\u1ef1c ti\u1ebfp ho\u1eb7c tu\u1ea7n ho\u00e0n b\u1eb1ng than tho\u1ea1t t\u00ednh.<\/p>\n<p>B\u1ea3ng \u0111i\u1ec1u khi\u1ec3n c\u1ea3m \u1ee9ng si\u00eau nh\u1ea1y \u0111\u1eb9p m\u1eaft v\u00e0 d\u1ec5 s\u1eed d\u1ee5ng v\u1edbi 5 t\u1ed1c \u0111\u1ed9 h\u00fat kh\u00e1c nhau gi\u00fap b\u1ea1n d\u1ec5 d\u00e0ng ch\u1ecdn m\u1ee9c c\u00f4ng su\u1ea5t k\u1ebft h\u1ee3p v\u1edbi t\u1eebng m\u00f3n \u0103n. K\u1ebft h\u1ee3p h\u1ec7 th\u1ed1ng \u0111\u00e8n chi\u1ebfu s\u00e1ng Led xanh sang tr\u1ecdng gi\u00fap m\u00e1y tr\u1edf n\u00ean sang tr\u1ecdng v\u00e0 hi\u1ec7n \u0111\u1ea1i. H\u01a1n th\u1ebf n\u1eefa, m\u00e1y \u0111\u01b0\u1ee3c t\u00edch h\u1ee3p c\u00f4ng ngh\u1ec7 \u0111i\u1ec1u khi\u1ec3n d\u1ea1ng ph\u1ea9y tay h\u1ebft s\u1ee9c th\u00f4ng minh m\u00e0 ch\u01b0a m\u1ed9t th\u01b0\u01a1ng hi\u1ec7u m\u00e1y h\u00fat m\u00f9i n\u00e0o c\u00f3 l\u00e0 \u0111i\u1ec3m r\u1ea5t \u0111ang thu h\u00fat c\u1ee7a s\u1ea3n ph\u1ea9m m\u00e1y h\u00fat m\u00f9i n\u00e0y.<\/p>\n<h3>T\u00ednh n\u0103ng c\u01a1 b\u1ea3n<\/h3>\n<ul>\n<li><a href=\"https:\/\/livinghome.vn\/thiet-bi\/may-hut-mui\/\">M\u00e1y h\u00fat kh\u00f3i kh\u1eed m\u00f9i<\/a> \u2013 kh\u1eed m\u00f9i \u00e1p t\u01b0\u1eddng<\/li>\n<li>Th\u00e2n m\u00e1y \u0111\u01b0\u1ee3c l\u00e0m b\u1eb1ng inox kh\u00f4ng r\u1ec9<\/li>\n<li>M\u1eb7t k\u00ednh cong c\u01b0\u1eddng l\u1ef1c<\/li>\n<li>\u00c1p d\u1ee5ng ch\u1ebf \u0111\u1ed9 h\u00fat \u0111\u1ea9y tr\u1ef1c ti\u1ebfp ho\u1eb7c tu\u1ea7n ho\u00e0n b\u1eb1ng than ho\u1ea1t t\u00ednh<\/li>\n<li>\u0110i\u1ec1u khi\u1ec3n c\u1ea3m \u1ee9ng Control Touch th\u00f4ng minh, 3 m\u1ee9c \u0111\u1ed9<\/li>\n<li>Trang b\u1ecb h\u1ec7 th\u1ed1ng \u0111\u00e8n LED chi\u1ebfu s\u00e1ng v\u1edbi 2 \u0111\u00e8n<\/li>\n<li>S\u1eed d\u1ee5ng h\u1ec7 th\u1ed1ng phim l\u1ecdc d\u1ec5 d\u00e0ng v\u1ec7 sinh<\/li>\n<li>Trang b\u1ecb ch\u1ee9c n\u0103ng h\u1eb9n gi\u1edd<\/li>\n<li>Ho\u1ea1t \u0111\u1ed9ng b\u1eb1ng c\u00e1ch h\u00fat \u0111\u1ea9y tr\u1ef1c ti\u1ebfp ho\u1eb7c tu\u1ea7n ho\u00e0n b\u1eb1ng than ho\u1ea1t t\u00ednh<\/li>\n<\/ul>\n<h3>Th\u00f4ng s\u1ed1 k\u1ef9 thu\u1eadt<\/h3>\n<ul>\n<li>C\u00f4ng su\u1ea5t h\u00fat : 1100m3\/h<\/li>\n<li>Trang b\u1ecb motor Turbo Twin si\u00eau kh\u1ecfe<\/li>\n<li>\u0110\u1ed9 \u1ed3n: &lt;48db<\/li>\n<li>S\u1eed d\u1ee5ng hi\u1ec7u \u0111i\u1ec7n th\u1ebf: 220-240V, 50Hz<\/li>\n<li>K\u00edch th\u01b0\u1edbc s\u1ea3n ph\u1ea9m: 900X460X500mm<\/li>\n<\/ul>\n<p>M\u00e1y h\u00fat m\u00f9i Pramie AP15-900 l\u00e0 gi\u1ea3i ph\u00e1p th\u00f4ng minh x\u1eed l\u00fd kh\u00f3i v\u00e0 m\u00f9i trong gian b\u1ebfp k\u00edn, \u0111\u1ea3m b\u1ea3o kh\u00f4ng gian s\u1ed1ng trong l\u00e0nh, th\u00f4ng tho\u00e1ng, d\u1ec5 ch\u1ecbu cho gia \u0111\u00ecnh.<\/p>\n<h3>Xu\u1ea5t x\u1ee9: Th\u00e1i Lan<\/h3>\n<div><\/div>\n","protected":false},"excerpt":{"rendered":"<p>K\u00edch th\u01b0\u1edbc: 900mm<br \/>\n\u0110i\u1ec7n \u00e1p: 220-240V, 50-60Hz<br \/>\nC\u00f4ng su\u1ea5t h\u00fat: 1000m3\/h<br \/>\n\u0110\u1ed9 \u1ed3n &lt;48dB<\/p>\n<p>\u0110i\u1ec1u khi\u1ec3n c\u1ea3m \u1ee9ng Control Touch th\u00f4ng minh<br \/>\nH\u1ec7 th\u1ed1ng chi\u1ebfu s\u00e1ng 2 \u0111\u00e8n LED<br \/>\nPhin l\u1ecdc d\u1ec5 d\u00e0ng v\u1ec7 sinh<br \/>\nCh\u1ebf \u0111\u1ed9 kh\u1eed m\u00f9i tr\u1ef1c ti\u1ebfp ho\u1eb7c qua than ho\u1ea1t t\u00ednh<br \/>\nMotor turbo si\u00eau kh\u1ecfe<\/p>\n","protected":false},"featured_media":22473,"comment_status":"open","ping_status":"closed","template":"","meta":[],"product_brand":[],"product_cat":[84,89,593,585],"product_tag":[197,86,91,594,588],"class_list":{"0":"post-8013","1":"product","2":"type-product","3":"status-publish","4":"has-post-thumbnail","6":"product_cat-may-hut-mui","7":"product_cat-may-hut-mui-gan-tuong","8":"product_cat-may-hut-mui-pramie","9":"product_cat-thuong-hieu-pramie","10":"product_tag-may-hut-ap-tuong","11":"product_tag-may-hut-mui","12":"product_tag-may-hut-mui-ap-tuong","13":"product_tag-may-hut-mui-pramie","14":"product_tag-pramie","16":"first","17":"instock","18":"sale","19":"shipping-taxable","20":"purchasable","21":"product-type-simple"},"_links":{"self":[{"href":"https:\/\/livinghome.vn\/thiet-bi\/wp-json\/wp\/v2\/product\/8013","targetHints":{"allow":["GET"]}}],"collection":[{"href":"https:\/\/livinghome.vn\/thiet-bi\/wp-json\/wp\/v2\/product"}],"about":[{"href":"https:\/\/livinghome.vn\/thiet-bi\/wp-json\/wp\/v2\/types\/product"}],"replies":[{"embeddable":true,"href":"https:\/\/livinghome.vn\/thiet-bi\/wp-json\/wp\/v2\/comments?post=8013"}],"wp:featuredmedia":[{"embeddable":true,"href":"https:\/\/livinghome.vn\/thiet-bi\/wp-json\/wp\/v2\/media\/22473"}],"wp:attachment":[{"href":"https:\/\/livinghome.vn\/thiet-bi\/wp-json\/wp\/v2\/media?parent=8013"}],"wp:term":[{"taxonomy":"product_brand","embeddable":true,"href":"https:\/\/livinghome.vn\/thiet-bi\/wp-json\/wp\/v2\/product_brand?post=8013"},{"taxonomy":"product_cat","embeddable":true,"href":"https:\/\/livinghome.vn\/thiet-bi\/wp-json\/wp\/v2\/product_cat?post=8013"},{"taxonomy":"product_tag","embeddable":true,"href":"https:\/\/livinghome.vn\/thiet-bi\/wp-json\/wp\/v2\/product_tag?post=8013"}],"curies":[{"name":"wp","href":"https:\/\/api.w.org\/{rel}","templated":true}]}}