{"id":8012,"date":"2023-02-21T07:24:55","date_gmt":"2023-02-21T07:24:55","guid":{"rendered":"https:\/\/livinghome.vn\/thiet-bi\/?post_type=product&#038;p=8012"},"modified":"2024-11-29T14:19:16","modified_gmt":"2024-11-29T07:19:16","slug":"may-hut-mui-pramie-ac17-700-air","status":"publish","type":"product","link":"https:\/\/livinghome.vn\/thiet-bi\/may-hut-mui-pramie-ac17-700-air\/","title":{"rendered":"M\u00e1y h\u00fat m\u00f9i Pramie AC17 700 AIR 70CM V\u1ea9y Tay 1100m3\/h"},"content":{"rendered":"<h3>M\u00e1y h\u00fat m\u00f9i Pramie AC17 700 Air thi\u1ebft k\u1ebf \u00e1p t\u01b0\u1eddng theo ki\u1ec3u k\u00ednh cong hi\u1ec7n \u0111\u1ea1i, c\u00f3 \u0111\u1ed9 th\u1ea9m m\u1ef9 cao t\u1ea1o \u0111i\u1ec3m nh\u1ea5n cho kh\u00f4ng gian b\u1ebfp.<\/h3>\n<figure id=\"attachment_8005\" aria-describedby=\"caption-attachment-8005\" style=\"width: 900px\" class=\"wp-caption alignnone\"><img loading=\"lazy\" decoding=\"async\" class=\"wp-image-8005 size-full\" src=\"https:\/\/livinghome.vn\/thiet-bi\/wp-content\/uploads\/nha-bep\/pramie\/may-hut-mui\/may-hut-mui-pramie-ac17-700-air\/may-hut-mui-pramie-ac17-700-air-8.jpg\" alt=\"M\u00e1y h\u00fat m\u00f9i Pramie AC17 700 Air\" width=\"900\" height=\"900\" title=\"\" srcset=\"https:\/\/livinghome.vn\/thiet-bi\/wp-content\/uploads\/nha-bep\/pramie\/may-hut-mui\/may-hut-mui-pramie-ac17-700-air\/may-hut-mui-pramie-ac17-700-air-8.jpg 900w, https:\/\/livinghome.vn\/thiet-bi\/wp-content\/uploads\/nha-bep\/pramie\/may-hut-mui\/may-hut-mui-pramie-ac17-700-air\/may-hut-mui-pramie-ac17-700-air-8-300x300.jpg 300w, https:\/\/livinghome.vn\/thiet-bi\/wp-content\/uploads\/nha-bep\/pramie\/may-hut-mui\/may-hut-mui-pramie-ac17-700-air\/may-hut-mui-pramie-ac17-700-air-8-100x100.jpg 100w, https:\/\/livinghome.vn\/thiet-bi\/wp-content\/uploads\/nha-bep\/pramie\/may-hut-mui\/may-hut-mui-pramie-ac17-700-air\/may-hut-mui-pramie-ac17-700-air-8-600x600.jpg 600w, https:\/\/livinghome.vn\/thiet-bi\/wp-content\/uploads\/nha-bep\/pramie\/may-hut-mui\/may-hut-mui-pramie-ac17-700-air\/may-hut-mui-pramie-ac17-700-air-8-400x400.jpg 400w, https:\/\/livinghome.vn\/thiet-bi\/wp-content\/uploads\/nha-bep\/pramie\/may-hut-mui\/may-hut-mui-pramie-ac17-700-air\/may-hut-mui-pramie-ac17-700-air-8-800x800.jpg 800w, https:\/\/livinghome.vn\/thiet-bi\/wp-content\/uploads\/nha-bep\/pramie\/may-hut-mui\/may-hut-mui-pramie-ac17-700-air\/may-hut-mui-pramie-ac17-700-air-8-280x280.jpg 280w, https:\/\/livinghome.vn\/thiet-bi\/wp-content\/uploads\/nha-bep\/pramie\/may-hut-mui\/may-hut-mui-pramie-ac17-700-air\/may-hut-mui-pramie-ac17-700-air-8-768x768.jpg 768w\" sizes=\"auto, (max-width: 900px) 100vw, 900px\" \/><figcaption id=\"caption-attachment-8005\" class=\"wp-caption-text\">M\u00e1y h\u00fat m\u00f9i Pramie AC17 700 Air<\/figcaption><\/figure>\n<p>M\u00e1y h\u00fat m\u00f9i Pramie \u0111i\u1ec1u khi\u1ec3n d\u1ec5 d\u00e0ng b\u1eb1ng b\u1ea3ng \u0111i\u1ec1u khi\u1ec3n c\u1ea3m \u1ee9ng t\u00edch h\u1ee3p c\u1ea3m bi\u1ebfn chuy\u1ec3n \u0111\u1ed9ng Air Gesture.<\/p>\n<p>Ch\u1ec9 c\u1ea7n m\u1ed9t c\u00e1i vu\u1ed1t tay nh\u1eb9 nh\u00e0ng sang ph\u1ea3i l\u00e0 b\u1ea1n c\u00f3 th\u1ec3 kh\u1edfi \u0111\u1ed9ng hay t\u1eaft m\u00e1y nhanh ch\u00f3ng m\u00e0 kh\u00f4ng ph\u1ea3i ng\u1ea1i tay \u0111ang \u01b0\u1edbt ho\u1eb7c d\u00ednh d\u1ea7u m\u1ee1.<\/p>\n<p>\u0110\u01b0\u1ee3c trang b\u1ecb t\u00ednh n\u0103ng h\u1eb9n gi\u1edd l\u00ean \u0111\u1ebfn 30 ph\u00fat cho ph\u00e9p ng\u01b0\u1eddi d\u00f9ng l\u00e0m c\u00f4ng vi\u1ec7c kh\u00e1c m\u00e0 kh\u00f4ng c\u1ea7n canh ch\u1eebng th\u1eddi gian t\u1eaft b\u1ebfp.<\/p>\n<figure id=\"attachment_8011\" aria-describedby=\"caption-attachment-8011\" style=\"width: 900px\" class=\"wp-caption alignnone\"><img loading=\"lazy\" decoding=\"async\" class=\"wp-image-8011 size-full\" src=\"https:\/\/livinghome.vn\/thiet-bi\/wp-content\/uploads\/nha-bep\/pramie\/may-hut-mui\/may-hut-mui-pramie-ac17-700-air\/may-hut-mui-pramie-ac17-700-air-6.jpg\" alt=\"M\u00e1y h\u00fat m\u00f9i Pramie AC17 700 Air\" width=\"900\" height=\"900\" title=\"\" srcset=\"https:\/\/livinghome.vn\/thiet-bi\/wp-content\/uploads\/nha-bep\/pramie\/may-hut-mui\/may-hut-mui-pramie-ac17-700-air\/may-hut-mui-pramie-ac17-700-air-6.jpg 900w, https:\/\/livinghome.vn\/thiet-bi\/wp-content\/uploads\/nha-bep\/pramie\/may-hut-mui\/may-hut-mui-pramie-ac17-700-air\/may-hut-mui-pramie-ac17-700-air-6-300x300.jpg 300w, https:\/\/livinghome.vn\/thiet-bi\/wp-content\/uploads\/nha-bep\/pramie\/may-hut-mui\/may-hut-mui-pramie-ac17-700-air\/may-hut-mui-pramie-ac17-700-air-6-100x100.jpg 100w, https:\/\/livinghome.vn\/thiet-bi\/wp-content\/uploads\/nha-bep\/pramie\/may-hut-mui\/may-hut-mui-pramie-ac17-700-air\/may-hut-mui-pramie-ac17-700-air-6-600x600.jpg 600w, https:\/\/livinghome.vn\/thiet-bi\/wp-content\/uploads\/nha-bep\/pramie\/may-hut-mui\/may-hut-mui-pramie-ac17-700-air\/may-hut-mui-pramie-ac17-700-air-6-400x400.jpg 400w, https:\/\/livinghome.vn\/thiet-bi\/wp-content\/uploads\/nha-bep\/pramie\/may-hut-mui\/may-hut-mui-pramie-ac17-700-air\/may-hut-mui-pramie-ac17-700-air-6-800x800.jpg 800w, https:\/\/livinghome.vn\/thiet-bi\/wp-content\/uploads\/nha-bep\/pramie\/may-hut-mui\/may-hut-mui-pramie-ac17-700-air\/may-hut-mui-pramie-ac17-700-air-6-280x280.jpg 280w, https:\/\/livinghome.vn\/thiet-bi\/wp-content\/uploads\/nha-bep\/pramie\/may-hut-mui\/may-hut-mui-pramie-ac17-700-air\/may-hut-mui-pramie-ac17-700-air-6-768x768.jpg 768w\" sizes=\"auto, (max-width: 900px) 100vw, 900px\" \/><figcaption id=\"caption-attachment-8011\" class=\"wp-caption-text\">M\u00e1y h\u00fat m\u00f9i Pramie AC17 700 Air<\/figcaption><\/figure>\n<p>Thi\u1ebft k\u1ebf \u00e1p t\u01b0\u1eddng theo ki\u1ec3u k\u00ednh cong hi\u1ec7n \u0111\u1ea1i, c\u00f3 \u0111\u1ed9 th\u1ea9m m\u1ef9 cao t\u1ea1o \u0111i\u1ec3m nh\u1ea5n cho kh\u00f4ng gian b\u1ebfp.<\/p>\n<p>V\u1ecf ngo\u00e0i \u0111\u1ec1u b\u1eb1ng inox c\u00f3 \u0111\u1ed9 b\u1ec1n t\u1ed1t, h\u1ea1n ch\u1ebf b\u00e1m b\u1ea9n v\u00e0 d\u1ec5 d\u00e0ng v\u1ec7 sinh.<\/p>\n<p>M\u00e1y h\u00fat m\u00f9i c\u00f3 chi\u1ec1u ngang 70.5 cm d\u1ec5 l\u1eafp \u0111\u1eb7t t\u01b0\u01a1ng th\u00edch c\u00f9ng v\u1edbi nh\u1eefng m\u1eabu b\u1ebfp \u0111i\u1ec7n, b\u1ebfp ga ph\u1ed5 bi\u1ebfn tr\u00ean th\u1ecb tr\u01b0\u1eddng hi\u1ec7n nay.<\/p>\n<p>&nbsp;<\/p>\n<figure id=\"attachment_8009\" aria-describedby=\"caption-attachment-8009\" style=\"width: 900px\" class=\"wp-caption alignnone\"><img loading=\"lazy\" decoding=\"async\" class=\"wp-image-8009 size-full\" src=\"https:\/\/livinghome.vn\/thiet-bi\/wp-content\/uploads\/nha-bep\/pramie\/may-hut-mui\/may-hut-mui-pramie-ac17-700-air\/may-hut-mui-pramie-ac17-700-air-7.jpg\" alt=\"M\u00e1y h\u00fat m\u00f9i Pramie AC17 700 Air\" width=\"900\" height=\"900\" title=\"\" srcset=\"https:\/\/livinghome.vn\/thiet-bi\/wp-content\/uploads\/nha-bep\/pramie\/may-hut-mui\/may-hut-mui-pramie-ac17-700-air\/may-hut-mui-pramie-ac17-700-air-7.jpg 900w, https:\/\/livinghome.vn\/thiet-bi\/wp-content\/uploads\/nha-bep\/pramie\/may-hut-mui\/may-hut-mui-pramie-ac17-700-air\/may-hut-mui-pramie-ac17-700-air-7-300x300.jpg 300w, https:\/\/livinghome.vn\/thiet-bi\/wp-content\/uploads\/nha-bep\/pramie\/may-hut-mui\/may-hut-mui-pramie-ac17-700-air\/may-hut-mui-pramie-ac17-700-air-7-100x100.jpg 100w, https:\/\/livinghome.vn\/thiet-bi\/wp-content\/uploads\/nha-bep\/pramie\/may-hut-mui\/may-hut-mui-pramie-ac17-700-air\/may-hut-mui-pramie-ac17-700-air-7-600x600.jpg 600w, https:\/\/livinghome.vn\/thiet-bi\/wp-content\/uploads\/nha-bep\/pramie\/may-hut-mui\/may-hut-mui-pramie-ac17-700-air\/may-hut-mui-pramie-ac17-700-air-7-400x400.jpg 400w, https:\/\/livinghome.vn\/thiet-bi\/wp-content\/uploads\/nha-bep\/pramie\/may-hut-mui\/may-hut-mui-pramie-ac17-700-air\/may-hut-mui-pramie-ac17-700-air-7-800x800.jpg 800w, https:\/\/livinghome.vn\/thiet-bi\/wp-content\/uploads\/nha-bep\/pramie\/may-hut-mui\/may-hut-mui-pramie-ac17-700-air\/may-hut-mui-pramie-ac17-700-air-7-280x280.jpg 280w, https:\/\/livinghome.vn\/thiet-bi\/wp-content\/uploads\/nha-bep\/pramie\/may-hut-mui\/may-hut-mui-pramie-ac17-700-air\/may-hut-mui-pramie-ac17-700-air-7-768x768.jpg 768w\" sizes=\"auto, (max-width: 900px) 100vw, 900px\" \/><figcaption id=\"caption-attachment-8009\" class=\"wp-caption-text\">M\u00e1y h\u00fat m\u00f9i Pramie AC17 700 Air<\/figcaption><\/figure>\n<p>L\u01b0\u1edbi l\u1ecdc b\u1eb1ng inox v\u00e0 nh\u00f4m d\u1ec5 d\u00e0ng l\u1ecdc s\u1ea1ch d\u1ea7u m\u1ee1 v\u00e0 m\u00f9i kh\u00f3 ch\u1ecbu, kh\u00f4ng s\u1ee3 hoen r\u1ec9.<\/p>\n<p>B\u1ed9 ph\u1eadn n\u00e0y c\u00f3 th\u1ec3 th\u00e1o r\u1eddi \u0111\u1ec3 v\u1ec7 sinh m\u1ed9t c\u00e1ch d\u1ec5 d\u00e0ng. N\u00ean v\u1ec7 sinh l\u01b0\u1edbi l\u1ecdc th\u01b0\u1eddng xuy\u00ean \u0111\u1ec3 gi\u00fap m\u00e1y h\u00fat m\u00f9i hi\u1ec7u qu\u1ea3 v\u00e0 t\u0103ng \u0111\u1ed9 b\u1ec1n cho m\u00e1y.<\/p>\n<p>&nbsp;<\/p>\n<figure id=\"attachment_8004\" aria-describedby=\"caption-attachment-8004\" style=\"width: 900px\" class=\"wp-caption alignnone\"><img loading=\"lazy\" decoding=\"async\" class=\"wp-image-8004 size-full\" src=\"https:\/\/livinghome.vn\/thiet-bi\/wp-content\/uploads\/nha-bep\/pramie\/may-hut-mui\/may-hut-mui-pramie-ac17-700-air\/may-hut-mui-pramie-ac17-700-air-4.jpg\" alt=\"M\u00e1y h\u00fat m\u00f9i Pramie AC17 700 Air\" width=\"900\" height=\"900\" title=\"\" srcset=\"https:\/\/livinghome.vn\/thiet-bi\/wp-content\/uploads\/nha-bep\/pramie\/may-hut-mui\/may-hut-mui-pramie-ac17-700-air\/may-hut-mui-pramie-ac17-700-air-4.jpg 900w, https:\/\/livinghome.vn\/thiet-bi\/wp-content\/uploads\/nha-bep\/pramie\/may-hut-mui\/may-hut-mui-pramie-ac17-700-air\/may-hut-mui-pramie-ac17-700-air-4-300x300.jpg 300w, https:\/\/livinghome.vn\/thiet-bi\/wp-content\/uploads\/nha-bep\/pramie\/may-hut-mui\/may-hut-mui-pramie-ac17-700-air\/may-hut-mui-pramie-ac17-700-air-4-100x100.jpg 100w, https:\/\/livinghome.vn\/thiet-bi\/wp-content\/uploads\/nha-bep\/pramie\/may-hut-mui\/may-hut-mui-pramie-ac17-700-air\/may-hut-mui-pramie-ac17-700-air-4-600x600.jpg 600w, https:\/\/livinghome.vn\/thiet-bi\/wp-content\/uploads\/nha-bep\/pramie\/may-hut-mui\/may-hut-mui-pramie-ac17-700-air\/may-hut-mui-pramie-ac17-700-air-4-400x400.jpg 400w, https:\/\/livinghome.vn\/thiet-bi\/wp-content\/uploads\/nha-bep\/pramie\/may-hut-mui\/may-hut-mui-pramie-ac17-700-air\/may-hut-mui-pramie-ac17-700-air-4-800x800.jpg 800w, https:\/\/livinghome.vn\/thiet-bi\/wp-content\/uploads\/nha-bep\/pramie\/may-hut-mui\/may-hut-mui-pramie-ac17-700-air\/may-hut-mui-pramie-ac17-700-air-4-280x280.jpg 280w, https:\/\/livinghome.vn\/thiet-bi\/wp-content\/uploads\/nha-bep\/pramie\/may-hut-mui\/may-hut-mui-pramie-ac17-700-air\/may-hut-mui-pramie-ac17-700-air-4-768x768.jpg 768w\" sizes=\"auto, (max-width: 900px) 100vw, 900px\" \/><figcaption id=\"caption-attachment-8004\" class=\"wp-caption-text\">M\u00e1y h\u00fat m\u00f9i Pramie AC17 700 Air<\/figcaption><\/figure>\n<h3>T\u00ednh n\u0103ng c\u01a1 b\u1ea3n<\/h3>\n<ul>\n<li><a href=\"https:\/\/livinghome.vn\/thiet-bi\/may-hut-mui\/\">M\u00e1y h\u00fat kh\u00f3i kh\u1eed m\u00f9i<\/a> \u2013 kh\u1eed m\u00f9i \u00e1p t\u01b0\u1eddng<\/li>\n<li>C\u00f4ng ngh\u1ec7 v\u1eaby tay kh\u00f4ng ch\u1ea1m Air Swiper<\/li>\n<li>\u0110i\u1ec1u khi\u1ec3n c\u1ea3m \u1ee9ng Control Touch th\u00f4ng minh<\/li>\n<li>H\u1ec7 th\u1ed1ng chi\u1ebfu s\u00e1ng 2 \u0111\u00e8n LED<\/li>\n<li>Phin l\u1ecdc d\u1ec5 d\u00e0ng v\u1ec7 sinh<\/li>\n<li>Ch\u1ebf \u0111\u1ed9 kh\u1eed m\u00f9i tr\u1ef1c ti\u1ebfp ho\u1eb7c qua than ho\u1ea1t t\u00ednh<\/li>\n<li>Motor turbo si\u00eau kh\u1ecfe<\/li>\n<\/ul>\n<h3>Th\u00f4ng s\u1ed1 k\u1ef9 thu\u1eadt<\/h3>\n<ul>\n<li>\u0110i\u1ec7n \u00e1p: 220-240V, 50-60Hz<\/li>\n<li>C\u00f4ng su\u1ea5t h\u00fat: 1100m3\/h<\/li>\n<li>\u0110\u1ed9 \u1ed3n &lt;32dB<\/li>\n<\/ul>\n<figure id=\"attachment_8008\" aria-describedby=\"caption-attachment-8008\" style=\"width: 900px\" class=\"wp-caption alignnone\"><img loading=\"lazy\" decoding=\"async\" class=\"wp-image-8008 size-full\" src=\"https:\/\/livinghome.vn\/thiet-bi\/wp-content\/uploads\/nha-bep\/pramie\/may-hut-mui\/may-hut-mui-pramie-ac17-700-air\/may-hut-mui-pramie-ac17-700-air-3.jpg\" alt=\"M\u00e1y h\u00fat m\u00f9i Pramie AC17 700 Air\" width=\"900\" height=\"900\" title=\"\" srcset=\"https:\/\/livinghome.vn\/thiet-bi\/wp-content\/uploads\/nha-bep\/pramie\/may-hut-mui\/may-hut-mui-pramie-ac17-700-air\/may-hut-mui-pramie-ac17-700-air-3.jpg 900w, https:\/\/livinghome.vn\/thiet-bi\/wp-content\/uploads\/nha-bep\/pramie\/may-hut-mui\/may-hut-mui-pramie-ac17-700-air\/may-hut-mui-pramie-ac17-700-air-3-300x300.jpg 300w, https:\/\/livinghome.vn\/thiet-bi\/wp-content\/uploads\/nha-bep\/pramie\/may-hut-mui\/may-hut-mui-pramie-ac17-700-air\/may-hut-mui-pramie-ac17-700-air-3-100x100.jpg 100w, https:\/\/livinghome.vn\/thiet-bi\/wp-content\/uploads\/nha-bep\/pramie\/may-hut-mui\/may-hut-mui-pramie-ac17-700-air\/may-hut-mui-pramie-ac17-700-air-3-600x600.jpg 600w, https:\/\/livinghome.vn\/thiet-bi\/wp-content\/uploads\/nha-bep\/pramie\/may-hut-mui\/may-hut-mui-pramie-ac17-700-air\/may-hut-mui-pramie-ac17-700-air-3-400x400.jpg 400w, https:\/\/livinghome.vn\/thiet-bi\/wp-content\/uploads\/nha-bep\/pramie\/may-hut-mui\/may-hut-mui-pramie-ac17-700-air\/may-hut-mui-pramie-ac17-700-air-3-800x800.jpg 800w, https:\/\/livinghome.vn\/thiet-bi\/wp-content\/uploads\/nha-bep\/pramie\/may-hut-mui\/may-hut-mui-pramie-ac17-700-air\/may-hut-mui-pramie-ac17-700-air-3-280x280.jpg 280w, https:\/\/livinghome.vn\/thiet-bi\/wp-content\/uploads\/nha-bep\/pramie\/may-hut-mui\/may-hut-mui-pramie-ac17-700-air\/may-hut-mui-pramie-ac17-700-air-3-768x768.jpg 768w\" sizes=\"auto, (max-width: 900px) 100vw, 900px\" \/><figcaption id=\"caption-attachment-8008\" class=\"wp-caption-text\">M\u00e1y h\u00fat m\u00f9i Pramie AC17 700 Air<\/figcaption><\/figure>\n<p>M\u00e1y h\u00fat m\u00f9i AC17-700 Air v\u1edbi thi\u1ebft k\u1ebf ph\u00f9 h\u1ee3p v\u1edbi kh\u00f4ng gian b\u1ebfp, \u0111i\u1ec1u khi\u1ec3n d\u1ec5 d\u00e0ng v\u1edbi nhi\u1ec1u t\u00ednh n\u0103ng n\u1ed5i b\u1eadt s\u1ebd gi\u00fap gi\u1eef kh\u00f4ng gian b\u1ebfp gia \u0111\u00ecnh lu\u00f4n s\u1ea1ch s\u1ebd, tho\u00e1ng m\u00e1t.<\/p>\n<h3>Xu\u1ea5t x\u1ee9: Th\u00e1i Lan<\/h3>\n<h3>H\u00ecnh \u1ea3nh l\u1eafp \u0111\u1eb7t th\u1ef1c t\u1ebf M\u00e1y h\u00fat m\u00f9i Pramie AC17 700 Air:<\/h3>\n<figure id=\"attachment_14645\" aria-describedby=\"caption-attachment-14645\" style=\"width: 900px\" class=\"wp-caption alignnone\"><img loading=\"lazy\" decoding=\"async\" class=\"size-full wp-image-14645\" src=\"https:\/\/livinghome.vn\/thiet-bi\/wp-content\/uploads\/nha-bep\/pramie\/may-hut-mui\/may-hut-mui-pramie-ac17-700-air\/may-hut-mui-pramie-ac17-700-air-hinh-anh-thuc-te-1.jpg\" alt=\"H\u00ecnh \u1ea3nh l\u1eafp \u0111\u1eb7t th\u1ef1c t\u1ebf M\u00e1y h\u00fat m\u00f9i Pramie AC17 700 Air\" width=\"900\" height=\"900\" title=\"\" srcset=\"https:\/\/livinghome.vn\/thiet-bi\/wp-content\/uploads\/nha-bep\/pramie\/may-hut-mui\/may-hut-mui-pramie-ac17-700-air\/may-hut-mui-pramie-ac17-700-air-hinh-anh-thuc-te-1.jpg 900w, https:\/\/livinghome.vn\/thiet-bi\/wp-content\/uploads\/nha-bep\/pramie\/may-hut-mui\/may-hut-mui-pramie-ac17-700-air\/may-hut-mui-pramie-ac17-700-air-hinh-anh-thuc-te-1-300x300.jpg 300w, https:\/\/livinghome.vn\/thiet-bi\/wp-content\/uploads\/nha-bep\/pramie\/may-hut-mui\/may-hut-mui-pramie-ac17-700-air\/may-hut-mui-pramie-ac17-700-air-hinh-anh-thuc-te-1-100x100.jpg 100w, https:\/\/livinghome.vn\/thiet-bi\/wp-content\/uploads\/nha-bep\/pramie\/may-hut-mui\/may-hut-mui-pramie-ac17-700-air\/may-hut-mui-pramie-ac17-700-air-hinh-anh-thuc-te-1-600x600.jpg 600w, https:\/\/livinghome.vn\/thiet-bi\/wp-content\/uploads\/nha-bep\/pramie\/may-hut-mui\/may-hut-mui-pramie-ac17-700-air\/may-hut-mui-pramie-ac17-700-air-hinh-anh-thuc-te-1-400x400.jpg 400w, https:\/\/livinghome.vn\/thiet-bi\/wp-content\/uploads\/nha-bep\/pramie\/may-hut-mui\/may-hut-mui-pramie-ac17-700-air\/may-hut-mui-pramie-ac17-700-air-hinh-anh-thuc-te-1-800x800.jpg 800w, https:\/\/livinghome.vn\/thiet-bi\/wp-content\/uploads\/nha-bep\/pramie\/may-hut-mui\/may-hut-mui-pramie-ac17-700-air\/may-hut-mui-pramie-ac17-700-air-hinh-anh-thuc-te-1-280x280.jpg 280w, https:\/\/livinghome.vn\/thiet-bi\/wp-content\/uploads\/nha-bep\/pramie\/may-hut-mui\/may-hut-mui-pramie-ac17-700-air\/may-hut-mui-pramie-ac17-700-air-hinh-anh-thuc-te-1-768x768.jpg 768w\" sizes=\"auto, (max-width: 900px) 100vw, 900px\" \/><figcaption id=\"caption-attachment-14645\" class=\"wp-caption-text\">H\u00ecnh \u1ea3nh l\u1eafp \u0111\u1eb7t th\u1ef1c t\u1ebf M\u00e1y h\u00fat m\u00f9i Pramie AC17 700 Air<\/figcaption><\/figure>\n<figure id=\"attachment_14646\" aria-describedby=\"caption-attachment-14646\" style=\"width: 900px\" class=\"wp-caption alignnone\"><img loading=\"lazy\" decoding=\"async\" class=\"size-full wp-image-14646\" src=\"https:\/\/livinghome.vn\/thiet-bi\/wp-content\/uploads\/nha-bep\/pramie\/may-hut-mui\/may-hut-mui-pramie-ac17-700-air\/may-hut-mui-pramie-ac17-700-air-hinh-anh-thuc-te-3.jpg\" alt=\"H\u00ecnh \u1ea3nh l\u1eafp \u0111\u1eb7t th\u1ef1c t\u1ebf M\u00e1y h\u00fat m\u00f9i Pramie AC17 700 Air\" width=\"900\" height=\"900\" title=\"\" srcset=\"https:\/\/livinghome.vn\/thiet-bi\/wp-content\/uploads\/nha-bep\/pramie\/may-hut-mui\/may-hut-mui-pramie-ac17-700-air\/may-hut-mui-pramie-ac17-700-air-hinh-anh-thuc-te-3.jpg 900w, https:\/\/livinghome.vn\/thiet-bi\/wp-content\/uploads\/nha-bep\/pramie\/may-hut-mui\/may-hut-mui-pramie-ac17-700-air\/may-hut-mui-pramie-ac17-700-air-hinh-anh-thuc-te-3-300x300.jpg 300w, https:\/\/livinghome.vn\/thiet-bi\/wp-content\/uploads\/nha-bep\/pramie\/may-hut-mui\/may-hut-mui-pramie-ac17-700-air\/may-hut-mui-pramie-ac17-700-air-hinh-anh-thuc-te-3-100x100.jpg 100w, https:\/\/livinghome.vn\/thiet-bi\/wp-content\/uploads\/nha-bep\/pramie\/may-hut-mui\/may-hut-mui-pramie-ac17-700-air\/may-hut-mui-pramie-ac17-700-air-hinh-anh-thuc-te-3-600x600.jpg 600w, https:\/\/livinghome.vn\/thiet-bi\/wp-content\/uploads\/nha-bep\/pramie\/may-hut-mui\/may-hut-mui-pramie-ac17-700-air\/may-hut-mui-pramie-ac17-700-air-hinh-anh-thuc-te-3-400x400.jpg 400w, https:\/\/livinghome.vn\/thiet-bi\/wp-content\/uploads\/nha-bep\/pramie\/may-hut-mui\/may-hut-mui-pramie-ac17-700-air\/may-hut-mui-pramie-ac17-700-air-hinh-anh-thuc-te-3-800x800.jpg 800w, https:\/\/livinghome.vn\/thiet-bi\/wp-content\/uploads\/nha-bep\/pramie\/may-hut-mui\/may-hut-mui-pramie-ac17-700-air\/may-hut-mui-pramie-ac17-700-air-hinh-anh-thuc-te-3-280x280.jpg 280w, https:\/\/livinghome.vn\/thiet-bi\/wp-content\/uploads\/nha-bep\/pramie\/may-hut-mui\/may-hut-mui-pramie-ac17-700-air\/may-hut-mui-pramie-ac17-700-air-hinh-anh-thuc-te-3-768x768.jpg 768w\" sizes=\"auto, (max-width: 900px) 100vw, 900px\" \/><figcaption id=\"caption-attachment-14646\" class=\"wp-caption-text\">H\u00ecnh \u1ea3nh l\u1eafp \u0111\u1eb7t th\u1ef1c t\u1ebf M\u00e1y h\u00fat m\u00f9i Pramie AC17 700 Air<\/figcaption><\/figure>\n<figure id=\"attachment_14644\" aria-describedby=\"caption-attachment-14644\" style=\"width: 900px\" class=\"wp-caption alignnone\"><img loading=\"lazy\" decoding=\"async\" class=\"size-full wp-image-14644\" src=\"https:\/\/livinghome.vn\/thiet-bi\/wp-content\/uploads\/nha-bep\/pramie\/may-hut-mui\/may-hut-mui-pramie-ac17-700-air\/may-hut-mui-pramie-ac17-700-air-hinh-anh-thuc-te-2.jpg\" alt=\"H\u00ecnh \u1ea3nh l\u1eafp \u0111\u1eb7t th\u1ef1c t\u1ebf M\u00e1y h\u00fat m\u00f9i Pramie AC17 700 Air\" width=\"900\" height=\"900\" title=\"\" srcset=\"https:\/\/livinghome.vn\/thiet-bi\/wp-content\/uploads\/nha-bep\/pramie\/may-hut-mui\/may-hut-mui-pramie-ac17-700-air\/may-hut-mui-pramie-ac17-700-air-hinh-anh-thuc-te-2.jpg 900w, https:\/\/livinghome.vn\/thiet-bi\/wp-content\/uploads\/nha-bep\/pramie\/may-hut-mui\/may-hut-mui-pramie-ac17-700-air\/may-hut-mui-pramie-ac17-700-air-hinh-anh-thuc-te-2-300x300.jpg 300w, https:\/\/livinghome.vn\/thiet-bi\/wp-content\/uploads\/nha-bep\/pramie\/may-hut-mui\/may-hut-mui-pramie-ac17-700-air\/may-hut-mui-pramie-ac17-700-air-hinh-anh-thuc-te-2-100x100.jpg 100w, https:\/\/livinghome.vn\/thiet-bi\/wp-content\/uploads\/nha-bep\/pramie\/may-hut-mui\/may-hut-mui-pramie-ac17-700-air\/may-hut-mui-pramie-ac17-700-air-hinh-anh-thuc-te-2-600x600.jpg 600w, https:\/\/livinghome.vn\/thiet-bi\/wp-content\/uploads\/nha-bep\/pramie\/may-hut-mui\/may-hut-mui-pramie-ac17-700-air\/may-hut-mui-pramie-ac17-700-air-hinh-anh-thuc-te-2-400x400.jpg 400w, https:\/\/livinghome.vn\/thiet-bi\/wp-content\/uploads\/nha-bep\/pramie\/may-hut-mui\/may-hut-mui-pramie-ac17-700-air\/may-hut-mui-pramie-ac17-700-air-hinh-anh-thuc-te-2-800x800.jpg 800w, https:\/\/livinghome.vn\/thiet-bi\/wp-content\/uploads\/nha-bep\/pramie\/may-hut-mui\/may-hut-mui-pramie-ac17-700-air\/may-hut-mui-pramie-ac17-700-air-hinh-anh-thuc-te-2-280x280.jpg 280w, https:\/\/livinghome.vn\/thiet-bi\/wp-content\/uploads\/nha-bep\/pramie\/may-hut-mui\/may-hut-mui-pramie-ac17-700-air\/may-hut-mui-pramie-ac17-700-air-hinh-anh-thuc-te-2-768x768.jpg 768w\" sizes=\"auto, (max-width: 900px) 100vw, 900px\" \/><figcaption id=\"caption-attachment-14644\" class=\"wp-caption-text\">H\u00ecnh \u1ea3nh l\u1eafp \u0111\u1eb7t th\u1ef1c t\u1ebf M\u00e1y h\u00fat m\u00f9i Pramie AC17 700 Air<\/figcaption><\/figure>\n<div><\/div>\n","protected":false},"excerpt":{"rendered":"<p style=\"text-align: center;\">C\u00f4ng ngh\u1ec7 v\u1eaby tay kh\u00f4ng ch\u1ea1m Air Swiper<br \/>\n\u0110i\u1ec1u khi\u1ec3n c\u1ea3m \u1ee9ng Control Touch th\u00f4ng minh<br \/>\nH\u1ec7 th\u1ed1ng chi\u1ebfu s\u00e1ng 2 \u0111\u00e8n LED<br \/>\nPhin l\u1ecdc d\u1ec5 d\u00e0ng v\u1ec7 sinh<br \/>\nCh\u1ebf \u0111\u1ed9 kh\u1eed m\u00f9i tr\u1ef1c ti\u1ebfp ho\u1eb7c qua than ho\u1ea1t t\u00ednh<br \/>\nMotor turbo si\u00eau kh\u1ecfe<\/p>\n","protected":false},"featured_media":22491,"comment_status":"open","ping_status":"closed","template":"","meta":[],"product_brand":[],"product_cat":[84,89,593,585],"product_tag":[197,86,91,594,588],"class_list":{"0":"post-8012","1":"product","2":"type-product","3":"status-publish","4":"has-post-thumbnail","6":"product_cat-may-hut-mui","7":"product_cat-may-hut-mui-gan-tuong","8":"product_cat-may-hut-mui-pramie","9":"product_cat-thuong-hieu-pramie","10":"product_tag-may-hut-ap-tuong","11":"product_tag-may-hut-mui","12":"product_tag-may-hut-mui-ap-tuong","13":"product_tag-may-hut-mui-pramie","14":"product_tag-pramie","16":"first","17":"instock","18":"sale","19":"shipping-taxable","20":"purchasable","21":"product-type-simple"},"_links":{"self":[{"href":"https:\/\/livinghome.vn\/thiet-bi\/wp-json\/wp\/v2\/product\/8012","targetHints":{"allow":["GET"]}}],"collection":[{"href":"https:\/\/livinghome.vn\/thiet-bi\/wp-json\/wp\/v2\/product"}],"about":[{"href":"https:\/\/livinghome.vn\/thiet-bi\/wp-json\/wp\/v2\/types\/product"}],"replies":[{"embeddable":true,"href":"https:\/\/livinghome.vn\/thiet-bi\/wp-json\/wp\/v2\/comments?post=8012"}],"wp:featuredmedia":[{"embeddable":true,"href":"https:\/\/livinghome.vn\/thiet-bi\/wp-json\/wp\/v2\/media\/22491"}],"wp:attachment":[{"href":"https:\/\/livinghome.vn\/thiet-bi\/wp-json\/wp\/v2\/media?parent=8012"}],"wp:term":[{"taxonomy":"product_brand","embeddable":true,"href":"https:\/\/livinghome.vn\/thiet-bi\/wp-json\/wp\/v2\/product_brand?post=8012"},{"taxonomy":"product_cat","embeddable":true,"href":"https:\/\/livinghome.vn\/thiet-bi\/wp-json\/wp\/v2\/product_cat?post=8012"},{"taxonomy":"product_tag","embeddable":true,"href":"https:\/\/livinghome.vn\/thiet-bi\/wp-json\/wp\/v2\/product_tag?post=8012"}],"curies":[{"name":"wp","href":"https:\/\/api.w.org\/{rel}","templated":true}]}}