{"id":7996,"date":"2023-02-21T06:17:52","date_gmt":"2023-02-21T06:17:52","guid":{"rendered":"https:\/\/livinghome.vn\/thiet-bi\/?post_type=product&#038;p=7996"},"modified":"2024-11-29T14:19:16","modified_gmt":"2024-11-29T07:19:16","slug":"may-hut-mui-pramie-ac17-700","status":"publish","type":"product","link":"https:\/\/livinghome.vn\/thiet-bi\/may-hut-mui-pramie-ac17-700\/","title":{"rendered":"M\u00e1y h\u00fat m\u00f9i Pramie AC17 700 c\u1ea3m bi\u1ebfn hi\u1ec7n \u0111\u1ea1i"},"content":{"rendered":"<h3>M\u00e1y h\u00fat m\u00f9i Pramie AC17-700 thi\u1ebft k\u1ebf \u00e1p t\u01b0\u1eddng ki\u1ec3u k\u00ednh cong, t\u1ea1o \u0111i\u1ec3m nh\u1ea5n cho kh\u00f4ng gian b\u1ebfp, kh\u1edfi \u0111\u1ed9ng m\u00e1y, t\u0103ng gi\u1ea3m 3 t\u1ed1c \u0111\u1ed9 m\u00e0 kh\u00f4ng c\u1ea7n ch\u1ea1m tay<\/h3>\n<figure id=\"attachment_7988\" aria-describedby=\"caption-attachment-7988\" style=\"width: 900px\" class=\"wp-caption alignnone\"><img loading=\"lazy\" decoding=\"async\" class=\"wp-image-7988 size-full\" src=\"https:\/\/livinghome.vn\/thiet-bi\/wp-content\/uploads\/nha-bep\/pramie\/may-hut-mui\/may-hut-mui-pramie-ac17-700\/may-hut-mui-pramie-ac17-700-8.jpg\" alt=\"M\u00e1y h\u00fat m\u00f9i Pramie AC17 700\" width=\"900\" height=\"900\" title=\"\" srcset=\"https:\/\/livinghome.vn\/thiet-bi\/wp-content\/uploads\/nha-bep\/pramie\/may-hut-mui\/may-hut-mui-pramie-ac17-700\/may-hut-mui-pramie-ac17-700-8.jpg 900w, https:\/\/livinghome.vn\/thiet-bi\/wp-content\/uploads\/nha-bep\/pramie\/may-hut-mui\/may-hut-mui-pramie-ac17-700\/may-hut-mui-pramie-ac17-700-8-300x300.jpg 300w, https:\/\/livinghome.vn\/thiet-bi\/wp-content\/uploads\/nha-bep\/pramie\/may-hut-mui\/may-hut-mui-pramie-ac17-700\/may-hut-mui-pramie-ac17-700-8-100x100.jpg 100w, https:\/\/livinghome.vn\/thiet-bi\/wp-content\/uploads\/nha-bep\/pramie\/may-hut-mui\/may-hut-mui-pramie-ac17-700\/may-hut-mui-pramie-ac17-700-8-600x600.jpg 600w, https:\/\/livinghome.vn\/thiet-bi\/wp-content\/uploads\/nha-bep\/pramie\/may-hut-mui\/may-hut-mui-pramie-ac17-700\/may-hut-mui-pramie-ac17-700-8-400x400.jpg 400w, https:\/\/livinghome.vn\/thiet-bi\/wp-content\/uploads\/nha-bep\/pramie\/may-hut-mui\/may-hut-mui-pramie-ac17-700\/may-hut-mui-pramie-ac17-700-8-800x800.jpg 800w, https:\/\/livinghome.vn\/thiet-bi\/wp-content\/uploads\/nha-bep\/pramie\/may-hut-mui\/may-hut-mui-pramie-ac17-700\/may-hut-mui-pramie-ac17-700-8-280x280.jpg 280w, https:\/\/livinghome.vn\/thiet-bi\/wp-content\/uploads\/nha-bep\/pramie\/may-hut-mui\/may-hut-mui-pramie-ac17-700\/may-hut-mui-pramie-ac17-700-8-768x768.jpg 768w\" sizes=\"auto, (max-width: 900px) 100vw, 900px\" \/><figcaption id=\"caption-attachment-7988\" class=\"wp-caption-text\">M\u00e1y h\u00fat m\u00f9i Pramie AC17 700<\/figcaption><\/figure>\n<p><strong>M\u00e1y h\u00fat m\u00f9i Pramie \u0111i\u1ec1u khi\u1ec3n d\u1ec5 d\u00e0ng b\u1eb1ng b\u1ea3ng \u0111i\u1ec1u khi\u1ec3n c\u1ea3m \u1ee9ng t\u00edch h\u1ee3p c\u1ea3m bi\u1ebfn chuy\u1ec3n \u0111\u1ed9ng Air Gesture<\/strong>.<\/p>\n<p>Ch\u1ec9 c\u1ea7n m\u1ed9t c\u00e1i vu\u1ed1t tay nh\u1eb9 nh\u00e0ng sang ph\u1ea3i l\u00e0 b\u1ea1n c\u00f3 th\u1ec3 kh\u1edfi \u0111\u1ed9ng hay t\u1eaft m\u00e1y nhanh ch\u00f3ng m\u00e0 kh\u00f4ng ph\u1ea3i ng\u1ea1i tay \u0111ang \u01b0\u1edbt ho\u1eb7c d\u00ednh d\u1ea7u m\u1ee1.<\/p>\n<p>\u0110\u01b0\u1ee3c trang b\u1ecb t\u00ednh n\u0103ng h\u1eb9n gi\u1edd l\u00ean \u0111\u1ebfn 30 ph\u00fat cho ph\u00e9p ng\u01b0\u1eddi d\u00f9ng l\u00e0m c\u00f4ng vi\u1ec7c kh\u00e1c m\u00e0 kh\u00f4ng c\u1ea7n canh ch\u1eebng th\u1eddi gian t\u1eaft b\u1ebfp.<\/p>\n<figure id=\"attachment_7986\" aria-describedby=\"caption-attachment-7986\" style=\"width: 900px\" class=\"wp-caption alignnone\"><img loading=\"lazy\" decoding=\"async\" class=\"size-full wp-image-7986\" src=\"https:\/\/livinghome.vn\/thiet-bi\/wp-content\/uploads\/nha-bep\/pramie\/may-hut-mui\/may-hut-mui-pramie-ac17-700\/may-hut-mui-pramie-ac17-700-6.jpg\" alt=\"M\u00e1y h\u00fat m\u00f9i Pramie AC17 700\" width=\"900\" height=\"900\" title=\"\" srcset=\"https:\/\/livinghome.vn\/thiet-bi\/wp-content\/uploads\/nha-bep\/pramie\/may-hut-mui\/may-hut-mui-pramie-ac17-700\/may-hut-mui-pramie-ac17-700-6.jpg 900w, https:\/\/livinghome.vn\/thiet-bi\/wp-content\/uploads\/nha-bep\/pramie\/may-hut-mui\/may-hut-mui-pramie-ac17-700\/may-hut-mui-pramie-ac17-700-6-300x300.jpg 300w, https:\/\/livinghome.vn\/thiet-bi\/wp-content\/uploads\/nha-bep\/pramie\/may-hut-mui\/may-hut-mui-pramie-ac17-700\/may-hut-mui-pramie-ac17-700-6-100x100.jpg 100w, https:\/\/livinghome.vn\/thiet-bi\/wp-content\/uploads\/nha-bep\/pramie\/may-hut-mui\/may-hut-mui-pramie-ac17-700\/may-hut-mui-pramie-ac17-700-6-600x600.jpg 600w, https:\/\/livinghome.vn\/thiet-bi\/wp-content\/uploads\/nha-bep\/pramie\/may-hut-mui\/may-hut-mui-pramie-ac17-700\/may-hut-mui-pramie-ac17-700-6-400x400.jpg 400w, https:\/\/livinghome.vn\/thiet-bi\/wp-content\/uploads\/nha-bep\/pramie\/may-hut-mui\/may-hut-mui-pramie-ac17-700\/may-hut-mui-pramie-ac17-700-6-800x800.jpg 800w, https:\/\/livinghome.vn\/thiet-bi\/wp-content\/uploads\/nha-bep\/pramie\/may-hut-mui\/may-hut-mui-pramie-ac17-700\/may-hut-mui-pramie-ac17-700-6-280x280.jpg 280w, https:\/\/livinghome.vn\/thiet-bi\/wp-content\/uploads\/nha-bep\/pramie\/may-hut-mui\/may-hut-mui-pramie-ac17-700\/may-hut-mui-pramie-ac17-700-6-768x768.jpg 768w\" sizes=\"auto, (max-width: 900px) 100vw, 900px\" \/><figcaption id=\"caption-attachment-7986\" class=\"wp-caption-text\">M\u00e1y h\u00fat m\u00f9i Pramie AC17 700<\/figcaption><\/figure>\n<p><strong>Thi\u1ebft k\u1ebf \u00e1p t\u01b0\u1eddng theo ki\u1ec3u k\u00ednh cong hi\u1ec7n \u0111\u1ea1i, c\u00f3 \u0111\u1ed9 th\u1ea9m m\u1ef9 cao t\u1ea1o \u0111i\u1ec3m nh\u1ea5n cho kh\u00f4ng gian b\u1ebfp.<\/strong><\/p>\n<p>V\u1ecf ngo\u00e0i \u0111\u1ec1u b\u1eb1ng inox c\u00f3 \u0111\u1ed9 b\u1ec1n t\u1ed1t, h\u1ea1n ch\u1ebf b\u00e1m b\u1ea9n v\u00e0 d\u1ec5 d\u00e0ng v\u1ec7 sinh.<\/p>\n<p>M\u00e1y h\u00fat m\u00f9i c\u00f3 chi\u1ec1u ngang 70.5 cm d\u1ec5 l\u1eafp \u0111\u1eb7t t\u01b0\u01a1ng th\u00edch c\u00f9ng v\u1edbi nh\u1eefng m\u1eabu b\u1ebfp \u0111i\u1ec7n, b\u1ebfp ga ph\u1ed5 bi\u1ebfn tr\u00ean th\u1ecb tr\u01b0\u1eddng hi\u1ec7n nay.<\/p>\n<figure id=\"attachment_7983\" aria-describedby=\"caption-attachment-7983\" style=\"width: 900px\" class=\"wp-caption alignnone\"><img loading=\"lazy\" decoding=\"async\" class=\"size-full wp-image-7983\" src=\"https:\/\/livinghome.vn\/thiet-bi\/wp-content\/uploads\/nha-bep\/pramie\/may-hut-mui\/may-hut-mui-pramie-ac17-700\/may-hut-mui-pramie-ac17-700-4.jpg\" alt=\"M\u00e1y h\u00fat m\u00f9i Pramie AC17 700\" width=\"900\" height=\"900\" title=\"\" srcset=\"https:\/\/livinghome.vn\/thiet-bi\/wp-content\/uploads\/nha-bep\/pramie\/may-hut-mui\/may-hut-mui-pramie-ac17-700\/may-hut-mui-pramie-ac17-700-4.jpg 900w, https:\/\/livinghome.vn\/thiet-bi\/wp-content\/uploads\/nha-bep\/pramie\/may-hut-mui\/may-hut-mui-pramie-ac17-700\/may-hut-mui-pramie-ac17-700-4-300x300.jpg 300w, https:\/\/livinghome.vn\/thiet-bi\/wp-content\/uploads\/nha-bep\/pramie\/may-hut-mui\/may-hut-mui-pramie-ac17-700\/may-hut-mui-pramie-ac17-700-4-100x100.jpg 100w, https:\/\/livinghome.vn\/thiet-bi\/wp-content\/uploads\/nha-bep\/pramie\/may-hut-mui\/may-hut-mui-pramie-ac17-700\/may-hut-mui-pramie-ac17-700-4-600x600.jpg 600w, https:\/\/livinghome.vn\/thiet-bi\/wp-content\/uploads\/nha-bep\/pramie\/may-hut-mui\/may-hut-mui-pramie-ac17-700\/may-hut-mui-pramie-ac17-700-4-400x400.jpg 400w, https:\/\/livinghome.vn\/thiet-bi\/wp-content\/uploads\/nha-bep\/pramie\/may-hut-mui\/may-hut-mui-pramie-ac17-700\/may-hut-mui-pramie-ac17-700-4-800x800.jpg 800w, https:\/\/livinghome.vn\/thiet-bi\/wp-content\/uploads\/nha-bep\/pramie\/may-hut-mui\/may-hut-mui-pramie-ac17-700\/may-hut-mui-pramie-ac17-700-4-280x280.jpg 280w, https:\/\/livinghome.vn\/thiet-bi\/wp-content\/uploads\/nha-bep\/pramie\/may-hut-mui\/may-hut-mui-pramie-ac17-700\/may-hut-mui-pramie-ac17-700-4-768x768.jpg 768w\" sizes=\"auto, (max-width: 900px) 100vw, 900px\" \/><figcaption id=\"caption-attachment-7983\" class=\"wp-caption-text\">M\u00e1y h\u00fat m\u00f9i Pramie AC17 700<\/figcaption><\/figure>\n<p><strong>\u0110\u1ed3 \u1ed3n t\u1ed1i \u0111a khi m\u00e1y ho\u1ea1t \u0111\u1ed9ng lu\u00f4n nh\u1ecf h\u01a1n 48db, \u0111\u1ea3m b\u1ea3o kh\u00f4ng t\u1ea1o \u00e2m thanh kh\u00f3 ch\u1ecbu ng\u01b0\u1eddi d\u00f9ng.<\/strong><\/p>\n<p>T\u00f9y v\u00e0o ch\u1ebf \u0111\u1ed9 b\u1eadt c\u1ee7a qu\u1ea1t h\u00fat m\u00e0 m\u00e1y t\u1ea1o ra \u0111\u1ed9 \u1ed3n \u1edf c\u00e1c m\u1ee9c kh\u00e1c nhau, nh\u01b0ng d\u00f9 \u1edf m\u1ee9c n\u00e0o th\u00ec \u00e2m thanh c\u0169ng \u00eam \u00e1i, kh\u00f4ng t\u1ea1o c\u1ea3m gi\u00e1c kh\u00f3 ch\u1ecbu.<\/p>\n<figure id=\"attachment_7982\" aria-describedby=\"caption-attachment-7982\" style=\"width: 900px\" class=\"wp-caption alignnone\"><img loading=\"lazy\" decoding=\"async\" class=\"size-full wp-image-7982\" src=\"https:\/\/livinghome.vn\/thiet-bi\/wp-content\/uploads\/nha-bep\/pramie\/may-hut-mui\/may-hut-mui-pramie-ac17-700\/may-hut-mui-pramie-ac17-700-7.jpg\" alt=\"M\u00e1y h\u00fat m\u00f9i Pramie AC17 700\" width=\"900\" height=\"900\" title=\"\" srcset=\"https:\/\/livinghome.vn\/thiet-bi\/wp-content\/uploads\/nha-bep\/pramie\/may-hut-mui\/may-hut-mui-pramie-ac17-700\/may-hut-mui-pramie-ac17-700-7.jpg 900w, https:\/\/livinghome.vn\/thiet-bi\/wp-content\/uploads\/nha-bep\/pramie\/may-hut-mui\/may-hut-mui-pramie-ac17-700\/may-hut-mui-pramie-ac17-700-7-300x300.jpg 300w, https:\/\/livinghome.vn\/thiet-bi\/wp-content\/uploads\/nha-bep\/pramie\/may-hut-mui\/may-hut-mui-pramie-ac17-700\/may-hut-mui-pramie-ac17-700-7-100x100.jpg 100w, https:\/\/livinghome.vn\/thiet-bi\/wp-content\/uploads\/nha-bep\/pramie\/may-hut-mui\/may-hut-mui-pramie-ac17-700\/may-hut-mui-pramie-ac17-700-7-600x600.jpg 600w, https:\/\/livinghome.vn\/thiet-bi\/wp-content\/uploads\/nha-bep\/pramie\/may-hut-mui\/may-hut-mui-pramie-ac17-700\/may-hut-mui-pramie-ac17-700-7-400x400.jpg 400w, https:\/\/livinghome.vn\/thiet-bi\/wp-content\/uploads\/nha-bep\/pramie\/may-hut-mui\/may-hut-mui-pramie-ac17-700\/may-hut-mui-pramie-ac17-700-7-800x800.jpg 800w, https:\/\/livinghome.vn\/thiet-bi\/wp-content\/uploads\/nha-bep\/pramie\/may-hut-mui\/may-hut-mui-pramie-ac17-700\/may-hut-mui-pramie-ac17-700-7-280x280.jpg 280w, https:\/\/livinghome.vn\/thiet-bi\/wp-content\/uploads\/nha-bep\/pramie\/may-hut-mui\/may-hut-mui-pramie-ac17-700\/may-hut-mui-pramie-ac17-700-7-768x768.jpg 768w\" sizes=\"auto, (max-width: 900px) 100vw, 900px\" \/><figcaption id=\"caption-attachment-7982\" class=\"wp-caption-text\">M\u00e1y h\u00fat m\u00f9i Pramie AC17 700<\/figcaption><\/figure>\n<h3>T\u00ednh n\u0103ng c\u01a1 b\u1ea3n<\/h3>\n<ul>\n<li><a href=\"https:\/\/livinghome.vn\/thiet-bi\/may-hut-mui\/\">M\u00e1y h\u00fat kh\u00f3i kh\u1eed m\u00f9i<\/a> \u2013 kh\u1eed m\u00f9i \u00e1p t\u01b0\u1eddng<\/li>\n<li>C\u00f4ng su\u1ea5t h\u00fat: 1100 m3\/gi\u1edd<\/li>\n<li>S\u1ed1 qu\u1ea1t h\u00fat: \u0110\u1ed9ng c\u01a1 \u0111\u01a1n tua bin \u0111\u00f4i<\/li>\n<li>T\u1ed1c \u0111\u1ed9 h\u00fat: 3 t\u1ed1c \u0111\u1ed9<\/li>\n<li>C\u00f4ng su\u1ea5t ho\u1ea1t \u0111\u1ed9ng: 180W<\/li>\n<li>\u0110\u1ed9 \u1ed3n t\u1ed1i \u0111a: 48 dB<\/li>\n<li>\u0110\u00e8n chi\u1ebfu s\u00e1ng: 2 \u0111\u00e8n Led<\/li>\n<li>Ch\u1ea5t li\u1ec7u l\u01b0\u1edbi l\u1ecdc: Inox &amp; Nh\u00f4m + Than ho\u1ea1t t\u00ednh<\/li>\n<li>B\u1ea3ng \u0111i\u1ec1u khi\u1ec3n: C\u1ea3m \u1ee9ng c\u00f3 m\u00e0n h\u00ecnh hi\u1ec3n th\u1ecb<\/li>\n<li>\u0110\u01b0\u1eddng k\u00ednh \u1ed1ng tho\u00e1t kh\u00ed: 15 cm<\/li>\n<li>K\u00edch th\u01b0\u1edbc, kh\u1ed1i l\u01b0\u1ee3ng: Ngang 70.5 cm \u2013 Cao 56 cm \u2013 S\u00e2u 50 cm \u2013 N\u1eb7ng 18.7 kg<\/li>\n<\/ul>\n<h3>Th\u00f4ng s\u1ed1 k\u1ef9 thu\u1eadt<\/h3>\n<ul>\n<li>Thi\u1ebft k\u1ebf \u00e1p t\u01b0\u1eddng ki\u1ec3u k\u00ednh cong, t\u1ea1o \u0111i\u1ec3m nh\u1ea5n cho kh\u00f4ng gian b\u1ebfp<\/li>\n<li>Kh\u1edfi \u0111\u1ed9ng m\u00e1y, t\u0103ng gi\u1ea3m 3 t\u1ed1c \u0111\u1ed9 m\u00e0 kh\u00f4ng c\u1ea7n ch\u1ea1m tay.<\/li>\n<li>C\u1ea3m bi\u1ebfn v\u1eaby tay nh\u1eb9 sang ph\u1ea3i th\u1ef1c hi\u1ec7n t\u1eaft \u2013 m\u1edf, t\u0103ng gi\u1ea3m t\u1ed1c \u0111\u1ed9 d\u00f9 tay d\u00ednh \u0111\u1ea7y d\u1ea7u m\u1ee1.<\/li>\n<li>\u0110i\u1ec1u khi\u1ec3n c\u1ea3m \u1ee9ng c\u00f3 m\u00e0n h\u00ecnh hi\u1ec3n th\u1ecb d\u1ec5 d\u00e0ng thao t\u00e1c ch\u1ec9 v\u1edbi c\u00e1i ch\u1ea1m nh\u1eb9<\/li>\n<li>C\u00f4ng su\u1ea5t h\u00fat 1100m3\/h gi\u00fap h\u00fat m\u00f9i nhanh ch\u00f3ng<\/li>\n<li>Ch\u1ee9c n\u0103ng h\u1eb9n gi\u1edd l\u00ean \u0111\u1ebfn 3 ph\u00fat<\/li>\n<li>\u0110\u1ed9ng c\u01a1 Motor Turbo Boostec si\u00eau kh\u1ecfe<\/li>\n<li>V\u1eadn h\u00e0nh \u00eam \u00e1i v\u1edbi \u0111\u1ed9 \u1ed3n &lt;48dB<\/li>\n<li>H\u00fat kh\u1eed m\u00f9i linh ho\u1ea1t qua \u1ed1ng kh\u00f3i ho\u1eb7c b\u1ed9 l\u1ecdc than ho\u1ea1t t\u00ednh t\u00edch h\u1ee3p cho hi\u1ec7u qu\u1ea3 kh\u1eed m\u00f9i t\u1ed1i \u01b0u<\/li>\n<li>L\u01b0\u1edbi l\u1ecdc d\u1ea7u m\u1ee1 b\u1eb1ng nh\u00f4m b\u1ec1n ch\u1eafc d\u1ec5 th\u00e1o l\u1eafp v\u00e0 v\u1ec7 sinh khi c\u1ea7n<\/li>\n<li>C\u00f3 th\u1ec3 t\u1eaft v\u00e0 m\u1edf ch\u1ebf \u0111\u1ed9 v\u1eaby tay\/ c\u1ea3m \u1ee9ng<\/li>\n<li>\u0110\u00e8n Led chi\u1ebfu s\u00e1ng h\u1ed7 tr\u1ee3 cung c\u1ea5p \u00e1nh s\u00e1ng khi n\u1ea5u \u0103n<\/li>\n<li>K\u00edch th\u01b0\u1edbc chi\u1ec1u ngang 70cm d\u1ec5 l\u1eafp \u0111\u1eb7t v\u1edbi c\u00e1c lo\u1ea1i b\u1ebfp \u0111\u00f4i ph\u1ed5 bi\u1ebfn tr\u00ean th\u1ecb tr\u01b0\u1eddng<\/li>\n<\/ul>\n<figure id=\"attachment_7987\" aria-describedby=\"caption-attachment-7987\" style=\"width: 900px\" class=\"wp-caption alignnone\"><img loading=\"lazy\" decoding=\"async\" class=\"wp-image-7987 size-full\" src=\"https:\/\/livinghome.vn\/thiet-bi\/wp-content\/uploads\/nha-bep\/pramie\/may-hut-mui\/may-hut-mui-pramie-ac17-700\/may-hut-mui-pramie-ac17-700-5.jpg\" alt=\"M\u00e1y h\u00fat m\u00f9i Pramie AC17 700\" width=\"900\" height=\"900\" title=\"\" srcset=\"https:\/\/livinghome.vn\/thiet-bi\/wp-content\/uploads\/nha-bep\/pramie\/may-hut-mui\/may-hut-mui-pramie-ac17-700\/may-hut-mui-pramie-ac17-700-5.jpg 900w, https:\/\/livinghome.vn\/thiet-bi\/wp-content\/uploads\/nha-bep\/pramie\/may-hut-mui\/may-hut-mui-pramie-ac17-700\/may-hut-mui-pramie-ac17-700-5-300x300.jpg 300w, https:\/\/livinghome.vn\/thiet-bi\/wp-content\/uploads\/nha-bep\/pramie\/may-hut-mui\/may-hut-mui-pramie-ac17-700\/may-hut-mui-pramie-ac17-700-5-100x100.jpg 100w, https:\/\/livinghome.vn\/thiet-bi\/wp-content\/uploads\/nha-bep\/pramie\/may-hut-mui\/may-hut-mui-pramie-ac17-700\/may-hut-mui-pramie-ac17-700-5-600x600.jpg 600w, https:\/\/livinghome.vn\/thiet-bi\/wp-content\/uploads\/nha-bep\/pramie\/may-hut-mui\/may-hut-mui-pramie-ac17-700\/may-hut-mui-pramie-ac17-700-5-400x400.jpg 400w, https:\/\/livinghome.vn\/thiet-bi\/wp-content\/uploads\/nha-bep\/pramie\/may-hut-mui\/may-hut-mui-pramie-ac17-700\/may-hut-mui-pramie-ac17-700-5-800x800.jpg 800w, https:\/\/livinghome.vn\/thiet-bi\/wp-content\/uploads\/nha-bep\/pramie\/may-hut-mui\/may-hut-mui-pramie-ac17-700\/may-hut-mui-pramie-ac17-700-5-280x280.jpg 280w, https:\/\/livinghome.vn\/thiet-bi\/wp-content\/uploads\/nha-bep\/pramie\/may-hut-mui\/may-hut-mui-pramie-ac17-700\/may-hut-mui-pramie-ac17-700-5-768x768.jpg 768w\" sizes=\"auto, (max-width: 900px) 100vw, 900px\" \/><figcaption id=\"caption-attachment-7987\" class=\"wp-caption-text\">M\u00e1y h\u00fat m\u00f9i Pramie AC17 700<\/figcaption><\/figure>\n<p>M\u00e1y h\u00fat m\u00f9i AC17-700 v\u1edbi thi\u1ebft k\u1ebf ph\u00f9 h\u1ee3p v\u1edbi kh\u00f4ng gian b\u1ebfp, \u0111i\u1ec1u khi\u1ec3n d\u1ec5 d\u00e0ng v\u1edbi nhi\u1ec1u t\u00ednh n\u0103ng n\u1ed5i b\u1eadt s\u1ebd gi\u00fap gi\u1eef kh\u00f4ng gian b\u1ebfp gia \u0111\u00ecnh lu\u00f4n s\u1ea1ch s\u1ebd, tho\u00e1ng m\u00e1t.<\/p>\n<h3>Xu\u1ea5t x\u1ee9: Th\u00e1i Lan<\/h3>\n<div><\/div>\n","protected":false},"excerpt":{"rendered":"<p style=\"text-align: center;\">C\u00f4ng ngh\u1ec7 v\u1eaby tay kh\u00f4ng ch\u1ea1m Air Swiper<br \/>\n\u0110i\u1ec1u khi\u1ec3n c\u1ea3m \u1ee9ng Control Touch th\u00f4ng minh<br \/>\nH\u1ec7 th\u1ed1ng chi\u1ebfu s\u00e1ng 2 \u0111\u00e8n LED<br \/>\nPhin l\u1ecdc d\u1ec5 d\u00e0ng v\u1ec7 sinh<br \/>\nCh\u1ebf \u0111\u1ed9 kh\u1eed m\u00f9i tr\u1ef1c ti\u1ebfp ho\u1eb7c qua than ho\u1ea1t t\u00ednh<br \/>\nMotor turbo si\u00eau kh\u1ecfe<\/p>\n","protected":false},"featured_media":22468,"comment_status":"open","ping_status":"closed","template":"","meta":[],"product_brand":[],"product_cat":[84,89,593,585],"product_tag":[197,86,91,594,588],"class_list":{"0":"post-7996","1":"product","2":"type-product","3":"status-publish","4":"has-post-thumbnail","6":"product_cat-may-hut-mui","7":"product_cat-may-hut-mui-gan-tuong","8":"product_cat-may-hut-mui-pramie","9":"product_cat-thuong-hieu-pramie","10":"product_tag-may-hut-ap-tuong","11":"product_tag-may-hut-mui","12":"product_tag-may-hut-mui-ap-tuong","13":"product_tag-may-hut-mui-pramie","14":"product_tag-pramie","16":"first","17":"instock","18":"sale","19":"shipping-taxable","20":"purchasable","21":"product-type-simple"},"_links":{"self":[{"href":"https:\/\/livinghome.vn\/thiet-bi\/wp-json\/wp\/v2\/product\/7996","targetHints":{"allow":["GET"]}}],"collection":[{"href":"https:\/\/livinghome.vn\/thiet-bi\/wp-json\/wp\/v2\/product"}],"about":[{"href":"https:\/\/livinghome.vn\/thiet-bi\/wp-json\/wp\/v2\/types\/product"}],"replies":[{"embeddable":true,"href":"https:\/\/livinghome.vn\/thiet-bi\/wp-json\/wp\/v2\/comments?post=7996"}],"wp:featuredmedia":[{"embeddable":true,"href":"https:\/\/livinghome.vn\/thiet-bi\/wp-json\/wp\/v2\/media\/22468"}],"wp:attachment":[{"href":"https:\/\/livinghome.vn\/thiet-bi\/wp-json\/wp\/v2\/media?parent=7996"}],"wp:term":[{"taxonomy":"product_brand","embeddable":true,"href":"https:\/\/livinghome.vn\/thiet-bi\/wp-json\/wp\/v2\/product_brand?post=7996"},{"taxonomy":"product_cat","embeddable":true,"href":"https:\/\/livinghome.vn\/thiet-bi\/wp-json\/wp\/v2\/product_cat?post=7996"},{"taxonomy":"product_tag","embeddable":true,"href":"https:\/\/livinghome.vn\/thiet-bi\/wp-json\/wp\/v2\/product_tag?post=7996"}],"curies":[{"name":"wp","href":"https:\/\/api.w.org\/{rel}","templated":true}]}}