{"id":7976,"date":"2023-02-21T04:18:26","date_gmt":"2023-02-21T04:18:26","guid":{"rendered":"https:\/\/livinghome.vn\/thiet-bi\/?post_type=product&#038;p=7976"},"modified":"2024-11-29T14:19:16","modified_gmt":"2024-11-29T07:19:16","slug":"may-hut-mui-pramie-tt32-700","status":"publish","type":"product","link":"https:\/\/livinghome.vn\/thiet-bi\/may-hut-mui-pramie-tt32-700\/","title":{"rendered":"M\u00e1y h\u00fat m\u00f9i Pramie TT32 700 ti\u1ec7n \u00edch hi\u1ec7n \u0111\u1ea1i"},"content":{"rendered":"<h3>M\u00e1y h\u00fat m\u00f9i Pramie TT 32- 700 c\u00f3 ki\u1ec3u d\u00e1ng k\u00ednh th\u1eb3ng r\u1ea5t ph\u00f9 h\u1ee3p cho c\u00e1c kh\u00f4ng gian nh\u00e0 b\u1ebfp hi\u1ec7n \u0111\u1ea1i, l\u00e0m cho c\u0103n b\u1ebfp tr\u1edf n\u00ean ho\u00e0n h\u1ea3o v\u00e0 v\u00f4 c\u00f9ng sang tr\u1ecdng<\/h3>\n<figure id=\"attachment_7977\" aria-describedby=\"caption-attachment-7977\" style=\"width: 900px\" class=\"wp-caption alignnone\"><img loading=\"lazy\" decoding=\"async\" class=\"wp-image-7977 size-full\" src=\"https:\/\/livinghome.vn\/thiet-bi\/wp-content\/uploads\/nha-bep\/pramie\/may-hut-mui\/may-hut-mui-pramie-tt32-700-air\/may-hut-mui-pramie-tt32-700-air-3.jpg\" alt=\"M\u00e1y h\u00fat m\u00f9i Pramie TT32 700\" width=\"900\" height=\"900\" title=\"\" srcset=\"https:\/\/livinghome.vn\/thiet-bi\/wp-content\/uploads\/nha-bep\/pramie\/may-hut-mui\/may-hut-mui-pramie-tt32-700-air\/may-hut-mui-pramie-tt32-700-air-3.jpg 900w, https:\/\/livinghome.vn\/thiet-bi\/wp-content\/uploads\/nha-bep\/pramie\/may-hut-mui\/may-hut-mui-pramie-tt32-700-air\/may-hut-mui-pramie-tt32-700-air-3-300x300.jpg 300w, https:\/\/livinghome.vn\/thiet-bi\/wp-content\/uploads\/nha-bep\/pramie\/may-hut-mui\/may-hut-mui-pramie-tt32-700-air\/may-hut-mui-pramie-tt32-700-air-3-100x100.jpg 100w, https:\/\/livinghome.vn\/thiet-bi\/wp-content\/uploads\/nha-bep\/pramie\/may-hut-mui\/may-hut-mui-pramie-tt32-700-air\/may-hut-mui-pramie-tt32-700-air-3-600x600.jpg 600w, https:\/\/livinghome.vn\/thiet-bi\/wp-content\/uploads\/nha-bep\/pramie\/may-hut-mui\/may-hut-mui-pramie-tt32-700-air\/may-hut-mui-pramie-tt32-700-air-3-400x400.jpg 400w, https:\/\/livinghome.vn\/thiet-bi\/wp-content\/uploads\/nha-bep\/pramie\/may-hut-mui\/may-hut-mui-pramie-tt32-700-air\/may-hut-mui-pramie-tt32-700-air-3-800x800.jpg 800w, https:\/\/livinghome.vn\/thiet-bi\/wp-content\/uploads\/nha-bep\/pramie\/may-hut-mui\/may-hut-mui-pramie-tt32-700-air\/may-hut-mui-pramie-tt32-700-air-3-280x280.jpg 280w, https:\/\/livinghome.vn\/thiet-bi\/wp-content\/uploads\/nha-bep\/pramie\/may-hut-mui\/may-hut-mui-pramie-tt32-700-air\/may-hut-mui-pramie-tt32-700-air-3-768x768.jpg 768w\" sizes=\"auto, (max-width: 900px) 100vw, 900px\" \/><figcaption id=\"caption-attachment-7977\" class=\"wp-caption-text\">M\u00e1y h\u00fat m\u00f9i Pramie TT32 700<\/figcaption><\/figure>\n<p><strong>M\u00e1y h\u00fat m\u00f9i Pramie TT32-700 t\u00edch h\u1ee3p c\u1ea3m bi\u1ebfn chuy\u1ec3n \u0111\u1ed9ng Air Gesture th\u00f4ng minh, \u0111i\u1ec1u khi\u1ec3n kh\u00f4ng c\u1ea7n ch\u1ea1m.<\/strong><br \/>\nCh\u1ec9 c\u1ea7n v\u1eaby tay nh\u1eb9 nh\u00e0ng qua b\u1ea3ng \u0111i\u1ec1u khi\u1ec3n (sang ph\u1ea3i ho\u1eb7c tr\u00e1i) \u0111\u1ec3 thao t\u00e1c kh\u1edfi \u0111\u1ed9ng\/t\u1eaft m\u00e1y nhanh ch\u00f3ng m\u00e0 kh\u00f4ng c\u1ea7n ch\u1ea1m v\u00e0o m\u00e0n h\u00ecnh \u0111i\u1ec1u khi\u1ec3n c\u1ee7a thi\u1ebft b\u1ecb, v\u1eeba ti\u1ec7n d\u1ee5ng, v\u1eeba \u0111\u1ea3m b\u1ea3o tr\u00e1nh \u0111\u01b0\u1ee3c d\u1ea7u m\u1ee1 d\u00ednh l\u00ean b\u1ea3ng \u0111i\u1ec1u khi\u1ec3n do ph\u1ea3i thao t\u00e1c \u0111i\u1ec1u ch\u1ec9nh khi n\u1ea5u n\u01b0\u1edbng. Thao t\u00e1c t\u01b0\u01a1ng t\u1ef1 \u0111\u1ec3 t\u0103ng ho\u1eb7c gi\u1ea3m t\u1ed1c \u0111\u1ed9 h\u00fat c\u1ee7a m\u00e1y h\u00fat m\u00f9i.<\/p>\n<p><strong>M\u00e1y thi\u1ebft k\u1ebf d\u00e1ng h\u00ecnh ch\u1eef T hi\u1ec7n \u0111\u1ea1i, d\u1ec5 l\u1eafp \u0111\u1eb7t \u00e1p t\u01b0\u1eddng, chi\u1ec1u ngang 90 cm ph\u00f9 h\u1ee3p cho di\u1ec7n t\u00edch b\u1ebfp v\u1eeba v\u00e0 r\u1ed9ng.<\/strong><br \/>\nTi\u1ec7n \u0111\u1ec3 l\u1eafp \u0111\u1eb7t cho c\u00e1c khu chung c\u01b0, nh\u00e0 \u1edf, bi\u1ec7t th\u1ef1 cao c\u1ea5p c\u00f3 c\u0103n b\u1ebfp v\u1edbi di\u1ec7n t\u00edch r\u1ed9ng r\u00e3i, kh\u00f4ng b\u1ecb gi\u1edbi h\u1ea1n v\u1ec1 chi\u1ec1u ngang.<\/p>\n<p><strong>\u0110i\u1ec1u khi\u1ec3n c\u1ea3m \u1ee9ng nh\u1ea1y b\u00e9n, c\u00f3 m\u00e0n h\u00ecnh hi\u1ec3n th\u1ecb, 3 t\u1ed1c \u0111\u1ed9 qu\u1ea1t h\u00fat t\u00f9y ch\u1ecdn.<\/strong><br \/>\nNg\u01b0\u1eddi d\u00f9ng c\u00f3 th\u1ec3 thao t\u00e1c tr\u1ef1c ti\u1ebfp tr\u00ean b\u1ea3ng \u0111i\u1ec1u khi\u1ec3n c\u1ea3m \u1ee9ng \u0111\u1ec3 t\u0103ng gi\u1ea3m t\u00f9y \u00fd v\u00e0 thay \u0111\u1ed5i c\u00e1c c\u00e0i \u0111\u1eb7t thi\u1ebft l\u1eadp cho m\u00e1y.<\/p>\n<h3>T\u00ednh n\u0103ng c\u01a1 b\u1ea3n<\/h3>\n<ul>\n<li><a href=\"https:\/\/livinghome.vn\/thiet-bi\/may-hut-mui\/\">M\u00e1y h\u00fat kh\u00f3i kh\u1eed m\u00f9i<\/a> \u2013 kh\u1eed m\u00f9i \u00e1p t\u01b0\u1eddng<\/li>\n<li>Thi\u1ebft k\u1ebf d\u00e1ng h\u00ecnh ch\u1eef T d\u1ec5 l\u1eafp \u0111\u1eb7t \u00e1p t\u01b0\u1eddng ph\u00f9 h\u1ee3p cho di\u1ec7n t\u00edch b\u1ebfp v\u1eeba v\u00e0 r\u1ed9ng.<\/li>\n<li>Kh\u1edfi \u0111\u1ed9ng m\u00e1y, t\u0103ng gi\u1ea3m 3 t\u1ed1c \u0111\u1ed9 m\u00e0 kh\u00f4ng c\u1ea7n ch\u1ea1m tay.<\/li>\n<li>C\u1ea3m bi\u1ebfn v\u1eaby tay nh\u1eb9 sang ph\u1ea3i th\u1ef1c hi\u1ec7n t\u1eaft \u2013 m\u1edf, t\u0103ng gi\u1ea3m t\u1ed1c \u0111\u1ed9 d\u00f9 tay d\u00ednh \u0111\u1ea7y d\u1ea7u m\u1ee1.<\/li>\n<li>\u0110i\u1ec1u khi\u1ec3n c\u1ea3m \u1ee9ng nh\u1ea1y b\u00e9n, c\u00f3 m\u00e0n h\u00ecnh Led hi\u1ec3n th\u1ecb ti\u1ec7n d\u1ee5ng.<\/li>\n<li>C\u00f3 th\u1ec3 t\u1eaft v\u00e0 m\u1edf ch\u1ebf \u0111\u1ed9 v\u1eaby tay\/ c\u1ea3m \u1ee9ng.<\/li>\n<li>C\u00f4ng su\u1ea5t h\u00fat 1100m3\/h gi\u00fap h\u00fat m\u00f9i nhanh ch\u00f3ng.<\/li>\n<li>Ch\u1ee9c n\u0103ng h\u1eb9n gi\u1edd l\u00ean \u0111\u1ebfn 3 ph\u00fat.<\/li>\n<li>\u0110\u1ed9ng c\u01a1 Motor Turbo Boostec si\u00eau kh\u1ecfe.<\/li>\n<li>V\u1eadn h\u00e0nh \u00eam \u00e1i v\u1edbi \u0111\u1ed9 \u1ed3n t\u1ed1i \u0111a 48dB t\u01b0\u01a1ng \u0111\u01b0\u01a1ng ti\u1ebfng th\u00ec th\u1ea7m kh\u00f4ng g\u00e2y \u1ea3nh h\u01b0\u1edfng sinh ho\u1ea1t.<\/li>\n<li>L\u01b0\u1edbi l\u1ecdc d\u1ea7u m\u1ee1 b\u1eb1ng nh\u00f4m b\u1ec1n ch\u1eafc d\u1ec5 th\u00e1o l\u1eafp v\u00e0 v\u1ec7 sinh khi c\u1ea7n.<\/li>\n<li>\u0110\u00e8n Led chi\u1ebfu s\u00e1ng h\u1ed7 tr\u1ee3 cung c\u1ea5p \u00e1nh s\u00e1ng khi n\u1ea5u \u0103n.<\/li>\n<li>Thi\u1ebft k\u1ebf m\u1eb7t k\u00ednh sang tr\u1ecdng chi\u1ec1u ngang 90cm ph\u00f9 h\u1ee3p kh\u00f4ng gian b\u1ebfp r\u1ed9ng.<\/li>\n<\/ul>\n<h3>Th\u00f4ng s\u1ed1 k\u1ef9 thu\u1eadt<\/h3>\n<ul>\n<li>C\u00f4ng su\u1ea5t h\u00fat: 1100 m3\/gi\u1edd<\/li>\n<li>S\u1ed1 qu\u1ea1t h\u00fat: \u0110\u1ed9ng c\u01a1 \u0111\u01a1n tua bin \u0111\u00f4i<\/li>\n<li>T\u1ed1c \u0111\u1ed9 h\u00fat: 3 t\u1ed1c \u0111\u1ed9<\/li>\n<li>C\u00f4ng su\u1ea5t ho\u1ea1t \u0111\u1ed9ng: 180W<\/li>\n<li>\u0110\u1ed9 \u1ed3n t\u1ed1i \u0111a: 48 dB<\/li>\n<li>\u0110\u00e8n chi\u1ebfu s\u00e1ng: \u0110\u00e8n LED<\/li>\n<li>Ch\u1ea5t li\u1ec7u l\u01b0\u1edbi l\u1ecdc: Inox &amp; Nh\u00f4m + Than ho\u1ea1t t\u00ednh<\/li>\n<li>B\u1ea3ng \u0111i\u1ec1u khi\u1ec3n: C\u1ea3m \u1ee9ng c\u00f3 m\u00e0n h\u00ecnh hi\u1ec3n th\u1ecb<\/li>\n<li>\u0110\u01b0\u1eddng k\u00ednh \u1ed1ng tho\u00e1t kh\u00ed: 15 cm<\/li>\n<li>K\u00edch th\u01b0\u1edbc, kh\u1ed1i l\u01b0\u1ee3ng: 700mm<\/li>\n<\/ul>\n<figure id=\"attachment_7980\" aria-describedby=\"caption-attachment-7980\" style=\"width: 900px\" class=\"wp-caption alignnone\"><img loading=\"lazy\" decoding=\"async\" class=\"wp-image-7980 size-full\" src=\"https:\/\/livinghome.vn\/thiet-bi\/wp-content\/uploads\/nha-bep\/pramie\/may-hut-mui\/may-hut-mui-pramie-tt32-700-air\/may-hut-mui-pramie-tt32-700-air-2.jpg\" alt=\"M\u00e1y h\u00fat m\u00f9i Pramie TT32 700\" width=\"900\" height=\"900\" title=\"\" srcset=\"https:\/\/livinghome.vn\/thiet-bi\/wp-content\/uploads\/nha-bep\/pramie\/may-hut-mui\/may-hut-mui-pramie-tt32-700-air\/may-hut-mui-pramie-tt32-700-air-2.jpg 900w, https:\/\/livinghome.vn\/thiet-bi\/wp-content\/uploads\/nha-bep\/pramie\/may-hut-mui\/may-hut-mui-pramie-tt32-700-air\/may-hut-mui-pramie-tt32-700-air-2-300x300.jpg 300w, https:\/\/livinghome.vn\/thiet-bi\/wp-content\/uploads\/nha-bep\/pramie\/may-hut-mui\/may-hut-mui-pramie-tt32-700-air\/may-hut-mui-pramie-tt32-700-air-2-100x100.jpg 100w, https:\/\/livinghome.vn\/thiet-bi\/wp-content\/uploads\/nha-bep\/pramie\/may-hut-mui\/may-hut-mui-pramie-tt32-700-air\/may-hut-mui-pramie-tt32-700-air-2-600x600.jpg 600w, https:\/\/livinghome.vn\/thiet-bi\/wp-content\/uploads\/nha-bep\/pramie\/may-hut-mui\/may-hut-mui-pramie-tt32-700-air\/may-hut-mui-pramie-tt32-700-air-2-400x400.jpg 400w, https:\/\/livinghome.vn\/thiet-bi\/wp-content\/uploads\/nha-bep\/pramie\/may-hut-mui\/may-hut-mui-pramie-tt32-700-air\/may-hut-mui-pramie-tt32-700-air-2-800x800.jpg 800w, https:\/\/livinghome.vn\/thiet-bi\/wp-content\/uploads\/nha-bep\/pramie\/may-hut-mui\/may-hut-mui-pramie-tt32-700-air\/may-hut-mui-pramie-tt32-700-air-2-280x280.jpg 280w, https:\/\/livinghome.vn\/thiet-bi\/wp-content\/uploads\/nha-bep\/pramie\/may-hut-mui\/may-hut-mui-pramie-tt32-700-air\/may-hut-mui-pramie-tt32-700-air-2-768x768.jpg 768w\" sizes=\"auto, (max-width: 900px) 100vw, 900px\" \/><figcaption id=\"caption-attachment-7980\" class=\"wp-caption-text\">M\u00e1y h\u00fat m\u00f9i Pramie TT32 700<\/figcaption><\/figure>\n<p>M\u00e1y h\u00fat m\u00f9i Pramie TT32-700 l\u00e0 gi\u1ea3i ph\u00e1p th\u00f4ng minh x\u1eed l\u00fd kh\u00f3i v\u00e0 m\u00f9i trong gian b\u1ebfp k\u00edn, \u0111\u1ea3m b\u1ea3o kh\u00f4ng gian s\u1ed1ng trong l\u00e0nh, th\u00f4ng tho\u00e1ng, d\u1ec5 ch\u1ecbu cho gia \u0111\u00ecnh.<\/p>\n<h3>Xu\u1ea5t x\u1ee9: Th\u00e1i Lan<\/h3>\n<div><\/div>\n","protected":false},"excerpt":{"rendered":"<p style=\"text-align: center;\">C\u00f4ng ngh\u1ec7 v\u1eaby tay kh\u00f4ng ch\u1ea1m Air Swiper<br \/>\n\u0110i\u1ec1u khi\u1ec3n c\u1ea3m \u1ee9ng Control Touch th\u00f4ng minh<br \/>\nH\u1ec7 th\u1ed1ng chi\u1ebfu s\u00e1ng 2 \u0111\u00e8n LED<br \/>\nPhin l\u1ecdc d\u1ec5 d\u00e0ng v\u1ec7 sinh<br \/>\nCh\u1ebf \u0111\u1ed9 kh\u1eed m\u00f9i tr\u1ef1c ti\u1ebfp ho\u1eb7c qua than ho\u1ea1t t\u00ednh<br \/>\nMotor turbo si\u00eau kh\u1ecfe<\/p>\n","protected":false},"featured_media":22467,"comment_status":"open","ping_status":"closed","template":"","meta":[],"product_brand":[],"product_cat":[84,89,593,585],"product_tag":[197,86,91,594,588],"class_list":{"0":"post-7976","1":"product","2":"type-product","3":"status-publish","4":"has-post-thumbnail","6":"product_cat-may-hut-mui","7":"product_cat-may-hut-mui-gan-tuong","8":"product_cat-may-hut-mui-pramie","9":"product_cat-thuong-hieu-pramie","10":"product_tag-may-hut-ap-tuong","11":"product_tag-may-hut-mui","12":"product_tag-may-hut-mui-ap-tuong","13":"product_tag-may-hut-mui-pramie","14":"product_tag-pramie","16":"first","17":"instock","18":"sale","19":"shipping-taxable","20":"purchasable","21":"product-type-simple"},"_links":{"self":[{"href":"https:\/\/livinghome.vn\/thiet-bi\/wp-json\/wp\/v2\/product\/7976","targetHints":{"allow":["GET"]}}],"collection":[{"href":"https:\/\/livinghome.vn\/thiet-bi\/wp-json\/wp\/v2\/product"}],"about":[{"href":"https:\/\/livinghome.vn\/thiet-bi\/wp-json\/wp\/v2\/types\/product"}],"replies":[{"embeddable":true,"href":"https:\/\/livinghome.vn\/thiet-bi\/wp-json\/wp\/v2\/comments?post=7976"}],"wp:featuredmedia":[{"embeddable":true,"href":"https:\/\/livinghome.vn\/thiet-bi\/wp-json\/wp\/v2\/media\/22467"}],"wp:attachment":[{"href":"https:\/\/livinghome.vn\/thiet-bi\/wp-json\/wp\/v2\/media?parent=7976"}],"wp:term":[{"taxonomy":"product_brand","embeddable":true,"href":"https:\/\/livinghome.vn\/thiet-bi\/wp-json\/wp\/v2\/product_brand?post=7976"},{"taxonomy":"product_cat","embeddable":true,"href":"https:\/\/livinghome.vn\/thiet-bi\/wp-json\/wp\/v2\/product_cat?post=7976"},{"taxonomy":"product_tag","embeddable":true,"href":"https:\/\/livinghome.vn\/thiet-bi\/wp-json\/wp\/v2\/product_tag?post=7976"}],"curies":[{"name":"wp","href":"https:\/\/api.w.org\/{rel}","templated":true}]}}